{"id":296703,"date":"2022-08-16T12:33:53","date_gmt":"2022-08-16T09:33:53","guid":{"rendered":"https:\/\/mmkserviss.lv\/?post_type=product&#038;p=296703"},"modified":"2026-03-27T12:32:23","modified_gmt":"2026-03-27T10:32:23","slug":"225-50r19-goodyear-ultra-grip-performace-suv-100v-xl","status":"publish","type":"product","link":"https:\/\/mmkriepas.lv\/en\/p\/225-50r19-goodyear-ultra-grip-performace-suv-100v-xl\/","title":{"rendered":"225\/50R19 Goodyear UltraGrip Performance+ SUV 100V XL FP"},"content":{"rendered":"<p><b><span style=\"font-family: 'Arial',sans-serif;\">Goodyear UltraGrip Performance +<\/span><\/b><span style=\"font-family: 'Arial',sans-serif;\">\u00a0ir viens no lab\u0101kajiem Skandin\u0101vijas tipa ziemas riepu mode\u013ciem pasaul\u0113. Izce\u013cas ar lielisku sa\u0137eri pat skarb\u0101kajos ziemas brauk\u0161anas apst\u0101k\u013cos, k\u0101 ar\u012b paaugstin\u0101tu nodilumiztur\u012bbu un brauk\u0161anas komfortu.<o:p><\/o:p><\/span><\/p>\n<h3><span style=\"font-family: 'Arial',sans-serif;\">Goodyear UltraGrip Performance + galven\u0101s iez\u012bmes:<o:p><\/o:p><\/span><\/h3>\n<p><span style=\"font-family: 'Arial',sans-serif;\">+ palielin\u0101ts bloku skaits protektora centr\u0101laj\u0101 da\u013c\u0101 uzlabo sa\u0137eri ar sniegotiem ce\u013ciem; <o:p><\/o:p><\/span><\/p>\n<p><span style=\"font-family: 'Arial',sans-serif;\">+ paaugstin\u0101tu virziena stabilit\u0101ti uz visiem ziemas ce\u013ciem nodro\u0161ina optimiz\u0113ts protektora centra dizains; <o:p><\/o:p><\/span><\/p>\n<p><span style=\"font-family: 'Arial',sans-serif;\">+ vair\u0101ki t\u016bksto\u0161i 3D lame\u013cu nodro\u0161ina riepai lieliskas vad\u0101m\u012bbas un sa\u0137eres \u012bpa\u0161\u012bbas uz apledoju\u0161a un slapja ce\u013ca; <o:p><\/o:p><\/span><\/p>\n<p><span style=\"font-family: 'Arial',sans-serif;\">+ daudzas garenisk\u0101s rievas plecu zon\u0101s un protektora centr\u0101laj\u0101 da\u013c\u0101 palielina riepas stabilit\u0101ti manevr\u0113\u0161anas un pagriezienu laik\u0101; <o:p><\/o:p><\/span><\/p>\n<p><span style=\"font-family: 'Arial',sans-serif;\">+ \u012bpa\u0161s indikators &#8220;sniegp\u0101rsli\u0146as&#8221; form\u0101, kas atrodas centr\u0101laj\u0101 da\u013c\u0101, savlaic\u012bgi br\u012bdina par p\u0101rm\u0113r\u012bgu protektora nodilumu un nepiecie\u0161am\u012bbu riepas main\u012bt;<o:p><\/o:p><\/span><\/p>\n<h3><span style=\"font-family: 'Arial',sans-serif;\">UltraGrip Performance + apr\u012bkojums<o:p><\/o:p><\/span><\/h3>\n<p><b><span style=\"font-family: 'Arial',sans-serif;\">Goodyear UltraGrip Performance + <\/span><\/b><span style=\"font-family: 'Arial',sans-serif;\">apr\u012bkotas ar V-Tread virzienveida protektora dizainu, kam ieviesta virkne jaunin\u0101jumu. Galvenais jaunin\u0101jums ir riepas centr\u0101l\u0101s da\u013cas dizains, kam rakstur\u012bgs liels bloku skaits, kas daudz lab\u0101k veido sa\u0137eri ar sniegu. Palielin\u0101t protektroa bloku skaitu izdevies, samazinot to izm\u0113ru.\u00a0 Simetriski izvietotajos protektora blokos izvietoti neskait\u0101mi t\u016bksto\u0161i 3D lame\u013cu, kas, saskarsm\u0113 ar brauktuvi atveras, veidojot papildus sa\u0137eres kantes. \u0160\u0101ds risin\u0101jums \u013c\u0101vis b\u016btiski uzlabot riepu veiktsp\u0113ju uz ledus.<\/span><\/p>\n","protected":false},"excerpt":{"rendered":"<p><strong>Goodyear UltraGrip Performance +<\/strong>\u00a0ir viens no lab\u0101kajiem Skandin\u0101vijas tipa ziemas riepu mode\u013ciem pasaul\u0113. Izce\u013cas ar lielisku sa\u0137eri pat skarb\u0101kajos ziemas brauk\u0161anas apst\u0101k\u013cos, k\u0101 ar\u012b paaugstin\u0101tu nodilumiztur\u012bbu un brauk\u0161anas komfortu<\/p>\n","protected":false},"featured_media":1156935,"template":"","meta":{"_acf_changed":false,"ngg_post_thumbnail":0},"product_brand":[],"product_cat":[47,45],"product_tag":[],"class_list":{"0":"post-296703","1":"product","2":"type-product","3":"status-publish","4":"has-post-thumbnail","6":"product_cat-vissezonas-riepas","7":"product_cat-ziemas-riepas","9":"first","10":"instock","11":"sale","12":"taxable","13":"shipping-taxable","14":"purchasable","15":"product-type-simple"},"acf":[],"yoast_head":"<!-- This site is optimized with the Yoast SEO Premium plugin v22.6 (Yoast SEO v27.3) - https:\/\/yoast.com\/product\/yoast-seo-premium-wordpress\/ -->\n<title>225\/50R19 Goodyear UltraGrip Performance+ SUV 100V XL FP &#8226; MMK Riepas<\/title>\n<meta name=\"robots\" content=\"index, follow, max-snippet:-1, max-image-preview:large, max-video-preview:-1\" \/>\n<link rel=\"canonical\" href=\"https:\/\/mmkriepas.lv\/en\/p\/225-50r19-goodyear-ultra-grip-performace-suv-100v-xl\/\" \/>\n<meta property=\"og:locale\" content=\"en_US\" \/>\n<meta property=\"og:type\" content=\"article\" \/>\n<meta property=\"og:title\" content=\"225\/50R19 Goodyear UltraGrip Performance+ SUV 100V XL FP\" \/>\n<meta property=\"og:description\" content=\"Goodyear UltraGrip Performance +\u00a0ir viens no lab\u0101kajiem Skandin\u0101vijas tipa ziemas riepu mode\u013ciem pasaul\u0113. Izce\u013cas ar lielisku sa\u0137eri pat skarb\u0101kajos ziemas brauk\u0161anas apst\u0101k\u013cos, k\u0101 ar\u012b paaugstin\u0101tu nodilumiztur\u012bbu un brauk\u0161anas komfortu\" \/>\n<meta property=\"og:url\" content=\"https:\/\/mmkriepas.lv\/en\/p\/225-50r19-goodyear-ultra-grip-performace-suv-100v-xl\/\" \/>\n<meta property=\"og:site_name\" content=\"MMK Riepas\" \/>\n<meta property=\"article:publisher\" content=\"https:\/\/www.facebook.com\/mmkserviss\/\" \/>\n<meta property=\"article:modified_time\" content=\"2026-03-27T10:32:23+00:00\" \/>\n<meta property=\"og:image\" content=\"https:\/\/mmkriepas.lv\/wp-content\/uploads\/2025\/01\/21555r17-goodyear-ultragrip-performance-98v-xl-ziemas-riepas.jpg\" \/>\n\t<meta property=\"og:image:width\" content=\"900\" \/>\n\t<meta property=\"og:image:height\" content=\"720\" \/>\n\t<meta property=\"og:image:type\" content=\"image\/jpeg\" \/>\n<meta name=\"twitter:card\" content=\"summary_large_image\" \/>\n<meta name=\"twitter:label1\" content=\"Price\" \/>\n\t<meta name=\"twitter:data1\" content=\"&euro;263.00\" \/>\n\t<meta name=\"twitter:label2\" content=\"Availability\" \/>\n\t<meta name=\"twitter:data2\" content=\"In stock\" \/>\n<script type=\"application\/ld+json\" class=\"yoast-schema-graph\">{\"@context\":\"https:\\\/\\\/schema.org\",\"@graph\":[{\"@type\":\"WebPage\",\"@id\":\"https:\\\/\\\/mmkriepas.lv\\\/en\\\/p\\\/225-50r19-goodyear-ultra-grip-performace-suv-100v-xl\\\/\",\"url\":\"https:\\\/\\\/mmkriepas.lv\\\/en\\\/p\\\/225-50r19-goodyear-ultra-grip-performace-suv-100v-xl\\\/\",\"name\":\"225\\\/50R19 Goodyear UltraGrip Performance+ SUV 100V XL FP &#8226; MMK Riepas\",\"isPartOf\":{\"@id\":\"https:\\\/\\\/mmkriepas.lv\\\/en\\\/#website\"},\"primaryImageOfPage\":{\"@id\":\"https:\\\/\\\/mmkriepas.lv\\\/en\\\/p\\\/225-50r19-goodyear-ultra-grip-performace-suv-100v-xl\\\/#primaryimage\"},\"image\":{\"@id\":\"https:\\\/\\\/mmkriepas.lv\\\/en\\\/p\\\/225-50r19-goodyear-ultra-grip-performace-suv-100v-xl\\\/#primaryimage\"},\"thumbnailUrl\":\"https:\\\/\\\/mmkriepas.lv\\\/wp-content\\\/uploads\\\/2025\\\/01\\\/21555r17-goodyear-ultragrip-performance-98v-xl-ziemas-riepas.jpg\",\"datePublished\":\"2022-08-16T09:33:53+00:00\",\"dateModified\":\"2026-03-27T10:32:23+00:00\",\"breadcrumb\":{\"@id\":\"https:\\\/\\\/mmkriepas.lv\\\/en\\\/p\\\/225-50r19-goodyear-ultra-grip-performace-suv-100v-xl\\\/#breadcrumb\"},\"inLanguage\":\"en-US\",\"potentialAction\":[{\"@type\":\"ReadAction\",\"target\":[\"https:\\\/\\\/mmkriepas.lv\\\/en\\\/p\\\/225-50r19-goodyear-ultra-grip-performace-suv-100v-xl\\\/\"]}]},{\"@type\":\"ImageObject\",\"inLanguage\":\"en-US\",\"@id\":\"https:\\\/\\\/mmkriepas.lv\\\/en\\\/p\\\/225-50r19-goodyear-ultra-grip-performace-suv-100v-xl\\\/#primaryimage\",\"url\":\"https:\\\/\\\/mmkriepas.lv\\\/wp-content\\\/uploads\\\/2025\\\/01\\\/21555r17-goodyear-ultragrip-performance-98v-xl-ziemas-riepas.jpg\",\"contentUrl\":\"https:\\\/\\\/mmkriepas.lv\\\/wp-content\\\/uploads\\\/2025\\\/01\\\/21555r17-goodyear-ultragrip-performance-98v-xl-ziemas-riepas.jpg\",\"width\":900,\"height\":720,\"caption\":\"MAIN\"},{\"@type\":\"BreadcrumbList\",\"@id\":\"https:\\\/\\\/mmkriepas.lv\\\/en\\\/p\\\/225-50r19-goodyear-ultra-grip-performace-suv-100v-xl\\\/#breadcrumb\",\"itemListElement\":[{\"@type\":\"ListItem\",\"position\":1,\"name\":\"S\u0101kums\",\"item\":\"https:\\\/\\\/mmkriepas.lv\\\/en\\\/\"},{\"@type\":\"ListItem\",\"position\":2,\"name\":\"225\\\/50R19 Goodyear UltraGrip Performance+ SUV 100V XL FP\"}]},{\"@type\":\"WebSite\",\"@id\":\"https:\\\/\\\/mmkriepas.lv\\\/en\\\/#website\",\"url\":\"https:\\\/\\\/mmkriepas.lv\\\/en\\\/\",\"name\":\"MMK Riepas\",\"description\":\"MMK Riepas\",\"alternateName\":\"MMK Riepu Serviss\",\"potentialAction\":[{\"@type\":\"SearchAction\",\"target\":{\"@type\":\"EntryPoint\",\"urlTemplate\":\"https:\\\/\\\/mmkriepas.lv\\\/en\\\/?s={search_term_string}\"},\"query-input\":{\"@type\":\"PropertyValueSpecification\",\"valueRequired\":true,\"valueName\":\"search_term_string\"}}],\"inLanguage\":\"en-US\"},{\"@type\":\"ImageObject\",\"inLanguage\":\"en-US\",\"@id\":\"https:\\\/\\\/mmkriepas.lv\\\/en\\\/p\\\/225-50r19-goodyear-ultra-grip-performace-suv-100v-xl\\\/#local-main-organization-logo\",\"url\":\"\",\"contentUrl\":\"\",\"caption\":\"MMK Riepas\"}]}<\/script>\n<meta property=\"product:brand\" content=\"Goodyear UltraGrip Performance+\" \/>\n<meta property=\"product:price:amount\" content=\"263.00\" \/>\n<meta property=\"product:price:currency\" content=\"EUR\" \/>\n<meta property=\"og:availability\" content=\"instock\" \/>\n<meta property=\"product:availability\" content=\"instock\" \/>\n<meta property=\"product:retailer_item_id\" content=\"TW2255019GOODY-L8177\" \/>\n<meta property=\"product:condition\" content=\"new\" \/>\n<!-- \/ Yoast SEO Premium plugin. -->","yoast_head_json":{"title":"225\/50R19 Goodyear UltraGrip Performance+ SUV 100V XL FP &#8226; MMK Riepas","robots":{"index":"index","follow":"follow","max-snippet":"max-snippet:-1","max-image-preview":"max-image-preview:large","max-video-preview":"max-video-preview:-1"},"canonical":"https:\/\/mmkriepas.lv\/en\/p\/225-50r19-goodyear-ultra-grip-performace-suv-100v-xl\/","og_locale":"en_US","og_type":"article","og_title":"225\/50R19 Goodyear UltraGrip Performance+ SUV 100V XL FP","og_description":"Goodyear UltraGrip Performance +\u00a0ir viens no lab\u0101kajiem Skandin\u0101vijas tipa ziemas riepu mode\u013ciem pasaul\u0113. Izce\u013cas ar lielisku sa\u0137eri pat skarb\u0101kajos ziemas brauk\u0161anas apst\u0101k\u013cos, k\u0101 ar\u012b paaugstin\u0101tu nodilumiztur\u012bbu un brauk\u0161anas komfortu","og_url":"https:\/\/mmkriepas.lv\/en\/p\/225-50r19-goodyear-ultra-grip-performace-suv-100v-xl\/","og_site_name":"MMK Riepas","article_publisher":"https:\/\/www.facebook.com\/mmkserviss\/","article_modified_time":"2026-03-27T10:32:23+00:00","og_image":[{"width":900,"height":720,"url":"https:\/\/mmkriepas.lv\/wp-content\/uploads\/2025\/01\/21555r17-goodyear-ultragrip-performance-98v-xl-ziemas-riepas.jpg","type":"image\/jpeg"}],"twitter_card":"summary_large_image","twitter_misc":{"Price":"&euro;263.00","Availability":"In stock"},"schema":{"@context":"https:\/\/schema.org","@graph":[{"@type":"WebPage","@id":"https:\/\/mmkriepas.lv\/en\/p\/225-50r19-goodyear-ultra-grip-performace-suv-100v-xl\/","url":"https:\/\/mmkriepas.lv\/en\/p\/225-50r19-goodyear-ultra-grip-performace-suv-100v-xl\/","name":"225\/50R19 Goodyear UltraGrip Performance+ SUV 100V XL FP &#8226; MMK Riepas","isPartOf":{"@id":"https:\/\/mmkriepas.lv\/en\/#website"},"primaryImageOfPage":{"@id":"https:\/\/mmkriepas.lv\/en\/p\/225-50r19-goodyear-ultra-grip-performace-suv-100v-xl\/#primaryimage"},"image":{"@id":"https:\/\/mmkriepas.lv\/en\/p\/225-50r19-goodyear-ultra-grip-performace-suv-100v-xl\/#primaryimage"},"thumbnailUrl":"https:\/\/mmkriepas.lv\/wp-content\/uploads\/2025\/01\/21555r17-goodyear-ultragrip-performance-98v-xl-ziemas-riepas.jpg","datePublished":"2022-08-16T09:33:53+00:00","dateModified":"2026-03-27T10:32:23+00:00","breadcrumb":{"@id":"https:\/\/mmkriepas.lv\/en\/p\/225-50r19-goodyear-ultra-grip-performace-suv-100v-xl\/#breadcrumb"},"inLanguage":"en-US","potentialAction":[{"@type":"ReadAction","target":["https:\/\/mmkriepas.lv\/en\/p\/225-50r19-goodyear-ultra-grip-performace-suv-100v-xl\/"]}]},{"@type":"ImageObject","inLanguage":"en-US","@id":"https:\/\/mmkriepas.lv\/en\/p\/225-50r19-goodyear-ultra-grip-performace-suv-100v-xl\/#primaryimage","url":"https:\/\/mmkriepas.lv\/wp-content\/uploads\/2025\/01\/21555r17-goodyear-ultragrip-performance-98v-xl-ziemas-riepas.jpg","contentUrl":"https:\/\/mmkriepas.lv\/wp-content\/uploads\/2025\/01\/21555r17-goodyear-ultragrip-performance-98v-xl-ziemas-riepas.jpg","width":900,"height":720,"caption":"MAIN"},{"@type":"BreadcrumbList","@id":"https:\/\/mmkriepas.lv\/en\/p\/225-50r19-goodyear-ultra-grip-performace-suv-100v-xl\/#breadcrumb","itemListElement":[{"@type":"ListItem","position":1,"name":"S\u0101kums","item":"https:\/\/mmkriepas.lv\/en\/"},{"@type":"ListItem","position":2,"name":"225\/50R19 Goodyear UltraGrip Performance+ SUV 100V XL FP"}]},{"@type":"WebSite","@id":"https:\/\/mmkriepas.lv\/en\/#website","url":"https:\/\/mmkriepas.lv\/en\/","name":"MMK Riepas","description":"MMK Riepas","alternateName":"MMK Riepu Serviss","potentialAction":[{"@type":"SearchAction","target":{"@type":"EntryPoint","urlTemplate":"https:\/\/mmkriepas.lv\/en\/?s={search_term_string}"},"query-input":{"@type":"PropertyValueSpecification","valueRequired":true,"valueName":"search_term_string"}}],"inLanguage":"en-US"},{"@type":"ImageObject","inLanguage":"en-US","@id":"https:\/\/mmkriepas.lv\/en\/p\/225-50r19-goodyear-ultra-grip-performace-suv-100v-xl\/#local-main-organization-logo","url":"","contentUrl":"","caption":"MMK Riepas"}]},"product_brand":"Goodyear UltraGrip Performance+","product_price_amount":"263.00","product_price_currency":"EUR","og_availability":"instock","product_availability":"instock","product_retailer_item_id":"TW2255019GOODY-L8177","product_condition":"new"},"_links":{"self":[{"href":"https:\/\/mmkriepas.lv\/en\/wp-json\/wp\/v2\/product\/296703","targetHints":{"allow":["GET"]}}],"collection":[{"href":"https:\/\/mmkriepas.lv\/en\/wp-json\/wp\/v2\/product"}],"about":[{"href":"https:\/\/mmkriepas.lv\/en\/wp-json\/wp\/v2\/types\/product"}],"wp:featuredmedia":[{"embeddable":true,"href":"https:\/\/mmkriepas.lv\/en\/wp-json\/wp\/v2\/media\/1156935"}],"wp:attachment":[{"href":"https:\/\/mmkriepas.lv\/en\/wp-json\/wp\/v2\/media?parent=296703"}],"wp:term":[{"taxonomy":"product_brand","embeddable":true,"href":"https:\/\/mmkriepas.lv\/en\/wp-json\/wp\/v2\/product_brand?post=296703"},{"taxonomy":"product_cat","embeddable":true,"href":"https:\/\/mmkriepas.lv\/en\/wp-json\/wp\/v2\/product_cat?post=296703"},{"taxonomy":"product_tag","embeddable":true,"href":"https:\/\/mmkriepas.lv\/en\/wp-json\/wp\/v2\/product_tag?post=296703"}],"curies":[{"name":"wp","href":"https:\/\/api.w.org\/{rel}","templated":true}]}}