{"id":296278,"date":"2022-08-16T12:12:36","date_gmt":"2022-08-16T09:12:36","guid":{"rendered":"https:\/\/mmkserviss.lv\/?post_type=product&#038;p=296278"},"modified":"2026-03-27T12:31:46","modified_gmt":"2026-03-27T10:31:46","slug":"215-55r18-goodyear-ultragrip-ice-suv-gen-1-99t-xl","status":"publish","type":"product","link":"https:\/\/mmkriepas.lv\/en\/p\/215-55r18-goodyear-ultragrip-ice-suv-gen-1-99t-xl\/","title":{"rendered":"215\/55R18 Goodyear UltraGrip Ice SUV Gen-1 99T XL"},"content":{"rendered":"<p><strong><span style=\"font-family: 'Arial',sans-serif;\">Goodyear UltraGrip Ice SUV Gen-1 <\/span><\/strong><span style=\"font-family: 'Arial',sans-serif;\">ir augst\u0101k\u0101s kvalit\u0101tes jeb Premium klases ziemas riepu modelis. Tas izce\u013cas ar izciliem sa\u0137eres un manevr\u0113tsp\u0113jas r\u0101d\u012bt\u0101jiem <b>gan uz sausa un slapja asfalta, gan snieg\u0101, k\u0101 ar\u012b ar izteiktu komforta l\u012bmeni cauru gadu. <\/b>Modelis izstr\u0101d\u0101ts luksus klases apvidus automa\u0161\u012bn\u0101m jeb SUV un pieejams izm\u0113ru kl\u0101st\u0101 no R16, l\u012bdz pat R21.\u00a0<o:p><\/o:p><\/span><\/p>\n<h3><strong><span style=\"font-family: 'Arial',sans-serif;\">UltraGrip Ice SUV Gen-1<\/span><\/strong><span style=\"font-family: 'Arial',sans-serif;\"> galven\u0101s iez\u012bmes<o:p><\/o:p><\/span><\/h3>\n<p><span style=\"font-family: 'Arial',sans-serif;\">+ Izili sa\u0137eres un manevr\u0113tsp\u0113jas r\u0101d\u012bt\u0101ji gan uz sausa un slapja asfalta, gan ar\u012b snieg\u0101.<o:p><\/o:p><\/span><\/p>\n<p><span style=\"font-family: 'Arial',sans-serif;\">+ Zems akvaplan\u0113\u0161anas risks.<o:p><\/o:p><\/span><\/p>\n<p><span style=\"font-family: 'Arial',sans-serif;\">+ Jaun\u0101k\u0101s Goodyear tehnolo\u0123ijas.<o:p><\/o:p><\/span><\/p>\n<p><span style=\"font-family: 'Arial',sans-serif;\">+ Zems degvielas pat\u0113ri\u0146\u0161.<o:p><\/o:p><\/span><\/p>\n<p><span style=\"font-family: 'Arial',sans-serif;\">+ Izteikts akustiskais un brauk\u0161anas gaitas komforts.<o:p><\/o:p><\/span><\/p>\n<p><span style=\"font-family: 'Arial',sans-serif;\">+ Augsta nodilumiztur\u012bba.<o:p><\/o:p><\/span><\/p>\n<p><span style=\"font-family: 'Arial',sans-serif;\">+ Modelis izstr\u0101d\u0101ts \u012bpa\u0161i apvidus automa\u0161\u012bn\u0101m jeb SUV.\u00a0<o:p><\/o:p><\/span><\/p>\n<h3><strong><span style=\"font-family: 'Arial',sans-serif;\">UltraGrip Ice SUV Gen-1<\/span><\/strong><span style=\"font-family: 'Arial',sans-serif;\"> apr\u012bkojums<o:p><\/o:p><\/span><\/h3>\n<p><strong><span style=\"font-family: 'Arial',sans-serif;\">Goodyear UltraGrip Ice SUV Gen-1<\/span><\/strong><b><span style=\"font-family: 'Arial',sans-serif;\"> <\/span><\/b><span style=\"font-family: 'Arial',sans-serif;\">ziemas riepu modelis apr\u012bkots ar klasisku simetrisko protektora rakstu. \u0160\u0101ds dizains izv\u0113l\u0113ts, jo tam piem\u012bt augst\u0101ka veiktsp\u0113ja dzi\u013c\u0101 snieg\u0101 un slapjdra\u0146k\u012b.\u00a0<o:p><\/o:p><\/span><\/p>\n<p><span style=\"font-family: 'Arial',sans-serif;\">Mas\u012bvie, V-veid\u0101 izvietotie protektora bloki bru\u0146oti ar Goodyear 3D tehnolo\u0123ijas lamel\u0113m. T\u0101s, darbojoties l\u012bdz\u012bgi radz\u0113m, ar as\u0101m kant\u0113m iec\u0113rtas led\u016b un sabliet\u0113t\u0101 snieg\u0101, uzlabojot sa\u0137eri uz \u0161\u012bm slidenaj\u0101m virsm\u0101m. Turkl\u0101t, \u0161\u012bs lameles savstarp\u0113ji blo\u0137\u0113jas, palielinot sa\u0137eres laukumu un uzlabojot pretizsl\u012bdes \u012bpa\u0161\u012bbas.\u00a0<o:p><\/o:p><\/span><\/p>\n<p><span style=\"font-family: 'Arial',sans-serif;\">Protektors un t\u0101 pamatne izgatavoti no ar ActiveGrip tehnolo\u0123iju uzlabota gumijas sakaus\u0113juma. Gumijai pievienotie elastrom\u0113ri \u013cauj riepai saglab\u0101t elast\u012bbu ar\u012b zem\u0101s gaisa temperat\u016br\u0101s. K\u0101 zin\u0101ms, elast\u012bga riepa daudz lab\u0101k veido sa\u0137eri ar ce\u013cu, k\u0101 ar\u012b dilst vienm\u0113r\u012bg\u0101k.<o:p><\/o:p><\/span><\/p>\n<p><span style=\"font-family: 'Arial',sans-serif;\">Protektora blokos iestr\u0101d\u0101ti sniegp\u0101rslas formas indikatori. Tie \u013cauj prec\u012bzi noteikt protektora atlikumu, kas ir \u012bpa\u0161i svar\u012bgi ziemas m\u0113ne\u0161os.<\/span><\/p>\n","protected":false},"excerpt":{"rendered":"<p><strong><span style=\"font-family: 'Arial',sans-serif;\">Goodyear UltraGrip Ice SUV Gen-1 <\/span><\/strong><span style=\"font-family: 'Arial',sans-serif;\">ir augst\u0101k\u0101s kvalit\u0101tes jeb Premium klases ziemas riepu modelis. Tas izce\u013cas ar izciliem sa\u0137eres un manevr\u0113tsp\u0113jas r\u0101d\u012bt\u0101jiem <b>gan uz sausa un slapja asfalta, gan snieg\u0101, k\u0101 ar\u012b ar izteiktu komforta l\u012bmeni cauru gadu. <\/b>Modelis izstr\u0101d\u0101ts luksus klases apvidus automa\u0161\u012bn\u0101m jeb SUV un pieejams izm\u0113ru kl\u0101st\u0101 no R16, l\u012bdz pat R21.\u00a0<\/span><\/p>\n","protected":false},"featured_media":1134965,"template":"","meta":{"_acf_changed":false,"ngg_post_thumbnail":0},"product_brand":[],"product_cat":[47,45],"product_tag":[],"class_list":{"0":"post-296278","1":"product","2":"type-product","3":"status-publish","4":"has-post-thumbnail","6":"product_cat-vissezonas-riepas","7":"product_cat-ziemas-riepas","9":"first","10":"instock","11":"sale","12":"taxable","13":"shipping-taxable","14":"purchasable","15":"product-type-simple"},"acf":[],"yoast_head":"<!-- This site is optimized with the Yoast SEO Premium plugin v22.6 (Yoast SEO v27.3) - https:\/\/yoast.com\/product\/yoast-seo-premium-wordpress\/ -->\n<title>215\/55R18 Goodyear UltraGrip Ice SUV Gen-1 99T XL &#8226; MMK Riepas<\/title>\n<meta name=\"robots\" content=\"index, follow, max-snippet:-1, max-image-preview:large, max-video-preview:-1\" \/>\n<link rel=\"canonical\" href=\"https:\/\/mmkriepas.lv\/en\/p\/215-55r18-goodyear-ultragrip-ice-suv-gen-1-99t-xl\/\" \/>\n<meta property=\"og:locale\" content=\"en_US\" \/>\n<meta property=\"og:type\" content=\"article\" \/>\n<meta property=\"og:title\" content=\"215\/55R18 Goodyear UltraGrip Ice SUV Gen-1 99T XL\" \/>\n<meta property=\"og:description\" content=\"Goodyear UltraGrip Ice SUV Gen-1 ir augst\u0101k\u0101s kvalit\u0101tes jeb Premium klases ziemas riepu modelis. Tas izce\u013cas ar izciliem sa\u0137eres un manevr\u0113tsp\u0113jas r\u0101d\u012bt\u0101jiem gan uz sausa un slapja asfalta, gan snieg\u0101, k\u0101 ar\u012b ar izteiktu komforta l\u012bmeni cauru gadu. Modelis izstr\u0101d\u0101ts luksus klases apvidus automa\u0161\u012bn\u0101m jeb SUV un pieejams izm\u0113ru kl\u0101st\u0101 no R16, l\u012bdz pat R21.\u00a0\" \/>\n<meta property=\"og:url\" content=\"https:\/\/mmkriepas.lv\/en\/p\/215-55r18-goodyear-ultragrip-ice-suv-gen-1-99t-xl\/\" \/>\n<meta property=\"og:site_name\" content=\"MMK Riepas\" \/>\n<meta property=\"article:publisher\" content=\"https:\/\/www.facebook.com\/mmkserviss\/\" \/>\n<meta property=\"article:modified_time\" content=\"2026-03-27T10:31:46+00:00\" \/>\n<meta property=\"og:image\" content=\"https:\/\/mmkriepas.lv\/wp-content\/uploads\/2024\/11\/22555r19-goodyear-ultragrip-ice-suv-gen-1-103t-xl-dot21-ziemas-riepas.jpg\" \/>\n\t<meta property=\"og:image:width\" content=\"900\" \/>\n\t<meta property=\"og:image:height\" content=\"720\" \/>\n\t<meta property=\"og:image:type\" content=\"image\/jpeg\" \/>\n<meta name=\"twitter:card\" content=\"summary_large_image\" \/>\n<meta name=\"twitter:label1\" content=\"Price\" \/>\n\t<meta name=\"twitter:data1\" content=\"&euro;194.00\" \/>\n\t<meta name=\"twitter:label2\" content=\"Availability\" \/>\n\t<meta name=\"twitter:data2\" content=\"In stock\" \/>\n<script type=\"application\/ld+json\" class=\"yoast-schema-graph\">{\"@context\":\"https:\\\/\\\/schema.org\",\"@graph\":[{\"@type\":\"WebPage\",\"@id\":\"https:\\\/\\\/mmkriepas.lv\\\/en\\\/p\\\/215-55r18-goodyear-ultragrip-ice-suv-gen-1-99t-xl\\\/\",\"url\":\"https:\\\/\\\/mmkriepas.lv\\\/en\\\/p\\\/215-55r18-goodyear-ultragrip-ice-suv-gen-1-99t-xl\\\/\",\"name\":\"215\\\/55R18 Goodyear UltraGrip Ice SUV Gen-1 99T XL &#8226; MMK Riepas\",\"isPartOf\":{\"@id\":\"https:\\\/\\\/mmkriepas.lv\\\/en\\\/#website\"},\"primaryImageOfPage\":{\"@id\":\"https:\\\/\\\/mmkriepas.lv\\\/en\\\/p\\\/215-55r18-goodyear-ultragrip-ice-suv-gen-1-99t-xl\\\/#primaryimage\"},\"image\":{\"@id\":\"https:\\\/\\\/mmkriepas.lv\\\/en\\\/p\\\/215-55r18-goodyear-ultragrip-ice-suv-gen-1-99t-xl\\\/#primaryimage\"},\"thumbnailUrl\":\"https:\\\/\\\/mmkriepas.lv\\\/wp-content\\\/uploads\\\/2024\\\/11\\\/22555r19-goodyear-ultragrip-ice-suv-gen-1-103t-xl-dot21-ziemas-riepas.jpg\",\"datePublished\":\"2022-08-16T09:12:36+00:00\",\"dateModified\":\"2026-03-27T10:31:46+00:00\",\"breadcrumb\":{\"@id\":\"https:\\\/\\\/mmkriepas.lv\\\/en\\\/p\\\/215-55r18-goodyear-ultragrip-ice-suv-gen-1-99t-xl\\\/#breadcrumb\"},\"inLanguage\":\"en-US\",\"potentialAction\":[{\"@type\":\"ReadAction\",\"target\":[\"https:\\\/\\\/mmkriepas.lv\\\/en\\\/p\\\/215-55r18-goodyear-ultragrip-ice-suv-gen-1-99t-xl\\\/\"]}]},{\"@type\":\"ImageObject\",\"inLanguage\":\"en-US\",\"@id\":\"https:\\\/\\\/mmkriepas.lv\\\/en\\\/p\\\/215-55r18-goodyear-ultragrip-ice-suv-gen-1-99t-xl\\\/#primaryimage\",\"url\":\"https:\\\/\\\/mmkriepas.lv\\\/wp-content\\\/uploads\\\/2024\\\/11\\\/22555r19-goodyear-ultragrip-ice-suv-gen-1-103t-xl-dot21-ziemas-riepas.jpg\",\"contentUrl\":\"https:\\\/\\\/mmkriepas.lv\\\/wp-content\\\/uploads\\\/2024\\\/11\\\/22555r19-goodyear-ultragrip-ice-suv-gen-1-103t-xl-dot21-ziemas-riepas.jpg\",\"width\":900,\"height\":720,\"caption\":\"MAIN\"},{\"@type\":\"BreadcrumbList\",\"@id\":\"https:\\\/\\\/mmkriepas.lv\\\/en\\\/p\\\/215-55r18-goodyear-ultragrip-ice-suv-gen-1-99t-xl\\\/#breadcrumb\",\"itemListElement\":[{\"@type\":\"ListItem\",\"position\":1,\"name\":\"S\u0101kums\",\"item\":\"https:\\\/\\\/mmkriepas.lv\\\/en\\\/\"},{\"@type\":\"ListItem\",\"position\":2,\"name\":\"215\\\/55R18 Goodyear UltraGrip Ice SUV Gen-1 99T XL\"}]},{\"@type\":\"WebSite\",\"@id\":\"https:\\\/\\\/mmkriepas.lv\\\/en\\\/#website\",\"url\":\"https:\\\/\\\/mmkriepas.lv\\\/en\\\/\",\"name\":\"MMK Riepas\",\"description\":\"MMK Riepas\",\"alternateName\":\"MMK Riepu Serviss\",\"potentialAction\":[{\"@type\":\"SearchAction\",\"target\":{\"@type\":\"EntryPoint\",\"urlTemplate\":\"https:\\\/\\\/mmkriepas.lv\\\/en\\\/?s={search_term_string}\"},\"query-input\":{\"@type\":\"PropertyValueSpecification\",\"valueRequired\":true,\"valueName\":\"search_term_string\"}}],\"inLanguage\":\"en-US\"},{\"@type\":\"ImageObject\",\"inLanguage\":\"en-US\",\"@id\":\"https:\\\/\\\/mmkriepas.lv\\\/en\\\/p\\\/215-55r18-goodyear-ultragrip-ice-suv-gen-1-99t-xl\\\/#local-main-organization-logo\",\"url\":\"\",\"contentUrl\":\"\",\"caption\":\"MMK Riepas\"}]}<\/script>\n<meta property=\"product:brand\" content=\"Goodyear UltraGrip Ice SUV GEN-1\" \/>\n<meta property=\"product:price:amount\" content=\"194.00\" \/>\n<meta property=\"product:price:currency\" content=\"EUR\" \/>\n<meta property=\"og:availability\" content=\"instock\" \/>\n<meta property=\"product:availability\" content=\"instock\" \/>\n<meta property=\"product:retailer_item_id\" content=\"TW2155518GOODY-L8038\" \/>\n<meta property=\"product:condition\" content=\"new\" \/>\n<!-- \/ Yoast SEO Premium plugin. -->","yoast_head_json":{"title":"215\/55R18 Goodyear UltraGrip Ice SUV Gen-1 99T XL &#8226; MMK Riepas","robots":{"index":"index","follow":"follow","max-snippet":"max-snippet:-1","max-image-preview":"max-image-preview:large","max-video-preview":"max-video-preview:-1"},"canonical":"https:\/\/mmkriepas.lv\/en\/p\/215-55r18-goodyear-ultragrip-ice-suv-gen-1-99t-xl\/","og_locale":"en_US","og_type":"article","og_title":"215\/55R18 Goodyear UltraGrip Ice SUV Gen-1 99T XL","og_description":"Goodyear UltraGrip Ice SUV Gen-1 ir augst\u0101k\u0101s kvalit\u0101tes jeb Premium klases ziemas riepu modelis. Tas izce\u013cas ar izciliem sa\u0137eres un manevr\u0113tsp\u0113jas r\u0101d\u012bt\u0101jiem gan uz sausa un slapja asfalta, gan snieg\u0101, k\u0101 ar\u012b ar izteiktu komforta l\u012bmeni cauru gadu. Modelis izstr\u0101d\u0101ts luksus klases apvidus automa\u0161\u012bn\u0101m jeb SUV un pieejams izm\u0113ru kl\u0101st\u0101 no R16, l\u012bdz pat R21.\u00a0","og_url":"https:\/\/mmkriepas.lv\/en\/p\/215-55r18-goodyear-ultragrip-ice-suv-gen-1-99t-xl\/","og_site_name":"MMK Riepas","article_publisher":"https:\/\/www.facebook.com\/mmkserviss\/","article_modified_time":"2026-03-27T10:31:46+00:00","og_image":[{"width":900,"height":720,"url":"https:\/\/mmkriepas.lv\/wp-content\/uploads\/2024\/11\/22555r19-goodyear-ultragrip-ice-suv-gen-1-103t-xl-dot21-ziemas-riepas.jpg","type":"image\/jpeg"}],"twitter_card":"summary_large_image","twitter_misc":{"Price":"&euro;194.00","Availability":"In stock"},"schema":{"@context":"https:\/\/schema.org","@graph":[{"@type":"WebPage","@id":"https:\/\/mmkriepas.lv\/en\/p\/215-55r18-goodyear-ultragrip-ice-suv-gen-1-99t-xl\/","url":"https:\/\/mmkriepas.lv\/en\/p\/215-55r18-goodyear-ultragrip-ice-suv-gen-1-99t-xl\/","name":"215\/55R18 Goodyear UltraGrip Ice SUV Gen-1 99T XL &#8226; MMK Riepas","isPartOf":{"@id":"https:\/\/mmkriepas.lv\/en\/#website"},"primaryImageOfPage":{"@id":"https:\/\/mmkriepas.lv\/en\/p\/215-55r18-goodyear-ultragrip-ice-suv-gen-1-99t-xl\/#primaryimage"},"image":{"@id":"https:\/\/mmkriepas.lv\/en\/p\/215-55r18-goodyear-ultragrip-ice-suv-gen-1-99t-xl\/#primaryimage"},"thumbnailUrl":"https:\/\/mmkriepas.lv\/wp-content\/uploads\/2024\/11\/22555r19-goodyear-ultragrip-ice-suv-gen-1-103t-xl-dot21-ziemas-riepas.jpg","datePublished":"2022-08-16T09:12:36+00:00","dateModified":"2026-03-27T10:31:46+00:00","breadcrumb":{"@id":"https:\/\/mmkriepas.lv\/en\/p\/215-55r18-goodyear-ultragrip-ice-suv-gen-1-99t-xl\/#breadcrumb"},"inLanguage":"en-US","potentialAction":[{"@type":"ReadAction","target":["https:\/\/mmkriepas.lv\/en\/p\/215-55r18-goodyear-ultragrip-ice-suv-gen-1-99t-xl\/"]}]},{"@type":"ImageObject","inLanguage":"en-US","@id":"https:\/\/mmkriepas.lv\/en\/p\/215-55r18-goodyear-ultragrip-ice-suv-gen-1-99t-xl\/#primaryimage","url":"https:\/\/mmkriepas.lv\/wp-content\/uploads\/2024\/11\/22555r19-goodyear-ultragrip-ice-suv-gen-1-103t-xl-dot21-ziemas-riepas.jpg","contentUrl":"https:\/\/mmkriepas.lv\/wp-content\/uploads\/2024\/11\/22555r19-goodyear-ultragrip-ice-suv-gen-1-103t-xl-dot21-ziemas-riepas.jpg","width":900,"height":720,"caption":"MAIN"},{"@type":"BreadcrumbList","@id":"https:\/\/mmkriepas.lv\/en\/p\/215-55r18-goodyear-ultragrip-ice-suv-gen-1-99t-xl\/#breadcrumb","itemListElement":[{"@type":"ListItem","position":1,"name":"S\u0101kums","item":"https:\/\/mmkriepas.lv\/en\/"},{"@type":"ListItem","position":2,"name":"215\/55R18 Goodyear UltraGrip Ice SUV Gen-1 99T XL"}]},{"@type":"WebSite","@id":"https:\/\/mmkriepas.lv\/en\/#website","url":"https:\/\/mmkriepas.lv\/en\/","name":"MMK Riepas","description":"MMK Riepas","alternateName":"MMK Riepu Serviss","potentialAction":[{"@type":"SearchAction","target":{"@type":"EntryPoint","urlTemplate":"https:\/\/mmkriepas.lv\/en\/?s={search_term_string}"},"query-input":{"@type":"PropertyValueSpecification","valueRequired":true,"valueName":"search_term_string"}}],"inLanguage":"en-US"},{"@type":"ImageObject","inLanguage":"en-US","@id":"https:\/\/mmkriepas.lv\/en\/p\/215-55r18-goodyear-ultragrip-ice-suv-gen-1-99t-xl\/#local-main-organization-logo","url":"","contentUrl":"","caption":"MMK Riepas"}]},"product_brand":"Goodyear UltraGrip Ice SUV GEN-1","product_price_amount":"194.00","product_price_currency":"EUR","og_availability":"instock","product_availability":"instock","product_retailer_item_id":"TW2155518GOODY-L8038","product_condition":"new"},"_links":{"self":[{"href":"https:\/\/mmkriepas.lv\/en\/wp-json\/wp\/v2\/product\/296278","targetHints":{"allow":["GET"]}}],"collection":[{"href":"https:\/\/mmkriepas.lv\/en\/wp-json\/wp\/v2\/product"}],"about":[{"href":"https:\/\/mmkriepas.lv\/en\/wp-json\/wp\/v2\/types\/product"}],"wp:featuredmedia":[{"embeddable":true,"href":"https:\/\/mmkriepas.lv\/en\/wp-json\/wp\/v2\/media\/1134965"}],"wp:attachment":[{"href":"https:\/\/mmkriepas.lv\/en\/wp-json\/wp\/v2\/media?parent=296278"}],"wp:term":[{"taxonomy":"product_brand","embeddable":true,"href":"https:\/\/mmkriepas.lv\/en\/wp-json\/wp\/v2\/product_brand?post=296278"},{"taxonomy":"product_cat","embeddable":true,"href":"https:\/\/mmkriepas.lv\/en\/wp-json\/wp\/v2\/product_cat?post=296278"},{"taxonomy":"product_tag","embeddable":true,"href":"https:\/\/mmkriepas.lv\/en\/wp-json\/wp\/v2\/product_tag?post=296278"}],"curies":[{"name":"wp","href":"https:\/\/api.w.org\/{rel}","templated":true}]}}