{"id":296187,"date":"2022-08-16T12:08:12","date_gmt":"2022-08-16T09:08:12","guid":{"rendered":"https:\/\/mmkserviss.lv\/?post_type=product&#038;p=296187"},"modified":"2024-10-09T21:03:32","modified_gmt":"2024-10-09T18:03:32","slug":"235-55r17-pirelli-ice-zero-fr-103t-xl","status":"publish","type":"product","link":"https:\/\/mmkriepas.lv\/en\/p\/235-55r17-pirelli-ice-zero-fr-103t-xl\/","title":{"rendered":"235\/55R17 Pirelli Winter Ice Zero FR 103T XL"},"content":{"rendered":"<p><strong>Pirelli Winter Ice Zero FR <\/strong>ir It\u0101lij\u0101 ra\u017eots premium klases Skandin\u0101vijas tipa ziemas riepu modelis, kas paredz\u0113ts gan vieglaj\u0101m, gan apvidus jeb SUV automa\u0161\u012bn\u0101m. \u0160is m\u012bkst\u0101 sast\u0101va modelis izce\u013cas ar teicamu veiktsp\u0113ju pat skarbos ziemas brauk\u0161anas apst\u0101k\u013cos.<\/p>\n<h3>Winter Ice Zero FR galven\u0101s iez\u012bmes:<\/h3>\n<p>+ Teicama sa\u0137ere uz sniegotiem ce\u013ciem, pateicoties palielin\u0101tam riepas protektora bloku skaitam,<\/p>\n<p>+ Premium riepu modelis, kur\u0161 ir izstr\u0101d\u0101ts tie\u0161i Zieme\u013ceiropas un Zieme\u013camerikas ziemas apst\u0101k\u013ciem,<\/p>\n<p>+ Uzlabota dren\u0101\u017eas jeb \u016bdens novadkan\u0101lu sist\u0113ma, kas samazina akvaplan\u0113\u0161as risku, k\u0101 ar\u012b uzlabo veiktsp\u0113ju slapjdra\u0146\u0137\u012b,<\/p>\n<p>+ Lieliska stabilit\u0101te ar\u012b palielin\u0101tos brauk\u0161anas \u0101trumos, pateicoties \u012bpa\u0161as formas blokiem protektora centr\u0101laj\u0101 da\u013c\u0101,<\/p>\n<p>+ Agres\u012bvs riepu plecu zonas dizains uzlabo manevr\u0113tsp\u0113ju,<\/p>\n<p>+ Vair\u0101ki t\u016bksto\u0161i 3D lame\u013cu ar pa\u0161blo\u0137\u0113\u0161an\u0101s sist\u0113mu b\u016btiski sa\u012bsina bremz\u0113\u0161anas ce\u013cu gan uz ledus, gan ar\u012b asfalta.<\/p>\n<p><strong>\u00a0Winter Ice Zero FR apr\u012bkojums:<\/strong><\/p>\n<p><strong>Pirelli Winter Ice Zero FR, <\/strong>at\u0161\u0137ir\u012bb\u0101 no sen\u0101kiem Pirelli m\u012bkst\u0101 sast\u0101va riepu mode\u013ciem, apr\u012bkots ar virzienveida protektora rakstu. Palielin\u0101ts ar\u012b protektora bloku skaits, kas b\u016btiski uzlabo riepu veiktsp\u0113ju snieg\u0101.\u00a0 Simetriski izvietotajos protektora blokos bl\u012bvi iestr\u0101d\u0101ti neskait\u0101mi t\u016bksto\u0161i 3D lame\u013cu ar pa\u0161blo\u0137\u0113\u0161an\u0101s sist\u0113mu. \u0160\u0101di mikro-iegriezumi \u013cauj daudz lab\u0101k veidot sa\u0137eri ar ledu, turkl\u0101t tie sausina ar\u012b kontakta virsmu ar ce\u013cu. Palielin\u0101tais protektora bloku skaits \u013c\u0101vis attiec\u012bgi palielin\u0101t ar\u012b dren\u0101\u017eas jeb \u016bdens novadkan\u0101lu skaitu, samazinot akvaplan\u0113\u0161anas rakstu un uzlabojot veiktsp\u0113ju slapjdra\u0146\u0137\u012b.\u00a0<\/p>\n<p><strong>Winter Ice Zero FR<\/strong> izgatavo\u0161an\u0101 izmantots augstv\u0113rt\u012bgs kompoz\u012btmateri\u0101ls, kas papildin\u0101ts ar polim\u0113ru savienojumiem. Tas at\u013c\u0101vis riepai saglab\u0101t elast\u012bbu pla\u0161\u0101 temperat\u016bru diapazon\u0101, k\u0101 ar\u012b palielin\u0101t nodilumiztur\u012bbu.\u00a0<\/p>\n","protected":false},"excerpt":{"rendered":"<p><b><span style=\"font-family: 'Arial',sans-serif;\">Pirelli Winter Ice Zero FR <\/span><\/b><span style=\"font-family: 'Arial',sans-serif;\">ir It\u0101lij\u0101 ra\u017eots premium klases Skandin\u0101vijas tipa ziemas riepu modelis, kas paredz\u0113ts gan vieglaj\u0101m, gan apvidus jeb SUV automa\u0161\u012bn\u0101m. \u0160is m\u012bkst\u0101 sast\u0101va modelis izce\u013cas ar teicamu veiktsp\u0113ju pat skarbos ziemas brauk\u0161anas apst\u0101k\u013cos.<\/span><\/p>\n","protected":false},"featured_media":865928,"template":"","meta":{"_acf_changed":false,"ngg_post_thumbnail":0},"product_brand":[],"product_cat":[47,45],"product_tag":[],"class_list":{"0":"post-296187","1":"product","2":"type-product","3":"status-publish","4":"has-post-thumbnail","6":"product_cat-vissezonas-riepas","7":"product_cat-ziemas-riepas","9":"first","10":"instock","11":"sale","12":"taxable","13":"shipping-taxable","14":"product-type-simple"},"acf":[],"yoast_head":"<!-- This site is optimized with the Yoast SEO Premium plugin v22.6 (Yoast SEO v27.3) - https:\/\/yoast.com\/product\/yoast-seo-premium-wordpress\/ -->\n<title>235\/55R17 Pirelli Winter Ice Zero FR 103T XL &#8226; MMK Riepas<\/title>\n<meta name=\"description\" content=\"Pirelli Ice Zero FR - premium klases Skandin\u0101vijas ripa ziemas riepas skarbiem ziemas apst\u0101k\u013ciem. Pieejamas MMK riepu centros par super cenu!\" \/>\n<meta name=\"robots\" content=\"index, follow, max-snippet:-1, max-image-preview:large, max-video-preview:-1\" \/>\n<link rel=\"canonical\" href=\"https:\/\/mmkriepas.lv\/en\/p\/235-55r17-pirelli-ice-zero-fr-103t-xl\/\" \/>\n<meta property=\"og:locale\" content=\"en_US\" \/>\n<meta property=\"og:type\" content=\"article\" \/>\n<meta property=\"og:title\" content=\"235\/55R17 Pirelli Winter Ice Zero FR 103T XL\" \/>\n<meta property=\"og:description\" content=\"Pirelli Ice Zero FR - premium klases Skandin\u0101vijas ripa ziemas riepas skarbiem ziemas apst\u0101k\u013ciem. Pieejamas MMK riepu centros par super cenu!\" \/>\n<meta property=\"og:url\" content=\"https:\/\/mmkriepas.lv\/en\/p\/235-55r17-pirelli-ice-zero-fr-103t-xl\/\" \/>\n<meta property=\"og:site_name\" content=\"MMK Riepas\" \/>\n<meta property=\"article:publisher\" content=\"https:\/\/www.facebook.com\/mmkserviss\/\" \/>\n<meta property=\"article:modified_time\" content=\"2024-10-09T18:03:32+00:00\" \/>\n<meta property=\"og:image\" content=\"https:\/\/mmkriepas.lv\/wp-content\/uploads\/2024\/02\/23560r18-pirelli-winter-ice-zero-fr-107h-xl-ziemas-riepas.jpg\" \/>\n\t<meta property=\"og:image:width\" content=\"2505\" \/>\n\t<meta property=\"og:image:height\" content=\"1667\" \/>\n\t<meta property=\"og:image:type\" content=\"image\/jpeg\" \/>\n<meta name=\"twitter:card\" content=\"summary_large_image\" \/>\n<meta name=\"twitter:label1\" content=\"Price\" \/>\n\t<meta name=\"twitter:data1\" content=\"&euro;160.00\" \/>\n\t<meta name=\"twitter:label2\" content=\"Availability\" \/>\n\t<meta name=\"twitter:data2\" content=\"In stock\" \/>\n<script type=\"application\/ld+json\" class=\"yoast-schema-graph\">{\"@context\":\"https:\\\/\\\/schema.org\",\"@graph\":[{\"@type\":\"WebPage\",\"@id\":\"https:\\\/\\\/mmkriepas.lv\\\/en\\\/p\\\/235-55r17-pirelli-ice-zero-fr-103t-xl\\\/\",\"url\":\"https:\\\/\\\/mmkriepas.lv\\\/en\\\/p\\\/235-55r17-pirelli-ice-zero-fr-103t-xl\\\/\",\"name\":\"235\\\/55R17 Pirelli Winter Ice Zero FR 103T XL &#8226; MMK Riepas\",\"isPartOf\":{\"@id\":\"https:\\\/\\\/mmkriepas.lv\\\/en\\\/#website\"},\"primaryImageOfPage\":{\"@id\":\"https:\\\/\\\/mmkriepas.lv\\\/en\\\/p\\\/235-55r17-pirelli-ice-zero-fr-103t-xl\\\/#primaryimage\"},\"image\":{\"@id\":\"https:\\\/\\\/mmkriepas.lv\\\/en\\\/p\\\/235-55r17-pirelli-ice-zero-fr-103t-xl\\\/#primaryimage\"},\"thumbnailUrl\":\"https:\\\/\\\/mmkriepas.lv\\\/wp-content\\\/uploads\\\/2024\\\/02\\\/23560r18-pirelli-winter-ice-zero-fr-107h-xl-ziemas-riepas.jpg\",\"datePublished\":\"2022-08-16T09:08:12+00:00\",\"dateModified\":\"2024-10-09T18:03:32+00:00\",\"description\":\"Pirelli Ice Zero FR - premium klases Skandin\u0101vijas ripa ziemas riepas skarbiem ziemas apst\u0101k\u013ciem. Pieejamas MMK riepu centros par super cenu!\",\"breadcrumb\":{\"@id\":\"https:\\\/\\\/mmkriepas.lv\\\/en\\\/p\\\/235-55r17-pirelli-ice-zero-fr-103t-xl\\\/#breadcrumb\"},\"inLanguage\":\"en-US\",\"potentialAction\":[{\"@type\":\"ReadAction\",\"target\":[\"https:\\\/\\\/mmkriepas.lv\\\/en\\\/p\\\/235-55r17-pirelli-ice-zero-fr-103t-xl\\\/\"]}]},{\"@type\":\"ImageObject\",\"inLanguage\":\"en-US\",\"@id\":\"https:\\\/\\\/mmkriepas.lv\\\/en\\\/p\\\/235-55r17-pirelli-ice-zero-fr-103t-xl\\\/#primaryimage\",\"url\":\"https:\\\/\\\/mmkriepas.lv\\\/wp-content\\\/uploads\\\/2024\\\/02\\\/23560r18-pirelli-winter-ice-zero-fr-107h-xl-ziemas-riepas.jpg\",\"contentUrl\":\"https:\\\/\\\/mmkriepas.lv\\\/wp-content\\\/uploads\\\/2024\\\/02\\\/23560r18-pirelli-winter-ice-zero-fr-107h-xl-ziemas-riepas.jpg\",\"width\":2505,\"height\":1667,\"caption\":\"235\\\/60R18 Pirelli Winter Ice Zero FR 107H XL - Vissezonas riepas \\\/ Ziemas riepas\"},{\"@type\":\"BreadcrumbList\",\"@id\":\"https:\\\/\\\/mmkriepas.lv\\\/en\\\/p\\\/235-55r17-pirelli-ice-zero-fr-103t-xl\\\/#breadcrumb\",\"itemListElement\":[{\"@type\":\"ListItem\",\"position\":1,\"name\":\"S\u0101kums\",\"item\":\"https:\\\/\\\/mmkriepas.lv\\\/en\\\/\"},{\"@type\":\"ListItem\",\"position\":2,\"name\":\"235\\\/55R17 Pirelli Winter Ice Zero FR 103T XL\"}]},{\"@type\":\"WebSite\",\"@id\":\"https:\\\/\\\/mmkriepas.lv\\\/en\\\/#website\",\"url\":\"https:\\\/\\\/mmkriepas.lv\\\/en\\\/\",\"name\":\"MMK Riepas\",\"description\":\"MMK Riepas\",\"alternateName\":\"MMK Riepu Serviss\",\"potentialAction\":[{\"@type\":\"SearchAction\",\"target\":{\"@type\":\"EntryPoint\",\"urlTemplate\":\"https:\\\/\\\/mmkriepas.lv\\\/en\\\/?s={search_term_string}\"},\"query-input\":{\"@type\":\"PropertyValueSpecification\",\"valueRequired\":true,\"valueName\":\"search_term_string\"}}],\"inLanguage\":\"en-US\"},{\"@type\":\"ImageObject\",\"inLanguage\":\"en-US\",\"@id\":\"https:\\\/\\\/mmkriepas.lv\\\/en\\\/p\\\/235-55r17-pirelli-ice-zero-fr-103t-xl\\\/#local-main-organization-logo\",\"url\":\"\",\"contentUrl\":\"\",\"caption\":\"MMK Riepas\"}]}<\/script>\n<meta property=\"product:brand\" content=\"Pirelli Winter ICE ZERO FR\" \/>\n<meta property=\"product:price:amount\" content=\"160.00\" \/>\n<meta property=\"product:price:currency\" content=\"EUR\" \/>\n<meta property=\"og:availability\" content=\"instock\" \/>\n<meta property=\"product:availability\" content=\"instock\" \/>\n<meta property=\"product:retailer_item_id\" content=\"TW2355517PIREL-L8009\" \/>\n<meta property=\"product:condition\" content=\"new\" \/>\n<!-- \/ Yoast SEO Premium plugin. -->","yoast_head_json":{"title":"235\/55R17 Pirelli Winter Ice Zero FR 103T XL &#8226; MMK Riepas","description":"Pirelli Ice Zero FR - premium klases Skandin\u0101vijas ripa ziemas riepas skarbiem ziemas apst\u0101k\u013ciem. Pieejamas MMK riepu centros par super cenu!","robots":{"index":"index","follow":"follow","max-snippet":"max-snippet:-1","max-image-preview":"max-image-preview:large","max-video-preview":"max-video-preview:-1"},"canonical":"https:\/\/mmkriepas.lv\/en\/p\/235-55r17-pirelli-ice-zero-fr-103t-xl\/","og_locale":"en_US","og_type":"article","og_title":"235\/55R17 Pirelli Winter Ice Zero FR 103T XL","og_description":"Pirelli Ice Zero FR - premium klases Skandin\u0101vijas ripa ziemas riepas skarbiem ziemas apst\u0101k\u013ciem. Pieejamas MMK riepu centros par super cenu!","og_url":"https:\/\/mmkriepas.lv\/en\/p\/235-55r17-pirelli-ice-zero-fr-103t-xl\/","og_site_name":"MMK Riepas","article_publisher":"https:\/\/www.facebook.com\/mmkserviss\/","article_modified_time":"2024-10-09T18:03:32+00:00","og_image":[{"width":2505,"height":1667,"url":"https:\/\/mmkriepas.lv\/wp-content\/uploads\/2024\/02\/23560r18-pirelli-winter-ice-zero-fr-107h-xl-ziemas-riepas.jpg","type":"image\/jpeg"}],"twitter_card":"summary_large_image","twitter_misc":{"Price":"&euro;160.00","Availability":"In stock"},"schema":{"@context":"https:\/\/schema.org","@graph":[{"@type":"WebPage","@id":"https:\/\/mmkriepas.lv\/en\/p\/235-55r17-pirelli-ice-zero-fr-103t-xl\/","url":"https:\/\/mmkriepas.lv\/en\/p\/235-55r17-pirelli-ice-zero-fr-103t-xl\/","name":"235\/55R17 Pirelli Winter Ice Zero FR 103T XL &#8226; MMK Riepas","isPartOf":{"@id":"https:\/\/mmkriepas.lv\/en\/#website"},"primaryImageOfPage":{"@id":"https:\/\/mmkriepas.lv\/en\/p\/235-55r17-pirelli-ice-zero-fr-103t-xl\/#primaryimage"},"image":{"@id":"https:\/\/mmkriepas.lv\/en\/p\/235-55r17-pirelli-ice-zero-fr-103t-xl\/#primaryimage"},"thumbnailUrl":"https:\/\/mmkriepas.lv\/wp-content\/uploads\/2024\/02\/23560r18-pirelli-winter-ice-zero-fr-107h-xl-ziemas-riepas.jpg","datePublished":"2022-08-16T09:08:12+00:00","dateModified":"2024-10-09T18:03:32+00:00","description":"Pirelli Ice Zero FR - premium klases Skandin\u0101vijas ripa ziemas riepas skarbiem ziemas apst\u0101k\u013ciem. Pieejamas MMK riepu centros par super cenu!","breadcrumb":{"@id":"https:\/\/mmkriepas.lv\/en\/p\/235-55r17-pirelli-ice-zero-fr-103t-xl\/#breadcrumb"},"inLanguage":"en-US","potentialAction":[{"@type":"ReadAction","target":["https:\/\/mmkriepas.lv\/en\/p\/235-55r17-pirelli-ice-zero-fr-103t-xl\/"]}]},{"@type":"ImageObject","inLanguage":"en-US","@id":"https:\/\/mmkriepas.lv\/en\/p\/235-55r17-pirelli-ice-zero-fr-103t-xl\/#primaryimage","url":"https:\/\/mmkriepas.lv\/wp-content\/uploads\/2024\/02\/23560r18-pirelli-winter-ice-zero-fr-107h-xl-ziemas-riepas.jpg","contentUrl":"https:\/\/mmkriepas.lv\/wp-content\/uploads\/2024\/02\/23560r18-pirelli-winter-ice-zero-fr-107h-xl-ziemas-riepas.jpg","width":2505,"height":1667,"caption":"235\/60R18 Pirelli Winter Ice Zero FR 107H XL - Vissezonas riepas \/ Ziemas riepas"},{"@type":"BreadcrumbList","@id":"https:\/\/mmkriepas.lv\/en\/p\/235-55r17-pirelli-ice-zero-fr-103t-xl\/#breadcrumb","itemListElement":[{"@type":"ListItem","position":1,"name":"S\u0101kums","item":"https:\/\/mmkriepas.lv\/en\/"},{"@type":"ListItem","position":2,"name":"235\/55R17 Pirelli Winter Ice Zero FR 103T XL"}]},{"@type":"WebSite","@id":"https:\/\/mmkriepas.lv\/en\/#website","url":"https:\/\/mmkriepas.lv\/en\/","name":"MMK Riepas","description":"MMK Riepas","alternateName":"MMK Riepu Serviss","potentialAction":[{"@type":"SearchAction","target":{"@type":"EntryPoint","urlTemplate":"https:\/\/mmkriepas.lv\/en\/?s={search_term_string}"},"query-input":{"@type":"PropertyValueSpecification","valueRequired":true,"valueName":"search_term_string"}}],"inLanguage":"en-US"},{"@type":"ImageObject","inLanguage":"en-US","@id":"https:\/\/mmkriepas.lv\/en\/p\/235-55r17-pirelli-ice-zero-fr-103t-xl\/#local-main-organization-logo","url":"","contentUrl":"","caption":"MMK Riepas"}]},"product_brand":"Pirelli Winter ICE ZERO FR","product_price_amount":"160.00","product_price_currency":"EUR","og_availability":"instock","product_availability":"instock","product_retailer_item_id":"TW2355517PIREL-L8009","product_condition":"new"},"_links":{"self":[{"href":"https:\/\/mmkriepas.lv\/en\/wp-json\/wp\/v2\/product\/296187","targetHints":{"allow":["GET"]}}],"collection":[{"href":"https:\/\/mmkriepas.lv\/en\/wp-json\/wp\/v2\/product"}],"about":[{"href":"https:\/\/mmkriepas.lv\/en\/wp-json\/wp\/v2\/types\/product"}],"wp:featuredmedia":[{"embeddable":true,"href":"https:\/\/mmkriepas.lv\/en\/wp-json\/wp\/v2\/media\/865928"}],"wp:attachment":[{"href":"https:\/\/mmkriepas.lv\/en\/wp-json\/wp\/v2\/media?parent=296187"}],"wp:term":[{"taxonomy":"product_brand","embeddable":true,"href":"https:\/\/mmkriepas.lv\/en\/wp-json\/wp\/v2\/product_brand?post=296187"},{"taxonomy":"product_cat","embeddable":true,"href":"https:\/\/mmkriepas.lv\/en\/wp-json\/wp\/v2\/product_cat?post=296187"},{"taxonomy":"product_tag","embeddable":true,"href":"https:\/\/mmkriepas.lv\/en\/wp-json\/wp\/v2\/product_tag?post=296187"}],"curies":[{"name":"wp","href":"https:\/\/api.w.org\/{rel}","templated":true}]}}