{"id":295406,"date":"2022-08-16T11:39:56","date_gmt":"2022-08-16T08:39:56","guid":{"rendered":"https:\/\/mmkserviss.lv\/?post_type=product&#038;p=295406"},"modified":"2024-11-25T15:30:10","modified_gmt":"2024-11-25T13:30:10","slug":"205-60r16-goodyear-ultra-grip-ice-2-96t-xl-3","status":"publish","type":"product","link":"https:\/\/mmkriepas.lv\/en\/p\/205-60r16-goodyear-ultra-grip-ice-2-96t-xl-3\/","title":{"rendered":"205\/60R16 Goodyear UltraGrip Ice 2 96T XL"},"content":{"rendered":"<p><span style=\"font-family: arial, helvetica, sans-serif;\"><b>Goodyear UltraGrip Ice 2<\/b><span style=\"font-weight: 400;\"> ir TOP3 premium klases frikciju riepa pasaul\u0113. Apr\u012bkota ar agres\u012bvu virzienveida protektoru un neskait\u0101miem tehnolo\u0123iskajiem risin\u0101jumiem. Izce\u013cas ar teicamu sa\u0137eri gan snieg\u0101, gan uz ledus.\u00a0<\/span><\/span><\/p>\n<h3><span style=\"font-family: arial, helvetica, sans-serif;\"><b>Goodyear UltraGrip Ice 2 galven\u0101s iez\u012bmes<\/b><\/span><\/h3>\n<p><span style=\"font-weight: 400; font-family: arial, helvetica, sans-serif;\">+ Teicama sa\u0137ere gan snieg\u0101, gan uz ledus,<\/span><\/p>\n<p><span style=\"font-weight: 400; font-family: arial, helvetica, sans-serif;\">+ Riepu modelis izstr\u0101d\u0101ts skarbiem ziemas apst\u0101k\u013ciem, kur temperat\u016bras stabi\u0146\u0161 nereti sasniedz l\u012bdz pat -25\u00baC,<\/span><\/p>\n<p><span style=\"font-weight: 400; font-family: arial, helvetica, sans-serif;\">+ Riepu gumijas sast\u0101vs piel\u0101gots ekstrem\u0101li zem\u0101m gaisa temperat\u016br\u0101m,<\/span><\/p>\n<p><span style=\"font-weight: 400; font-family: arial, helvetica, sans-serif;\">+ Samazin\u0101ts akvaplan\u0113\u0161anas risks, pateicoties augsti att\u012bst\u012btai dren\u0101\u017eas kan\u0101lu sist\u0113mai.<\/span><\/p>\n<h3><span style=\"font-family: arial, helvetica, sans-serif;\"><b>UltraGrip Ice 2 apr\u012bkojums<\/b><\/span><\/h3>\n<p><span style=\"font-family: arial, helvetica, sans-serif;\"><b>Goodyear UltraGrip Ice 2<a href=\"https:\/\/mmkriepas.lv\/riepas\/ziemas-riepas\/\"> ziemas riepas <\/a><\/b><span style=\"font-weight: 400;\">apr\u012bkotas ar m\u012bkstu, bet agres\u012bvu virzienveida protektora rakstu, kas at\u013cauj \u0161im modelim izcili veidot sakeri gan ar sniegu, gan ar\u012b ar ledu. Sa\u0137eri ar ledu uzlabo ar\u012b t\u016bksto\u0161iem lame\u013cu, kuras ir bl\u012bvi iestr\u0101d\u0101tas protektora blokos un, non\u0101kot saskarsm\u0113 ar ce\u013cu, atveras, veidojot vair\u0101kas papildus sa\u0137eres kantes.<\/span> <span style=\"font-weight: 400;\">\u0160im riepu modelim speci\u0101li izstr\u0101d\u0101ts gumijas sast\u0101vs, kas piel\u0101gots eksplaut\u0101cijai ekstrem\u0101li zem\u0101s gaisa temperat\u016br\u0101s. Gumijas sast\u0101vam pievienoti ar\u012b elementi, kas apsl\u0101p\u0113 ska\u0146u, gaitu padarot klusu un komfortablu.<\/span> <span style=\"font-weight: 400;\">B\u016btiski uzlabojumi veikti ar\u012b dren\u0101\u017eas sist\u0113mai. T\u0101 teicami izvada sniegu, dub\u013cus un \u016bdeni no riepu kontakta virsmas ar ce\u013cu, uzlabojot sa\u0137eri slapjdra\u0146\u0137\u012b, k\u0101 ar\u012b samazinot akvaplan\u0113\u0161anas risku.<\/span><\/span><\/p>\n","protected":false},"excerpt":{"rendered":"<p><span style=\"font-family: arial, helvetica, sans-serif;\"><b>Goodyear UltraGrip Ice 2<\/b><span style=\"font-weight: 400;\"> &#8211; TOP3 premium klases frikciju riepa pasaul\u0113. Apr\u012bkota ar agres\u012bvu virzienveida protektoru un neskait\u0101miem tehnolo\u0123iskajiem risin\u0101jumiem. Izce\u013cas ar teicamu sa\u0137eri gan snieg\u0101, gan uz ledus.\u00a0\u00a0<\/span><\/span><\/p>\n","protected":false},"featured_media":1118955,"template":"","meta":{"_acf_changed":false,"ngg_post_thumbnail":0},"product_brand":[],"product_cat":[47,45],"product_tag":[],"class_list":{"0":"post-295406","1":"product","2":"type-product","3":"status-publish","4":"has-post-thumbnail","6":"product_cat-vissezonas-riepas","7":"product_cat-ziemas-riepas","9":"first","10":"instock","11":"taxable","12":"shipping-taxable","13":"product-type-simple"},"acf":[],"yoast_head":"<!-- This site is optimized with the Yoast SEO Premium plugin v22.6 (Yoast SEO v27.3) - https:\/\/yoast.com\/product\/yoast-seo-premium-wordpress\/ -->\n<title>205\/60R16 Goodyear UltraGrip Ice 2 96T XL &#8226; MMK Riepas<\/title>\n<meta name=\"robots\" content=\"index, follow, max-snippet:-1, max-image-preview:large, max-video-preview:-1\" \/>\n<link rel=\"canonical\" href=\"https:\/\/mmkriepas.lv\/en\/p\/205-60r16-goodyear-ultra-grip-ice-2-96t-xl-3\/\" \/>\n<meta property=\"og:locale\" content=\"en_US\" \/>\n<meta property=\"og:type\" content=\"article\" \/>\n<meta property=\"og:title\" content=\"205\/60R16 Goodyear UltraGrip Ice 2 96T XL\" \/>\n<meta property=\"og:description\" content=\"Goodyear UltraGrip Ice 2 - TOP3 premium klases frikciju riepa pasaul\u0113. Apr\u012bkota ar agres\u012bvu virzienveida protektoru un neskait\u0101miem tehnolo\u0123iskajiem risin\u0101jumiem. Izce\u013cas ar teicamu sa\u0137eri gan snieg\u0101, gan uz ledus.\u00a0\u00a0\" \/>\n<meta property=\"og:url\" content=\"https:\/\/mmkriepas.lv\/en\/p\/205-60r16-goodyear-ultra-grip-ice-2-96t-xl-3\/\" \/>\n<meta property=\"og:site_name\" content=\"MMK Riepas\" \/>\n<meta property=\"article:publisher\" content=\"https:\/\/www.facebook.com\/mmkserviss\/\" \/>\n<meta property=\"article:modified_time\" content=\"2024-11-25T13:30:10+00:00\" \/>\n<meta property=\"og:image\" content=\"https:\/\/mmkriepas.lv\/wp-content\/uploads\/2024\/10\/GOODYEAR-ULTRAGRIP-ICE-2.jpg\" \/>\n\t<meta property=\"og:image:width\" content=\"900\" \/>\n\t<meta property=\"og:image:height\" content=\"720\" \/>\n\t<meta property=\"og:image:type\" content=\"image\/jpeg\" \/>\n<meta name=\"twitter:card\" content=\"summary_large_image\" \/>\n<meta name=\"twitter:label1\" content=\"Price\" \/>\n\t<meta name=\"twitter:data1\" content=\"&euro;121.00\" \/>\n\t<meta name=\"twitter:label2\" content=\"Availability\" \/>\n\t<meta name=\"twitter:data2\" content=\"In stock\" \/>\n<script type=\"application\/ld+json\" class=\"yoast-schema-graph\">{\"@context\":\"https:\\\/\\\/schema.org\",\"@graph\":[{\"@type\":\"WebPage\",\"@id\":\"https:\\\/\\\/mmkriepas.lv\\\/en\\\/p\\\/205-60r16-goodyear-ultra-grip-ice-2-96t-xl-3\\\/\",\"url\":\"https:\\\/\\\/mmkriepas.lv\\\/en\\\/p\\\/205-60r16-goodyear-ultra-grip-ice-2-96t-xl-3\\\/\",\"name\":\"205\\\/60R16 Goodyear UltraGrip Ice 2 96T XL &#8226; MMK Riepas\",\"isPartOf\":{\"@id\":\"https:\\\/\\\/mmkriepas.lv\\\/en\\\/#website\"},\"primaryImageOfPage\":{\"@id\":\"https:\\\/\\\/mmkriepas.lv\\\/en\\\/p\\\/205-60r16-goodyear-ultra-grip-ice-2-96t-xl-3\\\/#primaryimage\"},\"image\":{\"@id\":\"https:\\\/\\\/mmkriepas.lv\\\/en\\\/p\\\/205-60r16-goodyear-ultra-grip-ice-2-96t-xl-3\\\/#primaryimage\"},\"thumbnailUrl\":\"https:\\\/\\\/mmkriepas.lv\\\/wp-content\\\/uploads\\\/2024\\\/10\\\/GOODYEAR-ULTRAGRIP-ICE-2.jpg\",\"datePublished\":\"2022-08-16T08:39:56+00:00\",\"dateModified\":\"2024-11-25T13:30:10+00:00\",\"breadcrumb\":{\"@id\":\"https:\\\/\\\/mmkriepas.lv\\\/en\\\/p\\\/205-60r16-goodyear-ultra-grip-ice-2-96t-xl-3\\\/#breadcrumb\"},\"inLanguage\":\"en-US\",\"potentialAction\":[{\"@type\":\"ReadAction\",\"target\":[\"https:\\\/\\\/mmkriepas.lv\\\/en\\\/p\\\/205-60r16-goodyear-ultra-grip-ice-2-96t-xl-3\\\/\"]}]},{\"@type\":\"ImageObject\",\"inLanguage\":\"en-US\",\"@id\":\"https:\\\/\\\/mmkriepas.lv\\\/en\\\/p\\\/205-60r16-goodyear-ultra-grip-ice-2-96t-xl-3\\\/#primaryimage\",\"url\":\"https:\\\/\\\/mmkriepas.lv\\\/wp-content\\\/uploads\\\/2024\\\/10\\\/GOODYEAR-ULTRAGRIP-ICE-2.jpg\",\"contentUrl\":\"https:\\\/\\\/mmkriepas.lv\\\/wp-content\\\/uploads\\\/2024\\\/10\\\/GOODYEAR-ULTRAGRIP-ICE-2.jpg\",\"width\":900,\"height\":720,\"caption\":\"MAIN\"},{\"@type\":\"BreadcrumbList\",\"@id\":\"https:\\\/\\\/mmkriepas.lv\\\/en\\\/p\\\/205-60r16-goodyear-ultra-grip-ice-2-96t-xl-3\\\/#breadcrumb\",\"itemListElement\":[{\"@type\":\"ListItem\",\"position\":1,\"name\":\"S\u0101kums\",\"item\":\"https:\\\/\\\/mmkriepas.lv\\\/en\\\/\"},{\"@type\":\"ListItem\",\"position\":2,\"name\":\"205\\\/60R16 Goodyear UltraGrip Ice 2 96T XL\"}]},{\"@type\":\"WebSite\",\"@id\":\"https:\\\/\\\/mmkriepas.lv\\\/en\\\/#website\",\"url\":\"https:\\\/\\\/mmkriepas.lv\\\/en\\\/\",\"name\":\"MMK Riepas\",\"description\":\"MMK Riepas\",\"alternateName\":\"MMK Riepu Serviss\",\"potentialAction\":[{\"@type\":\"SearchAction\",\"target\":{\"@type\":\"EntryPoint\",\"urlTemplate\":\"https:\\\/\\\/mmkriepas.lv\\\/en\\\/?s={search_term_string}\"},\"query-input\":{\"@type\":\"PropertyValueSpecification\",\"valueRequired\":true,\"valueName\":\"search_term_string\"}}],\"inLanguage\":\"en-US\"},{\"@type\":\"ImageObject\",\"inLanguage\":\"en-US\",\"@id\":\"https:\\\/\\\/mmkriepas.lv\\\/en\\\/p\\\/205-60r16-goodyear-ultra-grip-ice-2-96t-xl-3\\\/#local-main-organization-logo\",\"url\":\"\",\"contentUrl\":\"\",\"caption\":\"MMK Riepas\"}]}<\/script>\n<meta property=\"product:brand\" content=\"Goodyear UltraGrip Ice 2\" \/>\n<meta property=\"product:price:amount\" content=\"121.00\" \/>\n<meta property=\"product:price:currency\" content=\"EUR\" \/>\n<meta property=\"og:availability\" content=\"instock\" \/>\n<meta property=\"product:availability\" content=\"instock\" \/>\n<meta property=\"product:retailer_item_id\" content=\"TW2056016GOODY-L7845\" \/>\n<meta property=\"product:condition\" content=\"new\" \/>\n<!-- \/ Yoast SEO Premium plugin. -->","yoast_head_json":{"title":"205\/60R16 Goodyear UltraGrip Ice 2 96T XL &#8226; MMK Riepas","robots":{"index":"index","follow":"follow","max-snippet":"max-snippet:-1","max-image-preview":"max-image-preview:large","max-video-preview":"max-video-preview:-1"},"canonical":"https:\/\/mmkriepas.lv\/en\/p\/205-60r16-goodyear-ultra-grip-ice-2-96t-xl-3\/","og_locale":"en_US","og_type":"article","og_title":"205\/60R16 Goodyear UltraGrip Ice 2 96T XL","og_description":"Goodyear UltraGrip Ice 2 - TOP3 premium klases frikciju riepa pasaul\u0113. Apr\u012bkota ar agres\u012bvu virzienveida protektoru un neskait\u0101miem tehnolo\u0123iskajiem risin\u0101jumiem. Izce\u013cas ar teicamu sa\u0137eri gan snieg\u0101, gan uz ledus.\u00a0\u00a0","og_url":"https:\/\/mmkriepas.lv\/en\/p\/205-60r16-goodyear-ultra-grip-ice-2-96t-xl-3\/","og_site_name":"MMK Riepas","article_publisher":"https:\/\/www.facebook.com\/mmkserviss\/","article_modified_time":"2024-11-25T13:30:10+00:00","og_image":[{"width":900,"height":720,"url":"https:\/\/mmkriepas.lv\/wp-content\/uploads\/2024\/10\/GOODYEAR-ULTRAGRIP-ICE-2.jpg","type":"image\/jpeg"}],"twitter_card":"summary_large_image","twitter_misc":{"Price":"&euro;121.00","Availability":"In stock"},"schema":{"@context":"https:\/\/schema.org","@graph":[{"@type":"WebPage","@id":"https:\/\/mmkriepas.lv\/en\/p\/205-60r16-goodyear-ultra-grip-ice-2-96t-xl-3\/","url":"https:\/\/mmkriepas.lv\/en\/p\/205-60r16-goodyear-ultra-grip-ice-2-96t-xl-3\/","name":"205\/60R16 Goodyear UltraGrip Ice 2 96T XL &#8226; MMK Riepas","isPartOf":{"@id":"https:\/\/mmkriepas.lv\/en\/#website"},"primaryImageOfPage":{"@id":"https:\/\/mmkriepas.lv\/en\/p\/205-60r16-goodyear-ultra-grip-ice-2-96t-xl-3\/#primaryimage"},"image":{"@id":"https:\/\/mmkriepas.lv\/en\/p\/205-60r16-goodyear-ultra-grip-ice-2-96t-xl-3\/#primaryimage"},"thumbnailUrl":"https:\/\/mmkriepas.lv\/wp-content\/uploads\/2024\/10\/GOODYEAR-ULTRAGRIP-ICE-2.jpg","datePublished":"2022-08-16T08:39:56+00:00","dateModified":"2024-11-25T13:30:10+00:00","breadcrumb":{"@id":"https:\/\/mmkriepas.lv\/en\/p\/205-60r16-goodyear-ultra-grip-ice-2-96t-xl-3\/#breadcrumb"},"inLanguage":"en-US","potentialAction":[{"@type":"ReadAction","target":["https:\/\/mmkriepas.lv\/en\/p\/205-60r16-goodyear-ultra-grip-ice-2-96t-xl-3\/"]}]},{"@type":"ImageObject","inLanguage":"en-US","@id":"https:\/\/mmkriepas.lv\/en\/p\/205-60r16-goodyear-ultra-grip-ice-2-96t-xl-3\/#primaryimage","url":"https:\/\/mmkriepas.lv\/wp-content\/uploads\/2024\/10\/GOODYEAR-ULTRAGRIP-ICE-2.jpg","contentUrl":"https:\/\/mmkriepas.lv\/wp-content\/uploads\/2024\/10\/GOODYEAR-ULTRAGRIP-ICE-2.jpg","width":900,"height":720,"caption":"MAIN"},{"@type":"BreadcrumbList","@id":"https:\/\/mmkriepas.lv\/en\/p\/205-60r16-goodyear-ultra-grip-ice-2-96t-xl-3\/#breadcrumb","itemListElement":[{"@type":"ListItem","position":1,"name":"S\u0101kums","item":"https:\/\/mmkriepas.lv\/en\/"},{"@type":"ListItem","position":2,"name":"205\/60R16 Goodyear UltraGrip Ice 2 96T XL"}]},{"@type":"WebSite","@id":"https:\/\/mmkriepas.lv\/en\/#website","url":"https:\/\/mmkriepas.lv\/en\/","name":"MMK Riepas","description":"MMK Riepas","alternateName":"MMK Riepu Serviss","potentialAction":[{"@type":"SearchAction","target":{"@type":"EntryPoint","urlTemplate":"https:\/\/mmkriepas.lv\/en\/?s={search_term_string}"},"query-input":{"@type":"PropertyValueSpecification","valueRequired":true,"valueName":"search_term_string"}}],"inLanguage":"en-US"},{"@type":"ImageObject","inLanguage":"en-US","@id":"https:\/\/mmkriepas.lv\/en\/p\/205-60r16-goodyear-ultra-grip-ice-2-96t-xl-3\/#local-main-organization-logo","url":"","contentUrl":"","caption":"MMK Riepas"}]},"product_brand":"Goodyear UltraGrip Ice 2","product_price_amount":"121.00","product_price_currency":"EUR","og_availability":"instock","product_availability":"instock","product_retailer_item_id":"TW2056016GOODY-L7845","product_condition":"new"},"_links":{"self":[{"href":"https:\/\/mmkriepas.lv\/en\/wp-json\/wp\/v2\/product\/295406","targetHints":{"allow":["GET"]}}],"collection":[{"href":"https:\/\/mmkriepas.lv\/en\/wp-json\/wp\/v2\/product"}],"about":[{"href":"https:\/\/mmkriepas.lv\/en\/wp-json\/wp\/v2\/types\/product"}],"wp:featuredmedia":[{"embeddable":true,"href":"https:\/\/mmkriepas.lv\/en\/wp-json\/wp\/v2\/media\/1118955"}],"wp:attachment":[{"href":"https:\/\/mmkriepas.lv\/en\/wp-json\/wp\/v2\/media?parent=295406"}],"wp:term":[{"taxonomy":"product_brand","embeddable":true,"href":"https:\/\/mmkriepas.lv\/en\/wp-json\/wp\/v2\/product_brand?post=295406"},{"taxonomy":"product_cat","embeddable":true,"href":"https:\/\/mmkriepas.lv\/en\/wp-json\/wp\/v2\/product_cat?post=295406"},{"taxonomy":"product_tag","embeddable":true,"href":"https:\/\/mmkriepas.lv\/en\/wp-json\/wp\/v2\/product_tag?post=295406"}],"curies":[{"name":"wp","href":"https:\/\/api.w.org\/{rel}","templated":true}]}}