{"id":295132,"date":"2022-08-16T11:26:37","date_gmt":"2022-08-16T08:26:37","guid":{"rendered":"https:\/\/mmkserviss.lv\/?post_type=product&#038;p=295132"},"modified":"2026-03-27T12:30:30","modified_gmt":"2026-03-27T10:30:30","slug":"215-60r17c-sailun-commercio-4-seasons-109-107t","status":"publish","type":"product","link":"https:\/\/mmkriepas.lv\/en\/p\/215-60r17c-sailun-commercio-4-seasons-109-107t\/","title":{"rendered":"215\/60R17C Sailun Commercio 4Seasons 109\/107T"},"content":{"rendered":"<p><b><span style=\"font-family: 'Arial',sans-serif;\">Sailun Commercio 4 Seasons <\/span><\/b><span style=\"font-family: 'Arial',sans-serif;\">ir labas kvalit\u0101tes, bud\u017eeta klases vissezonas komerctransporta riepu modelis. Izce\u013cas ar labiem sa\u0137eres, kravnes\u012bbas un degvielas ekonomijas r\u0101d\u012bt\u0101jiem. \u0160o riepu modeli ir iecien\u012bju\u0161i kemperu vad\u012bt\u0101ji, kas nereti ce\u013co pa Rietumeiropas valst\u012bm.<o:p><\/o:p><\/span><\/p>\n<h3><span style=\"font-family: 'Arial',sans-serif;\">Sailun Commercio 4 Seasons galven\u0101s iez\u012bmes<o:p><\/o:p><\/span><\/h3>\n<p><span style=\"font-family: 'Arial',sans-serif;\">+ Palielin\u0101ti slodzes indeksi at\u013caus smagas kravas p\u0101rvad\u0101t pat intens\u012bvas ekspluat\u0101cijas apst\u0101k\u013cos.<o:p><\/o:p><\/span><\/p>\n<p><span style=\"font-family: 'Arial',sans-serif;\">+ Degvielas ekonomija!<o:p><\/o:p><\/span><\/p>\n<p><span style=\"font-family: 'Arial',sans-serif;\">+ Samazin\u0101ts akvaplan\u0113\u0161anas risks.<o:p><\/o:p><\/span><\/p>\n<p><span style=\"font-family: 'Arial',sans-serif;\">+ Palielin\u0101ta nodilumiztur\u012bba.<o:p><\/o:p><\/span><\/p>\n<p><span style=\"font-family: 'Arial',sans-serif;\">+ Cena atbilst kvalit\u0101tei!<o:p><\/o:p><\/span><\/p>\n<h3><span style=\"font-family: 'Arial',sans-serif;\">Commercio 4 Seasons apr\u012bkojums<o:p><\/o:p><\/span><\/h3>\n<p><b><span style=\"font-family: 'Arial',sans-serif;\">Sailun Commercio 4 Seasons <\/span><\/b><span style=\"font-family: 'Arial',sans-serif;\">vissezonas riepu modelis apr\u012bkots ar komercriep\u0101m nerakstur\u012bgo &#8211; virzienveida protektoru. \u0160\u0101ds dizains izv\u0113l\u0113ts, lai samazin\u0101tu akvaplan\u0113\u0161anas risku, k\u0101 ar\u012b uzlabotu veiktsp\u0113ju snieg\u0101 un pa grants ce\u013ciem.<o:p><\/o:p><\/span><\/p>\n<p><span style=\"font-family: 'Arial',sans-serif;\">Mas\u012bvie, V-veid\u0101 izvietotie protektora bloki darin\u0101ti no augstv\u0113rt\u012bga kompoz\u012btmateri\u0101la. Tam pievienotie \u0137\u012bmiskie elementi pal\u012bdz saglab\u0101t sa\u0137eres \u012bpa\u0161\u012bbas zem\u0101s gaisa temperat\u016br\u0101s, k\u0101 ar\u012b uzlabo nodilumiztur\u012bbu.<o:p><\/o:p><\/span><\/p>\n<p><span style=\"font-family: 'Arial',sans-serif;\">Agres\u012bv\u0101 protektora pamat\u0101 atrodams tiecieniztur\u012bgs karkass. Tas pastiprin\u0101ts ar vair\u0101kiem kordu jeb brekera sl\u0101\u0146iem, uzlabojot ilgtsp\u0113j\u012bbu un kravnes\u012bbu.\u00a0<o:p><\/o:p><\/span><\/p>\n<p><span style=\"font-family: 'Arial',sans-serif; color: red;\">Mode\u013ca lieto\u0161anas dro\u0161\u012bbu ziemas laika apst\u0101k\u013cos un t\u0101 atbilst\u012bbu valst\u012bm ar oblig\u0101tu sezon\u0101lo riepu mai\u0146u apstiprina mar\u0137\u0113jums sniegp\u0101rslas form\u0101 uz kalna fona ar trim virsotn\u0113m (3PMSF).<\/span><span style=\"font-family: 'Arial',sans-serif;\"><o:p><\/o:p><\/span><\/p>\n","protected":false},"excerpt":{"rendered":"<p><b><span style=\"font-family: 'Arial',sans-serif;\">Sailun Commercio 4 Seasons <\/span><\/b><span style=\"font-family: 'Arial',sans-serif;\">ir labas kvalit\u0101tes, bud\u017eeta klases vissezonas komerctransporta riepu modelis. Izce\u013cas ar labiem sa\u0137eres, kravnes\u012bbas un degvielas ekonomijas r\u0101d\u012bt\u0101jiem. \u0160o riepu modeli ir iecien\u012bju\u0161i kemperu vad\u012bt\u0101ji, kas nereti ce\u013co pa Rietumeiropas valst\u012bm.<o:p><\/o:p><\/span><\/p>\n","protected":false},"featured_media":731283,"template":"","meta":{"_acf_changed":false,"ngg_post_thumbnail":0},"product_brand":[],"product_cat":[23644,23643],"product_tag":[],"class_list":{"0":"post-295132","1":"product","2":"type-product","3":"status-publish","4":"has-post-thumbnail","6":"product_cat-all-season-tyres","7":"product_cat-winter-tyres","9":"first","10":"instock","11":"sale","12":"taxable","13":"shipping-taxable","14":"purchasable","15":"product-type-simple"},"acf":[],"yoast_head":"<!-- This site is optimized with the Yoast SEO Premium plugin v22.6 (Yoast SEO v27.3) - https:\/\/yoast.com\/product\/yoast-seo-premium-wordpress\/ -->\n<title>215\/60R17C Sailun Commercio 4Seasons 109\/107T &#8226; MMK Riepas<\/title>\n<meta name=\"robots\" content=\"index, follow, max-snippet:-1, max-image-preview:large, max-video-preview:-1\" \/>\n<link rel=\"canonical\" href=\"https:\/\/mmkriepas.lv\/en\/p\/215-60r17c-sailun-commercio-4-seasons-109-107t\/\" \/>\n<meta property=\"og:locale\" content=\"en_US\" \/>\n<meta property=\"og:type\" content=\"article\" \/>\n<meta property=\"og:title\" content=\"215\/60R17C Sailun Commercio 4Seasons 109\/107T\" \/>\n<meta property=\"og:description\" content=\"Sailun Commercio 4 Seasons ir labas kvalit\u0101tes, bud\u017eeta klases vissezonas komerctransporta riepu modelis. Izce\u013cas ar labiem sa\u0137eres, kravnes\u012bbas un degvielas ekonomijas r\u0101d\u012bt\u0101jiem. \u0160o riepu modeli ir iecien\u012bju\u0161i kemperu vad\u012bt\u0101ji, kas nereti ce\u013co pa Rietumeiropas valst\u012bm.\" \/>\n<meta property=\"og:url\" content=\"https:\/\/mmkriepas.lv\/en\/p\/215-60r17c-sailun-commercio-4-seasons-109-107t\/\" \/>\n<meta property=\"og:site_name\" content=\"MMK Riepas\" \/>\n<meta property=\"article:publisher\" content=\"https:\/\/www.facebook.com\/mmkserviss\/\" \/>\n<meta property=\"article:modified_time\" content=\"2026-03-27T10:30:30+00:00\" \/>\n<meta property=\"og:image\" content=\"https:\/\/mmkriepas.lv\/wp-content\/uploads\/2023\/05\/19570r15c-sailun-commercio-4-seasons-104102t-copy.jpeg\" \/>\n\t<meta property=\"og:image:width\" content=\"1920\" \/>\n\t<meta property=\"og:image:height\" content=\"1542\" \/>\n\t<meta property=\"og:image:type\" content=\"image\/jpeg\" \/>\n<meta name=\"twitter:card\" content=\"summary_large_image\" \/>\n<meta name=\"twitter:label1\" content=\"Price\" \/>\n\t<meta name=\"twitter:data1\" content=\"&euro;88.00\" \/>\n\t<meta name=\"twitter:label2\" content=\"Availability\" \/>\n\t<meta name=\"twitter:data2\" content=\"In stock\" \/>\n<script type=\"application\/ld+json\" class=\"yoast-schema-graph\">{\"@context\":\"https:\\\/\\\/schema.org\",\"@graph\":[{\"@type\":\"WebPage\",\"@id\":\"https:\\\/\\\/mmkriepas.lv\\\/en\\\/p\\\/215-60r17c-sailun-commercio-4-seasons-109-107t\\\/\",\"url\":\"https:\\\/\\\/mmkriepas.lv\\\/en\\\/p\\\/215-60r17c-sailun-commercio-4-seasons-109-107t\\\/\",\"name\":\"215\\\/60R17C Sailun Commercio 4Seasons 109\\\/107T &#8226; MMK Riepas\",\"isPartOf\":{\"@id\":\"https:\\\/\\\/mmkriepas.lv\\\/en\\\/#website\"},\"primaryImageOfPage\":{\"@id\":\"https:\\\/\\\/mmkriepas.lv\\\/en\\\/p\\\/215-60r17c-sailun-commercio-4-seasons-109-107t\\\/#primaryimage\"},\"image\":{\"@id\":\"https:\\\/\\\/mmkriepas.lv\\\/en\\\/p\\\/215-60r17c-sailun-commercio-4-seasons-109-107t\\\/#primaryimage\"},\"thumbnailUrl\":\"https:\\\/\\\/mmkriepas.lv\\\/wp-content\\\/uploads\\\/2023\\\/05\\\/19570r15c-sailun-commercio-4-seasons-104102t-copy.jpeg\",\"datePublished\":\"2022-08-16T08:26:37+00:00\",\"dateModified\":\"2026-03-27T10:30:30+00:00\",\"breadcrumb\":{\"@id\":\"https:\\\/\\\/mmkriepas.lv\\\/en\\\/p\\\/215-60r17c-sailun-commercio-4-seasons-109-107t\\\/#breadcrumb\"},\"inLanguage\":\"en-US\",\"potentialAction\":[{\"@type\":\"ReadAction\",\"target\":[\"https:\\\/\\\/mmkriepas.lv\\\/en\\\/p\\\/215-60r17c-sailun-commercio-4-seasons-109-107t\\\/\"]}]},{\"@type\":\"ImageObject\",\"inLanguage\":\"en-US\",\"@id\":\"https:\\\/\\\/mmkriepas.lv\\\/en\\\/p\\\/215-60r17c-sailun-commercio-4-seasons-109-107t\\\/#primaryimage\",\"url\":\"https:\\\/\\\/mmkriepas.lv\\\/wp-content\\\/uploads\\\/2023\\\/05\\\/19570r15c-sailun-commercio-4-seasons-104102t-copy.jpeg\",\"contentUrl\":\"https:\\\/\\\/mmkriepas.lv\\\/wp-content\\\/uploads\\\/2023\\\/05\\\/19570r15c-sailun-commercio-4-seasons-104102t-copy.jpeg\",\"width\":1920,\"height\":1542,\"caption\":\"MMK Sailun Commercio 4Seasons main\"},{\"@type\":\"BreadcrumbList\",\"@id\":\"https:\\\/\\\/mmkriepas.lv\\\/en\\\/p\\\/215-60r17c-sailun-commercio-4-seasons-109-107t\\\/#breadcrumb\",\"itemListElement\":[{\"@type\":\"ListItem\",\"position\":1,\"name\":\"S\u0101kums\",\"item\":\"https:\\\/\\\/mmkriepas.lv\\\/en\\\/\"},{\"@type\":\"ListItem\",\"position\":2,\"name\":\"215\\\/60R17C Sailun Commercio 4Seasons 109\\\/107T\"}]},{\"@type\":\"WebSite\",\"@id\":\"https:\\\/\\\/mmkriepas.lv\\\/en\\\/#website\",\"url\":\"https:\\\/\\\/mmkriepas.lv\\\/en\\\/\",\"name\":\"MMK Riepas\",\"description\":\"MMK Riepas\",\"alternateName\":\"MMK Riepu Serviss\",\"potentialAction\":[{\"@type\":\"SearchAction\",\"target\":{\"@type\":\"EntryPoint\",\"urlTemplate\":\"https:\\\/\\\/mmkriepas.lv\\\/en\\\/?s={search_term_string}\"},\"query-input\":{\"@type\":\"PropertyValueSpecification\",\"valueRequired\":true,\"valueName\":\"search_term_string\"}}],\"inLanguage\":\"en-US\"},{\"@type\":\"ImageObject\",\"inLanguage\":\"en-US\",\"@id\":\"https:\\\/\\\/mmkriepas.lv\\\/en\\\/p\\\/215-60r17c-sailun-commercio-4-seasons-109-107t\\\/#local-main-organization-logo\",\"url\":\"\",\"contentUrl\":\"\",\"caption\":\"MMK Riepas\"}]}<\/script>\n<meta property=\"product:brand\" content=\"Sailun Commercio 4Seasons\" \/>\n<meta property=\"product:price:amount\" content=\"88.00\" \/>\n<meta property=\"product:price:currency\" content=\"EUR\" \/>\n<meta property=\"og:availability\" content=\"instock\" \/>\n<meta property=\"product:availability\" content=\"instock\" \/>\n<meta property=\"product:retailer_item_id\" content=\"TW2156017SAILU-L7745\" \/>\n<meta property=\"product:condition\" content=\"new\" \/>\n<!-- \/ Yoast SEO Premium plugin. -->","yoast_head_json":{"title":"215\/60R17C Sailun Commercio 4Seasons 109\/107T &#8226; MMK Riepas","robots":{"index":"index","follow":"follow","max-snippet":"max-snippet:-1","max-image-preview":"max-image-preview:large","max-video-preview":"max-video-preview:-1"},"canonical":"https:\/\/mmkriepas.lv\/en\/p\/215-60r17c-sailun-commercio-4-seasons-109-107t\/","og_locale":"en_US","og_type":"article","og_title":"215\/60R17C Sailun Commercio 4Seasons 109\/107T","og_description":"Sailun Commercio 4 Seasons ir labas kvalit\u0101tes, bud\u017eeta klases vissezonas komerctransporta riepu modelis. Izce\u013cas ar labiem sa\u0137eres, kravnes\u012bbas un degvielas ekonomijas r\u0101d\u012bt\u0101jiem. \u0160o riepu modeli ir iecien\u012bju\u0161i kemperu vad\u012bt\u0101ji, kas nereti ce\u013co pa Rietumeiropas valst\u012bm.","og_url":"https:\/\/mmkriepas.lv\/en\/p\/215-60r17c-sailun-commercio-4-seasons-109-107t\/","og_site_name":"MMK Riepas","article_publisher":"https:\/\/www.facebook.com\/mmkserviss\/","article_modified_time":"2026-03-27T10:30:30+00:00","og_image":[{"width":1920,"height":1542,"url":"https:\/\/mmkriepas.lv\/wp-content\/uploads\/2023\/05\/19570r15c-sailun-commercio-4-seasons-104102t-copy.jpeg","type":"image\/jpeg"}],"twitter_card":"summary_large_image","twitter_misc":{"Price":"&euro;88.00","Availability":"In stock"},"schema":{"@context":"https:\/\/schema.org","@graph":[{"@type":"WebPage","@id":"https:\/\/mmkriepas.lv\/en\/p\/215-60r17c-sailun-commercio-4-seasons-109-107t\/","url":"https:\/\/mmkriepas.lv\/en\/p\/215-60r17c-sailun-commercio-4-seasons-109-107t\/","name":"215\/60R17C Sailun Commercio 4Seasons 109\/107T &#8226; MMK Riepas","isPartOf":{"@id":"https:\/\/mmkriepas.lv\/en\/#website"},"primaryImageOfPage":{"@id":"https:\/\/mmkriepas.lv\/en\/p\/215-60r17c-sailun-commercio-4-seasons-109-107t\/#primaryimage"},"image":{"@id":"https:\/\/mmkriepas.lv\/en\/p\/215-60r17c-sailun-commercio-4-seasons-109-107t\/#primaryimage"},"thumbnailUrl":"https:\/\/mmkriepas.lv\/wp-content\/uploads\/2023\/05\/19570r15c-sailun-commercio-4-seasons-104102t-copy.jpeg","datePublished":"2022-08-16T08:26:37+00:00","dateModified":"2026-03-27T10:30:30+00:00","breadcrumb":{"@id":"https:\/\/mmkriepas.lv\/en\/p\/215-60r17c-sailun-commercio-4-seasons-109-107t\/#breadcrumb"},"inLanguage":"en-US","potentialAction":[{"@type":"ReadAction","target":["https:\/\/mmkriepas.lv\/en\/p\/215-60r17c-sailun-commercio-4-seasons-109-107t\/"]}]},{"@type":"ImageObject","inLanguage":"en-US","@id":"https:\/\/mmkriepas.lv\/en\/p\/215-60r17c-sailun-commercio-4-seasons-109-107t\/#primaryimage","url":"https:\/\/mmkriepas.lv\/wp-content\/uploads\/2023\/05\/19570r15c-sailun-commercio-4-seasons-104102t-copy.jpeg","contentUrl":"https:\/\/mmkriepas.lv\/wp-content\/uploads\/2023\/05\/19570r15c-sailun-commercio-4-seasons-104102t-copy.jpeg","width":1920,"height":1542,"caption":"MMK Sailun Commercio 4Seasons main"},{"@type":"BreadcrumbList","@id":"https:\/\/mmkriepas.lv\/en\/p\/215-60r17c-sailun-commercio-4-seasons-109-107t\/#breadcrumb","itemListElement":[{"@type":"ListItem","position":1,"name":"S\u0101kums","item":"https:\/\/mmkriepas.lv\/en\/"},{"@type":"ListItem","position":2,"name":"215\/60R17C Sailun Commercio 4Seasons 109\/107T"}]},{"@type":"WebSite","@id":"https:\/\/mmkriepas.lv\/en\/#website","url":"https:\/\/mmkriepas.lv\/en\/","name":"MMK Riepas","description":"MMK Riepas","alternateName":"MMK Riepu Serviss","potentialAction":[{"@type":"SearchAction","target":{"@type":"EntryPoint","urlTemplate":"https:\/\/mmkriepas.lv\/en\/?s={search_term_string}"},"query-input":{"@type":"PropertyValueSpecification","valueRequired":true,"valueName":"search_term_string"}}],"inLanguage":"en-US"},{"@type":"ImageObject","inLanguage":"en-US","@id":"https:\/\/mmkriepas.lv\/en\/p\/215-60r17c-sailun-commercio-4-seasons-109-107t\/#local-main-organization-logo","url":"","contentUrl":"","caption":"MMK Riepas"}]},"product_brand":"Sailun Commercio 4Seasons","product_price_amount":"88.00","product_price_currency":"EUR","og_availability":"instock","product_availability":"instock","product_retailer_item_id":"TW2156017SAILU-L7745","product_condition":"new"},"_links":{"self":[{"href":"https:\/\/mmkriepas.lv\/en\/wp-json\/wp\/v2\/product\/295132","targetHints":{"allow":["GET"]}}],"collection":[{"href":"https:\/\/mmkriepas.lv\/en\/wp-json\/wp\/v2\/product"}],"about":[{"href":"https:\/\/mmkriepas.lv\/en\/wp-json\/wp\/v2\/types\/product"}],"wp:featuredmedia":[{"embeddable":true,"href":"https:\/\/mmkriepas.lv\/en\/wp-json\/wp\/v2\/media\/731283"}],"wp:attachment":[{"href":"https:\/\/mmkriepas.lv\/en\/wp-json\/wp\/v2\/media?parent=295132"}],"wp:term":[{"taxonomy":"product_brand","embeddable":true,"href":"https:\/\/mmkriepas.lv\/en\/wp-json\/wp\/v2\/product_brand?post=295132"},{"taxonomy":"product_cat","embeddable":true,"href":"https:\/\/mmkriepas.lv\/en\/wp-json\/wp\/v2\/product_cat?post=295132"},{"taxonomy":"product_tag","embeddable":true,"href":"https:\/\/mmkriepas.lv\/en\/wp-json\/wp\/v2\/product_tag?post=295132"}],"curies":[{"name":"wp","href":"https:\/\/api.w.org\/{rel}","templated":true}]}}