{"id":294810,"date":"2022-08-16T11:11:24","date_gmt":"2022-08-16T08:11:24","guid":{"rendered":"https:\/\/mmkserviss.lv\/?post_type=product&#038;p=294810"},"modified":"2026-03-27T12:29:13","modified_gmt":"2026-03-27T10:29:13","slug":"195-70r15c-sailun-endure-wsl1-104-102r-2","status":"publish","type":"product","link":"https:\/\/mmkriepas.lv\/en\/p\/195-70r15c-sailun-endure-wsl1-104-102r-2\/","title":{"rendered":"195\/70R15C Sailun Endure WSL1 104\/102R"},"content":{"rendered":"<p style=\"margin: 12.0pt 0cm 12.0pt 0cm;\"><b><span style=\"font-size: 11.0pt; font-family: 'Arial',sans-serif; color: black;\">Sailun Endure WSL1 <\/span><\/b><span style=\"font-size: 11.0pt; font-family: 'Arial',sans-serif; color: black;\">ir ziemas riepa, kas \u012bpa\u0161i izgatavota Eiropas klimata apst\u0101k\u013ciem. \u0160\u012bs riepas simetriskais raksts ar pla\u0161aj\u0101m dzren\u0101\u017eas riev\u0101m labi tiek gal\u0101 ar \u016bdens un sniega novadi, pal\u012bdzot ar\u012b akvaplan\u0113\u0161anas gad\u012bjum\u0101. \u010cetras protektora elementu virknes ir nep\u0101rtrauktas, kas samazina slodzi kontktpunkt\u0101, l\u012bdz ar ko riepa ir iztur\u012bg\u0101ka un ilgtsp\u0113j\u012bg\u0101ka.<\/span><o:p><\/o:p><\/p>\n<h3 style=\"margin: 14.0pt 0cm 4.0pt 0cm;\"><span style=\"font-size: 13.0pt; font-family: 'Arial',sans-serif; color: black;\">Sailun Endure WSL1 galven\u0101s \u012bpa\u0161\u012bbas<\/span><o:p><\/o:p><\/h3>\n<p style=\"margin: 12.0pt 0cm 12.0pt 0cm;\"><span style=\"font-size: 11.0pt; font-family: 'Arial',sans-serif; color: black;\">+Atdal\u012btie plecu bloki, kas izvietoti cits citam pret\u012b, sa\u012bsina bremz\u0113\u0161an\u0101s ce\u013cu un samazina trok\u0161\u0146u l\u012bmeni.<\/span><o:p><\/o:p><\/p>\n<p style=\"margin: 12.0pt 0cm 12.0pt 0cm;\"><span style=\"font-size: 11.0pt; font-family: 'Arial',sans-serif; color: black;\">+Riepas protektors vienm\u0113r\u012bgi sadala slodzi kontakta viet\u0101, palielinot riepas ilgtsp\u0113ju un iztur\u012bbu.<\/span><o:p><\/o:p><\/p>\n<p style=\"margin: 12.0pt 0cm 12.0pt 0cm;\"><span style=\"font-size: 11.0pt; font-family: 'Arial',sans-serif; color: black;\">+Palielin\u0101ts lame\u013cu skaits pal\u012bdz p\u0101rvar\u0113t ziemas apst\u0101k\u013cus un samazina bremz\u0113\u0161an\u0101s ce\u013cu.<\/span><o:p><\/o:p><\/p>\n<p style=\"margin: 12.0pt 0cm 12.0pt 0cm;\"><b><span style=\"font-size: 11.0pt; font-family: 'Arial',sans-serif; color: black;\">+ Kvalit\u0101te atbilst cenai!<\/span><\/b><o:p><\/o:p><\/p>\n<h3 style=\"margin: 14.0pt 0cm 4.0pt 0cm;\"><span style=\"font-size: 13.0pt; font-family: 'Arial',sans-serif; color: black;\">Sailun Endure WSL1 piem\u0113rot\u012bba Latvijas apst\u0101k\u013ciem<\/span><o:p><\/o:p><\/h3>\n<p style=\"margin: 12.0pt 0cm 12.0pt 0cm;\"><span style=\"font-size: 11.0pt; font-family: 'Arial',sans-serif; color: black;\">\u0160\u012bs riepas ir ide\u0101li piem\u0113rotas Eiropas klimata apst\u0101k\u013ciem, kur temperat\u016bra ziem\u0101 bie\u017ei sv\u0101rst\u0101s ap 0\u00b0C, \u0161\u0101di apst\u0101k\u013ci sastopami Latvijas apdz\u012bvot\u0101kaj\u0101s pils\u0113t\u0101s, it \u012bpa\u0161i R\u012bg\u0101. <b>Sailun Endure WSL1 <\/b>protektors labi novada sniegu un \u016bdeni, tam ir liela kontakta virsma, kas sa\u012bsina bremz\u0113\u0161an\u0101s ce\u013cu un palielina stabilit\u0101ti, k\u0101 ar\u012b samazina degvielas pat\u0113ri\u0146u. Palielin\u0101tais lame\u013cu skaits, savuk\u0101rt, pal\u012bdz tikt gal\u0101 ar sniegotiem ce\u013ciem. \u0160\u012b riepa b\u016bs piem\u0113rota tiem, kas ikdien\u0101 liel\u0101koties p\u0101rvietojas pa pils\u0113tas iel\u0101m.<\/span><\/p>\n","protected":false},"excerpt":{"rendered":"<p><b><span style=\"font-size: 11.0pt; font-family: 'Arial',sans-serif; color: black;\">Sailun Endure WSL1 <\/span><\/b><span style=\"font-size: 11.0pt; font-family: 'Arial',sans-serif; color: black;\">ir ziemas riepa, kas \u012bpa\u0161i izgatavota Eiropas klimata apst\u0101k\u013ciem. \u0160\u012bs riepas simetriskais raksts ar pla\u0161aj\u0101m dzren\u0101\u017eas riev\u0101m labi tiek gal\u0101 ar \u016bdens un sniega novadi, pal\u012bdzot ar\u012b akvaplan\u0113\u0161anas gad\u012bjum\u0101. \u010cetras protektora elementu virknes ir nep\u0101rtrauktas, kas samazina slodzi kontktpunkt\u0101, l\u012bdz ar ko riepa ir iztur\u012bg\u0101ka un ilgtsp\u0113j\u012bg\u0101ka.<\/span><\/p>\n","protected":false},"featured_media":878272,"template":"","meta":{"_acf_changed":false,"ngg_post_thumbnail":0},"product_brand":[],"product_cat":[47,45],"product_tag":[],"class_list":{"0":"post-294810","1":"product","2":"type-product","3":"status-publish","4":"has-post-thumbnail","6":"product_cat-vissezonas-riepas","7":"product_cat-ziemas-riepas","9":"first","10":"instock","11":"sale","12":"taxable","13":"shipping-taxable","14":"purchasable","15":"product-type-simple"},"acf":[],"yoast_head":"<!-- This site is optimized with the Yoast SEO Premium plugin v22.6 (Yoast SEO v27.3) - https:\/\/yoast.com\/product\/yoast-seo-premium-wordpress\/ -->\n<title>195\/70R15C Sailun Endure WSL1 104\/102R &#8226; MMK Riepas<\/title>\n<meta name=\"description\" content=\"Sailun WSL1 ziemas riepu modelis paredz\u0113ts komerctransportam. Visa veida Sailun riepas pieejamas abos MMK Riepu centros R\u012bg\u0101!\" \/>\n<meta name=\"robots\" content=\"index, follow, max-snippet:-1, max-image-preview:large, max-video-preview:-1\" \/>\n<link rel=\"canonical\" href=\"https:\/\/mmkriepas.lv\/en\/p\/195-70r15c-sailun-endure-wsl1-104-102r-2\/\" \/>\n<meta property=\"og:locale\" content=\"en_US\" \/>\n<meta property=\"og:type\" content=\"article\" \/>\n<meta property=\"og:title\" content=\"195\/70R15C Sailun Endure WSL1 104\/102R\" \/>\n<meta property=\"og:description\" content=\"Sailun WSL1 ziemas riepu modelis paredz\u0113ts komerctransportam. Visa veida Sailun riepas pieejamas abos MMK Riepu centros R\u012bg\u0101!\" \/>\n<meta property=\"og:url\" content=\"https:\/\/mmkriepas.lv\/en\/p\/195-70r15c-sailun-endure-wsl1-104-102r-2\/\" \/>\n<meta property=\"og:site_name\" content=\"MMK Riepas\" \/>\n<meta property=\"article:publisher\" content=\"https:\/\/www.facebook.com\/mmkserviss\/\" \/>\n<meta property=\"article:modified_time\" content=\"2026-03-27T10:29:13+00:00\" \/>\n<meta property=\"og:image\" content=\"https:\/\/mmkriepas.lv\/wp-content\/uploads\/2024\/03\/19560r16c-sailun-endure-wsl1-9997t-dot21-ziemas-riepas.jpg\" \/>\n\t<meta property=\"og:image:width\" content=\"1000\" \/>\n\t<meta property=\"og:image:height\" content=\"666\" \/>\n\t<meta property=\"og:image:type\" content=\"image\/jpeg\" \/>\n<meta name=\"twitter:card\" content=\"summary_large_image\" \/>\n<meta name=\"twitter:label1\" content=\"Price\" \/>\n\t<meta name=\"twitter:data1\" content=\"&euro;68.00\" \/>\n\t<meta name=\"twitter:label2\" content=\"Availability\" \/>\n\t<meta name=\"twitter:data2\" content=\"In stock\" \/>\n<script type=\"application\/ld+json\" class=\"yoast-schema-graph\">{\"@context\":\"https:\\\/\\\/schema.org\",\"@graph\":[{\"@type\":\"WebPage\",\"@id\":\"https:\\\/\\\/mmkriepas.lv\\\/en\\\/p\\\/195-70r15c-sailun-endure-wsl1-104-102r-2\\\/\",\"url\":\"https:\\\/\\\/mmkriepas.lv\\\/en\\\/p\\\/195-70r15c-sailun-endure-wsl1-104-102r-2\\\/\",\"name\":\"195\\\/70R15C Sailun Endure WSL1 104\\\/102R &#8226; MMK Riepas\",\"isPartOf\":{\"@id\":\"https:\\\/\\\/mmkriepas.lv\\\/en\\\/#website\"},\"primaryImageOfPage\":{\"@id\":\"https:\\\/\\\/mmkriepas.lv\\\/en\\\/p\\\/195-70r15c-sailun-endure-wsl1-104-102r-2\\\/#primaryimage\"},\"image\":{\"@id\":\"https:\\\/\\\/mmkriepas.lv\\\/en\\\/p\\\/195-70r15c-sailun-endure-wsl1-104-102r-2\\\/#primaryimage\"},\"thumbnailUrl\":\"https:\\\/\\\/mmkriepas.lv\\\/wp-content\\\/uploads\\\/2024\\\/03\\\/19560r16c-sailun-endure-wsl1-9997t-dot21-ziemas-riepas.jpg\",\"datePublished\":\"2022-08-16T08:11:24+00:00\",\"dateModified\":\"2026-03-27T10:29:13+00:00\",\"description\":\"Sailun WSL1 ziemas riepu modelis paredz\u0113ts komerctransportam. Visa veida Sailun riepas pieejamas abos MMK Riepu centros R\u012bg\u0101!\",\"breadcrumb\":{\"@id\":\"https:\\\/\\\/mmkriepas.lv\\\/en\\\/p\\\/195-70r15c-sailun-endure-wsl1-104-102r-2\\\/#breadcrumb\"},\"inLanguage\":\"en-US\",\"potentialAction\":[{\"@type\":\"ReadAction\",\"target\":[\"https:\\\/\\\/mmkriepas.lv\\\/en\\\/p\\\/195-70r15c-sailun-endure-wsl1-104-102r-2\\\/\"]}]},{\"@type\":\"ImageObject\",\"inLanguage\":\"en-US\",\"@id\":\"https:\\\/\\\/mmkriepas.lv\\\/en\\\/p\\\/195-70r15c-sailun-endure-wsl1-104-102r-2\\\/#primaryimage\",\"url\":\"https:\\\/\\\/mmkriepas.lv\\\/wp-content\\\/uploads\\\/2024\\\/03\\\/19560r16c-sailun-endure-wsl1-9997t-dot21-ziemas-riepas.jpg\",\"contentUrl\":\"https:\\\/\\\/mmkriepas.lv\\\/wp-content\\\/uploads\\\/2024\\\/03\\\/19560r16c-sailun-endure-wsl1-9997t-dot21-ziemas-riepas.jpg\",\"width\":1000,\"height\":666,\"caption\":\"MAIN\"},{\"@type\":\"BreadcrumbList\",\"@id\":\"https:\\\/\\\/mmkriepas.lv\\\/en\\\/p\\\/195-70r15c-sailun-endure-wsl1-104-102r-2\\\/#breadcrumb\",\"itemListElement\":[{\"@type\":\"ListItem\",\"position\":1,\"name\":\"S\u0101kums\",\"item\":\"https:\\\/\\\/mmkriepas.lv\\\/en\\\/\"},{\"@type\":\"ListItem\",\"position\":2,\"name\":\"195\\\/70R15C Sailun Endure WSL1 104\\\/102R\"}]},{\"@type\":\"WebSite\",\"@id\":\"https:\\\/\\\/mmkriepas.lv\\\/en\\\/#website\",\"url\":\"https:\\\/\\\/mmkriepas.lv\\\/en\\\/\",\"name\":\"MMK Riepas\",\"description\":\"MMK Riepas\",\"alternateName\":\"MMK Riepu Serviss\",\"potentialAction\":[{\"@type\":\"SearchAction\",\"target\":{\"@type\":\"EntryPoint\",\"urlTemplate\":\"https:\\\/\\\/mmkriepas.lv\\\/en\\\/?s={search_term_string}\"},\"query-input\":{\"@type\":\"PropertyValueSpecification\",\"valueRequired\":true,\"valueName\":\"search_term_string\"}}],\"inLanguage\":\"en-US\"},{\"@type\":\"ImageObject\",\"inLanguage\":\"en-US\",\"@id\":\"https:\\\/\\\/mmkriepas.lv\\\/en\\\/p\\\/195-70r15c-sailun-endure-wsl1-104-102r-2\\\/#local-main-organization-logo\",\"url\":\"\",\"contentUrl\":\"\",\"caption\":\"MMK Riepas\"}]}<\/script>\n<meta property=\"product:brand\" content=\"Sailun Endure WSL1\" \/>\n<meta property=\"product:price:amount\" content=\"68.00\" \/>\n<meta property=\"product:price:currency\" content=\"EUR\" \/>\n<meta property=\"og:availability\" content=\"instock\" \/>\n<meta property=\"product:availability\" content=\"instock\" \/>\n<meta property=\"product:retailer_item_id\" content=\"TW1957015SAILU-L7639\" \/>\n<meta property=\"product:condition\" content=\"new\" \/>\n<!-- \/ Yoast SEO Premium plugin. -->","yoast_head_json":{"title":"195\/70R15C Sailun Endure WSL1 104\/102R &#8226; MMK Riepas","description":"Sailun WSL1 ziemas riepu modelis paredz\u0113ts komerctransportam. Visa veida Sailun riepas pieejamas abos MMK Riepu centros R\u012bg\u0101!","robots":{"index":"index","follow":"follow","max-snippet":"max-snippet:-1","max-image-preview":"max-image-preview:large","max-video-preview":"max-video-preview:-1"},"canonical":"https:\/\/mmkriepas.lv\/en\/p\/195-70r15c-sailun-endure-wsl1-104-102r-2\/","og_locale":"en_US","og_type":"article","og_title":"195\/70R15C Sailun Endure WSL1 104\/102R","og_description":"Sailun WSL1 ziemas riepu modelis paredz\u0113ts komerctransportam. Visa veida Sailun riepas pieejamas abos MMK Riepu centros R\u012bg\u0101!","og_url":"https:\/\/mmkriepas.lv\/en\/p\/195-70r15c-sailun-endure-wsl1-104-102r-2\/","og_site_name":"MMK Riepas","article_publisher":"https:\/\/www.facebook.com\/mmkserviss\/","article_modified_time":"2026-03-27T10:29:13+00:00","og_image":[{"width":1000,"height":666,"url":"https:\/\/mmkriepas.lv\/wp-content\/uploads\/2024\/03\/19560r16c-sailun-endure-wsl1-9997t-dot21-ziemas-riepas.jpg","type":"image\/jpeg"}],"twitter_card":"summary_large_image","twitter_misc":{"Price":"&euro;68.00","Availability":"In stock"},"schema":{"@context":"https:\/\/schema.org","@graph":[{"@type":"WebPage","@id":"https:\/\/mmkriepas.lv\/en\/p\/195-70r15c-sailun-endure-wsl1-104-102r-2\/","url":"https:\/\/mmkriepas.lv\/en\/p\/195-70r15c-sailun-endure-wsl1-104-102r-2\/","name":"195\/70R15C Sailun Endure WSL1 104\/102R &#8226; MMK Riepas","isPartOf":{"@id":"https:\/\/mmkriepas.lv\/en\/#website"},"primaryImageOfPage":{"@id":"https:\/\/mmkriepas.lv\/en\/p\/195-70r15c-sailun-endure-wsl1-104-102r-2\/#primaryimage"},"image":{"@id":"https:\/\/mmkriepas.lv\/en\/p\/195-70r15c-sailun-endure-wsl1-104-102r-2\/#primaryimage"},"thumbnailUrl":"https:\/\/mmkriepas.lv\/wp-content\/uploads\/2024\/03\/19560r16c-sailun-endure-wsl1-9997t-dot21-ziemas-riepas.jpg","datePublished":"2022-08-16T08:11:24+00:00","dateModified":"2026-03-27T10:29:13+00:00","description":"Sailun WSL1 ziemas riepu modelis paredz\u0113ts komerctransportam. Visa veida Sailun riepas pieejamas abos MMK Riepu centros R\u012bg\u0101!","breadcrumb":{"@id":"https:\/\/mmkriepas.lv\/en\/p\/195-70r15c-sailun-endure-wsl1-104-102r-2\/#breadcrumb"},"inLanguage":"en-US","potentialAction":[{"@type":"ReadAction","target":["https:\/\/mmkriepas.lv\/en\/p\/195-70r15c-sailun-endure-wsl1-104-102r-2\/"]}]},{"@type":"ImageObject","inLanguage":"en-US","@id":"https:\/\/mmkriepas.lv\/en\/p\/195-70r15c-sailun-endure-wsl1-104-102r-2\/#primaryimage","url":"https:\/\/mmkriepas.lv\/wp-content\/uploads\/2024\/03\/19560r16c-sailun-endure-wsl1-9997t-dot21-ziemas-riepas.jpg","contentUrl":"https:\/\/mmkriepas.lv\/wp-content\/uploads\/2024\/03\/19560r16c-sailun-endure-wsl1-9997t-dot21-ziemas-riepas.jpg","width":1000,"height":666,"caption":"MAIN"},{"@type":"BreadcrumbList","@id":"https:\/\/mmkriepas.lv\/en\/p\/195-70r15c-sailun-endure-wsl1-104-102r-2\/#breadcrumb","itemListElement":[{"@type":"ListItem","position":1,"name":"S\u0101kums","item":"https:\/\/mmkriepas.lv\/en\/"},{"@type":"ListItem","position":2,"name":"195\/70R15C Sailun Endure WSL1 104\/102R"}]},{"@type":"WebSite","@id":"https:\/\/mmkriepas.lv\/en\/#website","url":"https:\/\/mmkriepas.lv\/en\/","name":"MMK Riepas","description":"MMK Riepas","alternateName":"MMK Riepu Serviss","potentialAction":[{"@type":"SearchAction","target":{"@type":"EntryPoint","urlTemplate":"https:\/\/mmkriepas.lv\/en\/?s={search_term_string}"},"query-input":{"@type":"PropertyValueSpecification","valueRequired":true,"valueName":"search_term_string"}}],"inLanguage":"en-US"},{"@type":"ImageObject","inLanguage":"en-US","@id":"https:\/\/mmkriepas.lv\/en\/p\/195-70r15c-sailun-endure-wsl1-104-102r-2\/#local-main-organization-logo","url":"","contentUrl":"","caption":"MMK Riepas"}]},"product_brand":"Sailun Endure WSL1","product_price_amount":"68.00","product_price_currency":"EUR","og_availability":"instock","product_availability":"instock","product_retailer_item_id":"TW1957015SAILU-L7639","product_condition":"new"},"_links":{"self":[{"href":"https:\/\/mmkriepas.lv\/en\/wp-json\/wp\/v2\/product\/294810","targetHints":{"allow":["GET"]}}],"collection":[{"href":"https:\/\/mmkriepas.lv\/en\/wp-json\/wp\/v2\/product"}],"about":[{"href":"https:\/\/mmkriepas.lv\/en\/wp-json\/wp\/v2\/types\/product"}],"wp:featuredmedia":[{"embeddable":true,"href":"https:\/\/mmkriepas.lv\/en\/wp-json\/wp\/v2\/media\/878272"}],"wp:attachment":[{"href":"https:\/\/mmkriepas.lv\/en\/wp-json\/wp\/v2\/media?parent=294810"}],"wp:term":[{"taxonomy":"product_brand","embeddable":true,"href":"https:\/\/mmkriepas.lv\/en\/wp-json\/wp\/v2\/product_brand?post=294810"},{"taxonomy":"product_cat","embeddable":true,"href":"https:\/\/mmkriepas.lv\/en\/wp-json\/wp\/v2\/product_cat?post=294810"},{"taxonomy":"product_tag","embeddable":true,"href":"https:\/\/mmkriepas.lv\/en\/wp-json\/wp\/v2\/product_tag?post=294810"}],"curies":[{"name":"wp","href":"https:\/\/api.w.org\/{rel}","templated":true}]}}