{"id":294732,"date":"2022-08-16T11:07:37","date_gmt":"2022-08-16T08:07:37","guid":{"rendered":"https:\/\/mmkserviss.lv\/?post_type=product&#038;p=294732"},"modified":"2026-03-27T12:28:58","modified_gmt":"2026-03-27T10:28:58","slug":"295-35r21-yokohama-ice-guard-stud-ig55-107t-xl-ar-radzem","status":"publish","type":"product","link":"https:\/\/mmkriepas.lv\/en\/p\/295-35r21-yokohama-ice-guard-stud-ig55-107t-xl-ar-radzem\/","title":{"rendered":"295\/35R21 Yokohama ice GUARD Stud iG55 107T XL RPB ar radz\u0113m"},"content":{"rendered":"<p><b><span style=\"font-family: 'Arial',sans-serif;\">Yokohama iceGUARD Stud iG55 <\/span><\/b><span style=\"font-family: 'Arial',sans-serif;\">ir augst\u0101k\u0101s klases jeb premium klases ziemas riepas ar radz\u0113m. Riepas ra\u017eotas un izstr\u0101d\u0101tas Jap\u0101n\u0101. <b>iceGUARD Stud iG55 <\/b>ir rad\u017eu riepu modelis, kas paredz\u0113ts gan vieglajiem auto, gan apvidus jeb SUV automa\u0161\u012bn\u0101m un piem\u0113rots brauk\u0161anai \u012bpa\u0161i skarbos ziemas apst\u0101k\u013cos.<o:p><\/o:p><\/span><\/p>\n<h3><span style=\"font-family: 'Arial',sans-serif;\">iceGUARD Stud iG55 galven\u0101s iez\u012bmes:<o:p><\/o:p><\/span><\/h3>\n<p><span style=\"font-family: 'Arial',sans-serif;\">+ Lieliska sa\u0137ere gan snieg\u0101, gan ar\u012b uz ledus, pateicoties radz\u0113m. <o:p><\/o:p><\/span><\/p>\n<p><span style=\"font-family: 'Arial',sans-serif;\">+ \u012apa\u0161i agres\u012bvs protektora dizains, <o:p><\/o:p><\/span><\/p>\n<p><span style=\"font-family: 'Arial',sans-serif;\">+ Paaugstin\u0101ta nodilumiztur\u012bba, <o:p><\/o:p><\/span><\/p>\n<p><span style=\"font-family: 'Arial',sans-serif;\">+ Riepas izgatavo\u0161an\u0101 izmantoti jaun\u0101kie tehnolo\u0123iskie risin\u0101jumi, <o:p><\/o:p><\/span><\/p>\n<p><span style=\"font-family: 'Arial',sans-serif;\">+ Uzlabots riepu gumijas sast\u0101vs, kas papildin\u0101ts ar Orange Oil S tehnolo\u0123iju, <o:p><\/o:p><\/span><\/p>\n<p><span style=\"font-family: 'Arial',sans-serif;\">+ Lieliska cenas un veiktsp\u0113jas attiec\u012bba<o:p><\/o:p><\/span><\/p>\n<h3><span style=\"font-family: 'Arial',sans-serif;\">iceGUARD Stud iG55 apr\u012bkojums<o:p><\/o:p><\/span><\/h3>\n<p><b><span style=\"font-family: 'Arial',sans-serif;\">Yokohama iceGUARD Stud iG55 <\/span><\/b><span style=\"font-family: 'Arial',sans-serif;\">riepas apr\u012bkotas ar agres\u012bvu protektora dizainu un veidotas no augstv\u0113rt\u012bga gumijas mais\u012bjuma, kam pievienots Yokohama brendam rakstur\u012bgais Orange Oil S mais\u012bjums. Tas b\u016btiski samazina rites pretest\u012bbu, k\u0101 ar\u012b nodro\u0161ina riepu elast\u012bbas saglab\u0101\u0161anos pat zem\u0101kaj\u0101s gaisa temperat\u016br\u0101s. \u0160im riepu modelim speci\u0101li izstr\u0101d\u0101ta rad\u017eu s\u0113\u017eas zona, kas pasarg\u0101 radzes no izkri\u0161anas. Radzes b\u016btiski uzlabo sa\u0137eri un manevr\u0113tsp\u0113ju uz ledus, k\u0101 ar\u012b paildzina riepu kalpotsp\u0113ju par l\u012bdz pat 40%. Starp mas\u012bvajiem protektora blokiem izveidota att\u012bst\u012bta dren\u0101\u017eas kan\u0101lu sist\u0113ma, kas lieliski izvada \u016bdeni, sniegu un dub\u013cus no riepu saskares zonas ar ce\u013cu, samazinot akvaplan\u0113\u0161anas risku.<\/span><\/p>\n","protected":false},"excerpt":{"rendered":"<p><b><span style=\"font-family: 'Arial',sans-serif;\">Yokohama iceGUARD Stud iG55 <\/span><\/b><span style=\"font-family: 'Arial',sans-serif;\">ir augst\u0101k\u0101s klases jeb premium klases ziemas riepas ar radz\u0113m. Riepas ra\u017eotas un izstr\u0101d\u0101tas Jap\u0101n\u0101. <b>iceGUARD Stud iG55 <\/b>ir rad\u017eu riepu modelis, kas paredz\u0113ts gan vieglajiem auto, gan apvidus jeb SUV automa\u0161\u012bn\u0101m un piem\u0113rots brauk\u0161anai \u012bpa\u0161i skarbos ziemas apst\u0101k\u013cos.<\/span><\/p>\n","protected":false},"featured_media":904307,"template":"","meta":{"_acf_changed":false,"ngg_post_thumbnail":0},"product_brand":[],"product_cat":[45,48],"product_tag":[],"class_list":{"0":"post-294732","1":"product","2":"type-product","3":"status-publish","4":"has-post-thumbnail","6":"product_cat-ziemas-riepas","7":"product_cat-ziemas-ar-radzem","9":"first","10":"instock","11":"sale","12":"taxable","13":"shipping-taxable","14":"purchasable","15":"product-type-simple"},"acf":[],"yoast_head":"<!-- This site is optimized with the Yoast SEO Premium plugin v22.6 (Yoast SEO v27.3) - https:\/\/yoast.com\/product\/yoast-seo-premium-wordpress\/ -->\n<title>295\/35R21 Yokohama ice GUARD Stud iG55 107T XL RPB ar radz\u0113m &#8226; MMK Riepas<\/title>\n<meta name=\"description\" content=\"Yokohama iceGUARD Stud iG55 - Jap\u0101n\u0101 ra\u017eotas premium rad\u017eu riepas skarbiem ziemas apst\u0101k\u013ciem. Pieejamas MMK riepu centros par lab\u0101ko cenu!\" \/>\n<meta name=\"robots\" content=\"index, follow, max-snippet:-1, max-image-preview:large, max-video-preview:-1\" \/>\n<link rel=\"canonical\" href=\"https:\/\/mmkriepas.lv\/en\/p\/295-35r21-yokohama-ice-guard-stud-ig55-107t-xl-ar-radzem\/\" \/>\n<meta property=\"og:locale\" content=\"en_US\" \/>\n<meta property=\"og:type\" content=\"article\" \/>\n<meta property=\"og:title\" content=\"295\/35R21 Yokohama ice GUARD Stud iG55 107T XL RPB ar radz\u0113m\" \/>\n<meta property=\"og:description\" content=\"Yokohama iceGUARD Stud iG55 - Jap\u0101n\u0101 ra\u017eotas premium rad\u017eu riepas skarbiem ziemas apst\u0101k\u013ciem. Pieejamas MMK riepu centros par lab\u0101ko cenu!\" \/>\n<meta property=\"og:url\" content=\"https:\/\/mmkriepas.lv\/en\/p\/295-35r21-yokohama-ice-guard-stud-ig55-107t-xl-ar-radzem\/\" \/>\n<meta property=\"og:site_name\" content=\"MMK Riepas\" \/>\n<meta property=\"article:publisher\" content=\"https:\/\/www.facebook.com\/mmkserviss\/\" \/>\n<meta property=\"article:modified_time\" content=\"2026-03-27T10:28:58+00:00\" \/>\n<meta property=\"og:image\" content=\"https:\/\/mmkriepas.lv\/wp-content\/uploads\/2024\/05\/yokohama-iceguard-stud-ig55.jpg\" \/>\n\t<meta property=\"og:image:width\" content=\"900\" \/>\n\t<meta property=\"og:image:height\" content=\"720\" \/>\n\t<meta property=\"og:image:type\" content=\"image\/jpeg\" \/>\n<meta name=\"twitter:card\" content=\"summary_large_image\" \/>\n<meta name=\"twitter:label1\" content=\"Price\" \/>\n\t<meta name=\"twitter:data1\" content=\"&euro;267.00\" \/>\n\t<meta name=\"twitter:label2\" content=\"Availability\" \/>\n\t<meta name=\"twitter:data2\" content=\"In stock\" \/>\n<script type=\"application\/ld+json\" class=\"yoast-schema-graph\">{\"@context\":\"https:\\\/\\\/schema.org\",\"@graph\":[{\"@type\":\"WebPage\",\"@id\":\"https:\\\/\\\/mmkriepas.lv\\\/en\\\/p\\\/295-35r21-yokohama-ice-guard-stud-ig55-107t-xl-ar-radzem\\\/\",\"url\":\"https:\\\/\\\/mmkriepas.lv\\\/en\\\/p\\\/295-35r21-yokohama-ice-guard-stud-ig55-107t-xl-ar-radzem\\\/\",\"name\":\"295\\\/35R21 Yokohama ice GUARD Stud iG55 107T XL RPB ar radz\u0113m &#8226; MMK Riepas\",\"isPartOf\":{\"@id\":\"https:\\\/\\\/mmkriepas.lv\\\/en\\\/#website\"},\"primaryImageOfPage\":{\"@id\":\"https:\\\/\\\/mmkriepas.lv\\\/en\\\/p\\\/295-35r21-yokohama-ice-guard-stud-ig55-107t-xl-ar-radzem\\\/#primaryimage\"},\"image\":{\"@id\":\"https:\\\/\\\/mmkriepas.lv\\\/en\\\/p\\\/295-35r21-yokohama-ice-guard-stud-ig55-107t-xl-ar-radzem\\\/#primaryimage\"},\"thumbnailUrl\":\"https:\\\/\\\/mmkriepas.lv\\\/wp-content\\\/uploads\\\/2024\\\/05\\\/yokohama-iceguard-stud-ig55.jpg\",\"datePublished\":\"2022-08-16T08:07:37+00:00\",\"dateModified\":\"2026-03-27T10:28:58+00:00\",\"description\":\"Yokohama iceGUARD Stud iG55 - Jap\u0101n\u0101 ra\u017eotas premium rad\u017eu riepas skarbiem ziemas apst\u0101k\u013ciem. Pieejamas MMK riepu centros par lab\u0101ko cenu!\",\"breadcrumb\":{\"@id\":\"https:\\\/\\\/mmkriepas.lv\\\/en\\\/p\\\/295-35r21-yokohama-ice-guard-stud-ig55-107t-xl-ar-radzem\\\/#breadcrumb\"},\"inLanguage\":\"en-US\",\"potentialAction\":[{\"@type\":\"ReadAction\",\"target\":[\"https:\\\/\\\/mmkriepas.lv\\\/en\\\/p\\\/295-35r21-yokohama-ice-guard-stud-ig55-107t-xl-ar-radzem\\\/\"]}]},{\"@type\":\"ImageObject\",\"inLanguage\":\"en-US\",\"@id\":\"https:\\\/\\\/mmkriepas.lv\\\/en\\\/p\\\/295-35r21-yokohama-ice-guard-stud-ig55-107t-xl-ar-radzem\\\/#primaryimage\",\"url\":\"https:\\\/\\\/mmkriepas.lv\\\/wp-content\\\/uploads\\\/2024\\\/05\\\/yokohama-iceguard-stud-ig55.jpg\",\"contentUrl\":\"https:\\\/\\\/mmkriepas.lv\\\/wp-content\\\/uploads\\\/2024\\\/05\\\/yokohama-iceguard-stud-ig55.jpg\",\"width\":900,\"height\":720,\"caption\":\"MAIN\"},{\"@type\":\"BreadcrumbList\",\"@id\":\"https:\\\/\\\/mmkriepas.lv\\\/en\\\/p\\\/295-35r21-yokohama-ice-guard-stud-ig55-107t-xl-ar-radzem\\\/#breadcrumb\",\"itemListElement\":[{\"@type\":\"ListItem\",\"position\":1,\"name\":\"S\u0101kums\",\"item\":\"https:\\\/\\\/mmkriepas.lv\\\/en\\\/\"},{\"@type\":\"ListItem\",\"position\":2,\"name\":\"295\\\/35R21 Yokohama ice GUARD Stud iG55 107T XL RPB ar radz\u0113m\"}]},{\"@type\":\"WebSite\",\"@id\":\"https:\\\/\\\/mmkriepas.lv\\\/en\\\/#website\",\"url\":\"https:\\\/\\\/mmkriepas.lv\\\/en\\\/\",\"name\":\"MMK Riepas\",\"description\":\"MMK Riepas\",\"alternateName\":\"MMK Riepu Serviss\",\"potentialAction\":[{\"@type\":\"SearchAction\",\"target\":{\"@type\":\"EntryPoint\",\"urlTemplate\":\"https:\\\/\\\/mmkriepas.lv\\\/en\\\/?s={search_term_string}\"},\"query-input\":{\"@type\":\"PropertyValueSpecification\",\"valueRequired\":true,\"valueName\":\"search_term_string\"}}],\"inLanguage\":\"en-US\"},{\"@type\":\"ImageObject\",\"inLanguage\":\"en-US\",\"@id\":\"https:\\\/\\\/mmkriepas.lv\\\/en\\\/p\\\/295-35r21-yokohama-ice-guard-stud-ig55-107t-xl-ar-radzem\\\/#local-main-organization-logo\",\"url\":\"\",\"contentUrl\":\"\",\"caption\":\"MMK Riepas\"}]}<\/script>\n<meta property=\"product:brand\" content=\"Yokohama iceGUARD Stud iG55\" \/>\n<meta property=\"product:price:amount\" content=\"267.00\" \/>\n<meta property=\"product:price:currency\" content=\"EUR\" \/>\n<meta property=\"og:availability\" content=\"instock\" \/>\n<meta property=\"product:availability\" content=\"instock\" \/>\n<meta property=\"product:retailer_item_id\" content=\"TR2953521YOKOH-L7608\" \/>\n<meta property=\"product:condition\" content=\"new\" \/>\n<!-- \/ Yoast SEO Premium plugin. -->","yoast_head_json":{"title":"295\/35R21 Yokohama ice GUARD Stud iG55 107T XL RPB ar radz\u0113m &#8226; MMK Riepas","description":"Yokohama iceGUARD Stud iG55 - Jap\u0101n\u0101 ra\u017eotas premium rad\u017eu riepas skarbiem ziemas apst\u0101k\u013ciem. Pieejamas MMK riepu centros par lab\u0101ko cenu!","robots":{"index":"index","follow":"follow","max-snippet":"max-snippet:-1","max-image-preview":"max-image-preview:large","max-video-preview":"max-video-preview:-1"},"canonical":"https:\/\/mmkriepas.lv\/en\/p\/295-35r21-yokohama-ice-guard-stud-ig55-107t-xl-ar-radzem\/","og_locale":"en_US","og_type":"article","og_title":"295\/35R21 Yokohama ice GUARD Stud iG55 107T XL RPB ar radz\u0113m","og_description":"Yokohama iceGUARD Stud iG55 - Jap\u0101n\u0101 ra\u017eotas premium rad\u017eu riepas skarbiem ziemas apst\u0101k\u013ciem. Pieejamas MMK riepu centros par lab\u0101ko cenu!","og_url":"https:\/\/mmkriepas.lv\/en\/p\/295-35r21-yokohama-ice-guard-stud-ig55-107t-xl-ar-radzem\/","og_site_name":"MMK Riepas","article_publisher":"https:\/\/www.facebook.com\/mmkserviss\/","article_modified_time":"2026-03-27T10:28:58+00:00","og_image":[{"width":900,"height":720,"url":"https:\/\/mmkriepas.lv\/wp-content\/uploads\/2024\/05\/yokohama-iceguard-stud-ig55.jpg","type":"image\/jpeg"}],"twitter_card":"summary_large_image","twitter_misc":{"Price":"&euro;267.00","Availability":"In stock"},"schema":{"@context":"https:\/\/schema.org","@graph":[{"@type":"WebPage","@id":"https:\/\/mmkriepas.lv\/en\/p\/295-35r21-yokohama-ice-guard-stud-ig55-107t-xl-ar-radzem\/","url":"https:\/\/mmkriepas.lv\/en\/p\/295-35r21-yokohama-ice-guard-stud-ig55-107t-xl-ar-radzem\/","name":"295\/35R21 Yokohama ice GUARD Stud iG55 107T XL RPB ar radz\u0113m &#8226; MMK Riepas","isPartOf":{"@id":"https:\/\/mmkriepas.lv\/en\/#website"},"primaryImageOfPage":{"@id":"https:\/\/mmkriepas.lv\/en\/p\/295-35r21-yokohama-ice-guard-stud-ig55-107t-xl-ar-radzem\/#primaryimage"},"image":{"@id":"https:\/\/mmkriepas.lv\/en\/p\/295-35r21-yokohama-ice-guard-stud-ig55-107t-xl-ar-radzem\/#primaryimage"},"thumbnailUrl":"https:\/\/mmkriepas.lv\/wp-content\/uploads\/2024\/05\/yokohama-iceguard-stud-ig55.jpg","datePublished":"2022-08-16T08:07:37+00:00","dateModified":"2026-03-27T10:28:58+00:00","description":"Yokohama iceGUARD Stud iG55 - Jap\u0101n\u0101 ra\u017eotas premium rad\u017eu riepas skarbiem ziemas apst\u0101k\u013ciem. Pieejamas MMK riepu centros par lab\u0101ko cenu!","breadcrumb":{"@id":"https:\/\/mmkriepas.lv\/en\/p\/295-35r21-yokohama-ice-guard-stud-ig55-107t-xl-ar-radzem\/#breadcrumb"},"inLanguage":"en-US","potentialAction":[{"@type":"ReadAction","target":["https:\/\/mmkriepas.lv\/en\/p\/295-35r21-yokohama-ice-guard-stud-ig55-107t-xl-ar-radzem\/"]}]},{"@type":"ImageObject","inLanguage":"en-US","@id":"https:\/\/mmkriepas.lv\/en\/p\/295-35r21-yokohama-ice-guard-stud-ig55-107t-xl-ar-radzem\/#primaryimage","url":"https:\/\/mmkriepas.lv\/wp-content\/uploads\/2024\/05\/yokohama-iceguard-stud-ig55.jpg","contentUrl":"https:\/\/mmkriepas.lv\/wp-content\/uploads\/2024\/05\/yokohama-iceguard-stud-ig55.jpg","width":900,"height":720,"caption":"MAIN"},{"@type":"BreadcrumbList","@id":"https:\/\/mmkriepas.lv\/en\/p\/295-35r21-yokohama-ice-guard-stud-ig55-107t-xl-ar-radzem\/#breadcrumb","itemListElement":[{"@type":"ListItem","position":1,"name":"S\u0101kums","item":"https:\/\/mmkriepas.lv\/en\/"},{"@type":"ListItem","position":2,"name":"295\/35R21 Yokohama ice GUARD Stud iG55 107T XL RPB ar radz\u0113m"}]},{"@type":"WebSite","@id":"https:\/\/mmkriepas.lv\/en\/#website","url":"https:\/\/mmkriepas.lv\/en\/","name":"MMK Riepas","description":"MMK Riepas","alternateName":"MMK Riepu Serviss","potentialAction":[{"@type":"SearchAction","target":{"@type":"EntryPoint","urlTemplate":"https:\/\/mmkriepas.lv\/en\/?s={search_term_string}"},"query-input":{"@type":"PropertyValueSpecification","valueRequired":true,"valueName":"search_term_string"}}],"inLanguage":"en-US"},{"@type":"ImageObject","inLanguage":"en-US","@id":"https:\/\/mmkriepas.lv\/en\/p\/295-35r21-yokohama-ice-guard-stud-ig55-107t-xl-ar-radzem\/#local-main-organization-logo","url":"","contentUrl":"","caption":"MMK Riepas"}]},"product_brand":"Yokohama iceGUARD Stud iG55","product_price_amount":"267.00","product_price_currency":"EUR","og_availability":"instock","product_availability":"instock","product_retailer_item_id":"TR2953521YOKOH-L7608","product_condition":"new"},"_links":{"self":[{"href":"https:\/\/mmkriepas.lv\/en\/wp-json\/wp\/v2\/product\/294732","targetHints":{"allow":["GET"]}}],"collection":[{"href":"https:\/\/mmkriepas.lv\/en\/wp-json\/wp\/v2\/product"}],"about":[{"href":"https:\/\/mmkriepas.lv\/en\/wp-json\/wp\/v2\/types\/product"}],"wp:featuredmedia":[{"embeddable":true,"href":"https:\/\/mmkriepas.lv\/en\/wp-json\/wp\/v2\/media\/904307"}],"wp:attachment":[{"href":"https:\/\/mmkriepas.lv\/en\/wp-json\/wp\/v2\/media?parent=294732"}],"wp:term":[{"taxonomy":"product_brand","embeddable":true,"href":"https:\/\/mmkriepas.lv\/en\/wp-json\/wp\/v2\/product_brand?post=294732"},{"taxonomy":"product_cat","embeddable":true,"href":"https:\/\/mmkriepas.lv\/en\/wp-json\/wp\/v2\/product_cat?post=294732"},{"taxonomy":"product_tag","embeddable":true,"href":"https:\/\/mmkriepas.lv\/en\/wp-json\/wp\/v2\/product_tag?post=294732"}],"curies":[{"name":"wp","href":"https:\/\/api.w.org\/{rel}","templated":true}]}}