{"id":294546,"date":"2022-08-16T10:58:43","date_gmt":"2022-08-16T07:58:43","guid":{"rendered":"https:\/\/mmkserviss.lv\/?post_type=product&#038;p=294546"},"modified":"2026-03-20T00:00:38","modified_gmt":"2026-03-19T22:00:38","slug":"255-45r20-hankook-winter-icept-evo3-w330-105v-xl","status":"publish","type":"product","link":"https:\/\/mmkriepas.lv\/en\/p\/255-45r20-hankook-winter-icept-evo3-w330-105v-xl\/","title":{"rendered":"255\/45R20 Hankook Winter i*cept evo3 X W330A 105V XL RP"},"content":{"rendered":"<p><span style=\"font-family: arial, helvetica, sans-serif;\"><strong>Hankook Winter i*cept evo3 X W330A<\/strong> ir ziemas riepu modelis ar virz\u012btu protektora dizainu. Pie \u0161\u012b mode\u013ca neap\u0161aub\u0101m\u0101m priek\u0161roc\u012bb\u0101m ra\u017eot\u0101js pieskaita krietni samazin\u0101tu akvaplan\u0113\u0161anas risku, lielisku manevr\u0113tsp\u0113ju, stabilit\u0101ti snieg\u0101, k\u0101 ar\u012b gludu un komfortablu gaitu.<\/span><\/p>\n<h3><span style=\"font-family: arial, helvetica, sans-serif;\">Winter i*cept evo3 X W330A galven\u0101s iez\u012bmes<\/span><\/h3>\n<p><span style=\"font-family: arial, helvetica, sans-serif;\">+ Premium kvalit\u0101tes riepas!<\/span><\/p>\n<p><span style=\"font-family: arial, helvetica, sans-serif;\">+ Samazin\u0101ts akvaplan\u0113\u0161anas risks!<\/span><\/p>\n<p><span style=\"font-family: arial, helvetica, sans-serif;\">+ Uzlabota manevr\u0113tsp\u0113ja!<\/span><\/p>\n<p><span style=\"font-family: arial, helvetica, sans-serif;\">+ Stabila veiktsp\u0113ja snieg\u0101!<\/span><\/p>\n<p><span style=\"font-family: arial, helvetica, sans-serif;\">+ Ilglaic\u012bga kalpotsp\u0113ja!<\/span><\/p>\n<p><span style=\"font-family: arial, helvetica, sans-serif;\">+ Gluda un komfortabla brauk\u0161ana!<\/span><\/p>\n<h3><span style=\"font-family: arial, helvetica, sans-serif;\">Winter i*cept evo3 X W330A protektora raksts<\/span><\/h3>\n<p><span style=\"font-family: arial, helvetica, sans-serif;\">At\u0161\u0137ir\u012bb\u0101 no \u0161\u012b mode\u013ca pirmste\u010da, riepas protektora raksts ir simetrisks un virz\u012bts, padarot riepu\u00a0 veiktsp\u0113j\u012bg\u0101ku snieg\u0101 un uz slapj\u0101m ce\u013ca virsm\u0101m. Plat\u0101s dren\u0101\u017eas rievas p\u0101rliecino\u0161i tiek gal\u0101 ar \u016bdens un sniega novadi.<\/span><\/p>\n<p><span style=\"font-family: arial, helvetica, sans-serif;\"><strong>Hankook Winter i*cept evo3 X W330A <\/strong>modelis rad\u012bts, \u0146emot v\u0113r\u0101 Centr\u0101leiropai rakstur\u012bgos laikapst\u0101k\u013cus, kur ziemas laik\u0101 bie\u017ei l\u012bst un temperat\u016bra sv\u0101rst\u0101s ap 0\u00baC. \u0160is ziemas riepu modelis b\u016bs piem\u0113rots pils\u0113tniekiem. Premium ziemas riepa par labu cenu!<\/span><\/p>\n<p><span style=\"font-family: arial, helvetica, sans-serif;\">\u0160\u012b mode\u013ca lieto\u0161anas dro\u0161\u012bbu ziemas laika apst\u0101k\u013cos un t\u0101 atbilst\u012bbu valst\u012bm ar oblig\u0101tu sezon\u0101lo riepu mai\u0146u apstiprina mar\u0137\u0113jums sniegp\u0101rslas form\u0101 uz kalna fona ar trim virsotn\u0113m (3PMSF).<\/span><\/p>\n","protected":false},"excerpt":{"rendered":"<p><span style=\"font-family: arial, helvetica, sans-serif;\"><strong>Hankook Winter i*cept evo3 X W330A<\/strong> ir ziemas riepu modelis ar virz\u012btu protektora dizainu. Pie \u0161\u012b mode\u013ca neap\u0161aub\u0101m\u0101m priek\u0161roc\u012bb\u0101m ra\u017eot\u0101js pieskaita krietni samazin\u0101tu akvaplan\u0113\u0161anas risku, lielisku manevr\u0113tsp\u0113ju, stabilit\u0101ti snieg\u0101, k\u0101 ar\u012b gludu un komfortablu gaitu.<\/span><\/p>\n","protected":false},"featured_media":336426,"template":"","meta":{"_acf_changed":false,"ngg_post_thumbnail":0},"product_brand":[],"product_cat":[47,45],"product_tag":[],"class_list":{"0":"post-294546","1":"product","2":"type-product","3":"status-publish","4":"has-post-thumbnail","6":"product_cat-vissezonas-riepas","7":"product_cat-ziemas-riepas","9":"first","10":"instock","11":"sale","12":"taxable","13":"shipping-taxable","14":"product-type-simple"},"acf":[],"yoast_head":"<!-- This site is optimized with the Yoast SEO Premium plugin v22.6 (Yoast SEO v27.3) - https:\/\/yoast.com\/product\/yoast-seo-premium-wordpress\/ -->\n<title>255\/45R20 Hankook Winter i*cept evo3 X W330A 105V XL RP &#8226; MMK Riepas<\/title>\n<meta name=\"robots\" content=\"index, follow, max-snippet:-1, max-image-preview:large, max-video-preview:-1\" \/>\n<link rel=\"canonical\" href=\"https:\/\/mmkriepas.lv\/en\/p\/255-45r20-hankook-winter-icept-evo3-w330-105v-xl\/\" \/>\n<meta property=\"og:locale\" content=\"en_US\" \/>\n<meta property=\"og:type\" content=\"article\" \/>\n<meta property=\"og:title\" content=\"255\/45R20 Hankook Winter i*cept evo3 X W330A 105V XL RP\" \/>\n<meta property=\"og:description\" content=\"Hankook Winter i*cept evo3 X W330A ir ziemas riepu modelis ar virz\u012btu protektora dizainu. Pie \u0161\u012b mode\u013ca neap\u0161aub\u0101m\u0101m priek\u0161roc\u012bb\u0101m ra\u017eot\u0101js pieskaita krietni samazin\u0101tu akvaplan\u0113\u0161anas risku, lielisku manevr\u0113tsp\u0113ju, stabilit\u0101ti snieg\u0101, k\u0101 ar\u012b gludu un komfortablu gaitu.\" \/>\n<meta property=\"og:url\" content=\"https:\/\/mmkriepas.lv\/en\/p\/255-45r20-hankook-winter-icept-evo3-w330-105v-xl\/\" \/>\n<meta property=\"og:site_name\" content=\"MMK Riepas\" \/>\n<meta property=\"article:publisher\" content=\"https:\/\/www.facebook.com\/mmkserviss\/\" \/>\n<meta property=\"article:modified_time\" content=\"2026-03-19T22:00:38+00:00\" \/>\n<meta property=\"og:image\" content=\"https:\/\/mmkriepas.lv\/wp-content\/uploads\/2022\/09\/23560r17-hankook-winter-icept-evo3-x-w330a-106h-xl-ziemas-riepas-2.jpg\" \/>\n\t<meta property=\"og:image:width\" content=\"1920\" \/>\n\t<meta property=\"og:image:height\" content=\"1277\" \/>\n\t<meta property=\"og:image:type\" content=\"image\/jpeg\" \/>\n<meta name=\"twitter:card\" content=\"summary_large_image\" \/>\n<meta name=\"twitter:label1\" content=\"Price\" \/>\n\t<meta name=\"twitter:data1\" content=\"&euro;230.00\" \/>\n\t<meta name=\"twitter:label2\" content=\"Availability\" \/>\n\t<meta name=\"twitter:data2\" content=\"In stock\" \/>\n<script type=\"application\/ld+json\" class=\"yoast-schema-graph\">{\"@context\":\"https:\\\/\\\/schema.org\",\"@graph\":[{\"@type\":\"WebPage\",\"@id\":\"https:\\\/\\\/mmkriepas.lv\\\/en\\\/p\\\/255-45r20-hankook-winter-icept-evo3-w330-105v-xl\\\/\",\"url\":\"https:\\\/\\\/mmkriepas.lv\\\/en\\\/p\\\/255-45r20-hankook-winter-icept-evo3-w330-105v-xl\\\/\",\"name\":\"255\\\/45R20 Hankook Winter i*cept evo3 X W330A 105V XL RP &#8226; MMK Riepas\",\"isPartOf\":{\"@id\":\"https:\\\/\\\/mmkriepas.lv\\\/en\\\/#website\"},\"primaryImageOfPage\":{\"@id\":\"https:\\\/\\\/mmkriepas.lv\\\/en\\\/p\\\/255-45r20-hankook-winter-icept-evo3-w330-105v-xl\\\/#primaryimage\"},\"image\":{\"@id\":\"https:\\\/\\\/mmkriepas.lv\\\/en\\\/p\\\/255-45r20-hankook-winter-icept-evo3-w330-105v-xl\\\/#primaryimage\"},\"thumbnailUrl\":\"https:\\\/\\\/mmkriepas.lv\\\/wp-content\\\/uploads\\\/2022\\\/09\\\/23560r17-hankook-winter-icept-evo3-x-w330a-106h-xl-ziemas-riepas-2.jpg\",\"datePublished\":\"2022-08-16T07:58:43+00:00\",\"dateModified\":\"2026-03-19T22:00:38+00:00\",\"breadcrumb\":{\"@id\":\"https:\\\/\\\/mmkriepas.lv\\\/en\\\/p\\\/255-45r20-hankook-winter-icept-evo3-w330-105v-xl\\\/#breadcrumb\"},\"inLanguage\":\"en-US\",\"potentialAction\":[{\"@type\":\"ReadAction\",\"target\":[\"https:\\\/\\\/mmkriepas.lv\\\/en\\\/p\\\/255-45r20-hankook-winter-icept-evo3-w330-105v-xl\\\/\"]}]},{\"@type\":\"ImageObject\",\"inLanguage\":\"en-US\",\"@id\":\"https:\\\/\\\/mmkriepas.lv\\\/en\\\/p\\\/255-45r20-hankook-winter-icept-evo3-w330-105v-xl\\\/#primaryimage\",\"url\":\"https:\\\/\\\/mmkriepas.lv\\\/wp-content\\\/uploads\\\/2022\\\/09\\\/23560r17-hankook-winter-icept-evo3-x-w330a-106h-xl-ziemas-riepas-2.jpg\",\"contentUrl\":\"https:\\\/\\\/mmkriepas.lv\\\/wp-content\\\/uploads\\\/2022\\\/09\\\/23560r17-hankook-winter-icept-evo3-x-w330a-106h-xl-ziemas-riepas-2.jpg\",\"width\":1920,\"height\":1277,\"caption\":\"MAIN\"},{\"@type\":\"BreadcrumbList\",\"@id\":\"https:\\\/\\\/mmkriepas.lv\\\/en\\\/p\\\/255-45r20-hankook-winter-icept-evo3-w330-105v-xl\\\/#breadcrumb\",\"itemListElement\":[{\"@type\":\"ListItem\",\"position\":1,\"name\":\"S\u0101kums\",\"item\":\"https:\\\/\\\/mmkriepas.lv\\\/en\\\/\"},{\"@type\":\"ListItem\",\"position\":2,\"name\":\"255\\\/45R20 Hankook Winter i*cept evo3 X W330A 105V XL RP\"}]},{\"@type\":\"WebSite\",\"@id\":\"https:\\\/\\\/mmkriepas.lv\\\/en\\\/#website\",\"url\":\"https:\\\/\\\/mmkriepas.lv\\\/en\\\/\",\"name\":\"MMK Riepas\",\"description\":\"MMK Riepas\",\"alternateName\":\"MMK Riepu Serviss\",\"potentialAction\":[{\"@type\":\"SearchAction\",\"target\":{\"@type\":\"EntryPoint\",\"urlTemplate\":\"https:\\\/\\\/mmkriepas.lv\\\/en\\\/?s={search_term_string}\"},\"query-input\":{\"@type\":\"PropertyValueSpecification\",\"valueRequired\":true,\"valueName\":\"search_term_string\"}}],\"inLanguage\":\"en-US\"},{\"@type\":\"ImageObject\",\"inLanguage\":\"en-US\",\"@id\":\"https:\\\/\\\/mmkriepas.lv\\\/en\\\/p\\\/255-45r20-hankook-winter-icept-evo3-w330-105v-xl\\\/#local-main-organization-logo\",\"url\":\"\",\"contentUrl\":\"\",\"caption\":\"MMK Riepas\"}]}<\/script>\n<meta property=\"product:brand\" content=\"Hankook Winter i*cept evo3 X W330A\" \/>\n<meta property=\"product:price:amount\" content=\"230.00\" \/>\n<meta property=\"product:price:currency\" content=\"EUR\" \/>\n<meta property=\"og:availability\" content=\"instock\" \/>\n<meta property=\"product:availability\" content=\"instock\" \/>\n<meta property=\"product:retailer_item_id\" content=\"TW2554520Hanko-L7547\" \/>\n<meta property=\"product:condition\" content=\"new\" \/>\n<!-- \/ Yoast SEO Premium plugin. -->","yoast_head_json":{"title":"255\/45R20 Hankook Winter i*cept evo3 X W330A 105V XL RP &#8226; MMK Riepas","robots":{"index":"index","follow":"follow","max-snippet":"max-snippet:-1","max-image-preview":"max-image-preview:large","max-video-preview":"max-video-preview:-1"},"canonical":"https:\/\/mmkriepas.lv\/en\/p\/255-45r20-hankook-winter-icept-evo3-w330-105v-xl\/","og_locale":"en_US","og_type":"article","og_title":"255\/45R20 Hankook Winter i*cept evo3 X W330A 105V XL RP","og_description":"Hankook Winter i*cept evo3 X W330A ir ziemas riepu modelis ar virz\u012btu protektora dizainu. Pie \u0161\u012b mode\u013ca neap\u0161aub\u0101m\u0101m priek\u0161roc\u012bb\u0101m ra\u017eot\u0101js pieskaita krietni samazin\u0101tu akvaplan\u0113\u0161anas risku, lielisku manevr\u0113tsp\u0113ju, stabilit\u0101ti snieg\u0101, k\u0101 ar\u012b gludu un komfortablu gaitu.","og_url":"https:\/\/mmkriepas.lv\/en\/p\/255-45r20-hankook-winter-icept-evo3-w330-105v-xl\/","og_site_name":"MMK Riepas","article_publisher":"https:\/\/www.facebook.com\/mmkserviss\/","article_modified_time":"2026-03-19T22:00:38+00:00","og_image":[{"width":1920,"height":1277,"url":"https:\/\/mmkriepas.lv\/wp-content\/uploads\/2022\/09\/23560r17-hankook-winter-icept-evo3-x-w330a-106h-xl-ziemas-riepas-2.jpg","type":"image\/jpeg"}],"twitter_card":"summary_large_image","twitter_misc":{"Price":"&euro;230.00","Availability":"In stock"},"schema":{"@context":"https:\/\/schema.org","@graph":[{"@type":"WebPage","@id":"https:\/\/mmkriepas.lv\/en\/p\/255-45r20-hankook-winter-icept-evo3-w330-105v-xl\/","url":"https:\/\/mmkriepas.lv\/en\/p\/255-45r20-hankook-winter-icept-evo3-w330-105v-xl\/","name":"255\/45R20 Hankook Winter i*cept evo3 X W330A 105V XL RP &#8226; MMK Riepas","isPartOf":{"@id":"https:\/\/mmkriepas.lv\/en\/#website"},"primaryImageOfPage":{"@id":"https:\/\/mmkriepas.lv\/en\/p\/255-45r20-hankook-winter-icept-evo3-w330-105v-xl\/#primaryimage"},"image":{"@id":"https:\/\/mmkriepas.lv\/en\/p\/255-45r20-hankook-winter-icept-evo3-w330-105v-xl\/#primaryimage"},"thumbnailUrl":"https:\/\/mmkriepas.lv\/wp-content\/uploads\/2022\/09\/23560r17-hankook-winter-icept-evo3-x-w330a-106h-xl-ziemas-riepas-2.jpg","datePublished":"2022-08-16T07:58:43+00:00","dateModified":"2026-03-19T22:00:38+00:00","breadcrumb":{"@id":"https:\/\/mmkriepas.lv\/en\/p\/255-45r20-hankook-winter-icept-evo3-w330-105v-xl\/#breadcrumb"},"inLanguage":"en-US","potentialAction":[{"@type":"ReadAction","target":["https:\/\/mmkriepas.lv\/en\/p\/255-45r20-hankook-winter-icept-evo3-w330-105v-xl\/"]}]},{"@type":"ImageObject","inLanguage":"en-US","@id":"https:\/\/mmkriepas.lv\/en\/p\/255-45r20-hankook-winter-icept-evo3-w330-105v-xl\/#primaryimage","url":"https:\/\/mmkriepas.lv\/wp-content\/uploads\/2022\/09\/23560r17-hankook-winter-icept-evo3-x-w330a-106h-xl-ziemas-riepas-2.jpg","contentUrl":"https:\/\/mmkriepas.lv\/wp-content\/uploads\/2022\/09\/23560r17-hankook-winter-icept-evo3-x-w330a-106h-xl-ziemas-riepas-2.jpg","width":1920,"height":1277,"caption":"MAIN"},{"@type":"BreadcrumbList","@id":"https:\/\/mmkriepas.lv\/en\/p\/255-45r20-hankook-winter-icept-evo3-w330-105v-xl\/#breadcrumb","itemListElement":[{"@type":"ListItem","position":1,"name":"S\u0101kums","item":"https:\/\/mmkriepas.lv\/en\/"},{"@type":"ListItem","position":2,"name":"255\/45R20 Hankook Winter i*cept evo3 X W330A 105V XL RP"}]},{"@type":"WebSite","@id":"https:\/\/mmkriepas.lv\/en\/#website","url":"https:\/\/mmkriepas.lv\/en\/","name":"MMK Riepas","description":"MMK Riepas","alternateName":"MMK Riepu Serviss","potentialAction":[{"@type":"SearchAction","target":{"@type":"EntryPoint","urlTemplate":"https:\/\/mmkriepas.lv\/en\/?s={search_term_string}"},"query-input":{"@type":"PropertyValueSpecification","valueRequired":true,"valueName":"search_term_string"}}],"inLanguage":"en-US"},{"@type":"ImageObject","inLanguage":"en-US","@id":"https:\/\/mmkriepas.lv\/en\/p\/255-45r20-hankook-winter-icept-evo3-w330-105v-xl\/#local-main-organization-logo","url":"","contentUrl":"","caption":"MMK Riepas"}]},"product_brand":"Hankook Winter i*cept evo3 X W330A","product_price_amount":"230.00","product_price_currency":"EUR","og_availability":"instock","product_availability":"instock","product_retailer_item_id":"TW2554520Hanko-L7547","product_condition":"new"},"_links":{"self":[{"href":"https:\/\/mmkriepas.lv\/en\/wp-json\/wp\/v2\/product\/294546","targetHints":{"allow":["GET"]}}],"collection":[{"href":"https:\/\/mmkriepas.lv\/en\/wp-json\/wp\/v2\/product"}],"about":[{"href":"https:\/\/mmkriepas.lv\/en\/wp-json\/wp\/v2\/types\/product"}],"wp:featuredmedia":[{"embeddable":true,"href":"https:\/\/mmkriepas.lv\/en\/wp-json\/wp\/v2\/media\/336426"}],"wp:attachment":[{"href":"https:\/\/mmkriepas.lv\/en\/wp-json\/wp\/v2\/media?parent=294546"}],"wp:term":[{"taxonomy":"product_brand","embeddable":true,"href":"https:\/\/mmkriepas.lv\/en\/wp-json\/wp\/v2\/product_brand?post=294546"},{"taxonomy":"product_cat","embeddable":true,"href":"https:\/\/mmkriepas.lv\/en\/wp-json\/wp\/v2\/product_cat?post=294546"},{"taxonomy":"product_tag","embeddable":true,"href":"https:\/\/mmkriepas.lv\/en\/wp-json\/wp\/v2\/product_tag?post=294546"}],"curies":[{"name":"wp","href":"https:\/\/api.w.org\/{rel}","templated":true}]}}