{"id":294489,"date":"2022-08-16T10:56:00","date_gmt":"2022-08-16T07:56:00","guid":{"rendered":"https:\/\/mmkserviss.lv\/?post_type=product&#038;p=294489"},"modified":"2024-08-06T16:20:42","modified_gmt":"2024-08-06T13:20:42","slug":"255-55r19-hankook-winter-ipike-rw11-107t","status":"publish","type":"product","link":"https:\/\/mmkriepas.lv\/en\/p\/255-55r19-hankook-winter-ipike-rw11-107t\/","title":{"rendered":"255\/55R19 Hankook Winter i*pike RW11 107T"},"content":{"rendered":"<p><b>Hankook Winter i*pike RW11<\/b><span style=\"font-weight: 400;\"> &#8211; \u0161is ziemas riepu modelis nodro\u0161ina lielisku sa\u0137eri un izcilu bremz\u0113\u0161anu sniega apst\u0101k\u013cos. Maksim\u0101lu sa\u0137eri uz apledoju\u0161a ce\u013ca sniedz radzes. \u0160is modelis ir nop\u0113rkams gan ar \u0161ipiem, gan bez tiem. Ieg\u0101d\u0101joties riepu modeli ar radz\u0113m j\u016bs ieg\u016bsiet lab\u0101ku sa\u0137eri un vad\u0101m\u012bbu, savuk\u0101rt modelis bez \u0161ipiem sniegs komfortabl\u0101ku un nedaudz klus\u0101ku brauk\u0161anu!<\/span> <span style=\"font-weight: 400;\">Brauk\u0161anas vad\u012bba ir iev\u0113rojami uzlabota ar jauno SCCT\u00a0 riepu model\u0113\u0161anas tehnolo\u0123iju.\u00a0 T\u0101 garant\u0113 vienm\u0113r\u012bgu riepas nodilumu un lab\u0101ku vad\u0101m\u012bbu,\u00a0 vienm\u0113r\u012bgi izl\u012bdzinot ma\u0161\u012bnas svara sadali pa visu riepas korpusu.\u00a0 T\u0101pat ir iev\u0113rojami uzlabota riepu iztur\u012bba un nobraukums.<\/span><\/p>\n<h3><b>Hankook Winter i*pike RW11 galven\u0101s iez\u012bmes<\/b><\/h3>\n<p><span style=\"font-weight: 400;\">+Lieliska sa\u0137ere!<\/span><span style=\"font-weight: 400;\"> <\/span><\/p>\n<p><span style=\"font-weight: 400;\">+Sa\u012bsin\u0101ts bremz\u0113\u0161anas ce\u013c\u0161!<\/span><span style=\"font-weight: 400;\"> <\/span><\/p>\n<p><span style=\"font-weight: 400;\">+Laba caurejam\u012bba snieg\u0101!<\/span><span style=\"font-weight: 400;\"> <\/span><\/p>\n<p><span style=\"font-weight: 400;\">+Komfortabla, gluda un klusa gaita!<\/span> <span style=\"font-weight: 400;\">\u0160is modelis pieejams gan ar radz\u0113m, gan bez t\u0101m.<\/span><\/p>\n<p><b>Hankook Winter i*pike RW11<\/b><span style=\"font-weight: 400;\"> mode\u013ca lieto\u0161anas dro\u0161\u012bbu ziemas laika apst\u0101k\u013cos un t\u0101 atbilst\u012bbu valst\u012bm ar oblig\u0101tu sezon\u0101lo riepu mai\u0146u apstiprina mar\u0137\u0113jums sniegp\u0101rslas form\u0101 uz kalna fona ar trim virsotn\u0113m (3PMSF).<\/span><\/p>\n","protected":false},"excerpt":{"rendered":"<p><strong>Hankook Winter i*pike RW11<\/strong> &#8211; \u0161is ziemas riepu modelis nodro\u0161ina lielisku sa\u0137eri un izcilu bremz\u0113\u0161anu sniega apst\u0101k\u013cos. Maksim\u0101lu sa\u0137eri uz apledoju\u0161a ce\u013ca sniedz radzes. \u0160is modelis ir nop\u0113rkams gan ar \u0161ipiem, gan bez tiem. Ieg\u0101d\u0101joties riepu modeli ar radz\u0113m j\u016bs ieg\u016bsiet lab\u0101ku sa\u0137eri un vad\u0101m\u012bbu, savuk\u0101rt modelis bez \u0161ipiem sniegs komfortabl\u0101ku un nedaudz klus\u0101ku brauk\u0161anu!<\/p>\n","protected":false},"featured_media":326667,"template":"","meta":{"_acf_changed":false,"ngg_post_thumbnail":0},"product_brand":[],"product_cat":[47,45],"product_tag":[],"class_list":{"0":"post-294489","1":"product","2":"type-product","3":"status-publish","4":"has-post-thumbnail","6":"product_cat-vissezonas-riepas","7":"product_cat-ziemas-riepas","9":"first","10":"instock","11":"taxable","12":"shipping-taxable","13":"product-type-simple"},"acf":[],"yoast_head":"<!-- This site is optimized with the Yoast SEO Premium plugin v22.6 (Yoast SEO v27.3) - https:\/\/yoast.com\/product\/yoast-seo-premium-wordpress\/ -->\n<title>255\/55R19 Hankook Winter i*pike RW11 107T &#8226; MMK Riepas<\/title>\n<meta name=\"robots\" content=\"index, follow, max-snippet:-1, max-image-preview:large, max-video-preview:-1\" \/>\n<link rel=\"canonical\" href=\"https:\/\/mmkriepas.lv\/en\/p\/255-55r19-hankook-winter-ipike-rw11-107t\/\" \/>\n<meta property=\"og:locale\" content=\"en_US\" \/>\n<meta property=\"og:type\" content=\"article\" \/>\n<meta property=\"og:title\" content=\"255\/55R19 Hankook Winter i*pike RW11 107T\" \/>\n<meta property=\"og:description\" content=\"Hankook Winter i*pike RW11 - \u0161is ziemas riepu modelis nodro\u0161ina lielisku sa\u0137eri un izcilu bremz\u0113\u0161anu sniega apst\u0101k\u013cos. Maksim\u0101lu sa\u0137eri uz apledoju\u0161a ce\u013ca sniedz radzes. \u0160is modelis ir nop\u0113rkams gan ar \u0161ipiem, gan bez tiem. Ieg\u0101d\u0101joties riepu modeli ar radz\u0113m j\u016bs ieg\u016bsiet lab\u0101ku sa\u0137eri un vad\u0101m\u012bbu, savuk\u0101rt modelis bez \u0161ipiem sniegs komfortabl\u0101ku un nedaudz klus\u0101ku brauk\u0161anu!\" \/>\n<meta property=\"og:url\" content=\"https:\/\/mmkriepas.lv\/en\/p\/255-55r19-hankook-winter-ipike-rw11-107t\/\" \/>\n<meta property=\"og:site_name\" content=\"MMK Riepas\" \/>\n<meta property=\"article:publisher\" content=\"https:\/\/www.facebook.com\/mmkserviss\/\" \/>\n<meta property=\"article:modified_time\" content=\"2024-08-06T13:20:42+00:00\" \/>\n<meta property=\"og:image\" content=\"https:\/\/mmkriepas.lv\/wp-content\/uploads\/2022\/09\/23550r18-hankook-rw08-97q-ziemas-riepas.jpg\" \/>\n\t<meta property=\"og:image:width\" content=\"1920\" \/>\n\t<meta property=\"og:image:height\" content=\"1278\" \/>\n\t<meta property=\"og:image:type\" content=\"image\/jpeg\" \/>\n<meta name=\"twitter:card\" content=\"summary_large_image\" \/>\n<meta name=\"twitter:label1\" content=\"Price\" \/>\n\t<meta name=\"twitter:data1\" content=\"&euro;186.00\" \/>\n\t<meta name=\"twitter:label2\" content=\"Availability\" \/>\n\t<meta name=\"twitter:data2\" content=\"In stock\" \/>\n<script type=\"application\/ld+json\" class=\"yoast-schema-graph\">{\"@context\":\"https:\\\/\\\/schema.org\",\"@graph\":[{\"@type\":\"WebPage\",\"@id\":\"https:\\\/\\\/mmkriepas.lv\\\/en\\\/p\\\/255-55r19-hankook-winter-ipike-rw11-107t\\\/\",\"url\":\"https:\\\/\\\/mmkriepas.lv\\\/en\\\/p\\\/255-55r19-hankook-winter-ipike-rw11-107t\\\/\",\"name\":\"255\\\/55R19 Hankook Winter i*pike RW11 107T &#8226; MMK Riepas\",\"isPartOf\":{\"@id\":\"https:\\\/\\\/mmkriepas.lv\\\/en\\\/#website\"},\"primaryImageOfPage\":{\"@id\":\"https:\\\/\\\/mmkriepas.lv\\\/en\\\/p\\\/255-55r19-hankook-winter-ipike-rw11-107t\\\/#primaryimage\"},\"image\":{\"@id\":\"https:\\\/\\\/mmkriepas.lv\\\/en\\\/p\\\/255-55r19-hankook-winter-ipike-rw11-107t\\\/#primaryimage\"},\"thumbnailUrl\":\"https:\\\/\\\/mmkriepas.lv\\\/wp-content\\\/uploads\\\/2022\\\/09\\\/23550r18-hankook-rw08-97q-ziemas-riepas.jpg\",\"datePublished\":\"2022-08-16T07:56:00+00:00\",\"dateModified\":\"2024-08-06T13:20:42+00:00\",\"breadcrumb\":{\"@id\":\"https:\\\/\\\/mmkriepas.lv\\\/en\\\/p\\\/255-55r19-hankook-winter-ipike-rw11-107t\\\/#breadcrumb\"},\"inLanguage\":\"en-US\",\"potentialAction\":[{\"@type\":\"ReadAction\",\"target\":[\"https:\\\/\\\/mmkriepas.lv\\\/en\\\/p\\\/255-55r19-hankook-winter-ipike-rw11-107t\\\/\"]}]},{\"@type\":\"ImageObject\",\"inLanguage\":\"en-US\",\"@id\":\"https:\\\/\\\/mmkriepas.lv\\\/en\\\/p\\\/255-55r19-hankook-winter-ipike-rw11-107t\\\/#primaryimage\",\"url\":\"https:\\\/\\\/mmkriepas.lv\\\/wp-content\\\/uploads\\\/2022\\\/09\\\/23550r18-hankook-rw08-97q-ziemas-riepas.jpg\",\"contentUrl\":\"https:\\\/\\\/mmkriepas.lv\\\/wp-content\\\/uploads\\\/2022\\\/09\\\/23550r18-hankook-rw08-97q-ziemas-riepas.jpg\",\"width\":1920,\"height\":1278,\"caption\":\"235\\\/50R18 Hankook RW08 97Q - Vissezonas riepas \\\/ Ziemas riepas\"},{\"@type\":\"BreadcrumbList\",\"@id\":\"https:\\\/\\\/mmkriepas.lv\\\/en\\\/p\\\/255-55r19-hankook-winter-ipike-rw11-107t\\\/#breadcrumb\",\"itemListElement\":[{\"@type\":\"ListItem\",\"position\":1,\"name\":\"S\u0101kums\",\"item\":\"https:\\\/\\\/mmkriepas.lv\\\/en\\\/\"},{\"@type\":\"ListItem\",\"position\":2,\"name\":\"255\\\/55R19 Hankook Winter i*pike RW11 107T\"}]},{\"@type\":\"WebSite\",\"@id\":\"https:\\\/\\\/mmkriepas.lv\\\/en\\\/#website\",\"url\":\"https:\\\/\\\/mmkriepas.lv\\\/en\\\/\",\"name\":\"MMK Riepas\",\"description\":\"MMK Riepas\",\"alternateName\":\"MMK Riepu Serviss\",\"potentialAction\":[{\"@type\":\"SearchAction\",\"target\":{\"@type\":\"EntryPoint\",\"urlTemplate\":\"https:\\\/\\\/mmkriepas.lv\\\/en\\\/?s={search_term_string}\"},\"query-input\":{\"@type\":\"PropertyValueSpecification\",\"valueRequired\":true,\"valueName\":\"search_term_string\"}}],\"inLanguage\":\"en-US\"},{\"@type\":\"ImageObject\",\"inLanguage\":\"en-US\",\"@id\":\"https:\\\/\\\/mmkriepas.lv\\\/en\\\/p\\\/255-55r19-hankook-winter-ipike-rw11-107t\\\/#local-main-organization-logo\",\"url\":\"\",\"contentUrl\":\"\",\"caption\":\"MMK Riepas\"}]}<\/script>\n<meta property=\"product:brand\" content=\"Hankook Winter i*pike RW11\" \/>\n<meta property=\"product:price:amount\" content=\"186.00\" \/>\n<meta property=\"product:price:currency\" content=\"EUR\" \/>\n<meta property=\"og:availability\" content=\"instock\" \/>\n<meta property=\"product:availability\" content=\"instock\" \/>\n<meta property=\"product:retailer_item_id\" content=\"TW2555519Hanko-L7528\" \/>\n<meta property=\"product:condition\" content=\"new\" \/>\n<!-- \/ Yoast SEO Premium plugin. -->","yoast_head_json":{"title":"255\/55R19 Hankook Winter i*pike RW11 107T &#8226; MMK Riepas","robots":{"index":"index","follow":"follow","max-snippet":"max-snippet:-1","max-image-preview":"max-image-preview:large","max-video-preview":"max-video-preview:-1"},"canonical":"https:\/\/mmkriepas.lv\/en\/p\/255-55r19-hankook-winter-ipike-rw11-107t\/","og_locale":"en_US","og_type":"article","og_title":"255\/55R19 Hankook Winter i*pike RW11 107T","og_description":"Hankook Winter i*pike RW11 - \u0161is ziemas riepu modelis nodro\u0161ina lielisku sa\u0137eri un izcilu bremz\u0113\u0161anu sniega apst\u0101k\u013cos. Maksim\u0101lu sa\u0137eri uz apledoju\u0161a ce\u013ca sniedz radzes. \u0160is modelis ir nop\u0113rkams gan ar \u0161ipiem, gan bez tiem. Ieg\u0101d\u0101joties riepu modeli ar radz\u0113m j\u016bs ieg\u016bsiet lab\u0101ku sa\u0137eri un vad\u0101m\u012bbu, savuk\u0101rt modelis bez \u0161ipiem sniegs komfortabl\u0101ku un nedaudz klus\u0101ku brauk\u0161anu!","og_url":"https:\/\/mmkriepas.lv\/en\/p\/255-55r19-hankook-winter-ipike-rw11-107t\/","og_site_name":"MMK Riepas","article_publisher":"https:\/\/www.facebook.com\/mmkserviss\/","article_modified_time":"2024-08-06T13:20:42+00:00","og_image":[{"width":1920,"height":1278,"url":"https:\/\/mmkriepas.lv\/wp-content\/uploads\/2022\/09\/23550r18-hankook-rw08-97q-ziemas-riepas.jpg","type":"image\/jpeg"}],"twitter_card":"summary_large_image","twitter_misc":{"Price":"&euro;186.00","Availability":"In stock"},"schema":{"@context":"https:\/\/schema.org","@graph":[{"@type":"WebPage","@id":"https:\/\/mmkriepas.lv\/en\/p\/255-55r19-hankook-winter-ipike-rw11-107t\/","url":"https:\/\/mmkriepas.lv\/en\/p\/255-55r19-hankook-winter-ipike-rw11-107t\/","name":"255\/55R19 Hankook Winter i*pike RW11 107T &#8226; MMK Riepas","isPartOf":{"@id":"https:\/\/mmkriepas.lv\/en\/#website"},"primaryImageOfPage":{"@id":"https:\/\/mmkriepas.lv\/en\/p\/255-55r19-hankook-winter-ipike-rw11-107t\/#primaryimage"},"image":{"@id":"https:\/\/mmkriepas.lv\/en\/p\/255-55r19-hankook-winter-ipike-rw11-107t\/#primaryimage"},"thumbnailUrl":"https:\/\/mmkriepas.lv\/wp-content\/uploads\/2022\/09\/23550r18-hankook-rw08-97q-ziemas-riepas.jpg","datePublished":"2022-08-16T07:56:00+00:00","dateModified":"2024-08-06T13:20:42+00:00","breadcrumb":{"@id":"https:\/\/mmkriepas.lv\/en\/p\/255-55r19-hankook-winter-ipike-rw11-107t\/#breadcrumb"},"inLanguage":"en-US","potentialAction":[{"@type":"ReadAction","target":["https:\/\/mmkriepas.lv\/en\/p\/255-55r19-hankook-winter-ipike-rw11-107t\/"]}]},{"@type":"ImageObject","inLanguage":"en-US","@id":"https:\/\/mmkriepas.lv\/en\/p\/255-55r19-hankook-winter-ipike-rw11-107t\/#primaryimage","url":"https:\/\/mmkriepas.lv\/wp-content\/uploads\/2022\/09\/23550r18-hankook-rw08-97q-ziemas-riepas.jpg","contentUrl":"https:\/\/mmkriepas.lv\/wp-content\/uploads\/2022\/09\/23550r18-hankook-rw08-97q-ziemas-riepas.jpg","width":1920,"height":1278,"caption":"235\/50R18 Hankook RW08 97Q - Vissezonas riepas \/ Ziemas riepas"},{"@type":"BreadcrumbList","@id":"https:\/\/mmkriepas.lv\/en\/p\/255-55r19-hankook-winter-ipike-rw11-107t\/#breadcrumb","itemListElement":[{"@type":"ListItem","position":1,"name":"S\u0101kums","item":"https:\/\/mmkriepas.lv\/en\/"},{"@type":"ListItem","position":2,"name":"255\/55R19 Hankook Winter i*pike RW11 107T"}]},{"@type":"WebSite","@id":"https:\/\/mmkriepas.lv\/en\/#website","url":"https:\/\/mmkriepas.lv\/en\/","name":"MMK Riepas","description":"MMK Riepas","alternateName":"MMK Riepu Serviss","potentialAction":[{"@type":"SearchAction","target":{"@type":"EntryPoint","urlTemplate":"https:\/\/mmkriepas.lv\/en\/?s={search_term_string}"},"query-input":{"@type":"PropertyValueSpecification","valueRequired":true,"valueName":"search_term_string"}}],"inLanguage":"en-US"},{"@type":"ImageObject","inLanguage":"en-US","@id":"https:\/\/mmkriepas.lv\/en\/p\/255-55r19-hankook-winter-ipike-rw11-107t\/#local-main-organization-logo","url":"","contentUrl":"","caption":"MMK Riepas"}]},"product_brand":"Hankook Winter i*pike RW11","product_price_amount":"186.00","product_price_currency":"EUR","og_availability":"instock","product_availability":"instock","product_retailer_item_id":"TW2555519Hanko-L7528","product_condition":"new"},"_links":{"self":[{"href":"https:\/\/mmkriepas.lv\/en\/wp-json\/wp\/v2\/product\/294489","targetHints":{"allow":["GET"]}}],"collection":[{"href":"https:\/\/mmkriepas.lv\/en\/wp-json\/wp\/v2\/product"}],"about":[{"href":"https:\/\/mmkriepas.lv\/en\/wp-json\/wp\/v2\/types\/product"}],"wp:featuredmedia":[{"embeddable":true,"href":"https:\/\/mmkriepas.lv\/en\/wp-json\/wp\/v2\/media\/326667"}],"wp:attachment":[{"href":"https:\/\/mmkriepas.lv\/en\/wp-json\/wp\/v2\/media?parent=294489"}],"wp:term":[{"taxonomy":"product_brand","embeddable":true,"href":"https:\/\/mmkriepas.lv\/en\/wp-json\/wp\/v2\/product_brand?post=294489"},{"taxonomy":"product_cat","embeddable":true,"href":"https:\/\/mmkriepas.lv\/en\/wp-json\/wp\/v2\/product_cat?post=294489"},{"taxonomy":"product_tag","embeddable":true,"href":"https:\/\/mmkriepas.lv\/en\/wp-json\/wp\/v2\/product_tag?post=294489"}],"curies":[{"name":"wp","href":"https:\/\/api.w.org\/{rel}","templated":true}]}}