{"id":294340,"date":"2022-08-16T10:49:08","date_gmt":"2022-08-16T07:49:08","guid":{"rendered":"https:\/\/mmkserviss.lv\/?post_type=product&#038;p=294340"},"modified":"2026-03-30T16:34:43","modified_gmt":"2026-03-30T13:34:43","slug":"265-60r18-sailun-ice-blazer-wst2-lt-110t-2","status":"publish","type":"product","link":"https:\/\/mmkriepas.lv\/en\/p\/265-60r18-sailun-ice-blazer-wst2-lt-110t-2\/","title":{"rendered":"265\/60R18 Sailun Ice Blazer WST2 LT 110T RP"},"content":{"rendered":"<p><strong><span style=\"font-family: 'Arial',sans-serif;\">Sailun Ice Blazer WST2 LT <\/span><\/strong><span style=\"font-family: 'Arial',sans-serif;\">ir rad\u017eojamas ziemas riepas, kas paredz\u0113tas krosoveriem un apvidus auto.\u00a0 \u0160\u012bm riep\u0101m ir pla\u0161s pielietojums &#8211; s\u0101kot ar pils\u0113tas asfaltu l\u012bdz pat lauku un me\u017ea ce\u013ciem. Tas, liel\u0101koties, ir pateicoties protektora rakstam. <strong><span style=\"font-family: 'Arial',sans-serif; color: red;\">\u0160is modelis ir pieejams gan ar radz\u0113m, gan bez t\u0101m.<\/span><\/strong><o:p><\/o:p><\/span><\/p>\n<h3><strong><span style=\"font-family: 'Arial',sans-serif;\">Ice Blazer WST2 LT protektors<\/span><\/strong><span style=\"font-family: 'Arial',sans-serif;\"><o:p><\/o:p><\/span><\/h3>\n<p><span style=\"font-family: 'Arial',sans-serif;\">Pasa\u017eieru ziemas riepas <strong>Sailun Ice Blazer WST2 LT <\/strong>protektors ir veidots no liela daudzuma lielu bloku ar pla\u0161\u0101m dren\u0101\u017eas riev\u0101m starp tiem. \u0160\u012bm riep\u0101m ir liela kontakta virsma, kas palielina to iztur\u012bbu un veiktsp\u0113ju dzi\u013c\u0101 snieg\u0101, un dren\u0101\u017eas rievas sp\u0113j novad\u012bt lielus \u016bdens un sniega daudzumus.<o:p><\/o:p><\/span><\/p>\n<h3><strong><span style=\"font-family: 'Arial',sans-serif;\">Ice Blazer WST2 L<\/span><\/strong><strong><span style=\"font-size: 12.0pt; font-family: 'Arial',sans-serif;\">T galven\u0101s iez\u012bmes<\/span><\/strong><span style=\"font-family: 'Arial',sans-serif;\"><o:p><\/o:p><\/span><\/h3>\n<p><span style=\"font-family: 'Arial',sans-serif;\">+Protektora raksts, kas univers\u0101li piem\u0113rots gan apledoju\u0161am ce\u013cam, gan ar\u012b nekoptiem zemes ce\u013ciem! <o:p><\/o:p><\/span><\/p>\n<p><span style=\"font-family: 'Arial',sans-serif;\">+\u012apa\u0161ais gumijas sast\u0101vs ar palielin\u0101to elestrom\u0113ru un sil\u012bcija dioks\u012bda koncentr\u0101ciju, pal\u012bdz riep\u0101m saglab\u0101t elast\u012bbu zem\u0101s temperat\u016br\u0101s! <o:p><\/o:p><\/span><\/p>\n<p><span style=\"font-family: 'Arial',sans-serif;\">+Lielais bloku skaits pal\u012bdz saglab\u0101t sa\u0137eri dzi\u013c\u0101 snieg\u0101! <o:p><\/o:p><\/span><\/p>\n<p><span style=\"font-family: 'Arial',sans-serif;\">+Lameles un radzes pal\u012bdz\u0113s saglab\u0101t sa\u0137eri pat uz ledus! <o:p><\/o:p><\/span><\/p>\n<p><span style=\"font-family: 'Arial',sans-serif;\">+Piecas Protektora elementu virknes jeb ribas nodro\u0161in\u0101s manevr\u0113tsp\u0113ju!<o:p><\/o:p><\/span><\/p>\n<h3><strong><span style=\"font-family: 'Arial',sans-serif;\">Sailun Ice Blazer WST2 LT veiktsp\u0113ja ekstr\u0113mos apst\u0101k\u013cos<\/span><\/strong><span style=\"font-family: 'Arial',sans-serif;\"><o:p><\/o:p><\/span><\/h3>\n<p><span style=\"font-family: 'Arial',sans-serif;\">T\u016bksto\u0161iem zig-zag veida lame\u013cu, tand\u0113m\u0101 ar radz\u0113m, labi veido sa\u0137eri pat uz vissliden\u0101kaj\u0101m virsm\u0101m, tai skait\u0101 uz ledus. <strong>Sailun Ice Blazer WST2 LT\u00a0<\/strong>b\u016bs labs sabiedrotais tiem, kas ziem\u0101 bie\u017ei sastopas ar bargiem apst\u0101k\u013ciem k\u0101 apledoju\u0161i ce\u013ci, dzi\u013c\u0161 sniegs, net\u012br\u012bti lauku ce\u013ci vai pat me\u017ea ce\u013ci. <o:p><\/o:p><\/span><\/p>\n<p><b><span style=\"font-family: 'Arial',sans-serif;\">Sailun Ice Blazer WST2 LT <\/span><\/b><span style=\"font-family: 'Arial',sans-serif;\">mode\u013ca lieto\u0161anas dro\u0161\u012bbu ziemas laika apst\u0101k\u013cos un t\u0101 atbilst\u012bbu valst\u012bm ar oblig\u0101tu sezon\u0101lo riepu mai\u0146u apstiprina mar\u0137\u0113jums sniegp\u0101rslas form\u0101 uz kalna fona ar trim virsotn\u0113m (3PMSF).<\/span><\/p>\n","protected":false},"excerpt":{"rendered":"<p><strong><span style=\"font-family: 'Arial',sans-serif;\">Sailun Ice Blazer WST2 LT <\/span><\/strong><span style=\"font-family: 'Arial',sans-serif;\">ir rad\u017eojamas ziemas riepas, kas paredz\u0113tas krosoveriem un apvidus auto.\u00a0 \u0160\u012bm riep\u0101m ir pla\u0161s pielietojums &#8211; s\u0101kot ar pils\u0113tas asfaltu l\u012bdz pat lauku un me\u017ea ce\u013ciem. Tas, liel\u0101koties, ir pateicoties protektora rakstam. <strong><span style=\"font-family: 'Arial',sans-serif; color: red;\">\u0160is modelis ir pieejams gan ar radz\u0113m, gan bez t\u0101m.<\/span><\/strong><\/span><\/p>\n","protected":false},"featured_media":915113,"template":"","meta":{"_acf_changed":false,"ngg_post_thumbnail":0},"product_brand":[],"product_cat":[23644,23643],"product_tag":[],"class_list":{"0":"post-294340","1":"product","2":"type-product","3":"status-publish","4":"has-post-thumbnail","6":"product_cat-all-season-tyres","7":"product_cat-winter-tyres","9":"first","10":"instock","11":"sale","12":"taxable","13":"shipping-taxable","14":"purchasable","15":"product-type-simple"},"acf":[],"yoast_head":"<!-- This site is optimized with the Yoast SEO Premium plugin v22.6 (Yoast SEO v27.3) - https:\/\/yoast.com\/product\/yoast-seo-premium-wordpress\/ -->\n<title>265\/60R18 Sailun Ice Blazer WST2 LT 110T RP &#8226; MMK Riepas<\/title>\n<meta name=\"robots\" content=\"index, follow, max-snippet:-1, max-image-preview:large, max-video-preview:-1\" \/>\n<link rel=\"canonical\" href=\"https:\/\/mmkriepas.lv\/en\/p\/265-60r18-sailun-ice-blazer-wst2-lt-110t-2\/\" \/>\n<meta property=\"og:locale\" content=\"en_US\" \/>\n<meta property=\"og:type\" content=\"article\" \/>\n<meta property=\"og:title\" content=\"265\/60R18 Sailun Ice Blazer WST2 LT 110T RP\" \/>\n<meta property=\"og:description\" content=\"Sailun Ice Blazer WST2 LT ir rad\u017eojamas ziemas riepas, kas paredz\u0113tas krosoveriem un apvidus auto.\u00a0 \u0160\u012bm riep\u0101m ir pla\u0161s pielietojums - s\u0101kot ar pils\u0113tas asfaltu l\u012bdz pat lauku un me\u017ea ce\u013ciem. Tas, liel\u0101koties, ir pateicoties protektora rakstam. \u0160is modelis ir pieejams gan ar radz\u0113m, gan bez t\u0101m.\" \/>\n<meta property=\"og:url\" content=\"https:\/\/mmkriepas.lv\/en\/p\/265-60r18-sailun-ice-blazer-wst2-lt-110t-2\/\" \/>\n<meta property=\"og:site_name\" content=\"MMK Riepas\" \/>\n<meta property=\"article:publisher\" content=\"https:\/\/www.facebook.com\/mmkserviss\/\" \/>\n<meta property=\"article:modified_time\" content=\"2026-03-30T13:34:43+00:00\" \/>\n<meta property=\"og:image\" content=\"https:\/\/mmkriepas.lv\/wp-content\/uploads\/2024\/06\/sailun-ice-blazer-wst2-lt.jpg\" \/>\n\t<meta property=\"og:image:width\" content=\"900\" \/>\n\t<meta property=\"og:image:height\" content=\"720\" \/>\n\t<meta property=\"og:image:type\" content=\"image\/jpeg\" \/>\n<meta name=\"twitter:card\" content=\"summary_large_image\" \/>\n<meta name=\"twitter:label1\" content=\"Price\" \/>\n\t<meta name=\"twitter:data1\" content=\"&euro;116.00\" \/>\n\t<meta name=\"twitter:label2\" content=\"Availability\" \/>\n\t<meta name=\"twitter:data2\" content=\"In stock\" \/>\n<script type=\"application\/ld+json\" class=\"yoast-schema-graph\">{\"@context\":\"https:\\\/\\\/schema.org\",\"@graph\":[{\"@type\":\"WebPage\",\"@id\":\"https:\\\/\\\/mmkriepas.lv\\\/en\\\/p\\\/265-60r18-sailun-ice-blazer-wst2-lt-110t-2\\\/\",\"url\":\"https:\\\/\\\/mmkriepas.lv\\\/en\\\/p\\\/265-60r18-sailun-ice-blazer-wst2-lt-110t-2\\\/\",\"name\":\"265\\\/60R18 Sailun Ice Blazer WST2 LT 110T RP &#8226; MMK Riepas\",\"isPartOf\":{\"@id\":\"https:\\\/\\\/mmkriepas.lv\\\/en\\\/#website\"},\"primaryImageOfPage\":{\"@id\":\"https:\\\/\\\/mmkriepas.lv\\\/en\\\/p\\\/265-60r18-sailun-ice-blazer-wst2-lt-110t-2\\\/#primaryimage\"},\"image\":{\"@id\":\"https:\\\/\\\/mmkriepas.lv\\\/en\\\/p\\\/265-60r18-sailun-ice-blazer-wst2-lt-110t-2\\\/#primaryimage\"},\"thumbnailUrl\":\"https:\\\/\\\/mmkriepas.lv\\\/wp-content\\\/uploads\\\/2024\\\/06\\\/sailun-ice-blazer-wst2-lt.jpg\",\"datePublished\":\"2022-08-16T07:49:08+00:00\",\"dateModified\":\"2026-03-30T13:34:43+00:00\",\"breadcrumb\":{\"@id\":\"https:\\\/\\\/mmkriepas.lv\\\/en\\\/p\\\/265-60r18-sailun-ice-blazer-wst2-lt-110t-2\\\/#breadcrumb\"},\"inLanguage\":\"en-US\",\"potentialAction\":[{\"@type\":\"ReadAction\",\"target\":[\"https:\\\/\\\/mmkriepas.lv\\\/en\\\/p\\\/265-60r18-sailun-ice-blazer-wst2-lt-110t-2\\\/\"]}]},{\"@type\":\"ImageObject\",\"inLanguage\":\"en-US\",\"@id\":\"https:\\\/\\\/mmkriepas.lv\\\/en\\\/p\\\/265-60r18-sailun-ice-blazer-wst2-lt-110t-2\\\/#primaryimage\",\"url\":\"https:\\\/\\\/mmkriepas.lv\\\/wp-content\\\/uploads\\\/2024\\\/06\\\/sailun-ice-blazer-wst2-lt.jpg\",\"contentUrl\":\"https:\\\/\\\/mmkriepas.lv\\\/wp-content\\\/uploads\\\/2024\\\/06\\\/sailun-ice-blazer-wst2-lt.jpg\",\"width\":900,\"height\":720,\"caption\":\"MAIN\"},{\"@type\":\"BreadcrumbList\",\"@id\":\"https:\\\/\\\/mmkriepas.lv\\\/en\\\/p\\\/265-60r18-sailun-ice-blazer-wst2-lt-110t-2\\\/#breadcrumb\",\"itemListElement\":[{\"@type\":\"ListItem\",\"position\":1,\"name\":\"S\u0101kums\",\"item\":\"https:\\\/\\\/mmkriepas.lv\\\/en\\\/\"},{\"@type\":\"ListItem\",\"position\":2,\"name\":\"265\\\/60R18 Sailun Ice Blazer WST2 LT 110T RP\"}]},{\"@type\":\"WebSite\",\"@id\":\"https:\\\/\\\/mmkriepas.lv\\\/en\\\/#website\",\"url\":\"https:\\\/\\\/mmkriepas.lv\\\/en\\\/\",\"name\":\"MMK Riepas\",\"description\":\"MMK Riepas\",\"alternateName\":\"MMK Riepu Serviss\",\"potentialAction\":[{\"@type\":\"SearchAction\",\"target\":{\"@type\":\"EntryPoint\",\"urlTemplate\":\"https:\\\/\\\/mmkriepas.lv\\\/en\\\/?s={search_term_string}\"},\"query-input\":{\"@type\":\"PropertyValueSpecification\",\"valueRequired\":true,\"valueName\":\"search_term_string\"}}],\"inLanguage\":\"en-US\"},{\"@type\":\"ImageObject\",\"inLanguage\":\"en-US\",\"@id\":\"https:\\\/\\\/mmkriepas.lv\\\/en\\\/p\\\/265-60r18-sailun-ice-blazer-wst2-lt-110t-2\\\/#local-main-organization-logo\",\"url\":\"\",\"contentUrl\":\"\",\"caption\":\"MMK Riepas\"}]}<\/script>\n<meta property=\"product:brand\" content=\"Sailun Ice Blazer WST2 LT\" \/>\n<meta property=\"product:price:amount\" content=\"116.00\" \/>\n<meta property=\"product:price:currency\" content=\"EUR\" \/>\n<meta property=\"og:availability\" content=\"instock\" \/>\n<meta property=\"product:availability\" content=\"instock\" \/>\n<meta property=\"product:retailer_item_id\" content=\"TW2656018SAILU-L7480\" \/>\n<meta property=\"product:condition\" content=\"new\" \/>\n<!-- \/ Yoast SEO Premium plugin. -->","yoast_head_json":{"title":"265\/60R18 Sailun Ice Blazer WST2 LT 110T RP &#8226; MMK Riepas","robots":{"index":"index","follow":"follow","max-snippet":"max-snippet:-1","max-image-preview":"max-image-preview:large","max-video-preview":"max-video-preview:-1"},"canonical":"https:\/\/mmkriepas.lv\/en\/p\/265-60r18-sailun-ice-blazer-wst2-lt-110t-2\/","og_locale":"en_US","og_type":"article","og_title":"265\/60R18 Sailun Ice Blazer WST2 LT 110T RP","og_description":"Sailun Ice Blazer WST2 LT ir rad\u017eojamas ziemas riepas, kas paredz\u0113tas krosoveriem un apvidus auto.\u00a0 \u0160\u012bm riep\u0101m ir pla\u0161s pielietojums - s\u0101kot ar pils\u0113tas asfaltu l\u012bdz pat lauku un me\u017ea ce\u013ciem. Tas, liel\u0101koties, ir pateicoties protektora rakstam. \u0160is modelis ir pieejams gan ar radz\u0113m, gan bez t\u0101m.","og_url":"https:\/\/mmkriepas.lv\/en\/p\/265-60r18-sailun-ice-blazer-wst2-lt-110t-2\/","og_site_name":"MMK Riepas","article_publisher":"https:\/\/www.facebook.com\/mmkserviss\/","article_modified_time":"2026-03-30T13:34:43+00:00","og_image":[{"width":900,"height":720,"url":"https:\/\/mmkriepas.lv\/wp-content\/uploads\/2024\/06\/sailun-ice-blazer-wst2-lt.jpg","type":"image\/jpeg"}],"twitter_card":"summary_large_image","twitter_misc":{"Price":"&euro;116.00","Availability":"In stock"},"schema":{"@context":"https:\/\/schema.org","@graph":[{"@type":"WebPage","@id":"https:\/\/mmkriepas.lv\/en\/p\/265-60r18-sailun-ice-blazer-wst2-lt-110t-2\/","url":"https:\/\/mmkriepas.lv\/en\/p\/265-60r18-sailun-ice-blazer-wst2-lt-110t-2\/","name":"265\/60R18 Sailun Ice Blazer WST2 LT 110T RP &#8226; MMK Riepas","isPartOf":{"@id":"https:\/\/mmkriepas.lv\/en\/#website"},"primaryImageOfPage":{"@id":"https:\/\/mmkriepas.lv\/en\/p\/265-60r18-sailun-ice-blazer-wst2-lt-110t-2\/#primaryimage"},"image":{"@id":"https:\/\/mmkriepas.lv\/en\/p\/265-60r18-sailun-ice-blazer-wst2-lt-110t-2\/#primaryimage"},"thumbnailUrl":"https:\/\/mmkriepas.lv\/wp-content\/uploads\/2024\/06\/sailun-ice-blazer-wst2-lt.jpg","datePublished":"2022-08-16T07:49:08+00:00","dateModified":"2026-03-30T13:34:43+00:00","breadcrumb":{"@id":"https:\/\/mmkriepas.lv\/en\/p\/265-60r18-sailun-ice-blazer-wst2-lt-110t-2\/#breadcrumb"},"inLanguage":"en-US","potentialAction":[{"@type":"ReadAction","target":["https:\/\/mmkriepas.lv\/en\/p\/265-60r18-sailun-ice-blazer-wst2-lt-110t-2\/"]}]},{"@type":"ImageObject","inLanguage":"en-US","@id":"https:\/\/mmkriepas.lv\/en\/p\/265-60r18-sailun-ice-blazer-wst2-lt-110t-2\/#primaryimage","url":"https:\/\/mmkriepas.lv\/wp-content\/uploads\/2024\/06\/sailun-ice-blazer-wst2-lt.jpg","contentUrl":"https:\/\/mmkriepas.lv\/wp-content\/uploads\/2024\/06\/sailun-ice-blazer-wst2-lt.jpg","width":900,"height":720,"caption":"MAIN"},{"@type":"BreadcrumbList","@id":"https:\/\/mmkriepas.lv\/en\/p\/265-60r18-sailun-ice-blazer-wst2-lt-110t-2\/#breadcrumb","itemListElement":[{"@type":"ListItem","position":1,"name":"S\u0101kums","item":"https:\/\/mmkriepas.lv\/en\/"},{"@type":"ListItem","position":2,"name":"265\/60R18 Sailun Ice Blazer WST2 LT 110T RP"}]},{"@type":"WebSite","@id":"https:\/\/mmkriepas.lv\/en\/#website","url":"https:\/\/mmkriepas.lv\/en\/","name":"MMK Riepas","description":"MMK Riepas","alternateName":"MMK Riepu Serviss","potentialAction":[{"@type":"SearchAction","target":{"@type":"EntryPoint","urlTemplate":"https:\/\/mmkriepas.lv\/en\/?s={search_term_string}"},"query-input":{"@type":"PropertyValueSpecification","valueRequired":true,"valueName":"search_term_string"}}],"inLanguage":"en-US"},{"@type":"ImageObject","inLanguage":"en-US","@id":"https:\/\/mmkriepas.lv\/en\/p\/265-60r18-sailun-ice-blazer-wst2-lt-110t-2\/#local-main-organization-logo","url":"","contentUrl":"","caption":"MMK Riepas"}]},"product_brand":"Sailun Ice Blazer WST2 LT","product_price_amount":"116.00","product_price_currency":"EUR","og_availability":"instock","product_availability":"instock","product_retailer_item_id":"TW2656018SAILU-L7480","product_condition":"new"},"_links":{"self":[{"href":"https:\/\/mmkriepas.lv\/en\/wp-json\/wp\/v2\/product\/294340","targetHints":{"allow":["GET"]}}],"collection":[{"href":"https:\/\/mmkriepas.lv\/en\/wp-json\/wp\/v2\/product"}],"about":[{"href":"https:\/\/mmkriepas.lv\/en\/wp-json\/wp\/v2\/types\/product"}],"wp:featuredmedia":[{"embeddable":true,"href":"https:\/\/mmkriepas.lv\/en\/wp-json\/wp\/v2\/media\/915113"}],"wp:attachment":[{"href":"https:\/\/mmkriepas.lv\/en\/wp-json\/wp\/v2\/media?parent=294340"}],"wp:term":[{"taxonomy":"product_brand","embeddable":true,"href":"https:\/\/mmkriepas.lv\/en\/wp-json\/wp\/v2\/product_brand?post=294340"},{"taxonomy":"product_cat","embeddable":true,"href":"https:\/\/mmkriepas.lv\/en\/wp-json\/wp\/v2\/product_cat?post=294340"},{"taxonomy":"product_tag","embeddable":true,"href":"https:\/\/mmkriepas.lv\/en\/wp-json\/wp\/v2\/product_tag?post=294340"}],"curies":[{"name":"wp","href":"https:\/\/api.w.org\/{rel}","templated":true}]}}