{"id":294192,"date":"2022-08-16T10:42:01","date_gmt":"2022-08-16T07:42:01","guid":{"rendered":"https:\/\/mmkserviss.lv\/?post_type=product&#038;p=294192"},"modified":"2026-03-27T12:26:25","modified_gmt":"2026-03-27T10:26:25","slug":"245-70r17-yokohama-geolander-i-t-s-g073-110q","status":"publish","type":"product","link":"https:\/\/mmkriepas.lv\/en\/p\/245-70r17-yokohama-geolander-i-t-s-g073-110q\/","title":{"rendered":"245\/70R17 Yokohama GEOLANDAR i\/T-S G073 110Q"},"content":{"rendered":"<p><b><span style=\"font-family: 'Arial',sans-serif;\">Yokohama GEOLANDER i\/T-S G073 <\/span><\/b><span style=\"font-family: 'Arial',sans-serif;\">ir augst\u0101k\u0101s klases jeb premium klases riepas. Riepas ra\u017eotas un izstr\u0101d\u0101tas Jap\u0101n\u0101. M\u012bkst\u0101 sast\u0101va jeb Skandin\u0101vijas tipa ziemas riepu modelis, kas paredz\u0113ts apvidus jeb SUV automa\u0161\u012bn\u0101m. \u0160is riepu modelis izce\u013cas ar paaugstin\u0101tu veiktsp\u0113ju gan snieg\u0101, gan uz ledus.<o:p><\/o:p><\/span><\/p>\n<h3><span style=\"font-family: 'Arial',sans-serif;\">GEOLANDER i\/T-S G073 galven\u0101s iez\u012bmes:<o:p><\/o:p><\/span><\/h3>\n<p><span style=\"font-family: 'Arial',sans-serif;\">+ Piem\u0113rots SUV jeb apvidus automa\u0161\u012bn\u0101m <o:p><\/o:p><\/span><\/p>\n<p><span style=\"font-family: 'Arial',sans-serif;\">+ Izcila veiktsp\u0113ja skarbos brauk\u0161anas apst\u0101k\u013cos <o:p><\/o:p><\/span><\/p>\n<p><span style=\"font-family: 'Arial',sans-serif;\">+ \u012apa\u0161i izstr\u0101d\u0101ts, \u016bdeni absorb\u0113jo\u0161s kompoz\u012btmateri\u0101ls <o:p><\/o:p><\/span><\/p>\n<p><span style=\"font-family: 'Arial',sans-serif;\">+ Agres\u012bvs virzienveida protektora raksts, <o:p><\/o:p><\/span><\/p>\n<p><span style=\"font-family: 'Arial',sans-serif;\">+ Riepu modelis piem\u0113rots gan pils\u0113tas asfaltam, gan grants vai lauku ce\u013ciem<o:p><\/o:p><\/span><\/p>\n<h3><span style=\"font-family: 'Arial',sans-serif;\">GEOLANDER i\/T-S G073 apr\u012bkojums<o:p><\/o:p><\/span><\/h3>\n<p><b><span style=\"font-family: 'Arial',sans-serif;\">Yokohama GEOLANDER i\/T-S G073 <\/span><\/b><span style=\"font-family: 'Arial',sans-serif;\">riepu modelis izstr\u0101d\u0101ts apvidus jeb SUV automa\u0161\u012bn\u0101m, kas ziem\u0101 sastopas ar skarbiem brauk\u0161anas apst\u0101k\u013ciem. \u012apa\u0161i \u0161im modelim izveidots agres\u012bvs virzienveida protektora raksts, kas b\u016bs izcils sabiedrotais c\u012b\u0146\u0101 ar ledu un sniegu. Riepu gumijas sast\u0101vam pievienota virkne inovat\u012bvu materi\u0101lu, kas ne tikai pal\u012bdz\u0113s riepai saglab\u0101t elast\u012bbu \u0101rk\u0101rt\u012bgi zem\u0101s gaisa temperat\u016br\u0101s, bet ar\u012b apsl\u0101p\u0113s ska\u0146u un absorb\u0113s mitrumu, b\u016btiski uzlabojot sa\u0137eri ar ledu, k\u0101 piem\u0113ram Orange Oil S jeb apels\u012bnu e\u013c\u013cas mais\u012bjums. K\u0101 atkl\u0101ju\u0161i Jap\u0101\u0146u in\u017eenieri, apels\u012bnu e\u013c\u013ca, b\u016bdama viena no lip\u012bg\u0101kaj\u0101m dab\u0101 sastopamaj\u0101m viel\u0101m, uzlabo riepu sa\u0137eri ar visda\u017e\u0101d\u0101kaj\u0101m ce\u013ca virsm\u0101m, k\u0101 ar\u012b pal\u012bdz riep\u0101m saglab\u0101t elast\u012bbu zem\u0101s gaisa temperat\u016br\u0101s. Papildus agres\u012bvajam protektora rakstam, protektora blokos iestr\u0101d\u0101tas lameles, kuras, aizvietojot radzes, ar as\u0101m kant\u0113m iec\u0113rtas led\u016b, ar slideno virsmu veidojot sa\u0137eri.\u00a0 <o:p><\/o:p><\/span><\/p>\n<p><b><span style=\"font-family: 'Arial',sans-serif;\">Yokohama GEOLANDER i\/T-S G073 &#8211;<\/span><\/b><span style=\"font-family: 'Arial',sans-serif;\"> premium kvalit\u0101tes ziemas riepas Tavam SUV. Pieejamas abos MMK Riepu Centros par vislab\u0101kaj\u0101m cen\u0101m!<o:p><\/o:p><\/span><\/p>\n","protected":false},"excerpt":{"rendered":"<p><b><span style=\"font-family: 'Arial',sans-serif;\">Yokohama GEOLANDER i\/T-S G073 <\/span><\/b><span style=\"font-family: 'Arial',sans-serif;\">ir augst\u0101k\u0101s klases jeb premium klases riepas. Riepas ra\u017eotas un izstr\u0101d\u0101tas Jap\u0101n\u0101. M\u012bkst\u0101 sast\u0101va jeb Skandin\u0101vijas tipa ziemas riepu modelis, kas paredz\u0113ts apvidus jeb SUV automa\u0161\u012bn\u0101m. \u0160is riepu modelis izce\u013cas ar paaugstin\u0101tu veiktsp\u0113ju gan snieg\u0101, gan uz ledus.<o:p><\/o:p><\/span><\/p>\n","protected":false},"featured_media":1117827,"template":"","meta":{"_acf_changed":false,"ngg_post_thumbnail":0},"product_brand":[],"product_cat":[47,45],"product_tag":[],"class_list":{"0":"post-294192","1":"product","2":"type-product","3":"status-publish","4":"has-post-thumbnail","6":"product_cat-vissezonas-riepas","7":"product_cat-ziemas-riepas","9":"first","10":"instock","11":"sale","12":"taxable","13":"shipping-taxable","14":"purchasable","15":"product-type-simple"},"acf":[],"yoast_head":"<!-- This site is optimized with the Yoast SEO Premium plugin v22.6 (Yoast SEO v27.3) - https:\/\/yoast.com\/product\/yoast-seo-premium-wordpress\/ -->\n<title>245\/70R17 Yokohama GEOLANDAR i\/T-S G073 110Q &#8226; MMK Riepas<\/title>\n<meta name=\"description\" content=\"Yokohama GEOLANDER i\/T-S G073 - premium kvalit\u0101tes ziemas riepas Tavam SUV. Pieejamas abos MMK Riepu Centros par vislab\u0101kaj\u0101m cen\u0101m!\" \/>\n<meta name=\"robots\" content=\"index, follow, max-snippet:-1, max-image-preview:large, max-video-preview:-1\" \/>\n<link rel=\"canonical\" href=\"https:\/\/mmkriepas.lv\/en\/p\/245-70r17-yokohama-geolander-i-t-s-g073-110q\/\" \/>\n<meta property=\"og:locale\" content=\"en_US\" \/>\n<meta property=\"og:type\" content=\"article\" \/>\n<meta property=\"og:title\" content=\"245\/70R17 Yokohama GEOLANDAR i\/T-S G073 110Q\" \/>\n<meta property=\"og:description\" content=\"Yokohama GEOLANDER i\/T-S G073 - premium kvalit\u0101tes ziemas riepas Tavam SUV. Pieejamas abos MMK Riepu Centros par vislab\u0101kaj\u0101m cen\u0101m!\" \/>\n<meta property=\"og:url\" content=\"https:\/\/mmkriepas.lv\/en\/p\/245-70r17-yokohama-geolander-i-t-s-g073-110q\/\" \/>\n<meta property=\"og:site_name\" content=\"MMK Riepas\" \/>\n<meta property=\"article:publisher\" content=\"https:\/\/www.facebook.com\/mmkserviss\/\" \/>\n<meta property=\"article:modified_time\" content=\"2026-03-27T10:26:25+00:00\" \/>\n<meta property=\"og:image\" content=\"https:\/\/mmkriepas.lv\/wp-content\/uploads\/2024\/10\/21565r16-yokohama-geolandar-it-s-g073-98q-rpb-ziemas-riepas.jpg\" \/>\n\t<meta property=\"og:image:width\" content=\"900\" \/>\n\t<meta property=\"og:image:height\" content=\"720\" \/>\n\t<meta property=\"og:image:type\" content=\"image\/jpeg\" \/>\n<meta name=\"twitter:card\" content=\"summary_large_image\" \/>\n<meta name=\"twitter:label1\" content=\"Price\" \/>\n\t<meta name=\"twitter:data1\" content=\"&euro;157.00\" \/>\n\t<meta name=\"twitter:label2\" content=\"Availability\" \/>\n\t<meta name=\"twitter:data2\" content=\"In stock\" \/>\n<script type=\"application\/ld+json\" class=\"yoast-schema-graph\">{\"@context\":\"https:\\\/\\\/schema.org\",\"@graph\":[{\"@type\":\"WebPage\",\"@id\":\"https:\\\/\\\/mmkriepas.lv\\\/en\\\/p\\\/245-70r17-yokohama-geolander-i-t-s-g073-110q\\\/\",\"url\":\"https:\\\/\\\/mmkriepas.lv\\\/en\\\/p\\\/245-70r17-yokohama-geolander-i-t-s-g073-110q\\\/\",\"name\":\"245\\\/70R17 Yokohama GEOLANDAR i\\\/T-S G073 110Q &#8226; MMK Riepas\",\"isPartOf\":{\"@id\":\"https:\\\/\\\/mmkriepas.lv\\\/en\\\/#website\"},\"primaryImageOfPage\":{\"@id\":\"https:\\\/\\\/mmkriepas.lv\\\/en\\\/p\\\/245-70r17-yokohama-geolander-i-t-s-g073-110q\\\/#primaryimage\"},\"image\":{\"@id\":\"https:\\\/\\\/mmkriepas.lv\\\/en\\\/p\\\/245-70r17-yokohama-geolander-i-t-s-g073-110q\\\/#primaryimage\"},\"thumbnailUrl\":\"https:\\\/\\\/mmkriepas.lv\\\/wp-content\\\/uploads\\\/2024\\\/10\\\/21565r16-yokohama-geolandar-it-s-g073-98q-rpb-ziemas-riepas.jpg\",\"datePublished\":\"2022-08-16T07:42:01+00:00\",\"dateModified\":\"2026-03-27T10:26:25+00:00\",\"description\":\"Yokohama GEOLANDER i\\\/T-S G073 - premium kvalit\u0101tes ziemas riepas Tavam SUV. Pieejamas abos MMK Riepu Centros par vislab\u0101kaj\u0101m cen\u0101m!\",\"breadcrumb\":{\"@id\":\"https:\\\/\\\/mmkriepas.lv\\\/en\\\/p\\\/245-70r17-yokohama-geolander-i-t-s-g073-110q\\\/#breadcrumb\"},\"inLanguage\":\"en-US\",\"potentialAction\":[{\"@type\":\"ReadAction\",\"target\":[\"https:\\\/\\\/mmkriepas.lv\\\/en\\\/p\\\/245-70r17-yokohama-geolander-i-t-s-g073-110q\\\/\"]}]},{\"@type\":\"ImageObject\",\"inLanguage\":\"en-US\",\"@id\":\"https:\\\/\\\/mmkriepas.lv\\\/en\\\/p\\\/245-70r17-yokohama-geolander-i-t-s-g073-110q\\\/#primaryimage\",\"url\":\"https:\\\/\\\/mmkriepas.lv\\\/wp-content\\\/uploads\\\/2024\\\/10\\\/21565r16-yokohama-geolandar-it-s-g073-98q-rpb-ziemas-riepas.jpg\",\"contentUrl\":\"https:\\\/\\\/mmkriepas.lv\\\/wp-content\\\/uploads\\\/2024\\\/10\\\/21565r16-yokohama-geolandar-it-s-g073-98q-rpb-ziemas-riepas.jpg\",\"width\":900,\"height\":720,\"caption\":\"MAIN\"},{\"@type\":\"BreadcrumbList\",\"@id\":\"https:\\\/\\\/mmkriepas.lv\\\/en\\\/p\\\/245-70r17-yokohama-geolander-i-t-s-g073-110q\\\/#breadcrumb\",\"itemListElement\":[{\"@type\":\"ListItem\",\"position\":1,\"name\":\"S\u0101kums\",\"item\":\"https:\\\/\\\/mmkriepas.lv\\\/en\\\/\"},{\"@type\":\"ListItem\",\"position\":2,\"name\":\"245\\\/70R17 Yokohama GEOLANDAR i\\\/T-S G073 110Q\"}]},{\"@type\":\"WebSite\",\"@id\":\"https:\\\/\\\/mmkriepas.lv\\\/en\\\/#website\",\"url\":\"https:\\\/\\\/mmkriepas.lv\\\/en\\\/\",\"name\":\"MMK Riepas\",\"description\":\"MMK Riepas\",\"alternateName\":\"MMK Riepu Serviss\",\"potentialAction\":[{\"@type\":\"SearchAction\",\"target\":{\"@type\":\"EntryPoint\",\"urlTemplate\":\"https:\\\/\\\/mmkriepas.lv\\\/en\\\/?s={search_term_string}\"},\"query-input\":{\"@type\":\"PropertyValueSpecification\",\"valueRequired\":true,\"valueName\":\"search_term_string\"}}],\"inLanguage\":\"en-US\"},{\"@type\":\"ImageObject\",\"inLanguage\":\"en-US\",\"@id\":\"https:\\\/\\\/mmkriepas.lv\\\/en\\\/p\\\/245-70r17-yokohama-geolander-i-t-s-g073-110q\\\/#local-main-organization-logo\",\"url\":\"\",\"contentUrl\":\"\",\"caption\":\"MMK Riepas\"}]}<\/script>\n<meta property=\"product:brand\" content=\"Yokohama GEOLANDAR i\/T-S G073\" \/>\n<meta property=\"product:price:amount\" content=\"157.00\" \/>\n<meta property=\"product:price:currency\" content=\"EUR\" \/>\n<meta property=\"og:availability\" content=\"instock\" \/>\n<meta property=\"product:availability\" content=\"instock\" \/>\n<meta property=\"product:retailer_item_id\" content=\"TW2457017YOKOH-L7432\" \/>\n<meta property=\"product:condition\" content=\"new\" \/>\n<!-- \/ Yoast SEO Premium plugin. -->","yoast_head_json":{"title":"245\/70R17 Yokohama GEOLANDAR i\/T-S G073 110Q &#8226; MMK Riepas","description":"Yokohama GEOLANDER i\/T-S G073 - premium kvalit\u0101tes ziemas riepas Tavam SUV. Pieejamas abos MMK Riepu Centros par vislab\u0101kaj\u0101m cen\u0101m!","robots":{"index":"index","follow":"follow","max-snippet":"max-snippet:-1","max-image-preview":"max-image-preview:large","max-video-preview":"max-video-preview:-1"},"canonical":"https:\/\/mmkriepas.lv\/en\/p\/245-70r17-yokohama-geolander-i-t-s-g073-110q\/","og_locale":"en_US","og_type":"article","og_title":"245\/70R17 Yokohama GEOLANDAR i\/T-S G073 110Q","og_description":"Yokohama GEOLANDER i\/T-S G073 - premium kvalit\u0101tes ziemas riepas Tavam SUV. Pieejamas abos MMK Riepu Centros par vislab\u0101kaj\u0101m cen\u0101m!","og_url":"https:\/\/mmkriepas.lv\/en\/p\/245-70r17-yokohama-geolander-i-t-s-g073-110q\/","og_site_name":"MMK Riepas","article_publisher":"https:\/\/www.facebook.com\/mmkserviss\/","article_modified_time":"2026-03-27T10:26:25+00:00","og_image":[{"width":900,"height":720,"url":"https:\/\/mmkriepas.lv\/wp-content\/uploads\/2024\/10\/21565r16-yokohama-geolandar-it-s-g073-98q-rpb-ziemas-riepas.jpg","type":"image\/jpeg"}],"twitter_card":"summary_large_image","twitter_misc":{"Price":"&euro;157.00","Availability":"In stock"},"schema":{"@context":"https:\/\/schema.org","@graph":[{"@type":"WebPage","@id":"https:\/\/mmkriepas.lv\/en\/p\/245-70r17-yokohama-geolander-i-t-s-g073-110q\/","url":"https:\/\/mmkriepas.lv\/en\/p\/245-70r17-yokohama-geolander-i-t-s-g073-110q\/","name":"245\/70R17 Yokohama GEOLANDAR i\/T-S G073 110Q &#8226; MMK Riepas","isPartOf":{"@id":"https:\/\/mmkriepas.lv\/en\/#website"},"primaryImageOfPage":{"@id":"https:\/\/mmkriepas.lv\/en\/p\/245-70r17-yokohama-geolander-i-t-s-g073-110q\/#primaryimage"},"image":{"@id":"https:\/\/mmkriepas.lv\/en\/p\/245-70r17-yokohama-geolander-i-t-s-g073-110q\/#primaryimage"},"thumbnailUrl":"https:\/\/mmkriepas.lv\/wp-content\/uploads\/2024\/10\/21565r16-yokohama-geolandar-it-s-g073-98q-rpb-ziemas-riepas.jpg","datePublished":"2022-08-16T07:42:01+00:00","dateModified":"2026-03-27T10:26:25+00:00","description":"Yokohama GEOLANDER i\/T-S G073 - premium kvalit\u0101tes ziemas riepas Tavam SUV. Pieejamas abos MMK Riepu Centros par vislab\u0101kaj\u0101m cen\u0101m!","breadcrumb":{"@id":"https:\/\/mmkriepas.lv\/en\/p\/245-70r17-yokohama-geolander-i-t-s-g073-110q\/#breadcrumb"},"inLanguage":"en-US","potentialAction":[{"@type":"ReadAction","target":["https:\/\/mmkriepas.lv\/en\/p\/245-70r17-yokohama-geolander-i-t-s-g073-110q\/"]}]},{"@type":"ImageObject","inLanguage":"en-US","@id":"https:\/\/mmkriepas.lv\/en\/p\/245-70r17-yokohama-geolander-i-t-s-g073-110q\/#primaryimage","url":"https:\/\/mmkriepas.lv\/wp-content\/uploads\/2024\/10\/21565r16-yokohama-geolandar-it-s-g073-98q-rpb-ziemas-riepas.jpg","contentUrl":"https:\/\/mmkriepas.lv\/wp-content\/uploads\/2024\/10\/21565r16-yokohama-geolandar-it-s-g073-98q-rpb-ziemas-riepas.jpg","width":900,"height":720,"caption":"MAIN"},{"@type":"BreadcrumbList","@id":"https:\/\/mmkriepas.lv\/en\/p\/245-70r17-yokohama-geolander-i-t-s-g073-110q\/#breadcrumb","itemListElement":[{"@type":"ListItem","position":1,"name":"S\u0101kums","item":"https:\/\/mmkriepas.lv\/en\/"},{"@type":"ListItem","position":2,"name":"245\/70R17 Yokohama GEOLANDAR i\/T-S G073 110Q"}]},{"@type":"WebSite","@id":"https:\/\/mmkriepas.lv\/en\/#website","url":"https:\/\/mmkriepas.lv\/en\/","name":"MMK Riepas","description":"MMK Riepas","alternateName":"MMK Riepu Serviss","potentialAction":[{"@type":"SearchAction","target":{"@type":"EntryPoint","urlTemplate":"https:\/\/mmkriepas.lv\/en\/?s={search_term_string}"},"query-input":{"@type":"PropertyValueSpecification","valueRequired":true,"valueName":"search_term_string"}}],"inLanguage":"en-US"},{"@type":"ImageObject","inLanguage":"en-US","@id":"https:\/\/mmkriepas.lv\/en\/p\/245-70r17-yokohama-geolander-i-t-s-g073-110q\/#local-main-organization-logo","url":"","contentUrl":"","caption":"MMK Riepas"}]},"product_brand":"Yokohama GEOLANDAR i\/T-S G073","product_price_amount":"157.00","product_price_currency":"EUR","og_availability":"instock","product_availability":"instock","product_retailer_item_id":"TW2457017YOKOH-L7432","product_condition":"new"},"_links":{"self":[{"href":"https:\/\/mmkriepas.lv\/en\/wp-json\/wp\/v2\/product\/294192","targetHints":{"allow":["GET"]}}],"collection":[{"href":"https:\/\/mmkriepas.lv\/en\/wp-json\/wp\/v2\/product"}],"about":[{"href":"https:\/\/mmkriepas.lv\/en\/wp-json\/wp\/v2\/types\/product"}],"wp:featuredmedia":[{"embeddable":true,"href":"https:\/\/mmkriepas.lv\/en\/wp-json\/wp\/v2\/media\/1117827"}],"wp:attachment":[{"href":"https:\/\/mmkriepas.lv\/en\/wp-json\/wp\/v2\/media?parent=294192"}],"wp:term":[{"taxonomy":"product_brand","embeddable":true,"href":"https:\/\/mmkriepas.lv\/en\/wp-json\/wp\/v2\/product_brand?post=294192"},{"taxonomy":"product_cat","embeddable":true,"href":"https:\/\/mmkriepas.lv\/en\/wp-json\/wp\/v2\/product_cat?post=294192"},{"taxonomy":"product_tag","embeddable":true,"href":"https:\/\/mmkriepas.lv\/en\/wp-json\/wp\/v2\/product_tag?post=294192"}],"curies":[{"name":"wp","href":"https:\/\/api.w.org\/{rel}","templated":true}]}}