{"id":292204,"date":"2022-08-16T09:07:20","date_gmt":"2022-08-16T06:07:20","guid":{"rendered":"https:\/\/mmkserviss.lv\/?post_type=product&#038;p=292204"},"modified":"2026-03-27T12:17:05","modified_gmt":"2026-03-27T10:17:05","slug":"185-55r14-hankook-kinergy-4s2-h750-80h","status":"publish","type":"product","link":"https:\/\/mmkriepas.lv\/en\/p\/185-55r14-hankook-kinergy-4s2-h750-80h\/","title":{"rendered":"185\/55R14 Hankook Kinergy 4S2 H750 80H RP"},"content":{"rendered":"<p><span style=\"font-family: arial, helvetica, sans-serif;\"><strong>Hankook Kinergy 4S2<\/strong><strong> H750<\/strong><strong>\u00a0<\/strong>ir teicamas kvalit\u0101tes, vid\u0113j\u0101s klases vissezonas\/vasaras riepu modelis. Tas izce\u013cas ar teicamiem sa\u0137eres r\u0101d\u012bt\u0101jiem vasar\u0101 un maig\u0101 ziem\u0101, k\u0101 ar\u012b augstu nodimumiztur\u012bbu un izteiktu brauk\u0161anas komfortu. Modelis pieejams pla\u0161\u0101 izm\u0113ru kl\u0101st\u0101 no R14 l\u012bdz R19 un paredz\u0113ts kompaktklases un vid\u0113ja izm\u0113ra vieglaj\u0101m automa\u0161\u012bn\u0101m.<\/span><\/p>\n<h3><span style=\"font-family: arial, helvetica, sans-serif;\"><strong>Kinergy 4S2 <\/strong><strong>H750 <\/strong><strong>galven\u0101s iez\u012bmes<\/strong><\/span><\/h3>\n<p><span style=\"font-family: arial, helvetica, sans-serif;\">+ Teicamas sa\u0137eres \u012bpa\u0161\u012bbas uz sausa un slapja asfalta, k\u0101 ar\u012b uz grants ce\u013ciem vasar\u0101 un maigos ziemas apst\u0101k\u013cos.<\/span><\/p>\n<p><span style=\"font-family: arial, helvetica, sans-serif;\">+ Palielin\u0101ta nodilumiztur\u012bba un degvielas ekonomija.<\/span><\/p>\n<p><span style=\"font-family: arial, helvetica, sans-serif;\">+ Zems akvaplan\u0113\u0161anas risks.<\/span><\/p>\n<p><span style=\"font-family: arial, helvetica, sans-serif;\">+ Izteikts akustiskais un brauk\u0161anas gaitas komforts.<\/span><\/p>\n<p><span style=\"font-family: arial, helvetica, sans-serif;\">+ Modelis piem\u0113rots tiem autobrauc\u0113jiem, kas p\u0101rvietojas tikai gada siltaj\u0101 laik\u0101 un ziem\u0101 nebrauc nemaz, vai brauc tikai pa pils\u0113tu.<\/span><\/p>\n<h3><span style=\"font-family: arial, helvetica, sans-serif;\"><strong>Kinergy 4S2<\/strong><strong> H750<\/strong><strong> apr\u012bkojums<\/strong><\/span><\/h3>\n<p><span style=\"font-family: arial, helvetica, sans-serif;\"><strong>Hankook Kinergy 4S2<\/strong><strong> H750<\/strong><strong>\u00a0<\/strong>vissezonas\/vasaras riepu modelis apr\u012bkots ar simetrisku, virzienveida protektora rakstu. \u0160\u0101ds dizains izv\u0113l\u0113ts, lai samazin\u0101tu akvaplan\u0113\u0161anas risku, k\u0101 ar\u012b uzlabotu sa\u0137eres \u012bpa\u0161\u012bbas uz grants ce\u013ciem un pat snieg\u0101.<\/span><\/p>\n<p><span style=\"font-family: arial, helvetica, sans-serif;\">Akvaplan\u0113\u0161anas risku samazina ar\u012b augsti att\u012bst\u012bta dren\u0101\u017eas jeb \u016bdens novadkan\u0101lu sist\u0113mu. T\u0101 \u0101tri un efekt\u012bvi atbr\u012bvo riepu sa\u0137eres virsmu ar ce\u013cu no \u016bdens, uzlabojot ar\u012b sa\u0137eri uz slapja asfalta.<\/span><\/p>\n<p><span style=\"font-family: arial, helvetica, sans-serif;\">V-veid\u0101 izvietotie protektora bloki darin\u0101ti no elastrom\u0113riem bag\u0101ta gumijas sakaus\u0113juma. Riepu gumijas sast\u0101vam pievienotie \u0137\u012bmiskie elementi at\u013cauj riepai saglab\u0101t elast\u012bbu zem\u0101s gaisa temperat\u016br\u0101s. K\u0101 zin\u0101ms, elast\u012bga riepa daudz lab\u0101k veido sa\u0137eri ar ce\u013cu, k\u0101 ar\u012b dilst vienm\u0113r\u012bg\u0101k.<\/span><\/p>\n","protected":false},"excerpt":{"rendered":"<p><span style=\"font-family: arial, helvetica, sans-serif;\"><strong>Hankook Kinergy 4S2<\/strong><strong> H750<\/strong><strong>\u00a0<\/strong>ir teicamas kvalit\u0101tes, vid\u0113j\u0101s klases vissezonas\/vasaras riepu modelis. Tas izce\u013cas ar teicamiem sa\u0137eres r\u0101d\u012bt\u0101jiem vasar\u0101 un maig\u0101 ziem\u0101, k\u0101 ar\u012b augstu nodimumiztur\u012bbu un izteiktu brauk\u0161anas komfortu. Modelis pieejams pla\u0161\u0101 izm\u0113ru kl\u0101st\u0101 no R14 l\u012bdz R19 un paredz\u0113ts kompaktklases un vid\u0113ja izm\u0113ra vieglaj\u0101m automa\u0161\u012bn\u0101m.<\/span><\/p>\n","protected":false},"featured_media":339553,"template":"","meta":{"_acf_changed":false,"ngg_post_thumbnail":0},"product_brand":[],"product_cat":[47,45],"product_tag":[],"class_list":{"0":"post-292204","1":"product","2":"type-product","3":"status-publish","4":"has-post-thumbnail","6":"product_cat-vissezonas-riepas","7":"product_cat-ziemas-riepas","9":"first","10":"instock","11":"sale","12":"taxable","13":"shipping-taxable","14":"purchasable","15":"product-type-simple"},"acf":[],"yoast_head":"<!-- This site is optimized with the Yoast SEO Premium plugin v22.6 (Yoast SEO v27.3) - https:\/\/yoast.com\/product\/yoast-seo-premium-wordpress\/ -->\n<title>185\/55R14 Hankook Kinergy 4S2 H750 80H RP &#8226; MMK Riepas<\/title>\n<meta name=\"robots\" content=\"index, follow, max-snippet:-1, max-image-preview:large, max-video-preview:-1\" \/>\n<link rel=\"canonical\" href=\"https:\/\/mmkriepas.lv\/en\/p\/185-55r14-hankook-kinergy-4s2-h750-80h\/\" \/>\n<meta property=\"og:locale\" content=\"en_US\" \/>\n<meta property=\"og:type\" content=\"article\" \/>\n<meta property=\"og:title\" content=\"185\/55R14 Hankook Kinergy 4S2 H750 80H RP\" \/>\n<meta property=\"og:description\" content=\"Hankook Kinergy 4S2 H750\u00a0ir teicamas kvalit\u0101tes, vid\u0113j\u0101s klases vissezonas\/vasaras riepu modelis. Tas izce\u013cas ar teicamiem sa\u0137eres r\u0101d\u012bt\u0101jiem vasar\u0101 un maig\u0101 ziem\u0101, k\u0101 ar\u012b augstu nodimumiztur\u012bbu un izteiktu brauk\u0161anas komfortu. Modelis pieejams pla\u0161\u0101 izm\u0113ru kl\u0101st\u0101 no R14 l\u012bdz R19 un paredz\u0113ts kompaktklases un vid\u0113ja izm\u0113ra vieglaj\u0101m automa\u0161\u012bn\u0101m.\" \/>\n<meta property=\"og:url\" content=\"https:\/\/mmkriepas.lv\/en\/p\/185-55r14-hankook-kinergy-4s2-h750-80h\/\" \/>\n<meta property=\"og:site_name\" content=\"MMK Riepas\" \/>\n<meta property=\"article:publisher\" content=\"https:\/\/www.facebook.com\/mmkserviss\/\" \/>\n<meta property=\"article:modified_time\" content=\"2026-03-27T10:17:05+00:00\" \/>\n<meta property=\"og:image\" content=\"https:\/\/mmkriepas.lv\/wp-content\/uploads\/2022\/09\/20555r16-hankook-kinergy-4s2-h750-94h-ziemas-riepas.jpeg\" \/>\n\t<meta property=\"og:image:width\" content=\"1920\" \/>\n\t<meta property=\"og:image:height\" content=\"1440\" \/>\n\t<meta property=\"og:image:type\" content=\"image\/jpeg\" \/>\n<meta name=\"twitter:card\" content=\"summary_large_image\" \/>\n<meta name=\"twitter:label1\" content=\"Price\" \/>\n\t<meta name=\"twitter:data1\" content=\"&euro;92.00\" \/>\n\t<meta name=\"twitter:label2\" content=\"Availability\" \/>\n\t<meta name=\"twitter:data2\" content=\"In stock\" \/>\n<script type=\"application\/ld+json\" class=\"yoast-schema-graph\">{\"@context\":\"https:\\\/\\\/schema.org\",\"@graph\":[{\"@type\":\"WebPage\",\"@id\":\"https:\\\/\\\/mmkriepas.lv\\\/en\\\/p\\\/185-55r14-hankook-kinergy-4s2-h750-80h\\\/\",\"url\":\"https:\\\/\\\/mmkriepas.lv\\\/en\\\/p\\\/185-55r14-hankook-kinergy-4s2-h750-80h\\\/\",\"name\":\"185\\\/55R14 Hankook Kinergy 4S2 H750 80H RP &#8226; MMK Riepas\",\"isPartOf\":{\"@id\":\"https:\\\/\\\/mmkriepas.lv\\\/en\\\/#website\"},\"primaryImageOfPage\":{\"@id\":\"https:\\\/\\\/mmkriepas.lv\\\/en\\\/p\\\/185-55r14-hankook-kinergy-4s2-h750-80h\\\/#primaryimage\"},\"image\":{\"@id\":\"https:\\\/\\\/mmkriepas.lv\\\/en\\\/p\\\/185-55r14-hankook-kinergy-4s2-h750-80h\\\/#primaryimage\"},\"thumbnailUrl\":\"https:\\\/\\\/mmkriepas.lv\\\/wp-content\\\/uploads\\\/2022\\\/09\\\/20555r16-hankook-kinergy-4s2-h750-94h-ziemas-riepas.jpeg\",\"datePublished\":\"2022-08-16T06:07:20+00:00\",\"dateModified\":\"2026-03-27T10:17:05+00:00\",\"breadcrumb\":{\"@id\":\"https:\\\/\\\/mmkriepas.lv\\\/en\\\/p\\\/185-55r14-hankook-kinergy-4s2-h750-80h\\\/#breadcrumb\"},\"inLanguage\":\"en-US\",\"potentialAction\":[{\"@type\":\"ReadAction\",\"target\":[\"https:\\\/\\\/mmkriepas.lv\\\/en\\\/p\\\/185-55r14-hankook-kinergy-4s2-h750-80h\\\/\"]}]},{\"@type\":\"ImageObject\",\"inLanguage\":\"en-US\",\"@id\":\"https:\\\/\\\/mmkriepas.lv\\\/en\\\/p\\\/185-55r14-hankook-kinergy-4s2-h750-80h\\\/#primaryimage\",\"url\":\"https:\\\/\\\/mmkriepas.lv\\\/wp-content\\\/uploads\\\/2022\\\/09\\\/20555r16-hankook-kinergy-4s2-h750-94h-ziemas-riepas.jpeg\",\"contentUrl\":\"https:\\\/\\\/mmkriepas.lv\\\/wp-content\\\/uploads\\\/2022\\\/09\\\/20555r16-hankook-kinergy-4s2-h750-94h-ziemas-riepas.jpeg\",\"width\":1920,\"height\":1440,\"caption\":\"205\\\/55R16 Hankook Kinergy 4S2 H750 94H - Vissezonas riepas \\\/ Ziemas riepas\"},{\"@type\":\"BreadcrumbList\",\"@id\":\"https:\\\/\\\/mmkriepas.lv\\\/en\\\/p\\\/185-55r14-hankook-kinergy-4s2-h750-80h\\\/#breadcrumb\",\"itemListElement\":[{\"@type\":\"ListItem\",\"position\":1,\"name\":\"S\u0101kums\",\"item\":\"https:\\\/\\\/mmkriepas.lv\\\/en\\\/\"},{\"@type\":\"ListItem\",\"position\":2,\"name\":\"185\\\/55R14 Hankook Kinergy 4S2 H750 80H RP\"}]},{\"@type\":\"WebSite\",\"@id\":\"https:\\\/\\\/mmkriepas.lv\\\/en\\\/#website\",\"url\":\"https:\\\/\\\/mmkriepas.lv\\\/en\\\/\",\"name\":\"MMK Riepas\",\"description\":\"MMK Riepas\",\"alternateName\":\"MMK Riepu Serviss\",\"potentialAction\":[{\"@type\":\"SearchAction\",\"target\":{\"@type\":\"EntryPoint\",\"urlTemplate\":\"https:\\\/\\\/mmkriepas.lv\\\/en\\\/?s={search_term_string}\"},\"query-input\":{\"@type\":\"PropertyValueSpecification\",\"valueRequired\":true,\"valueName\":\"search_term_string\"}}],\"inLanguage\":\"en-US\"},{\"@type\":\"ImageObject\",\"inLanguage\":\"en-US\",\"@id\":\"https:\\\/\\\/mmkriepas.lv\\\/en\\\/p\\\/185-55r14-hankook-kinergy-4s2-h750-80h\\\/#local-main-organization-logo\",\"url\":\"\",\"contentUrl\":\"\",\"caption\":\"MMK Riepas\"}]}<\/script>\n<meta property=\"product:brand\" content=\"Hankook Kinergy 4S2 H750\" \/>\n<meta property=\"product:price:amount\" content=\"92.00\" \/>\n<meta property=\"product:price:currency\" content=\"EUR\" \/>\n<meta property=\"og:availability\" content=\"instock\" \/>\n<meta property=\"product:availability\" content=\"instock\" \/>\n<meta property=\"product:retailer_item_id\" content=\"TW1855514Hanko-L6775\" \/>\n<meta property=\"product:condition\" content=\"new\" \/>\n<!-- \/ Yoast SEO Premium plugin. -->","yoast_head_json":{"title":"185\/55R14 Hankook Kinergy 4S2 H750 80H RP &#8226; MMK Riepas","robots":{"index":"index","follow":"follow","max-snippet":"max-snippet:-1","max-image-preview":"max-image-preview:large","max-video-preview":"max-video-preview:-1"},"canonical":"https:\/\/mmkriepas.lv\/en\/p\/185-55r14-hankook-kinergy-4s2-h750-80h\/","og_locale":"en_US","og_type":"article","og_title":"185\/55R14 Hankook Kinergy 4S2 H750 80H RP","og_description":"Hankook Kinergy 4S2 H750\u00a0ir teicamas kvalit\u0101tes, vid\u0113j\u0101s klases vissezonas\/vasaras riepu modelis. Tas izce\u013cas ar teicamiem sa\u0137eres r\u0101d\u012bt\u0101jiem vasar\u0101 un maig\u0101 ziem\u0101, k\u0101 ar\u012b augstu nodimumiztur\u012bbu un izteiktu brauk\u0161anas komfortu. Modelis pieejams pla\u0161\u0101 izm\u0113ru kl\u0101st\u0101 no R14 l\u012bdz R19 un paredz\u0113ts kompaktklases un vid\u0113ja izm\u0113ra vieglaj\u0101m automa\u0161\u012bn\u0101m.","og_url":"https:\/\/mmkriepas.lv\/en\/p\/185-55r14-hankook-kinergy-4s2-h750-80h\/","og_site_name":"MMK Riepas","article_publisher":"https:\/\/www.facebook.com\/mmkserviss\/","article_modified_time":"2026-03-27T10:17:05+00:00","og_image":[{"width":1920,"height":1440,"url":"https:\/\/mmkriepas.lv\/wp-content\/uploads\/2022\/09\/20555r16-hankook-kinergy-4s2-h750-94h-ziemas-riepas.jpeg","type":"image\/jpeg"}],"twitter_card":"summary_large_image","twitter_misc":{"Price":"&euro;92.00","Availability":"In stock"},"schema":{"@context":"https:\/\/schema.org","@graph":[{"@type":"WebPage","@id":"https:\/\/mmkriepas.lv\/en\/p\/185-55r14-hankook-kinergy-4s2-h750-80h\/","url":"https:\/\/mmkriepas.lv\/en\/p\/185-55r14-hankook-kinergy-4s2-h750-80h\/","name":"185\/55R14 Hankook Kinergy 4S2 H750 80H RP &#8226; MMK Riepas","isPartOf":{"@id":"https:\/\/mmkriepas.lv\/en\/#website"},"primaryImageOfPage":{"@id":"https:\/\/mmkriepas.lv\/en\/p\/185-55r14-hankook-kinergy-4s2-h750-80h\/#primaryimage"},"image":{"@id":"https:\/\/mmkriepas.lv\/en\/p\/185-55r14-hankook-kinergy-4s2-h750-80h\/#primaryimage"},"thumbnailUrl":"https:\/\/mmkriepas.lv\/wp-content\/uploads\/2022\/09\/20555r16-hankook-kinergy-4s2-h750-94h-ziemas-riepas.jpeg","datePublished":"2022-08-16T06:07:20+00:00","dateModified":"2026-03-27T10:17:05+00:00","breadcrumb":{"@id":"https:\/\/mmkriepas.lv\/en\/p\/185-55r14-hankook-kinergy-4s2-h750-80h\/#breadcrumb"},"inLanguage":"en-US","potentialAction":[{"@type":"ReadAction","target":["https:\/\/mmkriepas.lv\/en\/p\/185-55r14-hankook-kinergy-4s2-h750-80h\/"]}]},{"@type":"ImageObject","inLanguage":"en-US","@id":"https:\/\/mmkriepas.lv\/en\/p\/185-55r14-hankook-kinergy-4s2-h750-80h\/#primaryimage","url":"https:\/\/mmkriepas.lv\/wp-content\/uploads\/2022\/09\/20555r16-hankook-kinergy-4s2-h750-94h-ziemas-riepas.jpeg","contentUrl":"https:\/\/mmkriepas.lv\/wp-content\/uploads\/2022\/09\/20555r16-hankook-kinergy-4s2-h750-94h-ziemas-riepas.jpeg","width":1920,"height":1440,"caption":"205\/55R16 Hankook Kinergy 4S2 H750 94H - Vissezonas riepas \/ Ziemas riepas"},{"@type":"BreadcrumbList","@id":"https:\/\/mmkriepas.lv\/en\/p\/185-55r14-hankook-kinergy-4s2-h750-80h\/#breadcrumb","itemListElement":[{"@type":"ListItem","position":1,"name":"S\u0101kums","item":"https:\/\/mmkriepas.lv\/en\/"},{"@type":"ListItem","position":2,"name":"185\/55R14 Hankook Kinergy 4S2 H750 80H RP"}]},{"@type":"WebSite","@id":"https:\/\/mmkriepas.lv\/en\/#website","url":"https:\/\/mmkriepas.lv\/en\/","name":"MMK Riepas","description":"MMK Riepas","alternateName":"MMK Riepu Serviss","potentialAction":[{"@type":"SearchAction","target":{"@type":"EntryPoint","urlTemplate":"https:\/\/mmkriepas.lv\/en\/?s={search_term_string}"},"query-input":{"@type":"PropertyValueSpecification","valueRequired":true,"valueName":"search_term_string"}}],"inLanguage":"en-US"},{"@type":"ImageObject","inLanguage":"en-US","@id":"https:\/\/mmkriepas.lv\/en\/p\/185-55r14-hankook-kinergy-4s2-h750-80h\/#local-main-organization-logo","url":"","contentUrl":"","caption":"MMK Riepas"}]},"product_brand":"Hankook Kinergy 4S2 H750","product_price_amount":"92.00","product_price_currency":"EUR","og_availability":"instock","product_availability":"instock","product_retailer_item_id":"TW1855514Hanko-L6775","product_condition":"new"},"_links":{"self":[{"href":"https:\/\/mmkriepas.lv\/en\/wp-json\/wp\/v2\/product\/292204","targetHints":{"allow":["GET"]}}],"collection":[{"href":"https:\/\/mmkriepas.lv\/en\/wp-json\/wp\/v2\/product"}],"about":[{"href":"https:\/\/mmkriepas.lv\/en\/wp-json\/wp\/v2\/types\/product"}],"wp:featuredmedia":[{"embeddable":true,"href":"https:\/\/mmkriepas.lv\/en\/wp-json\/wp\/v2\/media\/339553"}],"wp:attachment":[{"href":"https:\/\/mmkriepas.lv\/en\/wp-json\/wp\/v2\/media?parent=292204"}],"wp:term":[{"taxonomy":"product_brand","embeddable":true,"href":"https:\/\/mmkriepas.lv\/en\/wp-json\/wp\/v2\/product_brand?post=292204"},{"taxonomy":"product_cat","embeddable":true,"href":"https:\/\/mmkriepas.lv\/en\/wp-json\/wp\/v2\/product_cat?post=292204"},{"taxonomy":"product_tag","embeddable":true,"href":"https:\/\/mmkriepas.lv\/en\/wp-json\/wp\/v2\/product_tag?post=292204"}],"curies":[{"name":"wp","href":"https:\/\/api.w.org\/{rel}","templated":true}]}}