{"id":292102,"date":"2022-08-16T09:02:26","date_gmt":"2022-08-16T06:02:26","guid":{"rendered":"https:\/\/mmkserviss.lv\/?post_type=product&#038;p=292102"},"modified":"2026-03-27T12:16:30","modified_gmt":"2026-03-27T10:16:30","slug":"175-65r13-hankook-winter-icept-rs-w442-80t","status":"publish","type":"product","link":"https:\/\/mmkriepas.lv\/en\/p\/175-65r13-hankook-winter-icept-rs-w442-80t\/","title":{"rendered":"175\/65R13 Hankook Winter i*cept RS W442 80T"},"content":{"rendered":"<p class=\"western\" align=\"left\"><span style=\"font-family: Arial, sans-serif;\"><span style=\"font-size: small;\"><b><span>Hankook Winter i*cept RS W442<\/span><\/b><span> ir teicamas kvalit\u0101tes, vid\u0113j\u0101s klases vissezonas\/ziemas riepu modelis. Tas izce\u013cas ar teicamiem brauk\u0161anas komforta, sa\u0137eres un manevr\u0113tsp\u0113jas r\u0101d\u012bt\u0101jiem gan uz sausa un slapja asfalta, gan m\u0113renas ziemas brauk\u0161anas apst\u0101k\u013cos. \u0160is riepu modelis paredz\u0113ts kompaktklases un vid\u0113ja izm\u0113ra vieglaj\u0101m automa\u0161\u012bn\u0101m, un pieejams izm\u0113ru kl\u0101st\u0101 no R13 l\u012bdz R17.<\/span><\/span><\/span><\/p>\n<h3 class=\"western\" align=\"left\"><span style=\"font-family: Arial, sans-serif;\"><span>Hankook Winter i*cept RS W442 galven\u0101s \u012bpa\u0161\u012bbas:<\/span><\/span><\/h3>\n<p class=\"western\" align=\"left\"><span style=\"font-family: Arial, sans-serif;\"><span>+ Laba sa\u0137ere un manevr\u0113tsp\u0113ja uz sausa un slapja asfalta, k\u0101 ar\u012b slapjdra\u0146\u0137\u012b un snieg\u0101.<br \/>+ Zems akvaplan\u0113\u0161anas risks.<br \/>+ Palielin\u0101ta nodilumiztur\u012bba.<br \/>+ Izteikts akustiskais un brauk\u0161anas gaitas komforts.<br \/>+ Degvielas ekonomija!<\/span><\/span><\/p>\n<h3 class=\"western\" align=\"left\"><span style=\"font-family: Arial, sans-serif;\"><span>i*cept RS W442 apr\u012bkojums<\/span><\/span><\/h3>\n<p class=\"western\" align=\"left\"><span style=\"font-family: Arial, sans-serif;\"><b><span>Hankook Winter i*cept RS W442<\/span><\/b><span> vissezonas\/ziemas riepu modelis apr\u012bkots ar klasisku virzienveida protektora rakstu jeb &#8220;skuji\u0146u&#8221;. \u0160\u0101ds dizains sev\u012b apvieno optim\u0101las veiktsp\u0113jas \u012bpa\u0161\u012bbas snieg\u0101 un slapjdra\u0146\u0137\u012b, k\u0101 ar\u012b pazemin\u0101tu akvaplan\u0113\u0161anas risku pat lielos brauk\u0161anas \u0101trumos.<\/span><\/span><\/p>\n<p class=\"western\" align=\"left\"><span style=\"font-family: Arial, sans-serif;\"><span>Protektors veidots ar noapa\u013cot\u0101m mal\u0101m un vair\u0101kiem taisniem, gareniskiem dren\u0101\u017eas kan\u0101liem vis\u0101 riepas \u0101r\u0113j\u0101 r\u0101dius\u0101. Tas dar\u012bts, lai pazemin\u0101tu riepas rites pretest\u012bbu, samazinot trok\u0161\u0146a l\u012bmeni un degvielas pat\u0113ri\u0146u.<\/span><\/span><\/p>\n<p class=\"western\" align=\"left\"><span style=\"font-family: Arial, sans-serif;\"><span>V-veid\u0101 izvietotajos protektora blokos iestr\u0101d\u0101tas lameles, kas b\u016btiski uzlabo riepu veiktsp\u0113ju uz sabliet\u0113ta sniega un apledojumiem. \u0160ie sa\u0137eres elementi veido papildus sa\u0137eres kantes c\u012b\u0146ai ar slidenajiem ziemas ce\u013ciem.<\/span><\/span><\/p>\n<p class=\"western\" align=\"left\"><span style=\"font-family: Arial, sans-serif;\"><span>Riepu gumijas sast\u0101vam pievienots liels sil\u012bcija dioks\u012bda daudzums. \u0160is \u0137\u012bmiskais elements pal\u012bdz riep\u0101m saglab\u0101t elast\u012bbu zem\u0101s gaisa temperat\u016br\u0101s, k\u0101 ar\u012b uzlabo riepu nodilumiztur\u012bbu.<\/span><\/span><\/p>\n","protected":false},"excerpt":{"rendered":"<p class=\"western\" align=\"left\"><span style=\"font-family: Arial, sans-serif;\"><span style=\"font-size: small;\"><b><span>Hankook Winter i*cept RS W442<\/span><\/b><span> ir teicamas kvalit\u0101tes, vid\u0113j\u0101s klases vissezonas\/ziemas riepu modelis. Tas izce\u013cas ar teicamiem brauk\u0161anas komforta, sa\u0137eres un manevr\u0113tsp\u0113jas r\u0101d\u012bt\u0101jiem gan uz sausa un slapja asfalta, gan m\u0113renas ziemas brauk\u0161anas apst\u0101k\u013cos. \u0160is riepu modelis paredz\u0113ts kompaktklases un vid\u0113ja izm\u0113ra vieglaj\u0101m automa\u0161\u012bn\u0101m, un pieejams izm\u0113ru kl\u0101st\u0101 no R13 l\u012bdz R17.<\/span><\/span><\/span><\/p>\n","protected":false},"featured_media":852422,"template":"","meta":{"_acf_changed":false,"ngg_post_thumbnail":0},"product_brand":[],"product_cat":[47,45],"product_tag":[],"class_list":{"0":"post-292102","1":"product","2":"type-product","3":"status-publish","4":"has-post-thumbnail","6":"product_cat-vissezonas-riepas","7":"product_cat-ziemas-riepas","9":"first","10":"instock","11":"sale","12":"taxable","13":"shipping-taxable","14":"purchasable","15":"product-type-simple"},"acf":[],"yoast_head":"<!-- This site is optimized with the Yoast SEO Premium plugin v22.6 (Yoast SEO v27.3) - https:\/\/yoast.com\/product\/yoast-seo-premium-wordpress\/ -->\n<title>175\/65R13 Hankook Winter i*cept RS W442 80T &#8226; MMK Riepas<\/title>\n<meta name=\"robots\" content=\"index, follow, max-snippet:-1, max-image-preview:large, max-video-preview:-1\" \/>\n<link rel=\"canonical\" href=\"https:\/\/mmkriepas.lv\/en\/p\/175-65r13-hankook-winter-icept-rs-w442-80t\/\" \/>\n<meta property=\"og:locale\" content=\"en_US\" \/>\n<meta property=\"og:type\" content=\"article\" \/>\n<meta property=\"og:title\" content=\"175\/65R13 Hankook Winter i*cept RS W442 80T\" \/>\n<meta property=\"og:description\" content=\"Hankook Winter i*cept RS W442 ir teicamas kvalit\u0101tes, vid\u0113j\u0101s klases vissezonas\/ziemas riepu modelis. Tas izce\u013cas ar teicamiem brauk\u0161anas komforta, sa\u0137eres un manevr\u0113tsp\u0113jas r\u0101d\u012bt\u0101jiem gan uz sausa un slapja asfalta, gan m\u0113renas ziemas brauk\u0161anas apst\u0101k\u013cos. \u0160is riepu modelis paredz\u0113ts kompaktklases un vid\u0113ja izm\u0113ra vieglaj\u0101m automa\u0161\u012bn\u0101m, un pieejams izm\u0113ru kl\u0101st\u0101 no R13 l\u012bdz R17.\" \/>\n<meta property=\"og:url\" content=\"https:\/\/mmkriepas.lv\/en\/p\/175-65r13-hankook-winter-icept-rs-w442-80t\/\" \/>\n<meta property=\"og:site_name\" content=\"MMK Riepas\" \/>\n<meta property=\"article:publisher\" content=\"https:\/\/www.facebook.com\/mmkserviss\/\" \/>\n<meta property=\"article:modified_time\" content=\"2026-03-27T10:16:30+00:00\" \/>\n<meta property=\"og:image\" content=\"https:\/\/mmkriepas.lv\/wp-content\/uploads\/2024\/02\/19570r15-hankook-winter-icept-rs-w442-97t-xl-ziemas-riepas.jpg\" \/>\n\t<meta property=\"og:image:width\" content=\"1920\" \/>\n\t<meta property=\"og:image:height\" content=\"1920\" \/>\n\t<meta property=\"og:image:type\" content=\"image\/jpeg\" \/>\n<meta name=\"twitter:card\" content=\"summary_large_image\" \/>\n<meta name=\"twitter:label1\" content=\"Price\" \/>\n\t<meta name=\"twitter:data1\" content=\"&euro;74.00\" \/>\n\t<meta name=\"twitter:label2\" content=\"Availability\" \/>\n\t<meta name=\"twitter:data2\" content=\"In stock\" \/>\n<script type=\"application\/ld+json\" class=\"yoast-schema-graph\">{\"@context\":\"https:\\\/\\\/schema.org\",\"@graph\":[{\"@type\":\"WebPage\",\"@id\":\"https:\\\/\\\/mmkriepas.lv\\\/en\\\/p\\\/175-65r13-hankook-winter-icept-rs-w442-80t\\\/\",\"url\":\"https:\\\/\\\/mmkriepas.lv\\\/en\\\/p\\\/175-65r13-hankook-winter-icept-rs-w442-80t\\\/\",\"name\":\"175\\\/65R13 Hankook Winter i*cept RS W442 80T &#8226; MMK Riepas\",\"isPartOf\":{\"@id\":\"https:\\\/\\\/mmkriepas.lv\\\/en\\\/#website\"},\"primaryImageOfPage\":{\"@id\":\"https:\\\/\\\/mmkriepas.lv\\\/en\\\/p\\\/175-65r13-hankook-winter-icept-rs-w442-80t\\\/#primaryimage\"},\"image\":{\"@id\":\"https:\\\/\\\/mmkriepas.lv\\\/en\\\/p\\\/175-65r13-hankook-winter-icept-rs-w442-80t\\\/#primaryimage\"},\"thumbnailUrl\":\"https:\\\/\\\/mmkriepas.lv\\\/wp-content\\\/uploads\\\/2024\\\/02\\\/19570r15-hankook-winter-icept-rs-w442-97t-xl-ziemas-riepas.jpg\",\"datePublished\":\"2022-08-16T06:02:26+00:00\",\"dateModified\":\"2026-03-27T10:16:30+00:00\",\"breadcrumb\":{\"@id\":\"https:\\\/\\\/mmkriepas.lv\\\/en\\\/p\\\/175-65r13-hankook-winter-icept-rs-w442-80t\\\/#breadcrumb\"},\"inLanguage\":\"en-US\",\"potentialAction\":[{\"@type\":\"ReadAction\",\"target\":[\"https:\\\/\\\/mmkriepas.lv\\\/en\\\/p\\\/175-65r13-hankook-winter-icept-rs-w442-80t\\\/\"]}]},{\"@type\":\"ImageObject\",\"inLanguage\":\"en-US\",\"@id\":\"https:\\\/\\\/mmkriepas.lv\\\/en\\\/p\\\/175-65r13-hankook-winter-icept-rs-w442-80t\\\/#primaryimage\",\"url\":\"https:\\\/\\\/mmkriepas.lv\\\/wp-content\\\/uploads\\\/2024\\\/02\\\/19570r15-hankook-winter-icept-rs-w442-97t-xl-ziemas-riepas.jpg\",\"contentUrl\":\"https:\\\/\\\/mmkriepas.lv\\\/wp-content\\\/uploads\\\/2024\\\/02\\\/19570r15-hankook-winter-icept-rs-w442-97t-xl-ziemas-riepas.jpg\",\"width\":1920,\"height\":1920,\"caption\":\"195\\\/70R15 Hankook Winter i*cept RS W442 97T XL - Vissezonas riepas \\\/ Ziemas riepas\"},{\"@type\":\"BreadcrumbList\",\"@id\":\"https:\\\/\\\/mmkriepas.lv\\\/en\\\/p\\\/175-65r13-hankook-winter-icept-rs-w442-80t\\\/#breadcrumb\",\"itemListElement\":[{\"@type\":\"ListItem\",\"position\":1,\"name\":\"S\u0101kums\",\"item\":\"https:\\\/\\\/mmkriepas.lv\\\/en\\\/\"},{\"@type\":\"ListItem\",\"position\":2,\"name\":\"175\\\/65R13 Hankook Winter i*cept RS W442 80T\"}]},{\"@type\":\"WebSite\",\"@id\":\"https:\\\/\\\/mmkriepas.lv\\\/en\\\/#website\",\"url\":\"https:\\\/\\\/mmkriepas.lv\\\/en\\\/\",\"name\":\"MMK Riepas\",\"description\":\"MMK Riepas\",\"alternateName\":\"MMK Riepu Serviss\",\"potentialAction\":[{\"@type\":\"SearchAction\",\"target\":{\"@type\":\"EntryPoint\",\"urlTemplate\":\"https:\\\/\\\/mmkriepas.lv\\\/en\\\/?s={search_term_string}\"},\"query-input\":{\"@type\":\"PropertyValueSpecification\",\"valueRequired\":true,\"valueName\":\"search_term_string\"}}],\"inLanguage\":\"en-US\"},{\"@type\":\"ImageObject\",\"inLanguage\":\"en-US\",\"@id\":\"https:\\\/\\\/mmkriepas.lv\\\/en\\\/p\\\/175-65r13-hankook-winter-icept-rs-w442-80t\\\/#local-main-organization-logo\",\"url\":\"\",\"contentUrl\":\"\",\"caption\":\"MMK Riepas\"}]}<\/script>\n<meta property=\"product:brand\" content=\"Hankook Winter i*cept RS W442\" \/>\n<meta property=\"product:price:amount\" content=\"74.00\" \/>\n<meta property=\"product:price:currency\" content=\"EUR\" \/>\n<meta property=\"og:availability\" content=\"instock\" \/>\n<meta property=\"product:availability\" content=\"instock\" \/>\n<meta property=\"product:retailer_item_id\" content=\"TW1756513Hanko-L6728\" \/>\n<meta property=\"product:condition\" content=\"new\" \/>\n<!-- \/ Yoast SEO Premium plugin. -->","yoast_head_json":{"title":"175\/65R13 Hankook Winter i*cept RS W442 80T &#8226; MMK Riepas","robots":{"index":"index","follow":"follow","max-snippet":"max-snippet:-1","max-image-preview":"max-image-preview:large","max-video-preview":"max-video-preview:-1"},"canonical":"https:\/\/mmkriepas.lv\/en\/p\/175-65r13-hankook-winter-icept-rs-w442-80t\/","og_locale":"en_US","og_type":"article","og_title":"175\/65R13 Hankook Winter i*cept RS W442 80T","og_description":"Hankook Winter i*cept RS W442 ir teicamas kvalit\u0101tes, vid\u0113j\u0101s klases vissezonas\/ziemas riepu modelis. Tas izce\u013cas ar teicamiem brauk\u0161anas komforta, sa\u0137eres un manevr\u0113tsp\u0113jas r\u0101d\u012bt\u0101jiem gan uz sausa un slapja asfalta, gan m\u0113renas ziemas brauk\u0161anas apst\u0101k\u013cos. \u0160is riepu modelis paredz\u0113ts kompaktklases un vid\u0113ja izm\u0113ra vieglaj\u0101m automa\u0161\u012bn\u0101m, un pieejams izm\u0113ru kl\u0101st\u0101 no R13 l\u012bdz R17.","og_url":"https:\/\/mmkriepas.lv\/en\/p\/175-65r13-hankook-winter-icept-rs-w442-80t\/","og_site_name":"MMK Riepas","article_publisher":"https:\/\/www.facebook.com\/mmkserviss\/","article_modified_time":"2026-03-27T10:16:30+00:00","og_image":[{"width":1920,"height":1920,"url":"https:\/\/mmkriepas.lv\/wp-content\/uploads\/2024\/02\/19570r15-hankook-winter-icept-rs-w442-97t-xl-ziemas-riepas.jpg","type":"image\/jpeg"}],"twitter_card":"summary_large_image","twitter_misc":{"Price":"&euro;74.00","Availability":"In stock"},"schema":{"@context":"https:\/\/schema.org","@graph":[{"@type":"WebPage","@id":"https:\/\/mmkriepas.lv\/en\/p\/175-65r13-hankook-winter-icept-rs-w442-80t\/","url":"https:\/\/mmkriepas.lv\/en\/p\/175-65r13-hankook-winter-icept-rs-w442-80t\/","name":"175\/65R13 Hankook Winter i*cept RS W442 80T &#8226; MMK Riepas","isPartOf":{"@id":"https:\/\/mmkriepas.lv\/en\/#website"},"primaryImageOfPage":{"@id":"https:\/\/mmkriepas.lv\/en\/p\/175-65r13-hankook-winter-icept-rs-w442-80t\/#primaryimage"},"image":{"@id":"https:\/\/mmkriepas.lv\/en\/p\/175-65r13-hankook-winter-icept-rs-w442-80t\/#primaryimage"},"thumbnailUrl":"https:\/\/mmkriepas.lv\/wp-content\/uploads\/2024\/02\/19570r15-hankook-winter-icept-rs-w442-97t-xl-ziemas-riepas.jpg","datePublished":"2022-08-16T06:02:26+00:00","dateModified":"2026-03-27T10:16:30+00:00","breadcrumb":{"@id":"https:\/\/mmkriepas.lv\/en\/p\/175-65r13-hankook-winter-icept-rs-w442-80t\/#breadcrumb"},"inLanguage":"en-US","potentialAction":[{"@type":"ReadAction","target":["https:\/\/mmkriepas.lv\/en\/p\/175-65r13-hankook-winter-icept-rs-w442-80t\/"]}]},{"@type":"ImageObject","inLanguage":"en-US","@id":"https:\/\/mmkriepas.lv\/en\/p\/175-65r13-hankook-winter-icept-rs-w442-80t\/#primaryimage","url":"https:\/\/mmkriepas.lv\/wp-content\/uploads\/2024\/02\/19570r15-hankook-winter-icept-rs-w442-97t-xl-ziemas-riepas.jpg","contentUrl":"https:\/\/mmkriepas.lv\/wp-content\/uploads\/2024\/02\/19570r15-hankook-winter-icept-rs-w442-97t-xl-ziemas-riepas.jpg","width":1920,"height":1920,"caption":"195\/70R15 Hankook Winter i*cept RS W442 97T XL - Vissezonas riepas \/ Ziemas riepas"},{"@type":"BreadcrumbList","@id":"https:\/\/mmkriepas.lv\/en\/p\/175-65r13-hankook-winter-icept-rs-w442-80t\/#breadcrumb","itemListElement":[{"@type":"ListItem","position":1,"name":"S\u0101kums","item":"https:\/\/mmkriepas.lv\/en\/"},{"@type":"ListItem","position":2,"name":"175\/65R13 Hankook Winter i*cept RS W442 80T"}]},{"@type":"WebSite","@id":"https:\/\/mmkriepas.lv\/en\/#website","url":"https:\/\/mmkriepas.lv\/en\/","name":"MMK Riepas","description":"MMK Riepas","alternateName":"MMK Riepu Serviss","potentialAction":[{"@type":"SearchAction","target":{"@type":"EntryPoint","urlTemplate":"https:\/\/mmkriepas.lv\/en\/?s={search_term_string}"},"query-input":{"@type":"PropertyValueSpecification","valueRequired":true,"valueName":"search_term_string"}}],"inLanguage":"en-US"},{"@type":"ImageObject","inLanguage":"en-US","@id":"https:\/\/mmkriepas.lv\/en\/p\/175-65r13-hankook-winter-icept-rs-w442-80t\/#local-main-organization-logo","url":"","contentUrl":"","caption":"MMK Riepas"}]},"product_brand":"Hankook Winter i*cept RS W442","product_price_amount":"74.00","product_price_currency":"EUR","og_availability":"instock","product_availability":"instock","product_retailer_item_id":"TW1756513Hanko-L6728","product_condition":"new"},"_links":{"self":[{"href":"https:\/\/mmkriepas.lv\/en\/wp-json\/wp\/v2\/product\/292102","targetHints":{"allow":["GET"]}}],"collection":[{"href":"https:\/\/mmkriepas.lv\/en\/wp-json\/wp\/v2\/product"}],"about":[{"href":"https:\/\/mmkriepas.lv\/en\/wp-json\/wp\/v2\/types\/product"}],"wp:featuredmedia":[{"embeddable":true,"href":"https:\/\/mmkriepas.lv\/en\/wp-json\/wp\/v2\/media\/852422"}],"wp:attachment":[{"href":"https:\/\/mmkriepas.lv\/en\/wp-json\/wp\/v2\/media?parent=292102"}],"wp:term":[{"taxonomy":"product_brand","embeddable":true,"href":"https:\/\/mmkriepas.lv\/en\/wp-json\/wp\/v2\/product_brand?post=292102"},{"taxonomy":"product_cat","embeddable":true,"href":"https:\/\/mmkriepas.lv\/en\/wp-json\/wp\/v2\/product_cat?post=292102"},{"taxonomy":"product_tag","embeddable":true,"href":"https:\/\/mmkriepas.lv\/en\/wp-json\/wp\/v2\/product_tag?post=292102"}],"curies":[{"name":"wp","href":"https:\/\/api.w.org\/{rel}","templated":true}]}}