{"id":292084,"date":"2022-08-16T09:01:35","date_gmt":"2022-08-16T06:01:35","guid":{"rendered":"https:\/\/mmkserviss.lv\/?post_type=product&#038;p=292084"},"modified":"2026-03-27T12:16:25","modified_gmt":"2026-03-27T10:16:25","slug":"225-65r16c-dynamo-snow-h-mwcs01-112-110r","status":"publish","type":"product","link":"https:\/\/mmkriepas.lv\/en\/p\/225-65r16c-dynamo-snow-h-mwcs01-112-110r\/","title":{"rendered":"225\/65R16C Dynamo Snow-H MWCS01 112\/110R (Sailun)"},"content":{"rendered":"<p align=\"left\"><span style=\"color: #000000;\"><span style=\"font-family: Arial, serif;\"><span style=\"font-size: medium;\"><b><span>Dynamo Snow-H MWCS01<\/span><\/b><span> komerctransporta ziemas riepas ir pieejamas gan ar radz\u0113m, gan bez t\u0101m. Paredz\u0113tas komercauto vad\u012bt\u0101jiem, kuri mekl\u0113 riepu ar labu sa\u0137eri pa\u0161os barg\u0101kajos ziemas laikapst\u0101k\u013cos.<\/span><\/span><\/span><\/span><\/p>\n<h3 class=\"western\"><span style=\"font-family: Arial, sans-serif;\"><span>Snow-H MWCS01 galven\u0101s iez\u012bmes:<\/span><\/span><\/h3>\n<p><span style=\"font-family: Arial, sans-serif;\"><span style=\"font-size: medium;\"><span>+ Laba sa\u0137ere skarbos brauk\u0161anas apst\u0101k\u013cos.<br \/>+ \u0160is riepu modelis paredz\u0113ts komerctransportam &#8211; mikroautobusiem un vieglajiem kravas auto.<br \/>+ Paaugstin\u0101ta triecieniztur\u012bba.<br \/>+ Nodilumiztur\u012bgs gumijas sast\u0101vs.<br \/>+ Kvalit\u0101te atbilst cenai!<\/span><\/span><\/span><\/p>\n<h3 class=\"western\"><span style=\"font-family: Arial, sans-serif;\"><span>Snow-H MWCS01 apr\u012bkojums<\/span><\/span><\/h3>\n<p><span style=\"font-family: Arial, sans-serif;\"><span style=\"font-size: medium;\"><b><span>Dynamo Snow-H MWCS01<\/span><\/b><span> ziemas komerctransporta jeb busu riepas apr\u012bkotas ar \u012bpa\u0161i agres\u012bvu virzienveida protektora rakstu. \u0160\u0101ds dizains komerctransporta riepu segment\u0101 sastopams reti, ta\u010du konkr\u0113tajam riepu modelim tas izv\u0113l\u0113ts lab\u0101k\u0101m veiktsp\u0113jas \u012bpa\u0161\u012bb\u0101m skarbos ziemas apst\u0101k\u013cos.<\/span><\/span><\/span><\/p>\n<p><span style=\"font-family: Arial, sans-serif;\"><span style=\"font-size: medium;\"><span>Mas\u012bvie protektora bloki un to izvietojums nodro\u0161ina teicamu veiktsp\u0113ju gan slapjdra\u0146\u0137\u012b, gan dzi\u013c\u0101 snieg\u0101. Turkl\u0101t, protektor\u0101 iesp\u0113jams iestr\u0101d\u0101t radzes, kas b\u016btiski uzlabo dro\u0161\u012bbas l\u012bmeni uz apledojumiem, k\u0101 ar\u012b palielina riepu nodilumiztur\u012bbu par l\u012bdz pat 40%.<\/span><\/span><\/span><\/p>\n<p><span style=\"font-family: Arial, sans-serif;\"><span style=\"font-size: medium;\"><span>Agres\u012bv\u0101 protektora pamatn\u0113 atrodams ar vair\u0101kiem kordu jeb brekera sl\u0101\u0146iem pastiprin\u0101ts karkass. Tas vienlaikus uzlabo gan kravnes\u012bbu, gan triecieniztur\u012bbu, palielinot riepu kalpo\u0161anas m\u016b\u017eu.<\/span><\/span><\/span><\/p>\n<p><span style=\"font-family: Arial, sans-serif;\"><span style=\"font-size: medium;\"><span>Pastiprin\u0101tais karkass iet\u0113rpts nodilumiztur\u012bg\u0101 gumijas sakaus\u0113jum\u0101. Tam pievienotie elastrom\u0113ri \u013cauj riepai saglab\u0101t elast\u012bbu \u013coti zem\u0101s gaisa temperat\u016br\u0101s. K\u0101 zin\u0101ms, elast\u012bga riepa daudz lab\u0101k veido sa\u0137eri ar asfaltu, it \u012bpa\u0161i ziemas apst\u0101k\u013cos, k\u0101 ar\u012b dilst vienm\u0113r\u012bg\u0101k.<\/span><\/span><\/span><\/p>\n","protected":false},"excerpt":{"rendered":"<p align=\"left\"><span style=\"color: #000000;\"><span style=\"font-family: Arial, serif;\"><span style=\"font-size: medium;\"><b><span>Dynamo Snow-H MWCS01<\/span><\/b><span> komerctransporta ziemas riepas ir pieejamas gan ar radz\u0113m, gan bez t\u0101m. Paredz\u0113tas komercauto vad\u012bt\u0101jiem, kuri mekl\u0113 riepu ar labu sa\u0137eri pa\u0161os barg\u0101kajos ziemas laikapst\u0101k\u013cos.<\/span><\/span><\/span><\/span><\/p>\n","protected":false},"featured_media":837083,"template":"","meta":{"_acf_changed":false,"ngg_post_thumbnail":0},"product_brand":[],"product_cat":[47,45],"product_tag":[],"class_list":{"0":"post-292084","1":"product","2":"type-product","3":"status-publish","4":"has-post-thumbnail","6":"product_cat-vissezonas-riepas","7":"product_cat-ziemas-riepas","9":"first","10":"instock","11":"sale","12":"taxable","13":"shipping-taxable","14":"purchasable","15":"product-type-simple"},"acf":[],"yoast_head":"<!-- This site is optimized with the Yoast SEO Premium plugin v22.6 (Yoast SEO v27.3) - https:\/\/yoast.com\/product\/yoast-seo-premium-wordpress\/ -->\n<title>225\/65R16C Dynamo Snow-H MWCS01 112\/110R (Sailun) &#8226; MMK Riepas<\/title>\n<meta name=\"robots\" content=\"index, follow, max-snippet:-1, max-image-preview:large, max-video-preview:-1\" \/>\n<link rel=\"canonical\" href=\"https:\/\/mmkriepas.lv\/en\/p\/225-65r16c-dynamo-snow-h-mwcs01-112-110r\/\" \/>\n<meta property=\"og:locale\" content=\"en_US\" \/>\n<meta property=\"og:type\" content=\"article\" \/>\n<meta property=\"og:title\" content=\"225\/65R16C Dynamo Snow-H MWCS01 112\/110R (Sailun)\" \/>\n<meta property=\"og:description\" content=\"Dynamo Snow-H MWCS01 komerctransporta ziemas riepas ir pieejamas gan ar radz\u0113m, gan bez t\u0101m. Paredz\u0113tas komercauto vad\u012bt\u0101jiem, kuri mekl\u0113 riepu ar labu sa\u0137eri pa\u0161os barg\u0101kajos ziemas laikapst\u0101k\u013cos.\" \/>\n<meta property=\"og:url\" content=\"https:\/\/mmkriepas.lv\/en\/p\/225-65r16c-dynamo-snow-h-mwcs01-112-110r\/\" \/>\n<meta property=\"og:site_name\" content=\"MMK Riepas\" \/>\n<meta property=\"article:publisher\" content=\"https:\/\/www.facebook.com\/mmkserviss\/\" \/>\n<meta property=\"article:modified_time\" content=\"2026-03-27T10:16:25+00:00\" \/>\n<meta property=\"og:image\" content=\"https:\/\/mmkriepas.lv\/wp-content\/uploads\/2023\/12\/22565r16c-dynamo-snow-h-mwcs01-112110r-ziemas-riepas.jpg\" \/>\n\t<meta property=\"og:image:width\" content=\"1920\" \/>\n\t<meta property=\"og:image:height\" content=\"1920\" \/>\n\t<meta property=\"og:image:type\" content=\"image\/jpeg\" \/>\n<meta name=\"twitter:card\" content=\"summary_large_image\" \/>\n<meta name=\"twitter:label1\" content=\"Price\" \/>\n\t<meta name=\"twitter:data1\" content=\"&euro;85.00\" \/>\n\t<meta name=\"twitter:label2\" content=\"Availability\" \/>\n\t<meta name=\"twitter:data2\" content=\"In stock\" \/>\n<script type=\"application\/ld+json\" class=\"yoast-schema-graph\">{\"@context\":\"https:\\\/\\\/schema.org\",\"@graph\":[{\"@type\":\"WebPage\",\"@id\":\"https:\\\/\\\/mmkriepas.lv\\\/en\\\/p\\\/225-65r16c-dynamo-snow-h-mwcs01-112-110r\\\/\",\"url\":\"https:\\\/\\\/mmkriepas.lv\\\/en\\\/p\\\/225-65r16c-dynamo-snow-h-mwcs01-112-110r\\\/\",\"name\":\"225\\\/65R16C Dynamo Snow-H MWCS01 112\\\/110R (Sailun) &#8226; MMK Riepas\",\"isPartOf\":{\"@id\":\"https:\\\/\\\/mmkriepas.lv\\\/en\\\/#website\"},\"primaryImageOfPage\":{\"@id\":\"https:\\\/\\\/mmkriepas.lv\\\/en\\\/p\\\/225-65r16c-dynamo-snow-h-mwcs01-112-110r\\\/#primaryimage\"},\"image\":{\"@id\":\"https:\\\/\\\/mmkriepas.lv\\\/en\\\/p\\\/225-65r16c-dynamo-snow-h-mwcs01-112-110r\\\/#primaryimage\"},\"thumbnailUrl\":\"https:\\\/\\\/mmkriepas.lv\\\/wp-content\\\/uploads\\\/2023\\\/12\\\/22565r16c-dynamo-snow-h-mwcs01-112110r-ziemas-riepas.jpg\",\"datePublished\":\"2022-08-16T06:01:35+00:00\",\"dateModified\":\"2026-03-27T10:16:25+00:00\",\"breadcrumb\":{\"@id\":\"https:\\\/\\\/mmkriepas.lv\\\/en\\\/p\\\/225-65r16c-dynamo-snow-h-mwcs01-112-110r\\\/#breadcrumb\"},\"inLanguage\":\"en-US\",\"potentialAction\":[{\"@type\":\"ReadAction\",\"target\":[\"https:\\\/\\\/mmkriepas.lv\\\/en\\\/p\\\/225-65r16c-dynamo-snow-h-mwcs01-112-110r\\\/\"]}]},{\"@type\":\"ImageObject\",\"inLanguage\":\"en-US\",\"@id\":\"https:\\\/\\\/mmkriepas.lv\\\/en\\\/p\\\/225-65r16c-dynamo-snow-h-mwcs01-112-110r\\\/#primaryimage\",\"url\":\"https:\\\/\\\/mmkriepas.lv\\\/wp-content\\\/uploads\\\/2023\\\/12\\\/22565r16c-dynamo-snow-h-mwcs01-112110r-ziemas-riepas.jpg\",\"contentUrl\":\"https:\\\/\\\/mmkriepas.lv\\\/wp-content\\\/uploads\\\/2023\\\/12\\\/22565r16c-dynamo-snow-h-mwcs01-112110r-ziemas-riepas.jpg\",\"width\":1920,\"height\":1920,\"caption\":\"MAIN\"},{\"@type\":\"BreadcrumbList\",\"@id\":\"https:\\\/\\\/mmkriepas.lv\\\/en\\\/p\\\/225-65r16c-dynamo-snow-h-mwcs01-112-110r\\\/#breadcrumb\",\"itemListElement\":[{\"@type\":\"ListItem\",\"position\":1,\"name\":\"S\u0101kums\",\"item\":\"https:\\\/\\\/mmkriepas.lv\\\/en\\\/\"},{\"@type\":\"ListItem\",\"position\":2,\"name\":\"225\\\/65R16C Dynamo Snow-H MWCS01 112\\\/110R (Sailun)\"}]},{\"@type\":\"WebSite\",\"@id\":\"https:\\\/\\\/mmkriepas.lv\\\/en\\\/#website\",\"url\":\"https:\\\/\\\/mmkriepas.lv\\\/en\\\/\",\"name\":\"MMK Riepas\",\"description\":\"MMK Riepas\",\"alternateName\":\"MMK Riepu Serviss\",\"potentialAction\":[{\"@type\":\"SearchAction\",\"target\":{\"@type\":\"EntryPoint\",\"urlTemplate\":\"https:\\\/\\\/mmkriepas.lv\\\/en\\\/?s={search_term_string}\"},\"query-input\":{\"@type\":\"PropertyValueSpecification\",\"valueRequired\":true,\"valueName\":\"search_term_string\"}}],\"inLanguage\":\"en-US\"},{\"@type\":\"ImageObject\",\"inLanguage\":\"en-US\",\"@id\":\"https:\\\/\\\/mmkriepas.lv\\\/en\\\/p\\\/225-65r16c-dynamo-snow-h-mwcs01-112-110r\\\/#local-main-organization-logo\",\"url\":\"\",\"contentUrl\":\"\",\"caption\":\"MMK Riepas\"}]}<\/script>\n<meta property=\"product:brand\" content=\"Dynamo Snow-H MWCS01\" \/>\n<meta property=\"product:price:amount\" content=\"85.00\" \/>\n<meta property=\"product:price:currency\" content=\"EUR\" \/>\n<meta property=\"og:availability\" content=\"instock\" \/>\n<meta property=\"product:availability\" content=\"instock\" \/>\n<meta property=\"product:retailer_item_id\" content=\"TW2256516CDYNAM-L6722\" \/>\n<meta property=\"product:condition\" content=\"new\" \/>\n<!-- \/ Yoast SEO Premium plugin. -->","yoast_head_json":{"title":"225\/65R16C Dynamo Snow-H MWCS01 112\/110R (Sailun) &#8226; MMK Riepas","robots":{"index":"index","follow":"follow","max-snippet":"max-snippet:-1","max-image-preview":"max-image-preview:large","max-video-preview":"max-video-preview:-1"},"canonical":"https:\/\/mmkriepas.lv\/en\/p\/225-65r16c-dynamo-snow-h-mwcs01-112-110r\/","og_locale":"en_US","og_type":"article","og_title":"225\/65R16C Dynamo Snow-H MWCS01 112\/110R (Sailun)","og_description":"Dynamo Snow-H MWCS01 komerctransporta ziemas riepas ir pieejamas gan ar radz\u0113m, gan bez t\u0101m. Paredz\u0113tas komercauto vad\u012bt\u0101jiem, kuri mekl\u0113 riepu ar labu sa\u0137eri pa\u0161os barg\u0101kajos ziemas laikapst\u0101k\u013cos.","og_url":"https:\/\/mmkriepas.lv\/en\/p\/225-65r16c-dynamo-snow-h-mwcs01-112-110r\/","og_site_name":"MMK Riepas","article_publisher":"https:\/\/www.facebook.com\/mmkserviss\/","article_modified_time":"2026-03-27T10:16:25+00:00","og_image":[{"width":1920,"height":1920,"url":"https:\/\/mmkriepas.lv\/wp-content\/uploads\/2023\/12\/22565r16c-dynamo-snow-h-mwcs01-112110r-ziemas-riepas.jpg","type":"image\/jpeg"}],"twitter_card":"summary_large_image","twitter_misc":{"Price":"&euro;85.00","Availability":"In stock"},"schema":{"@context":"https:\/\/schema.org","@graph":[{"@type":"WebPage","@id":"https:\/\/mmkriepas.lv\/en\/p\/225-65r16c-dynamo-snow-h-mwcs01-112-110r\/","url":"https:\/\/mmkriepas.lv\/en\/p\/225-65r16c-dynamo-snow-h-mwcs01-112-110r\/","name":"225\/65R16C Dynamo Snow-H MWCS01 112\/110R (Sailun) &#8226; MMK Riepas","isPartOf":{"@id":"https:\/\/mmkriepas.lv\/en\/#website"},"primaryImageOfPage":{"@id":"https:\/\/mmkriepas.lv\/en\/p\/225-65r16c-dynamo-snow-h-mwcs01-112-110r\/#primaryimage"},"image":{"@id":"https:\/\/mmkriepas.lv\/en\/p\/225-65r16c-dynamo-snow-h-mwcs01-112-110r\/#primaryimage"},"thumbnailUrl":"https:\/\/mmkriepas.lv\/wp-content\/uploads\/2023\/12\/22565r16c-dynamo-snow-h-mwcs01-112110r-ziemas-riepas.jpg","datePublished":"2022-08-16T06:01:35+00:00","dateModified":"2026-03-27T10:16:25+00:00","breadcrumb":{"@id":"https:\/\/mmkriepas.lv\/en\/p\/225-65r16c-dynamo-snow-h-mwcs01-112-110r\/#breadcrumb"},"inLanguage":"en-US","potentialAction":[{"@type":"ReadAction","target":["https:\/\/mmkriepas.lv\/en\/p\/225-65r16c-dynamo-snow-h-mwcs01-112-110r\/"]}]},{"@type":"ImageObject","inLanguage":"en-US","@id":"https:\/\/mmkriepas.lv\/en\/p\/225-65r16c-dynamo-snow-h-mwcs01-112-110r\/#primaryimage","url":"https:\/\/mmkriepas.lv\/wp-content\/uploads\/2023\/12\/22565r16c-dynamo-snow-h-mwcs01-112110r-ziemas-riepas.jpg","contentUrl":"https:\/\/mmkriepas.lv\/wp-content\/uploads\/2023\/12\/22565r16c-dynamo-snow-h-mwcs01-112110r-ziemas-riepas.jpg","width":1920,"height":1920,"caption":"MAIN"},{"@type":"BreadcrumbList","@id":"https:\/\/mmkriepas.lv\/en\/p\/225-65r16c-dynamo-snow-h-mwcs01-112-110r\/#breadcrumb","itemListElement":[{"@type":"ListItem","position":1,"name":"S\u0101kums","item":"https:\/\/mmkriepas.lv\/en\/"},{"@type":"ListItem","position":2,"name":"225\/65R16C Dynamo Snow-H MWCS01 112\/110R (Sailun)"}]},{"@type":"WebSite","@id":"https:\/\/mmkriepas.lv\/en\/#website","url":"https:\/\/mmkriepas.lv\/en\/","name":"MMK Riepas","description":"MMK Riepas","alternateName":"MMK Riepu Serviss","potentialAction":[{"@type":"SearchAction","target":{"@type":"EntryPoint","urlTemplate":"https:\/\/mmkriepas.lv\/en\/?s={search_term_string}"},"query-input":{"@type":"PropertyValueSpecification","valueRequired":true,"valueName":"search_term_string"}}],"inLanguage":"en-US"},{"@type":"ImageObject","inLanguage":"en-US","@id":"https:\/\/mmkriepas.lv\/en\/p\/225-65r16c-dynamo-snow-h-mwcs01-112-110r\/#local-main-organization-logo","url":"","contentUrl":"","caption":"MMK Riepas"}]},"product_brand":"Dynamo Snow-H MWCS01","product_price_amount":"85.00","product_price_currency":"EUR","og_availability":"instock","product_availability":"instock","product_retailer_item_id":"TW2256516CDYNAM-L6722","product_condition":"new"},"_links":{"self":[{"href":"https:\/\/mmkriepas.lv\/en\/wp-json\/wp\/v2\/product\/292084","targetHints":{"allow":["GET"]}}],"collection":[{"href":"https:\/\/mmkriepas.lv\/en\/wp-json\/wp\/v2\/product"}],"about":[{"href":"https:\/\/mmkriepas.lv\/en\/wp-json\/wp\/v2\/types\/product"}],"wp:featuredmedia":[{"embeddable":true,"href":"https:\/\/mmkriepas.lv\/en\/wp-json\/wp\/v2\/media\/837083"}],"wp:attachment":[{"href":"https:\/\/mmkriepas.lv\/en\/wp-json\/wp\/v2\/media?parent=292084"}],"wp:term":[{"taxonomy":"product_brand","embeddable":true,"href":"https:\/\/mmkriepas.lv\/en\/wp-json\/wp\/v2\/product_brand?post=292084"},{"taxonomy":"product_cat","embeddable":true,"href":"https:\/\/mmkriepas.lv\/en\/wp-json\/wp\/v2\/product_cat?post=292084"},{"taxonomy":"product_tag","embeddable":true,"href":"https:\/\/mmkriepas.lv\/en\/wp-json\/wp\/v2\/product_tag?post=292084"}],"curies":[{"name":"wp","href":"https:\/\/api.w.org\/{rel}","templated":true}]}}