{"id":291815,"date":"2022-08-16T08:48:40","date_gmt":"2022-08-16T05:48:40","guid":{"rendered":"https:\/\/mmkserviss.lv\/?post_type=product&#038;p=291815"},"modified":"2024-08-06T16:00:38","modified_gmt":"2024-08-06T13:00:38","slug":"215-75r16c-gt-radial-maxmiler-allseason-116-114r","status":"publish","type":"product","link":"https:\/\/mmkriepas.lv\/en\/p\/215-75r16c-gt-radial-maxmiler-allseason-116-114r\/","title":{"rendered":"215\/75R16C GT Radial MAXMILER Allseason 116\/114R"},"content":{"rendered":"<p align=\"left\"><span style=\"color: #c9211e;\"><span style=\"font-family: Arial, sans-serif;\"><span style=\"font-size: large;\"><strong><span style=\"color: #000000;\"><span style=\"font-size: small;\">GT Radial MAXMILER AllSeason <\/span><\/span><\/strong><span style=\"color: #000000;\"><span style=\"font-size: small;\">ir labas kvalit\u0101tes, bud\u017eeta klases vissezonas\/ziemas komerctransporta riepu modelis. Tas izce\u013cas ar palielin\u0101tu kravnes\u012bbu, nodilumiztur\u012bbu, degvielas ekonomiju un lab\u0101m sa\u0137eres \u012bpa\u0161\u012bb\u0101m pla\u0161\u0101 brauk\u0161anas apst\u0101k\u013cu spektr\u0101.<\/span><\/span><\/span><\/span><\/span><\/p>\n<h3 class=\"western\" align=\"left\"><strong><span style=\"color: #000000;\"><span style=\"font-family: Arial, sans-serif;\"><span style=\"font-size: small;\">GT Radial M<\/span><\/span><\/span><\/strong><strong><span style=\"color: #000000;\"><span style=\"font-family: Arial, sans-serif;\"><span style=\"font-size: small;\">AXMILER<\/span><\/span><\/span><\/strong><strong><span style=\"color: #000000;\"><span style=\"font-family: Arial, sans-serif;\"><span style=\"font-size: small;\"> All<\/span><\/span><\/span><\/strong><strong><span style=\"color: #000000;\"><span style=\"font-family: Arial, sans-serif;\"><span style=\"font-size: small;\">S<\/span><\/span><\/span><\/strong><strong><span style=\"color: #000000;\"><span style=\"font-family: Arial, sans-serif;\"><span style=\"font-size: small;\">eason galven\u0101s iez\u012bmes<\/span><\/span><\/span><\/strong><\/h3>\n<p align=\"left\"><span style=\"color: #000000;\"><span style=\"font-family: Arial, sans-serif;\"><span style=\"font-size: small;\">+ Palielin\u0101ti slodzes indeksi at\u013cauj smagas kravas p\u0101rvad\u0101t pat intens\u012bvas ekspluat\u0101cijas apst\u0101k\u013cos.<\/span><\/span><\/span><\/p>\n<p align=\"left\"><span style=\"color: #000000;\"><span style=\"font-family: Arial, sans-serif;\"><span style=\"font-size: small;\">+ Laba sa\u0137ere un manevr\u0113tsp\u0113ja gan uz sausa un slapja asfalta, gan snieg\u0101.<\/span><\/span><\/span><\/p>\n<p align=\"left\"><span style=\"color: #000000;\"><span style=\"font-family: Arial, sans-serif;\"><span style=\"font-size: small;\">+ Zems akvaplan\u0113\u0161anas risks.<\/span><\/span><\/span><\/p>\n<p align=\"left\"><span style=\"color: #000000;\"><span style=\"font-family: Arial, sans-serif;\"><span style=\"font-size: small;\">+ Palielin\u0101ta nodilumiztur\u012bba.<\/span><\/span><\/span><\/p>\n<p align=\"left\"><span style=\"color: #000000;\"><span style=\"font-family: Arial, sans-serif;\"><span style=\"font-size: small;\">+ Cena atbilst par to samaks\u0101tajai kvalit\u0101tei.<\/span><\/span><\/span><\/p>\n<h3 class=\"western\" align=\"left\"><span style=\"color: #c9211e;\"><span style=\"font-family: Arial, sans-serif;\"><span style=\"font-size: large;\"><strong><span style=\"color: #000000;\"><span style=\"font-size: small;\">MAXMILER AllSeason<\/span><\/span><\/strong><\/span><\/span><\/span><\/h3>\n<p align=\"left\"><strong><span style=\"color: #000000;\"><span style=\"font-family: Arial, sans-serif;\"><span style=\"font-size: small;\">GT Radial M<\/span><\/span><\/span><\/strong><strong><span style=\"color: #000000;\"><span style=\"font-family: Arial, sans-serif;\"><span style=\"font-size: small;\">AXMILER<\/span><\/span><\/span><\/strong><strong><span style=\"color: #000000;\"><span style=\"font-family: Arial, sans-serif;\"><span style=\"font-size: small;\"> All<\/span><\/span><\/span><\/strong><strong><span style=\"color: #000000;\"><span style=\"font-family: Arial, sans-serif;\"><span style=\"font-size: small;\">S<\/span><\/span><\/span><\/strong><strong><span style=\"color: #000000;\"><span style=\"font-family: Arial, sans-serif;\"><span style=\"font-size: small;\">eason <\/span><\/span><\/span><\/strong><span style=\"color: #000000;\"><span style=\"font-family: Arial, sans-serif;\"><span style=\"font-size: small;\">vissezonas\/ziemas komercriepu modelis apr\u012bkots ar klasisku simetrisko protektora rakstu. \u0160\u0101du dizainu riepu ra\u017eot\u0101ji nereti izv\u0113las busu riep\u0101m, jo tas, palielinot sa\u0137eres laukumu, uzlabo kravnes\u012bbu.<\/span><\/span><\/span><\/p>\n<p align=\"left\"><span style=\"color: #000000;\"><span style=\"font-family: Arial, sans-serif;\"><span style=\"font-size: small;\">Simetrisk\u0101 protektora pamat\u0101 izmantots ar vair\u0101kiem kordu jeb brekera sl\u0101\u0146iem pastiprin\u0101ts karkass. Iztur\u012bgais karkass iet\u0113rpts nodilumiztur\u012bg\u0101, bet elast\u012bg\u0101 gumijas sakaus\u0113jum\u0101. K\u0101 zin\u0101ms, elast\u012bga riepa daudz lab\u0101k veido sa\u0137eri ar ce\u013cu, k\u0101 ar\u012b dilst vienm\u0113r\u012bg\u0101k.<\/span><\/span><\/span><\/p>\n","protected":false},"excerpt":{"rendered":"<p align=\"left\"><span style=\"color: #c9211e;\"><span style=\"font-family: Arial, sans-serif;\"><span style=\"font-size: large;\"><strong><span style=\"color: #000000;\"><span style=\"font-size: small;\">GT Radial MAXMILER AllSeason <\/span><\/span><\/strong><span style=\"color: #000000;\"><span style=\"font-size: small;\">ir labas kvalit\u0101tes, bud\u017eeta klases vissezonas\/ziemas komerctransporta riepu modelis. Tas izce\u013cas ar palielin\u0101tu kravnes\u012bbu, nodilumiztur\u012bbu, degvielas ekonomiju un lab\u0101m sa\u0137eres \u012bpa\u0161\u012bb\u0101m pla\u0161\u0101 brauk\u0161anas apst\u0101k\u013cu spektr\u0101.<\/span><\/span><\/span><\/span><\/span><\/p>\n","protected":false},"featured_media":291814,"template":"","meta":{"_acf_changed":false,"ngg_post_thumbnail":0},"product_brand":[],"product_cat":[47,45],"product_tag":[],"class_list":{"0":"post-291815","1":"product","2":"type-product","3":"status-publish","4":"has-post-thumbnail","6":"product_cat-vissezonas-riepas","7":"product_cat-ziemas-riepas","9":"first","10":"instock","11":"taxable","12":"shipping-taxable","13":"product-type-simple"},"acf":[],"yoast_head":"<!-- This site is optimized with the Yoast SEO Premium plugin v22.6 (Yoast SEO v27.3) - https:\/\/yoast.com\/product\/yoast-seo-premium-wordpress\/ -->\n<title>215\/75R16C GT Radial MAXMILER Allseason 116\/114R &#8226; MMK Riepas<\/title>\n<meta name=\"robots\" content=\"index, follow, max-snippet:-1, max-image-preview:large, max-video-preview:-1\" \/>\n<link rel=\"canonical\" href=\"https:\/\/mmkriepas.lv\/en\/p\/215-75r16c-gt-radial-maxmiler-allseason-116-114r\/\" \/>\n<meta property=\"og:locale\" content=\"en_US\" \/>\n<meta property=\"og:type\" content=\"article\" \/>\n<meta property=\"og:title\" content=\"215\/75R16C GT Radial MAXMILER Allseason 116\/114R\" \/>\n<meta property=\"og:description\" content=\"GT Radial MAXMILER AllSeason ir labas kvalit\u0101tes, bud\u017eeta klases vissezonas\/ziemas komerctransporta riepu modelis. Tas izce\u013cas ar palielin\u0101tu kravnes\u012bbu, nodilumiztur\u012bbu, degvielas ekonomiju un lab\u0101m sa\u0137eres \u012bpa\u0161\u012bb\u0101m pla\u0161\u0101 brauk\u0161anas apst\u0101k\u013cu spektr\u0101.\" \/>\n<meta property=\"og:url\" content=\"https:\/\/mmkriepas.lv\/en\/p\/215-75r16c-gt-radial-maxmiler-allseason-116-114r\/\" \/>\n<meta property=\"og:site_name\" content=\"MMK Riepas\" \/>\n<meta property=\"article:publisher\" content=\"https:\/\/www.facebook.com\/mmkserviss\/\" \/>\n<meta property=\"article:modified_time\" content=\"2024-08-06T13:00:38+00:00\" \/>\n<meta property=\"og:image\" content=\"https:\/\/mmkriepas.lv\/wp-content\/uploads\/2022\/08\/21575r16c-gtradial-maxmiler-all-season-116114r-ziemas-riepas.jpg\" \/>\n\t<meta property=\"og:image:width\" content=\"516\" \/>\n\t<meta property=\"og:image:height\" content=\"516\" \/>\n\t<meta property=\"og:image:type\" content=\"image\/jpeg\" \/>\n<meta name=\"twitter:card\" content=\"summary_large_image\" \/>\n<meta name=\"twitter:label1\" content=\"Price\" \/>\n\t<meta name=\"twitter:data1\" content=\"&euro;103.00\" \/>\n\t<meta name=\"twitter:label2\" content=\"Availability\" \/>\n\t<meta name=\"twitter:data2\" content=\"In stock\" \/>\n<script type=\"application\/ld+json\" class=\"yoast-schema-graph\">{\"@context\":\"https:\\\/\\\/schema.org\",\"@graph\":[{\"@type\":\"WebPage\",\"@id\":\"https:\\\/\\\/mmkriepas.lv\\\/en\\\/p\\\/215-75r16c-gt-radial-maxmiler-allseason-116-114r\\\/\",\"url\":\"https:\\\/\\\/mmkriepas.lv\\\/en\\\/p\\\/215-75r16c-gt-radial-maxmiler-allseason-116-114r\\\/\",\"name\":\"215\\\/75R16C GT Radial MAXMILER Allseason 116\\\/114R &#8226; MMK Riepas\",\"isPartOf\":{\"@id\":\"https:\\\/\\\/mmkriepas.lv\\\/en\\\/#website\"},\"primaryImageOfPage\":{\"@id\":\"https:\\\/\\\/mmkriepas.lv\\\/en\\\/p\\\/215-75r16c-gt-radial-maxmiler-allseason-116-114r\\\/#primaryimage\"},\"image\":{\"@id\":\"https:\\\/\\\/mmkriepas.lv\\\/en\\\/p\\\/215-75r16c-gt-radial-maxmiler-allseason-116-114r\\\/#primaryimage\"},\"thumbnailUrl\":\"https:\\\/\\\/mmkriepas.lv\\\/wp-content\\\/uploads\\\/2022\\\/08\\\/21575r16c-gtradial-maxmiler-all-season-116114r-ziemas-riepas.jpg\",\"datePublished\":\"2022-08-16T05:48:40+00:00\",\"dateModified\":\"2024-08-06T13:00:38+00:00\",\"breadcrumb\":{\"@id\":\"https:\\\/\\\/mmkriepas.lv\\\/en\\\/p\\\/215-75r16c-gt-radial-maxmiler-allseason-116-114r\\\/#breadcrumb\"},\"inLanguage\":\"en-US\",\"potentialAction\":[{\"@type\":\"ReadAction\",\"target\":[\"https:\\\/\\\/mmkriepas.lv\\\/en\\\/p\\\/215-75r16c-gt-radial-maxmiler-allseason-116-114r\\\/\"]}]},{\"@type\":\"ImageObject\",\"inLanguage\":\"en-US\",\"@id\":\"https:\\\/\\\/mmkriepas.lv\\\/en\\\/p\\\/215-75r16c-gt-radial-maxmiler-allseason-116-114r\\\/#primaryimage\",\"url\":\"https:\\\/\\\/mmkriepas.lv\\\/wp-content\\\/uploads\\\/2022\\\/08\\\/21575r16c-gtradial-maxmiler-all-season-116114r-ziemas-riepas.jpg\",\"contentUrl\":\"https:\\\/\\\/mmkriepas.lv\\\/wp-content\\\/uploads\\\/2022\\\/08\\\/21575r16c-gtradial-maxmiler-all-season-116114r-ziemas-riepas.jpg\",\"width\":516,\"height\":516,\"caption\":\"215\\\/75R16C GTRADIAL MAXMILER ALL SEASON 116\\\/114R - Ziemas riepas\"},{\"@type\":\"BreadcrumbList\",\"@id\":\"https:\\\/\\\/mmkriepas.lv\\\/en\\\/p\\\/215-75r16c-gt-radial-maxmiler-allseason-116-114r\\\/#breadcrumb\",\"itemListElement\":[{\"@type\":\"ListItem\",\"position\":1,\"name\":\"S\u0101kums\",\"item\":\"https:\\\/\\\/mmkriepas.lv\\\/en\\\/\"},{\"@type\":\"ListItem\",\"position\":2,\"name\":\"215\\\/75R16C GT Radial MAXMILER Allseason 116\\\/114R\"}]},{\"@type\":\"WebSite\",\"@id\":\"https:\\\/\\\/mmkriepas.lv\\\/en\\\/#website\",\"url\":\"https:\\\/\\\/mmkriepas.lv\\\/en\\\/\",\"name\":\"MMK Riepas\",\"description\":\"MMK Riepas\",\"alternateName\":\"MMK Riepu Serviss\",\"potentialAction\":[{\"@type\":\"SearchAction\",\"target\":{\"@type\":\"EntryPoint\",\"urlTemplate\":\"https:\\\/\\\/mmkriepas.lv\\\/en\\\/?s={search_term_string}\"},\"query-input\":{\"@type\":\"PropertyValueSpecification\",\"valueRequired\":true,\"valueName\":\"search_term_string\"}}],\"inLanguage\":\"en-US\"},{\"@type\":\"ImageObject\",\"inLanguage\":\"en-US\",\"@id\":\"https:\\\/\\\/mmkriepas.lv\\\/en\\\/p\\\/215-75r16c-gt-radial-maxmiler-allseason-116-114r\\\/#local-main-organization-logo\",\"url\":\"\",\"contentUrl\":\"\",\"caption\":\"MMK Riepas\"}]}<\/script>\n<meta property=\"product:brand\" content=\"GT Radial MAXMILER AllSeason\" \/>\n<meta property=\"product:price:amount\" content=\"103.00\" \/>\n<meta property=\"product:price:currency\" content=\"EUR\" \/>\n<meta property=\"og:availability\" content=\"instock\" \/>\n<meta property=\"product:availability\" content=\"instock\" \/>\n<meta property=\"product:retailer_item_id\" content=\"TW2157516GTRAD-L6636\" \/>\n<meta property=\"product:condition\" content=\"new\" \/>\n<!-- \/ Yoast SEO Premium plugin. -->","yoast_head_json":{"title":"215\/75R16C GT Radial MAXMILER Allseason 116\/114R &#8226; MMK Riepas","robots":{"index":"index","follow":"follow","max-snippet":"max-snippet:-1","max-image-preview":"max-image-preview:large","max-video-preview":"max-video-preview:-1"},"canonical":"https:\/\/mmkriepas.lv\/en\/p\/215-75r16c-gt-radial-maxmiler-allseason-116-114r\/","og_locale":"en_US","og_type":"article","og_title":"215\/75R16C GT Radial MAXMILER Allseason 116\/114R","og_description":"GT Radial MAXMILER AllSeason ir labas kvalit\u0101tes, bud\u017eeta klases vissezonas\/ziemas komerctransporta riepu modelis. Tas izce\u013cas ar palielin\u0101tu kravnes\u012bbu, nodilumiztur\u012bbu, degvielas ekonomiju un lab\u0101m sa\u0137eres \u012bpa\u0161\u012bb\u0101m pla\u0161\u0101 brauk\u0161anas apst\u0101k\u013cu spektr\u0101.","og_url":"https:\/\/mmkriepas.lv\/en\/p\/215-75r16c-gt-radial-maxmiler-allseason-116-114r\/","og_site_name":"MMK Riepas","article_publisher":"https:\/\/www.facebook.com\/mmkserviss\/","article_modified_time":"2024-08-06T13:00:38+00:00","og_image":[{"width":516,"height":516,"url":"https:\/\/mmkriepas.lv\/wp-content\/uploads\/2022\/08\/21575r16c-gtradial-maxmiler-all-season-116114r-ziemas-riepas.jpg","type":"image\/jpeg"}],"twitter_card":"summary_large_image","twitter_misc":{"Price":"&euro;103.00","Availability":"In stock"},"schema":{"@context":"https:\/\/schema.org","@graph":[{"@type":"WebPage","@id":"https:\/\/mmkriepas.lv\/en\/p\/215-75r16c-gt-radial-maxmiler-allseason-116-114r\/","url":"https:\/\/mmkriepas.lv\/en\/p\/215-75r16c-gt-radial-maxmiler-allseason-116-114r\/","name":"215\/75R16C GT Radial MAXMILER Allseason 116\/114R &#8226; MMK Riepas","isPartOf":{"@id":"https:\/\/mmkriepas.lv\/en\/#website"},"primaryImageOfPage":{"@id":"https:\/\/mmkriepas.lv\/en\/p\/215-75r16c-gt-radial-maxmiler-allseason-116-114r\/#primaryimage"},"image":{"@id":"https:\/\/mmkriepas.lv\/en\/p\/215-75r16c-gt-radial-maxmiler-allseason-116-114r\/#primaryimage"},"thumbnailUrl":"https:\/\/mmkriepas.lv\/wp-content\/uploads\/2022\/08\/21575r16c-gtradial-maxmiler-all-season-116114r-ziemas-riepas.jpg","datePublished":"2022-08-16T05:48:40+00:00","dateModified":"2024-08-06T13:00:38+00:00","breadcrumb":{"@id":"https:\/\/mmkriepas.lv\/en\/p\/215-75r16c-gt-radial-maxmiler-allseason-116-114r\/#breadcrumb"},"inLanguage":"en-US","potentialAction":[{"@type":"ReadAction","target":["https:\/\/mmkriepas.lv\/en\/p\/215-75r16c-gt-radial-maxmiler-allseason-116-114r\/"]}]},{"@type":"ImageObject","inLanguage":"en-US","@id":"https:\/\/mmkriepas.lv\/en\/p\/215-75r16c-gt-radial-maxmiler-allseason-116-114r\/#primaryimage","url":"https:\/\/mmkriepas.lv\/wp-content\/uploads\/2022\/08\/21575r16c-gtradial-maxmiler-all-season-116114r-ziemas-riepas.jpg","contentUrl":"https:\/\/mmkriepas.lv\/wp-content\/uploads\/2022\/08\/21575r16c-gtradial-maxmiler-all-season-116114r-ziemas-riepas.jpg","width":516,"height":516,"caption":"215\/75R16C GTRADIAL MAXMILER ALL SEASON 116\/114R - Ziemas riepas"},{"@type":"BreadcrumbList","@id":"https:\/\/mmkriepas.lv\/en\/p\/215-75r16c-gt-radial-maxmiler-allseason-116-114r\/#breadcrumb","itemListElement":[{"@type":"ListItem","position":1,"name":"S\u0101kums","item":"https:\/\/mmkriepas.lv\/en\/"},{"@type":"ListItem","position":2,"name":"215\/75R16C GT Radial MAXMILER Allseason 116\/114R"}]},{"@type":"WebSite","@id":"https:\/\/mmkriepas.lv\/en\/#website","url":"https:\/\/mmkriepas.lv\/en\/","name":"MMK Riepas","description":"MMK Riepas","alternateName":"MMK Riepu Serviss","potentialAction":[{"@type":"SearchAction","target":{"@type":"EntryPoint","urlTemplate":"https:\/\/mmkriepas.lv\/en\/?s={search_term_string}"},"query-input":{"@type":"PropertyValueSpecification","valueRequired":true,"valueName":"search_term_string"}}],"inLanguage":"en-US"},{"@type":"ImageObject","inLanguage":"en-US","@id":"https:\/\/mmkriepas.lv\/en\/p\/215-75r16c-gt-radial-maxmiler-allseason-116-114r\/#local-main-organization-logo","url":"","contentUrl":"","caption":"MMK Riepas"}]},"product_brand":"GT Radial MAXMILER AllSeason","product_price_amount":"103.00","product_price_currency":"EUR","og_availability":"instock","product_availability":"instock","product_retailer_item_id":"TW2157516GTRAD-L6636","product_condition":"new"},"_links":{"self":[{"href":"https:\/\/mmkriepas.lv\/en\/wp-json\/wp\/v2\/product\/291815","targetHints":{"allow":["GET"]}}],"collection":[{"href":"https:\/\/mmkriepas.lv\/en\/wp-json\/wp\/v2\/product"}],"about":[{"href":"https:\/\/mmkriepas.lv\/en\/wp-json\/wp\/v2\/types\/product"}],"wp:featuredmedia":[{"embeddable":true,"href":"https:\/\/mmkriepas.lv\/en\/wp-json\/wp\/v2\/media\/291814"}],"wp:attachment":[{"href":"https:\/\/mmkriepas.lv\/en\/wp-json\/wp\/v2\/media?parent=291815"}],"wp:term":[{"taxonomy":"product_brand","embeddable":true,"href":"https:\/\/mmkriepas.lv\/en\/wp-json\/wp\/v2\/product_brand?post=291815"},{"taxonomy":"product_cat","embeddable":true,"href":"https:\/\/mmkriepas.lv\/en\/wp-json\/wp\/v2\/product_cat?post=291815"},{"taxonomy":"product_tag","embeddable":true,"href":"https:\/\/mmkriepas.lv\/en\/wp-json\/wp\/v2\/product_tag?post=291815"}],"curies":[{"name":"wp","href":"https:\/\/api.w.org\/{rel}","templated":true}]}}