{"id":291706,"date":"2022-08-16T08:43:35","date_gmt":"2022-08-16T05:43:35","guid":{"rendered":"https:\/\/mmkserviss.lv\/?post_type=product&#038;p=291706"},"modified":"2026-03-27T12:15:29","modified_gmt":"2026-03-27T10:15:29","slug":"195-70r15c-gt-radial-maxmiler-ice-104-102r-2","status":"publish","type":"product","link":"https:\/\/mmkriepas.lv\/en\/p\/195-70r15c-gt-radial-maxmiler-ice-104-102r-2\/","title":{"rendered":"195\/70R15C GT Radial MAXMILER Ice 104\/102R"},"content":{"rendered":"<p align=\"left\"><span style=\"font-family: Arial, serif;\"><span style=\"font-size: large;\"><strong><span style=\"font-family: Arial, sans-serif;\"><span style=\"font-size: small;\">GT Radial MAXMILER Ice &#8211; <\/span><\/span><\/strong><span style=\"font-family: Arial, sans-serif;\"><span style=\"font-size: small;\">kvalitat\u012bvas komerctransporta ziemas riepas kas pieejamas gan ar, gan bez radz\u0113m. Izce\u013cas ar teicamu sa\u0137eri pat skarb\u0101kajos ziemas brauk\u0161anas apst\u0101k\u013cos, augstu nodilumiztur\u012bbu un degvielas ekonomiju.<\/span><\/span><\/span><\/span><\/p>\n<h3 class=\"western\" align=\"left\"><strong><span style=\"font-family: Arial, sans-serif;\"><span style=\"font-size: small;\">GT Radial MAXMILER Ice galven\u0101s iez\u012bmes:<\/span><\/span><\/strong><\/h3>\n<p align=\"left\"><span style=\"font-family: Arial, sans-serif;\"><span style=\"font-size: small;\">+ Riepas karkass pastiprin\u0101ts ar vair\u0101kiem papildus kordu jeb brekera sl\u0101\u0146iem,<\/span><\/span><\/p>\n<p align=\"left\"><span style=\"font-family: Arial, sans-serif;\"><span style=\"font-size: small;\">+ \u012apa\u0161i agres\u012bvs virzienveida protektora dizains,<\/span><\/span><\/p>\n<p align=\"left\"><span style=\"font-family: Arial, sans-serif;\"><span style=\"font-size: small;\">+ Riepas darin\u0101tas no augstv\u0113rt\u012bga kompoz\u012btmateri\u0101la,<\/span><\/span><\/p>\n<p align=\"left\"><span style=\"font-family: Arial, sans-serif;\"><span style=\"font-size: small;\">+ Palielin\u0101ta nodilumiztur\u012bba,<\/span><\/span><\/p>\n<p align=\"left\"><span style=\"font-family: Arial, sans-serif;\"><span style=\"font-size: small;\">+ Teicama sa\u0137ere uz ledus un snieg\u0101, k\u0101 ar\u012b slapjdra\u0146\u0137\u012b,<\/span><\/span><\/p>\n<p align=\"left\"><span style=\"font-family: Arial, sans-serif;\"><span style=\"font-size: small;\">+ Samazin\u0101ts akvaplan\u0113\u0161anas risks.<\/span><\/span><\/p>\n<h3 class=\"western\" align=\"left\"><span style=\"font-family: Arial, serif;\"><span style=\"font-size: large;\"><strong><span style=\"font-family: Arial, sans-serif;\"><span style=\"font-size: small;\">MAXMILER Ice apr\u012bkojums<\/span><\/span><\/strong><\/span><\/span><\/h3>\n<p align=\"left\"><strong><span style=\"font-family: Arial, sans-serif;\"><span style=\"font-size: small;\">GT Radial MAXMILER Ice <\/span><\/span><\/strong><span style=\"font-family: Arial, sans-serif;\"><span style=\"font-size: small;\">ziemas riepas apr\u012bkotas ar c indeksa riep\u0101m nerakstur\u012bgi agres\u012bvu protektora rakstu, kas teicami veido sa\u0137eri ar sniegu un ledu. Mas\u012bvajos, simetriski izvietotajos protektora blokos iestr\u0101d\u0101tas ar\u012b vi\u013c\u0146veida lameles, kuras, tand\u0113m\u0101 ar radz\u0113m, b\u016btiski uzlabo manevr\u0113tsp\u0113ju un sa\u012bsina bremz\u0113\u0161anas ce\u013cu uz ledus.<\/span><\/span><\/p>\n<p align=\"left\"><span style=\"font-family: Arial, sans-serif;\"><span style=\"font-size: small;\">Speci\u0101li \u0161im riepu modelim izstr\u0101d\u0101ts triecieniztur\u012bgs korpuss, kas papildin\u0101ts ar vair\u0101kiem kordu jeb brekera sl\u0101\u0146iem. Turkl\u0101t, gumijas mais\u012bjumam pievienota virkne elastrom\u0113ru, padarot \u0161o riepu modeli nodilumiztur\u012bgu, k\u0101 ar\u012b sp\u0113j\u012bgu saglab\u0101t elast\u012bbu zem\u0101s gaisa temperat\u016br\u0101s.<\/span><\/span><\/p>\n<p align=\"left\"><span style=\"font-family: Arial, sans-serif;\"><span style=\"font-size: small;\">\u0160is komerctransporta riepu modelis piem\u0113rots tiem, kas savu komercauto ziem\u0101 pl\u0101no eksplaut\u0113t ne tikai pa pils\u0113tu vai \u0161oseju, bet ar\u012b pa grants, lauku vai zemes ce\u013ciem, kuri bie\u017ei netiek t\u012br\u012bti.<\/span><\/span><\/p>\n","protected":false},"excerpt":{"rendered":"<p align=\"left\"><span style=\"font-family: Arial, serif;\"><span style=\"font-size: large;\"><strong><span style=\"font-family: Arial, sans-serif;\"><span style=\"font-size: small;\">GT Radial MAXMILER Ice &#8211; <\/span><\/span><\/strong><span style=\"font-family: Arial, sans-serif;\"><span style=\"font-size: small;\">kvalitat\u012bvas komerctransporta ziemas riepas kas pieejamas gan ar, gan bez radz\u0113m. Izce\u013cas ar teicamu sa\u0137eri pat skarb\u0101kajos ziemas brauk\u0161anas apst\u0101k\u013cos, augstu nodilumiztur\u012bbu un degvielas ekonomiju.<\/span><\/span><\/span><\/span><\/p>\n","protected":false},"featured_media":843641,"template":"","meta":{"_acf_changed":false,"ngg_post_thumbnail":0},"product_brand":[],"product_cat":[47,45],"product_tag":[],"class_list":{"0":"post-291706","1":"product","2":"type-product","3":"status-publish","4":"has-post-thumbnail","6":"product_cat-vissezonas-riepas","7":"product_cat-ziemas-riepas","9":"first","10":"instock","11":"sale","12":"taxable","13":"shipping-taxable","14":"purchasable","15":"product-type-simple"},"acf":[],"yoast_head":"<!-- This site is optimized with the Yoast SEO Premium plugin v22.6 (Yoast SEO v27.3) - https:\/\/yoast.com\/product\/yoast-seo-premium-wordpress\/ -->\n<title>195\/70R15C GT Radial MAXMILER Ice 104\/102R &#8226; MMK Riepas<\/title>\n<meta name=\"description\" content=\"GT Radial Maxmiler Ice - teicamas busu riepas ar radz\u0113m. Piem\u0113rotas skarbiem ziemas apst\u0101k\u013ciem. Abos MMK riepu centros par super cenu!\" \/>\n<meta name=\"robots\" content=\"index, follow, max-snippet:-1, max-image-preview:large, max-video-preview:-1\" \/>\n<link rel=\"canonical\" href=\"https:\/\/mmkriepas.lv\/en\/p\/195-70r15c-gt-radial-maxmiler-ice-104-102r-2\/\" \/>\n<meta property=\"og:locale\" content=\"en_US\" \/>\n<meta property=\"og:type\" content=\"article\" \/>\n<meta property=\"og:title\" content=\"195\/70R15C GT Radial MAXMILER Ice 104\/102R\" \/>\n<meta property=\"og:description\" content=\"GT Radial Maxmiler Ice - teicamas busu riepas ar radz\u0113m. Piem\u0113rotas skarbiem ziemas apst\u0101k\u013ciem. Abos MMK riepu centros par super cenu!\" \/>\n<meta property=\"og:url\" content=\"https:\/\/mmkriepas.lv\/en\/p\/195-70r15c-gt-radial-maxmiler-ice-104-102r-2\/\" \/>\n<meta property=\"og:site_name\" content=\"MMK Riepas\" \/>\n<meta property=\"article:publisher\" content=\"https:\/\/www.facebook.com\/mmkserviss\/\" \/>\n<meta property=\"article:modified_time\" content=\"2026-03-27T10:15:29+00:00\" \/>\n<meta property=\"og:image\" content=\"https:\/\/mmkriepas.lv\/wp-content\/uploads\/2024\/01\/23565r16c-gt-radial-maxmiler-ice-121119r-ziemas-riepas.jpg\" \/>\n\t<meta property=\"og:image:width\" content=\"1920\" \/>\n\t<meta property=\"og:image:height\" content=\"1920\" \/>\n\t<meta property=\"og:image:type\" content=\"image\/jpeg\" \/>\n<meta name=\"twitter:card\" content=\"summary_large_image\" \/>\n<meta name=\"twitter:label1\" content=\"Price\" \/>\n\t<meta name=\"twitter:data1\" content=\"&euro;75.00\" \/>\n\t<meta name=\"twitter:label2\" content=\"Availability\" \/>\n\t<meta name=\"twitter:data2\" content=\"In stock\" \/>\n<script type=\"application\/ld+json\" class=\"yoast-schema-graph\">{\"@context\":\"https:\\\/\\\/schema.org\",\"@graph\":[{\"@type\":\"WebPage\",\"@id\":\"https:\\\/\\\/mmkriepas.lv\\\/en\\\/p\\\/195-70r15c-gt-radial-maxmiler-ice-104-102r-2\\\/\",\"url\":\"https:\\\/\\\/mmkriepas.lv\\\/en\\\/p\\\/195-70r15c-gt-radial-maxmiler-ice-104-102r-2\\\/\",\"name\":\"195\\\/70R15C GT Radial MAXMILER Ice 104\\\/102R &#8226; MMK Riepas\",\"isPartOf\":{\"@id\":\"https:\\\/\\\/mmkriepas.lv\\\/en\\\/#website\"},\"primaryImageOfPage\":{\"@id\":\"https:\\\/\\\/mmkriepas.lv\\\/en\\\/p\\\/195-70r15c-gt-radial-maxmiler-ice-104-102r-2\\\/#primaryimage\"},\"image\":{\"@id\":\"https:\\\/\\\/mmkriepas.lv\\\/en\\\/p\\\/195-70r15c-gt-radial-maxmiler-ice-104-102r-2\\\/#primaryimage\"},\"thumbnailUrl\":\"https:\\\/\\\/mmkriepas.lv\\\/wp-content\\\/uploads\\\/2024\\\/01\\\/23565r16c-gt-radial-maxmiler-ice-121119r-ziemas-riepas.jpg\",\"datePublished\":\"2022-08-16T05:43:35+00:00\",\"dateModified\":\"2026-03-27T10:15:29+00:00\",\"description\":\"GT Radial Maxmiler Ice - teicamas busu riepas ar radz\u0113m. Piem\u0113rotas skarbiem ziemas apst\u0101k\u013ciem. Abos MMK riepu centros par super cenu!\",\"breadcrumb\":{\"@id\":\"https:\\\/\\\/mmkriepas.lv\\\/en\\\/p\\\/195-70r15c-gt-radial-maxmiler-ice-104-102r-2\\\/#breadcrumb\"},\"inLanguage\":\"en-US\",\"potentialAction\":[{\"@type\":\"ReadAction\",\"target\":[\"https:\\\/\\\/mmkriepas.lv\\\/en\\\/p\\\/195-70r15c-gt-radial-maxmiler-ice-104-102r-2\\\/\"]}]},{\"@type\":\"ImageObject\",\"inLanguage\":\"en-US\",\"@id\":\"https:\\\/\\\/mmkriepas.lv\\\/en\\\/p\\\/195-70r15c-gt-radial-maxmiler-ice-104-102r-2\\\/#primaryimage\",\"url\":\"https:\\\/\\\/mmkriepas.lv\\\/wp-content\\\/uploads\\\/2024\\\/01\\\/23565r16c-gt-radial-maxmiler-ice-121119r-ziemas-riepas.jpg\",\"contentUrl\":\"https:\\\/\\\/mmkriepas.lv\\\/wp-content\\\/uploads\\\/2024\\\/01\\\/23565r16c-gt-radial-maxmiler-ice-121119r-ziemas-riepas.jpg\",\"width\":1920,\"height\":1920,\"caption\":\"235\\\/65R16C GT Radial MAXMILER Ice 121\\\/119R - Vissezonas riepas \\\/ Ziemas riepas\"},{\"@type\":\"BreadcrumbList\",\"@id\":\"https:\\\/\\\/mmkriepas.lv\\\/en\\\/p\\\/195-70r15c-gt-radial-maxmiler-ice-104-102r-2\\\/#breadcrumb\",\"itemListElement\":[{\"@type\":\"ListItem\",\"position\":1,\"name\":\"S\u0101kums\",\"item\":\"https:\\\/\\\/mmkriepas.lv\\\/en\\\/\"},{\"@type\":\"ListItem\",\"position\":2,\"name\":\"195\\\/70R15C GT Radial MAXMILER Ice 104\\\/102R\"}]},{\"@type\":\"WebSite\",\"@id\":\"https:\\\/\\\/mmkriepas.lv\\\/en\\\/#website\",\"url\":\"https:\\\/\\\/mmkriepas.lv\\\/en\\\/\",\"name\":\"MMK Riepas\",\"description\":\"MMK Riepas\",\"alternateName\":\"MMK Riepu Serviss\",\"potentialAction\":[{\"@type\":\"SearchAction\",\"target\":{\"@type\":\"EntryPoint\",\"urlTemplate\":\"https:\\\/\\\/mmkriepas.lv\\\/en\\\/?s={search_term_string}\"},\"query-input\":{\"@type\":\"PropertyValueSpecification\",\"valueRequired\":true,\"valueName\":\"search_term_string\"}}],\"inLanguage\":\"en-US\"},{\"@type\":\"ImageObject\",\"inLanguage\":\"en-US\",\"@id\":\"https:\\\/\\\/mmkriepas.lv\\\/en\\\/p\\\/195-70r15c-gt-radial-maxmiler-ice-104-102r-2\\\/#local-main-organization-logo\",\"url\":\"\",\"contentUrl\":\"\",\"caption\":\"MMK Riepas\"}]}<\/script>\n<meta property=\"product:brand\" content=\"GT Radial MAXMILER Ice\" \/>\n<meta property=\"product:price:amount\" content=\"75.00\" \/>\n<meta property=\"product:price:currency\" content=\"EUR\" \/>\n<meta property=\"og:availability\" content=\"instock\" \/>\n<meta property=\"product:availability\" content=\"instock\" \/>\n<meta property=\"product:retailer_item_id\" content=\"TW1957015CGTRAD-L6601\" \/>\n<meta property=\"product:condition\" content=\"new\" \/>\n<!-- \/ Yoast SEO Premium plugin. -->","yoast_head_json":{"title":"195\/70R15C GT Radial MAXMILER Ice 104\/102R &#8226; MMK Riepas","description":"GT Radial Maxmiler Ice - teicamas busu riepas ar radz\u0113m. Piem\u0113rotas skarbiem ziemas apst\u0101k\u013ciem. Abos MMK riepu centros par super cenu!","robots":{"index":"index","follow":"follow","max-snippet":"max-snippet:-1","max-image-preview":"max-image-preview:large","max-video-preview":"max-video-preview:-1"},"canonical":"https:\/\/mmkriepas.lv\/en\/p\/195-70r15c-gt-radial-maxmiler-ice-104-102r-2\/","og_locale":"en_US","og_type":"article","og_title":"195\/70R15C GT Radial MAXMILER Ice 104\/102R","og_description":"GT Radial Maxmiler Ice - teicamas busu riepas ar radz\u0113m. Piem\u0113rotas skarbiem ziemas apst\u0101k\u013ciem. Abos MMK riepu centros par super cenu!","og_url":"https:\/\/mmkriepas.lv\/en\/p\/195-70r15c-gt-radial-maxmiler-ice-104-102r-2\/","og_site_name":"MMK Riepas","article_publisher":"https:\/\/www.facebook.com\/mmkserviss\/","article_modified_time":"2026-03-27T10:15:29+00:00","og_image":[{"width":1920,"height":1920,"url":"https:\/\/mmkriepas.lv\/wp-content\/uploads\/2024\/01\/23565r16c-gt-radial-maxmiler-ice-121119r-ziemas-riepas.jpg","type":"image\/jpeg"}],"twitter_card":"summary_large_image","twitter_misc":{"Price":"&euro;75.00","Availability":"In stock"},"schema":{"@context":"https:\/\/schema.org","@graph":[{"@type":"WebPage","@id":"https:\/\/mmkriepas.lv\/en\/p\/195-70r15c-gt-radial-maxmiler-ice-104-102r-2\/","url":"https:\/\/mmkriepas.lv\/en\/p\/195-70r15c-gt-radial-maxmiler-ice-104-102r-2\/","name":"195\/70R15C GT Radial MAXMILER Ice 104\/102R &#8226; MMK Riepas","isPartOf":{"@id":"https:\/\/mmkriepas.lv\/en\/#website"},"primaryImageOfPage":{"@id":"https:\/\/mmkriepas.lv\/en\/p\/195-70r15c-gt-radial-maxmiler-ice-104-102r-2\/#primaryimage"},"image":{"@id":"https:\/\/mmkriepas.lv\/en\/p\/195-70r15c-gt-radial-maxmiler-ice-104-102r-2\/#primaryimage"},"thumbnailUrl":"https:\/\/mmkriepas.lv\/wp-content\/uploads\/2024\/01\/23565r16c-gt-radial-maxmiler-ice-121119r-ziemas-riepas.jpg","datePublished":"2022-08-16T05:43:35+00:00","dateModified":"2026-03-27T10:15:29+00:00","description":"GT Radial Maxmiler Ice - teicamas busu riepas ar radz\u0113m. Piem\u0113rotas skarbiem ziemas apst\u0101k\u013ciem. Abos MMK riepu centros par super cenu!","breadcrumb":{"@id":"https:\/\/mmkriepas.lv\/en\/p\/195-70r15c-gt-radial-maxmiler-ice-104-102r-2\/#breadcrumb"},"inLanguage":"en-US","potentialAction":[{"@type":"ReadAction","target":["https:\/\/mmkriepas.lv\/en\/p\/195-70r15c-gt-radial-maxmiler-ice-104-102r-2\/"]}]},{"@type":"ImageObject","inLanguage":"en-US","@id":"https:\/\/mmkriepas.lv\/en\/p\/195-70r15c-gt-radial-maxmiler-ice-104-102r-2\/#primaryimage","url":"https:\/\/mmkriepas.lv\/wp-content\/uploads\/2024\/01\/23565r16c-gt-radial-maxmiler-ice-121119r-ziemas-riepas.jpg","contentUrl":"https:\/\/mmkriepas.lv\/wp-content\/uploads\/2024\/01\/23565r16c-gt-radial-maxmiler-ice-121119r-ziemas-riepas.jpg","width":1920,"height":1920,"caption":"235\/65R16C GT Radial MAXMILER Ice 121\/119R - Vissezonas riepas \/ Ziemas riepas"},{"@type":"BreadcrumbList","@id":"https:\/\/mmkriepas.lv\/en\/p\/195-70r15c-gt-radial-maxmiler-ice-104-102r-2\/#breadcrumb","itemListElement":[{"@type":"ListItem","position":1,"name":"S\u0101kums","item":"https:\/\/mmkriepas.lv\/en\/"},{"@type":"ListItem","position":2,"name":"195\/70R15C GT Radial MAXMILER Ice 104\/102R"}]},{"@type":"WebSite","@id":"https:\/\/mmkriepas.lv\/en\/#website","url":"https:\/\/mmkriepas.lv\/en\/","name":"MMK Riepas","description":"MMK Riepas","alternateName":"MMK Riepu Serviss","potentialAction":[{"@type":"SearchAction","target":{"@type":"EntryPoint","urlTemplate":"https:\/\/mmkriepas.lv\/en\/?s={search_term_string}"},"query-input":{"@type":"PropertyValueSpecification","valueRequired":true,"valueName":"search_term_string"}}],"inLanguage":"en-US"},{"@type":"ImageObject","inLanguage":"en-US","@id":"https:\/\/mmkriepas.lv\/en\/p\/195-70r15c-gt-radial-maxmiler-ice-104-102r-2\/#local-main-organization-logo","url":"","contentUrl":"","caption":"MMK Riepas"}]},"product_brand":"GT Radial MAXMILER Ice","product_price_amount":"75.00","product_price_currency":"EUR","og_availability":"instock","product_availability":"instock","product_retailer_item_id":"TW1957015CGTRAD-L6601","product_condition":"new"},"_links":{"self":[{"href":"https:\/\/mmkriepas.lv\/en\/wp-json\/wp\/v2\/product\/291706","targetHints":{"allow":["GET"]}}],"collection":[{"href":"https:\/\/mmkriepas.lv\/en\/wp-json\/wp\/v2\/product"}],"about":[{"href":"https:\/\/mmkriepas.lv\/en\/wp-json\/wp\/v2\/types\/product"}],"wp:featuredmedia":[{"embeddable":true,"href":"https:\/\/mmkriepas.lv\/en\/wp-json\/wp\/v2\/media\/843641"}],"wp:attachment":[{"href":"https:\/\/mmkriepas.lv\/en\/wp-json\/wp\/v2\/media?parent=291706"}],"wp:term":[{"taxonomy":"product_brand","embeddable":true,"href":"https:\/\/mmkriepas.lv\/en\/wp-json\/wp\/v2\/product_brand?post=291706"},{"taxonomy":"product_cat","embeddable":true,"href":"https:\/\/mmkriepas.lv\/en\/wp-json\/wp\/v2\/product_cat?post=291706"},{"taxonomy":"product_tag","embeddable":true,"href":"https:\/\/mmkriepas.lv\/en\/wp-json\/wp\/v2\/product_tag?post=291706"}],"curies":[{"name":"wp","href":"https:\/\/api.w.org\/{rel}","templated":true}]}}