{"id":291551,"date":"2022-08-16T08:36:21","date_gmt":"2022-08-16T05:36:21","guid":{"rendered":"https:\/\/mmkserviss.lv\/?post_type=product&#038;p=291551"},"modified":"2026-03-30T15:14:02","modified_gmt":"2026-03-30T12:14:02","slug":"265-65r18-triangle-icelynx-ti501-114t-xl-ar-radzem","status":"publish","type":"product","link":"https:\/\/mmkriepas.lv\/en\/p\/265-65r18-triangle-icelynx-ti501-114t-xl-ar-radzem\/","title":{"rendered":"265\/65R18 Triangle IcelynX TI501 114T XL ar radz\u0113m"},"content":{"rendered":"<p><strong><span style=\"font-family: 'Arial',sans-serif;\">Triangle IcelynX TI501<\/span><\/strong><span style=\"font-family: 'Arial',sans-serif;\">\u00a0ziemas riepu modelis ir paredz\u0113ts skarb\u0101kajiem ziemas apst\u0101k\u013ciem Zieme\u013cvalst\u012bs. <strong><span style=\"font-family: 'Arial',sans-serif; color: red;\">\u0160is modelis ir pieejams gan ar radz\u0113m, gan bez t\u0101m.<\/span><\/strong> Tam ir rakstur\u012bga izcila sa\u0137ere, stabila vad\u0101m\u012bba un \u0101trs bremz\u0113\u0161anas laiks uz sniega un ledus.\u00a0 <o:p><\/o:p><\/span><\/p>\n<h3><span style=\"font-family: 'Arial',sans-serif;\">Triangle IcelynX TI501 galven\u0101s \u012bpa\u0161\u012bbas:<o:p><\/o:p><\/span><\/h3>\n<p><span style=\"font-family: 'Arial',sans-serif;\">-Lieli un stingri bloki tiek izmantoti protektora centr\u0101 un t\u0101 plecu zon\u0101s, optimiz\u0113jot spiediena sadal\u012bjumu vis\u0101 saskares viet\u0101. Rezult\u0101t\u0101 palielin\u0101s stabilit\u0101te taisnvirziena kust\u012bb\u0101 un pagriezienu laik\u0101; <o:p><\/o:p><\/span><\/p>\n<p><span style=\"font-family: 'Arial',sans-serif;\">-V veida kan\u0101liem ir \u013coti stingras malas, kas \u013cauj riepai ilgsto\u0161i un augstv\u0113rt\u012bgi saglab\u0101t sa\u0137eri ar sniegu. Non\u0101kot s\u0101nsl\u012bd\u0113, \u0161\u012b V veida kan\u0101lu forma \u013cauj \u013coti labi novad\u012bt \u016bdeni un slapjdra\u0146\u0137i, saglab\u0101jot stabilit\u0101ti un kontroli par situ\u0101ciju; <o:p><\/o:p><\/span><\/p>\n<p><span style=\"font-family: 'Arial',sans-serif;\">-Radzes uz protektora virsmas ir novietotas t\u0101, lai katra radze darbotos atsevi\u0161\u0137i, da\u017e\u0101dos virzienos, maksim\u0101li palielinot sa\u0137eri uz ledus. <o:p><\/o:p><\/span><\/p>\n<p><strong><span style=\"font-family: 'Arial',sans-serif;\">TI501<\/span><\/strong><span style=\"font-family: 'Arial',sans-serif;\"> mode\u013ca lieto\u0161anas dro\u0161\u012bbu ziemas laika apst\u0101k\u013cos un t\u0101 atbilst\u012bbu valst\u012bm ar oblig\u0101tu sezon\u0101lo riepu mai\u0146u apstiprina mar\u0137\u0113jums sniegp\u0101rslas form\u0101 uz kalna fona ar trim virsotn\u0113m (3PMSF). <\/span><\/p>\n","protected":false},"excerpt":{"rendered":"<p><strong>Triangle Icelynx TI501\u00a0<\/strong>&#8211; Somij\u0101 dizain\u0113ts rad\u017eojamais ziemas riepu modelis. Izcila sa\u0137ere gan snieg\u0101, gan uz ledus, teicama nodilumiztur\u012bba un degvielas ekonomija.<\/p>\n","protected":false},"featured_media":835008,"template":"","meta":{"_acf_changed":false,"ngg_post_thumbnail":0},"product_brand":[],"product_cat":[45,48],"product_tag":[],"class_list":{"0":"post-291551","1":"product","2":"type-product","3":"status-publish","4":"has-post-thumbnail","6":"product_cat-ziemas-riepas","7":"product_cat-ziemas-ar-radzem","9":"first","10":"instock","11":"sale","12":"taxable","13":"shipping-taxable","14":"purchasable","15":"product-type-simple"},"acf":[],"yoast_head":"<!-- This site is optimized with the Yoast SEO Premium plugin v22.6 (Yoast SEO v27.3) - https:\/\/yoast.com\/product\/yoast-seo-premium-wordpress\/ -->\n<title>265\/65R18 Triangle IcelynX TI501 114T XL ar radz\u0113m &#8226; MMK Riepas<\/title>\n<meta name=\"robots\" content=\"index, follow, max-snippet:-1, max-image-preview:large, max-video-preview:-1\" \/>\n<link rel=\"canonical\" href=\"https:\/\/mmkriepas.lv\/en\/p\/265-65r18-triangle-icelynx-ti501-114t-xl-ar-radzem\/\" \/>\n<meta property=\"og:locale\" content=\"en_US\" \/>\n<meta property=\"og:type\" content=\"article\" \/>\n<meta property=\"og:title\" content=\"265\/65R18 Triangle IcelynX TI501 114T XL ar radz\u0113m\" \/>\n<meta property=\"og:description\" content=\"Triangle Icelynx TI501\u00a0- Somij\u0101 dizain\u0113ts rad\u017eojamais ziemas riepu modelis. Izcila sa\u0137ere gan snieg\u0101, gan uz ledus, teicama nodilumiztur\u012bba un degvielas ekonomija.\" \/>\n<meta property=\"og:url\" content=\"https:\/\/mmkriepas.lv\/en\/p\/265-65r18-triangle-icelynx-ti501-114t-xl-ar-radzem\/\" \/>\n<meta property=\"og:site_name\" content=\"MMK Riepas\" \/>\n<meta property=\"article:publisher\" content=\"https:\/\/www.facebook.com\/mmkserviss\/\" \/>\n<meta property=\"article:modified_time\" content=\"2026-03-30T12:14:02+00:00\" \/>\n<meta property=\"og:image\" content=\"https:\/\/mmkriepas.lv\/wp-content\/uploads\/2023\/12\/21560r17-triangle-icelynx-ti501-100t-xl-ar-radzem-ziemas-riepas-ziemas-ar-radzem-riepas.jpg\" \/>\n\t<meta property=\"og:image:width\" content=\"1920\" \/>\n\t<meta property=\"og:image:height\" content=\"1920\" \/>\n\t<meta property=\"og:image:type\" content=\"image\/jpeg\" \/>\n<meta name=\"twitter:card\" content=\"summary_large_image\" \/>\n<meta name=\"twitter:label1\" content=\"Price\" \/>\n\t<meta name=\"twitter:data1\" content=\"&euro;125.00\" \/>\n\t<meta name=\"twitter:label2\" content=\"Availability\" \/>\n\t<meta name=\"twitter:data2\" content=\"In stock\" \/>\n<script type=\"application\/ld+json\" class=\"yoast-schema-graph\">{\"@context\":\"https:\\\/\\\/schema.org\",\"@graph\":[{\"@type\":\"WebPage\",\"@id\":\"https:\\\/\\\/mmkriepas.lv\\\/en\\\/p\\\/265-65r18-triangle-icelynx-ti501-114t-xl-ar-radzem\\\/\",\"url\":\"https:\\\/\\\/mmkriepas.lv\\\/en\\\/p\\\/265-65r18-triangle-icelynx-ti501-114t-xl-ar-radzem\\\/\",\"name\":\"265\\\/65R18 Triangle IcelynX TI501 114T XL ar radz\u0113m &#8226; MMK Riepas\",\"isPartOf\":{\"@id\":\"https:\\\/\\\/mmkriepas.lv\\\/en\\\/#website\"},\"primaryImageOfPage\":{\"@id\":\"https:\\\/\\\/mmkriepas.lv\\\/en\\\/p\\\/265-65r18-triangle-icelynx-ti501-114t-xl-ar-radzem\\\/#primaryimage\"},\"image\":{\"@id\":\"https:\\\/\\\/mmkriepas.lv\\\/en\\\/p\\\/265-65r18-triangle-icelynx-ti501-114t-xl-ar-radzem\\\/#primaryimage\"},\"thumbnailUrl\":\"https:\\\/\\\/mmkriepas.lv\\\/wp-content\\\/uploads\\\/2023\\\/12\\\/21560r17-triangle-icelynx-ti501-100t-xl-ar-radzem-ziemas-riepas-ziemas-ar-radzem-riepas.jpg\",\"datePublished\":\"2022-08-16T05:36:21+00:00\",\"dateModified\":\"2026-03-30T12:14:02+00:00\",\"breadcrumb\":{\"@id\":\"https:\\\/\\\/mmkriepas.lv\\\/en\\\/p\\\/265-65r18-triangle-icelynx-ti501-114t-xl-ar-radzem\\\/#breadcrumb\"},\"inLanguage\":\"en-US\",\"potentialAction\":[{\"@type\":\"ReadAction\",\"target\":[\"https:\\\/\\\/mmkriepas.lv\\\/en\\\/p\\\/265-65r18-triangle-icelynx-ti501-114t-xl-ar-radzem\\\/\"]}]},{\"@type\":\"ImageObject\",\"inLanguage\":\"en-US\",\"@id\":\"https:\\\/\\\/mmkriepas.lv\\\/en\\\/p\\\/265-65r18-triangle-icelynx-ti501-114t-xl-ar-radzem\\\/#primaryimage\",\"url\":\"https:\\\/\\\/mmkriepas.lv\\\/wp-content\\\/uploads\\\/2023\\\/12\\\/21560r17-triangle-icelynx-ti501-100t-xl-ar-radzem-ziemas-riepas-ziemas-ar-radzem-riepas.jpg\",\"contentUrl\":\"https:\\\/\\\/mmkriepas.lv\\\/wp-content\\\/uploads\\\/2023\\\/12\\\/21560r17-triangle-icelynx-ti501-100t-xl-ar-radzem-ziemas-riepas-ziemas-ar-radzem-riepas.jpg\",\"width\":1920,\"height\":1920,\"caption\":\"MAIN\"},{\"@type\":\"BreadcrumbList\",\"@id\":\"https:\\\/\\\/mmkriepas.lv\\\/en\\\/p\\\/265-65r18-triangle-icelynx-ti501-114t-xl-ar-radzem\\\/#breadcrumb\",\"itemListElement\":[{\"@type\":\"ListItem\",\"position\":1,\"name\":\"S\u0101kums\",\"item\":\"https:\\\/\\\/mmkriepas.lv\\\/en\\\/\"},{\"@type\":\"ListItem\",\"position\":2,\"name\":\"265\\\/65R18 Triangle IcelynX TI501 114T XL ar radz\u0113m\"}]},{\"@type\":\"WebSite\",\"@id\":\"https:\\\/\\\/mmkriepas.lv\\\/en\\\/#website\",\"url\":\"https:\\\/\\\/mmkriepas.lv\\\/en\\\/\",\"name\":\"MMK Riepas\",\"description\":\"MMK Riepas\",\"alternateName\":\"MMK Riepu Serviss\",\"potentialAction\":[{\"@type\":\"SearchAction\",\"target\":{\"@type\":\"EntryPoint\",\"urlTemplate\":\"https:\\\/\\\/mmkriepas.lv\\\/en\\\/?s={search_term_string}\"},\"query-input\":{\"@type\":\"PropertyValueSpecification\",\"valueRequired\":true,\"valueName\":\"search_term_string\"}}],\"inLanguage\":\"en-US\"},{\"@type\":\"ImageObject\",\"inLanguage\":\"en-US\",\"@id\":\"https:\\\/\\\/mmkriepas.lv\\\/en\\\/p\\\/265-65r18-triangle-icelynx-ti501-114t-xl-ar-radzem\\\/#local-main-organization-logo\",\"url\":\"\",\"contentUrl\":\"\",\"caption\":\"MMK Riepas\"}]}<\/script>\n<meta property=\"product:brand\" content=\"Triangle IcelynX TI501\" \/>\n<meta property=\"product:price:amount\" content=\"125.00\" \/>\n<meta property=\"product:price:currency\" content=\"EUR\" \/>\n<meta property=\"og:availability\" content=\"instock\" \/>\n<meta property=\"product:availability\" content=\"instock\" \/>\n<meta property=\"product:retailer_item_id\" content=\"TR2656518TRIAN-L6550\" \/>\n<meta property=\"product:condition\" content=\"new\" \/>\n<!-- \/ Yoast SEO Premium plugin. -->","yoast_head_json":{"title":"265\/65R18 Triangle IcelynX TI501 114T XL ar radz\u0113m &#8226; MMK Riepas","robots":{"index":"index","follow":"follow","max-snippet":"max-snippet:-1","max-image-preview":"max-image-preview:large","max-video-preview":"max-video-preview:-1"},"canonical":"https:\/\/mmkriepas.lv\/en\/p\/265-65r18-triangle-icelynx-ti501-114t-xl-ar-radzem\/","og_locale":"en_US","og_type":"article","og_title":"265\/65R18 Triangle IcelynX TI501 114T XL ar radz\u0113m","og_description":"Triangle Icelynx TI501\u00a0- Somij\u0101 dizain\u0113ts rad\u017eojamais ziemas riepu modelis. Izcila sa\u0137ere gan snieg\u0101, gan uz ledus, teicama nodilumiztur\u012bba un degvielas ekonomija.","og_url":"https:\/\/mmkriepas.lv\/en\/p\/265-65r18-triangle-icelynx-ti501-114t-xl-ar-radzem\/","og_site_name":"MMK Riepas","article_publisher":"https:\/\/www.facebook.com\/mmkserviss\/","article_modified_time":"2026-03-30T12:14:02+00:00","og_image":[{"width":1920,"height":1920,"url":"https:\/\/mmkriepas.lv\/wp-content\/uploads\/2023\/12\/21560r17-triangle-icelynx-ti501-100t-xl-ar-radzem-ziemas-riepas-ziemas-ar-radzem-riepas.jpg","type":"image\/jpeg"}],"twitter_card":"summary_large_image","twitter_misc":{"Price":"&euro;125.00","Availability":"In stock"},"schema":{"@context":"https:\/\/schema.org","@graph":[{"@type":"WebPage","@id":"https:\/\/mmkriepas.lv\/en\/p\/265-65r18-triangle-icelynx-ti501-114t-xl-ar-radzem\/","url":"https:\/\/mmkriepas.lv\/en\/p\/265-65r18-triangle-icelynx-ti501-114t-xl-ar-radzem\/","name":"265\/65R18 Triangle IcelynX TI501 114T XL ar radz\u0113m &#8226; MMK Riepas","isPartOf":{"@id":"https:\/\/mmkriepas.lv\/en\/#website"},"primaryImageOfPage":{"@id":"https:\/\/mmkriepas.lv\/en\/p\/265-65r18-triangle-icelynx-ti501-114t-xl-ar-radzem\/#primaryimage"},"image":{"@id":"https:\/\/mmkriepas.lv\/en\/p\/265-65r18-triangle-icelynx-ti501-114t-xl-ar-radzem\/#primaryimage"},"thumbnailUrl":"https:\/\/mmkriepas.lv\/wp-content\/uploads\/2023\/12\/21560r17-triangle-icelynx-ti501-100t-xl-ar-radzem-ziemas-riepas-ziemas-ar-radzem-riepas.jpg","datePublished":"2022-08-16T05:36:21+00:00","dateModified":"2026-03-30T12:14:02+00:00","breadcrumb":{"@id":"https:\/\/mmkriepas.lv\/en\/p\/265-65r18-triangle-icelynx-ti501-114t-xl-ar-radzem\/#breadcrumb"},"inLanguage":"en-US","potentialAction":[{"@type":"ReadAction","target":["https:\/\/mmkriepas.lv\/en\/p\/265-65r18-triangle-icelynx-ti501-114t-xl-ar-radzem\/"]}]},{"@type":"ImageObject","inLanguage":"en-US","@id":"https:\/\/mmkriepas.lv\/en\/p\/265-65r18-triangle-icelynx-ti501-114t-xl-ar-radzem\/#primaryimage","url":"https:\/\/mmkriepas.lv\/wp-content\/uploads\/2023\/12\/21560r17-triangle-icelynx-ti501-100t-xl-ar-radzem-ziemas-riepas-ziemas-ar-radzem-riepas.jpg","contentUrl":"https:\/\/mmkriepas.lv\/wp-content\/uploads\/2023\/12\/21560r17-triangle-icelynx-ti501-100t-xl-ar-radzem-ziemas-riepas-ziemas-ar-radzem-riepas.jpg","width":1920,"height":1920,"caption":"MAIN"},{"@type":"BreadcrumbList","@id":"https:\/\/mmkriepas.lv\/en\/p\/265-65r18-triangle-icelynx-ti501-114t-xl-ar-radzem\/#breadcrumb","itemListElement":[{"@type":"ListItem","position":1,"name":"S\u0101kums","item":"https:\/\/mmkriepas.lv\/en\/"},{"@type":"ListItem","position":2,"name":"265\/65R18 Triangle IcelynX TI501 114T XL ar radz\u0113m"}]},{"@type":"WebSite","@id":"https:\/\/mmkriepas.lv\/en\/#website","url":"https:\/\/mmkriepas.lv\/en\/","name":"MMK Riepas","description":"MMK Riepas","alternateName":"MMK Riepu Serviss","potentialAction":[{"@type":"SearchAction","target":{"@type":"EntryPoint","urlTemplate":"https:\/\/mmkriepas.lv\/en\/?s={search_term_string}"},"query-input":{"@type":"PropertyValueSpecification","valueRequired":true,"valueName":"search_term_string"}}],"inLanguage":"en-US"},{"@type":"ImageObject","inLanguage":"en-US","@id":"https:\/\/mmkriepas.lv\/en\/p\/265-65r18-triangle-icelynx-ti501-114t-xl-ar-radzem\/#local-main-organization-logo","url":"","contentUrl":"","caption":"MMK Riepas"}]},"product_brand":"Triangle IcelynX TI501","product_price_amount":"125.00","product_price_currency":"EUR","og_availability":"instock","product_availability":"instock","product_retailer_item_id":"TR2656518TRIAN-L6550","product_condition":"new"},"_links":{"self":[{"href":"https:\/\/mmkriepas.lv\/en\/wp-json\/wp\/v2\/product\/291551","targetHints":{"allow":["GET"]}}],"collection":[{"href":"https:\/\/mmkriepas.lv\/en\/wp-json\/wp\/v2\/product"}],"about":[{"href":"https:\/\/mmkriepas.lv\/en\/wp-json\/wp\/v2\/types\/product"}],"wp:featuredmedia":[{"embeddable":true,"href":"https:\/\/mmkriepas.lv\/en\/wp-json\/wp\/v2\/media\/835008"}],"wp:attachment":[{"href":"https:\/\/mmkriepas.lv\/en\/wp-json\/wp\/v2\/media?parent=291551"}],"wp:term":[{"taxonomy":"product_brand","embeddable":true,"href":"https:\/\/mmkriepas.lv\/en\/wp-json\/wp\/v2\/product_brand?post=291551"},{"taxonomy":"product_cat","embeddable":true,"href":"https:\/\/mmkriepas.lv\/en\/wp-json\/wp\/v2\/product_cat?post=291551"},{"taxonomy":"product_tag","embeddable":true,"href":"https:\/\/mmkriepas.lv\/en\/wp-json\/wp\/v2\/product_tag?post=291551"}],"curies":[{"name":"wp","href":"https:\/\/api.w.org\/{rel}","templated":true}]}}