{"id":291131,"date":"2022-08-16T08:16:41","date_gmt":"2022-08-16T05:16:41","guid":{"rendered":"https:\/\/mmkserviss.lv\/?post_type=product&#038;p=291131"},"modified":"2025-01-23T14:39:43","modified_gmt":"2025-01-23T12:39:43","slug":"225-55r17-toyo-celsius-as2-101w-xl","status":"publish","type":"product","link":"https:\/\/mmkriepas.lv\/en\/p\/225-55r17-toyo-celsius-as2-101w-xl\/","title":{"rendered":"225\/55R17 Toyo Celsius AS2 101W XL"},"content":{"rendered":"<p style=\"margin: 12.0pt 0cm 12.0pt 0cm;\"><b><span style=\"font-size: 11.0pt; font-family: 'Arial',sans-serif; color: black;\">Toyo Celsius AS2 <\/span><\/b><span style=\"white-space: pre-wrap;\"><span style=\"font-size: 11.0pt; font-family: 'Arial',sans-serif; color: black;\">ir augstas kvalit\u0101tes, jap\u0101\u0146u premium klases vissezonas riepu modelis. Tas izce\u013cas ar labiem degvielas ekonomijas, brauk\u0161anas komforta un sa\u0137eres \u012bpa\u0161\u012bb\u0101m gan vasaras, gan m\u0113renas ziemas brauk\u0161anas apst\u0101k\u013cos.<\/span><\/span><o:p><\/o:p><\/p>\n<h3 style=\"margin: 14.0pt 0cm 4.0pt 0cm;\"><span style=\"white-space: pre-wrap;\"><span style=\"font-size: 13.0pt; font-family: 'Arial',sans-serif; color: black;\">Toyo Celsius AS2 galven\u0101s iez\u012bmes:<\/span><\/span><o:p><\/o:p><\/h3>\n<p style=\"margin: 12.0pt 0cm 12.0pt 0cm;\"><span style=\"white-space: pre-wrap;\"><span style=\"font-size: 11.0pt; font-family: 'Arial',sans-serif; color: black;\">+ Laba sa\u0137ere gan uz sausa, gan slapja asfalta, k\u0101 ar\u012b slapjdra\u0146\u0137\u012b jeb sniega putr\u0101.<\/span><br \/>+ Zems degvielas pat\u0113ri\u0146\u0161,<br \/>+ Augsta nodilumiztur\u012bba,<br \/>+Izteikts akustiskais un brauk\u0161anas gaitas komforts,<br \/>+ Zems akvaplan\u0113\u0161anas risks.<\/span><o:p><\/o:p><\/p>\n<h3 style=\"margin: 14.0pt 0cm 4.0pt 0cm;\"><span style=\"white-space: pre-wrap;\"><span style=\"font-size: 13.0pt; font-family: 'Arial',sans-serif; color: black;\">Celsius AS2 apr\u012bkojums<\/span><\/span><o:p><\/o:p><\/h3>\n<p style=\"margin: 12.0pt 0cm 12.0pt 0cm;\"><span style=\"white-space: pre-wrap;\"><b><span style=\"font-size: 11.0pt; font-family: 'Arial',sans-serif; color: black;\">Toyo Celsius AS2 <\/span><\/b><\/span><span style=\"white-space: pre-wrap;\"><span style=\"font-size: 11.0pt; font-family: 'Arial',sans-serif; color: black;\">vissezonas riepas apr\u012bkotas ar m+s riep\u0101m rakstur\u012bgu virzienveida rakstu jeb &#8220;skuju&#8221;. \u0160\u0101ds dizains izv\u0113l\u0113ts, jo tas gan labi izvada \u016bdeni no protektora virsmas, samazinot akvaplan\u0113\u0161anas risku, gan ar\u012b ir efekt\u012bvs c\u012b\u0146\u0101 ar sniegu un slapjdra\u0146\u0137i.<\/span><\/span><o:p><\/o:p><\/p>\n<p style=\"margin: 12.0pt 0cm 12.0pt 0cm;\"><span style=\"white-space: pre-wrap;\"><span style=\"font-size: 11.0pt; font-family: 'Arial',sans-serif; color: black;\">V-veid\u0101 izvietotie protektora bloki apr\u012bkoti ar simtiem s\u012bku iegriezumu jeb lame\u013cu. T\u0101s darbojas l\u012bdz\u012bgi radz\u0113m, ar as\u0101m kant\u0113m iec\u0113rtoties led\u016b un sabliet\u0113t\u0101 snieg\u0101, ar slidenaj\u0101m virsm\u0101m veidojot sa\u0137eri.<\/span><\/span><o:p><\/o:p><\/p>\n<p style=\"margin: 12.0pt 0cm 12.0pt 0cm;\"><span style=\"white-space: pre-wrap;\"><span style=\"font-size: 11.0pt; font-family: 'Arial',sans-serif; color: black;\">Protektors darin\u0101ts no augstv\u0113rt\u012bga kompoz\u012btmateri\u0101la. Tam pievienotie elastrom\u0113ri \u013cauj riepai saglab\u0101t elas\u012bbu pla\u0161\u0101 temperat\u016bru diapazon\u0101. K\u0101 zin\u0101ms, elast\u012bga riepa daudz lab\u0101k veido sa\u0137eri ar ce\u013cu, k\u0101 ar\u012b dilst vienm\u0113r\u012bg\u0101k.<\/span><\/span><o:p><\/o:p><\/p>\n","protected":false},"excerpt":{"rendered":"<p style=\"margin: 12.0pt 0cm 12.0pt 0cm;\"><b><span style=\"font-size: 11.0pt; font-family: 'Arial',sans-serif; color: black;\">Toyo Celsius AS2 <\/span><\/b><span style=\"white-space: pre-wrap;\"><span style=\"font-size: 11.0pt; font-family: 'Arial',sans-serif; color: black;\">ir augstas kvalit\u0101tes, jap\u0101\u0146u premium klases vissezonas riepu modelis. Tas izce\u013cas ar labiem degvielas ekonomijas, brauk\u0161anas komforta un sa\u0137eres \u012bpa\u0161\u012bb\u0101m gan vasaras, gan m\u0113renas ziemas brauk\u0161anas apst\u0101k\u013cos.<\/span><\/span><o:p><\/o:p><\/p><\/p>\n","protected":false},"featured_media":291130,"template":"","meta":{"_acf_changed":false,"ngg_post_thumbnail":0},"product_brand":[],"product_cat":[47,45],"product_tag":[],"class_list":{"0":"post-291131","1":"product","2":"type-product","3":"status-publish","4":"has-post-thumbnail","6":"product_cat-vissezonas-riepas","7":"product_cat-ziemas-riepas","9":"first","10":"instock","11":"taxable","12":"shipping-taxable","13":"product-type-simple"},"acf":[],"yoast_head":"<!-- This site is optimized with the Yoast SEO Premium plugin v22.6 (Yoast SEO v27.3) - https:\/\/yoast.com\/product\/yoast-seo-premium-wordpress\/ -->\n<title>225\/55R17 Toyo Celsius AS2 101W XL &#8226; MMK Riepas<\/title>\n<meta name=\"robots\" content=\"index, follow, max-snippet:-1, max-image-preview:large, max-video-preview:-1\" \/>\n<link rel=\"canonical\" href=\"https:\/\/mmkriepas.lv\/en\/p\/225-55r17-toyo-celsius-as2-101w-xl\/\" \/>\n<meta property=\"og:locale\" content=\"en_US\" \/>\n<meta property=\"og:type\" content=\"article\" \/>\n<meta property=\"og:title\" content=\"225\/55R17 Toyo Celsius AS2 101W XL\" \/>\n<meta property=\"og:description\" content=\"Toyo Celsius AS2 ir augstas kvalit\u0101tes, jap\u0101\u0146u premium klases vissezonas riepu modelis. Tas izce\u013cas ar labiem degvielas ekonomijas, brauk\u0161anas komforta un sa\u0137eres \u012bpa\u0161\u012bb\u0101m gan vasaras, gan m\u0113renas ziemas brauk\u0161anas apst\u0101k\u013cos.\" \/>\n<meta property=\"og:url\" content=\"https:\/\/mmkriepas.lv\/en\/p\/225-55r17-toyo-celsius-as2-101w-xl\/\" \/>\n<meta property=\"og:site_name\" content=\"MMK Riepas\" \/>\n<meta property=\"article:publisher\" content=\"https:\/\/www.facebook.com\/mmkserviss\/\" \/>\n<meta property=\"article:modified_time\" content=\"2025-01-23T12:39:43+00:00\" \/>\n<meta property=\"og:image\" content=\"https:\/\/mmkriepas.lv\/wp-content\/uploads\/2022\/08\/22555r17-toyo-celsius-as2-101w-xl-ziemas-riepas.jpg\" \/>\n\t<meta property=\"og:image:width\" content=\"525\" \/>\n\t<meta property=\"og:image:height\" content=\"525\" \/>\n\t<meta property=\"og:image:type\" content=\"image\/jpeg\" \/>\n<meta name=\"twitter:card\" content=\"summary_large_image\" \/>\n<meta name=\"twitter:label1\" content=\"Price\" \/>\n\t<meta name=\"twitter:data1\" content=\"&euro;108.00\" \/>\n\t<meta name=\"twitter:label2\" content=\"Availability\" \/>\n\t<meta name=\"twitter:data2\" content=\"In stock\" \/>\n<script type=\"application\/ld+json\" class=\"yoast-schema-graph\">{\"@context\":\"https:\\\/\\\/schema.org\",\"@graph\":[{\"@type\":\"WebPage\",\"@id\":\"https:\\\/\\\/mmkriepas.lv\\\/en\\\/p\\\/225-55r17-toyo-celsius-as2-101w-xl\\\/\",\"url\":\"https:\\\/\\\/mmkriepas.lv\\\/en\\\/p\\\/225-55r17-toyo-celsius-as2-101w-xl\\\/\",\"name\":\"225\\\/55R17 Toyo Celsius AS2 101W XL &#8226; MMK Riepas\",\"isPartOf\":{\"@id\":\"https:\\\/\\\/mmkriepas.lv\\\/en\\\/#website\"},\"primaryImageOfPage\":{\"@id\":\"https:\\\/\\\/mmkriepas.lv\\\/en\\\/p\\\/225-55r17-toyo-celsius-as2-101w-xl\\\/#primaryimage\"},\"image\":{\"@id\":\"https:\\\/\\\/mmkriepas.lv\\\/en\\\/p\\\/225-55r17-toyo-celsius-as2-101w-xl\\\/#primaryimage\"},\"thumbnailUrl\":\"https:\\\/\\\/mmkriepas.lv\\\/wp-content\\\/uploads\\\/2022\\\/08\\\/22555r17-toyo-celsius-as2-101w-xl-ziemas-riepas.jpg\",\"datePublished\":\"2022-08-16T05:16:41+00:00\",\"dateModified\":\"2025-01-23T12:39:43+00:00\",\"breadcrumb\":{\"@id\":\"https:\\\/\\\/mmkriepas.lv\\\/en\\\/p\\\/225-55r17-toyo-celsius-as2-101w-xl\\\/#breadcrumb\"},\"inLanguage\":\"en-US\",\"potentialAction\":[{\"@type\":\"ReadAction\",\"target\":[\"https:\\\/\\\/mmkriepas.lv\\\/en\\\/p\\\/225-55r17-toyo-celsius-as2-101w-xl\\\/\"]}]},{\"@type\":\"ImageObject\",\"inLanguage\":\"en-US\",\"@id\":\"https:\\\/\\\/mmkriepas.lv\\\/en\\\/p\\\/225-55r17-toyo-celsius-as2-101w-xl\\\/#primaryimage\",\"url\":\"https:\\\/\\\/mmkriepas.lv\\\/wp-content\\\/uploads\\\/2022\\\/08\\\/22555r17-toyo-celsius-as2-101w-xl-ziemas-riepas.jpg\",\"contentUrl\":\"https:\\\/\\\/mmkriepas.lv\\\/wp-content\\\/uploads\\\/2022\\\/08\\\/22555r17-toyo-celsius-as2-101w-xl-ziemas-riepas.jpg\",\"width\":525,\"height\":525,\"caption\":\"225\\\/55R17 TOYO CELSIUS AS2 101W XL - Ziemas riepas\"},{\"@type\":\"BreadcrumbList\",\"@id\":\"https:\\\/\\\/mmkriepas.lv\\\/en\\\/p\\\/225-55r17-toyo-celsius-as2-101w-xl\\\/#breadcrumb\",\"itemListElement\":[{\"@type\":\"ListItem\",\"position\":1,\"name\":\"S\u0101kums\",\"item\":\"https:\\\/\\\/mmkriepas.lv\\\/en\\\/\"},{\"@type\":\"ListItem\",\"position\":2,\"name\":\"225\\\/55R17 Toyo Celsius AS2 101W XL\"}]},{\"@type\":\"WebSite\",\"@id\":\"https:\\\/\\\/mmkriepas.lv\\\/en\\\/#website\",\"url\":\"https:\\\/\\\/mmkriepas.lv\\\/en\\\/\",\"name\":\"MMK Riepas\",\"description\":\"MMK Riepas\",\"alternateName\":\"MMK Riepu Serviss\",\"potentialAction\":[{\"@type\":\"SearchAction\",\"target\":{\"@type\":\"EntryPoint\",\"urlTemplate\":\"https:\\\/\\\/mmkriepas.lv\\\/en\\\/?s={search_term_string}\"},\"query-input\":{\"@type\":\"PropertyValueSpecification\",\"valueRequired\":true,\"valueName\":\"search_term_string\"}}],\"inLanguage\":\"en-US\"},{\"@type\":\"ImageObject\",\"inLanguage\":\"en-US\",\"@id\":\"https:\\\/\\\/mmkriepas.lv\\\/en\\\/p\\\/225-55r17-toyo-celsius-as2-101w-xl\\\/#local-main-organization-logo\",\"url\":\"\",\"contentUrl\":\"\",\"caption\":\"MMK Riepas\"}]}<\/script>\n<meta property=\"product:brand\" content=\"Toyo Celsius AS2\" \/>\n<meta property=\"product:price:amount\" content=\"108.00\" \/>\n<meta property=\"product:price:currency\" content=\"EUR\" \/>\n<meta property=\"og:availability\" content=\"instock\" \/>\n<meta property=\"product:availability\" content=\"instock\" \/>\n<meta property=\"product:retailer_item_id\" content=\"TW2255517TOYO-L6413\" \/>\n<meta property=\"product:condition\" content=\"new\" \/>\n<!-- \/ Yoast SEO Premium plugin. -->","yoast_head_json":{"title":"225\/55R17 Toyo Celsius AS2 101W XL &#8226; MMK Riepas","robots":{"index":"index","follow":"follow","max-snippet":"max-snippet:-1","max-image-preview":"max-image-preview:large","max-video-preview":"max-video-preview:-1"},"canonical":"https:\/\/mmkriepas.lv\/en\/p\/225-55r17-toyo-celsius-as2-101w-xl\/","og_locale":"en_US","og_type":"article","og_title":"225\/55R17 Toyo Celsius AS2 101W XL","og_description":"Toyo Celsius AS2 ir augstas kvalit\u0101tes, jap\u0101\u0146u premium klases vissezonas riepu modelis. Tas izce\u013cas ar labiem degvielas ekonomijas, brauk\u0161anas komforta un sa\u0137eres \u012bpa\u0161\u012bb\u0101m gan vasaras, gan m\u0113renas ziemas brauk\u0161anas apst\u0101k\u013cos.","og_url":"https:\/\/mmkriepas.lv\/en\/p\/225-55r17-toyo-celsius-as2-101w-xl\/","og_site_name":"MMK Riepas","article_publisher":"https:\/\/www.facebook.com\/mmkserviss\/","article_modified_time":"2025-01-23T12:39:43+00:00","og_image":[{"width":525,"height":525,"url":"https:\/\/mmkriepas.lv\/wp-content\/uploads\/2022\/08\/22555r17-toyo-celsius-as2-101w-xl-ziemas-riepas.jpg","type":"image\/jpeg"}],"twitter_card":"summary_large_image","twitter_misc":{"Price":"&euro;108.00","Availability":"In stock"},"schema":{"@context":"https:\/\/schema.org","@graph":[{"@type":"WebPage","@id":"https:\/\/mmkriepas.lv\/en\/p\/225-55r17-toyo-celsius-as2-101w-xl\/","url":"https:\/\/mmkriepas.lv\/en\/p\/225-55r17-toyo-celsius-as2-101w-xl\/","name":"225\/55R17 Toyo Celsius AS2 101W XL &#8226; MMK Riepas","isPartOf":{"@id":"https:\/\/mmkriepas.lv\/en\/#website"},"primaryImageOfPage":{"@id":"https:\/\/mmkriepas.lv\/en\/p\/225-55r17-toyo-celsius-as2-101w-xl\/#primaryimage"},"image":{"@id":"https:\/\/mmkriepas.lv\/en\/p\/225-55r17-toyo-celsius-as2-101w-xl\/#primaryimage"},"thumbnailUrl":"https:\/\/mmkriepas.lv\/wp-content\/uploads\/2022\/08\/22555r17-toyo-celsius-as2-101w-xl-ziemas-riepas.jpg","datePublished":"2022-08-16T05:16:41+00:00","dateModified":"2025-01-23T12:39:43+00:00","breadcrumb":{"@id":"https:\/\/mmkriepas.lv\/en\/p\/225-55r17-toyo-celsius-as2-101w-xl\/#breadcrumb"},"inLanguage":"en-US","potentialAction":[{"@type":"ReadAction","target":["https:\/\/mmkriepas.lv\/en\/p\/225-55r17-toyo-celsius-as2-101w-xl\/"]}]},{"@type":"ImageObject","inLanguage":"en-US","@id":"https:\/\/mmkriepas.lv\/en\/p\/225-55r17-toyo-celsius-as2-101w-xl\/#primaryimage","url":"https:\/\/mmkriepas.lv\/wp-content\/uploads\/2022\/08\/22555r17-toyo-celsius-as2-101w-xl-ziemas-riepas.jpg","contentUrl":"https:\/\/mmkriepas.lv\/wp-content\/uploads\/2022\/08\/22555r17-toyo-celsius-as2-101w-xl-ziemas-riepas.jpg","width":525,"height":525,"caption":"225\/55R17 TOYO CELSIUS AS2 101W XL - Ziemas riepas"},{"@type":"BreadcrumbList","@id":"https:\/\/mmkriepas.lv\/en\/p\/225-55r17-toyo-celsius-as2-101w-xl\/#breadcrumb","itemListElement":[{"@type":"ListItem","position":1,"name":"S\u0101kums","item":"https:\/\/mmkriepas.lv\/en\/"},{"@type":"ListItem","position":2,"name":"225\/55R17 Toyo Celsius AS2 101W XL"}]},{"@type":"WebSite","@id":"https:\/\/mmkriepas.lv\/en\/#website","url":"https:\/\/mmkriepas.lv\/en\/","name":"MMK Riepas","description":"MMK Riepas","alternateName":"MMK Riepu Serviss","potentialAction":[{"@type":"SearchAction","target":{"@type":"EntryPoint","urlTemplate":"https:\/\/mmkriepas.lv\/en\/?s={search_term_string}"},"query-input":{"@type":"PropertyValueSpecification","valueRequired":true,"valueName":"search_term_string"}}],"inLanguage":"en-US"},{"@type":"ImageObject","inLanguage":"en-US","@id":"https:\/\/mmkriepas.lv\/en\/p\/225-55r17-toyo-celsius-as2-101w-xl\/#local-main-organization-logo","url":"","contentUrl":"","caption":"MMK Riepas"}]},"product_brand":"Toyo Celsius AS2","product_price_amount":"108.00","product_price_currency":"EUR","og_availability":"instock","product_availability":"instock","product_retailer_item_id":"TW2255517TOYO-L6413","product_condition":"new"},"_links":{"self":[{"href":"https:\/\/mmkriepas.lv\/en\/wp-json\/wp\/v2\/product\/291131","targetHints":{"allow":["GET"]}}],"collection":[{"href":"https:\/\/mmkriepas.lv\/en\/wp-json\/wp\/v2\/product"}],"about":[{"href":"https:\/\/mmkriepas.lv\/en\/wp-json\/wp\/v2\/types\/product"}],"wp:featuredmedia":[{"embeddable":true,"href":"https:\/\/mmkriepas.lv\/en\/wp-json\/wp\/v2\/media\/291130"}],"wp:attachment":[{"href":"https:\/\/mmkriepas.lv\/en\/wp-json\/wp\/v2\/media?parent=291131"}],"wp:term":[{"taxonomy":"product_brand","embeddable":true,"href":"https:\/\/mmkriepas.lv\/en\/wp-json\/wp\/v2\/product_brand?post=291131"},{"taxonomy":"product_cat","embeddable":true,"href":"https:\/\/mmkriepas.lv\/en\/wp-json\/wp\/v2\/product_cat?post=291131"},{"taxonomy":"product_tag","embeddable":true,"href":"https:\/\/mmkriepas.lv\/en\/wp-json\/wp\/v2\/product_tag?post=291131"}],"curies":[{"name":"wp","href":"https:\/\/api.w.org\/{rel}","templated":true}]}}