{"id":290799,"date":"2022-08-16T08:00:42","date_gmt":"2022-08-16T05:00:42","guid":{"rendered":"https:\/\/mmkserviss.lv\/?post_type=product&#038;p=290799"},"modified":"2024-08-06T15:52:35","modified_gmt":"2024-08-06T12:52:35","slug":"185-55r16-toyo-observe-gsi-5-83q-dot","status":"publish","type":"product","link":"https:\/\/mmkriepas.lv\/en\/p\/185-55r16-toyo-observe-gsi-5-83q-dot\/","title":{"rendered":"185\/55R16 Toyo Observe GSi-5 83Q DOT"},"content":{"rendered":"<p><strong>Toyo Observe GSi-5<\/strong> ir Jap\u0101n\u0101 ra\u017eotas Premium klases m\u012bkst\u0101 sast\u0101va ziemas riepas. Izce\u013cas ar teicamu veiktsp\u0113ju gan uz sniega, gan ledus, pateicoties neskait\u0101miem tehnolo\u0123iskajiem risin\u0101jumiem.<\/p>\n<h3><strong>Observe GSi-5 galven\u0101s iez\u012bmes:<\/strong><\/h3>\n<p>+ Riepas ra\u017eotas un izstr\u0101d\u0101tas Jap\u0101n\u0101,<br \/>+ Teicama veiktsp\u0113ja gan snieg\u0101, gan uz ledus,<br \/>+ Uzlabots riepu gumijas sast\u0101vs, kam pievienots dab\u012bgais ogleklis un valriekstu \u010daulas da\u013ci\u0146as,<br \/>+ Palielin\u0101ta nodilumiztur\u012bba,<br \/>+ Gadiem ilgi p\u0101rbaud\u012bts, teicams protektora dizains,<br \/>+ P\u0113c Arrow Lift tehnolo\u0123ijas izstr\u0101d\u0101ti riepas protektora bloki,<br \/>+ Spider Sip lamel\u0113\u0161anas tehnolo\u0123ija, kas nodro\u0161ina teicamu sa\u0137eri uz ledus un snieg\u0101,<br \/>+ Paaugstin\u0101ta veiktsp\u0113ja ar\u012b slapjdra\u0146\u0137\u012b, pateicoties uzlabotai riepu dren\u0101\u017eas kan\u0101lu sist\u0113mai<\/p>\n<p><strong>Observe GSi-5 apr\u012bkojums<\/strong><\/p>\n<p><strong>Toyo Observe GSi-5 <\/strong>apr\u012bkotas ar agres\u012bvu virzienveida protektora dizainu. T\u0101 mas\u012bvie, simetriski izvietotie bloki veidoti p\u0113c Arrow Lift tehnolo\u0123ijas, b\u016btiski uzlabojot veiktsp\u0113ju dzi\u013c\u0101 snieg\u0101 un slapjdra\u0146\u0137\u012b.<\/p>\n<p>Veiktsp\u0113ju slapjdra\u0146\u0137\u012b un \u012bpa\u0161i mitros laikapst\u0101k\u013cos uzlabo ar\u012b attist\u012bta dren\u0101\u017eas kan\u0101lu sist\u0113ma. T\u0101 veidota, izmantojot 3D model\u0113\u0161anas tehniku un optim\u0101li izvada \u016bdeni, sniegu un dub\u013cus no kontakta virsmas ar ce\u013cu, samazinot ar\u012b akvaplan\u0113\u0161anas risku.<\/p>\n<p><strong>Observe GSi-5<\/strong> riepu gumijas sast\u0101vam pievienots\u00a0valriekstu \u010daulas da\u013ci\u0146u sajaukums, kas izcili veido sa\u0137eri ar ledu, da\u013c\u0113ji aizvietojot pat radzes. Pievienots ar\u012b dab\u012bgais ogleklis, \u013caujot riepai absorb\u0113t mitrumu no kontakta virsmas ar ce\u013cu, to sausinot.<\/p>\n<p>Spider Sipe zirnek\u013cveida formas lameles b\u016btiski uzlabo sa\u0137eri ar\u012b ar ledu, slidenaj\u0101 virsm\u0101 iec\u0113rtoties ar t\u016bksto\u0161iem asu kan\u0161u. Lameles pal\u012bdz ar\u012b izvad\u012bt \u016bdeni no riepu kontakta virsmas ar ce\u013cu.<\/p>\n","protected":false},"excerpt":{"rendered":"<p><strong><span style=\"font-family: 'Arial',sans-serif;\">Toyo Observe GSi-5<\/span><\/strong><span style=\"font-family: 'Arial',sans-serif;\"> ir Jap\u0101n\u0101 ra\u017eotas Premium klases m\u012bkst\u0101 sast\u0101va ziemas riepas. Izce\u013cas ar teicamu veiktsp\u0113ju gan uz sniega, gan ledus, pateicoties neskait\u0101miem tehnolo\u0123iskajiem risin\u0101jumiem.<o:p><\/o:p><\/span><\/p>\n","protected":false},"featured_media":290798,"template":"","meta":{"_acf_changed":false,"ngg_post_thumbnail":0},"product_brand":[],"product_cat":[47,45],"product_tag":[],"class_list":{"0":"post-290799","1":"product","2":"type-product","3":"status-publish","4":"has-post-thumbnail","6":"product_cat-vissezonas-riepas","7":"product_cat-ziemas-riepas","9":"first","10":"instock","11":"taxable","12":"shipping-taxable","13":"product-type-simple"},"acf":[],"yoast_head":"<!-- This site is optimized with the Yoast SEO Premium plugin v22.6 (Yoast SEO v27.3) - https:\/\/yoast.com\/product\/yoast-seo-premium-wordpress\/ -->\n<title>185\/55R16 Toyo Observe GSi-5 83Q DOT &#8226; MMK Riepas<\/title>\n<meta name=\"robots\" content=\"index, follow, max-snippet:-1, max-image-preview:large, max-video-preview:-1\" \/>\n<link rel=\"canonical\" href=\"https:\/\/mmkriepas.lv\/en\/p\/185-55r16-toyo-observe-gsi-5-83q-dot\/\" \/>\n<meta property=\"og:locale\" content=\"en_US\" \/>\n<meta property=\"og:type\" content=\"article\" \/>\n<meta property=\"og:title\" content=\"185\/55R16 Toyo Observe GSi-5 83Q DOT\" \/>\n<meta property=\"og:description\" content=\"Toyo Observe GSi-5 ir Jap\u0101n\u0101 ra\u017eotas Premium klases m\u012bkst\u0101 sast\u0101va ziemas riepas. Izce\u013cas ar teicamu veiktsp\u0113ju gan uz sniega, gan ledus, pateicoties neskait\u0101miem tehnolo\u0123iskajiem risin\u0101jumiem.\" \/>\n<meta property=\"og:url\" content=\"https:\/\/mmkriepas.lv\/en\/p\/185-55r16-toyo-observe-gsi-5-83q-dot\/\" \/>\n<meta property=\"og:site_name\" content=\"MMK Riepas\" \/>\n<meta property=\"article:publisher\" content=\"https:\/\/www.facebook.com\/mmkserviss\/\" \/>\n<meta property=\"article:modified_time\" content=\"2024-08-06T12:52:35+00:00\" \/>\n<meta property=\"og:image\" content=\"https:\/\/mmkriepas.lv\/wp-content\/uploads\/2022\/08\/18555r16-toyo-observe-gsi5-83q-dot-ziemas-riepas.jpg\" \/>\n\t<meta property=\"og:image:width\" content=\"800\" \/>\n\t<meta property=\"og:image:height\" content=\"800\" \/>\n\t<meta property=\"og:image:type\" content=\"image\/jpeg\" \/>\n<meta name=\"twitter:card\" content=\"summary_large_image\" \/>\n<meta name=\"twitter:label1\" content=\"Price\" \/>\n\t<meta name=\"twitter:data1\" content=\"&euro;67.00\" \/>\n\t<meta name=\"twitter:label2\" content=\"Availability\" \/>\n\t<meta name=\"twitter:data2\" content=\"In stock\" \/>\n<script type=\"application\/ld+json\" class=\"yoast-schema-graph\">{\"@context\":\"https:\\\/\\\/schema.org\",\"@graph\":[{\"@type\":\"WebPage\",\"@id\":\"https:\\\/\\\/mmkriepas.lv\\\/en\\\/p\\\/185-55r16-toyo-observe-gsi-5-83q-dot\\\/\",\"url\":\"https:\\\/\\\/mmkriepas.lv\\\/en\\\/p\\\/185-55r16-toyo-observe-gsi-5-83q-dot\\\/\",\"name\":\"185\\\/55R16 Toyo Observe GSi-5 83Q DOT &#8226; MMK Riepas\",\"isPartOf\":{\"@id\":\"https:\\\/\\\/mmkriepas.lv\\\/en\\\/#website\"},\"primaryImageOfPage\":{\"@id\":\"https:\\\/\\\/mmkriepas.lv\\\/en\\\/p\\\/185-55r16-toyo-observe-gsi-5-83q-dot\\\/#primaryimage\"},\"image\":{\"@id\":\"https:\\\/\\\/mmkriepas.lv\\\/en\\\/p\\\/185-55r16-toyo-observe-gsi-5-83q-dot\\\/#primaryimage\"},\"thumbnailUrl\":\"https:\\\/\\\/mmkriepas.lv\\\/wp-content\\\/uploads\\\/2022\\\/08\\\/18555r16-toyo-observe-gsi5-83q-dot-ziemas-riepas.jpg\",\"datePublished\":\"2022-08-16T05:00:42+00:00\",\"dateModified\":\"2024-08-06T12:52:35+00:00\",\"breadcrumb\":{\"@id\":\"https:\\\/\\\/mmkriepas.lv\\\/en\\\/p\\\/185-55r16-toyo-observe-gsi-5-83q-dot\\\/#breadcrumb\"},\"inLanguage\":\"en-US\",\"potentialAction\":[{\"@type\":\"ReadAction\",\"target\":[\"https:\\\/\\\/mmkriepas.lv\\\/en\\\/p\\\/185-55r16-toyo-observe-gsi-5-83q-dot\\\/\"]}]},{\"@type\":\"ImageObject\",\"inLanguage\":\"en-US\",\"@id\":\"https:\\\/\\\/mmkriepas.lv\\\/en\\\/p\\\/185-55r16-toyo-observe-gsi-5-83q-dot\\\/#primaryimage\",\"url\":\"https:\\\/\\\/mmkriepas.lv\\\/wp-content\\\/uploads\\\/2022\\\/08\\\/18555r16-toyo-observe-gsi5-83q-dot-ziemas-riepas.jpg\",\"contentUrl\":\"https:\\\/\\\/mmkriepas.lv\\\/wp-content\\\/uploads\\\/2022\\\/08\\\/18555r16-toyo-observe-gsi5-83q-dot-ziemas-riepas.jpg\",\"width\":800,\"height\":800,\"caption\":\"185\\\/55R16 TOYO OBSERVE GSI5 83Q DOT - Ziemas riepas\"},{\"@type\":\"BreadcrumbList\",\"@id\":\"https:\\\/\\\/mmkriepas.lv\\\/en\\\/p\\\/185-55r16-toyo-observe-gsi-5-83q-dot\\\/#breadcrumb\",\"itemListElement\":[{\"@type\":\"ListItem\",\"position\":1,\"name\":\"S\u0101kums\",\"item\":\"https:\\\/\\\/mmkriepas.lv\\\/en\\\/\"},{\"@type\":\"ListItem\",\"position\":2,\"name\":\"185\\\/55R16 Toyo Observe GSi-5 83Q DOT\"}]},{\"@type\":\"WebSite\",\"@id\":\"https:\\\/\\\/mmkriepas.lv\\\/en\\\/#website\",\"url\":\"https:\\\/\\\/mmkriepas.lv\\\/en\\\/\",\"name\":\"MMK Riepas\",\"description\":\"MMK Riepas\",\"alternateName\":\"MMK Riepu Serviss\",\"potentialAction\":[{\"@type\":\"SearchAction\",\"target\":{\"@type\":\"EntryPoint\",\"urlTemplate\":\"https:\\\/\\\/mmkriepas.lv\\\/en\\\/?s={search_term_string}\"},\"query-input\":{\"@type\":\"PropertyValueSpecification\",\"valueRequired\":true,\"valueName\":\"search_term_string\"}}],\"inLanguage\":\"en-US\"},{\"@type\":\"ImageObject\",\"inLanguage\":\"en-US\",\"@id\":\"https:\\\/\\\/mmkriepas.lv\\\/en\\\/p\\\/185-55r16-toyo-observe-gsi-5-83q-dot\\\/#local-main-organization-logo\",\"url\":\"\",\"contentUrl\":\"\",\"caption\":\"MMK Riepas\"}]}<\/script>\n<meta property=\"product:brand\" content=\"Toyo Observe GSi-5\" \/>\n<meta property=\"product:price:amount\" content=\"67.00\" \/>\n<meta property=\"product:price:currency\" content=\"EUR\" \/>\n<meta property=\"og:availability\" content=\"instock\" \/>\n<meta property=\"product:availability\" content=\"instock\" \/>\n<meta property=\"product:retailer_item_id\" content=\"TW1855516TOYO-L6304\" \/>\n<meta property=\"product:condition\" content=\"new\" \/>\n<!-- \/ Yoast SEO Premium plugin. -->","yoast_head_json":{"title":"185\/55R16 Toyo Observe GSi-5 83Q DOT &#8226; MMK Riepas","robots":{"index":"index","follow":"follow","max-snippet":"max-snippet:-1","max-image-preview":"max-image-preview:large","max-video-preview":"max-video-preview:-1"},"canonical":"https:\/\/mmkriepas.lv\/en\/p\/185-55r16-toyo-observe-gsi-5-83q-dot\/","og_locale":"en_US","og_type":"article","og_title":"185\/55R16 Toyo Observe GSi-5 83Q DOT","og_description":"Toyo Observe GSi-5 ir Jap\u0101n\u0101 ra\u017eotas Premium klases m\u012bkst\u0101 sast\u0101va ziemas riepas. Izce\u013cas ar teicamu veiktsp\u0113ju gan uz sniega, gan ledus, pateicoties neskait\u0101miem tehnolo\u0123iskajiem risin\u0101jumiem.","og_url":"https:\/\/mmkriepas.lv\/en\/p\/185-55r16-toyo-observe-gsi-5-83q-dot\/","og_site_name":"MMK Riepas","article_publisher":"https:\/\/www.facebook.com\/mmkserviss\/","article_modified_time":"2024-08-06T12:52:35+00:00","og_image":[{"width":800,"height":800,"url":"https:\/\/mmkriepas.lv\/wp-content\/uploads\/2022\/08\/18555r16-toyo-observe-gsi5-83q-dot-ziemas-riepas.jpg","type":"image\/jpeg"}],"twitter_card":"summary_large_image","twitter_misc":{"Price":"&euro;67.00","Availability":"In stock"},"schema":{"@context":"https:\/\/schema.org","@graph":[{"@type":"WebPage","@id":"https:\/\/mmkriepas.lv\/en\/p\/185-55r16-toyo-observe-gsi-5-83q-dot\/","url":"https:\/\/mmkriepas.lv\/en\/p\/185-55r16-toyo-observe-gsi-5-83q-dot\/","name":"185\/55R16 Toyo Observe GSi-5 83Q DOT &#8226; MMK Riepas","isPartOf":{"@id":"https:\/\/mmkriepas.lv\/en\/#website"},"primaryImageOfPage":{"@id":"https:\/\/mmkriepas.lv\/en\/p\/185-55r16-toyo-observe-gsi-5-83q-dot\/#primaryimage"},"image":{"@id":"https:\/\/mmkriepas.lv\/en\/p\/185-55r16-toyo-observe-gsi-5-83q-dot\/#primaryimage"},"thumbnailUrl":"https:\/\/mmkriepas.lv\/wp-content\/uploads\/2022\/08\/18555r16-toyo-observe-gsi5-83q-dot-ziemas-riepas.jpg","datePublished":"2022-08-16T05:00:42+00:00","dateModified":"2024-08-06T12:52:35+00:00","breadcrumb":{"@id":"https:\/\/mmkriepas.lv\/en\/p\/185-55r16-toyo-observe-gsi-5-83q-dot\/#breadcrumb"},"inLanguage":"en-US","potentialAction":[{"@type":"ReadAction","target":["https:\/\/mmkriepas.lv\/en\/p\/185-55r16-toyo-observe-gsi-5-83q-dot\/"]}]},{"@type":"ImageObject","inLanguage":"en-US","@id":"https:\/\/mmkriepas.lv\/en\/p\/185-55r16-toyo-observe-gsi-5-83q-dot\/#primaryimage","url":"https:\/\/mmkriepas.lv\/wp-content\/uploads\/2022\/08\/18555r16-toyo-observe-gsi5-83q-dot-ziemas-riepas.jpg","contentUrl":"https:\/\/mmkriepas.lv\/wp-content\/uploads\/2022\/08\/18555r16-toyo-observe-gsi5-83q-dot-ziemas-riepas.jpg","width":800,"height":800,"caption":"185\/55R16 TOYO OBSERVE GSI5 83Q DOT - Ziemas riepas"},{"@type":"BreadcrumbList","@id":"https:\/\/mmkriepas.lv\/en\/p\/185-55r16-toyo-observe-gsi-5-83q-dot\/#breadcrumb","itemListElement":[{"@type":"ListItem","position":1,"name":"S\u0101kums","item":"https:\/\/mmkriepas.lv\/en\/"},{"@type":"ListItem","position":2,"name":"185\/55R16 Toyo Observe GSi-5 83Q DOT"}]},{"@type":"WebSite","@id":"https:\/\/mmkriepas.lv\/en\/#website","url":"https:\/\/mmkriepas.lv\/en\/","name":"MMK Riepas","description":"MMK Riepas","alternateName":"MMK Riepu Serviss","potentialAction":[{"@type":"SearchAction","target":{"@type":"EntryPoint","urlTemplate":"https:\/\/mmkriepas.lv\/en\/?s={search_term_string}"},"query-input":{"@type":"PropertyValueSpecification","valueRequired":true,"valueName":"search_term_string"}}],"inLanguage":"en-US"},{"@type":"ImageObject","inLanguage":"en-US","@id":"https:\/\/mmkriepas.lv\/en\/p\/185-55r16-toyo-observe-gsi-5-83q-dot\/#local-main-organization-logo","url":"","contentUrl":"","caption":"MMK Riepas"}]},"product_brand":"Toyo Observe GSi-5","product_price_amount":"67.00","product_price_currency":"EUR","og_availability":"instock","product_availability":"instock","product_retailer_item_id":"TW1855516TOYO-L6304","product_condition":"new"},"_links":{"self":[{"href":"https:\/\/mmkriepas.lv\/en\/wp-json\/wp\/v2\/product\/290799","targetHints":{"allow":["GET"]}}],"collection":[{"href":"https:\/\/mmkriepas.lv\/en\/wp-json\/wp\/v2\/product"}],"about":[{"href":"https:\/\/mmkriepas.lv\/en\/wp-json\/wp\/v2\/types\/product"}],"wp:featuredmedia":[{"embeddable":true,"href":"https:\/\/mmkriepas.lv\/en\/wp-json\/wp\/v2\/media\/290798"}],"wp:attachment":[{"href":"https:\/\/mmkriepas.lv\/en\/wp-json\/wp\/v2\/media?parent=290799"}],"wp:term":[{"taxonomy":"product_brand","embeddable":true,"href":"https:\/\/mmkriepas.lv\/en\/wp-json\/wp\/v2\/product_brand?post=290799"},{"taxonomy":"product_cat","embeddable":true,"href":"https:\/\/mmkriepas.lv\/en\/wp-json\/wp\/v2\/product_cat?post=290799"},{"taxonomy":"product_tag","embeddable":true,"href":"https:\/\/mmkriepas.lv\/en\/wp-json\/wp\/v2\/product_tag?post=290799"}],"curies":[{"name":"wp","href":"https:\/\/api.w.org\/{rel}","templated":true}]}}