{"id":290765,"date":"2022-08-16T07:58:59","date_gmt":"2022-08-16T04:58:59","guid":{"rendered":"https:\/\/mmkserviss.lv\/?post_type=product&#038;p=290765"},"modified":"2026-03-27T12:12:40","modified_gmt":"2026-03-27T10:12:40","slug":"205-65r15-triangle-snowlink-pl01-99r-xl-2","status":"publish","type":"product","link":"https:\/\/mmkriepas.lv\/en\/p\/205-65r15-triangle-snowlink-pl01-99r-xl-2\/","title":{"rendered":"205\/65R15 Triangle SnowLink PL01 99R XL"},"content":{"rendered":"<p><b>Triangle SnowLink PL01<\/b><span style=\"font-weight: 400;\"> ziemas riepu modelis ir piem\u0113rots gandr\u012bz jebkurai m\u016bsdienu vieglajai automa\u0161\u012bnai mazaj\u0101 un vid\u0113ja klas\u0113. Izstr\u0101des proces\u0101, galven\u0101s ekspluat\u0101cijas \u012bpa\u0161\u012bbas tiku\u0161as izv\u0113l\u0113tas, \u0146emot v\u0113r\u0101 Zieme\u013ceiropas un Krievijas autovad\u012bt\u0101ju brauk\u0161anas apst\u0101k\u013cus ziem\u0101. \u0160o riepu modeli izstr\u0101d\u0101jusi starptautiska speci\u0101listu komanda \u0101rvalstu tirgiem, veicot testus un aptaujas vis\u0101 pasaul\u0113.<\/span><\/p>\n<h3><b>SnowLink PL01 riepas galven\u0101s iez\u012bmes:<\/b><\/h3>\n<p><span style=\"font-weight: 400;\">&#8211; Vair\u0101ki t\u016bksto\u0161i lame\u013cu uzlabo sa\u0137eri uz apledoju\u0161\u0101m virsm\u0101m!<\/span><\/p>\n<p><span style=\"font-weight: 400;\">&#8211; Plati plecu bloki nov\u0113r\u0161 sl\u012bd\u0113\u0161anu uz s\u0101niem, samazina bremz\u0113\u0161anas ce\u013cu!<\/span><\/p>\n<p><span style=\"font-weight: 400;\">&#8211; Uzlabots riepas gumijas sast\u0101vs liek tai saglab\u0101t elast\u012bbu pla\u0161\u0101kaj\u0101 temperat\u016bru diapazon\u0101!<\/span><\/p>\n<p><span style=\"font-weight: 400;\">&#8211; Kvalit\u0101te atbilst cenai!<\/span><\/p>\n<h3><b>Optimiz\u0113ta lame\u013cu tehnolo\u0123ija<\/b><\/h3>\n<p><span style=\"font-weight: 400;\">Riepu protektor\u0101 ir vair\u0101ki t\u016bksto\u0161i lame\u013cu &#8211; \u0161auru iegriezumu, kas kompens\u0113 rad\u017eu neesam\u012bbu. Tie veido neskait\u0101mi daudz mazu sa\u0137eres laukumu, ar kuru pal\u012bdz\u012bbu riepa aptver ledaino reljefu, nodro\u0161inot sa\u0137eri ar to.<\/span><\/p>\n<h3><b>Elest\u012bgs savienojums zem\u0101 temperat\u016br\u0101<\/b><\/h3>\n<p><span style=\"font-weight: 400;\">Riepas sa\u0137eres \u012bpa\u0161\u012bbas praktiski nemain\u0101s pat ar iev\u0113rojamu apk\u0101rt\u0113j\u0101s vides temperat\u016bras pazemin\u0101\u0161anos. Tas tiek pan\u0101kts pateicoties gumijas sast\u0101va termisk\u0101s stabilit\u0101tes d\u0113\u013c, vair\u0101k nek\u0101 divas tre\u0161da\u013cas sast\u0101v no sil\u012bcija dioks\u012bda. \u0160is komponents nodro\u0161ina protektora elast\u012bbu, kas pozit\u012bvi ietekm\u0113 t\u0101 efektivit\u0101ti tik zem\u0101s gaisa temperat\u016br\u0101s k\u0101 pat -30\u00b0!<\/span><\/p>\n<\/p>\n<h3>SnowLink PL01 galven\u0101s \u012bpa\u0161\u012bbas<\/h3>\n<p>&#8211; augsts lame\u013cu iegriezumu bl\u012bvums. Vair\u0101ku veidu \u0161\u0101du elementu izmanto\u0161ana un to daudzveid\u012bgais izvietojums uzlabo sa\u0137eri ar ledu, pie\u0161\u0137irot tam lielisku vad\u0101m\u012bbu; &#8211; dren\u0101\u017eas rievas izstr\u0101d\u0101tas zigzagveid\u0101, tas palielina stabilit\u0101ti braucot pa net\u012br\u012btiem sniegotiem ce\u013ciem; &#8211; plati plecu bloki uzlabo sa\u0137eri snieg\u0101 taisnvirziena kust\u012bbas laik\u0101. Nov\u0113r\u0161 s\u0101nsl\u012bdi un pie\u0161\u0137ir lielisku precizit\u0101ti uz st\u016bres manevriem. <strong>Triangle PL01<\/strong>\u00a0mode\u013ca lieto\u0161anas dro\u0161\u012bbu ziemas laika apst\u0101k\u013cos un t\u0101 atbilst\u012bbu valst\u012bm ar oblig\u0101tu sezon\u0101lo riepu mai\u0146u apstiprina mar\u0137\u0113jums sniegp\u0101rslas form\u0101 uz kalna fona ar trim virsotn\u0113m (3PMSF). <span>Viens no liel\u0101kajiem riepu ra\u017eot\u0101jiem bud\u017eeta segment\u0101. Alternat\u012bva Sailun, Antares, Westlake, Goodride, utt. Kvalit\u0101tes b\u016btiski neatpaliek no vid\u0113j\u0101s klases.\u00a0<\/span> Triangle Snowlink PL01 &#8211; Somij\u0101 dizain\u0113ts ziemas riepu modelis. Teicama sa\u0137ere snieg\u0101 un uz ledus, akustiskais komforts un nodilumiztur\u012bba<\/p>\n","protected":false},"excerpt":{"rendered":"<p><b>Triangle SnowLink PL01<\/b><span style=\"font-weight: 400;\"> ziemas riepu modelis ir piem\u0113rots gandr\u012bz jebkurai m\u016bsdienu vieglajai automa\u0161\u012bnai mazaj\u0101 un vid\u0113ja klas\u0113. Izstr\u0101des proces\u0101, galven\u0101s ekspluat\u0101cijas \u012bpa\u0161\u012bbas tiku\u0161as izv\u0113l\u0113tas, \u0146emot v\u0113r\u0101 Zieme\u013ceiropas un Krievijas autovad\u012bt\u0101ju brauk\u0161anas apst\u0101k\u013cus ziem\u0101. \u0160o riepu modeli izstr\u0101d\u0101jusi starptautiska speci\u0101listu komanda \u0101rvalstu tirgiem, veicot testus un aptaujas vis\u0101 pasaul\u0113.<\/span><\/p>\n","protected":false},"featured_media":299713,"template":"","meta":{"_acf_changed":false,"ngg_post_thumbnail":0},"product_brand":[],"product_cat":[47,45],"product_tag":[],"class_list":{"0":"post-290765","1":"product","2":"type-product","3":"status-publish","4":"has-post-thumbnail","6":"product_cat-vissezonas-riepas","7":"product_cat-ziemas-riepas","9":"first","10":"instock","11":"sale","12":"taxable","13":"shipping-taxable","14":"purchasable","15":"product-type-simple"},"acf":[],"yoast_head":"<!-- This site is optimized with the Yoast SEO Premium plugin v22.6 (Yoast SEO v27.3) - https:\/\/yoast.com\/product\/yoast-seo-premium-wordpress\/ -->\n<title>205\/65R15 Triangle SnowLink PL01 99R XL &#8226; MMK Riepas<\/title>\n<meta name=\"robots\" content=\"index, follow, max-snippet:-1, max-image-preview:large, max-video-preview:-1\" \/>\n<link rel=\"canonical\" href=\"https:\/\/mmkriepas.lv\/en\/p\/205-65r15-triangle-snowlink-pl01-99r-xl-2\/\" \/>\n<meta property=\"og:locale\" content=\"en_US\" \/>\n<meta property=\"og:type\" content=\"article\" \/>\n<meta property=\"og:title\" content=\"205\/65R15 Triangle SnowLink PL01 99R XL\" \/>\n<meta property=\"og:description\" content=\"Triangle SnowLink PL01 ziemas riepu modelis ir piem\u0113rots gandr\u012bz jebkurai m\u016bsdienu vieglajai automa\u0161\u012bnai mazaj\u0101 un vid\u0113ja klas\u0113. Izstr\u0101des proces\u0101, galven\u0101s ekspluat\u0101cijas \u012bpa\u0161\u012bbas tiku\u0161as izv\u0113l\u0113tas, \u0146emot v\u0113r\u0101 Zieme\u013ceiropas un Krievijas autovad\u012bt\u0101ju brauk\u0161anas apst\u0101k\u013cus ziem\u0101. \u0160o riepu modeli izstr\u0101d\u0101jusi starptautiska speci\u0101listu komanda \u0101rvalstu tirgiem, veicot testus un aptaujas vis\u0101 pasaul\u0113.\" \/>\n<meta property=\"og:url\" content=\"https:\/\/mmkriepas.lv\/en\/p\/205-65r15-triangle-snowlink-pl01-99r-xl-2\/\" \/>\n<meta property=\"og:site_name\" content=\"MMK Riepas\" \/>\n<meta property=\"article:publisher\" content=\"https:\/\/www.facebook.com\/mmkserviss\/\" \/>\n<meta property=\"article:modified_time\" content=\"2026-03-27T10:12:40+00:00\" \/>\n<meta property=\"og:image\" content=\"https:\/\/mmkriepas.lv\/wp-content\/uploads\/2022\/08\/16560r14-triangle-snowlink-pl01-79r-xl-ziemas-riepas.jpg\" \/>\n\t<meta property=\"og:image:width\" content=\"2431\" \/>\n\t<meta property=\"og:image:height\" content=\"1618\" \/>\n\t<meta property=\"og:image:type\" content=\"image\/jpeg\" \/>\n<meta name=\"twitter:card\" content=\"summary_large_image\" \/>\n<meta name=\"twitter:label1\" content=\"Price\" \/>\n\t<meta name=\"twitter:data1\" content=\"&euro;56.00\" \/>\n\t<meta name=\"twitter:label2\" content=\"Availability\" \/>\n\t<meta name=\"twitter:data2\" content=\"In stock\" \/>\n<script type=\"application\/ld+json\" class=\"yoast-schema-graph\">{\"@context\":\"https:\\\/\\\/schema.org\",\"@graph\":[{\"@type\":\"WebPage\",\"@id\":\"https:\\\/\\\/mmkriepas.lv\\\/en\\\/p\\\/205-65r15-triangle-snowlink-pl01-99r-xl-2\\\/\",\"url\":\"https:\\\/\\\/mmkriepas.lv\\\/en\\\/p\\\/205-65r15-triangle-snowlink-pl01-99r-xl-2\\\/\",\"name\":\"205\\\/65R15 Triangle SnowLink PL01 99R XL &#8226; MMK Riepas\",\"isPartOf\":{\"@id\":\"https:\\\/\\\/mmkriepas.lv\\\/en\\\/#website\"},\"primaryImageOfPage\":{\"@id\":\"https:\\\/\\\/mmkriepas.lv\\\/en\\\/p\\\/205-65r15-triangle-snowlink-pl01-99r-xl-2\\\/#primaryimage\"},\"image\":{\"@id\":\"https:\\\/\\\/mmkriepas.lv\\\/en\\\/p\\\/205-65r15-triangle-snowlink-pl01-99r-xl-2\\\/#primaryimage\"},\"thumbnailUrl\":\"https:\\\/\\\/mmkriepas.lv\\\/wp-content\\\/uploads\\\/2022\\\/08\\\/16560r14-triangle-snowlink-pl01-79r-xl-ziemas-riepas.jpg\",\"datePublished\":\"2022-08-16T04:58:59+00:00\",\"dateModified\":\"2026-03-27T10:12:40+00:00\",\"breadcrumb\":{\"@id\":\"https:\\\/\\\/mmkriepas.lv\\\/en\\\/p\\\/205-65r15-triangle-snowlink-pl01-99r-xl-2\\\/#breadcrumb\"},\"inLanguage\":\"en-US\",\"potentialAction\":[{\"@type\":\"ReadAction\",\"target\":[\"https:\\\/\\\/mmkriepas.lv\\\/en\\\/p\\\/205-65r15-triangle-snowlink-pl01-99r-xl-2\\\/\"]}]},{\"@type\":\"ImageObject\",\"inLanguage\":\"en-US\",\"@id\":\"https:\\\/\\\/mmkriepas.lv\\\/en\\\/p\\\/205-65r15-triangle-snowlink-pl01-99r-xl-2\\\/#primaryimage\",\"url\":\"https:\\\/\\\/mmkriepas.lv\\\/wp-content\\\/uploads\\\/2022\\\/08\\\/16560r14-triangle-snowlink-pl01-79r-xl-ziemas-riepas.jpg\",\"contentUrl\":\"https:\\\/\\\/mmkriepas.lv\\\/wp-content\\\/uploads\\\/2022\\\/08\\\/16560r14-triangle-snowlink-pl01-79r-xl-ziemas-riepas.jpg\",\"width\":2431,\"height\":1618,\"caption\":\"165\\\/60R14 Triangle SnowLink PL01 79R XL - Vissezonas riepas \\\/ Ziemas riepas\"},{\"@type\":\"BreadcrumbList\",\"@id\":\"https:\\\/\\\/mmkriepas.lv\\\/en\\\/p\\\/205-65r15-triangle-snowlink-pl01-99r-xl-2\\\/#breadcrumb\",\"itemListElement\":[{\"@type\":\"ListItem\",\"position\":1,\"name\":\"S\u0101kums\",\"item\":\"https:\\\/\\\/mmkriepas.lv\\\/en\\\/\"},{\"@type\":\"ListItem\",\"position\":2,\"name\":\"205\\\/65R15 Triangle SnowLink PL01 99R XL\"}]},{\"@type\":\"WebSite\",\"@id\":\"https:\\\/\\\/mmkriepas.lv\\\/en\\\/#website\",\"url\":\"https:\\\/\\\/mmkriepas.lv\\\/en\\\/\",\"name\":\"MMK Riepas\",\"description\":\"MMK Riepas\",\"alternateName\":\"MMK Riepu Serviss\",\"potentialAction\":[{\"@type\":\"SearchAction\",\"target\":{\"@type\":\"EntryPoint\",\"urlTemplate\":\"https:\\\/\\\/mmkriepas.lv\\\/en\\\/?s={search_term_string}\"},\"query-input\":{\"@type\":\"PropertyValueSpecification\",\"valueRequired\":true,\"valueName\":\"search_term_string\"}}],\"inLanguage\":\"en-US\"},{\"@type\":\"ImageObject\",\"inLanguage\":\"en-US\",\"@id\":\"https:\\\/\\\/mmkriepas.lv\\\/en\\\/p\\\/205-65r15-triangle-snowlink-pl01-99r-xl-2\\\/#local-main-organization-logo\",\"url\":\"\",\"contentUrl\":\"\",\"caption\":\"MMK Riepas\"}]}<\/script>\n<meta property=\"product:brand\" content=\"Triangle SnowLink PL01\" \/>\n<meta property=\"product:price:amount\" content=\"56.00\" \/>\n<meta property=\"product:price:currency\" content=\"EUR\" \/>\n<meta property=\"og:availability\" content=\"instock\" \/>\n<meta property=\"product:availability\" content=\"instock\" \/>\n<meta property=\"product:retailer_item_id\" content=\"TW2056515TRIAN-L6293\" \/>\n<meta property=\"product:condition\" content=\"new\" \/>\n<!-- \/ Yoast SEO Premium plugin. -->","yoast_head_json":{"title":"205\/65R15 Triangle SnowLink PL01 99R XL &#8226; MMK Riepas","robots":{"index":"index","follow":"follow","max-snippet":"max-snippet:-1","max-image-preview":"max-image-preview:large","max-video-preview":"max-video-preview:-1"},"canonical":"https:\/\/mmkriepas.lv\/en\/p\/205-65r15-triangle-snowlink-pl01-99r-xl-2\/","og_locale":"en_US","og_type":"article","og_title":"205\/65R15 Triangle SnowLink PL01 99R XL","og_description":"Triangle SnowLink PL01 ziemas riepu modelis ir piem\u0113rots gandr\u012bz jebkurai m\u016bsdienu vieglajai automa\u0161\u012bnai mazaj\u0101 un vid\u0113ja klas\u0113. Izstr\u0101des proces\u0101, galven\u0101s ekspluat\u0101cijas \u012bpa\u0161\u012bbas tiku\u0161as izv\u0113l\u0113tas, \u0146emot v\u0113r\u0101 Zieme\u013ceiropas un Krievijas autovad\u012bt\u0101ju brauk\u0161anas apst\u0101k\u013cus ziem\u0101. \u0160o riepu modeli izstr\u0101d\u0101jusi starptautiska speci\u0101listu komanda \u0101rvalstu tirgiem, veicot testus un aptaujas vis\u0101 pasaul\u0113.","og_url":"https:\/\/mmkriepas.lv\/en\/p\/205-65r15-triangle-snowlink-pl01-99r-xl-2\/","og_site_name":"MMK Riepas","article_publisher":"https:\/\/www.facebook.com\/mmkserviss\/","article_modified_time":"2026-03-27T10:12:40+00:00","og_image":[{"width":2431,"height":1618,"url":"https:\/\/mmkriepas.lv\/wp-content\/uploads\/2022\/08\/16560r14-triangle-snowlink-pl01-79r-xl-ziemas-riepas.jpg","type":"image\/jpeg"}],"twitter_card":"summary_large_image","twitter_misc":{"Price":"&euro;56.00","Availability":"In stock"},"schema":{"@context":"https:\/\/schema.org","@graph":[{"@type":"WebPage","@id":"https:\/\/mmkriepas.lv\/en\/p\/205-65r15-triangle-snowlink-pl01-99r-xl-2\/","url":"https:\/\/mmkriepas.lv\/en\/p\/205-65r15-triangle-snowlink-pl01-99r-xl-2\/","name":"205\/65R15 Triangle SnowLink PL01 99R XL &#8226; MMK Riepas","isPartOf":{"@id":"https:\/\/mmkriepas.lv\/en\/#website"},"primaryImageOfPage":{"@id":"https:\/\/mmkriepas.lv\/en\/p\/205-65r15-triangle-snowlink-pl01-99r-xl-2\/#primaryimage"},"image":{"@id":"https:\/\/mmkriepas.lv\/en\/p\/205-65r15-triangle-snowlink-pl01-99r-xl-2\/#primaryimage"},"thumbnailUrl":"https:\/\/mmkriepas.lv\/wp-content\/uploads\/2022\/08\/16560r14-triangle-snowlink-pl01-79r-xl-ziemas-riepas.jpg","datePublished":"2022-08-16T04:58:59+00:00","dateModified":"2026-03-27T10:12:40+00:00","breadcrumb":{"@id":"https:\/\/mmkriepas.lv\/en\/p\/205-65r15-triangle-snowlink-pl01-99r-xl-2\/#breadcrumb"},"inLanguage":"en-US","potentialAction":[{"@type":"ReadAction","target":["https:\/\/mmkriepas.lv\/en\/p\/205-65r15-triangle-snowlink-pl01-99r-xl-2\/"]}]},{"@type":"ImageObject","inLanguage":"en-US","@id":"https:\/\/mmkriepas.lv\/en\/p\/205-65r15-triangle-snowlink-pl01-99r-xl-2\/#primaryimage","url":"https:\/\/mmkriepas.lv\/wp-content\/uploads\/2022\/08\/16560r14-triangle-snowlink-pl01-79r-xl-ziemas-riepas.jpg","contentUrl":"https:\/\/mmkriepas.lv\/wp-content\/uploads\/2022\/08\/16560r14-triangle-snowlink-pl01-79r-xl-ziemas-riepas.jpg","width":2431,"height":1618,"caption":"165\/60R14 Triangle SnowLink PL01 79R XL - Vissezonas riepas \/ Ziemas riepas"},{"@type":"BreadcrumbList","@id":"https:\/\/mmkriepas.lv\/en\/p\/205-65r15-triangle-snowlink-pl01-99r-xl-2\/#breadcrumb","itemListElement":[{"@type":"ListItem","position":1,"name":"S\u0101kums","item":"https:\/\/mmkriepas.lv\/en\/"},{"@type":"ListItem","position":2,"name":"205\/65R15 Triangle SnowLink PL01 99R XL"}]},{"@type":"WebSite","@id":"https:\/\/mmkriepas.lv\/en\/#website","url":"https:\/\/mmkriepas.lv\/en\/","name":"MMK Riepas","description":"MMK Riepas","alternateName":"MMK Riepu Serviss","potentialAction":[{"@type":"SearchAction","target":{"@type":"EntryPoint","urlTemplate":"https:\/\/mmkriepas.lv\/en\/?s={search_term_string}"},"query-input":{"@type":"PropertyValueSpecification","valueRequired":true,"valueName":"search_term_string"}}],"inLanguage":"en-US"},{"@type":"ImageObject","inLanguage":"en-US","@id":"https:\/\/mmkriepas.lv\/en\/p\/205-65r15-triangle-snowlink-pl01-99r-xl-2\/#local-main-organization-logo","url":"","contentUrl":"","caption":"MMK Riepas"}]},"product_brand":"Triangle SnowLink PL01","product_price_amount":"56.00","product_price_currency":"EUR","og_availability":"instock","product_availability":"instock","product_retailer_item_id":"TW2056515TRIAN-L6293","product_condition":"new"},"_links":{"self":[{"href":"https:\/\/mmkriepas.lv\/en\/wp-json\/wp\/v2\/product\/290765","targetHints":{"allow":["GET"]}}],"collection":[{"href":"https:\/\/mmkriepas.lv\/en\/wp-json\/wp\/v2\/product"}],"about":[{"href":"https:\/\/mmkriepas.lv\/en\/wp-json\/wp\/v2\/types\/product"}],"wp:featuredmedia":[{"embeddable":true,"href":"https:\/\/mmkriepas.lv\/en\/wp-json\/wp\/v2\/media\/299713"}],"wp:attachment":[{"href":"https:\/\/mmkriepas.lv\/en\/wp-json\/wp\/v2\/media?parent=290765"}],"wp:term":[{"taxonomy":"product_brand","embeddable":true,"href":"https:\/\/mmkriepas.lv\/en\/wp-json\/wp\/v2\/product_brand?post=290765"},{"taxonomy":"product_cat","embeddable":true,"href":"https:\/\/mmkriepas.lv\/en\/wp-json\/wp\/v2\/product_cat?post=290765"},{"taxonomy":"product_tag","embeddable":true,"href":"https:\/\/mmkriepas.lv\/en\/wp-json\/wp\/v2\/product_tag?post=290765"}],"curies":[{"name":"wp","href":"https:\/\/api.w.org\/{rel}","templated":true}]}}