{"id":290543,"date":"2022-08-16T07:48:47","date_gmt":"2022-08-16T04:48:47","guid":{"rendered":"https:\/\/mmkserviss.lv\/?post_type=product&#038;p=290543"},"modified":"2026-03-30T02:25:14","modified_gmt":"2026-03-29T23:25:14","slug":"235-65r16c-lassa-multiways-c-115-113r","status":"publish","type":"product","link":"https:\/\/mmkriepas.lv\/en\/p\/235-65r16c-lassa-multiways-c-115-113r\/","title":{"rendered":"235\/65R16C Lassa Multiways-C 115\/113R (Bridgestone)"},"content":{"rendered":"<p><strong><span style=\"font-family: 'Arial',sans-serif;\">Lassa Multiways-C<\/span><\/strong><span style=\"font-family: 'Arial',sans-serif;\"> ir vissezonas riepu modelis, kur\u0161 paredz\u0113ts komerctransportam- mikroautobusiem un vieglajiem kravas auto. Tas izce\u013cas ar uzticamiem sa\u0137eres r\u0101d\u012bt\u0101jiem uz sausa un slapja ce\u013ca, k\u0101 ar\u012b neliel\u0101 snieg\u0101. Tas ir triecieniztur\u012bgs, ar paildzin\u0101tu kalpotsp\u0113ju un optimiz\u0113tu degvielas pat\u0113ri\u0146u<o:p><\/o:p><\/span><\/p>\n<p><strong><span style=\"font-family: 'Arial',sans-serif;\">\u0160is modelis apr\u012bkots ar\u00a0<\/span><\/strong><span style=\"font-family: 'Arial',sans-serif;\">uzlabotu protektora rakstu, kas izgatavots no augstas kvalit\u0101tes vissezonas gumijas mais\u012bjumu, papildin\u0101tu ar virkni elastrom\u0113ru, lai riepa saglab\u0101tu elast\u012bbu pla\u0161\u0101 temperat\u016bru diapazon\u0101.<o:p><\/o:p><\/span><\/p>\n<h3><strong><span style=\"font-family: 'Arial',sans-serif;\">Lassa Multiways-C galven\u0101s iez\u012bmes<\/span><\/strong><span style=\"font-family: 'Arial',sans-serif;\"><o:p><\/o:p><\/span><\/h3>\n<p><span style=\"font-family: 'Arial',sans-serif;\">+ Ra\u017eots Bridgestone r\u016bpn\u012bc\u0101s!<br \/>+ Triecieniztur\u012bgs, kalpotsp\u0113j\u012bgs un uzticams modelis!<br \/>+ Uzlabots gumijas sast\u0101vs, lai riepa saglab\u0101tu elast\u012bbu 365 dienas gad\u0101!<br \/>+ Lameles, kas pal\u012bdz\u0113s c\u012b\u0146\u0101 ar skarb\u0101kiem ziemas apst\u0101k\u013ciem!<br \/>+ Palielin\u0101ts protektora dzi\u013cums!<br \/>+ Samazin\u0101ts degvielas pat\u0113ri\u0146\u0161!<br \/>+ Komfortabla un klusa gaita!<o:p><\/o:p><\/span><\/p>\n<h3><strong><span style=\"font-family: 'Arial',sans-serif;\">Multiways-C protektora raksts<\/span><\/strong><span style=\"font-family: 'Arial',sans-serif;\"><o:p><\/o:p><\/span><\/h3>\n<p><span style=\"font-family: 'Arial',sans-serif;\">Lassa Multiways-C protektora dizains pa\u0146emts no jau iepriek\u0161 veiksm\u012bg\u0101 <strong>Wintus<\/strong> mode\u013ca, tam veicot virkni uzlabojumu.<o:p><\/o:p><\/span><\/p>\n<p><span style=\"font-family: 'Arial',sans-serif;\">Pirmk\u0101rt, b\u016btiski <strong>uzlabots riepas gumijas mais\u012bjuma sast\u0101vs<\/strong> ar m\u0113r\u0137i nezaud\u0113t elast\u012bbu pla\u0161\u0101 temperat\u016bru diapazon\u0101. Elast\u012bga riepa daudz lab\u0101k veido sa\u0137eri ar ce\u013cu, sa\u012bsinot bremz\u0113\u0161anas ce\u013cu un uzlabojot vilktni.<o:p><\/o:p><\/span><\/p>\n<p><span style=\"font-family: 'Arial',sans-serif;\">Jap\u0101\u0146u in\u017eenieri \u0161im modelim ir izv\u0113l\u0113ju\u0161ies pie\u0161\u0137irt klasisku, simetrisku dizainu, lai uzlabotu caurejam\u012bbu snieg\u0101. Protektora bloki izvietoti t\u0101, lai, starp tiem atrodo\u0161\u0101s dren\u0101\u017eas rievas, p\u0113c iesp\u0113jas lab\u0101k novad\u012btu nokri\u0161\u0146us, sausinot kontakta virsmu. Blokos bl\u012bvi iestr\u0101d\u0101ts liels skaits lame\u013cu, kas b\u016btiski uzlabo sa\u0137eri ar ledu un pal\u012bdz sausin\u0101t kontakta virsmu.<o:p><\/o:p><\/span><\/p>\n<p><span style=\"font-family: 'Arial',sans-serif;\">Protektora dzi\u013cums ir palielin\u0101ts, lai triecieniztur\u012bgo riepu padar\u012btu v\u0113l ilgtsp\u0113j\u012bg\u0101ku.\u00a0<o:p><\/o:p><\/span><\/p>\n","protected":false},"excerpt":{"rendered":"<p><strong><span style=\"font-family: 'Arial',sans-serif;\">Lassa Multiways-C<\/span><\/strong><span style=\"font-family: 'Arial',sans-serif;\"> ir vissezonas riepu modelis, kur\u0161 paredz\u0113ts komerctransportam- mikroautobusiem un vieglajiem kravas auto. Tas izce\u013cas ar uzticamiem sa\u0137eres r\u0101d\u012bt\u0101jiem uz sausa un slapja ce\u013ca, k\u0101 ar\u012b neliel\u0101 snieg\u0101. Tas ir triecieniztur\u012bgs, ar paildzin\u0101tu kalpotsp\u0113ju un optimiz\u0113tu degvielas pat\u0113ri\u0146u<o:p><\/o:p><\/span><\/p>\n","protected":false},"featured_media":851779,"template":"","meta":{"_acf_changed":false,"ngg_post_thumbnail":0},"product_brand":[],"product_cat":[47,45],"product_tag":[],"class_list":{"0":"post-290543","1":"product","2":"type-product","3":"status-publish","4":"has-post-thumbnail","6":"product_cat-vissezonas-riepas","7":"product_cat-ziemas-riepas","9":"first","10":"instock","11":"taxable","12":"shipping-taxable","13":"purchasable","14":"product-type-simple"},"acf":[],"yoast_head":"<!-- This site is optimized with the Yoast SEO Premium plugin v22.6 (Yoast SEO v27.3) - https:\/\/yoast.com\/product\/yoast-seo-premium-wordpress\/ -->\n<title>235\/65R16C Lassa Multiways-C 115\/113R (Bridgestone) &#8226; MMK Riepas<\/title>\n<meta name=\"robots\" content=\"index, follow, max-snippet:-1, max-image-preview:large, max-video-preview:-1\" \/>\n<link rel=\"canonical\" href=\"https:\/\/mmkriepas.lv\/en\/p\/235-65r16c-lassa-multiways-c-115-113r\/\" \/>\n<meta property=\"og:locale\" content=\"en_US\" \/>\n<meta property=\"og:type\" content=\"article\" \/>\n<meta property=\"og:title\" content=\"235\/65R16C Lassa Multiways-C 115\/113R (Bridgestone)\" \/>\n<meta property=\"og:description\" content=\"Lassa Multiways-C ir vissezonas riepu modelis, kur\u0161 paredz\u0113ts komerctransportam- mikroautobusiem un vieglajiem kravas auto. Tas izce\u013cas ar uzticamiem sa\u0137eres r\u0101d\u012bt\u0101jiem uz sausa un slapja ce\u013ca, k\u0101 ar\u012b neliel\u0101 snieg\u0101. Tas ir triecieniztur\u012bgs, ar paildzin\u0101tu kalpotsp\u0113ju un optimiz\u0113tu degvielas pat\u0113ri\u0146u\" \/>\n<meta property=\"og:url\" content=\"https:\/\/mmkriepas.lv\/en\/p\/235-65r16c-lassa-multiways-c-115-113r\/\" \/>\n<meta property=\"og:site_name\" content=\"MMK Riepas\" \/>\n<meta property=\"article:publisher\" content=\"https:\/\/www.facebook.com\/mmkserviss\/\" \/>\n<meta property=\"article:modified_time\" content=\"2026-03-29T23:25:14+00:00\" \/>\n<meta property=\"og:image\" content=\"https:\/\/mmkriepas.lv\/wp-content\/uploads\/2024\/02\/21565r16c-lassa-multiways-c-109107r-bridgestone-ziemas-riepas.jpeg\" \/>\n\t<meta property=\"og:image:width\" content=\"1920\" \/>\n\t<meta property=\"og:image:height\" content=\"1440\" \/>\n\t<meta property=\"og:image:type\" content=\"image\/jpeg\" \/>\n<meta name=\"twitter:card\" content=\"summary_large_image\" \/>\n<meta name=\"twitter:label1\" content=\"Price\" \/>\n\t<meta name=\"twitter:data1\" content=\"&euro;117.00\" \/>\n\t<meta name=\"twitter:label2\" content=\"Availability\" \/>\n\t<meta name=\"twitter:data2\" content=\"In stock\" \/>\n<script type=\"application\/ld+json\" class=\"yoast-schema-graph\">{\"@context\":\"https:\\\/\\\/schema.org\",\"@graph\":[{\"@type\":\"WebPage\",\"@id\":\"https:\\\/\\\/mmkriepas.lv\\\/en\\\/p\\\/235-65r16c-lassa-multiways-c-115-113r\\\/\",\"url\":\"https:\\\/\\\/mmkriepas.lv\\\/en\\\/p\\\/235-65r16c-lassa-multiways-c-115-113r\\\/\",\"name\":\"235\\\/65R16C Lassa Multiways-C 115\\\/113R (Bridgestone) &#8226; MMK Riepas\",\"isPartOf\":{\"@id\":\"https:\\\/\\\/mmkriepas.lv\\\/en\\\/#website\"},\"primaryImageOfPage\":{\"@id\":\"https:\\\/\\\/mmkriepas.lv\\\/en\\\/p\\\/235-65r16c-lassa-multiways-c-115-113r\\\/#primaryimage\"},\"image\":{\"@id\":\"https:\\\/\\\/mmkriepas.lv\\\/en\\\/p\\\/235-65r16c-lassa-multiways-c-115-113r\\\/#primaryimage\"},\"thumbnailUrl\":\"https:\\\/\\\/mmkriepas.lv\\\/wp-content\\\/uploads\\\/2024\\\/02\\\/21565r16c-lassa-multiways-c-109107r-bridgestone-ziemas-riepas.jpeg\",\"datePublished\":\"2022-08-16T04:48:47+00:00\",\"dateModified\":\"2026-03-29T23:25:14+00:00\",\"breadcrumb\":{\"@id\":\"https:\\\/\\\/mmkriepas.lv\\\/en\\\/p\\\/235-65r16c-lassa-multiways-c-115-113r\\\/#breadcrumb\"},\"inLanguage\":\"en-US\",\"potentialAction\":[{\"@type\":\"ReadAction\",\"target\":[\"https:\\\/\\\/mmkriepas.lv\\\/en\\\/p\\\/235-65r16c-lassa-multiways-c-115-113r\\\/\"]}]},{\"@type\":\"ImageObject\",\"inLanguage\":\"en-US\",\"@id\":\"https:\\\/\\\/mmkriepas.lv\\\/en\\\/p\\\/235-65r16c-lassa-multiways-c-115-113r\\\/#primaryimage\",\"url\":\"https:\\\/\\\/mmkriepas.lv\\\/wp-content\\\/uploads\\\/2024\\\/02\\\/21565r16c-lassa-multiways-c-109107r-bridgestone-ziemas-riepas.jpeg\",\"contentUrl\":\"https:\\\/\\\/mmkriepas.lv\\\/wp-content\\\/uploads\\\/2024\\\/02\\\/21565r16c-lassa-multiways-c-109107r-bridgestone-ziemas-riepas.jpeg\",\"width\":1920,\"height\":1440,\"caption\":\"MAIN\"},{\"@type\":\"BreadcrumbList\",\"@id\":\"https:\\\/\\\/mmkriepas.lv\\\/en\\\/p\\\/235-65r16c-lassa-multiways-c-115-113r\\\/#breadcrumb\",\"itemListElement\":[{\"@type\":\"ListItem\",\"position\":1,\"name\":\"S\u0101kums\",\"item\":\"https:\\\/\\\/mmkriepas.lv\\\/en\\\/\"},{\"@type\":\"ListItem\",\"position\":2,\"name\":\"235\\\/65R16C Lassa Multiways-C 115\\\/113R (Bridgestone)\"}]},{\"@type\":\"WebSite\",\"@id\":\"https:\\\/\\\/mmkriepas.lv\\\/en\\\/#website\",\"url\":\"https:\\\/\\\/mmkriepas.lv\\\/en\\\/\",\"name\":\"MMK Riepas\",\"description\":\"MMK Riepas\",\"alternateName\":\"MMK Riepu Serviss\",\"potentialAction\":[{\"@type\":\"SearchAction\",\"target\":{\"@type\":\"EntryPoint\",\"urlTemplate\":\"https:\\\/\\\/mmkriepas.lv\\\/en\\\/?s={search_term_string}\"},\"query-input\":{\"@type\":\"PropertyValueSpecification\",\"valueRequired\":true,\"valueName\":\"search_term_string\"}}],\"inLanguage\":\"en-US\"},{\"@type\":\"ImageObject\",\"inLanguage\":\"en-US\",\"@id\":\"https:\\\/\\\/mmkriepas.lv\\\/en\\\/p\\\/235-65r16c-lassa-multiways-c-115-113r\\\/#local-main-organization-logo\",\"url\":\"\",\"contentUrl\":\"\",\"caption\":\"MMK Riepas\"}]}<\/script>\n<meta property=\"product:brand\" content=\"Lassa Multiways-C\" \/>\n<meta property=\"product:price:amount\" content=\"117.00\" \/>\n<meta property=\"product:price:currency\" content=\"EUR\" \/>\n<meta property=\"og:availability\" content=\"instock\" \/>\n<meta property=\"product:availability\" content=\"instock\" \/>\n<meta property=\"product:retailer_item_id\" content=\"TW2356516LASSA-L6208\" \/>\n<meta property=\"product:condition\" content=\"new\" \/>\n<!-- \/ Yoast SEO Premium plugin. -->","yoast_head_json":{"title":"235\/65R16C Lassa Multiways-C 115\/113R (Bridgestone) &#8226; MMK Riepas","robots":{"index":"index","follow":"follow","max-snippet":"max-snippet:-1","max-image-preview":"max-image-preview:large","max-video-preview":"max-video-preview:-1"},"canonical":"https:\/\/mmkriepas.lv\/en\/p\/235-65r16c-lassa-multiways-c-115-113r\/","og_locale":"en_US","og_type":"article","og_title":"235\/65R16C Lassa Multiways-C 115\/113R (Bridgestone)","og_description":"Lassa Multiways-C ir vissezonas riepu modelis, kur\u0161 paredz\u0113ts komerctransportam- mikroautobusiem un vieglajiem kravas auto. Tas izce\u013cas ar uzticamiem sa\u0137eres r\u0101d\u012bt\u0101jiem uz sausa un slapja ce\u013ca, k\u0101 ar\u012b neliel\u0101 snieg\u0101. Tas ir triecieniztur\u012bgs, ar paildzin\u0101tu kalpotsp\u0113ju un optimiz\u0113tu degvielas pat\u0113ri\u0146u","og_url":"https:\/\/mmkriepas.lv\/en\/p\/235-65r16c-lassa-multiways-c-115-113r\/","og_site_name":"MMK Riepas","article_publisher":"https:\/\/www.facebook.com\/mmkserviss\/","article_modified_time":"2026-03-29T23:25:14+00:00","og_image":[{"width":1920,"height":1440,"url":"https:\/\/mmkriepas.lv\/wp-content\/uploads\/2024\/02\/21565r16c-lassa-multiways-c-109107r-bridgestone-ziemas-riepas.jpeg","type":"image\/jpeg"}],"twitter_card":"summary_large_image","twitter_misc":{"Price":"&euro;117.00","Availability":"In stock"},"schema":{"@context":"https:\/\/schema.org","@graph":[{"@type":"WebPage","@id":"https:\/\/mmkriepas.lv\/en\/p\/235-65r16c-lassa-multiways-c-115-113r\/","url":"https:\/\/mmkriepas.lv\/en\/p\/235-65r16c-lassa-multiways-c-115-113r\/","name":"235\/65R16C Lassa Multiways-C 115\/113R (Bridgestone) &#8226; MMK Riepas","isPartOf":{"@id":"https:\/\/mmkriepas.lv\/en\/#website"},"primaryImageOfPage":{"@id":"https:\/\/mmkriepas.lv\/en\/p\/235-65r16c-lassa-multiways-c-115-113r\/#primaryimage"},"image":{"@id":"https:\/\/mmkriepas.lv\/en\/p\/235-65r16c-lassa-multiways-c-115-113r\/#primaryimage"},"thumbnailUrl":"https:\/\/mmkriepas.lv\/wp-content\/uploads\/2024\/02\/21565r16c-lassa-multiways-c-109107r-bridgestone-ziemas-riepas.jpeg","datePublished":"2022-08-16T04:48:47+00:00","dateModified":"2026-03-29T23:25:14+00:00","breadcrumb":{"@id":"https:\/\/mmkriepas.lv\/en\/p\/235-65r16c-lassa-multiways-c-115-113r\/#breadcrumb"},"inLanguage":"en-US","potentialAction":[{"@type":"ReadAction","target":["https:\/\/mmkriepas.lv\/en\/p\/235-65r16c-lassa-multiways-c-115-113r\/"]}]},{"@type":"ImageObject","inLanguage":"en-US","@id":"https:\/\/mmkriepas.lv\/en\/p\/235-65r16c-lassa-multiways-c-115-113r\/#primaryimage","url":"https:\/\/mmkriepas.lv\/wp-content\/uploads\/2024\/02\/21565r16c-lassa-multiways-c-109107r-bridgestone-ziemas-riepas.jpeg","contentUrl":"https:\/\/mmkriepas.lv\/wp-content\/uploads\/2024\/02\/21565r16c-lassa-multiways-c-109107r-bridgestone-ziemas-riepas.jpeg","width":1920,"height":1440,"caption":"MAIN"},{"@type":"BreadcrumbList","@id":"https:\/\/mmkriepas.lv\/en\/p\/235-65r16c-lassa-multiways-c-115-113r\/#breadcrumb","itemListElement":[{"@type":"ListItem","position":1,"name":"S\u0101kums","item":"https:\/\/mmkriepas.lv\/en\/"},{"@type":"ListItem","position":2,"name":"235\/65R16C Lassa Multiways-C 115\/113R (Bridgestone)"}]},{"@type":"WebSite","@id":"https:\/\/mmkriepas.lv\/en\/#website","url":"https:\/\/mmkriepas.lv\/en\/","name":"MMK Riepas","description":"MMK Riepas","alternateName":"MMK Riepu Serviss","potentialAction":[{"@type":"SearchAction","target":{"@type":"EntryPoint","urlTemplate":"https:\/\/mmkriepas.lv\/en\/?s={search_term_string}"},"query-input":{"@type":"PropertyValueSpecification","valueRequired":true,"valueName":"search_term_string"}}],"inLanguage":"en-US"},{"@type":"ImageObject","inLanguage":"en-US","@id":"https:\/\/mmkriepas.lv\/en\/p\/235-65r16c-lassa-multiways-c-115-113r\/#local-main-organization-logo","url":"","contentUrl":"","caption":"MMK Riepas"}]},"product_brand":"Lassa Multiways-C","product_price_amount":"117.00","product_price_currency":"EUR","og_availability":"instock","product_availability":"instock","product_retailer_item_id":"TW2356516LASSA-L6208","product_condition":"new"},"_links":{"self":[{"href":"https:\/\/mmkriepas.lv\/en\/wp-json\/wp\/v2\/product\/290543","targetHints":{"allow":["GET"]}}],"collection":[{"href":"https:\/\/mmkriepas.lv\/en\/wp-json\/wp\/v2\/product"}],"about":[{"href":"https:\/\/mmkriepas.lv\/en\/wp-json\/wp\/v2\/types\/product"}],"wp:featuredmedia":[{"embeddable":true,"href":"https:\/\/mmkriepas.lv\/en\/wp-json\/wp\/v2\/media\/851779"}],"wp:attachment":[{"href":"https:\/\/mmkriepas.lv\/en\/wp-json\/wp\/v2\/media?parent=290543"}],"wp:term":[{"taxonomy":"product_brand","embeddable":true,"href":"https:\/\/mmkriepas.lv\/en\/wp-json\/wp\/v2\/product_brand?post=290543"},{"taxonomy":"product_cat","embeddable":true,"href":"https:\/\/mmkriepas.lv\/en\/wp-json\/wp\/v2\/product_cat?post=290543"},{"taxonomy":"product_tag","embeddable":true,"href":"https:\/\/mmkriepas.lv\/en\/wp-json\/wp\/v2\/product_tag?post=290543"}],"curies":[{"name":"wp","href":"https:\/\/api.w.org\/{rel}","templated":true}]}}