{"id":290504,"date":"2022-08-16T07:46:58","date_gmt":"2022-08-16T04:46:58","guid":{"rendered":"https:\/\/mmkserviss.lv\/?post_type=product&#038;p=290504"},"modified":"2024-08-06T15:49:58","modified_gmt":"2024-08-06T12:49:58","slug":"215-60r16c-rotalla-setula-w-race-vs450-103-101r","status":"publish","type":"product","link":"https:\/\/mmkriepas.lv\/en\/p\/215-60r16c-rotalla-setula-w-race-vs450-103-101r\/","title":{"rendered":"215\/60R16C Rotalla Setula W Race VS450 103\/101R"},"content":{"rendered":"<p style=\"margin: 12.0pt 0cm 12.0pt 0cm;\"><b><span style=\"font-size: 11.0pt; font-family: 'Arial',sans-serif; color: black;\">Rotalla Setula W Race VS450 <\/span><\/b><span style=\"font-size: 11.0pt; font-family: 'Arial',sans-serif; color: black;\">ir labs vissezonas jeb m+s komerctransporta riepu modelis. Izce\u013cas ar palielin\u0101tu kravnes\u012bbu, nodilumiztur\u012bbu, degvielas ekonomiju un sa\u0137eres \u012bpa\u0161\u012bb\u0101m uz sausa, k\u0101 ar\u012b slapja asfalta.<\/span><o:p><\/o:p><\/p>\n<h3 style=\"margin: 14.0pt 0cm 4.0pt 0cm;\"><span style=\"font-size: 13.0pt; font-family: 'Arial',sans-serif; color: black;\">Rotalla Setula W Race VS450 galven\u0101s \u012bpa\u0161\u012bbas<\/span><o:p><\/o:p><\/h3>\n<p style=\"margin: 12.0pt 0cm 12.0pt 0cm;\"><span style=\"font-size: 11.0pt; font-family: 'Arial',sans-serif; color: black;\">+ Palielin\u0101tu slodzes indeksu komerctransporta jeb busu riepas.<\/span><o:p><\/o:p><\/p>\n<p style=\"margin: 12.0pt 0cm 12.0pt 0cm;\"><span style=\"font-size: 11.0pt; font-family: 'Arial',sans-serif; color: black;\">+ Laba nodilumiztur\u012bba pat intens\u012bvas ekspluat\u0101cijas apst\u0101k\u013cos.<\/span><o:p><\/o:p><\/p>\n<p style=\"margin: 12.0pt 0cm 12.0pt 0cm;\"><span style=\"font-size: 11.0pt; font-family: 'Arial',sans-serif; color: black;\">+Labas sa\u0137eres \u012bpa\u0161\u012bbas uz sausa un slapja asfalta.<\/span><o:p><\/o:p><\/p>\n<p style=\"margin: 12.0pt 0cm 12.0pt 0cm;\"><span style=\"font-size: 11.0pt; font-family: 'Arial',sans-serif; color: black;\">+ Kvalit\u0101te atbilst cenai.<\/span><o:p><\/o:p><\/p>\n<h3 style=\"margin: 14.0pt 0cm 4.0pt 0cm;\"><span style=\"font-size: 13.0pt; font-family: 'Arial',sans-serif; color: black;\">VS450 apr\u012bkojums<\/span><o:p><\/o:p><\/h3>\n<p style=\"margin: 12.0pt 0cm 12.0pt 0cm;\"><b><span style=\"font-size: 11.0pt; font-family: 'Arial',sans-serif; color: black;\">Rotalla Setula W Race VS450 <\/span><\/b><span style=\"font-size: 11.0pt; font-family: 'Arial',sans-serif; color: black;\">vissezonas jeb m+s komerctransporta riepas apr\u012bkotas ar simetrisku protektora dizainu. \u0160\u0101ds protektora raksts \u013cauj uzlabot kravnes\u012bbu, k\u0101 ar\u012b nodro\u0161ina vienm\u0113r\u012bg\u0101ku nodilumu.<\/span><o:p><\/o:p><\/p>\n<p style=\"margin: 12.0pt 0cm 12.0pt 0cm;\"><span style=\"font-size: 11.0pt; font-family: 'Arial',sans-serif; color: black;\">Riepu pamat\u0101 izmantots ar vair\u0101kiem kordu jeb brekera sl\u0101\u0146iem pastiprin\u0101ts karkass. Iztur\u012bg\u0101 konstrukcija iet\u0113rpta elast\u012bg\u0101 un nodilumiztur\u012bg\u0101 gumijas sakaus\u0113jum\u0101. Gumijas sast\u0101vam pievienota virkne elastrom\u0113ru, kas at\u013cauj riep\u0101m saglab\u0101t elast\u012bbu pla\u0161\u0101 temperat\u016bru diapazon\u0101, veicinot sa\u0137eres veido\u0161anos ziemas apst\u0101k\u013cos.\u00a0<\/span><o:p><\/o:p><\/p>\n","protected":false},"excerpt":{"rendered":"<p style=\"margin: 12.0pt 0cm 12.0pt 0cm;\"><b><span style=\"font-size: 11.0pt; font-family: 'Arial',sans-serif; color: black;\">Rotalla Setula W Race VS450 <\/span><\/b><span style=\"font-size: 11.0pt; font-family: 'Arial',sans-serif; color: black;\">ir labs vissezonas jeb m+s komerctransporta riepu modelis. Izce\u013cas ar palielin\u0101tu kravnes\u012bbu, nodilumiztur\u012bbu, degvielas ekonomiju un sa\u0137eres \u012bpa\u0161\u012bb\u0101m uz sausa, k\u0101 ar\u012b slapja asfalta.<\/span><o:p><\/o:p><\/p>\n","protected":false},"featured_media":431229,"template":"","meta":{"_acf_changed":false,"ngg_post_thumbnail":0},"product_brand":[],"product_cat":[47,45],"product_tag":[],"class_list":{"0":"post-290504","1":"product","2":"type-product","3":"status-publish","4":"has-post-thumbnail","6":"product_cat-vissezonas-riepas","7":"product_cat-ziemas-riepas","9":"first","10":"instock","11":"taxable","12":"shipping-taxable","13":"product-type-simple"},"acf":[],"yoast_head":"<!-- This site is optimized with the Yoast SEO Premium plugin v22.6 (Yoast SEO v27.3) - https:\/\/yoast.com\/product\/yoast-seo-premium-wordpress\/ -->\n<title>215\/60R16C Rotalla Setula W Race VS450 103\/101R &#8226; MMK Riepas<\/title>\n<meta name=\"robots\" content=\"index, follow, max-snippet:-1, max-image-preview:large, max-video-preview:-1\" \/>\n<link rel=\"canonical\" href=\"https:\/\/mmkriepas.lv\/en\/p\/215-60r16c-rotalla-setula-w-race-vs450-103-101r\/\" \/>\n<meta property=\"og:locale\" content=\"en_US\" \/>\n<meta property=\"og:type\" content=\"article\" \/>\n<meta property=\"og:title\" content=\"215\/60R16C Rotalla Setula W Race VS450 103\/101R\" \/>\n<meta property=\"og:description\" content=\"Rotalla Setula W Race VS450 ir labs vissezonas jeb m+s komerctransporta riepu modelis. Izce\u013cas ar palielin\u0101tu kravnes\u012bbu, nodilumiztur\u012bbu, degvielas ekonomiju un sa\u0137eres \u012bpa\u0161\u012bb\u0101m uz sausa, k\u0101 ar\u012b slapja asfalta.\" \/>\n<meta property=\"og:url\" content=\"https:\/\/mmkriepas.lv\/en\/p\/215-60r16c-rotalla-setula-w-race-vs450-103-101r\/\" \/>\n<meta property=\"og:site_name\" content=\"MMK Riepas\" \/>\n<meta property=\"article:publisher\" content=\"https:\/\/www.facebook.com\/mmkserviss\/\" \/>\n<meta property=\"article:modified_time\" content=\"2024-08-06T12:49:58+00:00\" \/>\n<meta property=\"og:image\" content=\"https:\/\/mmkriepas.lv\/wp-content\/uploads\/2022\/11\/17570r14c-rotalla-setula-w-race-vs450-9593t-ziemas-riepas.jpeg\" \/>\n\t<meta property=\"og:image:width\" content=\"1920\" \/>\n\t<meta property=\"og:image:height\" content=\"1440\" \/>\n\t<meta property=\"og:image:type\" content=\"image\/jpeg\" \/>\n<meta name=\"twitter:card\" content=\"summary_large_image\" \/>\n<meta name=\"twitter:label1\" content=\"Price\" \/>\n\t<meta name=\"twitter:data1\" content=\"&euro;79.00\" \/>\n\t<meta name=\"twitter:label2\" content=\"Availability\" \/>\n\t<meta name=\"twitter:data2\" content=\"In stock\" \/>\n<script type=\"application\/ld+json\" class=\"yoast-schema-graph\">{\"@context\":\"https:\\\/\\\/schema.org\",\"@graph\":[{\"@type\":\"WebPage\",\"@id\":\"https:\\\/\\\/mmkriepas.lv\\\/en\\\/p\\\/215-60r16c-rotalla-setula-w-race-vs450-103-101r\\\/\",\"url\":\"https:\\\/\\\/mmkriepas.lv\\\/en\\\/p\\\/215-60r16c-rotalla-setula-w-race-vs450-103-101r\\\/\",\"name\":\"215\\\/60R16C Rotalla Setula W Race VS450 103\\\/101R &#8226; MMK Riepas\",\"isPartOf\":{\"@id\":\"https:\\\/\\\/mmkriepas.lv\\\/en\\\/#website\"},\"primaryImageOfPage\":{\"@id\":\"https:\\\/\\\/mmkriepas.lv\\\/en\\\/p\\\/215-60r16c-rotalla-setula-w-race-vs450-103-101r\\\/#primaryimage\"},\"image\":{\"@id\":\"https:\\\/\\\/mmkriepas.lv\\\/en\\\/p\\\/215-60r16c-rotalla-setula-w-race-vs450-103-101r\\\/#primaryimage\"},\"thumbnailUrl\":\"https:\\\/\\\/mmkriepas.lv\\\/wp-content\\\/uploads\\\/2022\\\/11\\\/17570r14c-rotalla-setula-w-race-vs450-9593t-ziemas-riepas.jpeg\",\"datePublished\":\"2022-08-16T04:46:58+00:00\",\"dateModified\":\"2024-08-06T12:49:58+00:00\",\"breadcrumb\":{\"@id\":\"https:\\\/\\\/mmkriepas.lv\\\/en\\\/p\\\/215-60r16c-rotalla-setula-w-race-vs450-103-101r\\\/#breadcrumb\"},\"inLanguage\":\"en-US\",\"potentialAction\":[{\"@type\":\"ReadAction\",\"target\":[\"https:\\\/\\\/mmkriepas.lv\\\/en\\\/p\\\/215-60r16c-rotalla-setula-w-race-vs450-103-101r\\\/\"]}]},{\"@type\":\"ImageObject\",\"inLanguage\":\"en-US\",\"@id\":\"https:\\\/\\\/mmkriepas.lv\\\/en\\\/p\\\/215-60r16c-rotalla-setula-w-race-vs450-103-101r\\\/#primaryimage\",\"url\":\"https:\\\/\\\/mmkriepas.lv\\\/wp-content\\\/uploads\\\/2022\\\/11\\\/17570r14c-rotalla-setula-w-race-vs450-9593t-ziemas-riepas.jpeg\",\"contentUrl\":\"https:\\\/\\\/mmkriepas.lv\\\/wp-content\\\/uploads\\\/2022\\\/11\\\/17570r14c-rotalla-setula-w-race-vs450-9593t-ziemas-riepas.jpeg\",\"width\":1920,\"height\":1440,\"caption\":\"175\\\/70R14C Rotalla Setula W Race VS450 95\\\/93T - Vissezonas riepas \\\/ Ziemas riepas\"},{\"@type\":\"BreadcrumbList\",\"@id\":\"https:\\\/\\\/mmkriepas.lv\\\/en\\\/p\\\/215-60r16c-rotalla-setula-w-race-vs450-103-101r\\\/#breadcrumb\",\"itemListElement\":[{\"@type\":\"ListItem\",\"position\":1,\"name\":\"S\u0101kums\",\"item\":\"https:\\\/\\\/mmkriepas.lv\\\/en\\\/\"},{\"@type\":\"ListItem\",\"position\":2,\"name\":\"215\\\/60R16C Rotalla Setula W Race VS450 103\\\/101R\"}]},{\"@type\":\"WebSite\",\"@id\":\"https:\\\/\\\/mmkriepas.lv\\\/en\\\/#website\",\"url\":\"https:\\\/\\\/mmkriepas.lv\\\/en\\\/\",\"name\":\"MMK Riepas\",\"description\":\"MMK Riepas\",\"alternateName\":\"MMK Riepu Serviss\",\"potentialAction\":[{\"@type\":\"SearchAction\",\"target\":{\"@type\":\"EntryPoint\",\"urlTemplate\":\"https:\\\/\\\/mmkriepas.lv\\\/en\\\/?s={search_term_string}\"},\"query-input\":{\"@type\":\"PropertyValueSpecification\",\"valueRequired\":true,\"valueName\":\"search_term_string\"}}],\"inLanguage\":\"en-US\"},{\"@type\":\"ImageObject\",\"inLanguage\":\"en-US\",\"@id\":\"https:\\\/\\\/mmkriepas.lv\\\/en\\\/p\\\/215-60r16c-rotalla-setula-w-race-vs450-103-101r\\\/#local-main-organization-logo\",\"url\":\"\",\"contentUrl\":\"\",\"caption\":\"MMK Riepas\"}]}<\/script>\n<meta property=\"product:brand\" content=\"Rotalla Setula W Race VS450\" \/>\n<meta property=\"product:price:amount\" content=\"79.00\" \/>\n<meta property=\"product:price:currency\" content=\"EUR\" \/>\n<meta property=\"og:availability\" content=\"instock\" \/>\n<meta property=\"product:availability\" content=\"instock\" \/>\n<meta property=\"product:retailer_item_id\" content=\"TW2156016ROTAL-L6195\" \/>\n<meta property=\"product:condition\" content=\"new\" \/>\n<!-- \/ Yoast SEO Premium plugin. -->","yoast_head_json":{"title":"215\/60R16C Rotalla Setula W Race VS450 103\/101R &#8226; MMK Riepas","robots":{"index":"index","follow":"follow","max-snippet":"max-snippet:-1","max-image-preview":"max-image-preview:large","max-video-preview":"max-video-preview:-1"},"canonical":"https:\/\/mmkriepas.lv\/en\/p\/215-60r16c-rotalla-setula-w-race-vs450-103-101r\/","og_locale":"en_US","og_type":"article","og_title":"215\/60R16C Rotalla Setula W Race VS450 103\/101R","og_description":"Rotalla Setula W Race VS450 ir labs vissezonas jeb m+s komerctransporta riepu modelis. Izce\u013cas ar palielin\u0101tu kravnes\u012bbu, nodilumiztur\u012bbu, degvielas ekonomiju un sa\u0137eres \u012bpa\u0161\u012bb\u0101m uz sausa, k\u0101 ar\u012b slapja asfalta.","og_url":"https:\/\/mmkriepas.lv\/en\/p\/215-60r16c-rotalla-setula-w-race-vs450-103-101r\/","og_site_name":"MMK Riepas","article_publisher":"https:\/\/www.facebook.com\/mmkserviss\/","article_modified_time":"2024-08-06T12:49:58+00:00","og_image":[{"width":1920,"height":1440,"url":"https:\/\/mmkriepas.lv\/wp-content\/uploads\/2022\/11\/17570r14c-rotalla-setula-w-race-vs450-9593t-ziemas-riepas.jpeg","type":"image\/jpeg"}],"twitter_card":"summary_large_image","twitter_misc":{"Price":"&euro;79.00","Availability":"In stock"},"schema":{"@context":"https:\/\/schema.org","@graph":[{"@type":"WebPage","@id":"https:\/\/mmkriepas.lv\/en\/p\/215-60r16c-rotalla-setula-w-race-vs450-103-101r\/","url":"https:\/\/mmkriepas.lv\/en\/p\/215-60r16c-rotalla-setula-w-race-vs450-103-101r\/","name":"215\/60R16C Rotalla Setula W Race VS450 103\/101R &#8226; MMK Riepas","isPartOf":{"@id":"https:\/\/mmkriepas.lv\/en\/#website"},"primaryImageOfPage":{"@id":"https:\/\/mmkriepas.lv\/en\/p\/215-60r16c-rotalla-setula-w-race-vs450-103-101r\/#primaryimage"},"image":{"@id":"https:\/\/mmkriepas.lv\/en\/p\/215-60r16c-rotalla-setula-w-race-vs450-103-101r\/#primaryimage"},"thumbnailUrl":"https:\/\/mmkriepas.lv\/wp-content\/uploads\/2022\/11\/17570r14c-rotalla-setula-w-race-vs450-9593t-ziemas-riepas.jpeg","datePublished":"2022-08-16T04:46:58+00:00","dateModified":"2024-08-06T12:49:58+00:00","breadcrumb":{"@id":"https:\/\/mmkriepas.lv\/en\/p\/215-60r16c-rotalla-setula-w-race-vs450-103-101r\/#breadcrumb"},"inLanguage":"en-US","potentialAction":[{"@type":"ReadAction","target":["https:\/\/mmkriepas.lv\/en\/p\/215-60r16c-rotalla-setula-w-race-vs450-103-101r\/"]}]},{"@type":"ImageObject","inLanguage":"en-US","@id":"https:\/\/mmkriepas.lv\/en\/p\/215-60r16c-rotalla-setula-w-race-vs450-103-101r\/#primaryimage","url":"https:\/\/mmkriepas.lv\/wp-content\/uploads\/2022\/11\/17570r14c-rotalla-setula-w-race-vs450-9593t-ziemas-riepas.jpeg","contentUrl":"https:\/\/mmkriepas.lv\/wp-content\/uploads\/2022\/11\/17570r14c-rotalla-setula-w-race-vs450-9593t-ziemas-riepas.jpeg","width":1920,"height":1440,"caption":"175\/70R14C Rotalla Setula W Race VS450 95\/93T - Vissezonas riepas \/ Ziemas riepas"},{"@type":"BreadcrumbList","@id":"https:\/\/mmkriepas.lv\/en\/p\/215-60r16c-rotalla-setula-w-race-vs450-103-101r\/#breadcrumb","itemListElement":[{"@type":"ListItem","position":1,"name":"S\u0101kums","item":"https:\/\/mmkriepas.lv\/en\/"},{"@type":"ListItem","position":2,"name":"215\/60R16C Rotalla Setula W Race VS450 103\/101R"}]},{"@type":"WebSite","@id":"https:\/\/mmkriepas.lv\/en\/#website","url":"https:\/\/mmkriepas.lv\/en\/","name":"MMK Riepas","description":"MMK Riepas","alternateName":"MMK Riepu Serviss","potentialAction":[{"@type":"SearchAction","target":{"@type":"EntryPoint","urlTemplate":"https:\/\/mmkriepas.lv\/en\/?s={search_term_string}"},"query-input":{"@type":"PropertyValueSpecification","valueRequired":true,"valueName":"search_term_string"}}],"inLanguage":"en-US"},{"@type":"ImageObject","inLanguage":"en-US","@id":"https:\/\/mmkriepas.lv\/en\/p\/215-60r16c-rotalla-setula-w-race-vs450-103-101r\/#local-main-organization-logo","url":"","contentUrl":"","caption":"MMK Riepas"}]},"product_brand":"Rotalla Setula W Race VS450","product_price_amount":"79.00","product_price_currency":"EUR","og_availability":"instock","product_availability":"instock","product_retailer_item_id":"TW2156016ROTAL-L6195","product_condition":"new"},"_links":{"self":[{"href":"https:\/\/mmkriepas.lv\/en\/wp-json\/wp\/v2\/product\/290504","targetHints":{"allow":["GET"]}}],"collection":[{"href":"https:\/\/mmkriepas.lv\/en\/wp-json\/wp\/v2\/product"}],"about":[{"href":"https:\/\/mmkriepas.lv\/en\/wp-json\/wp\/v2\/types\/product"}],"wp:featuredmedia":[{"embeddable":true,"href":"https:\/\/mmkriepas.lv\/en\/wp-json\/wp\/v2\/media\/431229"}],"wp:attachment":[{"href":"https:\/\/mmkriepas.lv\/en\/wp-json\/wp\/v2\/media?parent=290504"}],"wp:term":[{"taxonomy":"product_brand","embeddable":true,"href":"https:\/\/mmkriepas.lv\/en\/wp-json\/wp\/v2\/product_brand?post=290504"},{"taxonomy":"product_cat","embeddable":true,"href":"https:\/\/mmkriepas.lv\/en\/wp-json\/wp\/v2\/product_cat?post=290504"},{"taxonomy":"product_tag","embeddable":true,"href":"https:\/\/mmkriepas.lv\/en\/wp-json\/wp\/v2\/product_tag?post=290504"}],"curies":[{"name":"wp","href":"https:\/\/api.w.org\/{rel}","templated":true}]}}