{"id":290234,"date":"2022-08-16T07:34:29","date_gmt":"2022-08-16T04:34:29","guid":{"rendered":"https:\/\/mmkserviss.lv\/?post_type=product&#038;p=290234"},"modified":"2024-08-06T15:47:47","modified_gmt":"2024-08-06T12:47:47","slug":"215-60r17-lassa-multiways-100h-xl","status":"publish","type":"product","link":"https:\/\/mmkriepas.lv\/en\/p\/215-60r17-lassa-multiways-100h-xl\/","title":{"rendered":"215\/60R17 Lassa Multiways 100H XL (Bridgestone)"},"content":{"rendered":"<p><b>Lassa Multiways<\/b> ir vissezonas riepa, kas piem\u0113rota liel\u0101kajai da\u013cai m\u016bsdienu popul\u0101r\u0101ko auto mode\u013cu. Pateicoties tam, ka <b>Bridgestone<\/b> ir da\u013c\u0113js Lassa z\u012bmola \u012bpa\u0161nieks, \u0161\u012b riepa darin\u0101ta ar jaun\u0101kaj\u0101m tehnolo\u0123ij\u0101m apr\u012bkotaj\u0101s Bridgestone r\u016bpn\u012bc\u0101s. Tas izce\u013cas ar labu cenas\/kvalit\u0101tes attiec\u012bbu, lab\u0101m sa\u0137eres \u012bpa\u0161\u012bb\u0101m uz da\u017e\u0101diem ce\u013ca segumiem, sal\u012bdzino\u0161i klusu un ekonomisku gaitu. <b>\u0160is modelis ir apr\u012bkots ar <\/b>jaunu konstrukcijas veidu un optimiz\u0113tu protektora dizainu, lai uzr\u0101d\u012btu augstus sa\u0137eres un manevr\u0113tsp\u0113jas r\u0101d\u012bt\u0101jus gan uz sausa, gan slapja asfalta.<o:p><\/o:p><\/p>\n<h3>Lassa Multiways galven\u0101s iez\u012bmes<o:p><\/o:p><\/h3>\n<p>+ Ra\u017eots Bridgestone r\u016bpn\u012bc\u0101s! <o:p><\/o:p><\/p>\n<p>+ Mode\u013ca izstr\u0101d\u0113 izmantoti vair\u0101ki jauni tehnolo\u0123iski risin\u0101jumi! <o:p><\/o:p><\/p>\n<p>+ Uzlabots gumijas sast\u0101vs! <o:p><\/o:p><\/p>\n<p>+ Optimiz\u0113ts protektora dizains! <o:p><\/o:p><\/p>\n<p>+ Samazin\u0101ts akvaplan\u0113\u0161anas risks!<o:p><\/o:p><\/p>\n<h3>Multiways protektors<o:p><\/o:p><\/h3>\n<p>Riepa, k\u0101 ar\u012b t\u0101s protektora raksts izgatavoti no augstas kvalit\u0101tes vissezonas gumijas mais\u012bjuma, kam pievienota vesela virkne elastrom\u0113ru, lai padar\u012btu riepu elast\u012bgu vispla\u0161\u0101kaj\u0101 temperat\u016bras diapazon\u0101 365 dienas gad\u0101. Riepas elast\u012bba b\u016btiski ietekm\u0113 t\u0101s sa\u0137eri ar ce\u013cu. Riepas protektora raksts ir virz\u012bts un simetrisks, lai uzlabotu caurejam\u012bbu snieg\u0101. Turkl\u0101t bloki ir izveidoti hidro-dinamiski, ar m\u0113r\u0137i samazin\u0101t akvaplan\u0113\u0161anas risku, b\u016btiski palielinot dro\u0161\u012bbu ruden\u012b un pavasar\u012b, kad palielin\u0101s nokri\u0161\u0146u daudzums un k\u016bst sniegs.\u00a0 <b>Lassa Multiways <\/b>mode\u013ca lieto\u0161anas dro\u0161\u012bbu ziemas laika apst\u0101k\u013cos un t\u0101 atbilst\u012bbu valst\u012bm ar oblig\u0101tu sezon\u0101lo riepu mai\u0146u apstiprina mar\u0137\u0113jums sniegp\u0101rslas form\u0101 uz kalna fona ar trim virsotn\u0113m (3PMSF).<\/p>\n","protected":false},"excerpt":{"rendered":"<p><b>Lassa Multiways<\/b> ir vissezonas riepa, kas piem\u0113rota liel\u0101kajai da\u013cai m\u016bsdienu popul\u0101r\u0101ko auto mode\u013cu. Pateicoties tam, ka <b>Bridgestone<\/b> ir da\u013c\u0113js Lassa z\u012bmola \u012bpa\u0161nieks, \u0161\u012b riepa darin\u0101ta ar jaun\u0101kaj\u0101m tehnolo\u0123ij\u0101m apr\u012bkotaj\u0101s Bridgestone r\u016bpn\u012bc\u0101s. Tas izce\u013cas ar labu cenas\/kvalit\u0101tes attiec\u012bbu, lab\u0101m sa\u0137eres \u012bpa\u0161\u012bb\u0101m uz da\u017e\u0101diem ce\u013ca segumiem, sal\u012bdzino\u0161i klusu un ekonomisku gaitu. <b>\u0160is modelis ir apr\u012bkots ar <\/b>jaunu konstrukcijas veidu un optimiz\u0113tu protektora dizainu, lai uzr\u0101d\u012btu augstus sa\u0137eres un manevr\u0113tsp\u0113jas r\u0101d\u012bt\u0101jus gan uz sausa, gan slapja asfalta.<\/p>\n","protected":false},"featured_media":189311,"template":"","meta":{"_acf_changed":false,"ngg_post_thumbnail":0},"product_brand":[],"product_cat":[47,45],"product_tag":[],"class_list":{"0":"post-290234","1":"product","2":"type-product","3":"status-publish","4":"has-post-thumbnail","6":"product_cat-vissezonas-riepas","7":"product_cat-ziemas-riepas","9":"first","10":"instock","11":"taxable","12":"shipping-taxable","13":"product-type-simple"},"acf":[],"yoast_head":"<!-- This site is optimized with the Yoast SEO Premium plugin v22.6 (Yoast SEO v27.3) - https:\/\/yoast.com\/product\/yoast-seo-premium-wordpress\/ -->\n<title>215\/60R17 Lassa Multiways 100H XL (Bridgestone) &#8226; MMK Riepas<\/title>\n<meta name=\"description\" content=\"Lassa Multiways- vissezonas riepa, kas p\u0101rsteidz ar sabalans\u0113t\u0101m veiktsp\u0113jas \u012bpa\u0161\u012bb\u0101m! Abos MMK riepu centros, visos izm\u0113ros, par lab\u0101ko cenu!\" \/>\n<meta name=\"robots\" content=\"index, follow, max-snippet:-1, max-image-preview:large, max-video-preview:-1\" \/>\n<link rel=\"canonical\" href=\"https:\/\/mmkriepas.lv\/en\/p\/215-60r17-lassa-multiways-100h-xl\/\" \/>\n<meta property=\"og:locale\" content=\"en_US\" \/>\n<meta property=\"og:type\" content=\"article\" \/>\n<meta property=\"og:title\" content=\"215\/60R17 Lassa Multiways 100H XL (Bridgestone)\" \/>\n<meta property=\"og:description\" content=\"Lassa Multiways- vissezonas riepa, kas p\u0101rsteidz ar sabalans\u0113t\u0101m veiktsp\u0113jas \u012bpa\u0161\u012bb\u0101m! Abos MMK riepu centros, visos izm\u0113ros, par lab\u0101ko cenu!\" \/>\n<meta property=\"og:url\" content=\"https:\/\/mmkriepas.lv\/en\/p\/215-60r17-lassa-multiways-100h-xl\/\" \/>\n<meta property=\"og:site_name\" content=\"MMK Riepas\" \/>\n<meta property=\"article:publisher\" content=\"https:\/\/www.facebook.com\/mmkserviss\/\" \/>\n<meta property=\"article:modified_time\" content=\"2024-08-06T12:47:47+00:00\" \/>\n<meta property=\"og:image\" content=\"https:\/\/mmkriepas.lv\/wp-content\/uploads\/2021\/08\/23565r17-lassa-multiways-108h-ziemas-riepas.jpg\" \/>\n\t<meta property=\"og:image:width\" content=\"1920\" \/>\n\t<meta property=\"og:image:height\" content=\"1280\" \/>\n\t<meta property=\"og:image:type\" content=\"image\/jpeg\" \/>\n<meta name=\"twitter:card\" content=\"summary_large_image\" \/>\n<meta name=\"twitter:label1\" content=\"Price\" \/>\n\t<meta name=\"twitter:data1\" content=\"&euro;108.00\" \/>\n\t<meta name=\"twitter:label2\" content=\"Availability\" \/>\n\t<meta name=\"twitter:data2\" content=\"In stock\" \/>\n<script type=\"application\/ld+json\" class=\"yoast-schema-graph\">{\"@context\":\"https:\\\/\\\/schema.org\",\"@graph\":[{\"@type\":\"WebPage\",\"@id\":\"https:\\\/\\\/mmkriepas.lv\\\/en\\\/p\\\/215-60r17-lassa-multiways-100h-xl\\\/\",\"url\":\"https:\\\/\\\/mmkriepas.lv\\\/en\\\/p\\\/215-60r17-lassa-multiways-100h-xl\\\/\",\"name\":\"215\\\/60R17 Lassa Multiways 100H XL (Bridgestone) &#8226; MMK Riepas\",\"isPartOf\":{\"@id\":\"https:\\\/\\\/mmkriepas.lv\\\/en\\\/#website\"},\"primaryImageOfPage\":{\"@id\":\"https:\\\/\\\/mmkriepas.lv\\\/en\\\/p\\\/215-60r17-lassa-multiways-100h-xl\\\/#primaryimage\"},\"image\":{\"@id\":\"https:\\\/\\\/mmkriepas.lv\\\/en\\\/p\\\/215-60r17-lassa-multiways-100h-xl\\\/#primaryimage\"},\"thumbnailUrl\":\"https:\\\/\\\/mmkriepas.lv\\\/wp-content\\\/uploads\\\/2021\\\/08\\\/23565r17-lassa-multiways-108h-ziemas-riepas.jpg\",\"datePublished\":\"2022-08-16T04:34:29+00:00\",\"dateModified\":\"2024-08-06T12:47:47+00:00\",\"description\":\"Lassa Multiways- vissezonas riepa, kas p\u0101rsteidz ar sabalans\u0113t\u0101m veiktsp\u0113jas \u012bpa\u0161\u012bb\u0101m! Abos MMK riepu centros, visos izm\u0113ros, par lab\u0101ko cenu!\",\"breadcrumb\":{\"@id\":\"https:\\\/\\\/mmkriepas.lv\\\/en\\\/p\\\/215-60r17-lassa-multiways-100h-xl\\\/#breadcrumb\"},\"inLanguage\":\"en-US\",\"potentialAction\":[{\"@type\":\"ReadAction\",\"target\":[\"https:\\\/\\\/mmkriepas.lv\\\/en\\\/p\\\/215-60r17-lassa-multiways-100h-xl\\\/\"]}]},{\"@type\":\"ImageObject\",\"inLanguage\":\"en-US\",\"@id\":\"https:\\\/\\\/mmkriepas.lv\\\/en\\\/p\\\/215-60r17-lassa-multiways-100h-xl\\\/#primaryimage\",\"url\":\"https:\\\/\\\/mmkriepas.lv\\\/wp-content\\\/uploads\\\/2021\\\/08\\\/23565r17-lassa-multiways-108h-ziemas-riepas.jpg\",\"contentUrl\":\"https:\\\/\\\/mmkriepas.lv\\\/wp-content\\\/uploads\\\/2021\\\/08\\\/23565r17-lassa-multiways-108h-ziemas-riepas.jpg\",\"width\":1920,\"height\":1280,\"caption\":\"LASSA MULTIWAYS\"},{\"@type\":\"BreadcrumbList\",\"@id\":\"https:\\\/\\\/mmkriepas.lv\\\/en\\\/p\\\/215-60r17-lassa-multiways-100h-xl\\\/#breadcrumb\",\"itemListElement\":[{\"@type\":\"ListItem\",\"position\":1,\"name\":\"S\u0101kums\",\"item\":\"https:\\\/\\\/mmkriepas.lv\\\/en\\\/\"},{\"@type\":\"ListItem\",\"position\":2,\"name\":\"215\\\/60R17 Lassa Multiways 100H XL (Bridgestone)\"}]},{\"@type\":\"WebSite\",\"@id\":\"https:\\\/\\\/mmkriepas.lv\\\/en\\\/#website\",\"url\":\"https:\\\/\\\/mmkriepas.lv\\\/en\\\/\",\"name\":\"MMK Riepas\",\"description\":\"MMK Riepas\",\"alternateName\":\"MMK Riepu Serviss\",\"potentialAction\":[{\"@type\":\"SearchAction\",\"target\":{\"@type\":\"EntryPoint\",\"urlTemplate\":\"https:\\\/\\\/mmkriepas.lv\\\/en\\\/?s={search_term_string}\"},\"query-input\":{\"@type\":\"PropertyValueSpecification\",\"valueRequired\":true,\"valueName\":\"search_term_string\"}}],\"inLanguage\":\"en-US\"},{\"@type\":\"ImageObject\",\"inLanguage\":\"en-US\",\"@id\":\"https:\\\/\\\/mmkriepas.lv\\\/en\\\/p\\\/215-60r17-lassa-multiways-100h-xl\\\/#local-main-organization-logo\",\"url\":\"\",\"contentUrl\":\"\",\"caption\":\"MMK Riepas\"}]}<\/script>\n<meta property=\"product:brand\" content=\"Lassa Multiways\" \/>\n<meta property=\"product:price:amount\" content=\"108.00\" \/>\n<meta property=\"product:price:currency\" content=\"EUR\" \/>\n<meta property=\"og:availability\" content=\"instock\" \/>\n<meta property=\"product:availability\" content=\"instock\" \/>\n<meta property=\"product:retailer_item_id\" content=\"TW2156017LASSA-L6105\" \/>\n<meta property=\"product:condition\" content=\"new\" \/>\n<!-- \/ Yoast SEO Premium plugin. -->","yoast_head_json":{"title":"215\/60R17 Lassa Multiways 100H XL (Bridgestone) &#8226; MMK Riepas","description":"Lassa Multiways- vissezonas riepa, kas p\u0101rsteidz ar sabalans\u0113t\u0101m veiktsp\u0113jas \u012bpa\u0161\u012bb\u0101m! Abos MMK riepu centros, visos izm\u0113ros, par lab\u0101ko cenu!","robots":{"index":"index","follow":"follow","max-snippet":"max-snippet:-1","max-image-preview":"max-image-preview:large","max-video-preview":"max-video-preview:-1"},"canonical":"https:\/\/mmkriepas.lv\/en\/p\/215-60r17-lassa-multiways-100h-xl\/","og_locale":"en_US","og_type":"article","og_title":"215\/60R17 Lassa Multiways 100H XL (Bridgestone)","og_description":"Lassa Multiways- vissezonas riepa, kas p\u0101rsteidz ar sabalans\u0113t\u0101m veiktsp\u0113jas \u012bpa\u0161\u012bb\u0101m! Abos MMK riepu centros, visos izm\u0113ros, par lab\u0101ko cenu!","og_url":"https:\/\/mmkriepas.lv\/en\/p\/215-60r17-lassa-multiways-100h-xl\/","og_site_name":"MMK Riepas","article_publisher":"https:\/\/www.facebook.com\/mmkserviss\/","article_modified_time":"2024-08-06T12:47:47+00:00","og_image":[{"width":1920,"height":1280,"url":"https:\/\/mmkriepas.lv\/wp-content\/uploads\/2021\/08\/23565r17-lassa-multiways-108h-ziemas-riepas.jpg","type":"image\/jpeg"}],"twitter_card":"summary_large_image","twitter_misc":{"Price":"&euro;108.00","Availability":"In stock"},"schema":{"@context":"https:\/\/schema.org","@graph":[{"@type":"WebPage","@id":"https:\/\/mmkriepas.lv\/en\/p\/215-60r17-lassa-multiways-100h-xl\/","url":"https:\/\/mmkriepas.lv\/en\/p\/215-60r17-lassa-multiways-100h-xl\/","name":"215\/60R17 Lassa Multiways 100H XL (Bridgestone) &#8226; MMK Riepas","isPartOf":{"@id":"https:\/\/mmkriepas.lv\/en\/#website"},"primaryImageOfPage":{"@id":"https:\/\/mmkriepas.lv\/en\/p\/215-60r17-lassa-multiways-100h-xl\/#primaryimage"},"image":{"@id":"https:\/\/mmkriepas.lv\/en\/p\/215-60r17-lassa-multiways-100h-xl\/#primaryimage"},"thumbnailUrl":"https:\/\/mmkriepas.lv\/wp-content\/uploads\/2021\/08\/23565r17-lassa-multiways-108h-ziemas-riepas.jpg","datePublished":"2022-08-16T04:34:29+00:00","dateModified":"2024-08-06T12:47:47+00:00","description":"Lassa Multiways- vissezonas riepa, kas p\u0101rsteidz ar sabalans\u0113t\u0101m veiktsp\u0113jas \u012bpa\u0161\u012bb\u0101m! Abos MMK riepu centros, visos izm\u0113ros, par lab\u0101ko cenu!","breadcrumb":{"@id":"https:\/\/mmkriepas.lv\/en\/p\/215-60r17-lassa-multiways-100h-xl\/#breadcrumb"},"inLanguage":"en-US","potentialAction":[{"@type":"ReadAction","target":["https:\/\/mmkriepas.lv\/en\/p\/215-60r17-lassa-multiways-100h-xl\/"]}]},{"@type":"ImageObject","inLanguage":"en-US","@id":"https:\/\/mmkriepas.lv\/en\/p\/215-60r17-lassa-multiways-100h-xl\/#primaryimage","url":"https:\/\/mmkriepas.lv\/wp-content\/uploads\/2021\/08\/23565r17-lassa-multiways-108h-ziemas-riepas.jpg","contentUrl":"https:\/\/mmkriepas.lv\/wp-content\/uploads\/2021\/08\/23565r17-lassa-multiways-108h-ziemas-riepas.jpg","width":1920,"height":1280,"caption":"LASSA MULTIWAYS"},{"@type":"BreadcrumbList","@id":"https:\/\/mmkriepas.lv\/en\/p\/215-60r17-lassa-multiways-100h-xl\/#breadcrumb","itemListElement":[{"@type":"ListItem","position":1,"name":"S\u0101kums","item":"https:\/\/mmkriepas.lv\/en\/"},{"@type":"ListItem","position":2,"name":"215\/60R17 Lassa Multiways 100H XL (Bridgestone)"}]},{"@type":"WebSite","@id":"https:\/\/mmkriepas.lv\/en\/#website","url":"https:\/\/mmkriepas.lv\/en\/","name":"MMK Riepas","description":"MMK Riepas","alternateName":"MMK Riepu Serviss","potentialAction":[{"@type":"SearchAction","target":{"@type":"EntryPoint","urlTemplate":"https:\/\/mmkriepas.lv\/en\/?s={search_term_string}"},"query-input":{"@type":"PropertyValueSpecification","valueRequired":true,"valueName":"search_term_string"}}],"inLanguage":"en-US"},{"@type":"ImageObject","inLanguage":"en-US","@id":"https:\/\/mmkriepas.lv\/en\/p\/215-60r17-lassa-multiways-100h-xl\/#local-main-organization-logo","url":"","contentUrl":"","caption":"MMK Riepas"}]},"product_brand":"Lassa Multiways","product_price_amount":"108.00","product_price_currency":"EUR","og_availability":"instock","product_availability":"instock","product_retailer_item_id":"TW2156017LASSA-L6105","product_condition":"new"},"_links":{"self":[{"href":"https:\/\/mmkriepas.lv\/en\/wp-json\/wp\/v2\/product\/290234","targetHints":{"allow":["GET"]}}],"collection":[{"href":"https:\/\/mmkriepas.lv\/en\/wp-json\/wp\/v2\/product"}],"about":[{"href":"https:\/\/mmkriepas.lv\/en\/wp-json\/wp\/v2\/types\/product"}],"wp:featuredmedia":[{"embeddable":true,"href":"https:\/\/mmkriepas.lv\/en\/wp-json\/wp\/v2\/media\/189311"}],"wp:attachment":[{"href":"https:\/\/mmkriepas.lv\/en\/wp-json\/wp\/v2\/media?parent=290234"}],"wp:term":[{"taxonomy":"product_brand","embeddable":true,"href":"https:\/\/mmkriepas.lv\/en\/wp-json\/wp\/v2\/product_brand?post=290234"},{"taxonomy":"product_cat","embeddable":true,"href":"https:\/\/mmkriepas.lv\/en\/wp-json\/wp\/v2\/product_cat?post=290234"},{"taxonomy":"product_tag","embeddable":true,"href":"https:\/\/mmkriepas.lv\/en\/wp-json\/wp\/v2\/product_tag?post=290234"}],"curies":[{"name":"wp","href":"https:\/\/api.w.org\/{rel}","templated":true}]}}