{"id":289737,"date":"2022-08-16T07:11:58","date_gmt":"2022-08-16T04:11:58","guid":{"rendered":"https:\/\/mmkserviss.lv\/?post_type=product&#038;p=289737"},"modified":"2026-04-04T20:34:57","modified_gmt":"2026-04-04T17:34:57","slug":"255-45r18-goodride-zupersnow-z-507-103v-xl","status":"publish","type":"product","link":"https:\/\/mmkriepas.lv\/en\/p\/255-45r18-goodride-zupersnow-z-507-103v-xl\/","title":{"rendered":"255\/45R18 Goodride ZuperSnow Z-507 103V XL"},"content":{"rendered":"<p><strong>Goodride <\/strong><strong>ZuperSnow <\/strong><strong>Z-507 <\/strong>ir ziemas riepa, kas \u012bpa\u0161i izgatavota Eiropas tirgum. T\u0101 apr\u012bkota ar asimetrisko protektora rakstu, kas sp\u0113s piel\u0101goties ne tikai ziemas apst\u0101k\u013ciem, bet ar\u012b sausam vai slapjam asfaltam, taj\u0101 pa\u0161\u0101 laik\u0101 nezaud\u0113jot komforta l\u012bmeni.\u00a0<\/p>\n<h3>ZuperSnow Z-507 galven\u0101s iez\u012bmes<\/h3>\n<p>+ Tie\u0161i m\u016bsu klimatam izgatavotas riepas!<\/p>\n<p>+ Izcila sa\u0137ere visda\u017e\u0101d\u0101kajos apst\u0101k\u013cos!<\/p>\n<p>+ Komfortabls un kluss brauciems!<\/p>\n<p>+ Augsts dro\u0161\u012bbas l\u012bmenis!<\/p>\n<p>+ Ide\u0101las brauk\u0161anai pils\u0113tas apst\u0101k\u013cos!<\/p>\n<h2><strong>ZuperSnow Z-507 protektors<\/strong><\/h2>\n<p><strong>Goodride<\/strong><strong> ZuperSnow<\/strong><strong> Z-507<\/strong> asimetriskais protektora raksts nodro\u0161ina augstu veiktsp\u0113ju visda\u017e\u0101d\u0101kajos apst\u0101k\u013cos, tas lieliski novada sniegu un \u016bdeni, turkl\u0101t saglab\u0101 komfortu un zemu trok\u0161\u0146u l\u012bmeni. Zig-zag veida lameles uzlabo sa\u0137eri ar ce\u013cu un sa\u012bsina bremz\u0113\u0161an\u0101s ce\u013cu snieg\u0101.<\/p>\n<p><strong>Goodride <\/strong><strong>ZuperSnow <\/strong><strong>Z-507<\/strong> ir Eiropas klimatam piem\u0113rota ziemas riepa, kas b\u016bs ide\u0101la brauk\u0161anai pa pils\u0113tu un nezaud\u0113s savas sp\u0113jas ar\u012b izbraucot \u0101rpus t\u0101s.<\/p>\n","protected":false},"excerpt":{"rendered":"<p><strong>Goodride <\/strong><strong>ZuperSnow <\/strong><strong>Z-507 <\/strong>ir ziemas riepa, kas \u012bpa\u0161i izgatavota Eiropas tirgum. T\u0101 apr\u012bkota ar asimetrisko protektora rakstu, kas sp\u0113s piel\u0101goties ne tikai ziemas apst\u0101k\u013ciem, bet ar\u012b sausam vai slapjam asfaltam, taj\u0101 pa\u0161\u0101 laik\u0101 nezaud\u0113jot komforta l\u012bmeni.\u00a0<\/p>\n","protected":false},"featured_media":822335,"template":"","meta":{"_acf_changed":false,"ngg_post_thumbnail":0},"product_brand":[],"product_cat":[47,45],"product_tag":[],"class_list":{"0":"post-289737","1":"product","2":"type-product","3":"status-publish","4":"has-post-thumbnail","6":"product_cat-vissezonas-riepas","7":"product_cat-ziemas-riepas","9":"first","10":"instock","11":"sale","12":"taxable","13":"shipping-taxable","14":"purchasable","15":"product-type-simple"},"acf":[],"yoast_head":"<!-- This site is optimized with the Yoast SEO Premium plugin v22.6 (Yoast SEO v27.3) - https:\/\/yoast.com\/product\/yoast-seo-premium-wordpress\/ -->\n<title>255\/45R18 Goodride ZuperSnow Z-507 103V XL &#8226; MMK Riepas<\/title>\n<meta name=\"description\" content=\"Goodride Z507 Ziemas riepas paredz\u0113tas viegalaj\u0101m automa\u0161\u012bn\u0101m! Pieejamas pla\u0161\u0101 kl\u0101st\u0101 uz vietas, abos MMK Riepu centros! Zem\u0101k\u0101s cenas garantija!\" \/>\n<meta name=\"robots\" content=\"index, follow, max-snippet:-1, max-image-preview:large, max-video-preview:-1\" \/>\n<link rel=\"canonical\" href=\"https:\/\/mmkriepas.lv\/en\/p\/255-45r18-goodride-zupersnow-z-507-103v-xl\/\" \/>\n<meta property=\"og:locale\" content=\"en_US\" \/>\n<meta property=\"og:type\" content=\"article\" \/>\n<meta property=\"og:title\" content=\"255\/45R18 Goodride ZuperSnow Z-507 103V XL\" \/>\n<meta property=\"og:description\" content=\"Goodride Z507 Ziemas riepas paredz\u0113tas viegalaj\u0101m automa\u0161\u012bn\u0101m! Pieejamas pla\u0161\u0101 kl\u0101st\u0101 uz vietas, abos MMK Riepu centros! Zem\u0101k\u0101s cenas garantija!\" \/>\n<meta property=\"og:url\" content=\"https:\/\/mmkriepas.lv\/en\/p\/255-45r18-goodride-zupersnow-z-507-103v-xl\/\" \/>\n<meta property=\"og:site_name\" content=\"MMK Riepas\" \/>\n<meta property=\"article:publisher\" content=\"https:\/\/www.facebook.com\/mmkserviss\/\" \/>\n<meta property=\"article:modified_time\" content=\"2026-04-04T17:34:57+00:00\" \/>\n<meta property=\"og:image\" content=\"https:\/\/mmkriepas.lv\/wp-content\/uploads\/2023\/11\/22560r17-goodride-zupersnow-z-507-103v-xl-ziemas-riepas.jpg\" \/>\n\t<meta property=\"og:image:width\" content=\"1910\" \/>\n\t<meta property=\"og:image:height\" content=\"1920\" \/>\n\t<meta property=\"og:image:type\" content=\"image\/jpeg\" \/>\n<meta name=\"twitter:card\" content=\"summary_large_image\" \/>\n<meta name=\"twitter:label1\" content=\"Price\" \/>\n\t<meta name=\"twitter:data1\" content=\"&euro;81.00\" \/>\n\t<meta name=\"twitter:label2\" content=\"Availability\" \/>\n\t<meta name=\"twitter:data2\" content=\"In stock\" \/>\n<script type=\"application\/ld+json\" class=\"yoast-schema-graph\">{\"@context\":\"https:\\\/\\\/schema.org\",\"@graph\":[{\"@type\":\"WebPage\",\"@id\":\"https:\\\/\\\/mmkriepas.lv\\\/en\\\/p\\\/255-45r18-goodride-zupersnow-z-507-103v-xl\\\/\",\"url\":\"https:\\\/\\\/mmkriepas.lv\\\/en\\\/p\\\/255-45r18-goodride-zupersnow-z-507-103v-xl\\\/\",\"name\":\"255\\\/45R18 Goodride ZuperSnow Z-507 103V XL &#8226; MMK Riepas\",\"isPartOf\":{\"@id\":\"https:\\\/\\\/mmkriepas.lv\\\/en\\\/#website\"},\"primaryImageOfPage\":{\"@id\":\"https:\\\/\\\/mmkriepas.lv\\\/en\\\/p\\\/255-45r18-goodride-zupersnow-z-507-103v-xl\\\/#primaryimage\"},\"image\":{\"@id\":\"https:\\\/\\\/mmkriepas.lv\\\/en\\\/p\\\/255-45r18-goodride-zupersnow-z-507-103v-xl\\\/#primaryimage\"},\"thumbnailUrl\":\"https:\\\/\\\/mmkriepas.lv\\\/wp-content\\\/uploads\\\/2023\\\/11\\\/22560r17-goodride-zupersnow-z-507-103v-xl-ziemas-riepas.jpg\",\"datePublished\":\"2022-08-16T04:11:58+00:00\",\"dateModified\":\"2026-04-04T17:34:57+00:00\",\"description\":\"Goodride Z507 Ziemas riepas paredz\u0113tas viegalaj\u0101m automa\u0161\u012bn\u0101m! Pieejamas pla\u0161\u0101 kl\u0101st\u0101 uz vietas, abos MMK Riepu centros! Zem\u0101k\u0101s cenas garantija!\",\"breadcrumb\":{\"@id\":\"https:\\\/\\\/mmkriepas.lv\\\/en\\\/p\\\/255-45r18-goodride-zupersnow-z-507-103v-xl\\\/#breadcrumb\"},\"inLanguage\":\"en-US\",\"potentialAction\":[{\"@type\":\"ReadAction\",\"target\":[\"https:\\\/\\\/mmkriepas.lv\\\/en\\\/p\\\/255-45r18-goodride-zupersnow-z-507-103v-xl\\\/\"]}]},{\"@type\":\"ImageObject\",\"inLanguage\":\"en-US\",\"@id\":\"https:\\\/\\\/mmkriepas.lv\\\/en\\\/p\\\/255-45r18-goodride-zupersnow-z-507-103v-xl\\\/#primaryimage\",\"url\":\"https:\\\/\\\/mmkriepas.lv\\\/wp-content\\\/uploads\\\/2023\\\/11\\\/22560r17-goodride-zupersnow-z-507-103v-xl-ziemas-riepas.jpg\",\"contentUrl\":\"https:\\\/\\\/mmkriepas.lv\\\/wp-content\\\/uploads\\\/2023\\\/11\\\/22560r17-goodride-zupersnow-z-507-103v-xl-ziemas-riepas.jpg\",\"width\":1910,\"height\":1920,\"caption\":\"225\\\/60R17 Goodride ZuperSnow Z-507 103V XL - Vissezonas riepas \\\/ Ziemas riepas\"},{\"@type\":\"BreadcrumbList\",\"@id\":\"https:\\\/\\\/mmkriepas.lv\\\/en\\\/p\\\/255-45r18-goodride-zupersnow-z-507-103v-xl\\\/#breadcrumb\",\"itemListElement\":[{\"@type\":\"ListItem\",\"position\":1,\"name\":\"S\u0101kums\",\"item\":\"https:\\\/\\\/mmkriepas.lv\\\/en\\\/\"},{\"@type\":\"ListItem\",\"position\":2,\"name\":\"255\\\/45R18 Goodride ZuperSnow Z-507 103V XL\"}]},{\"@type\":\"WebSite\",\"@id\":\"https:\\\/\\\/mmkriepas.lv\\\/en\\\/#website\",\"url\":\"https:\\\/\\\/mmkriepas.lv\\\/en\\\/\",\"name\":\"MMK Riepas\",\"description\":\"MMK Riepas\",\"alternateName\":\"MMK Riepu Serviss\",\"potentialAction\":[{\"@type\":\"SearchAction\",\"target\":{\"@type\":\"EntryPoint\",\"urlTemplate\":\"https:\\\/\\\/mmkriepas.lv\\\/en\\\/?s={search_term_string}\"},\"query-input\":{\"@type\":\"PropertyValueSpecification\",\"valueRequired\":true,\"valueName\":\"search_term_string\"}}],\"inLanguage\":\"en-US\"},{\"@type\":\"ImageObject\",\"inLanguage\":\"en-US\",\"@id\":\"https:\\\/\\\/mmkriepas.lv\\\/en\\\/p\\\/255-45r18-goodride-zupersnow-z-507-103v-xl\\\/#local-main-organization-logo\",\"url\":\"\",\"contentUrl\":\"\",\"caption\":\"MMK Riepas\"}]}<\/script>\n<meta property=\"product:brand\" content=\"Goodride ZuperSnow Z-507\" \/>\n<meta property=\"product:price:amount\" content=\"81.00\" \/>\n<meta property=\"product:price:currency\" content=\"EUR\" \/>\n<meta property=\"og:availability\" content=\"instock\" \/>\n<meta property=\"product:availability\" content=\"instock\" \/>\n<meta property=\"product:retailer_item_id\" content=\"TW2554518GOODR-L5932\" \/>\n<meta property=\"product:condition\" content=\"new\" \/>\n<!-- \/ Yoast SEO Premium plugin. -->","yoast_head_json":{"title":"255\/45R18 Goodride ZuperSnow Z-507 103V XL &#8226; MMK Riepas","description":"Goodride Z507 Ziemas riepas paredz\u0113tas viegalaj\u0101m automa\u0161\u012bn\u0101m! Pieejamas pla\u0161\u0101 kl\u0101st\u0101 uz vietas, abos MMK Riepu centros! Zem\u0101k\u0101s cenas garantija!","robots":{"index":"index","follow":"follow","max-snippet":"max-snippet:-1","max-image-preview":"max-image-preview:large","max-video-preview":"max-video-preview:-1"},"canonical":"https:\/\/mmkriepas.lv\/en\/p\/255-45r18-goodride-zupersnow-z-507-103v-xl\/","og_locale":"en_US","og_type":"article","og_title":"255\/45R18 Goodride ZuperSnow Z-507 103V XL","og_description":"Goodride Z507 Ziemas riepas paredz\u0113tas viegalaj\u0101m automa\u0161\u012bn\u0101m! Pieejamas pla\u0161\u0101 kl\u0101st\u0101 uz vietas, abos MMK Riepu centros! Zem\u0101k\u0101s cenas garantija!","og_url":"https:\/\/mmkriepas.lv\/en\/p\/255-45r18-goodride-zupersnow-z-507-103v-xl\/","og_site_name":"MMK Riepas","article_publisher":"https:\/\/www.facebook.com\/mmkserviss\/","article_modified_time":"2026-04-04T17:34:57+00:00","og_image":[{"width":1910,"height":1920,"url":"https:\/\/mmkriepas.lv\/wp-content\/uploads\/2023\/11\/22560r17-goodride-zupersnow-z-507-103v-xl-ziemas-riepas.jpg","type":"image\/jpeg"}],"twitter_card":"summary_large_image","twitter_misc":{"Price":"&euro;81.00","Availability":"In stock"},"schema":{"@context":"https:\/\/schema.org","@graph":[{"@type":"WebPage","@id":"https:\/\/mmkriepas.lv\/en\/p\/255-45r18-goodride-zupersnow-z-507-103v-xl\/","url":"https:\/\/mmkriepas.lv\/en\/p\/255-45r18-goodride-zupersnow-z-507-103v-xl\/","name":"255\/45R18 Goodride ZuperSnow Z-507 103V XL &#8226; MMK Riepas","isPartOf":{"@id":"https:\/\/mmkriepas.lv\/en\/#website"},"primaryImageOfPage":{"@id":"https:\/\/mmkriepas.lv\/en\/p\/255-45r18-goodride-zupersnow-z-507-103v-xl\/#primaryimage"},"image":{"@id":"https:\/\/mmkriepas.lv\/en\/p\/255-45r18-goodride-zupersnow-z-507-103v-xl\/#primaryimage"},"thumbnailUrl":"https:\/\/mmkriepas.lv\/wp-content\/uploads\/2023\/11\/22560r17-goodride-zupersnow-z-507-103v-xl-ziemas-riepas.jpg","datePublished":"2022-08-16T04:11:58+00:00","dateModified":"2026-04-04T17:34:57+00:00","description":"Goodride Z507 Ziemas riepas paredz\u0113tas viegalaj\u0101m automa\u0161\u012bn\u0101m! Pieejamas pla\u0161\u0101 kl\u0101st\u0101 uz vietas, abos MMK Riepu centros! Zem\u0101k\u0101s cenas garantija!","breadcrumb":{"@id":"https:\/\/mmkriepas.lv\/en\/p\/255-45r18-goodride-zupersnow-z-507-103v-xl\/#breadcrumb"},"inLanguage":"en-US","potentialAction":[{"@type":"ReadAction","target":["https:\/\/mmkriepas.lv\/en\/p\/255-45r18-goodride-zupersnow-z-507-103v-xl\/"]}]},{"@type":"ImageObject","inLanguage":"en-US","@id":"https:\/\/mmkriepas.lv\/en\/p\/255-45r18-goodride-zupersnow-z-507-103v-xl\/#primaryimage","url":"https:\/\/mmkriepas.lv\/wp-content\/uploads\/2023\/11\/22560r17-goodride-zupersnow-z-507-103v-xl-ziemas-riepas.jpg","contentUrl":"https:\/\/mmkriepas.lv\/wp-content\/uploads\/2023\/11\/22560r17-goodride-zupersnow-z-507-103v-xl-ziemas-riepas.jpg","width":1910,"height":1920,"caption":"225\/60R17 Goodride ZuperSnow Z-507 103V XL - Vissezonas riepas \/ Ziemas riepas"},{"@type":"BreadcrumbList","@id":"https:\/\/mmkriepas.lv\/en\/p\/255-45r18-goodride-zupersnow-z-507-103v-xl\/#breadcrumb","itemListElement":[{"@type":"ListItem","position":1,"name":"S\u0101kums","item":"https:\/\/mmkriepas.lv\/en\/"},{"@type":"ListItem","position":2,"name":"255\/45R18 Goodride ZuperSnow Z-507 103V XL"}]},{"@type":"WebSite","@id":"https:\/\/mmkriepas.lv\/en\/#website","url":"https:\/\/mmkriepas.lv\/en\/","name":"MMK Riepas","description":"MMK Riepas","alternateName":"MMK Riepu Serviss","potentialAction":[{"@type":"SearchAction","target":{"@type":"EntryPoint","urlTemplate":"https:\/\/mmkriepas.lv\/en\/?s={search_term_string}"},"query-input":{"@type":"PropertyValueSpecification","valueRequired":true,"valueName":"search_term_string"}}],"inLanguage":"en-US"},{"@type":"ImageObject","inLanguage":"en-US","@id":"https:\/\/mmkriepas.lv\/en\/p\/255-45r18-goodride-zupersnow-z-507-103v-xl\/#local-main-organization-logo","url":"","contentUrl":"","caption":"MMK Riepas"}]},"product_brand":"Goodride ZuperSnow Z-507","product_price_amount":"81.00","product_price_currency":"EUR","og_availability":"instock","product_availability":"instock","product_retailer_item_id":"TW2554518GOODR-L5932","product_condition":"new"},"_links":{"self":[{"href":"https:\/\/mmkriepas.lv\/en\/wp-json\/wp\/v2\/product\/289737","targetHints":{"allow":["GET"]}}],"collection":[{"href":"https:\/\/mmkriepas.lv\/en\/wp-json\/wp\/v2\/product"}],"about":[{"href":"https:\/\/mmkriepas.lv\/en\/wp-json\/wp\/v2\/types\/product"}],"wp:featuredmedia":[{"embeddable":true,"href":"https:\/\/mmkriepas.lv\/en\/wp-json\/wp\/v2\/media\/822335"}],"wp:attachment":[{"href":"https:\/\/mmkriepas.lv\/en\/wp-json\/wp\/v2\/media?parent=289737"}],"wp:term":[{"taxonomy":"product_brand","embeddable":true,"href":"https:\/\/mmkriepas.lv\/en\/wp-json\/wp\/v2\/product_brand?post=289737"},{"taxonomy":"product_cat","embeddable":true,"href":"https:\/\/mmkriepas.lv\/en\/wp-json\/wp\/v2\/product_cat?post=289737"},{"taxonomy":"product_tag","embeddable":true,"href":"https:\/\/mmkriepas.lv\/en\/wp-json\/wp\/v2\/product_tag?post=289737"}],"curies":[{"name":"wp","href":"https:\/\/api.w.org\/{rel}","templated":true}]}}