{"id":289362,"date":"2022-08-16T06:54:45","date_gmt":"2022-08-16T03:54:45","guid":{"rendered":"https:\/\/mmkserviss.lv\/?post_type=product&#038;p=289362"},"modified":"2024-12-05T19:03:07","modified_gmt":"2024-12-05T17:03:07","slug":"215-65r16-westlake-icemaster-spike-z-506-98t-ar-radzem","status":"publish","type":"product","link":"https:\/\/mmkriepas.lv\/en\/p\/215-65r16-westlake-icemaster-spike-z-506-98t-ar-radzem\/","title":{"rendered":"215\/65R16 Westlake IceMaster Spike Z-506 98T ar radz\u0113m"},"content":{"rendered":"<p style=\"margin: 12.0pt 0cm 12.0pt 0cm;\"><b><span style=\"font-size: 11.0pt; font-family: 'Arial',sans-serif; color: black;\">Westlake IceMaster Spike Z-506 <\/span><\/b><span style=\"white-space: pre-wrap;\"><span style=\"font-size: 11.0pt; font-family: 'Arial',sans-serif; color: black;\">ir rad\u017eota ziemas riepa, kas paredz\u0113ta vieglajiem auto.\u00a0 \u0160\u012bs ziemas riepas \u012bpa\u0161i izce\u013cas ar labu sa\u0137eri uz apsnigu\u0161a vai apledoju\u0161a ce\u013ca. T\u0101s tiek gal\u0101 ar slapju ce\u013cu, nezaud\u0113jot manevr\u0113tsp\u0113ju, pateicoties mas\u012bvajiem plecu blokiem.<\/span><\/span><span style=\"font-family: 'Arial',sans-serif;\"><o:p><\/o:p><\/span><\/p>\n<h3 style=\"margin: 14.0pt 0cm 4.0pt 0cm;\"><span style=\"white-space: pre-wrap;\"><b><span style=\"font-size: 13.0pt; line-height: 107%; font-family: 'Arial',sans-serif; color: black;\">Z-506 galven\u0101s iez\u012bmes<\/span><\/b><\/span><b><span style=\"font-family: 'Arial',sans-serif;\"><o:p><\/o:p><\/span><\/b><\/h3>\n<p style=\"margin: 12.0pt 0cm 12.0pt 0cm;\"><span style=\"white-space: pre-wrap;\"><span style=\"font-size: 11.0pt; font-family: 'Arial',sans-serif; color: black;\">+Laba sa\u0137ere uz sniega un ledus.<\/span><\/span><span style=\"font-family: 'Arial',sans-serif;\"><o:p><\/o:p><\/span><\/p>\n<p style=\"margin: 12.0pt 0cm 12.0pt 0cm;\"><span style=\"white-space: pre-wrap;\"><span style=\"font-size: 11.0pt; font-family: 'Arial',sans-serif; color: black;\">+Laba manevr\u0113tsp\u0113ja pat us slapja asfalta.<\/span><\/span><span style=\"font-family: 'Arial',sans-serif;\"><o:p><\/o:p><\/span><\/p>\n<p style=\"margin: 12.0pt 0cm 12.0pt 0cm;\"><span style=\"white-space: pre-wrap;\"><span style=\"font-size: 11.0pt; font-family: 'Arial',sans-serif; color: black;\">+Uzticam\u012bba un iztur\u012bba.<\/span><\/span><span style=\"font-family: 'Arial',sans-serif;\"><o:p><\/o:p><\/span><\/p>\n<p style=\"margin: 12.0pt 0cm 12.0pt 0cm;\"><span style=\"white-space: pre-wrap;\"><span style=\"font-size: 11.0pt; font-family: 'Arial',sans-serif; color: black;\">+Laba sniega un \u016bdens novade nokri\u0161\u0146u laik\u0101.<\/span><\/span><span style=\"font-family: 'Arial',sans-serif;\"><o:p><\/o:p><\/span><\/p>\n<p style=\"margin: 12.0pt 0cm 12.0pt 0cm;\"><span style=\"white-space: pre-wrap;\"><b><span style=\"font-size: 11.0pt; font-family: 'Arial',sans-serif; color: black;\">+ Kvalit\u0101te atblist cenai!<\/span><\/b><\/span><span style=\"font-family: 'Arial',sans-serif;\"><o:p><\/o:p><\/span><\/p>\n<h2 style=\"margin: 18.0pt 0cm 4.0pt 0cm;\"><span style=\"white-space: pre-wrap;\"><b><span style=\"font-size: 13.5pt; line-height: 107%; font-family: 'Arial',sans-serif; color: black;\">Z-506 Protektors<\/span><\/b><\/span><b><span style=\"font-size: 13.5pt; line-height: 107%; font-family: 'Arial',sans-serif;\"><o:p><\/o:p><\/span><\/b><\/h2>\n<p style=\"margin: 12.0pt 0cm 12.0pt 0cm;\"><span style=\"white-space: pre-wrap;\"><b><span style=\"font-size: 11.0pt; font-family: 'Arial',sans-serif; color: black;\">Westlake IceMaster Spike Z-506 <\/span><\/b><\/span><span style=\"white-space: pre-wrap;\"><span style=\"font-size: 11.0pt; font-family: 'Arial',sans-serif; color: black;\">simetriskais protektora raksts nodro\u0161ina labu \u016bdens un sniega novadi nokri\u0161\u0146u laik\u0101.\u00a0 Protektor\u0101 iestr\u0101d\u0101t\u0101s radzes ne tikai pal\u012bdz\u0113s tikt gal\u0101 ar visskarb\u0101kajiem ziemas apst\u0101k\u013ciem, bet ar\u012b b\u016btiski paildzin\u0101s riepas ilgtsp\u0113ju.\u00a0<\/span><\/span><span style=\"font-family: 'Arial',sans-serif;\"><o:p><\/o:p><\/span><\/p>\n<p style=\"margin: 12.0pt 0cm 12.0pt 0cm;\"><span style=\"white-space: pre-wrap;\"><span style=\"font-size: 11.0pt; font-family: 'Arial',sans-serif; color: black;\">Ja ziem\u0101 n\u0101kas bie\u017ei sastapties ar bargiem ziemas apst\u0101k\u013ciem, apledoju\u0161iem, reti t\u012br\u012btiem un gr\u016bti izbraucamiem ce\u013ciem, <\/span><b>IceMaster Spike Z-506 <\/b>b\u016bs piem\u0113rots sabiedrotais c\u012b\u0146\u0101 ar tiem.<\/span><\/p>\n","protected":false},"excerpt":{"rendered":"<p style=\"margin: 12.0pt 0cm 12.0pt 0cm;\"><b><span style=\"font-size: 11.0pt; font-family: 'Arial',sans-serif; color: black;\">Westlake IceMaster Spike Z-506 <\/span><\/b><span style=\"white-space: pre-wrap;\"><span style=\"font-size: 11.0pt; font-family: 'Arial',sans-serif; color: black;\">ir rad\u017eota ziemas riepa, kas paredz\u0113ta vieglajiem auto.\u00a0 \u0160\u012bs ziemas riepas \u012bpa\u0161i izce\u013cas ar labu sa\u0137eri uz apsnigu\u0161a vai apledoju\u0161a ce\u013ca. T\u0101s tiek gal\u0101 ar slapju ce\u013cu, nezaud\u0113jot manevr\u0113tsp\u0113ju, pateicoties mas\u012bvajiem plecu blokiem.<\/span><\/span><span style=\"font-family: 'Arial',sans-serif;\"><o:p><\/o:p><\/span><\/p>\n","protected":false},"featured_media":1141112,"template":"","meta":{"_acf_changed":false,"ngg_post_thumbnail":0},"product_brand":[],"product_cat":[45,48],"product_tag":[],"class_list":{"0":"post-289362","1":"product","2":"type-product","3":"status-publish","4":"has-post-thumbnail","6":"product_cat-ziemas-riepas","7":"product_cat-ziemas-ar-radzem","9":"first","10":"instock","11":"taxable","12":"shipping-taxable","13":"product-type-simple"},"acf":[],"yoast_head":"<!-- This site is optimized with the Yoast SEO Premium plugin v22.6 (Yoast SEO v27.3) - https:\/\/yoast.com\/product\/yoast-seo-premium-wordpress\/ -->\n<title>215\/65R16 Westlake IceMaster Spike Z-506 98T ar radz\u0113m &#8226; MMK Riepas<\/title>\n<meta name=\"robots\" content=\"index, follow, max-snippet:-1, max-image-preview:large, max-video-preview:-1\" \/>\n<link rel=\"canonical\" href=\"https:\/\/mmkriepas.lv\/en\/p\/215-65r16-westlake-icemaster-spike-z-506-98t-ar-radzem\/\" \/>\n<meta property=\"og:locale\" content=\"en_US\" \/>\n<meta property=\"og:type\" content=\"article\" \/>\n<meta property=\"og:title\" content=\"215\/65R16 Westlake IceMaster Spike Z-506 98T ar radz\u0113m\" \/>\n<meta property=\"og:description\" content=\"Westlake IceMaster Spike Z-506 ir rad\u017eota ziemas riepa, kas paredz\u0113ta vieglajiem auto.\u00a0 \u0160\u012bs ziemas riepas \u012bpa\u0161i izce\u013cas ar labu sa\u0137eri uz apsnigu\u0161a vai apledoju\u0161a ce\u013ca. T\u0101s tiek gal\u0101 ar slapju ce\u013cu, nezaud\u0113jot manevr\u0113tsp\u0113ju, pateicoties mas\u012bvajiem plecu blokiem.\" \/>\n<meta property=\"og:url\" content=\"https:\/\/mmkriepas.lv\/en\/p\/215-65r16-westlake-icemaster-spike-z-506-98t-ar-radzem\/\" \/>\n<meta property=\"og:site_name\" content=\"MMK Riepas\" \/>\n<meta property=\"article:publisher\" content=\"https:\/\/www.facebook.com\/mmkserviss\/\" \/>\n<meta property=\"article:modified_time\" content=\"2024-12-05T17:03:07+00:00\" \/>\n<meta property=\"og:image\" content=\"https:\/\/mmkriepas.lv\/wp-content\/uploads\/2024\/12\/22545r17-westlake-icemaster-spike-z-506-94h-xl-ar-radzem-ziemas-riepas-ziemas-ar-radzem-riepas.jpg\" \/>\n\t<meta property=\"og:image:width\" content=\"900\" \/>\n\t<meta property=\"og:image:height\" content=\"720\" \/>\n\t<meta property=\"og:image:type\" content=\"image\/jpeg\" \/>\n<meta name=\"twitter:card\" content=\"summary_large_image\" \/>\n<meta name=\"twitter:label1\" content=\"Price\" \/>\n\t<meta name=\"twitter:data1\" content=\"&euro;97.00\" \/>\n\t<meta name=\"twitter:label2\" content=\"Availability\" \/>\n\t<meta name=\"twitter:data2\" content=\"In stock\" \/>\n<script type=\"application\/ld+json\" class=\"yoast-schema-graph\">{\"@context\":\"https:\\\/\\\/schema.org\",\"@graph\":[{\"@type\":\"WebPage\",\"@id\":\"https:\\\/\\\/mmkriepas.lv\\\/en\\\/p\\\/215-65r16-westlake-icemaster-spike-z-506-98t-ar-radzem\\\/\",\"url\":\"https:\\\/\\\/mmkriepas.lv\\\/en\\\/p\\\/215-65r16-westlake-icemaster-spike-z-506-98t-ar-radzem\\\/\",\"name\":\"215\\\/65R16 Westlake IceMaster Spike Z-506 98T ar radz\u0113m &#8226; MMK Riepas\",\"isPartOf\":{\"@id\":\"https:\\\/\\\/mmkriepas.lv\\\/en\\\/#website\"},\"primaryImageOfPage\":{\"@id\":\"https:\\\/\\\/mmkriepas.lv\\\/en\\\/p\\\/215-65r16-westlake-icemaster-spike-z-506-98t-ar-radzem\\\/#primaryimage\"},\"image\":{\"@id\":\"https:\\\/\\\/mmkriepas.lv\\\/en\\\/p\\\/215-65r16-westlake-icemaster-spike-z-506-98t-ar-radzem\\\/#primaryimage\"},\"thumbnailUrl\":\"https:\\\/\\\/mmkriepas.lv\\\/wp-content\\\/uploads\\\/2024\\\/12\\\/22545r17-westlake-icemaster-spike-z-506-94h-xl-ar-radzem-ziemas-riepas-ziemas-ar-radzem-riepas.jpg\",\"datePublished\":\"2022-08-16T03:54:45+00:00\",\"dateModified\":\"2024-12-05T17:03:07+00:00\",\"breadcrumb\":{\"@id\":\"https:\\\/\\\/mmkriepas.lv\\\/en\\\/p\\\/215-65r16-westlake-icemaster-spike-z-506-98t-ar-radzem\\\/#breadcrumb\"},\"inLanguage\":\"en-US\",\"potentialAction\":[{\"@type\":\"ReadAction\",\"target\":[\"https:\\\/\\\/mmkriepas.lv\\\/en\\\/p\\\/215-65r16-westlake-icemaster-spike-z-506-98t-ar-radzem\\\/\"]}]},{\"@type\":\"ImageObject\",\"inLanguage\":\"en-US\",\"@id\":\"https:\\\/\\\/mmkriepas.lv\\\/en\\\/p\\\/215-65r16-westlake-icemaster-spike-z-506-98t-ar-radzem\\\/#primaryimage\",\"url\":\"https:\\\/\\\/mmkriepas.lv\\\/wp-content\\\/uploads\\\/2024\\\/12\\\/22545r17-westlake-icemaster-spike-z-506-94h-xl-ar-radzem-ziemas-riepas-ziemas-ar-radzem-riepas.jpg\",\"contentUrl\":\"https:\\\/\\\/mmkriepas.lv\\\/wp-content\\\/uploads\\\/2024\\\/12\\\/22545r17-westlake-icemaster-spike-z-506-94h-xl-ar-radzem-ziemas-riepas-ziemas-ar-radzem-riepas.jpg\",\"width\":900,\"height\":720,\"caption\":\"225\\\/45R17 Westlake IceMaster Spike Z-506 94H XL ar radz\u0113m - Ziemas riepas \\\/ Ziemas ar radz\u0113m riepas\"},{\"@type\":\"BreadcrumbList\",\"@id\":\"https:\\\/\\\/mmkriepas.lv\\\/en\\\/p\\\/215-65r16-westlake-icemaster-spike-z-506-98t-ar-radzem\\\/#breadcrumb\",\"itemListElement\":[{\"@type\":\"ListItem\",\"position\":1,\"name\":\"S\u0101kums\",\"item\":\"https:\\\/\\\/mmkriepas.lv\\\/en\\\/\"},{\"@type\":\"ListItem\",\"position\":2,\"name\":\"215\\\/65R16 Westlake IceMaster Spike Z-506 98T ar radz\u0113m\"}]},{\"@type\":\"WebSite\",\"@id\":\"https:\\\/\\\/mmkriepas.lv\\\/en\\\/#website\",\"url\":\"https:\\\/\\\/mmkriepas.lv\\\/en\\\/\",\"name\":\"MMK Riepas\",\"description\":\"MMK Riepas\",\"alternateName\":\"MMK Riepu Serviss\",\"potentialAction\":[{\"@type\":\"SearchAction\",\"target\":{\"@type\":\"EntryPoint\",\"urlTemplate\":\"https:\\\/\\\/mmkriepas.lv\\\/en\\\/?s={search_term_string}\"},\"query-input\":{\"@type\":\"PropertyValueSpecification\",\"valueRequired\":true,\"valueName\":\"search_term_string\"}}],\"inLanguage\":\"en-US\"},{\"@type\":\"ImageObject\",\"inLanguage\":\"en-US\",\"@id\":\"https:\\\/\\\/mmkriepas.lv\\\/en\\\/p\\\/215-65r16-westlake-icemaster-spike-z-506-98t-ar-radzem\\\/#local-main-organization-logo\",\"url\":\"\",\"contentUrl\":\"\",\"caption\":\"MMK Riepas\"}]}<\/script>\n<meta property=\"product:brand\" content=\"Westlake IceMaster Spike Z-506\" \/>\n<meta property=\"product:price:amount\" content=\"97.00\" \/>\n<meta property=\"product:price:currency\" content=\"EUR\" \/>\n<meta property=\"og:availability\" content=\"instock\" \/>\n<meta property=\"product:availability\" content=\"instock\" \/>\n<meta property=\"product:retailer_item_id\" content=\"TR2156516WESTL-L5809\" \/>\n<meta property=\"product:condition\" content=\"new\" \/>\n<!-- \/ Yoast SEO Premium plugin. -->","yoast_head_json":{"title":"215\/65R16 Westlake IceMaster Spike Z-506 98T ar radz\u0113m &#8226; MMK Riepas","robots":{"index":"index","follow":"follow","max-snippet":"max-snippet:-1","max-image-preview":"max-image-preview:large","max-video-preview":"max-video-preview:-1"},"canonical":"https:\/\/mmkriepas.lv\/en\/p\/215-65r16-westlake-icemaster-spike-z-506-98t-ar-radzem\/","og_locale":"en_US","og_type":"article","og_title":"215\/65R16 Westlake IceMaster Spike Z-506 98T ar radz\u0113m","og_description":"Westlake IceMaster Spike Z-506 ir rad\u017eota ziemas riepa, kas paredz\u0113ta vieglajiem auto.\u00a0 \u0160\u012bs ziemas riepas \u012bpa\u0161i izce\u013cas ar labu sa\u0137eri uz apsnigu\u0161a vai apledoju\u0161a ce\u013ca. T\u0101s tiek gal\u0101 ar slapju ce\u013cu, nezaud\u0113jot manevr\u0113tsp\u0113ju, pateicoties mas\u012bvajiem plecu blokiem.","og_url":"https:\/\/mmkriepas.lv\/en\/p\/215-65r16-westlake-icemaster-spike-z-506-98t-ar-radzem\/","og_site_name":"MMK Riepas","article_publisher":"https:\/\/www.facebook.com\/mmkserviss\/","article_modified_time":"2024-12-05T17:03:07+00:00","og_image":[{"width":900,"height":720,"url":"https:\/\/mmkriepas.lv\/wp-content\/uploads\/2024\/12\/22545r17-westlake-icemaster-spike-z-506-94h-xl-ar-radzem-ziemas-riepas-ziemas-ar-radzem-riepas.jpg","type":"image\/jpeg"}],"twitter_card":"summary_large_image","twitter_misc":{"Price":"&euro;97.00","Availability":"In stock"},"schema":{"@context":"https:\/\/schema.org","@graph":[{"@type":"WebPage","@id":"https:\/\/mmkriepas.lv\/en\/p\/215-65r16-westlake-icemaster-spike-z-506-98t-ar-radzem\/","url":"https:\/\/mmkriepas.lv\/en\/p\/215-65r16-westlake-icemaster-spike-z-506-98t-ar-radzem\/","name":"215\/65R16 Westlake IceMaster Spike Z-506 98T ar radz\u0113m &#8226; MMK Riepas","isPartOf":{"@id":"https:\/\/mmkriepas.lv\/en\/#website"},"primaryImageOfPage":{"@id":"https:\/\/mmkriepas.lv\/en\/p\/215-65r16-westlake-icemaster-spike-z-506-98t-ar-radzem\/#primaryimage"},"image":{"@id":"https:\/\/mmkriepas.lv\/en\/p\/215-65r16-westlake-icemaster-spike-z-506-98t-ar-radzem\/#primaryimage"},"thumbnailUrl":"https:\/\/mmkriepas.lv\/wp-content\/uploads\/2024\/12\/22545r17-westlake-icemaster-spike-z-506-94h-xl-ar-radzem-ziemas-riepas-ziemas-ar-radzem-riepas.jpg","datePublished":"2022-08-16T03:54:45+00:00","dateModified":"2024-12-05T17:03:07+00:00","breadcrumb":{"@id":"https:\/\/mmkriepas.lv\/en\/p\/215-65r16-westlake-icemaster-spike-z-506-98t-ar-radzem\/#breadcrumb"},"inLanguage":"en-US","potentialAction":[{"@type":"ReadAction","target":["https:\/\/mmkriepas.lv\/en\/p\/215-65r16-westlake-icemaster-spike-z-506-98t-ar-radzem\/"]}]},{"@type":"ImageObject","inLanguage":"en-US","@id":"https:\/\/mmkriepas.lv\/en\/p\/215-65r16-westlake-icemaster-spike-z-506-98t-ar-radzem\/#primaryimage","url":"https:\/\/mmkriepas.lv\/wp-content\/uploads\/2024\/12\/22545r17-westlake-icemaster-spike-z-506-94h-xl-ar-radzem-ziemas-riepas-ziemas-ar-radzem-riepas.jpg","contentUrl":"https:\/\/mmkriepas.lv\/wp-content\/uploads\/2024\/12\/22545r17-westlake-icemaster-spike-z-506-94h-xl-ar-radzem-ziemas-riepas-ziemas-ar-radzem-riepas.jpg","width":900,"height":720,"caption":"225\/45R17 Westlake IceMaster Spike Z-506 94H XL ar radz\u0113m - Ziemas riepas \/ Ziemas ar radz\u0113m riepas"},{"@type":"BreadcrumbList","@id":"https:\/\/mmkriepas.lv\/en\/p\/215-65r16-westlake-icemaster-spike-z-506-98t-ar-radzem\/#breadcrumb","itemListElement":[{"@type":"ListItem","position":1,"name":"S\u0101kums","item":"https:\/\/mmkriepas.lv\/en\/"},{"@type":"ListItem","position":2,"name":"215\/65R16 Westlake IceMaster Spike Z-506 98T ar radz\u0113m"}]},{"@type":"WebSite","@id":"https:\/\/mmkriepas.lv\/en\/#website","url":"https:\/\/mmkriepas.lv\/en\/","name":"MMK Riepas","description":"MMK Riepas","alternateName":"MMK Riepu Serviss","potentialAction":[{"@type":"SearchAction","target":{"@type":"EntryPoint","urlTemplate":"https:\/\/mmkriepas.lv\/en\/?s={search_term_string}"},"query-input":{"@type":"PropertyValueSpecification","valueRequired":true,"valueName":"search_term_string"}}],"inLanguage":"en-US"},{"@type":"ImageObject","inLanguage":"en-US","@id":"https:\/\/mmkriepas.lv\/en\/p\/215-65r16-westlake-icemaster-spike-z-506-98t-ar-radzem\/#local-main-organization-logo","url":"","contentUrl":"","caption":"MMK Riepas"}]},"product_brand":"Westlake IceMaster Spike Z-506","product_price_amount":"97.00","product_price_currency":"EUR","og_availability":"instock","product_availability":"instock","product_retailer_item_id":"TR2156516WESTL-L5809","product_condition":"new"},"_links":{"self":[{"href":"https:\/\/mmkriepas.lv\/en\/wp-json\/wp\/v2\/product\/289362","targetHints":{"allow":["GET"]}}],"collection":[{"href":"https:\/\/mmkriepas.lv\/en\/wp-json\/wp\/v2\/product"}],"about":[{"href":"https:\/\/mmkriepas.lv\/en\/wp-json\/wp\/v2\/types\/product"}],"wp:featuredmedia":[{"embeddable":true,"href":"https:\/\/mmkriepas.lv\/en\/wp-json\/wp\/v2\/media\/1141112"}],"wp:attachment":[{"href":"https:\/\/mmkriepas.lv\/en\/wp-json\/wp\/v2\/media?parent=289362"}],"wp:term":[{"taxonomy":"product_brand","embeddable":true,"href":"https:\/\/mmkriepas.lv\/en\/wp-json\/wp\/v2\/product_brand?post=289362"},{"taxonomy":"product_cat","embeddable":true,"href":"https:\/\/mmkriepas.lv\/en\/wp-json\/wp\/v2\/product_cat?post=289362"},{"taxonomy":"product_tag","embeddable":true,"href":"https:\/\/mmkriepas.lv\/en\/wp-json\/wp\/v2\/product_tag?post=289362"}],"curies":[{"name":"wp","href":"https:\/\/api.w.org\/{rel}","templated":true}]}}