{"id":289350,"date":"2022-08-16T06:54:12","date_gmt":"2022-08-16T03:54:12","guid":{"rendered":"https:\/\/mmkserviss.lv\/?post_type=product&#038;p=289350"},"modified":"2026-03-27T12:08:36","modified_gmt":"2026-03-27T10:08:36","slug":"215-65r16-westlake-sw608-98h","status":"publish","type":"product","link":"https:\/\/mmkriepas.lv\/en\/p\/215-65r16-westlake-sw608-98h\/","title":{"rendered":"215\/65R16 Westlake SW608 98H"},"content":{"rendered":"<p><span style=\"font-family: Times New Roman, serif;\"><span style=\"font-size: medium;\"><strong><span style=\"font-family: Arial, serif;\">Westlake<\/span><\/strong><strong><span style=\"font-family: Arial, serif;\"> SW608<\/span><\/strong><span style=\"font-family: Arial, serif;\"> ziemas riepu modelis ir viens no popul\u0101r\u0101 \u0136\u012bnas ra\u017eot\u0101ja jaun\u0101kajiem sniegumiem. \u0160is modelis ar sal\u012bdzino\u0161i zem\u0101m izmaks\u0101m ir rakstur\u012bgs ar labu dro\u0161\u012bbas l\u012bmeni, ko var nov\u0113rot da\u017e\u0101dos ziemas apst\u0101k\u013cos, neskatoties uz to, ka riepa nav apr\u012bkota ar radz\u0113m. Daudzos aspektos tas ir Eiropas un Zieme\u013camerikas ekspertu nopelns, kuri bija iesaist\u012bti \u0161\u012bs riepas dizain\u0113\u0161an\u0101.<\/span><\/span><\/span><\/p>\n<h3 class=\"western\"><span style=\"color: #000000;\"><b><span style=\"font-family: Arial, serif;\">SW608 riepu galven\u0101s iez\u012bmes<\/span><\/b><\/span><\/h3>\n<p><span style=\"font-family: Times New Roman, serif;\"><span style=\"font-size: medium;\"><span style=\"font-family: Arial, serif;\">+ Riepa ir konstru\u0113ta, izmantojot jaun\u0101k\u0101s tehnolo\u0123ijas, ko nodro\u0161ina atz\u012bti Eiropas un Zieme\u013camerikas ra\u017eot\u0101ji; <\/span><\/span><\/span><\/p>\n<p><span style=\"font-family: Times New Roman, serif;\"><span style=\"font-size: medium;\"><span style=\"font-family: Arial, serif;\">+ Simetriskais virzienveida protektora z\u012bm\u0113jums nodro\u0161ina lielisku vilkmi visos ziemas apst\u0101k\u013cos; <\/span><\/span><\/span><\/p>\n<p><span style=\"font-family: Times New Roman, serif;\"><span style=\"font-size: medium;\"><span style=\"font-family: Arial, serif;\">+ \u013coti pla\u0161a garenisk\u0101 centr\u0101l\u0101 riba \u013cauj riepai demonstr\u0113t izcilu virziena stabilit\u0101ti un rea\u0123\u0113tsp\u0113ju ar samazin\u0101tu rites pretest\u012bbu; <\/span><\/span><\/span><\/p>\n<p><span style=\"font-family: Times New Roman, serif;\"><span style=\"font-size: medium;\"><span style=\"font-family: Arial, serif;\">+ pastiprin\u0101ts plecu zonu dizains, kur\u0101 ir daudz mas\u012bvu \u0161\u0137\u0113rsenisku taisnst\u016bra bloku, uzlabo pa\u0101trin\u0101juma un pal\u0113nin\u0101juma efektivit\u0101ti, \u012bpa\u0161i uz sliden\u0101m virsm\u0101m; <\/span><\/span><\/span><\/p>\n<p><span style=\"font-family: Times New Roman, serif;\"><span style=\"font-size: medium;\"><span style=\"font-family: Arial, serif;\">+ labas garenisk\u0101s vilces un sa\u0137eres \u012bpa\u0161\u012bbas uz ledus, pateicoties neskait\u0101m\u0101m lamel\u0113m.<\/span><\/span><\/span><\/p>\n<h3 class=\"western\"><span style=\"color: #000000;\"><b><span style=\"font-family: Arial, serif;\">SW608 protektora raksts<\/span><\/b><\/span><\/h3>\n<p><span style=\"font-family: Times New Roman, serif;\"><span style=\"font-size: medium;\"><span style=\"font-family: Arial, serif;\">Viena no ori\u0123in\u0101l\u0101m \u0161\u012b mode\u013ca protektora z\u012bm\u0113juma \u012bpa\u0161\u012bb\u0101m ir dubult\u0101 garenisk\u0101 riba, kas atrodas protektora centr\u0101. Abas kop\u0101 t\u0101s veido stingru riepas strukt\u016bru, kas \u013c\u0101va modelim pie\u0161\u0137irt vair\u0101kas \u0101rk\u0101rt\u012bgi svar\u012bgas \u012bpa\u0161\u012bbas, ja run\u0101jam par vad\u0101m\u012bbu un dro\u0161\u012bbu. Pirmk\u0101rt, <\/span><span style=\"font-family: Arial, serif;\">Westlake<\/span><strong><span style=\"font-family: Arial, serif;\"> SW608<\/span><\/strong><span style=\"font-family: Arial, serif;\"> ir lieliska virziena stabilit\u0101te, braucot ar jebkuru \u0101trumu, k\u0101 ar\u012b \u0101tra un prec\u012bza reakcija uz vad\u012bt\u0101ja komand\u0101m. J\u0101piemin ar\u012b iev\u0113rojama rites pretest\u012bbas samazin\u0101\u0161an\u0101s, kas tika pan\u0101kta dubult\u0101s centr\u0101l\u0101s garenisk\u0101s ribas konstrukcijas d\u0113\u013c.V\u0113l viena \u0161\u012bs riepas protektora z\u012bm\u0113juma at\u0161\u0137ir\u012bg\u0101 iez\u012bme ir plecu zonu dizains. Tie izce\u013cas ar pastiprin\u0101tu strukt\u016bru, k\u0101 ar\u012b mas\u012bv\u0101kiem taisnst\u016brveida blokiem, kas izvietoti perpendikul\u0101ri kust\u012bbas virzienam. Kombin\u0101cij\u0101 ar or\u0123\u012bn\u0101lo protektora dizainu, \u0161\u012b unikal\u0101<\/span><strong><span style=\"font-family: Arial, serif;\"> SW608<\/span><\/strong><span style=\"font-family: Arial, serif;\"> konstrukcija \u013cauj riepai sevi pier\u0101d\u012bt lieliski da\u017eados apst\u0101k\u013cos. <\/span><\/span><\/span><\/p>\n<p><span style=\"font-family: Times New Roman, serif;\"><span style=\"font-size: medium;\"><strong><span style=\"color: #ff0000;\"><span style=\"font-family: Arial, serif;\">Westlake<\/span><\/span><\/strong><strong><span style=\"color: #ff0000;\"><span style=\"font-family: Arial, serif;\"> SW608<\/span><\/span><\/strong><span style=\"color: #ff0000;\"><span style=\"font-family: Arial, serif;\"> mode\u013ca lieto\u0161anas dro\u0161\u012bbu ziemas laika apst\u0101k\u013cos un t\u0101 atbilst\u012bbu valst\u012bm ar oblig\u0101tu sezon\u0101lo riepu mai\u0146u apstiprina mar\u0137\u0113jums sniegp\u0101rslas form\u0101 uz kalna fona ar trim virsotn\u0113m (3PMSF).<\/span><\/span><\/span><\/span><\/p>\n","protected":false},"excerpt":{"rendered":"<p><span style=\"font-family: Times New Roman, serif;\"><span style=\"font-size: medium;\"><strong><span style=\"font-family: Arial, serif;\">Westlake<\/span><\/strong><strong><span style=\"font-family: Arial, serif;\"> SW608<\/span><\/strong><span style=\"font-family: Arial, serif;\"> ziemas riepu modelis ir viens no popul\u0101r\u0101 \u0136\u012bnas ra\u017eot\u0101ja jaun\u0101kajiem sniegumiem. \u0160is modelis ar sal\u012bdzino\u0161i zem\u0101m izmaks\u0101m ir rakstur\u012bgs ar labu dro\u0161\u012bbas l\u012bmeni, ko var nov\u0113rot da\u017e\u0101dos ziemas apst\u0101k\u013cos, neskatoties uz to, ka riepa nav apr\u012bkota ar radz\u0113m. Daudzos aspektos tas ir Eiropas un Zieme\u013camerikas ekspertu nopelns, kuri bija iesaist\u012bti \u0161\u012bs riepas dizain\u0113\u0161an\u0101.<\/span><\/span><\/span><\/p>\n","protected":false},"featured_media":835171,"template":"","meta":{"_acf_changed":false,"ngg_post_thumbnail":0},"product_brand":[],"product_cat":[47,45],"product_tag":[],"class_list":{"0":"post-289350","1":"product","2":"type-product","3":"status-publish","4":"has-post-thumbnail","6":"product_cat-vissezonas-riepas","7":"product_cat-ziemas-riepas","9":"first","10":"instock","11":"sale","12":"taxable","13":"shipping-taxable","14":"purchasable","15":"product-type-simple"},"acf":[],"yoast_head":"<!-- This site is optimized with the Yoast SEO Premium plugin v22.6 (Yoast SEO v27.3) - https:\/\/yoast.com\/product\/yoast-seo-premium-wordpress\/ -->\n<title>215\/65R16 Westlake SW608 98H &#8226; MMK Riepas<\/title>\n<meta name=\"description\" content=\"Westlake SW608- ar tehnolo\u0123isk\u0101m inov\u0101cij\u0101m apvelt\u012bta bud\u017eeta klases ziemas riepa. Pieejama abos MMK Riepu centros par visizdev\u012bg\u0101kaj\u0101m cen\u0101m!\" \/>\n<meta name=\"robots\" content=\"index, follow, max-snippet:-1, max-image-preview:large, max-video-preview:-1\" \/>\n<link rel=\"canonical\" href=\"https:\/\/mmkriepas.lv\/en\/p\/215-65r16-westlake-sw608-98h\/\" \/>\n<meta property=\"og:locale\" content=\"en_US\" \/>\n<meta property=\"og:type\" content=\"article\" \/>\n<meta property=\"og:title\" content=\"215\/65R16 Westlake SW608 98H\" \/>\n<meta property=\"og:description\" content=\"Westlake SW608- ar tehnolo\u0123isk\u0101m inov\u0101cij\u0101m apvelt\u012bta bud\u017eeta klases ziemas riepa. Pieejama abos MMK Riepu centros par visizdev\u012bg\u0101kaj\u0101m cen\u0101m!\" \/>\n<meta property=\"og:url\" content=\"https:\/\/mmkriepas.lv\/en\/p\/215-65r16-westlake-sw608-98h\/\" \/>\n<meta property=\"og:site_name\" content=\"MMK Riepas\" \/>\n<meta property=\"article:publisher\" content=\"https:\/\/www.facebook.com\/mmkserviss\/\" \/>\n<meta property=\"article:modified_time\" content=\"2026-03-27T10:08:36+00:00\" \/>\n<meta property=\"og:image\" content=\"https:\/\/mmkriepas.lv\/wp-content\/uploads\/2023\/12\/20545r17-westlake-sw608-88h-ziemas-riepas.jpg\" \/>\n\t<meta property=\"og:image:width\" content=\"1920\" \/>\n\t<meta property=\"og:image:height\" content=\"1920\" \/>\n\t<meta property=\"og:image:type\" content=\"image\/jpeg\" \/>\n<meta name=\"twitter:card\" content=\"summary_large_image\" \/>\n<meta name=\"twitter:label1\" content=\"Price\" \/>\n\t<meta name=\"twitter:data1\" content=\"&euro;64.00\" \/>\n\t<meta name=\"twitter:label2\" content=\"Availability\" \/>\n\t<meta name=\"twitter:data2\" content=\"In stock\" \/>\n<script type=\"application\/ld+json\" class=\"yoast-schema-graph\">{\"@context\":\"https:\\\/\\\/schema.org\",\"@graph\":[{\"@type\":\"WebPage\",\"@id\":\"https:\\\/\\\/mmkriepas.lv\\\/en\\\/p\\\/215-65r16-westlake-sw608-98h\\\/\",\"url\":\"https:\\\/\\\/mmkriepas.lv\\\/en\\\/p\\\/215-65r16-westlake-sw608-98h\\\/\",\"name\":\"215\\\/65R16 Westlake SW608 98H &#8226; MMK Riepas\",\"isPartOf\":{\"@id\":\"https:\\\/\\\/mmkriepas.lv\\\/en\\\/#website\"},\"primaryImageOfPage\":{\"@id\":\"https:\\\/\\\/mmkriepas.lv\\\/en\\\/p\\\/215-65r16-westlake-sw608-98h\\\/#primaryimage\"},\"image\":{\"@id\":\"https:\\\/\\\/mmkriepas.lv\\\/en\\\/p\\\/215-65r16-westlake-sw608-98h\\\/#primaryimage\"},\"thumbnailUrl\":\"https:\\\/\\\/mmkriepas.lv\\\/wp-content\\\/uploads\\\/2023\\\/12\\\/20545r17-westlake-sw608-88h-ziemas-riepas.jpg\",\"datePublished\":\"2022-08-16T03:54:12+00:00\",\"dateModified\":\"2026-03-27T10:08:36+00:00\",\"description\":\"Westlake SW608- ar tehnolo\u0123isk\u0101m inov\u0101cij\u0101m apvelt\u012bta bud\u017eeta klases ziemas riepa. Pieejama abos MMK Riepu centros par visizdev\u012bg\u0101kaj\u0101m cen\u0101m!\",\"breadcrumb\":{\"@id\":\"https:\\\/\\\/mmkriepas.lv\\\/en\\\/p\\\/215-65r16-westlake-sw608-98h\\\/#breadcrumb\"},\"inLanguage\":\"en-US\",\"potentialAction\":[{\"@type\":\"ReadAction\",\"target\":[\"https:\\\/\\\/mmkriepas.lv\\\/en\\\/p\\\/215-65r16-westlake-sw608-98h\\\/\"]}]},{\"@type\":\"ImageObject\",\"inLanguage\":\"en-US\",\"@id\":\"https:\\\/\\\/mmkriepas.lv\\\/en\\\/p\\\/215-65r16-westlake-sw608-98h\\\/#primaryimage\",\"url\":\"https:\\\/\\\/mmkriepas.lv\\\/wp-content\\\/uploads\\\/2023\\\/12\\\/20545r17-westlake-sw608-88h-ziemas-riepas.jpg\",\"contentUrl\":\"https:\\\/\\\/mmkriepas.lv\\\/wp-content\\\/uploads\\\/2023\\\/12\\\/20545r17-westlake-sw608-88h-ziemas-riepas.jpg\",\"width\":1920,\"height\":1920,\"caption\":\"205\\\/45R17 Westlake SW608 88H - Vissezonas riepas \\\/ Ziemas riepas\"},{\"@type\":\"BreadcrumbList\",\"@id\":\"https:\\\/\\\/mmkriepas.lv\\\/en\\\/p\\\/215-65r16-westlake-sw608-98h\\\/#breadcrumb\",\"itemListElement\":[{\"@type\":\"ListItem\",\"position\":1,\"name\":\"S\u0101kums\",\"item\":\"https:\\\/\\\/mmkriepas.lv\\\/en\\\/\"},{\"@type\":\"ListItem\",\"position\":2,\"name\":\"215\\\/65R16 Westlake SW608 98H\"}]},{\"@type\":\"WebSite\",\"@id\":\"https:\\\/\\\/mmkriepas.lv\\\/en\\\/#website\",\"url\":\"https:\\\/\\\/mmkriepas.lv\\\/en\\\/\",\"name\":\"MMK Riepas\",\"description\":\"MMK Riepas\",\"alternateName\":\"MMK Riepu Serviss\",\"potentialAction\":[{\"@type\":\"SearchAction\",\"target\":{\"@type\":\"EntryPoint\",\"urlTemplate\":\"https:\\\/\\\/mmkriepas.lv\\\/en\\\/?s={search_term_string}\"},\"query-input\":{\"@type\":\"PropertyValueSpecification\",\"valueRequired\":true,\"valueName\":\"search_term_string\"}}],\"inLanguage\":\"en-US\"},{\"@type\":\"ImageObject\",\"inLanguage\":\"en-US\",\"@id\":\"https:\\\/\\\/mmkriepas.lv\\\/en\\\/p\\\/215-65r16-westlake-sw608-98h\\\/#local-main-organization-logo\",\"url\":\"\",\"contentUrl\":\"\",\"caption\":\"MMK Riepas\"}]}<\/script>\n<meta property=\"product:brand\" content=\"Westlake SW608\" \/>\n<meta property=\"product:price:amount\" content=\"64.00\" \/>\n<meta property=\"product:price:currency\" content=\"EUR\" \/>\n<meta property=\"og:availability\" content=\"instock\" \/>\n<meta property=\"product:availability\" content=\"instock\" \/>\n<meta property=\"product:retailer_item_id\" content=\"TW2156516WESTL-L5805\" \/>\n<meta property=\"product:condition\" content=\"new\" \/>\n<!-- \/ Yoast SEO Premium plugin. -->","yoast_head_json":{"title":"215\/65R16 Westlake SW608 98H &#8226; MMK Riepas","description":"Westlake SW608- ar tehnolo\u0123isk\u0101m inov\u0101cij\u0101m apvelt\u012bta bud\u017eeta klases ziemas riepa. Pieejama abos MMK Riepu centros par visizdev\u012bg\u0101kaj\u0101m cen\u0101m!","robots":{"index":"index","follow":"follow","max-snippet":"max-snippet:-1","max-image-preview":"max-image-preview:large","max-video-preview":"max-video-preview:-1"},"canonical":"https:\/\/mmkriepas.lv\/en\/p\/215-65r16-westlake-sw608-98h\/","og_locale":"en_US","og_type":"article","og_title":"215\/65R16 Westlake SW608 98H","og_description":"Westlake SW608- ar tehnolo\u0123isk\u0101m inov\u0101cij\u0101m apvelt\u012bta bud\u017eeta klases ziemas riepa. Pieejama abos MMK Riepu centros par visizdev\u012bg\u0101kaj\u0101m cen\u0101m!","og_url":"https:\/\/mmkriepas.lv\/en\/p\/215-65r16-westlake-sw608-98h\/","og_site_name":"MMK Riepas","article_publisher":"https:\/\/www.facebook.com\/mmkserviss\/","article_modified_time":"2026-03-27T10:08:36+00:00","og_image":[{"width":1920,"height":1920,"url":"https:\/\/mmkriepas.lv\/wp-content\/uploads\/2023\/12\/20545r17-westlake-sw608-88h-ziemas-riepas.jpg","type":"image\/jpeg"}],"twitter_card":"summary_large_image","twitter_misc":{"Price":"&euro;64.00","Availability":"In stock"},"schema":{"@context":"https:\/\/schema.org","@graph":[{"@type":"WebPage","@id":"https:\/\/mmkriepas.lv\/en\/p\/215-65r16-westlake-sw608-98h\/","url":"https:\/\/mmkriepas.lv\/en\/p\/215-65r16-westlake-sw608-98h\/","name":"215\/65R16 Westlake SW608 98H &#8226; MMK Riepas","isPartOf":{"@id":"https:\/\/mmkriepas.lv\/en\/#website"},"primaryImageOfPage":{"@id":"https:\/\/mmkriepas.lv\/en\/p\/215-65r16-westlake-sw608-98h\/#primaryimage"},"image":{"@id":"https:\/\/mmkriepas.lv\/en\/p\/215-65r16-westlake-sw608-98h\/#primaryimage"},"thumbnailUrl":"https:\/\/mmkriepas.lv\/wp-content\/uploads\/2023\/12\/20545r17-westlake-sw608-88h-ziemas-riepas.jpg","datePublished":"2022-08-16T03:54:12+00:00","dateModified":"2026-03-27T10:08:36+00:00","description":"Westlake SW608- ar tehnolo\u0123isk\u0101m inov\u0101cij\u0101m apvelt\u012bta bud\u017eeta klases ziemas riepa. Pieejama abos MMK Riepu centros par visizdev\u012bg\u0101kaj\u0101m cen\u0101m!","breadcrumb":{"@id":"https:\/\/mmkriepas.lv\/en\/p\/215-65r16-westlake-sw608-98h\/#breadcrumb"},"inLanguage":"en-US","potentialAction":[{"@type":"ReadAction","target":["https:\/\/mmkriepas.lv\/en\/p\/215-65r16-westlake-sw608-98h\/"]}]},{"@type":"ImageObject","inLanguage":"en-US","@id":"https:\/\/mmkriepas.lv\/en\/p\/215-65r16-westlake-sw608-98h\/#primaryimage","url":"https:\/\/mmkriepas.lv\/wp-content\/uploads\/2023\/12\/20545r17-westlake-sw608-88h-ziemas-riepas.jpg","contentUrl":"https:\/\/mmkriepas.lv\/wp-content\/uploads\/2023\/12\/20545r17-westlake-sw608-88h-ziemas-riepas.jpg","width":1920,"height":1920,"caption":"205\/45R17 Westlake SW608 88H - Vissezonas riepas \/ Ziemas riepas"},{"@type":"BreadcrumbList","@id":"https:\/\/mmkriepas.lv\/en\/p\/215-65r16-westlake-sw608-98h\/#breadcrumb","itemListElement":[{"@type":"ListItem","position":1,"name":"S\u0101kums","item":"https:\/\/mmkriepas.lv\/en\/"},{"@type":"ListItem","position":2,"name":"215\/65R16 Westlake SW608 98H"}]},{"@type":"WebSite","@id":"https:\/\/mmkriepas.lv\/en\/#website","url":"https:\/\/mmkriepas.lv\/en\/","name":"MMK Riepas","description":"MMK Riepas","alternateName":"MMK Riepu Serviss","potentialAction":[{"@type":"SearchAction","target":{"@type":"EntryPoint","urlTemplate":"https:\/\/mmkriepas.lv\/en\/?s={search_term_string}"},"query-input":{"@type":"PropertyValueSpecification","valueRequired":true,"valueName":"search_term_string"}}],"inLanguage":"en-US"},{"@type":"ImageObject","inLanguage":"en-US","@id":"https:\/\/mmkriepas.lv\/en\/p\/215-65r16-westlake-sw608-98h\/#local-main-organization-logo","url":"","contentUrl":"","caption":"MMK Riepas"}]},"product_brand":"Westlake SW608","product_price_amount":"64.00","product_price_currency":"EUR","og_availability":"instock","product_availability":"instock","product_retailer_item_id":"TW2156516WESTL-L5805","product_condition":"new"},"_links":{"self":[{"href":"https:\/\/mmkriepas.lv\/en\/wp-json\/wp\/v2\/product\/289350","targetHints":{"allow":["GET"]}}],"collection":[{"href":"https:\/\/mmkriepas.lv\/en\/wp-json\/wp\/v2\/product"}],"about":[{"href":"https:\/\/mmkriepas.lv\/en\/wp-json\/wp\/v2\/types\/product"}],"wp:featuredmedia":[{"embeddable":true,"href":"https:\/\/mmkriepas.lv\/en\/wp-json\/wp\/v2\/media\/835171"}],"wp:attachment":[{"href":"https:\/\/mmkriepas.lv\/en\/wp-json\/wp\/v2\/media?parent=289350"}],"wp:term":[{"taxonomy":"product_brand","embeddable":true,"href":"https:\/\/mmkriepas.lv\/en\/wp-json\/wp\/v2\/product_brand?post=289350"},{"taxonomy":"product_cat","embeddable":true,"href":"https:\/\/mmkriepas.lv\/en\/wp-json\/wp\/v2\/product_cat?post=289350"},{"taxonomy":"product_tag","embeddable":true,"href":"https:\/\/mmkriepas.lv\/en\/wp-json\/wp\/v2\/product_tag?post=289350"}],"curies":[{"name":"wp","href":"https:\/\/api.w.org\/{rel}","templated":true}]}}