{"id":288681,"date":"2022-08-16T06:22:08","date_gmt":"2022-08-16T03:22:08","guid":{"rendered":"https:\/\/mmkserviss.lv\/?post_type=product&#038;p=288681"},"modified":"2026-03-19T23:42:03","modified_gmt":"2026-03-19T21:42:03","slug":"235-45r18-gripmax-suregrip-a-s-98w-xl","status":"publish","type":"product","link":"https:\/\/mmkriepas.lv\/en\/p\/235-45r18-gripmax-suregrip-a-s-98w-xl\/","title":{"rendered":"235\/45R18 Gripmax SureGrip A\/S 98W XL"},"content":{"rendered":"<p><span style=\"font-family: Times New Roman, serif;\"><span style=\"font-size: medium;\"><strong><span style=\"font-family: Arial, serif;\">Gripmax SureGrip A\/S<\/span><\/strong><span style=\"font-family: Arial, serif;\"> ir vissezonasriepu modelis, kas ir tend\u0113ts tie\u0161i uz Eiropas valstu tirgiem un ir paredz\u0113ts da\u017e\u0101du kla\u0161u automa\u0161\u012bnu apr\u012bko\u0161anai. To raksturo uzticama sa\u0137ere ar sausu un mitru ce\u013ca segumu, laba iztur\u012bba pret akvaplan\u0113\u0161anu un \u0101tra bremz\u0113\u0161ana pat vieglos sniega apst\u0101k\u013cos.\u00a0 <\/span><\/span><\/span><\/p>\n<h3 class=\"western\"><span style=\"font-family: Arial, serif;\">SureGrip A\/S galven\u0101s \u012bpa\u0161\u012bbas:<\/span><\/h3>\n<p><span style=\"font-family: Times New Roman, serif;\"><span style=\"font-size: medium;\"><span style=\"font-family: Arial, serif;\">-plati \u016bdens izvadkan\u0101li s\u0101nu plecu da\u013c\u0101 efekt\u012bvi izvada gan \u016bdeni gan sniega mais\u012bjumus;<\/span><\/span><\/span><\/p>\n<p><span style=\"font-family: Times New Roman, serif;\"><span style=\"font-size: medium;\"><span style=\"font-family: Arial, serif;\">-centr\u0101laj\u0101 da\u013c\u0101 riepas protektora bloki ir izvietoti r\u0101v\u0113jsl\u0113dz\u0113ja princip\u0101, tas nodro\u0161ina stabilu vilkmes sp\u0113ku jebk\u0101dos apst\u0101k\u013cos;<\/span><\/span><\/span><\/p>\n<p><span style=\"font-family: Times New Roman, serif;\"><span style=\"font-size: medium;\"><span style=\"font-family: Arial, serif;\">-protektora bloku izk\u0101rtojums veido divas riepu vispatvero\u0161as dren\u0101\u017eas rievas, blokiem ir p\u0101k\u0101pientipa s\u0101nu malas, kas pal\u012bdz nodro\u0161in\u0101t sa\u0137eri pat pie v\u0113r\u0101 \u0146emama nodiluma.<\/span><\/span><\/span><\/p>\n<h3 class=\"western\"><span style=\"font-family: Arial, serif;\">SureGrip A\/S vissezonai rakstur\u012bgs protektora raksts<\/span><\/h3>\n<p><span style=\"font-family: Times New Roman, serif;\"><span style=\"font-size: medium;\"><span style=\"font-family: Arial, serif;\">V veida protektora dizains, kas raksturo <\/span><strong><span style=\"font-family: Arial, serif;\">SureGrip A\/S <\/span><\/strong><strong><span style=\"font-family: Arial, serif;\"><span>riepu modeli<\/span><\/span><\/strong><span style=\"font-family: Arial, serif;\">, garant\u0113 labu riepas sa\u0137eri ar\u012b mitros apst\u0101k\u013cos. \u0160\u0101da tipa protektora raksts \u013coti \u0101tri izt\u012bra kontakta laukumu no \u016bdens un sniega. Uz protektora mal\u0101m v\u0113rstie izvadkan\u0101li, kas seko aiz katra protektora bloka, palielina riepas vilkmi gan garenvirzien\u0101 gan \u0161\u0137\u0113rsenisk\u0101 virzien\u0101. Turkl\u0101t, pateicoties pa\u0161blo\u0137\u0113\u0161an\u0101s funkcijai, kan\u0101li ierobe\u017eo slodz\u0113 eso\u0161o bloku deform\u0101cijuas iesp\u0113ju, t\u0101d\u0113j\u0101di palielinot stabilit\u0101ti l\u012bkumos un bremz\u0113\u0161anas efektivit\u0101ti, k\u0101 ar\u012b reakcijas precizit\u0101ti uz vad\u012bt\u0101ja darb\u012bb\u0101m un vad\u0101m\u012bbu kopum\u0101.<\/span><\/span><\/span><\/p>\n","protected":false},"excerpt":{"rendered":"<p><span style=\"font-family: Times New Roman, serif;\"><span style=\"font-size: medium;\"><strong><span style=\"font-family: Arial, serif;\">Gripmax SureGrip A\/S<\/span><\/strong><span style=\"font-family: Arial, serif;\"> ir vissezonasriepu modelis, kas ir tend\u0113ts tie\u0161i uz Eiropas valstu tirgiem un ir paredz\u0113ts da\u017e\u0101du kla\u0161u automa\u0161\u012bnu apr\u012bko\u0161anai. To raksturo uzticama sa\u0137ere ar sausu un mitru ce\u013ca segumu, laba iztur\u012bba pret akvaplan\u0113\u0161anu un \u0101tra bremz\u0113\u0161ana pat vieglos sniega apst\u0101k\u013cos.<\/span><\/span><\/span><\/p>\n","protected":false},"featured_media":912184,"template":"","meta":{"_acf_changed":false,"ngg_post_thumbnail":0},"product_brand":[],"product_cat":[47,45],"product_tag":[],"class_list":{"0":"post-288681","1":"product","2":"type-product","3":"status-publish","4":"has-post-thumbnail","6":"product_cat-vissezonas-riepas","7":"product_cat-ziemas-riepas","9":"first","10":"instock","11":"sale","12":"taxable","13":"shipping-taxable","14":"product-type-simple"},"acf":[],"yoast_head":"<!-- This site is optimized with the Yoast SEO Premium plugin v22.6 (Yoast SEO v27.3) - https:\/\/yoast.com\/product\/yoast-seo-premium-wordpress\/ -->\n<title>235\/45R18 Gripmax SureGrip A\/S 98W XL &#8226; MMK Riepas<\/title>\n<meta name=\"robots\" content=\"index, follow, max-snippet:-1, max-image-preview:large, max-video-preview:-1\" \/>\n<link rel=\"canonical\" href=\"https:\/\/mmkriepas.lv\/en\/p\/235-45r18-gripmax-suregrip-a-s-98w-xl\/\" \/>\n<meta property=\"og:locale\" content=\"en_US\" \/>\n<meta property=\"og:type\" content=\"article\" \/>\n<meta property=\"og:title\" content=\"235\/45R18 Gripmax SureGrip A\/S 98W XL\" \/>\n<meta property=\"og:description\" content=\"Gripmax SureGrip A\/S ir vissezonasriepu modelis, kas ir tend\u0113ts tie\u0161i uz Eiropas valstu tirgiem un ir paredz\u0113ts da\u017e\u0101du kla\u0161u automa\u0161\u012bnu apr\u012bko\u0161anai. To raksturo uzticama sa\u0137ere ar sausu un mitru ce\u013ca segumu, laba iztur\u012bba pret akvaplan\u0113\u0161anu un \u0101tra bremz\u0113\u0161ana pat vieglos sniega apst\u0101k\u013cos.\" \/>\n<meta property=\"og:url\" content=\"https:\/\/mmkriepas.lv\/en\/p\/235-45r18-gripmax-suregrip-a-s-98w-xl\/\" \/>\n<meta property=\"og:site_name\" content=\"MMK Riepas\" \/>\n<meta property=\"article:publisher\" content=\"https:\/\/www.facebook.com\/mmkserviss\/\" \/>\n<meta property=\"article:modified_time\" content=\"2026-03-19T21:42:03+00:00\" \/>\n<meta property=\"og:image\" content=\"https:\/\/mmkriepas.lv\/wp-content\/uploads\/2024\/06\/gripmax-suregrip-a-s.jpg\" \/>\n\t<meta property=\"og:image:width\" content=\"900\" \/>\n\t<meta property=\"og:image:height\" content=\"720\" \/>\n\t<meta property=\"og:image:type\" content=\"image\/jpeg\" \/>\n<meta name=\"twitter:card\" content=\"summary_large_image\" \/>\n<meta name=\"twitter:label1\" content=\"Price\" \/>\n\t<meta name=\"twitter:data1\" content=\"&euro;88.00\" \/>\n\t<meta name=\"twitter:label2\" content=\"Availability\" \/>\n\t<meta name=\"twitter:data2\" content=\"In stock\" \/>\n<script type=\"application\/ld+json\" class=\"yoast-schema-graph\">{\"@context\":\"https:\\\/\\\/schema.org\",\"@graph\":[{\"@type\":\"WebPage\",\"@id\":\"https:\\\/\\\/mmkriepas.lv\\\/en\\\/p\\\/235-45r18-gripmax-suregrip-a-s-98w-xl\\\/\",\"url\":\"https:\\\/\\\/mmkriepas.lv\\\/en\\\/p\\\/235-45r18-gripmax-suregrip-a-s-98w-xl\\\/\",\"name\":\"235\\\/45R18 Gripmax SureGrip A\\\/S 98W XL &#8226; MMK Riepas\",\"isPartOf\":{\"@id\":\"https:\\\/\\\/mmkriepas.lv\\\/en\\\/#website\"},\"primaryImageOfPage\":{\"@id\":\"https:\\\/\\\/mmkriepas.lv\\\/en\\\/p\\\/235-45r18-gripmax-suregrip-a-s-98w-xl\\\/#primaryimage\"},\"image\":{\"@id\":\"https:\\\/\\\/mmkriepas.lv\\\/en\\\/p\\\/235-45r18-gripmax-suregrip-a-s-98w-xl\\\/#primaryimage\"},\"thumbnailUrl\":\"https:\\\/\\\/mmkriepas.lv\\\/wp-content\\\/uploads\\\/2024\\\/06\\\/gripmax-suregrip-a-s.jpg\",\"datePublished\":\"2022-08-16T03:22:08+00:00\",\"dateModified\":\"2026-03-19T21:42:03+00:00\",\"breadcrumb\":{\"@id\":\"https:\\\/\\\/mmkriepas.lv\\\/en\\\/p\\\/235-45r18-gripmax-suregrip-a-s-98w-xl\\\/#breadcrumb\"},\"inLanguage\":\"en-US\",\"potentialAction\":[{\"@type\":\"ReadAction\",\"target\":[\"https:\\\/\\\/mmkriepas.lv\\\/en\\\/p\\\/235-45r18-gripmax-suregrip-a-s-98w-xl\\\/\"]}]},{\"@type\":\"ImageObject\",\"inLanguage\":\"en-US\",\"@id\":\"https:\\\/\\\/mmkriepas.lv\\\/en\\\/p\\\/235-45r18-gripmax-suregrip-a-s-98w-xl\\\/#primaryimage\",\"url\":\"https:\\\/\\\/mmkriepas.lv\\\/wp-content\\\/uploads\\\/2024\\\/06\\\/gripmax-suregrip-a-s.jpg\",\"contentUrl\":\"https:\\\/\\\/mmkriepas.lv\\\/wp-content\\\/uploads\\\/2024\\\/06\\\/gripmax-suregrip-a-s.jpg\",\"width\":900,\"height\":720,\"caption\":\"MAIN\"},{\"@type\":\"BreadcrumbList\",\"@id\":\"https:\\\/\\\/mmkriepas.lv\\\/en\\\/p\\\/235-45r18-gripmax-suregrip-a-s-98w-xl\\\/#breadcrumb\",\"itemListElement\":[{\"@type\":\"ListItem\",\"position\":1,\"name\":\"S\u0101kums\",\"item\":\"https:\\\/\\\/mmkriepas.lv\\\/en\\\/\"},{\"@type\":\"ListItem\",\"position\":2,\"name\":\"235\\\/45R18 Gripmax SureGrip A\\\/S 98W XL\"}]},{\"@type\":\"WebSite\",\"@id\":\"https:\\\/\\\/mmkriepas.lv\\\/en\\\/#website\",\"url\":\"https:\\\/\\\/mmkriepas.lv\\\/en\\\/\",\"name\":\"MMK Riepas\",\"description\":\"MMK Riepas\",\"alternateName\":\"MMK Riepu Serviss\",\"potentialAction\":[{\"@type\":\"SearchAction\",\"target\":{\"@type\":\"EntryPoint\",\"urlTemplate\":\"https:\\\/\\\/mmkriepas.lv\\\/en\\\/?s={search_term_string}\"},\"query-input\":{\"@type\":\"PropertyValueSpecification\",\"valueRequired\":true,\"valueName\":\"search_term_string\"}}],\"inLanguage\":\"en-US\"},{\"@type\":\"ImageObject\",\"inLanguage\":\"en-US\",\"@id\":\"https:\\\/\\\/mmkriepas.lv\\\/en\\\/p\\\/235-45r18-gripmax-suregrip-a-s-98w-xl\\\/#local-main-organization-logo\",\"url\":\"\",\"contentUrl\":\"\",\"caption\":\"MMK Riepas\"}]}<\/script>\n<meta property=\"product:brand\" content=\"Gripmax SureGrip A\/S\" \/>\n<meta property=\"product:price:amount\" content=\"88.00\" \/>\n<meta property=\"product:price:currency\" content=\"EUR\" \/>\n<meta property=\"og:availability\" content=\"instock\" \/>\n<meta property=\"product:availability\" content=\"instock\" \/>\n<meta property=\"product:retailer_item_id\" content=\"TW2354518GRIPM-L5567\" \/>\n<meta property=\"product:condition\" content=\"new\" \/>\n<!-- \/ Yoast SEO Premium plugin. -->","yoast_head_json":{"title":"235\/45R18 Gripmax SureGrip A\/S 98W XL &#8226; MMK Riepas","robots":{"index":"index","follow":"follow","max-snippet":"max-snippet:-1","max-image-preview":"max-image-preview:large","max-video-preview":"max-video-preview:-1"},"canonical":"https:\/\/mmkriepas.lv\/en\/p\/235-45r18-gripmax-suregrip-a-s-98w-xl\/","og_locale":"en_US","og_type":"article","og_title":"235\/45R18 Gripmax SureGrip A\/S 98W XL","og_description":"Gripmax SureGrip A\/S ir vissezonasriepu modelis, kas ir tend\u0113ts tie\u0161i uz Eiropas valstu tirgiem un ir paredz\u0113ts da\u017e\u0101du kla\u0161u automa\u0161\u012bnu apr\u012bko\u0161anai. To raksturo uzticama sa\u0137ere ar sausu un mitru ce\u013ca segumu, laba iztur\u012bba pret akvaplan\u0113\u0161anu un \u0101tra bremz\u0113\u0161ana pat vieglos sniega apst\u0101k\u013cos.","og_url":"https:\/\/mmkriepas.lv\/en\/p\/235-45r18-gripmax-suregrip-a-s-98w-xl\/","og_site_name":"MMK Riepas","article_publisher":"https:\/\/www.facebook.com\/mmkserviss\/","article_modified_time":"2026-03-19T21:42:03+00:00","og_image":[{"width":900,"height":720,"url":"https:\/\/mmkriepas.lv\/wp-content\/uploads\/2024\/06\/gripmax-suregrip-a-s.jpg","type":"image\/jpeg"}],"twitter_card":"summary_large_image","twitter_misc":{"Price":"&euro;88.00","Availability":"In stock"},"schema":{"@context":"https:\/\/schema.org","@graph":[{"@type":"WebPage","@id":"https:\/\/mmkriepas.lv\/en\/p\/235-45r18-gripmax-suregrip-a-s-98w-xl\/","url":"https:\/\/mmkriepas.lv\/en\/p\/235-45r18-gripmax-suregrip-a-s-98w-xl\/","name":"235\/45R18 Gripmax SureGrip A\/S 98W XL &#8226; MMK Riepas","isPartOf":{"@id":"https:\/\/mmkriepas.lv\/en\/#website"},"primaryImageOfPage":{"@id":"https:\/\/mmkriepas.lv\/en\/p\/235-45r18-gripmax-suregrip-a-s-98w-xl\/#primaryimage"},"image":{"@id":"https:\/\/mmkriepas.lv\/en\/p\/235-45r18-gripmax-suregrip-a-s-98w-xl\/#primaryimage"},"thumbnailUrl":"https:\/\/mmkriepas.lv\/wp-content\/uploads\/2024\/06\/gripmax-suregrip-a-s.jpg","datePublished":"2022-08-16T03:22:08+00:00","dateModified":"2026-03-19T21:42:03+00:00","breadcrumb":{"@id":"https:\/\/mmkriepas.lv\/en\/p\/235-45r18-gripmax-suregrip-a-s-98w-xl\/#breadcrumb"},"inLanguage":"en-US","potentialAction":[{"@type":"ReadAction","target":["https:\/\/mmkriepas.lv\/en\/p\/235-45r18-gripmax-suregrip-a-s-98w-xl\/"]}]},{"@type":"ImageObject","inLanguage":"en-US","@id":"https:\/\/mmkriepas.lv\/en\/p\/235-45r18-gripmax-suregrip-a-s-98w-xl\/#primaryimage","url":"https:\/\/mmkriepas.lv\/wp-content\/uploads\/2024\/06\/gripmax-suregrip-a-s.jpg","contentUrl":"https:\/\/mmkriepas.lv\/wp-content\/uploads\/2024\/06\/gripmax-suregrip-a-s.jpg","width":900,"height":720,"caption":"MAIN"},{"@type":"BreadcrumbList","@id":"https:\/\/mmkriepas.lv\/en\/p\/235-45r18-gripmax-suregrip-a-s-98w-xl\/#breadcrumb","itemListElement":[{"@type":"ListItem","position":1,"name":"S\u0101kums","item":"https:\/\/mmkriepas.lv\/en\/"},{"@type":"ListItem","position":2,"name":"235\/45R18 Gripmax SureGrip A\/S 98W XL"}]},{"@type":"WebSite","@id":"https:\/\/mmkriepas.lv\/en\/#website","url":"https:\/\/mmkriepas.lv\/en\/","name":"MMK Riepas","description":"MMK Riepas","alternateName":"MMK Riepu Serviss","potentialAction":[{"@type":"SearchAction","target":{"@type":"EntryPoint","urlTemplate":"https:\/\/mmkriepas.lv\/en\/?s={search_term_string}"},"query-input":{"@type":"PropertyValueSpecification","valueRequired":true,"valueName":"search_term_string"}}],"inLanguage":"en-US"},{"@type":"ImageObject","inLanguage":"en-US","@id":"https:\/\/mmkriepas.lv\/en\/p\/235-45r18-gripmax-suregrip-a-s-98w-xl\/#local-main-organization-logo","url":"","contentUrl":"","caption":"MMK Riepas"}]},"product_brand":"Gripmax SureGrip A\/S","product_price_amount":"88.00","product_price_currency":"EUR","og_availability":"instock","product_availability":"instock","product_retailer_item_id":"TW2354518GRIPM-L5567","product_condition":"new"},"_links":{"self":[{"href":"https:\/\/mmkriepas.lv\/en\/wp-json\/wp\/v2\/product\/288681","targetHints":{"allow":["GET"]}}],"collection":[{"href":"https:\/\/mmkriepas.lv\/en\/wp-json\/wp\/v2\/product"}],"about":[{"href":"https:\/\/mmkriepas.lv\/en\/wp-json\/wp\/v2\/types\/product"}],"wp:featuredmedia":[{"embeddable":true,"href":"https:\/\/mmkriepas.lv\/en\/wp-json\/wp\/v2\/media\/912184"}],"wp:attachment":[{"href":"https:\/\/mmkriepas.lv\/en\/wp-json\/wp\/v2\/media?parent=288681"}],"wp:term":[{"taxonomy":"product_brand","embeddable":true,"href":"https:\/\/mmkriepas.lv\/en\/wp-json\/wp\/v2\/product_brand?post=288681"},{"taxonomy":"product_cat","embeddable":true,"href":"https:\/\/mmkriepas.lv\/en\/wp-json\/wp\/v2\/product_cat?post=288681"},{"taxonomy":"product_tag","embeddable":true,"href":"https:\/\/mmkriepas.lv\/en\/wp-json\/wp\/v2\/product_tag?post=288681"}],"curies":[{"name":"wp","href":"https:\/\/api.w.org\/{rel}","templated":true}]}}