{"id":288648,"date":"2022-08-16T06:20:35","date_gmt":"2022-08-16T03:20:35","guid":{"rendered":"https:\/\/mmkserviss.lv\/?post_type=product&#038;p=288648"},"modified":"2024-08-06T15:33:46","modified_gmt":"2024-08-06T12:33:46","slug":"285-45r22-federal-himalaya-inverno-k1-110h","status":"publish","type":"product","link":"https:\/\/mmkriepas.lv\/en\/p\/285-45r22-federal-himalaya-inverno-k1-110h\/","title":{"rendered":"285\/45R22 Federal Himalaya Inverno K1 110H"},"content":{"rendered":"<p><strong>Federal Himalaya Inverno K1<\/strong> ir labs rad\u017eojamais ziemas riepu modelis. Tas izce\u013cas ar lab\u0101m veiktsp\u0113jas \u012bpa\u0161\u012bb\u0101m gan uz asfalta, gan snieg\u0101 un pat uz ledus. Turkl\u0101t, \u0161\u012b riepu mode\u013ca protektoru iesp\u0113jams apr\u012bkot ar radz\u0113m, uzlabojot sa\u0137eri uz ledus. \u0160is riepu modelis paredz\u0113ts apvidus automa\u0161\u012bn\u0101m jeb SUV un pieejams izm\u0113ru kl\u0101st\u0101 no R16, l\u012bdz pat R20.<\/p>\n<p><strong>Himalaya Inverno K1 galven\u0101s iez\u012bmes<\/strong><\/p>\n<p>+ Labas sa\u0137eres un manevr\u0113tsp\u0113jas \u012bpa\u0161\u012bbas gan uz sausa un slapja asfalta, gan snieg\u0101.<\/p>\n<p>+ Palielin\u0101ta nodilumiztur\u012bba.<\/p>\n<p>+ Zems akvaplan\u0113\u0161anas risks.<\/p>\n<p>+ Iesp\u0113ja protektor\u0101 iestr\u0101d\u0101t radzes, uzlabojot riepu veiktsp\u0113ju uz ledus un sabliet\u0113ta sniega.<\/p>\n<p><strong>+ Kvalit\u0101te atbilst cenai!<\/strong><\/p>\n<p><strong>Himalaya Inverno K1 apr\u012bkojums<\/strong><\/p>\n<p><strong>Federal Himalaya Inverno K1 <\/strong>rad\u017eojamais ziemas riepu modelis apr\u012bkots ar agres\u012bvu un dzi\u013cu protektora rakstu. \u0160\u0101ds dizains izv\u0113l\u0113ts, \u0146emot v\u0113r\u0101 Zieme\u013ceiropas skarbo klimatu ziem\u0101 &#8211; dzi\u013cu sniegum slapjdra\u0146\u0137i un apledoju\u0161us ce\u013ca posmus. Turkl\u0101t \u0161im riepu modelim ir asas s\u0101nu kantes, kas uzlabo manevr\u0113tsp\u0113ju. V\u0113rts min\u0113t, ka protektor\u0101 iesp\u0113jams iestr\u0101d\u0101t radzes, kas ir vien\u012bgais, kas pal\u012bdz saglab\u0101t sa\u0137eri c\u012b\u0146\u0101 ar melno ledu.<\/p>\n<p>Mas\u012bvajos protektora blokos bl\u012bvi iestr\u0101d\u0101tas ar\u012b lameles. T\u0101s led\u016b un sabliet\u0113t\u0101 snieg\u0101 iec\u0113rtas ar as\u0101m kant\u0113m, uzlabojot sa\u0137eri ar slidenaj\u0101m ce\u013ca virsm\u0101m.<\/p>\n<p>Riepu pamat\u0101 atrodams pastiprin\u0101ts karkass. Tas pasarg\u0101s pret da\u017e\u0101diem triecieniem un palielin\u0101tu slodzi, braucot pa \u012bpa\u0161i gr\u016bti izbraucamiem ce\u013ciem.<\/p>\n","protected":false},"excerpt":{"rendered":"<p><strong>Federal Himalaya Inverno K1<\/strong> ir labs rad\u017eojamais ziemas riepu modelis. Tas izce\u013cas ar lab\u0101m veiktsp\u0113jas \u012bpa\u0161\u012bb\u0101m gan uz asfalta, gan snieg\u0101 un pat uz ledus. Turkl\u0101t, \u0161\u012b riepu mode\u013ca protektoru iesp\u0113jams apr\u012bkot ar radz\u0113m, uzlabojot sa\u0137eri uz ledus. \u0160is riepu modelis paredz\u0113ts apvidus automa\u0161\u012bn\u0101m jeb SUV un pieejams izm\u0113ru kl\u0101st\u0101 no R16, l\u012bdz pat R20.<\/p>\n","protected":false},"featured_media":412461,"template":"","meta":{"_acf_changed":false,"ngg_post_thumbnail":0},"product_brand":[],"product_cat":[47,45],"product_tag":[],"class_list":{"0":"post-288648","1":"product","2":"type-product","3":"status-publish","4":"has-post-thumbnail","6":"product_cat-vissezonas-riepas","7":"product_cat-ziemas-riepas","9":"first","10":"instock","11":"taxable","12":"shipping-taxable","13":"product-type-simple"},"acf":[],"yoast_head":"<!-- This site is optimized with the Yoast SEO Premium plugin v22.6 (Yoast SEO v27.3) - https:\/\/yoast.com\/product\/yoast-seo-premium-wordpress\/ -->\n<title>285\/45R22 Federal Himalaya Inverno K1 110H &#8226; MMK Riepas<\/title>\n<meta name=\"robots\" content=\"index, follow, max-snippet:-1, max-image-preview:large, max-video-preview:-1\" \/>\n<link rel=\"canonical\" href=\"https:\/\/mmkriepas.lv\/en\/p\/285-45r22-federal-himalaya-inverno-k1-110h\/\" \/>\n<meta property=\"og:locale\" content=\"en_US\" \/>\n<meta property=\"og:type\" content=\"article\" \/>\n<meta property=\"og:title\" content=\"285\/45R22 Federal Himalaya Inverno K1 110H\" \/>\n<meta property=\"og:description\" content=\"Federal Himalaya Inverno K1 ir labs rad\u017eojamais ziemas riepu modelis. Tas izce\u013cas ar lab\u0101m veiktsp\u0113jas \u012bpa\u0161\u012bb\u0101m gan uz asfalta, gan snieg\u0101 un pat uz ledus. Turkl\u0101t, \u0161\u012b riepu mode\u013ca protektoru iesp\u0113jams apr\u012bkot ar radz\u0113m, uzlabojot sa\u0137eri uz ledus. \u0160is riepu modelis paredz\u0113ts apvidus automa\u0161\u012bn\u0101m jeb SUV un pieejams izm\u0113ru kl\u0101st\u0101 no R16, l\u012bdz pat R20.\" \/>\n<meta property=\"og:url\" content=\"https:\/\/mmkriepas.lv\/en\/p\/285-45r22-federal-himalaya-inverno-k1-110h\/\" \/>\n<meta property=\"og:site_name\" content=\"MMK Riepas\" \/>\n<meta property=\"article:publisher\" content=\"https:\/\/www.facebook.com\/mmkserviss\/\" \/>\n<meta property=\"article:modified_time\" content=\"2024-08-06T12:33:46+00:00\" \/>\n<meta property=\"og:image\" content=\"https:\/\/mmkriepas.lv\/wp-content\/uploads\/2022\/10\/27540r21-federal-himalaya-inverno-k1-107h-xl-ziemas-riepas.jpeg\" \/>\n\t<meta property=\"og:image:width\" content=\"1920\" \/>\n\t<meta property=\"og:image:height\" content=\"1440\" \/>\n\t<meta property=\"og:image:type\" content=\"image\/jpeg\" \/>\n<meta name=\"twitter:card\" content=\"summary_large_image\" \/>\n<meta name=\"twitter:label1\" content=\"Price\" \/>\n\t<meta name=\"twitter:data1\" content=\"&euro;187.00\" \/>\n\t<meta name=\"twitter:label2\" content=\"Availability\" \/>\n\t<meta name=\"twitter:data2\" content=\"In stock\" \/>\n<script type=\"application\/ld+json\" class=\"yoast-schema-graph\">{\"@context\":\"https:\\\/\\\/schema.org\",\"@graph\":[{\"@type\":\"WebPage\",\"@id\":\"https:\\\/\\\/mmkriepas.lv\\\/en\\\/p\\\/285-45r22-federal-himalaya-inverno-k1-110h\\\/\",\"url\":\"https:\\\/\\\/mmkriepas.lv\\\/en\\\/p\\\/285-45r22-federal-himalaya-inverno-k1-110h\\\/\",\"name\":\"285\\\/45R22 Federal Himalaya Inverno K1 110H &#8226; MMK Riepas\",\"isPartOf\":{\"@id\":\"https:\\\/\\\/mmkriepas.lv\\\/en\\\/#website\"},\"primaryImageOfPage\":{\"@id\":\"https:\\\/\\\/mmkriepas.lv\\\/en\\\/p\\\/285-45r22-federal-himalaya-inverno-k1-110h\\\/#primaryimage\"},\"image\":{\"@id\":\"https:\\\/\\\/mmkriepas.lv\\\/en\\\/p\\\/285-45r22-federal-himalaya-inverno-k1-110h\\\/#primaryimage\"},\"thumbnailUrl\":\"https:\\\/\\\/mmkriepas.lv\\\/wp-content\\\/uploads\\\/2022\\\/10\\\/27540r21-federal-himalaya-inverno-k1-107h-xl-ziemas-riepas.jpeg\",\"datePublished\":\"2022-08-16T03:20:35+00:00\",\"dateModified\":\"2024-08-06T12:33:46+00:00\",\"breadcrumb\":{\"@id\":\"https:\\\/\\\/mmkriepas.lv\\\/en\\\/p\\\/285-45r22-federal-himalaya-inverno-k1-110h\\\/#breadcrumb\"},\"inLanguage\":\"en-US\",\"potentialAction\":[{\"@type\":\"ReadAction\",\"target\":[\"https:\\\/\\\/mmkriepas.lv\\\/en\\\/p\\\/285-45r22-federal-himalaya-inverno-k1-110h\\\/\"]}]},{\"@type\":\"ImageObject\",\"inLanguage\":\"en-US\",\"@id\":\"https:\\\/\\\/mmkriepas.lv\\\/en\\\/p\\\/285-45r22-federal-himalaya-inverno-k1-110h\\\/#primaryimage\",\"url\":\"https:\\\/\\\/mmkriepas.lv\\\/wp-content\\\/uploads\\\/2022\\\/10\\\/27540r21-federal-himalaya-inverno-k1-107h-xl-ziemas-riepas.jpeg\",\"contentUrl\":\"https:\\\/\\\/mmkriepas.lv\\\/wp-content\\\/uploads\\\/2022\\\/10\\\/27540r21-federal-himalaya-inverno-k1-107h-xl-ziemas-riepas.jpeg\",\"width\":1920,\"height\":1440,\"caption\":\"275\\\/40R21 Federal Himalaya Inverno K1 107H XL - Vissezonas riepas \\\/ Ziemas riepas\"},{\"@type\":\"BreadcrumbList\",\"@id\":\"https:\\\/\\\/mmkriepas.lv\\\/en\\\/p\\\/285-45r22-federal-himalaya-inverno-k1-110h\\\/#breadcrumb\",\"itemListElement\":[{\"@type\":\"ListItem\",\"position\":1,\"name\":\"S\u0101kums\",\"item\":\"https:\\\/\\\/mmkriepas.lv\\\/en\\\/\"},{\"@type\":\"ListItem\",\"position\":2,\"name\":\"285\\\/45R22 Federal Himalaya Inverno K1 110H\"}]},{\"@type\":\"WebSite\",\"@id\":\"https:\\\/\\\/mmkriepas.lv\\\/en\\\/#website\",\"url\":\"https:\\\/\\\/mmkriepas.lv\\\/en\\\/\",\"name\":\"MMK Riepas\",\"description\":\"MMK Riepas\",\"alternateName\":\"MMK Riepu Serviss\",\"potentialAction\":[{\"@type\":\"SearchAction\",\"target\":{\"@type\":\"EntryPoint\",\"urlTemplate\":\"https:\\\/\\\/mmkriepas.lv\\\/en\\\/?s={search_term_string}\"},\"query-input\":{\"@type\":\"PropertyValueSpecification\",\"valueRequired\":true,\"valueName\":\"search_term_string\"}}],\"inLanguage\":\"en-US\"},{\"@type\":\"ImageObject\",\"inLanguage\":\"en-US\",\"@id\":\"https:\\\/\\\/mmkriepas.lv\\\/en\\\/p\\\/285-45r22-federal-himalaya-inverno-k1-110h\\\/#local-main-organization-logo\",\"url\":\"\",\"contentUrl\":\"\",\"caption\":\"MMK Riepas\"}]}<\/script>\n<meta property=\"product:brand\" content=\"Federal Himalaya Inverno K1\" \/>\n<meta property=\"product:price:amount\" content=\"187.00\" \/>\n<meta property=\"product:price:currency\" content=\"EUR\" \/>\n<meta property=\"og:availability\" content=\"instock\" \/>\n<meta property=\"product:availability\" content=\"instock\" \/>\n<meta property=\"product:retailer_item_id\" content=\"TW2854522FEDER-L5555\" \/>\n<meta property=\"product:condition\" content=\"new\" \/>\n<!-- \/ Yoast SEO Premium plugin. -->","yoast_head_json":{"title":"285\/45R22 Federal Himalaya Inverno K1 110H &#8226; MMK Riepas","robots":{"index":"index","follow":"follow","max-snippet":"max-snippet:-1","max-image-preview":"max-image-preview:large","max-video-preview":"max-video-preview:-1"},"canonical":"https:\/\/mmkriepas.lv\/en\/p\/285-45r22-federal-himalaya-inverno-k1-110h\/","og_locale":"en_US","og_type":"article","og_title":"285\/45R22 Federal Himalaya Inverno K1 110H","og_description":"Federal Himalaya Inverno K1 ir labs rad\u017eojamais ziemas riepu modelis. Tas izce\u013cas ar lab\u0101m veiktsp\u0113jas \u012bpa\u0161\u012bb\u0101m gan uz asfalta, gan snieg\u0101 un pat uz ledus. Turkl\u0101t, \u0161\u012b riepu mode\u013ca protektoru iesp\u0113jams apr\u012bkot ar radz\u0113m, uzlabojot sa\u0137eri uz ledus. \u0160is riepu modelis paredz\u0113ts apvidus automa\u0161\u012bn\u0101m jeb SUV un pieejams izm\u0113ru kl\u0101st\u0101 no R16, l\u012bdz pat R20.","og_url":"https:\/\/mmkriepas.lv\/en\/p\/285-45r22-federal-himalaya-inverno-k1-110h\/","og_site_name":"MMK Riepas","article_publisher":"https:\/\/www.facebook.com\/mmkserviss\/","article_modified_time":"2024-08-06T12:33:46+00:00","og_image":[{"width":1920,"height":1440,"url":"https:\/\/mmkriepas.lv\/wp-content\/uploads\/2022\/10\/27540r21-federal-himalaya-inverno-k1-107h-xl-ziemas-riepas.jpeg","type":"image\/jpeg"}],"twitter_card":"summary_large_image","twitter_misc":{"Price":"&euro;187.00","Availability":"In stock"},"schema":{"@context":"https:\/\/schema.org","@graph":[{"@type":"WebPage","@id":"https:\/\/mmkriepas.lv\/en\/p\/285-45r22-federal-himalaya-inverno-k1-110h\/","url":"https:\/\/mmkriepas.lv\/en\/p\/285-45r22-federal-himalaya-inverno-k1-110h\/","name":"285\/45R22 Federal Himalaya Inverno K1 110H &#8226; MMK Riepas","isPartOf":{"@id":"https:\/\/mmkriepas.lv\/en\/#website"},"primaryImageOfPage":{"@id":"https:\/\/mmkriepas.lv\/en\/p\/285-45r22-federal-himalaya-inverno-k1-110h\/#primaryimage"},"image":{"@id":"https:\/\/mmkriepas.lv\/en\/p\/285-45r22-federal-himalaya-inverno-k1-110h\/#primaryimage"},"thumbnailUrl":"https:\/\/mmkriepas.lv\/wp-content\/uploads\/2022\/10\/27540r21-federal-himalaya-inverno-k1-107h-xl-ziemas-riepas.jpeg","datePublished":"2022-08-16T03:20:35+00:00","dateModified":"2024-08-06T12:33:46+00:00","breadcrumb":{"@id":"https:\/\/mmkriepas.lv\/en\/p\/285-45r22-federal-himalaya-inverno-k1-110h\/#breadcrumb"},"inLanguage":"en-US","potentialAction":[{"@type":"ReadAction","target":["https:\/\/mmkriepas.lv\/en\/p\/285-45r22-federal-himalaya-inverno-k1-110h\/"]}]},{"@type":"ImageObject","inLanguage":"en-US","@id":"https:\/\/mmkriepas.lv\/en\/p\/285-45r22-federal-himalaya-inverno-k1-110h\/#primaryimage","url":"https:\/\/mmkriepas.lv\/wp-content\/uploads\/2022\/10\/27540r21-federal-himalaya-inverno-k1-107h-xl-ziemas-riepas.jpeg","contentUrl":"https:\/\/mmkriepas.lv\/wp-content\/uploads\/2022\/10\/27540r21-federal-himalaya-inverno-k1-107h-xl-ziemas-riepas.jpeg","width":1920,"height":1440,"caption":"275\/40R21 Federal Himalaya Inverno K1 107H XL - Vissezonas riepas \/ Ziemas riepas"},{"@type":"BreadcrumbList","@id":"https:\/\/mmkriepas.lv\/en\/p\/285-45r22-federal-himalaya-inverno-k1-110h\/#breadcrumb","itemListElement":[{"@type":"ListItem","position":1,"name":"S\u0101kums","item":"https:\/\/mmkriepas.lv\/en\/"},{"@type":"ListItem","position":2,"name":"285\/45R22 Federal Himalaya Inverno K1 110H"}]},{"@type":"WebSite","@id":"https:\/\/mmkriepas.lv\/en\/#website","url":"https:\/\/mmkriepas.lv\/en\/","name":"MMK Riepas","description":"MMK Riepas","alternateName":"MMK Riepu Serviss","potentialAction":[{"@type":"SearchAction","target":{"@type":"EntryPoint","urlTemplate":"https:\/\/mmkriepas.lv\/en\/?s={search_term_string}"},"query-input":{"@type":"PropertyValueSpecification","valueRequired":true,"valueName":"search_term_string"}}],"inLanguage":"en-US"},{"@type":"ImageObject","inLanguage":"en-US","@id":"https:\/\/mmkriepas.lv\/en\/p\/285-45r22-federal-himalaya-inverno-k1-110h\/#local-main-organization-logo","url":"","contentUrl":"","caption":"MMK Riepas"}]},"product_brand":"Federal Himalaya Inverno K1","product_price_amount":"187.00","product_price_currency":"EUR","og_availability":"instock","product_availability":"instock","product_retailer_item_id":"TW2854522FEDER-L5555","product_condition":"new"},"_links":{"self":[{"href":"https:\/\/mmkriepas.lv\/en\/wp-json\/wp\/v2\/product\/288648","targetHints":{"allow":["GET"]}}],"collection":[{"href":"https:\/\/mmkriepas.lv\/en\/wp-json\/wp\/v2\/product"}],"about":[{"href":"https:\/\/mmkriepas.lv\/en\/wp-json\/wp\/v2\/types\/product"}],"wp:featuredmedia":[{"embeddable":true,"href":"https:\/\/mmkriepas.lv\/en\/wp-json\/wp\/v2\/media\/412461"}],"wp:attachment":[{"href":"https:\/\/mmkriepas.lv\/en\/wp-json\/wp\/v2\/media?parent=288648"}],"wp:term":[{"taxonomy":"product_brand","embeddable":true,"href":"https:\/\/mmkriepas.lv\/en\/wp-json\/wp\/v2\/product_brand?post=288648"},{"taxonomy":"product_cat","embeddable":true,"href":"https:\/\/mmkriepas.lv\/en\/wp-json\/wp\/v2\/product_cat?post=288648"},{"taxonomy":"product_tag","embeddable":true,"href":"https:\/\/mmkriepas.lv\/en\/wp-json\/wp\/v2\/product_tag?post=288648"}],"curies":[{"name":"wp","href":"https:\/\/api.w.org\/{rel}","templated":true}]}}