{"id":288585,"date":"2022-08-16T06:17:44","date_gmt":"2022-08-16T03:17:44","guid":{"rendered":"https:\/\/mmkserviss.lv\/?post_type=product&#038;p=288585"},"modified":"2024-08-06T15:33:12","modified_gmt":"2024-08-06T12:33:12","slug":"245-45r19-federal-himalaya-ws3-nordic-102v-xl","status":"publish","type":"product","link":"https:\/\/mmkriepas.lv\/en\/p\/245-45r19-federal-himalaya-ws3-nordic-102v-xl\/","title":{"rendered":"245\/45R19 Federal Himalaya WS3 Nordic 102V XL"},"content":{"rendered":"<p style=\"margin: 12.0pt 0cm 12.0pt 0cm;\"><b><span style=\"font-size: 11.0pt; font-family: 'Arial',sans-serif; color: black;\">Federal Himalaya WS3 Nordic <\/span><\/b><span style=\"font-size: 11.0pt; font-family: 'Arial',sans-serif; color: black;\">ir Vid\u0113j\u0101s klases jeb teicamas kvalit\u0101tes m\u012bkst\u0101 sast\u0101va ziemas riepu modelis. Tas izce\u013cas ar teicamiem sa\u0137eres un manevr\u0113tsp\u0113jas r\u0101d\u012bt\u0101jiem pat skarb\u0101kajos ziemas brauk\u0161anas apst\u0101k\u013cos. \u0160is riepu modelis pieejams pla\u0161\u0101 izm\u0113ru kl\u0101st\u0101 un paredz\u0113ts gan vieglaj\u0101m automa\u0161\u012bn\u0101m, gan apvidus auto jeb SUV.<\/span><o:p><\/o:p><\/p>\n<h3 style=\"margin: 14.0pt 0cm 4.0pt 0cm;\"><span style=\"font-size: 13.0pt; font-family: 'Arial',sans-serif; color: black;\">Federal Himalaya WS3 Nordic galven\u0101s iez\u012bmes<\/span><o:p><\/o:p><\/h3>\n<p style=\"margin: 12.0pt 0cm 12.0pt 0cm;\"><span style=\"font-size: 11.0pt; font-family: 'Arial',sans-serif; color: black;\">+ \u012apa\u0161i m\u012bksts gumijas sast\u0101vs \u013cauj uzr\u0101d\u012bt teicamas sa\u0137eres un manevr\u0113tsp\u0113jas \u012bpa\u0161\u012bbas pat skarbos ziemas apst\u0101k\u013cos.<\/span><o:p><\/o:p><\/p>\n<p style=\"margin: 12.0pt 0cm 12.0pt 0cm;\"><span style=\"font-size: 11.0pt; font-family: 'Arial',sans-serif; color: black;\">+ Agres\u012bvs un rupj\u0161 protektors pal\u012bdz\u0113s c\u012b\u0146\u0101 pat ar dzi\u013cu sniegu.<\/span><o:p><\/o:p><\/p>\n<p style=\"margin: 12.0pt 0cm 12.0pt 0cm;\"><span style=\"font-size: 11.0pt; font-family: 'Arial',sans-serif; color: black;\">+ Laba sa\u0137ere ar\u012b uz apledoju\u0161iem ce\u013ca posmiem, pateicoties lielam lame\u013cu skaitam.<\/span><o:p><\/o:p><\/p>\n<p style=\"margin: 12.0pt 0cm 12.0pt 0cm;\"><span style=\"font-size: 11.0pt; font-family: 'Arial',sans-serif; color: black;\">+ Zems akvaplan\u0113\u0161anas risks.<\/span><o:p><\/o:p><\/p>\n<p style=\"margin: 12.0pt 0cm 12.0pt 0cm;\"><span style=\"font-size: 11.0pt; font-family: 'Arial',sans-serif; color: black;\">+ Labs akustiskais un brauk\u0161anas gaitas komforts.<\/span><o:p><\/o:p><\/p>\n<h3 style=\"margin: 14.0pt 0cm 4.0pt 0cm;\"><span style=\"font-size: 13.0pt; font-family: 'Arial',sans-serif; color: black;\">Himalaya WS3 Nordic apr\u012bkojums<\/span><o:p><\/o:p><\/h3>\n<p style=\"margin: 12.0pt 0cm 12.0pt 0cm;\"><b><span style=\"font-size: 11.0pt; font-family: 'Arial',sans-serif; color: black;\">Federal Himalaya WS3 Nordic <\/span><\/b><span style=\"font-size: 11.0pt; font-family: 'Arial',sans-serif; color: black;\">Skandin\u0101vijas tipa jeb m\u012bksta sast\u0101va ziemas riepu modelis apr\u012bkots ar \u012bpa\u0161i agres\u012bvu virzienveida protektora rakstu. \u0160\u0101ds dizains izv\u0113l\u0113ts, lai uzlabotu riepu veiktsp\u0113ju skarbos ziemas apst\u0101k\u013cos, vienlaikus ar\u012b samazinot akvaplan\u0113\u0161anas risku.\u00a0<\/span><o:p><\/o:p><\/p>\n<p style=\"margin: 12.0pt 0cm 12.0pt 0cm;\"><span style=\"font-size: 11.0pt; font-family: 'Arial',sans-serif; color: black;\">Mas\u012bvie, V-veid\u0101 izvietotie protektora bloki &#8220;bru\u0146oti&#8221; ar t\u016bksto\u0161iem s\u012bku iegriezumu jeb lame\u013cu. T\u0101s, l\u012bdz\u012bgi radz\u0113m, ar as\u0101m kant\u0113m iec\u0113rtas led\u016b un sabliet\u0113t\u0101 snieg\u0101, b\u016btiski uzlabojot sa\u0137eri ar slidenaj\u0101m virsm\u0101m.\u00a0<\/span><o:p><\/o:p><\/p>\n<p style=\"margin: 12.0pt 0cm 12.0pt 0cm;\"><span style=\"font-size: 11.0pt; font-family: 'Arial',sans-serif; color: black;\">\u012apa\u0161i m\u012bkstais protektors veidots no elastrom\u0113riem bag\u0101ta gumijas sast\u0101va. \u0160ie \u0137\u012bmiskie elementi pal\u012bdz riepai saglab\u0101t elast\u012bbu pat \u013coti zem\u0101s gaisa temperat\u016br\u0101s. V\u0113rts min\u0113t, ka elast\u012bga riepa daudz lab\u0101k veido sa\u0137eri ar ce\u013cu, k\u0101 ar\u012b dilst vienm\u0113r\u012bg\u0101k.<\/span><o:p><\/o:p><\/p>\n","protected":false},"excerpt":{"rendered":"<p style=\"margin: 12.0pt 0cm 12.0pt 0cm;\"><b><span style=\"font-size: 11.0pt; font-family: 'Arial',sans-serif; color: black;\">Federal Himalaya WS3 Nordic <\/span><\/b><span style=\"font-size: 11.0pt; font-family: 'Arial',sans-serif; color: black;\">ir Vid\u0113j\u0101s klases jeb teicamas kvalit\u0101tes m\u012bkst\u0101 sast\u0101va ziemas riepu modelis. Tas izce\u013cas ar teicamiem sa\u0137eres un manevr\u0113tsp\u0113jas r\u0101d\u012bt\u0101jiem pat skarb\u0101kajos ziemas brauk\u0161anas apst\u0101k\u013cos. \u0160is riepu modelis pieejams pla\u0161\u0101 izm\u0113ru kl\u0101st\u0101 un paredz\u0113ts gan vieglaj\u0101m automa\u0161\u012bn\u0101m, gan apvidus auto jeb SUV.<\/span><o:p><\/o:p><\/p>\n","protected":false},"featured_media":288584,"template":"","meta":{"_acf_changed":false,"ngg_post_thumbnail":0},"product_brand":[],"product_cat":[47,45],"product_tag":[],"class_list":{"0":"post-288585","1":"product","2":"type-product","3":"status-publish","4":"has-post-thumbnail","6":"product_cat-vissezonas-riepas","7":"product_cat-ziemas-riepas","9":"first","10":"instock","11":"sale","12":"taxable","13":"shipping-taxable","14":"product-type-simple"},"acf":[],"yoast_head":"<!-- This site is optimized with the Yoast SEO Premium plugin v22.6 (Yoast SEO v27.3) - https:\/\/yoast.com\/product\/yoast-seo-premium-wordpress\/ -->\n<title>245\/45R19 Federal Himalaya WS3 Nordic 102V XL &#8226; MMK Riepas<\/title>\n<meta name=\"robots\" content=\"index, follow, max-snippet:-1, max-image-preview:large, max-video-preview:-1\" \/>\n<link rel=\"canonical\" href=\"https:\/\/mmkriepas.lv\/en\/p\/245-45r19-federal-himalaya-ws3-nordic-102v-xl\/\" \/>\n<meta property=\"og:locale\" content=\"en_US\" \/>\n<meta property=\"og:type\" content=\"article\" \/>\n<meta property=\"og:title\" content=\"245\/45R19 Federal Himalaya WS3 Nordic 102V XL\" \/>\n<meta property=\"og:description\" content=\"Federal Himalaya WS3 Nordic ir Vid\u0113j\u0101s klases jeb teicamas kvalit\u0101tes m\u012bkst\u0101 sast\u0101va ziemas riepu modelis. Tas izce\u013cas ar teicamiem sa\u0137eres un manevr\u0113tsp\u0113jas r\u0101d\u012bt\u0101jiem pat skarb\u0101kajos ziemas brauk\u0161anas apst\u0101k\u013cos. \u0160is riepu modelis pieejams pla\u0161\u0101 izm\u0113ru kl\u0101st\u0101 un paredz\u0113ts gan vieglaj\u0101m automa\u0161\u012bn\u0101m, gan apvidus auto jeb SUV.\" \/>\n<meta property=\"og:url\" content=\"https:\/\/mmkriepas.lv\/en\/p\/245-45r19-federal-himalaya-ws3-nordic-102v-xl\/\" \/>\n<meta property=\"og:site_name\" content=\"MMK Riepas\" \/>\n<meta property=\"article:publisher\" content=\"https:\/\/www.facebook.com\/mmkserviss\/\" \/>\n<meta property=\"article:modified_time\" content=\"2024-08-06T12:33:12+00:00\" \/>\n<meta property=\"og:image\" content=\"https:\/\/mmkriepas.lv\/wp-content\/uploads\/2022\/08\/24545r19-federal-himalaya-ws3-nordic-102v-xl-ziemas-riepas.jpg\" \/>\n\t<meta property=\"og:image:width\" content=\"800\" \/>\n\t<meta property=\"og:image:height\" content=\"800\" \/>\n\t<meta property=\"og:image:type\" content=\"image\/jpeg\" \/>\n<meta name=\"twitter:card\" content=\"summary_large_image\" \/>\n<meta name=\"twitter:label1\" content=\"Price\" \/>\n\t<meta name=\"twitter:data1\" content=\"&euro;108.00\" \/>\n\t<meta name=\"twitter:label2\" content=\"Availability\" \/>\n\t<meta name=\"twitter:data2\" content=\"In stock\" \/>\n<script type=\"application\/ld+json\" class=\"yoast-schema-graph\">{\"@context\":\"https:\\\/\\\/schema.org\",\"@graph\":[{\"@type\":\"WebPage\",\"@id\":\"https:\\\/\\\/mmkriepas.lv\\\/en\\\/p\\\/245-45r19-federal-himalaya-ws3-nordic-102v-xl\\\/\",\"url\":\"https:\\\/\\\/mmkriepas.lv\\\/en\\\/p\\\/245-45r19-federal-himalaya-ws3-nordic-102v-xl\\\/\",\"name\":\"245\\\/45R19 Federal Himalaya WS3 Nordic 102V XL &#8226; MMK Riepas\",\"isPartOf\":{\"@id\":\"https:\\\/\\\/mmkriepas.lv\\\/en\\\/#website\"},\"primaryImageOfPage\":{\"@id\":\"https:\\\/\\\/mmkriepas.lv\\\/en\\\/p\\\/245-45r19-federal-himalaya-ws3-nordic-102v-xl\\\/#primaryimage\"},\"image\":{\"@id\":\"https:\\\/\\\/mmkriepas.lv\\\/en\\\/p\\\/245-45r19-federal-himalaya-ws3-nordic-102v-xl\\\/#primaryimage\"},\"thumbnailUrl\":\"https:\\\/\\\/mmkriepas.lv\\\/wp-content\\\/uploads\\\/2022\\\/08\\\/24545r19-federal-himalaya-ws3-nordic-102v-xl-ziemas-riepas.jpg\",\"datePublished\":\"2022-08-16T03:17:44+00:00\",\"dateModified\":\"2024-08-06T12:33:12+00:00\",\"breadcrumb\":{\"@id\":\"https:\\\/\\\/mmkriepas.lv\\\/en\\\/p\\\/245-45r19-federal-himalaya-ws3-nordic-102v-xl\\\/#breadcrumb\"},\"inLanguage\":\"en-US\",\"potentialAction\":[{\"@type\":\"ReadAction\",\"target\":[\"https:\\\/\\\/mmkriepas.lv\\\/en\\\/p\\\/245-45r19-federal-himalaya-ws3-nordic-102v-xl\\\/\"]}]},{\"@type\":\"ImageObject\",\"inLanguage\":\"en-US\",\"@id\":\"https:\\\/\\\/mmkriepas.lv\\\/en\\\/p\\\/245-45r19-federal-himalaya-ws3-nordic-102v-xl\\\/#primaryimage\",\"url\":\"https:\\\/\\\/mmkriepas.lv\\\/wp-content\\\/uploads\\\/2022\\\/08\\\/24545r19-federal-himalaya-ws3-nordic-102v-xl-ziemas-riepas.jpg\",\"contentUrl\":\"https:\\\/\\\/mmkriepas.lv\\\/wp-content\\\/uploads\\\/2022\\\/08\\\/24545r19-federal-himalaya-ws3-nordic-102v-xl-ziemas-riepas.jpg\",\"width\":800,\"height\":800,\"caption\":\"245\\\/45R19 FEDERAL HIMALAYA WS3 NORDIC 102V XL - Ziemas riepas\"},{\"@type\":\"BreadcrumbList\",\"@id\":\"https:\\\/\\\/mmkriepas.lv\\\/en\\\/p\\\/245-45r19-federal-himalaya-ws3-nordic-102v-xl\\\/#breadcrumb\",\"itemListElement\":[{\"@type\":\"ListItem\",\"position\":1,\"name\":\"S\u0101kums\",\"item\":\"https:\\\/\\\/mmkriepas.lv\\\/en\\\/\"},{\"@type\":\"ListItem\",\"position\":2,\"name\":\"245\\\/45R19 Federal Himalaya WS3 Nordic 102V XL\"}]},{\"@type\":\"WebSite\",\"@id\":\"https:\\\/\\\/mmkriepas.lv\\\/en\\\/#website\",\"url\":\"https:\\\/\\\/mmkriepas.lv\\\/en\\\/\",\"name\":\"MMK Riepas\",\"description\":\"MMK Riepas\",\"alternateName\":\"MMK Riepu Serviss\",\"potentialAction\":[{\"@type\":\"SearchAction\",\"target\":{\"@type\":\"EntryPoint\",\"urlTemplate\":\"https:\\\/\\\/mmkriepas.lv\\\/en\\\/?s={search_term_string}\"},\"query-input\":{\"@type\":\"PropertyValueSpecification\",\"valueRequired\":true,\"valueName\":\"search_term_string\"}}],\"inLanguage\":\"en-US\"},{\"@type\":\"ImageObject\",\"inLanguage\":\"en-US\",\"@id\":\"https:\\\/\\\/mmkriepas.lv\\\/en\\\/p\\\/245-45r19-federal-himalaya-ws3-nordic-102v-xl\\\/#local-main-organization-logo\",\"url\":\"\",\"contentUrl\":\"\",\"caption\":\"MMK Riepas\"}]}<\/script>\n<meta property=\"product:brand\" content=\"Federal Himalaya WS3 Nordic\" \/>\n<meta property=\"product:price:amount\" content=\"108.00\" \/>\n<meta property=\"product:price:currency\" content=\"EUR\" \/>\n<meta property=\"og:availability\" content=\"instock\" \/>\n<meta property=\"product:availability\" content=\"instock\" \/>\n<meta property=\"product:retailer_item_id\" content=\"TW2454519FEDER-L5534\" \/>\n<meta property=\"product:condition\" content=\"new\" \/>\n<!-- \/ Yoast SEO Premium plugin. -->","yoast_head_json":{"title":"245\/45R19 Federal Himalaya WS3 Nordic 102V XL &#8226; MMK Riepas","robots":{"index":"index","follow":"follow","max-snippet":"max-snippet:-1","max-image-preview":"max-image-preview:large","max-video-preview":"max-video-preview:-1"},"canonical":"https:\/\/mmkriepas.lv\/en\/p\/245-45r19-federal-himalaya-ws3-nordic-102v-xl\/","og_locale":"en_US","og_type":"article","og_title":"245\/45R19 Federal Himalaya WS3 Nordic 102V XL","og_description":"Federal Himalaya WS3 Nordic ir Vid\u0113j\u0101s klases jeb teicamas kvalit\u0101tes m\u012bkst\u0101 sast\u0101va ziemas riepu modelis. Tas izce\u013cas ar teicamiem sa\u0137eres un manevr\u0113tsp\u0113jas r\u0101d\u012bt\u0101jiem pat skarb\u0101kajos ziemas brauk\u0161anas apst\u0101k\u013cos. \u0160is riepu modelis pieejams pla\u0161\u0101 izm\u0113ru kl\u0101st\u0101 un paredz\u0113ts gan vieglaj\u0101m automa\u0161\u012bn\u0101m, gan apvidus auto jeb SUV.","og_url":"https:\/\/mmkriepas.lv\/en\/p\/245-45r19-federal-himalaya-ws3-nordic-102v-xl\/","og_site_name":"MMK Riepas","article_publisher":"https:\/\/www.facebook.com\/mmkserviss\/","article_modified_time":"2024-08-06T12:33:12+00:00","og_image":[{"width":800,"height":800,"url":"https:\/\/mmkriepas.lv\/wp-content\/uploads\/2022\/08\/24545r19-federal-himalaya-ws3-nordic-102v-xl-ziemas-riepas.jpg","type":"image\/jpeg"}],"twitter_card":"summary_large_image","twitter_misc":{"Price":"&euro;108.00","Availability":"In stock"},"schema":{"@context":"https:\/\/schema.org","@graph":[{"@type":"WebPage","@id":"https:\/\/mmkriepas.lv\/en\/p\/245-45r19-federal-himalaya-ws3-nordic-102v-xl\/","url":"https:\/\/mmkriepas.lv\/en\/p\/245-45r19-federal-himalaya-ws3-nordic-102v-xl\/","name":"245\/45R19 Federal Himalaya WS3 Nordic 102V XL &#8226; MMK Riepas","isPartOf":{"@id":"https:\/\/mmkriepas.lv\/en\/#website"},"primaryImageOfPage":{"@id":"https:\/\/mmkriepas.lv\/en\/p\/245-45r19-federal-himalaya-ws3-nordic-102v-xl\/#primaryimage"},"image":{"@id":"https:\/\/mmkriepas.lv\/en\/p\/245-45r19-federal-himalaya-ws3-nordic-102v-xl\/#primaryimage"},"thumbnailUrl":"https:\/\/mmkriepas.lv\/wp-content\/uploads\/2022\/08\/24545r19-federal-himalaya-ws3-nordic-102v-xl-ziemas-riepas.jpg","datePublished":"2022-08-16T03:17:44+00:00","dateModified":"2024-08-06T12:33:12+00:00","breadcrumb":{"@id":"https:\/\/mmkriepas.lv\/en\/p\/245-45r19-federal-himalaya-ws3-nordic-102v-xl\/#breadcrumb"},"inLanguage":"en-US","potentialAction":[{"@type":"ReadAction","target":["https:\/\/mmkriepas.lv\/en\/p\/245-45r19-federal-himalaya-ws3-nordic-102v-xl\/"]}]},{"@type":"ImageObject","inLanguage":"en-US","@id":"https:\/\/mmkriepas.lv\/en\/p\/245-45r19-federal-himalaya-ws3-nordic-102v-xl\/#primaryimage","url":"https:\/\/mmkriepas.lv\/wp-content\/uploads\/2022\/08\/24545r19-federal-himalaya-ws3-nordic-102v-xl-ziemas-riepas.jpg","contentUrl":"https:\/\/mmkriepas.lv\/wp-content\/uploads\/2022\/08\/24545r19-federal-himalaya-ws3-nordic-102v-xl-ziemas-riepas.jpg","width":800,"height":800,"caption":"245\/45R19 FEDERAL HIMALAYA WS3 NORDIC 102V XL - Ziemas riepas"},{"@type":"BreadcrumbList","@id":"https:\/\/mmkriepas.lv\/en\/p\/245-45r19-federal-himalaya-ws3-nordic-102v-xl\/#breadcrumb","itemListElement":[{"@type":"ListItem","position":1,"name":"S\u0101kums","item":"https:\/\/mmkriepas.lv\/en\/"},{"@type":"ListItem","position":2,"name":"245\/45R19 Federal Himalaya WS3 Nordic 102V XL"}]},{"@type":"WebSite","@id":"https:\/\/mmkriepas.lv\/en\/#website","url":"https:\/\/mmkriepas.lv\/en\/","name":"MMK Riepas","description":"MMK Riepas","alternateName":"MMK Riepu Serviss","potentialAction":[{"@type":"SearchAction","target":{"@type":"EntryPoint","urlTemplate":"https:\/\/mmkriepas.lv\/en\/?s={search_term_string}"},"query-input":{"@type":"PropertyValueSpecification","valueRequired":true,"valueName":"search_term_string"}}],"inLanguage":"en-US"},{"@type":"ImageObject","inLanguage":"en-US","@id":"https:\/\/mmkriepas.lv\/en\/p\/245-45r19-federal-himalaya-ws3-nordic-102v-xl\/#local-main-organization-logo","url":"","contentUrl":"","caption":"MMK Riepas"}]},"product_brand":"Federal Himalaya WS3 Nordic","product_price_amount":"108.00","product_price_currency":"EUR","og_availability":"instock","product_availability":"instock","product_retailer_item_id":"TW2454519FEDER-L5534","product_condition":"new"},"_links":{"self":[{"href":"https:\/\/mmkriepas.lv\/en\/wp-json\/wp\/v2\/product\/288585","targetHints":{"allow":["GET"]}}],"collection":[{"href":"https:\/\/mmkriepas.lv\/en\/wp-json\/wp\/v2\/product"}],"about":[{"href":"https:\/\/mmkriepas.lv\/en\/wp-json\/wp\/v2\/types\/product"}],"wp:featuredmedia":[{"embeddable":true,"href":"https:\/\/mmkriepas.lv\/en\/wp-json\/wp\/v2\/media\/288584"}],"wp:attachment":[{"href":"https:\/\/mmkriepas.lv\/en\/wp-json\/wp\/v2\/media?parent=288585"}],"wp:term":[{"taxonomy":"product_brand","embeddable":true,"href":"https:\/\/mmkriepas.lv\/en\/wp-json\/wp\/v2\/product_brand?post=288585"},{"taxonomy":"product_cat","embeddable":true,"href":"https:\/\/mmkriepas.lv\/en\/wp-json\/wp\/v2\/product_cat?post=288585"},{"taxonomy":"product_tag","embeddable":true,"href":"https:\/\/mmkriepas.lv\/en\/wp-json\/wp\/v2\/product_tag?post=288585"}],"curies":[{"name":"wp","href":"https:\/\/api.w.org\/{rel}","templated":true}]}}