{"id":288522,"date":"2022-08-16T06:14:52","date_gmt":"2022-08-16T03:14:52","guid":{"rendered":"https:\/\/mmkserviss.lv\/?post_type=product&#038;p=288522"},"modified":"2026-03-19T23:00:24","modified_gmt":"2026-03-19T21:00:24","slug":"215-55r18-federal-himalaya-ws2-95t","status":"publish","type":"product","link":"https:\/\/mmkriepas.lv\/en\/p\/215-55r18-federal-himalaya-ws2-95t\/","title":{"rendered":"215\/55R18 Federal Himalaya WS2 95T"},"content":{"rendered":"<p><span style=\"font-family: Times New Roman, serif;\"><span style=\"font-size: medium;\"><span style=\"color: #000000;\"><span style=\"font-family: Arial, serif;\"><span style=\"font-size: small;\"><b>Federal Himalaya WS2<\/b><\/span><\/span><\/span><span style=\"color: #000000;\"><span style=\"font-family: Arial, serif;\"><span style=\"font-size: small;\"> ir labas kvalit\u0101tes, bud\u017eeta klases <\/span><\/span><\/span><span style=\"color: #000000;\"><span style=\"font-family: Arial, serif;\"><span style=\"font-size: small;\"><b>rad\u017eojamais<\/b><\/span><\/span><\/span><span style=\"color: #000000;\"><span style=\"font-family: Arial, serif;\"><span style=\"font-size: small;\"> ziemas riepu modelis. Tas izce\u013cas ar labiem sa\u0137eres un manevr\u0113tsp\u0113jas r\u0101d\u012bt\u0101jiem skarbos ziemas brauk\u0161anas apst\u0101k\u013cos. <\/span><\/span><\/span><span style=\"color: #000000;\"><span style=\"font-family: Arial, serif;\"><span style=\"font-size: small;\"><b>Protektora blokos iesp\u0113jams iestr\u0101d\u0101t radzes, kas ne tikai uzlabo sa\u0137eri ar apledoju\u0161iem ce\u013ca posmiem, bet ar\u012b paildzina riepu m\u016b\u017eu.<\/b><\/span><\/span><\/span><span style=\"color: #000000;\"><span style=\"font-family: Arial, serif;\"><span style=\"font-size: small;\"> Modelis paredz\u0113ts kompaktklases un vid\u0113ja izm\u0113ra vieglajiem auto un pieejams vair\u0101k k\u0101 60 izm\u0113ros no R13, l\u012bdz R18.<\/span><\/span><\/span><\/span><\/span><\/p>\n<h3 class=\"western\"><span style=\"color: #000000;\"><span style=\"font-family: Arial, serif;\"><span style=\"font-size: medium;\">Federal Himalaya WS2 galven\u0101s iez\u012bmes<\/span><\/span><\/span><\/h3>\n<p><span style=\"font-family: Times New Roman, serif;\"><span style=\"font-size: medium;\"><span style=\"color: #000000;\"><span style=\"font-family: Arial, serif;\"><span style=\"font-size: small;\">+ Laba sa\u0137ere un manevr\u0113tsp\u0113ja gan uz asfalta, gan ar\u012b snieg\u0101.<\/span><\/span><\/span><\/span><\/span><\/p>\n<p><span style=\"font-family: Times New Roman, serif;\"><span style=\"font-size: medium;\"><span style=\"color: #000000;\"><span style=\"font-family: Arial, serif;\"><span style=\"font-size: small;\">+ <\/span><\/span><\/span><span style=\"color: #000000;\"><span style=\"font-family: Arial, serif;\"><span style=\"font-size: small;\"><b>Protektoru iesp\u0113jams apr\u012bkot ar radz\u0113m, uzlabojot sa\u0137eri uz ledus, k\u0101 ar\u012b palielinot nodilumiztur\u012bbu.<\/b><\/span><\/span><\/span><\/span><\/span><\/p>\n<p><span style=\"font-family: Times New Roman, serif;\"><span style=\"font-size: medium;\"><span style=\"color: #000000;\"><span style=\"font-family: Arial, serif;\"><span style=\"font-size: small;\">+ Zems akvaplan\u0113\u0161anas risks.<\/span><\/span><\/span><\/span><\/span><\/p>\n<p><span style=\"font-family: Times New Roman, serif;\"><span style=\"font-size: medium;\"><span style=\"color: #000000;\"><span style=\"font-family: Arial, serif;\"><span style=\"font-size: small;\">+ \u012apa\u0161i agres\u012bvs virzienveida protektora raksts.\u00a0<\/span><\/span><\/span><\/span><\/span><\/p>\n<p><span style=\"font-family: Times New Roman, serif;\"><span style=\"font-size: medium;\"><span style=\"color: #000000;\"><span style=\"font-family: Arial, serif;\"><span style=\"font-size: small;\">+ Cena atbilst kvalit\u0101tei.<\/span><\/span><\/span><\/span><\/span><\/p>\n<h3 class=\"western\"><span style=\"color: #000000;\"><span style=\"font-family: Arial, serif;\"><span style=\"font-size: medium;\">Himalaya WS2 apr\u012bkojums<\/span><\/span><\/span><\/h3>\n<p><span style=\"font-family: Times New Roman, serif;\"><span style=\"font-size: medium;\"><span style=\"color: #000000;\"><span style=\"font-family: Arial, serif;\"><span style=\"font-size: small;\"><b>Federal Himalaya WS2 <\/b><\/span><\/span><\/span><span style=\"color: #000000;\"><span style=\"font-family: Arial, serif;\"><span style=\"font-size: small;\">rad\u017eojamais ziemas riepu modelis apr\u012bkots ar agres\u012bvu virzienveida protektora rakstu. \u0160\u0101ds dizains izv\u0113l\u0113ts, lai b\u016btiski uzlabotu riepu veiktsp\u0113ju skarbos ziemas brauk\u0161anas apst\u0101k\u013cos &#8211; snieg\u0101 un uz apledoju\u0161iem ce\u013ca posmiem.<\/span><\/span><\/span><\/span><\/span><\/p>\n<p><span style=\"font-family: Times New Roman, serif;\"><span style=\"font-size: medium;\"><span style=\"color: #000000;\"><span style=\"font-family: Arial, serif;\"><span style=\"font-size: small;\">Mas\u012bvie, V-veid\u0101 izvietotie protektora bloki apr\u012bkoti ar lamel\u0113m, kas uzlabo riepu veiktsp\u0113ju uz sabliet\u0113ta sniega un ledus. Savuk\u0101rt, riepu gumijas sast\u0101vam pievienotie elastrom\u0113ri \u013cauj riep\u0101m saglab\u0101t elast\u012bbu zem\u0101s gaisa temperat\u016br\u0101s. K\u0101 zin\u0101ms, elast\u012bga riepa daudz lab\u0101k veido sa\u0137eri ar ce\u013cu, k\u0101 ar\u012b dilst vienm\u0113r\u012bg\u0101k.<\/span><\/span><\/span><\/span><\/span><\/p>\n","protected":false},"excerpt":{"rendered":"<p><span style=\"font-family: Times New Roman, serif;\"><span style=\"font-size: medium;\"><span style=\"color: #000000;\"><span style=\"font-family: Arial, serif;\"><span style=\"font-size: small;\"><b>Federal Himalaya WS2<\/b><\/span><\/span><\/span><span style=\"color: #000000;\"><span style=\"font-family: Arial, serif;\"><span style=\"font-size: small;\"> ir labas kvalit\u0101tes, bud\u017eeta klases <\/span><\/span><\/span><span style=\"color: #000000;\"><span style=\"font-family: Arial, serif;\"><span style=\"font-size: small;\"><b>rad\u017eojamais<\/b><\/span><\/span><\/span><span style=\"color: #000000;\"><span style=\"font-family: Arial, serif;\"><span style=\"font-size: small;\"> ziemas riepu modelis. Tas izce\u013cas ar labiem sa\u0137eres un manevr\u0113tsp\u0113jas r\u0101d\u012bt\u0101jiem skarbos ziemas brauk\u0161anas apst\u0101k\u013cos. <\/span><\/span><\/span><span style=\"color: #000000;\"><span style=\"font-family: Arial, serif;\"><span style=\"font-size: small;\"><b>Protektora blokos iesp\u0113jams iestr\u0101d\u0101t radzes, kas ne tikai uzlabo sa\u0137eri ar apledoju\u0161iem ce\u013ca posmiem, bet ar\u012b paildzina riepu m\u016b\u017eu.<\/b><\/span><\/span><\/span><span style=\"color: #000000;\"><span style=\"font-family: Arial, serif;\"><span style=\"font-size: small;\"> Modelis paredz\u0113ts kompaktklases un vid\u0113ja izm\u0113ra vieglajiem auto un pieejams vair\u0101k k\u0101 60 izm\u0113ros no R13, l\u012bdz R18.<\/span><\/span><\/span><\/span><\/span><\/p>\n","protected":false},"featured_media":481318,"template":"","meta":{"_acf_changed":false,"ngg_post_thumbnail":0},"product_brand":[],"product_cat":[47,45],"product_tag":[],"class_list":{"0":"post-288522","1":"product","2":"type-product","3":"status-publish","4":"has-post-thumbnail","6":"product_cat-vissezonas-riepas","7":"product_cat-ziemas-riepas","9":"first","10":"instock","11":"taxable","12":"shipping-taxable","13":"product-type-simple"},"acf":[],"yoast_head":"<!-- This site is optimized with the Yoast SEO Premium plugin v22.6 (Yoast SEO v27.3) - https:\/\/yoast.com\/product\/yoast-seo-premium-wordpress\/ -->\n<title>215\/55R18 Federal Himalaya WS2 95T &#8226; MMK Riepas<\/title>\n<meta name=\"robots\" content=\"index, follow, max-snippet:-1, max-image-preview:large, max-video-preview:-1\" \/>\n<link rel=\"canonical\" href=\"https:\/\/mmkriepas.lv\/en\/p\/215-55r18-federal-himalaya-ws2-95t\/\" \/>\n<meta property=\"og:locale\" content=\"en_US\" \/>\n<meta property=\"og:type\" content=\"article\" \/>\n<meta property=\"og:title\" content=\"215\/55R18 Federal Himalaya WS2 95T\" \/>\n<meta property=\"og:description\" content=\"Federal Himalaya WS2 ir labas kvalit\u0101tes, bud\u017eeta klases rad\u017eojamais ziemas riepu modelis. Tas izce\u013cas ar labiem sa\u0137eres un manevr\u0113tsp\u0113jas r\u0101d\u012bt\u0101jiem skarbos ziemas brauk\u0161anas apst\u0101k\u013cos. Protektora blokos iesp\u0113jams iestr\u0101d\u0101t radzes, kas ne tikai uzlabo sa\u0137eri ar apledoju\u0161iem ce\u013ca posmiem, bet ar\u012b paildzina riepu m\u016b\u017eu. Modelis paredz\u0113ts kompaktklases un vid\u0113ja izm\u0113ra vieglajiem auto un pieejams vair\u0101k k\u0101 60 izm\u0113ros no R13, l\u012bdz R18.\" \/>\n<meta property=\"og:url\" content=\"https:\/\/mmkriepas.lv\/en\/p\/215-55r18-federal-himalaya-ws2-95t\/\" \/>\n<meta property=\"og:site_name\" content=\"MMK Riepas\" \/>\n<meta property=\"article:publisher\" content=\"https:\/\/www.facebook.com\/mmkserviss\/\" \/>\n<meta property=\"article:modified_time\" content=\"2026-03-19T21:00:24+00:00\" \/>\n<meta property=\"og:image\" content=\"https:\/\/mmkriepas.lv\/wp-content\/uploads\/2023\/01\/21555r18-federal-himalaya-ws2-95t-ar-radzem-ziemas-ar-radzem-riepas.jpg\" \/>\n\t<meta property=\"og:image:width\" content=\"751\" \/>\n\t<meta property=\"og:image:height\" content=\"751\" \/>\n\t<meta property=\"og:image:type\" content=\"image\/jpeg\" \/>\n<meta name=\"twitter:card\" content=\"summary_large_image\" \/>\n<meta name=\"twitter:label1\" content=\"Price\" \/>\n\t<meta name=\"twitter:data1\" content=\"&euro;95.00\" \/>\n\t<meta name=\"twitter:label2\" content=\"Availability\" \/>\n\t<meta name=\"twitter:data2\" content=\"In stock\" \/>\n<script type=\"application\/ld+json\" class=\"yoast-schema-graph\">{\"@context\":\"https:\\\/\\\/schema.org\",\"@graph\":[{\"@type\":\"WebPage\",\"@id\":\"https:\\\/\\\/mmkriepas.lv\\\/en\\\/p\\\/215-55r18-federal-himalaya-ws2-95t\\\/\",\"url\":\"https:\\\/\\\/mmkriepas.lv\\\/en\\\/p\\\/215-55r18-federal-himalaya-ws2-95t\\\/\",\"name\":\"215\\\/55R18 Federal Himalaya WS2 95T &#8226; MMK Riepas\",\"isPartOf\":{\"@id\":\"https:\\\/\\\/mmkriepas.lv\\\/en\\\/#website\"},\"primaryImageOfPage\":{\"@id\":\"https:\\\/\\\/mmkriepas.lv\\\/en\\\/p\\\/215-55r18-federal-himalaya-ws2-95t\\\/#primaryimage\"},\"image\":{\"@id\":\"https:\\\/\\\/mmkriepas.lv\\\/en\\\/p\\\/215-55r18-federal-himalaya-ws2-95t\\\/#primaryimage\"},\"thumbnailUrl\":\"https:\\\/\\\/mmkriepas.lv\\\/wp-content\\\/uploads\\\/2023\\\/01\\\/21555r18-federal-himalaya-ws2-95t-ar-radzem-ziemas-ar-radzem-riepas.jpg\",\"datePublished\":\"2022-08-16T03:14:52+00:00\",\"dateModified\":\"2026-03-19T21:00:24+00:00\",\"breadcrumb\":{\"@id\":\"https:\\\/\\\/mmkriepas.lv\\\/en\\\/p\\\/215-55r18-federal-himalaya-ws2-95t\\\/#breadcrumb\"},\"inLanguage\":\"en-US\",\"potentialAction\":[{\"@type\":\"ReadAction\",\"target\":[\"https:\\\/\\\/mmkriepas.lv\\\/en\\\/p\\\/215-55r18-federal-himalaya-ws2-95t\\\/\"]}]},{\"@type\":\"ImageObject\",\"inLanguage\":\"en-US\",\"@id\":\"https:\\\/\\\/mmkriepas.lv\\\/en\\\/p\\\/215-55r18-federal-himalaya-ws2-95t\\\/#primaryimage\",\"url\":\"https:\\\/\\\/mmkriepas.lv\\\/wp-content\\\/uploads\\\/2023\\\/01\\\/21555r18-federal-himalaya-ws2-95t-ar-radzem-ziemas-ar-radzem-riepas.jpg\",\"contentUrl\":\"https:\\\/\\\/mmkriepas.lv\\\/wp-content\\\/uploads\\\/2023\\\/01\\\/21555r18-federal-himalaya-ws2-95t-ar-radzem-ziemas-ar-radzem-riepas.jpg\",\"width\":751,\"height\":751,\"caption\":\"215\\\/55R18 FEDERAL HIMALAYA WS2 95T ar radz\u0113m - Ziemas ar radz\u0113m riepas\"},{\"@type\":\"BreadcrumbList\",\"@id\":\"https:\\\/\\\/mmkriepas.lv\\\/en\\\/p\\\/215-55r18-federal-himalaya-ws2-95t\\\/#breadcrumb\",\"itemListElement\":[{\"@type\":\"ListItem\",\"position\":1,\"name\":\"S\u0101kums\",\"item\":\"https:\\\/\\\/mmkriepas.lv\\\/en\\\/\"},{\"@type\":\"ListItem\",\"position\":2,\"name\":\"215\\\/55R18 Federal Himalaya WS2 95T\"}]},{\"@type\":\"WebSite\",\"@id\":\"https:\\\/\\\/mmkriepas.lv\\\/en\\\/#website\",\"url\":\"https:\\\/\\\/mmkriepas.lv\\\/en\\\/\",\"name\":\"MMK Riepas\",\"description\":\"MMK Riepas\",\"alternateName\":\"MMK Riepu Serviss\",\"potentialAction\":[{\"@type\":\"SearchAction\",\"target\":{\"@type\":\"EntryPoint\",\"urlTemplate\":\"https:\\\/\\\/mmkriepas.lv\\\/en\\\/?s={search_term_string}\"},\"query-input\":{\"@type\":\"PropertyValueSpecification\",\"valueRequired\":true,\"valueName\":\"search_term_string\"}}],\"inLanguage\":\"en-US\"},{\"@type\":\"ImageObject\",\"inLanguage\":\"en-US\",\"@id\":\"https:\\\/\\\/mmkriepas.lv\\\/en\\\/p\\\/215-55r18-federal-himalaya-ws2-95t\\\/#local-main-organization-logo\",\"url\":\"\",\"contentUrl\":\"\",\"caption\":\"MMK Riepas\"}]}<\/script>\n<meta property=\"product:brand\" content=\"Federal Himalaya WS2\" \/>\n<meta property=\"product:price:amount\" content=\"95.00\" \/>\n<meta property=\"product:price:currency\" content=\"EUR\" \/>\n<meta property=\"og:availability\" content=\"instock\" \/>\n<meta property=\"product:availability\" content=\"instock\" \/>\n<meta property=\"product:retailer_item_id\" content=\"TW2155518FEDER-L5513\" \/>\n<meta property=\"product:condition\" content=\"new\" \/>\n<!-- \/ Yoast SEO Premium plugin. -->","yoast_head_json":{"title":"215\/55R18 Federal Himalaya WS2 95T &#8226; MMK Riepas","robots":{"index":"index","follow":"follow","max-snippet":"max-snippet:-1","max-image-preview":"max-image-preview:large","max-video-preview":"max-video-preview:-1"},"canonical":"https:\/\/mmkriepas.lv\/en\/p\/215-55r18-federal-himalaya-ws2-95t\/","og_locale":"en_US","og_type":"article","og_title":"215\/55R18 Federal Himalaya WS2 95T","og_description":"Federal Himalaya WS2 ir labas kvalit\u0101tes, bud\u017eeta klases rad\u017eojamais ziemas riepu modelis. Tas izce\u013cas ar labiem sa\u0137eres un manevr\u0113tsp\u0113jas r\u0101d\u012bt\u0101jiem skarbos ziemas brauk\u0161anas apst\u0101k\u013cos. Protektora blokos iesp\u0113jams iestr\u0101d\u0101t radzes, kas ne tikai uzlabo sa\u0137eri ar apledoju\u0161iem ce\u013ca posmiem, bet ar\u012b paildzina riepu m\u016b\u017eu. Modelis paredz\u0113ts kompaktklases un vid\u0113ja izm\u0113ra vieglajiem auto un pieejams vair\u0101k k\u0101 60 izm\u0113ros no R13, l\u012bdz R18.","og_url":"https:\/\/mmkriepas.lv\/en\/p\/215-55r18-federal-himalaya-ws2-95t\/","og_site_name":"MMK Riepas","article_publisher":"https:\/\/www.facebook.com\/mmkserviss\/","article_modified_time":"2026-03-19T21:00:24+00:00","og_image":[{"width":751,"height":751,"url":"https:\/\/mmkriepas.lv\/wp-content\/uploads\/2023\/01\/21555r18-federal-himalaya-ws2-95t-ar-radzem-ziemas-ar-radzem-riepas.jpg","type":"image\/jpeg"}],"twitter_card":"summary_large_image","twitter_misc":{"Price":"&euro;95.00","Availability":"In stock"},"schema":{"@context":"https:\/\/schema.org","@graph":[{"@type":"WebPage","@id":"https:\/\/mmkriepas.lv\/en\/p\/215-55r18-federal-himalaya-ws2-95t\/","url":"https:\/\/mmkriepas.lv\/en\/p\/215-55r18-federal-himalaya-ws2-95t\/","name":"215\/55R18 Federal Himalaya WS2 95T &#8226; MMK Riepas","isPartOf":{"@id":"https:\/\/mmkriepas.lv\/en\/#website"},"primaryImageOfPage":{"@id":"https:\/\/mmkriepas.lv\/en\/p\/215-55r18-federal-himalaya-ws2-95t\/#primaryimage"},"image":{"@id":"https:\/\/mmkriepas.lv\/en\/p\/215-55r18-federal-himalaya-ws2-95t\/#primaryimage"},"thumbnailUrl":"https:\/\/mmkriepas.lv\/wp-content\/uploads\/2023\/01\/21555r18-federal-himalaya-ws2-95t-ar-radzem-ziemas-ar-radzem-riepas.jpg","datePublished":"2022-08-16T03:14:52+00:00","dateModified":"2026-03-19T21:00:24+00:00","breadcrumb":{"@id":"https:\/\/mmkriepas.lv\/en\/p\/215-55r18-federal-himalaya-ws2-95t\/#breadcrumb"},"inLanguage":"en-US","potentialAction":[{"@type":"ReadAction","target":["https:\/\/mmkriepas.lv\/en\/p\/215-55r18-federal-himalaya-ws2-95t\/"]}]},{"@type":"ImageObject","inLanguage":"en-US","@id":"https:\/\/mmkriepas.lv\/en\/p\/215-55r18-federal-himalaya-ws2-95t\/#primaryimage","url":"https:\/\/mmkriepas.lv\/wp-content\/uploads\/2023\/01\/21555r18-federal-himalaya-ws2-95t-ar-radzem-ziemas-ar-radzem-riepas.jpg","contentUrl":"https:\/\/mmkriepas.lv\/wp-content\/uploads\/2023\/01\/21555r18-federal-himalaya-ws2-95t-ar-radzem-ziemas-ar-radzem-riepas.jpg","width":751,"height":751,"caption":"215\/55R18 FEDERAL HIMALAYA WS2 95T ar radz\u0113m - Ziemas ar radz\u0113m riepas"},{"@type":"BreadcrumbList","@id":"https:\/\/mmkriepas.lv\/en\/p\/215-55r18-federal-himalaya-ws2-95t\/#breadcrumb","itemListElement":[{"@type":"ListItem","position":1,"name":"S\u0101kums","item":"https:\/\/mmkriepas.lv\/en\/"},{"@type":"ListItem","position":2,"name":"215\/55R18 Federal Himalaya WS2 95T"}]},{"@type":"WebSite","@id":"https:\/\/mmkriepas.lv\/en\/#website","url":"https:\/\/mmkriepas.lv\/en\/","name":"MMK Riepas","description":"MMK Riepas","alternateName":"MMK Riepu Serviss","potentialAction":[{"@type":"SearchAction","target":{"@type":"EntryPoint","urlTemplate":"https:\/\/mmkriepas.lv\/en\/?s={search_term_string}"},"query-input":{"@type":"PropertyValueSpecification","valueRequired":true,"valueName":"search_term_string"}}],"inLanguage":"en-US"},{"@type":"ImageObject","inLanguage":"en-US","@id":"https:\/\/mmkriepas.lv\/en\/p\/215-55r18-federal-himalaya-ws2-95t\/#local-main-organization-logo","url":"","contentUrl":"","caption":"MMK Riepas"}]},"product_brand":"Federal Himalaya WS2","product_price_amount":"95.00","product_price_currency":"EUR","og_availability":"instock","product_availability":"instock","product_retailer_item_id":"TW2155518FEDER-L5513","product_condition":"new"},"_links":{"self":[{"href":"https:\/\/mmkriepas.lv\/en\/wp-json\/wp\/v2\/product\/288522","targetHints":{"allow":["GET"]}}],"collection":[{"href":"https:\/\/mmkriepas.lv\/en\/wp-json\/wp\/v2\/product"}],"about":[{"href":"https:\/\/mmkriepas.lv\/en\/wp-json\/wp\/v2\/types\/product"}],"wp:featuredmedia":[{"embeddable":true,"href":"https:\/\/mmkriepas.lv\/en\/wp-json\/wp\/v2\/media\/481318"}],"wp:attachment":[{"href":"https:\/\/mmkriepas.lv\/en\/wp-json\/wp\/v2\/media?parent=288522"}],"wp:term":[{"taxonomy":"product_brand","embeddable":true,"href":"https:\/\/mmkriepas.lv\/en\/wp-json\/wp\/v2\/product_brand?post=288522"},{"taxonomy":"product_cat","embeddable":true,"href":"https:\/\/mmkriepas.lv\/en\/wp-json\/wp\/v2\/product_cat?post=288522"},{"taxonomy":"product_tag","embeddable":true,"href":"https:\/\/mmkriepas.lv\/en\/wp-json\/wp\/v2\/product_tag?post=288522"}],"curies":[{"name":"wp","href":"https:\/\/api.w.org\/{rel}","templated":true}]}}