{"id":288158,"date":"2022-08-16T05:58:42","date_gmt":"2022-08-16T02:58:42","guid":{"rendered":"https:\/\/mmkserviss.lv\/?post_type=product&#038;p=288158"},"modified":"2024-08-06T15:13:28","modified_gmt":"2024-08-06T12:13:28","slug":"215-60r17c-toyo-nanoenergy-van-109-107t","status":"publish","type":"product","link":"https:\/\/mmkriepas.lv\/en\/p\/215-60r17c-toyo-nanoenergy-van-109-107t\/","title":{"rendered":"215\/60R17C Toyo NanoEnergy Van 109\/107T"},"content":{"rendered":"<p><span style=\"font-family: Arial, sans-serif;\"><b><span>Toyo NanoEnergy Van<\/span><\/b><span> ir augst\u0101k\u0101s kvalit\u0101tes, jap\u0101\u0146u premium klases komerctransporta jeb c indeksa vasaras riepu modelis. Tas izce\u013cas ar teicamiem degvielas ekonomijas, kravnes\u012bbas, nodilumiztur\u012bbas un sa\u0137eres r\u0101d\u012bt\u0101jiem pat intens\u012bvas vasaras ekspluat\u0101cijas apst\u0101k\u013cos. \u0160is riepu modelis pieejams pla\u0161\u0101 izm\u0113ru kl\u0101st\u0101 no R13 l\u012bdz R17 un piem\u0113rots lieliem nobraukumiem vasaras brauk\u0161anas apst\u0101k\u013cos.<\/span><\/span><\/p>\n<h3 class=\"western\"><span style=\"font-family: Arial, sans-serif;\"><span>Toyo NanoEnergy Van galven\u0101s iez\u012bmes<\/span><\/span><\/h3>\n<p><span style=\"font-family: Arial, sans-serif;\"><span>+ Palielin\u0101ti slodzes indeksi at\u013cauj smagas kravas p\u0101rvad\u0101t intens\u012bvas ekspluat\u0101cijas apst\u0101k\u013cos,<br \/>+ Degvielas ekonomija, pateicoties \u012bpa\u0161am gumijas sast\u0101vam,<br \/>+ Palielin\u0101ta nodilumiztur\u012bba,<br \/>+ Laba sa\u0137ere gan uz sausa un slapja asfalta, gan ar\u012b uz grants ce\u013ciem.<br \/>+ Zems akvaplan\u0113\u0161anas risks.<\/span><\/span><\/p>\n<h3 class=\"western\"><span style=\"font-family: Arial, sans-serif;\"><span>NanoEnergy Van apr\u012bkojums<\/span><\/span><\/h3>\n<p><span style=\"font-family: Arial, sans-serif;\"><span>Toyo Nano<\/span><span>E<\/span><span>nergy Van vasaras komerctransporta riepas apr\u012bkotas ar klasisku simetrisko protektora rakstu. \u0160\u0101ds dizains ir rakstur\u012bgs c indeksa jeb busu riep\u0101m, jo protektora bloku izm\u0113rs un izvietojums nodro\u0161ina liel\u0101ku kravnes\u012bbu un nodilumiztur\u012bbu, nek\u0101 citiem dizainiem.<\/span><\/span><\/p>\n<p><span style=\"font-family: Arial, sans-serif;\"><span>Gumijas sast\u0101vs papildin\u0101ts ar virkni riepu giganta Toyo tehnolo\u0123iskajiem risin\u0101jumiem. Gumijai pievienotie elastrom\u0113ri nodro\u0161ina maz\u0101ku rites pretest\u012bbu un uzlabotu nodilumiztur\u012bbu, k\u0101 ar\u012b sp\u0113ju riepai piel\u0101goties paaugstin\u0101t\u0101m gaisa un ce\u013ca seguma temperat\u016br\u0101m, saglab\u0101jot formu un nezaud\u0113jot elast\u012bbu. K\u0101 zin\u0101ms, elast\u012bga riepa daudz lab\u0101k veido sa\u0137eri ar ce\u013cu, k\u0101 ar\u012b dilst vienm\u0113r\u012bg\u0101k.<\/span><\/span><\/p>\n<p><span style=\"font-family: Arial, sans-serif;\"><span>Mas\u012bvie protektora bloki nodro\u0161ina teicamu sa\u0137eri ar irden\u0101m ce\u013ca virsm\u0101m &#8211; granti un smilt\u012bm. Starp protektora blokiem izvietota efekt\u012bva dren\u0101\u017eas jeb \u016bdens novadkan\u0101lu sist\u0113ma. T\u0101 \u0101tri atbr\u012bvo riepu kontakta virsmu ar ce\u013cu no \u016bdens, b\u016btiski samazinot akvaplan\u0113\u0161anas risku.<\/span><\/span><\/p>\n<p><span style=\"font-family: Arial, sans-serif;\"><span>Protektora pamatn\u0113 atrodams ar vair\u0101kiem kordu jeb brekera sl\u0101\u0146iem pastiprin\u0101ts karkass. Tas nodro\u0161ina palielin\u0101tu kravnes\u012bbu un triecieniztur\u012bbu, palielinot riepu kalpo\u0161anas m\u016b\u017eu.<\/span><\/span><\/p>\n","protected":false},"excerpt":{"rendered":"<p><span style=\"font-family: Arial, sans-serif;\"><b><span>Toyo NanoEnergy Van<\/span><\/b><span> ir augst\u0101k\u0101s kvalit\u0101tes, jap\u0101\u0146u premium klases komerctransporta jeb c indeksa vasaras riepu modelis. Tas izce\u013cas ar teicamiem degvielas ekonomijas, kravnes\u012bbas, nodilumiztur\u012bbas un sa\u0137eres r\u0101d\u012bt\u0101jiem pat intens\u012bvas vasaras ekspluat\u0101cijas apst\u0101k\u013cos. \u0160is riepu modelis pieejams pla\u0161\u0101 izm\u0113ru kl\u0101st\u0101 no R13 l\u012bdz R17 un piem\u0113rots lieliem nobraukumiem vasaras brauk\u0161anas apst\u0101k\u013cos.<\/span><\/span><\/p>\n","protected":false},"featured_media":904963,"template":"","meta":{"_acf_changed":false,"ngg_post_thumbnail":0},"product_brand":[],"product_cat":[46],"product_tag":[],"class_list":{"0":"post-288158","1":"product","2":"type-product","3":"status-publish","4":"has-post-thumbnail","6":"product_cat-vasaras-riepas","8":"first","9":"instock","10":"taxable","11":"shipping-taxable","12":"product-type-simple"},"acf":[],"yoast_head":"<!-- This site is optimized with the Yoast SEO Premium plugin v22.6 (Yoast SEO v27.3) - https:\/\/yoast.com\/product\/yoast-seo-premium-wordpress\/ -->\n<title>215\/60R17C Toyo NanoEnergy Van 109\/107T &#8226; MMK Riepas<\/title>\n<meta name=\"robots\" content=\"index, follow, max-snippet:-1, max-image-preview:large, max-video-preview:-1\" \/>\n<link rel=\"canonical\" href=\"https:\/\/mmkriepas.lv\/en\/p\/215-60r17c-toyo-nanoenergy-van-109-107t\/\" \/>\n<meta property=\"og:locale\" content=\"en_US\" \/>\n<meta property=\"og:type\" content=\"article\" \/>\n<meta property=\"og:title\" content=\"215\/60R17C Toyo NanoEnergy Van 109\/107T\" \/>\n<meta property=\"og:description\" content=\"Toyo NanoEnergy Van ir augst\u0101k\u0101s kvalit\u0101tes, jap\u0101\u0146u premium klases komerctransporta jeb c indeksa vasaras riepu modelis. Tas izce\u013cas ar teicamiem degvielas ekonomijas, kravnes\u012bbas, nodilumiztur\u012bbas un sa\u0137eres r\u0101d\u012bt\u0101jiem pat intens\u012bvas vasaras ekspluat\u0101cijas apst\u0101k\u013cos. \u0160is riepu modelis pieejams pla\u0161\u0101 izm\u0113ru kl\u0101st\u0101 no R13 l\u012bdz R17 un piem\u0113rots lieliem nobraukumiem vasaras brauk\u0161anas apst\u0101k\u013cos.\" \/>\n<meta property=\"og:url\" content=\"https:\/\/mmkriepas.lv\/en\/p\/215-60r17c-toyo-nanoenergy-van-109-107t\/\" \/>\n<meta property=\"og:site_name\" content=\"MMK Riepas\" \/>\n<meta property=\"article:publisher\" content=\"https:\/\/www.facebook.com\/mmkserviss\/\" \/>\n<meta property=\"article:modified_time\" content=\"2024-08-06T12:13:28+00:00\" \/>\n<meta property=\"og:image\" content=\"https:\/\/mmkriepas.lv\/wp-content\/uploads\/2024\/05\/toyo-nanoenergy-van.jpg\" \/>\n\t<meta property=\"og:image:width\" content=\"900\" \/>\n\t<meta property=\"og:image:height\" content=\"720\" \/>\n\t<meta property=\"og:image:type\" content=\"image\/jpeg\" \/>\n<meta name=\"twitter:card\" content=\"summary_large_image\" \/>\n<meta name=\"twitter:label1\" content=\"Price\" \/>\n\t<meta name=\"twitter:data1\" content=\"&euro;140.00\" \/>\n\t<meta name=\"twitter:label2\" content=\"Availability\" \/>\n\t<meta name=\"twitter:data2\" content=\"In stock\" \/>\n<script type=\"application\/ld+json\" class=\"yoast-schema-graph\">{\"@context\":\"https:\\\/\\\/schema.org\",\"@graph\":[{\"@type\":\"WebPage\",\"@id\":\"https:\\\/\\\/mmkriepas.lv\\\/en\\\/p\\\/215-60r17c-toyo-nanoenergy-van-109-107t\\\/\",\"url\":\"https:\\\/\\\/mmkriepas.lv\\\/en\\\/p\\\/215-60r17c-toyo-nanoenergy-van-109-107t\\\/\",\"name\":\"215\\\/60R17C Toyo NanoEnergy Van 109\\\/107T &#8226; MMK Riepas\",\"isPartOf\":{\"@id\":\"https:\\\/\\\/mmkriepas.lv\\\/en\\\/#website\"},\"primaryImageOfPage\":{\"@id\":\"https:\\\/\\\/mmkriepas.lv\\\/en\\\/p\\\/215-60r17c-toyo-nanoenergy-van-109-107t\\\/#primaryimage\"},\"image\":{\"@id\":\"https:\\\/\\\/mmkriepas.lv\\\/en\\\/p\\\/215-60r17c-toyo-nanoenergy-van-109-107t\\\/#primaryimage\"},\"thumbnailUrl\":\"https:\\\/\\\/mmkriepas.lv\\\/wp-content\\\/uploads\\\/2024\\\/05\\\/toyo-nanoenergy-van.jpg\",\"datePublished\":\"2022-08-16T02:58:42+00:00\",\"dateModified\":\"2024-08-06T12:13:28+00:00\",\"breadcrumb\":{\"@id\":\"https:\\\/\\\/mmkriepas.lv\\\/en\\\/p\\\/215-60r17c-toyo-nanoenergy-van-109-107t\\\/#breadcrumb\"},\"inLanguage\":\"en-US\",\"potentialAction\":[{\"@type\":\"ReadAction\",\"target\":[\"https:\\\/\\\/mmkriepas.lv\\\/en\\\/p\\\/215-60r17c-toyo-nanoenergy-van-109-107t\\\/\"]}]},{\"@type\":\"ImageObject\",\"inLanguage\":\"en-US\",\"@id\":\"https:\\\/\\\/mmkriepas.lv\\\/en\\\/p\\\/215-60r17c-toyo-nanoenergy-van-109-107t\\\/#primaryimage\",\"url\":\"https:\\\/\\\/mmkriepas.lv\\\/wp-content\\\/uploads\\\/2024\\\/05\\\/toyo-nanoenergy-van.jpg\",\"contentUrl\":\"https:\\\/\\\/mmkriepas.lv\\\/wp-content\\\/uploads\\\/2024\\\/05\\\/toyo-nanoenergy-van.jpg\",\"width\":900,\"height\":720,\"caption\":\"MAIN\"},{\"@type\":\"BreadcrumbList\",\"@id\":\"https:\\\/\\\/mmkriepas.lv\\\/en\\\/p\\\/215-60r17c-toyo-nanoenergy-van-109-107t\\\/#breadcrumb\",\"itemListElement\":[{\"@type\":\"ListItem\",\"position\":1,\"name\":\"S\u0101kums\",\"item\":\"https:\\\/\\\/mmkriepas.lv\\\/en\\\/\"},{\"@type\":\"ListItem\",\"position\":2,\"name\":\"215\\\/60R17C Toyo NanoEnergy Van 109\\\/107T\"}]},{\"@type\":\"WebSite\",\"@id\":\"https:\\\/\\\/mmkriepas.lv\\\/en\\\/#website\",\"url\":\"https:\\\/\\\/mmkriepas.lv\\\/en\\\/\",\"name\":\"MMK Riepas\",\"description\":\"MMK Riepas\",\"alternateName\":\"MMK Riepu Serviss\",\"potentialAction\":[{\"@type\":\"SearchAction\",\"target\":{\"@type\":\"EntryPoint\",\"urlTemplate\":\"https:\\\/\\\/mmkriepas.lv\\\/en\\\/?s={search_term_string}\"},\"query-input\":{\"@type\":\"PropertyValueSpecification\",\"valueRequired\":true,\"valueName\":\"search_term_string\"}}],\"inLanguage\":\"en-US\"},{\"@type\":\"ImageObject\",\"inLanguage\":\"en-US\",\"@id\":\"https:\\\/\\\/mmkriepas.lv\\\/en\\\/p\\\/215-60r17c-toyo-nanoenergy-van-109-107t\\\/#local-main-organization-logo\",\"url\":\"\",\"contentUrl\":\"\",\"caption\":\"MMK Riepas\"}]}<\/script>\n<meta property=\"product:brand\" content=\"Toyo NanoEnergy Van\" \/>\n<meta property=\"product:price:amount\" content=\"140.00\" \/>\n<meta property=\"product:price:currency\" content=\"EUR\" \/>\n<meta property=\"og:availability\" content=\"instock\" \/>\n<meta property=\"product:availability\" content=\"instock\" \/>\n<meta property=\"product:retailer_item_id\" content=\"TS2156017TOYO-L5390\" \/>\n<meta property=\"product:condition\" content=\"new\" \/>\n<!-- \/ Yoast SEO Premium plugin. -->","yoast_head_json":{"title":"215\/60R17C Toyo NanoEnergy Van 109\/107T &#8226; MMK Riepas","robots":{"index":"index","follow":"follow","max-snippet":"max-snippet:-1","max-image-preview":"max-image-preview:large","max-video-preview":"max-video-preview:-1"},"canonical":"https:\/\/mmkriepas.lv\/en\/p\/215-60r17c-toyo-nanoenergy-van-109-107t\/","og_locale":"en_US","og_type":"article","og_title":"215\/60R17C Toyo NanoEnergy Van 109\/107T","og_description":"Toyo NanoEnergy Van ir augst\u0101k\u0101s kvalit\u0101tes, jap\u0101\u0146u premium klases komerctransporta jeb c indeksa vasaras riepu modelis. Tas izce\u013cas ar teicamiem degvielas ekonomijas, kravnes\u012bbas, nodilumiztur\u012bbas un sa\u0137eres r\u0101d\u012bt\u0101jiem pat intens\u012bvas vasaras ekspluat\u0101cijas apst\u0101k\u013cos. \u0160is riepu modelis pieejams pla\u0161\u0101 izm\u0113ru kl\u0101st\u0101 no R13 l\u012bdz R17 un piem\u0113rots lieliem nobraukumiem vasaras brauk\u0161anas apst\u0101k\u013cos.","og_url":"https:\/\/mmkriepas.lv\/en\/p\/215-60r17c-toyo-nanoenergy-van-109-107t\/","og_site_name":"MMK Riepas","article_publisher":"https:\/\/www.facebook.com\/mmkserviss\/","article_modified_time":"2024-08-06T12:13:28+00:00","og_image":[{"width":900,"height":720,"url":"https:\/\/mmkriepas.lv\/wp-content\/uploads\/2024\/05\/toyo-nanoenergy-van.jpg","type":"image\/jpeg"}],"twitter_card":"summary_large_image","twitter_misc":{"Price":"&euro;140.00","Availability":"In stock"},"schema":{"@context":"https:\/\/schema.org","@graph":[{"@type":"WebPage","@id":"https:\/\/mmkriepas.lv\/en\/p\/215-60r17c-toyo-nanoenergy-van-109-107t\/","url":"https:\/\/mmkriepas.lv\/en\/p\/215-60r17c-toyo-nanoenergy-van-109-107t\/","name":"215\/60R17C Toyo NanoEnergy Van 109\/107T &#8226; MMK Riepas","isPartOf":{"@id":"https:\/\/mmkriepas.lv\/en\/#website"},"primaryImageOfPage":{"@id":"https:\/\/mmkriepas.lv\/en\/p\/215-60r17c-toyo-nanoenergy-van-109-107t\/#primaryimage"},"image":{"@id":"https:\/\/mmkriepas.lv\/en\/p\/215-60r17c-toyo-nanoenergy-van-109-107t\/#primaryimage"},"thumbnailUrl":"https:\/\/mmkriepas.lv\/wp-content\/uploads\/2024\/05\/toyo-nanoenergy-van.jpg","datePublished":"2022-08-16T02:58:42+00:00","dateModified":"2024-08-06T12:13:28+00:00","breadcrumb":{"@id":"https:\/\/mmkriepas.lv\/en\/p\/215-60r17c-toyo-nanoenergy-van-109-107t\/#breadcrumb"},"inLanguage":"en-US","potentialAction":[{"@type":"ReadAction","target":["https:\/\/mmkriepas.lv\/en\/p\/215-60r17c-toyo-nanoenergy-van-109-107t\/"]}]},{"@type":"ImageObject","inLanguage":"en-US","@id":"https:\/\/mmkriepas.lv\/en\/p\/215-60r17c-toyo-nanoenergy-van-109-107t\/#primaryimage","url":"https:\/\/mmkriepas.lv\/wp-content\/uploads\/2024\/05\/toyo-nanoenergy-van.jpg","contentUrl":"https:\/\/mmkriepas.lv\/wp-content\/uploads\/2024\/05\/toyo-nanoenergy-van.jpg","width":900,"height":720,"caption":"MAIN"},{"@type":"BreadcrumbList","@id":"https:\/\/mmkriepas.lv\/en\/p\/215-60r17c-toyo-nanoenergy-van-109-107t\/#breadcrumb","itemListElement":[{"@type":"ListItem","position":1,"name":"S\u0101kums","item":"https:\/\/mmkriepas.lv\/en\/"},{"@type":"ListItem","position":2,"name":"215\/60R17C Toyo NanoEnergy Van 109\/107T"}]},{"@type":"WebSite","@id":"https:\/\/mmkriepas.lv\/en\/#website","url":"https:\/\/mmkriepas.lv\/en\/","name":"MMK Riepas","description":"MMK Riepas","alternateName":"MMK Riepu Serviss","potentialAction":[{"@type":"SearchAction","target":{"@type":"EntryPoint","urlTemplate":"https:\/\/mmkriepas.lv\/en\/?s={search_term_string}"},"query-input":{"@type":"PropertyValueSpecification","valueRequired":true,"valueName":"search_term_string"}}],"inLanguage":"en-US"},{"@type":"ImageObject","inLanguage":"en-US","@id":"https:\/\/mmkriepas.lv\/en\/p\/215-60r17c-toyo-nanoenergy-van-109-107t\/#local-main-organization-logo","url":"","contentUrl":"","caption":"MMK Riepas"}]},"product_brand":"Toyo NanoEnergy Van","product_price_amount":"140.00","product_price_currency":"EUR","og_availability":"instock","product_availability":"instock","product_retailer_item_id":"TS2156017TOYO-L5390","product_condition":"new"},"_links":{"self":[{"href":"https:\/\/mmkriepas.lv\/en\/wp-json\/wp\/v2\/product\/288158","targetHints":{"allow":["GET"]}}],"collection":[{"href":"https:\/\/mmkriepas.lv\/en\/wp-json\/wp\/v2\/product"}],"about":[{"href":"https:\/\/mmkriepas.lv\/en\/wp-json\/wp\/v2\/types\/product"}],"wp:featuredmedia":[{"embeddable":true,"href":"https:\/\/mmkriepas.lv\/en\/wp-json\/wp\/v2\/media\/904963"}],"wp:attachment":[{"href":"https:\/\/mmkriepas.lv\/en\/wp-json\/wp\/v2\/media?parent=288158"}],"wp:term":[{"taxonomy":"product_brand","embeddable":true,"href":"https:\/\/mmkriepas.lv\/en\/wp-json\/wp\/v2\/product_brand?post=288158"},{"taxonomy":"product_cat","embeddable":true,"href":"https:\/\/mmkriepas.lv\/en\/wp-json\/wp\/v2\/product_cat?post=288158"},{"taxonomy":"product_tag","embeddable":true,"href":"https:\/\/mmkriepas.lv\/en\/wp-json\/wp\/v2\/product_tag?post=288158"}],"curies":[{"name":"wp","href":"https:\/\/api.w.org\/{rel}","templated":true}]}}