{"id":288155,"date":"2022-08-16T05:58:34","date_gmt":"2022-08-16T02:58:34","guid":{"rendered":"https:\/\/mmkserviss.lv\/?post_type=product&#038;p=288155"},"modified":"2026-03-27T12:07:05","modified_gmt":"2026-03-27T10:07:05","slug":"215-60r17c-gt-radial-maxmiler-pro-109-107t","status":"publish","type":"product","link":"https:\/\/mmkriepas.lv\/en\/p\/215-60r17c-gt-radial-maxmiler-pro-109-107t\/","title":{"rendered":"215\/60R17C GT Radial MAXMILER Pro 109\/107T"},"content":{"rendered":"<p><span style=\"font-family: arial, helvetica, sans-serif;\"><strong>GT Radial Maxmiler Pro <\/strong>ir vasaras riepu modelis kas paredz\u0113ts komerctransportam. Modelis izce\u013cas ar labiem dilst\u012bbas r\u0101d\u012bt\u0101jiem, pat pie liel\u0101m krav\u0101m. \u013boti laba cenas un kvalit\u0101tes attiec\u012bba!<\/span><\/p>\n<p><span style=\"font-family: arial, helvetica, sans-serif;\"><strong>Maxmiler Pro<\/strong><strong> galven\u0101s \u012bpa\u0161\u012bbas:<\/strong><\/span><\/p>\n<p><span style=\"font-family: arial, helvetica, sans-serif;\">+ Pastiprin\u0101ta s\u0101nu bortu konstrukcija.<\/span><\/p>\n<p><span style=\"font-family: arial, helvetica, sans-serif;\">+ Uzlabota iztur\u012bba un stabilit\u0101te pie liel\u0101m slodz\u0113m.<\/span><\/p>\n<p><span style=\"font-family: arial, helvetica, sans-serif;\">+ Lieli protektora bloki nodro\u0161ina vienm\u0113r\u012bgaku dil\u0161anu, kas pagarina riepas m\u016b\u017eu.<\/span><\/p>\n<p><span style=\"font-family: arial, helvetica, sans-serif;\">+ Labi veikstp\u0113jas r\u0101d\u012bt\u0101ji uz slapja ce\u013ca seguma.<\/span><\/p>\n<p><span style=\"font-family: arial, helvetica, sans-serif;\"><strong>Maxmiler Pro<\/strong> raksturojums:<\/span><\/p>\n<p><span style=\"font-family: arial, helvetica, sans-serif;\"><strong>GT Radial Maxmiler Pro <\/strong>b\u016bs laba izv\u0113le autovad\u012bt\u0101jiem, kam riepas ilgm\u016b\u017e\u012bba un brauk\u0161anas komforts ir galvenie faktori. Riepas konstrukcija izstr\u0101d\u0101ta ar uzsvaru uz riepas bortu da\u013cas stipr\u012bbu un kravnes\u012bbas sp\u0113ju pat pie liela kravas svara. <\/span><\/p>\n<p><span><span style=\"font-family: arial, helvetica, sans-serif;\">Riepas protektora raksts un gumijas sast\u0101vs izstr\u0101d\u0101ts ar m\u0113r\u0137i sniegt p\u0113c iesp\u0113jas liel\u0101ku ieps\u0113jamo nobraukumu un brauk\u0161anas komfortu.<\/span> <\/span><\/p>\n","protected":false},"excerpt":{"rendered":"<p><span style=\"font-family: arial, helvetica, sans-serif;\"><strong>GT Radial Maxmiler Pro <\/strong>ir vasaras riepu modelis kas paredz\u0113ts komerctransportam. Modelis izce\u013cas ar labiem dilst\u012bbas r\u0101d\u012bt\u0101jiem, pat pie liel\u0101m krav\u0101m. \u013boti laba cenas un kvalit\u0101tes attiec\u012bba!<\/span><\/p>\n","protected":false},"featured_media":1228863,"template":"","meta":{"_acf_changed":false,"ngg_post_thumbnail":0},"product_brand":[],"product_cat":[46],"product_tag":[],"class_list":{"0":"post-288155","1":"product","2":"type-product","3":"status-publish","4":"has-post-thumbnail","6":"product_cat-vasaras-riepas","8":"first","9":"instock","10":"sale","11":"taxable","12":"shipping-taxable","13":"purchasable","14":"product-type-simple"},"acf":[],"yoast_head":"<!-- This site is optimized with the Yoast SEO Premium plugin v22.6 (Yoast SEO v27.3) - https:\/\/yoast.com\/product\/yoast-seo-premium-wordpress\/ -->\n<title>215\/60R17C GT Radial MAXMILER Pro 109\/107T &#8226; MMK Riepas<\/title>\n<meta name=\"robots\" content=\"index, follow, max-snippet:-1, max-image-preview:large, max-video-preview:-1\" \/>\n<link rel=\"canonical\" href=\"https:\/\/mmkriepas.lv\/en\/p\/215-60r17c-gt-radial-maxmiler-pro-109-107t\/\" \/>\n<meta property=\"og:locale\" content=\"en_US\" \/>\n<meta property=\"og:type\" content=\"article\" \/>\n<meta property=\"og:title\" content=\"215\/60R17C GT Radial MAXMILER Pro 109\/107T\" \/>\n<meta property=\"og:description\" content=\"GT Radial Maxmiler Pro ir vasaras riepu modelis kas paredz\u0113ts komerctransportam. Modelis izce\u013cas ar labiem dilst\u012bbas r\u0101d\u012bt\u0101jiem, pat pie liel\u0101m krav\u0101m. \u013boti laba cenas un kvalit\u0101tes attiec\u012bba!\" \/>\n<meta property=\"og:url\" content=\"https:\/\/mmkriepas.lv\/en\/p\/215-60r17c-gt-radial-maxmiler-pro-109-107t\/\" \/>\n<meta property=\"og:site_name\" content=\"MMK Riepas\" \/>\n<meta property=\"article:publisher\" content=\"https:\/\/www.facebook.com\/mmkserviss\/\" \/>\n<meta property=\"article:modified_time\" content=\"2026-03-27T10:07:05+00:00\" \/>\n<meta property=\"og:image\" content=\"https:\/\/mmkriepas.lv\/wp-content\/uploads\/2025\/05\/18575r16c-gt-radial-maxmiler-pro-104102t-vasaras-riepas.jpg\" \/>\n\t<meta property=\"og:image:width\" content=\"900\" \/>\n\t<meta property=\"og:image:height\" content=\"720\" \/>\n\t<meta property=\"og:image:type\" content=\"image\/jpeg\" \/>\n<meta name=\"twitter:card\" content=\"summary_large_image\" \/>\n<meta name=\"twitter:label1\" content=\"Price\" \/>\n\t<meta name=\"twitter:data1\" content=\"&euro;110.00\" \/>\n\t<meta name=\"twitter:label2\" content=\"Availability\" \/>\n\t<meta name=\"twitter:data2\" content=\"In stock\" \/>\n<script type=\"application\/ld+json\" class=\"yoast-schema-graph\">{\"@context\":\"https:\\\/\\\/schema.org\",\"@graph\":[{\"@type\":\"WebPage\",\"@id\":\"https:\\\/\\\/mmkriepas.lv\\\/en\\\/p\\\/215-60r17c-gt-radial-maxmiler-pro-109-107t\\\/\",\"url\":\"https:\\\/\\\/mmkriepas.lv\\\/en\\\/p\\\/215-60r17c-gt-radial-maxmiler-pro-109-107t\\\/\",\"name\":\"215\\\/60R17C GT Radial MAXMILER Pro 109\\\/107T &#8226; MMK Riepas\",\"isPartOf\":{\"@id\":\"https:\\\/\\\/mmkriepas.lv\\\/en\\\/#website\"},\"primaryImageOfPage\":{\"@id\":\"https:\\\/\\\/mmkriepas.lv\\\/en\\\/p\\\/215-60r17c-gt-radial-maxmiler-pro-109-107t\\\/#primaryimage\"},\"image\":{\"@id\":\"https:\\\/\\\/mmkriepas.lv\\\/en\\\/p\\\/215-60r17c-gt-radial-maxmiler-pro-109-107t\\\/#primaryimage\"},\"thumbnailUrl\":\"https:\\\/\\\/mmkriepas.lv\\\/wp-content\\\/uploads\\\/2025\\\/05\\\/18575r16c-gt-radial-maxmiler-pro-104102t-vasaras-riepas.jpg\",\"datePublished\":\"2022-08-16T02:58:34+00:00\",\"dateModified\":\"2026-03-27T10:07:05+00:00\",\"breadcrumb\":{\"@id\":\"https:\\\/\\\/mmkriepas.lv\\\/en\\\/p\\\/215-60r17c-gt-radial-maxmiler-pro-109-107t\\\/#breadcrumb\"},\"inLanguage\":\"en-US\",\"potentialAction\":[{\"@type\":\"ReadAction\",\"target\":[\"https:\\\/\\\/mmkriepas.lv\\\/en\\\/p\\\/215-60r17c-gt-radial-maxmiler-pro-109-107t\\\/\"]}]},{\"@type\":\"ImageObject\",\"inLanguage\":\"en-US\",\"@id\":\"https:\\\/\\\/mmkriepas.lv\\\/en\\\/p\\\/215-60r17c-gt-radial-maxmiler-pro-109-107t\\\/#primaryimage\",\"url\":\"https:\\\/\\\/mmkriepas.lv\\\/wp-content\\\/uploads\\\/2025\\\/05\\\/18575r16c-gt-radial-maxmiler-pro-104102t-vasaras-riepas.jpg\",\"contentUrl\":\"https:\\\/\\\/mmkriepas.lv\\\/wp-content\\\/uploads\\\/2025\\\/05\\\/18575r16c-gt-radial-maxmiler-pro-104102t-vasaras-riepas.jpg\",\"width\":900,\"height\":720,\"caption\":\"MAIN\"},{\"@type\":\"BreadcrumbList\",\"@id\":\"https:\\\/\\\/mmkriepas.lv\\\/en\\\/p\\\/215-60r17c-gt-radial-maxmiler-pro-109-107t\\\/#breadcrumb\",\"itemListElement\":[{\"@type\":\"ListItem\",\"position\":1,\"name\":\"S\u0101kums\",\"item\":\"https:\\\/\\\/mmkriepas.lv\\\/en\\\/\"},{\"@type\":\"ListItem\",\"position\":2,\"name\":\"215\\\/60R17C GT Radial MAXMILER Pro 109\\\/107T\"}]},{\"@type\":\"WebSite\",\"@id\":\"https:\\\/\\\/mmkriepas.lv\\\/en\\\/#website\",\"url\":\"https:\\\/\\\/mmkriepas.lv\\\/en\\\/\",\"name\":\"MMK Riepas\",\"description\":\"MMK Riepas\",\"alternateName\":\"MMK Riepu Serviss\",\"potentialAction\":[{\"@type\":\"SearchAction\",\"target\":{\"@type\":\"EntryPoint\",\"urlTemplate\":\"https:\\\/\\\/mmkriepas.lv\\\/en\\\/?s={search_term_string}\"},\"query-input\":{\"@type\":\"PropertyValueSpecification\",\"valueRequired\":true,\"valueName\":\"search_term_string\"}}],\"inLanguage\":\"en-US\"},{\"@type\":\"ImageObject\",\"inLanguage\":\"en-US\",\"@id\":\"https:\\\/\\\/mmkriepas.lv\\\/en\\\/p\\\/215-60r17c-gt-radial-maxmiler-pro-109-107t\\\/#local-main-organization-logo\",\"url\":\"\",\"contentUrl\":\"\",\"caption\":\"MMK Riepas\"}]}<\/script>\n<meta property=\"product:brand\" content=\"GT Radial MAXMILER Pro\" \/>\n<meta property=\"product:price:amount\" content=\"110.00\" \/>\n<meta property=\"product:price:currency\" content=\"EUR\" \/>\n<meta property=\"og:availability\" content=\"instock\" \/>\n<meta property=\"product:availability\" content=\"instock\" \/>\n<meta property=\"product:retailer_item_id\" content=\"TS2156017GTRAD-L5389\" \/>\n<meta property=\"product:condition\" content=\"new\" \/>\n<!-- \/ Yoast SEO Premium plugin. -->","yoast_head_json":{"title":"215\/60R17C GT Radial MAXMILER Pro 109\/107T &#8226; MMK Riepas","robots":{"index":"index","follow":"follow","max-snippet":"max-snippet:-1","max-image-preview":"max-image-preview:large","max-video-preview":"max-video-preview:-1"},"canonical":"https:\/\/mmkriepas.lv\/en\/p\/215-60r17c-gt-radial-maxmiler-pro-109-107t\/","og_locale":"en_US","og_type":"article","og_title":"215\/60R17C GT Radial MAXMILER Pro 109\/107T","og_description":"GT Radial Maxmiler Pro ir vasaras riepu modelis kas paredz\u0113ts komerctransportam. Modelis izce\u013cas ar labiem dilst\u012bbas r\u0101d\u012bt\u0101jiem, pat pie liel\u0101m krav\u0101m. \u013boti laba cenas un kvalit\u0101tes attiec\u012bba!","og_url":"https:\/\/mmkriepas.lv\/en\/p\/215-60r17c-gt-radial-maxmiler-pro-109-107t\/","og_site_name":"MMK Riepas","article_publisher":"https:\/\/www.facebook.com\/mmkserviss\/","article_modified_time":"2026-03-27T10:07:05+00:00","og_image":[{"width":900,"height":720,"url":"https:\/\/mmkriepas.lv\/wp-content\/uploads\/2025\/05\/18575r16c-gt-radial-maxmiler-pro-104102t-vasaras-riepas.jpg","type":"image\/jpeg"}],"twitter_card":"summary_large_image","twitter_misc":{"Price":"&euro;110.00","Availability":"In stock"},"schema":{"@context":"https:\/\/schema.org","@graph":[{"@type":"WebPage","@id":"https:\/\/mmkriepas.lv\/en\/p\/215-60r17c-gt-radial-maxmiler-pro-109-107t\/","url":"https:\/\/mmkriepas.lv\/en\/p\/215-60r17c-gt-radial-maxmiler-pro-109-107t\/","name":"215\/60R17C GT Radial MAXMILER Pro 109\/107T &#8226; MMK Riepas","isPartOf":{"@id":"https:\/\/mmkriepas.lv\/en\/#website"},"primaryImageOfPage":{"@id":"https:\/\/mmkriepas.lv\/en\/p\/215-60r17c-gt-radial-maxmiler-pro-109-107t\/#primaryimage"},"image":{"@id":"https:\/\/mmkriepas.lv\/en\/p\/215-60r17c-gt-radial-maxmiler-pro-109-107t\/#primaryimage"},"thumbnailUrl":"https:\/\/mmkriepas.lv\/wp-content\/uploads\/2025\/05\/18575r16c-gt-radial-maxmiler-pro-104102t-vasaras-riepas.jpg","datePublished":"2022-08-16T02:58:34+00:00","dateModified":"2026-03-27T10:07:05+00:00","breadcrumb":{"@id":"https:\/\/mmkriepas.lv\/en\/p\/215-60r17c-gt-radial-maxmiler-pro-109-107t\/#breadcrumb"},"inLanguage":"en-US","potentialAction":[{"@type":"ReadAction","target":["https:\/\/mmkriepas.lv\/en\/p\/215-60r17c-gt-radial-maxmiler-pro-109-107t\/"]}]},{"@type":"ImageObject","inLanguage":"en-US","@id":"https:\/\/mmkriepas.lv\/en\/p\/215-60r17c-gt-radial-maxmiler-pro-109-107t\/#primaryimage","url":"https:\/\/mmkriepas.lv\/wp-content\/uploads\/2025\/05\/18575r16c-gt-radial-maxmiler-pro-104102t-vasaras-riepas.jpg","contentUrl":"https:\/\/mmkriepas.lv\/wp-content\/uploads\/2025\/05\/18575r16c-gt-radial-maxmiler-pro-104102t-vasaras-riepas.jpg","width":900,"height":720,"caption":"MAIN"},{"@type":"BreadcrumbList","@id":"https:\/\/mmkriepas.lv\/en\/p\/215-60r17c-gt-radial-maxmiler-pro-109-107t\/#breadcrumb","itemListElement":[{"@type":"ListItem","position":1,"name":"S\u0101kums","item":"https:\/\/mmkriepas.lv\/en\/"},{"@type":"ListItem","position":2,"name":"215\/60R17C GT Radial MAXMILER Pro 109\/107T"}]},{"@type":"WebSite","@id":"https:\/\/mmkriepas.lv\/en\/#website","url":"https:\/\/mmkriepas.lv\/en\/","name":"MMK Riepas","description":"MMK Riepas","alternateName":"MMK Riepu Serviss","potentialAction":[{"@type":"SearchAction","target":{"@type":"EntryPoint","urlTemplate":"https:\/\/mmkriepas.lv\/en\/?s={search_term_string}"},"query-input":{"@type":"PropertyValueSpecification","valueRequired":true,"valueName":"search_term_string"}}],"inLanguage":"en-US"},{"@type":"ImageObject","inLanguage":"en-US","@id":"https:\/\/mmkriepas.lv\/en\/p\/215-60r17c-gt-radial-maxmiler-pro-109-107t\/#local-main-organization-logo","url":"","contentUrl":"","caption":"MMK Riepas"}]},"product_brand":"GT Radial MAXMILER Pro","product_price_amount":"110.00","product_price_currency":"EUR","og_availability":"instock","product_availability":"instock","product_retailer_item_id":"TS2156017GTRAD-L5389","product_condition":"new"},"_links":{"self":[{"href":"https:\/\/mmkriepas.lv\/en\/wp-json\/wp\/v2\/product\/288155","targetHints":{"allow":["GET"]}}],"collection":[{"href":"https:\/\/mmkriepas.lv\/en\/wp-json\/wp\/v2\/product"}],"about":[{"href":"https:\/\/mmkriepas.lv\/en\/wp-json\/wp\/v2\/types\/product"}],"wp:featuredmedia":[{"embeddable":true,"href":"https:\/\/mmkriepas.lv\/en\/wp-json\/wp\/v2\/media\/1228863"}],"wp:attachment":[{"href":"https:\/\/mmkriepas.lv\/en\/wp-json\/wp\/v2\/media?parent=288155"}],"wp:term":[{"taxonomy":"product_brand","embeddable":true,"href":"https:\/\/mmkriepas.lv\/en\/wp-json\/wp\/v2\/product_brand?post=288155"},{"taxonomy":"product_cat","embeddable":true,"href":"https:\/\/mmkriepas.lv\/en\/wp-json\/wp\/v2\/product_cat?post=288155"},{"taxonomy":"product_tag","embeddable":true,"href":"https:\/\/mmkriepas.lv\/en\/wp-json\/wp\/v2\/product_tag?post=288155"}],"curies":[{"name":"wp","href":"https:\/\/api.w.org\/{rel}","templated":true}]}}