{"id":288057,"date":"2022-08-16T05:54:18","date_gmt":"2022-08-16T02:54:18","guid":{"rendered":"https:\/\/mmkserviss.lv\/?post_type=product&#038;p=288057"},"modified":"2026-03-27T12:06:51","modified_gmt":"2026-03-27T10:06:51","slug":"215-75r16c-dynamo-hiscend-h-mc02-116-114r-2","status":"publish","type":"product","link":"https:\/\/mmkriepas.lv\/en\/p\/215-75r16c-dynamo-hiscend-h-mc02-116-114r-2\/","title":{"rendered":"215\/75R16C Dynamo Hiscend-H MC02 116\/114R"},"content":{"rendered":"<p style=\"text-align: left;\"><b>Dynamo Hiscend-H MC02 <\/b><span style=\"font-weight: 400;\">ir vasaras komerctransporta riepu modelis, kas izce\u013cas ar lielisku sa\u0137eri gan uz sausa, gan slapja asfalta, palielin\u0101tu kravnes\u012bbu un teicamu nodilumiztur\u012bbu.\u00a0<\/span><\/p>\n<h3><b>Dynamo MC02 galven\u0101s \u012bpa\u0161\u012bbas:<\/b><\/h3>\n<p><span style=\"font-weight: 400;\">+ Palielin\u0101ta nodilumiztur\u012bba pat intens\u012bvas ekspluat\u0101cijas apst\u0101k\u013cos,<\/span><\/p>\n<p><span style=\"font-weight: 400;\">+ Samazin\u0101ts akvaplan\u0113\u0161anas risks, pateicoties augsti att\u012bst\u012btai \u016bdens dren\u0101\u017eas kan\u0101lu sist\u0113mai,<\/span><\/p>\n<p><span style=\"font-weight: 400;\">+ Samazin\u0101ta rites pretest\u012bba, rezult\u0113joties maz\u0101k\u0101 degvielas pat\u0113ri\u0146\u0101,<\/span><\/p>\n<p><span style=\"font-weight: 400;\">+ \u012apa\u0161i iztur\u012bgs riepas karkass, kas \u013cauj riepai lab\u0101k absorb\u0113t triecienus un palielina t\u0101s kravnes\u012bbu.<\/span><\/p>\n<h3><b>MC02 protektora raksts<\/b><\/h3>\n<p><span style=\"font-weight: 400;\">Dynamo MC02 apr\u012bkots ar komerctransporta riepu segmentam rakstr\u012bgo klasisko protektora rakstu, kuram veikti daudzi b\u016btiski uzlabojumi. Riepas centra zon\u0101 izvietotas divas mas\u012bvu protektora bloku virknes, kas b\u016btiski uzlabo riepas stabilit\u0101ti lielos brauk\u0161anas atrumos. Starp blokiem izvietotie dren\u0101\u017eas kan\u0101li pal\u012bdz efekt\u012bv\u0101k izvad\u012bt no protektora \u016bdeni, krietni samazinot akvaplan\u0113\u0161anas risku.<\/span> <span style=\"font-weight: 400;\">Riepas karkass pastiprin\u0101ts ar vair\u0101kiem papildus kordu jeb brekera sl\u0101\u0146iem, \u013caujot riepai lab\u0101k absorb\u0113t triecienus un paverot iesp\u0113jas uz smag\u0101ku kravu p\u0101rvad\u0101jumiem.\u00a0\u00a0<\/span> <span style=\"font-weight: 400;\">Iztur\u012bgais karkass iet\u0113rpts elast\u012bg\u0101 gumijas sakaus\u0113jum\u0101, kas ne tikai uzlabo sa\u0137eri da\u017e\u0101dos vasaras brauk\u0161anas apst\u0101k\u013cos, bet ar\u012b padara Dynamo MC02 ekonomisk\u0101ku un nodilumiztur\u012bg\u0101ku.<\/span><\/p>\n","protected":false},"excerpt":{"rendered":"<p><b>Dynamo Hiscend-H MC02 &#8211;<\/b><span style=\"font-weight: 400;\">\u00a0vasaras komerctransporta riepu modelis, kas izce\u013cas ar lielisku sa\u0137eri gan uz sausa, gan slapja asfalta, palielin\u0101tu kravnes\u012bbu un teicamu nodilumiztur\u012bbu.\u00a0<\/span><\/p>\n","protected":false},"featured_media":664173,"template":"","meta":{"_acf_changed":false,"ngg_post_thumbnail":0},"product_brand":[],"product_cat":[46],"product_tag":[],"class_list":{"0":"post-288057","1":"product","2":"type-product","3":"status-publish","4":"has-post-thumbnail","6":"product_cat-vasaras-riepas","8":"first","9":"instock","10":"sale","11":"taxable","12":"shipping-taxable","13":"purchasable","14":"product-type-simple"},"acf":[],"yoast_head":"<!-- This site is optimized with the Yoast SEO Premium plugin v22.6 (Yoast SEO v27.3) - https:\/\/yoast.com\/product\/yoast-seo-premium-wordpress\/ -->\n<title>215\/75R16C Dynamo Hiscend-H MC02 116\/114R &#8226; MMK Riepas<\/title>\n<meta name=\"description\" content=\"Dynamo MC02 - komerctransporta jeb busu vasaras riepas ar teicamu cenas un veiktsp\u0113jas attiec\u012bbu. MMK Bi\u0137ernieku iel\u0101 un MMK pie R\u012bga Plaza.\" \/>\n<meta name=\"robots\" content=\"index, follow, max-snippet:-1, max-image-preview:large, max-video-preview:-1\" \/>\n<link rel=\"canonical\" href=\"https:\/\/mmkriepas.lv\/en\/p\/215-75r16c-dynamo-hiscend-h-mc02-116-114r-2\/\" \/>\n<meta property=\"og:locale\" content=\"en_US\" \/>\n<meta property=\"og:type\" content=\"article\" \/>\n<meta property=\"og:title\" content=\"215\/75R16C Dynamo Hiscend-H MC02 116\/114R\" \/>\n<meta property=\"og:description\" content=\"Dynamo MC02 - komerctransporta jeb busu vasaras riepas ar teicamu cenas un veiktsp\u0113jas attiec\u012bbu. MMK Bi\u0137ernieku iel\u0101 un MMK pie R\u012bga Plaza.\" \/>\n<meta property=\"og:url\" content=\"https:\/\/mmkriepas.lv\/en\/p\/215-75r16c-dynamo-hiscend-h-mc02-116-114r-2\/\" \/>\n<meta property=\"og:site_name\" content=\"MMK Riepas\" \/>\n<meta property=\"article:publisher\" content=\"https:\/\/www.facebook.com\/mmkserviss\/\" \/>\n<meta property=\"article:modified_time\" content=\"2026-03-27T10:06:51+00:00\" \/>\n<meta property=\"og:image\" content=\"https:\/\/mmkriepas.lv\/wp-content\/uploads\/2023\/02\/22570r15c-dynamo-hiscend-h-mc02-112110r-vasaras-riepas.jpeg\" \/>\n\t<meta property=\"og:image:width\" content=\"1600\" \/>\n\t<meta property=\"og:image:height\" content=\"1200\" \/>\n\t<meta property=\"og:image:type\" content=\"image\/jpeg\" \/>\n<meta name=\"twitter:card\" content=\"summary_large_image\" \/>\n<meta name=\"twitter:label1\" content=\"Price\" \/>\n\t<meta name=\"twitter:data1\" content=\"&euro;77.00\" \/>\n\t<meta name=\"twitter:label2\" content=\"Availability\" \/>\n\t<meta name=\"twitter:data2\" content=\"In stock\" \/>\n<script type=\"application\/ld+json\" class=\"yoast-schema-graph\">{\"@context\":\"https:\\\/\\\/schema.org\",\"@graph\":[{\"@type\":\"WebPage\",\"@id\":\"https:\\\/\\\/mmkriepas.lv\\\/en\\\/p\\\/215-75r16c-dynamo-hiscend-h-mc02-116-114r-2\\\/\",\"url\":\"https:\\\/\\\/mmkriepas.lv\\\/en\\\/p\\\/215-75r16c-dynamo-hiscend-h-mc02-116-114r-2\\\/\",\"name\":\"215\\\/75R16C Dynamo Hiscend-H MC02 116\\\/114R &#8226; MMK Riepas\",\"isPartOf\":{\"@id\":\"https:\\\/\\\/mmkriepas.lv\\\/en\\\/#website\"},\"primaryImageOfPage\":{\"@id\":\"https:\\\/\\\/mmkriepas.lv\\\/en\\\/p\\\/215-75r16c-dynamo-hiscend-h-mc02-116-114r-2\\\/#primaryimage\"},\"image\":{\"@id\":\"https:\\\/\\\/mmkriepas.lv\\\/en\\\/p\\\/215-75r16c-dynamo-hiscend-h-mc02-116-114r-2\\\/#primaryimage\"},\"thumbnailUrl\":\"https:\\\/\\\/mmkriepas.lv\\\/wp-content\\\/uploads\\\/2023\\\/02\\\/22570r15c-dynamo-hiscend-h-mc02-112110r-vasaras-riepas.jpeg\",\"datePublished\":\"2022-08-16T02:54:18+00:00\",\"dateModified\":\"2026-03-27T10:06:51+00:00\",\"description\":\"Dynamo MC02 - komerctransporta jeb busu vasaras riepas ar teicamu cenas un veiktsp\u0113jas attiec\u012bbu. MMK Bi\u0137ernieku iel\u0101 un MMK pie R\u012bga Plaza.\",\"breadcrumb\":{\"@id\":\"https:\\\/\\\/mmkriepas.lv\\\/en\\\/p\\\/215-75r16c-dynamo-hiscend-h-mc02-116-114r-2\\\/#breadcrumb\"},\"inLanguage\":\"en-US\",\"potentialAction\":[{\"@type\":\"ReadAction\",\"target\":[\"https:\\\/\\\/mmkriepas.lv\\\/en\\\/p\\\/215-75r16c-dynamo-hiscend-h-mc02-116-114r-2\\\/\"]}]},{\"@type\":\"ImageObject\",\"inLanguage\":\"en-US\",\"@id\":\"https:\\\/\\\/mmkriepas.lv\\\/en\\\/p\\\/215-75r16c-dynamo-hiscend-h-mc02-116-114r-2\\\/#primaryimage\",\"url\":\"https:\\\/\\\/mmkriepas.lv\\\/wp-content\\\/uploads\\\/2023\\\/02\\\/22570r15c-dynamo-hiscend-h-mc02-112110r-vasaras-riepas.jpeg\",\"contentUrl\":\"https:\\\/\\\/mmkriepas.lv\\\/wp-content\\\/uploads\\\/2023\\\/02\\\/22570r15c-dynamo-hiscend-h-mc02-112110r-vasaras-riepas.jpeg\",\"width\":1600,\"height\":1200,\"caption\":\"225\\\/70R15C Dynamo Hiscend-H MC02 112\\\/110R - Vasaras riepas\"},{\"@type\":\"BreadcrumbList\",\"@id\":\"https:\\\/\\\/mmkriepas.lv\\\/en\\\/p\\\/215-75r16c-dynamo-hiscend-h-mc02-116-114r-2\\\/#breadcrumb\",\"itemListElement\":[{\"@type\":\"ListItem\",\"position\":1,\"name\":\"S\u0101kums\",\"item\":\"https:\\\/\\\/mmkriepas.lv\\\/en\\\/\"},{\"@type\":\"ListItem\",\"position\":2,\"name\":\"215\\\/75R16C Dynamo Hiscend-H MC02 116\\\/114R\"}]},{\"@type\":\"WebSite\",\"@id\":\"https:\\\/\\\/mmkriepas.lv\\\/en\\\/#website\",\"url\":\"https:\\\/\\\/mmkriepas.lv\\\/en\\\/\",\"name\":\"MMK Riepas\",\"description\":\"MMK Riepas\",\"alternateName\":\"MMK Riepu Serviss\",\"potentialAction\":[{\"@type\":\"SearchAction\",\"target\":{\"@type\":\"EntryPoint\",\"urlTemplate\":\"https:\\\/\\\/mmkriepas.lv\\\/en\\\/?s={search_term_string}\"},\"query-input\":{\"@type\":\"PropertyValueSpecification\",\"valueRequired\":true,\"valueName\":\"search_term_string\"}}],\"inLanguage\":\"en-US\"},{\"@type\":\"ImageObject\",\"inLanguage\":\"en-US\",\"@id\":\"https:\\\/\\\/mmkriepas.lv\\\/en\\\/p\\\/215-75r16c-dynamo-hiscend-h-mc02-116-114r-2\\\/#local-main-organization-logo\",\"url\":\"\",\"contentUrl\":\"\",\"caption\":\"MMK Riepas\"}]}<\/script>\n<meta property=\"product:brand\" content=\"Dynamo Hiscend-H MC02\" \/>\n<meta property=\"product:price:amount\" content=\"77.00\" \/>\n<meta property=\"product:price:currency\" content=\"EUR\" \/>\n<meta property=\"og:availability\" content=\"instock\" \/>\n<meta property=\"product:availability\" content=\"instock\" \/>\n<meta property=\"product:retailer_item_id\" content=\"TS2157516DYNAM-L5357\" \/>\n<meta property=\"product:condition\" content=\"new\" \/>\n<!-- \/ Yoast SEO Premium plugin. -->","yoast_head_json":{"title":"215\/75R16C Dynamo Hiscend-H MC02 116\/114R &#8226; MMK Riepas","description":"Dynamo MC02 - komerctransporta jeb busu vasaras riepas ar teicamu cenas un veiktsp\u0113jas attiec\u012bbu. MMK Bi\u0137ernieku iel\u0101 un MMK pie R\u012bga Plaza.","robots":{"index":"index","follow":"follow","max-snippet":"max-snippet:-1","max-image-preview":"max-image-preview:large","max-video-preview":"max-video-preview:-1"},"canonical":"https:\/\/mmkriepas.lv\/en\/p\/215-75r16c-dynamo-hiscend-h-mc02-116-114r-2\/","og_locale":"en_US","og_type":"article","og_title":"215\/75R16C Dynamo Hiscend-H MC02 116\/114R","og_description":"Dynamo MC02 - komerctransporta jeb busu vasaras riepas ar teicamu cenas un veiktsp\u0113jas attiec\u012bbu. MMK Bi\u0137ernieku iel\u0101 un MMK pie R\u012bga Plaza.","og_url":"https:\/\/mmkriepas.lv\/en\/p\/215-75r16c-dynamo-hiscend-h-mc02-116-114r-2\/","og_site_name":"MMK Riepas","article_publisher":"https:\/\/www.facebook.com\/mmkserviss\/","article_modified_time":"2026-03-27T10:06:51+00:00","og_image":[{"width":1600,"height":1200,"url":"https:\/\/mmkriepas.lv\/wp-content\/uploads\/2023\/02\/22570r15c-dynamo-hiscend-h-mc02-112110r-vasaras-riepas.jpeg","type":"image\/jpeg"}],"twitter_card":"summary_large_image","twitter_misc":{"Price":"&euro;77.00","Availability":"In stock"},"schema":{"@context":"https:\/\/schema.org","@graph":[{"@type":"WebPage","@id":"https:\/\/mmkriepas.lv\/en\/p\/215-75r16c-dynamo-hiscend-h-mc02-116-114r-2\/","url":"https:\/\/mmkriepas.lv\/en\/p\/215-75r16c-dynamo-hiscend-h-mc02-116-114r-2\/","name":"215\/75R16C Dynamo Hiscend-H MC02 116\/114R &#8226; MMK Riepas","isPartOf":{"@id":"https:\/\/mmkriepas.lv\/en\/#website"},"primaryImageOfPage":{"@id":"https:\/\/mmkriepas.lv\/en\/p\/215-75r16c-dynamo-hiscend-h-mc02-116-114r-2\/#primaryimage"},"image":{"@id":"https:\/\/mmkriepas.lv\/en\/p\/215-75r16c-dynamo-hiscend-h-mc02-116-114r-2\/#primaryimage"},"thumbnailUrl":"https:\/\/mmkriepas.lv\/wp-content\/uploads\/2023\/02\/22570r15c-dynamo-hiscend-h-mc02-112110r-vasaras-riepas.jpeg","datePublished":"2022-08-16T02:54:18+00:00","dateModified":"2026-03-27T10:06:51+00:00","description":"Dynamo MC02 - komerctransporta jeb busu vasaras riepas ar teicamu cenas un veiktsp\u0113jas attiec\u012bbu. MMK Bi\u0137ernieku iel\u0101 un MMK pie R\u012bga Plaza.","breadcrumb":{"@id":"https:\/\/mmkriepas.lv\/en\/p\/215-75r16c-dynamo-hiscend-h-mc02-116-114r-2\/#breadcrumb"},"inLanguage":"en-US","potentialAction":[{"@type":"ReadAction","target":["https:\/\/mmkriepas.lv\/en\/p\/215-75r16c-dynamo-hiscend-h-mc02-116-114r-2\/"]}]},{"@type":"ImageObject","inLanguage":"en-US","@id":"https:\/\/mmkriepas.lv\/en\/p\/215-75r16c-dynamo-hiscend-h-mc02-116-114r-2\/#primaryimage","url":"https:\/\/mmkriepas.lv\/wp-content\/uploads\/2023\/02\/22570r15c-dynamo-hiscend-h-mc02-112110r-vasaras-riepas.jpeg","contentUrl":"https:\/\/mmkriepas.lv\/wp-content\/uploads\/2023\/02\/22570r15c-dynamo-hiscend-h-mc02-112110r-vasaras-riepas.jpeg","width":1600,"height":1200,"caption":"225\/70R15C Dynamo Hiscend-H MC02 112\/110R - Vasaras riepas"},{"@type":"BreadcrumbList","@id":"https:\/\/mmkriepas.lv\/en\/p\/215-75r16c-dynamo-hiscend-h-mc02-116-114r-2\/#breadcrumb","itemListElement":[{"@type":"ListItem","position":1,"name":"S\u0101kums","item":"https:\/\/mmkriepas.lv\/en\/"},{"@type":"ListItem","position":2,"name":"215\/75R16C Dynamo Hiscend-H MC02 116\/114R"}]},{"@type":"WebSite","@id":"https:\/\/mmkriepas.lv\/en\/#website","url":"https:\/\/mmkriepas.lv\/en\/","name":"MMK Riepas","description":"MMK Riepas","alternateName":"MMK Riepu Serviss","potentialAction":[{"@type":"SearchAction","target":{"@type":"EntryPoint","urlTemplate":"https:\/\/mmkriepas.lv\/en\/?s={search_term_string}"},"query-input":{"@type":"PropertyValueSpecification","valueRequired":true,"valueName":"search_term_string"}}],"inLanguage":"en-US"},{"@type":"ImageObject","inLanguage":"en-US","@id":"https:\/\/mmkriepas.lv\/en\/p\/215-75r16c-dynamo-hiscend-h-mc02-116-114r-2\/#local-main-organization-logo","url":"","contentUrl":"","caption":"MMK Riepas"}]},"product_brand":"Dynamo Hiscend-H MC02","product_price_amount":"77.00","product_price_currency":"EUR","og_availability":"instock","product_availability":"instock","product_retailer_item_id":"TS2157516DYNAM-L5357","product_condition":"new"},"_links":{"self":[{"href":"https:\/\/mmkriepas.lv\/en\/wp-json\/wp\/v2\/product\/288057","targetHints":{"allow":["GET"]}}],"collection":[{"href":"https:\/\/mmkriepas.lv\/en\/wp-json\/wp\/v2\/product"}],"about":[{"href":"https:\/\/mmkriepas.lv\/en\/wp-json\/wp\/v2\/types\/product"}],"wp:featuredmedia":[{"embeddable":true,"href":"https:\/\/mmkriepas.lv\/en\/wp-json\/wp\/v2\/media\/664173"}],"wp:attachment":[{"href":"https:\/\/mmkriepas.lv\/en\/wp-json\/wp\/v2\/media?parent=288057"}],"wp:term":[{"taxonomy":"product_brand","embeddable":true,"href":"https:\/\/mmkriepas.lv\/en\/wp-json\/wp\/v2\/product_brand?post=288057"},{"taxonomy":"product_cat","embeddable":true,"href":"https:\/\/mmkriepas.lv\/en\/wp-json\/wp\/v2\/product_cat?post=288057"},{"taxonomy":"product_tag","embeddable":true,"href":"https:\/\/mmkriepas.lv\/en\/wp-json\/wp\/v2\/product_tag?post=288057"}],"curies":[{"name":"wp","href":"https:\/\/api.w.org\/{rel}","templated":true}]}}