{"id":287955,"date":"2022-08-16T05:49:51","date_gmt":"2022-08-16T02:49:51","guid":{"rendered":"https:\/\/mmkserviss.lv\/?post_type=product&#038;p=287955"},"modified":"2024-08-06T15:12:19","modified_gmt":"2024-08-06T12:12:19","slug":"205-75r16c-doublestar-dl01-110-108r","status":"publish","type":"product","link":"https:\/\/mmkriepas.lv\/en\/p\/205-75r16c-doublestar-dl01-110-108r\/","title":{"rendered":"205\/75R16C Doublestar DL01 110\/108R"},"content":{"rendered":"<p><strong>Doublestar DL01<\/strong> \u2013 vasaras riepas kura ir speci\u0101li izstr\u0101d\u0101ta vieglaj\u0101m kravas automa\u0161\u012bn\u0101m un mikroautobusiem (komerctransportam), kuras var izmantot uz cietajiem ce\u013ca segumiem (gan asfalts, gan grants vai \u0161\u0137embu ce\u013c\u0161). Lai nodro\u0161in\u0101tu maksim\u0101lu stabilit\u0101ti un dro\u0161\u012bbu, riepas uzb\u016bv\u0113 tika izmantots triecieniztur\u012bgs karkass un \u012bpa\u0161s protektora z\u012bm\u0113jums.\u00a0<\/p>\n<p><strong>DL01 <\/strong><strong>\u012bpa\u0161\u012bbas:<\/strong><\/p>\n<p>+ Pastiprin\u0101ts karkass nodro\u0161ina aizsardz\u012bbu pret boj\u0101jumiem un iesp\u0113jamu p\u0101rsi\u0161anu bedr\u0113s, izturot maksim\u0101l\u0101s slodzes,<\/p>\n<p>+ Univers\u0101ls protektora dizains \u013cauj pan\u0101kt liel\u0101ku stabilit\u0101ti un lielisku vad\u0101m\u012bbu,<\/p>\n<p>+ Paaugstin\u0101ta gumijas elast\u012bba \u013cauj samazin\u0101t rites pretest\u012bbu, kas samazina degvielas pat\u0113ri\u0146u un palielina stabilit\u0101ti,<\/p>\n<p>+ Riepas izce\u013c\u0101s ar zemiem dilst\u012bbas r\u0101d\u012bt\u0101jiem, kas noz\u012bm\u0113 daudzu t\u016bksto\u0161u kilometru nobraukumu,<\/p>\n<p>+ Dro\u0161a vad\u0101m\u012bb\u0101 gan uz sausa, gan mitra seguma, augsta notur\u012bba pret akvaplan\u0113\u0161anu.<\/p>\n<h3>DL01 raksturojums:<\/h3>\n<p>Viegl\u0101s kravas (komerctransporta) riepas bie\u017ei tiek pak\u013cautas maksim\u0101laj\u0101m slodz\u0113m, kas m\u0113dz izrais\u012bt protektora deform\u0101ciju. Izmantotais pastiprin\u0101tais karkass ir izgatavots p\u0113c jaun\u0101m tehnolo\u0123ij\u0101m, t\u0101p\u0113c riepai ir paaugstin\u0101ta iztur\u012bba un samazin\u0101ts svars.<\/p>\n<p>Riepas dizains nodro\u0161ina lielisku vad\u0101m\u012bbu uz cietajiem ce\u013ca segumiem (gan asfalts, gan grants vai \u0161\u0137embu ce\u013c\u0161). Divk\u0101r\u0161\u0101s bloku rindas protektora centr\u0101 nodro\u0161ina lielisku stabilit\u0101ti taisnvirziena kust\u012bb\u0101. Riepas malas da\u013c\u0101 ir speci\u0101las rievas kas nodro\u0161ina paaugstin\u0101tu stabilit\u0101ti pagriezienos. \u0160aj\u0101 riepas model\u012b izmantota sazarota \u016bdens novades sist\u0113ma, kas sast\u0101v no trim dzi\u013ciem kan\u0101liem. Dzi\u013cie zigzagveida kan\u0101li pa\u0101trin\u0101ti izvada \u016bdeni no riepas, nov\u0113r\u0161ot iesp\u0113jamu akvaplan\u0113\u0161anu. Paaugstin\u0101ta sa\u0137ere ar slapju ce\u013cu.<\/p>\n","protected":false},"excerpt":{"rendered":"<p><b><span style=\"font-family: 'Arial',sans-serif;\">Doublestar DL01<\/span><\/b><span style=\"font-family: 'Arial',sans-serif;\"> \u2013 vasaras riepas kura ir speci\u0101li izstr\u0101d\u0101ta vieglaj\u0101m kravas automa\u0161\u012bn\u0101m un mikroautobusiem (komerctransportam), kuras var izmantot uz cietajiem ce\u013ca segumiem (gan asfalts, gan grants vai \u0161\u0137embu ce\u013c\u0161). Lai nodro\u0161in\u0101tu maksim\u0101lu stabilit\u0101ti un dro\u0161\u012bbu, riepas uzb\u016bv\u0113 tika izmantots triecieniztur\u012bgs karkass un \u012bpa\u0161s protektora z\u012bm\u0113jums.\u00a0<o:p><\/o:p><\/span><\/p>\n","protected":false},"featured_media":671966,"template":"","meta":{"_acf_changed":false,"ngg_post_thumbnail":0},"product_brand":[],"product_cat":[46],"product_tag":[],"class_list":{"0":"post-287955","1":"product","2":"type-product","3":"status-publish","4":"has-post-thumbnail","6":"product_cat-vasaras-riepas","8":"first","9":"instock","10":"sale","11":"taxable","12":"shipping-taxable","13":"product-type-simple"},"acf":[],"yoast_head":"<!-- This site is optimized with the Yoast SEO Premium plugin v22.6 (Yoast SEO v27.3) - https:\/\/yoast.com\/product\/yoast-seo-premium-wordpress\/ -->\n<title>205\/75R16C Doublestar DL01 110\/108R &#8226; MMK Riepas<\/title>\n<meta name=\"robots\" content=\"index, follow, max-snippet:-1, max-image-preview:large, max-video-preview:-1\" \/>\n<link rel=\"canonical\" href=\"https:\/\/mmkriepas.lv\/en\/p\/205-75r16c-doublestar-dl01-110-108r\/\" \/>\n<meta property=\"og:locale\" content=\"en_US\" \/>\n<meta property=\"og:type\" content=\"article\" \/>\n<meta property=\"og:title\" content=\"205\/75R16C Doublestar DL01 110\/108R\" \/>\n<meta property=\"og:description\" content=\"Doublestar DL01 \u2013 vasaras riepas kura ir speci\u0101li izstr\u0101d\u0101ta vieglaj\u0101m kravas automa\u0161\u012bn\u0101m un mikroautobusiem (komerctransportam), kuras var izmantot uz cietajiem ce\u013ca segumiem (gan asfalts, gan grants vai \u0161\u0137embu ce\u013c\u0161). Lai nodro\u0161in\u0101tu maksim\u0101lu stabilit\u0101ti un dro\u0161\u012bbu, riepas uzb\u016bv\u0113 tika izmantots triecieniztur\u012bgs karkass un \u012bpa\u0161s protektora z\u012bm\u0113jums.\u00a0\" \/>\n<meta property=\"og:url\" content=\"https:\/\/mmkriepas.lv\/en\/p\/205-75r16c-doublestar-dl01-110-108r\/\" \/>\n<meta property=\"og:site_name\" content=\"MMK Riepas\" \/>\n<meta property=\"article:publisher\" content=\"https:\/\/www.facebook.com\/mmkserviss\/\" \/>\n<meta property=\"article:modified_time\" content=\"2024-08-06T12:12:19+00:00\" \/>\n<meta property=\"og:image\" content=\"https:\/\/mmkriepas.lv\/wp-content\/uploads\/2023\/03\/20565r16c-doublestar-dl01-107105t-vasaras-riepas.jpeg\" \/>\n\t<meta property=\"og:image:width\" content=\"1920\" \/>\n\t<meta property=\"og:image:height\" content=\"1440\" \/>\n\t<meta property=\"og:image:type\" content=\"image\/jpeg\" \/>\n<meta name=\"twitter:card\" content=\"summary_large_image\" \/>\n<meta name=\"twitter:label1\" content=\"Price\" \/>\n\t<meta name=\"twitter:data1\" content=\"&euro;53.00\" \/>\n\t<meta name=\"twitter:label2\" content=\"Availability\" \/>\n\t<meta name=\"twitter:data2\" content=\"In stock\" \/>\n<script type=\"application\/ld+json\" class=\"yoast-schema-graph\">{\"@context\":\"https:\\\/\\\/schema.org\",\"@graph\":[{\"@type\":\"WebPage\",\"@id\":\"https:\\\/\\\/mmkriepas.lv\\\/en\\\/p\\\/205-75r16c-doublestar-dl01-110-108r\\\/\",\"url\":\"https:\\\/\\\/mmkriepas.lv\\\/en\\\/p\\\/205-75r16c-doublestar-dl01-110-108r\\\/\",\"name\":\"205\\\/75R16C Doublestar DL01 110\\\/108R &#8226; MMK Riepas\",\"isPartOf\":{\"@id\":\"https:\\\/\\\/mmkriepas.lv\\\/en\\\/#website\"},\"primaryImageOfPage\":{\"@id\":\"https:\\\/\\\/mmkriepas.lv\\\/en\\\/p\\\/205-75r16c-doublestar-dl01-110-108r\\\/#primaryimage\"},\"image\":{\"@id\":\"https:\\\/\\\/mmkriepas.lv\\\/en\\\/p\\\/205-75r16c-doublestar-dl01-110-108r\\\/#primaryimage\"},\"thumbnailUrl\":\"https:\\\/\\\/mmkriepas.lv\\\/wp-content\\\/uploads\\\/2023\\\/03\\\/20565r16c-doublestar-dl01-107105t-vasaras-riepas.jpeg\",\"datePublished\":\"2022-08-16T02:49:51+00:00\",\"dateModified\":\"2024-08-06T12:12:19+00:00\",\"breadcrumb\":{\"@id\":\"https:\\\/\\\/mmkriepas.lv\\\/en\\\/p\\\/205-75r16c-doublestar-dl01-110-108r\\\/#breadcrumb\"},\"inLanguage\":\"en-US\",\"potentialAction\":[{\"@type\":\"ReadAction\",\"target\":[\"https:\\\/\\\/mmkriepas.lv\\\/en\\\/p\\\/205-75r16c-doublestar-dl01-110-108r\\\/\"]}]},{\"@type\":\"ImageObject\",\"inLanguage\":\"en-US\",\"@id\":\"https:\\\/\\\/mmkriepas.lv\\\/en\\\/p\\\/205-75r16c-doublestar-dl01-110-108r\\\/#primaryimage\",\"url\":\"https:\\\/\\\/mmkriepas.lv\\\/wp-content\\\/uploads\\\/2023\\\/03\\\/20565r16c-doublestar-dl01-107105t-vasaras-riepas.jpeg\",\"contentUrl\":\"https:\\\/\\\/mmkriepas.lv\\\/wp-content\\\/uploads\\\/2023\\\/03\\\/20565r16c-doublestar-dl01-107105t-vasaras-riepas.jpeg\",\"width\":1920,\"height\":1440,\"caption\":\"205\\\/65R16C Doublestar DL01 107\\\/105T - Vasaras riepas\"},{\"@type\":\"BreadcrumbList\",\"@id\":\"https:\\\/\\\/mmkriepas.lv\\\/en\\\/p\\\/205-75r16c-doublestar-dl01-110-108r\\\/#breadcrumb\",\"itemListElement\":[{\"@type\":\"ListItem\",\"position\":1,\"name\":\"S\u0101kums\",\"item\":\"https:\\\/\\\/mmkriepas.lv\\\/en\\\/\"},{\"@type\":\"ListItem\",\"position\":2,\"name\":\"205\\\/75R16C Doublestar DL01 110\\\/108R\"}]},{\"@type\":\"WebSite\",\"@id\":\"https:\\\/\\\/mmkriepas.lv\\\/en\\\/#website\",\"url\":\"https:\\\/\\\/mmkriepas.lv\\\/en\\\/\",\"name\":\"MMK Riepas\",\"description\":\"MMK Riepas\",\"alternateName\":\"MMK Riepu Serviss\",\"potentialAction\":[{\"@type\":\"SearchAction\",\"target\":{\"@type\":\"EntryPoint\",\"urlTemplate\":\"https:\\\/\\\/mmkriepas.lv\\\/en\\\/?s={search_term_string}\"},\"query-input\":{\"@type\":\"PropertyValueSpecification\",\"valueRequired\":true,\"valueName\":\"search_term_string\"}}],\"inLanguage\":\"en-US\"},{\"@type\":\"ImageObject\",\"inLanguage\":\"en-US\",\"@id\":\"https:\\\/\\\/mmkriepas.lv\\\/en\\\/p\\\/205-75r16c-doublestar-dl01-110-108r\\\/#local-main-organization-logo\",\"url\":\"\",\"contentUrl\":\"\",\"caption\":\"MMK Riepas\"}]}<\/script>\n<meta property=\"product:brand\" content=\"Doublestar DL01\" \/>\n<meta property=\"product:price:amount\" content=\"53.00\" \/>\n<meta property=\"product:price:currency\" content=\"EUR\" \/>\n<meta property=\"og:availability\" content=\"instock\" \/>\n<meta property=\"product:availability\" content=\"instock\" \/>\n<meta property=\"product:retailer_item_id\" content=\"TS2057516DOUBL-L5323\" \/>\n<meta property=\"product:condition\" content=\"new\" \/>\n<!-- \/ Yoast SEO Premium plugin. -->","yoast_head_json":{"title":"205\/75R16C Doublestar DL01 110\/108R &#8226; MMK Riepas","robots":{"index":"index","follow":"follow","max-snippet":"max-snippet:-1","max-image-preview":"max-image-preview:large","max-video-preview":"max-video-preview:-1"},"canonical":"https:\/\/mmkriepas.lv\/en\/p\/205-75r16c-doublestar-dl01-110-108r\/","og_locale":"en_US","og_type":"article","og_title":"205\/75R16C Doublestar DL01 110\/108R","og_description":"Doublestar DL01 \u2013 vasaras riepas kura ir speci\u0101li izstr\u0101d\u0101ta vieglaj\u0101m kravas automa\u0161\u012bn\u0101m un mikroautobusiem (komerctransportam), kuras var izmantot uz cietajiem ce\u013ca segumiem (gan asfalts, gan grants vai \u0161\u0137embu ce\u013c\u0161). Lai nodro\u0161in\u0101tu maksim\u0101lu stabilit\u0101ti un dro\u0161\u012bbu, riepas uzb\u016bv\u0113 tika izmantots triecieniztur\u012bgs karkass un \u012bpa\u0161s protektora z\u012bm\u0113jums.\u00a0","og_url":"https:\/\/mmkriepas.lv\/en\/p\/205-75r16c-doublestar-dl01-110-108r\/","og_site_name":"MMK Riepas","article_publisher":"https:\/\/www.facebook.com\/mmkserviss\/","article_modified_time":"2024-08-06T12:12:19+00:00","og_image":[{"width":1920,"height":1440,"url":"https:\/\/mmkriepas.lv\/wp-content\/uploads\/2023\/03\/20565r16c-doublestar-dl01-107105t-vasaras-riepas.jpeg","type":"image\/jpeg"}],"twitter_card":"summary_large_image","twitter_misc":{"Price":"&euro;53.00","Availability":"In stock"},"schema":{"@context":"https:\/\/schema.org","@graph":[{"@type":"WebPage","@id":"https:\/\/mmkriepas.lv\/en\/p\/205-75r16c-doublestar-dl01-110-108r\/","url":"https:\/\/mmkriepas.lv\/en\/p\/205-75r16c-doublestar-dl01-110-108r\/","name":"205\/75R16C Doublestar DL01 110\/108R &#8226; MMK Riepas","isPartOf":{"@id":"https:\/\/mmkriepas.lv\/en\/#website"},"primaryImageOfPage":{"@id":"https:\/\/mmkriepas.lv\/en\/p\/205-75r16c-doublestar-dl01-110-108r\/#primaryimage"},"image":{"@id":"https:\/\/mmkriepas.lv\/en\/p\/205-75r16c-doublestar-dl01-110-108r\/#primaryimage"},"thumbnailUrl":"https:\/\/mmkriepas.lv\/wp-content\/uploads\/2023\/03\/20565r16c-doublestar-dl01-107105t-vasaras-riepas.jpeg","datePublished":"2022-08-16T02:49:51+00:00","dateModified":"2024-08-06T12:12:19+00:00","breadcrumb":{"@id":"https:\/\/mmkriepas.lv\/en\/p\/205-75r16c-doublestar-dl01-110-108r\/#breadcrumb"},"inLanguage":"en-US","potentialAction":[{"@type":"ReadAction","target":["https:\/\/mmkriepas.lv\/en\/p\/205-75r16c-doublestar-dl01-110-108r\/"]}]},{"@type":"ImageObject","inLanguage":"en-US","@id":"https:\/\/mmkriepas.lv\/en\/p\/205-75r16c-doublestar-dl01-110-108r\/#primaryimage","url":"https:\/\/mmkriepas.lv\/wp-content\/uploads\/2023\/03\/20565r16c-doublestar-dl01-107105t-vasaras-riepas.jpeg","contentUrl":"https:\/\/mmkriepas.lv\/wp-content\/uploads\/2023\/03\/20565r16c-doublestar-dl01-107105t-vasaras-riepas.jpeg","width":1920,"height":1440,"caption":"205\/65R16C Doublestar DL01 107\/105T - Vasaras riepas"},{"@type":"BreadcrumbList","@id":"https:\/\/mmkriepas.lv\/en\/p\/205-75r16c-doublestar-dl01-110-108r\/#breadcrumb","itemListElement":[{"@type":"ListItem","position":1,"name":"S\u0101kums","item":"https:\/\/mmkriepas.lv\/en\/"},{"@type":"ListItem","position":2,"name":"205\/75R16C Doublestar DL01 110\/108R"}]},{"@type":"WebSite","@id":"https:\/\/mmkriepas.lv\/en\/#website","url":"https:\/\/mmkriepas.lv\/en\/","name":"MMK Riepas","description":"MMK Riepas","alternateName":"MMK Riepu Serviss","potentialAction":[{"@type":"SearchAction","target":{"@type":"EntryPoint","urlTemplate":"https:\/\/mmkriepas.lv\/en\/?s={search_term_string}"},"query-input":{"@type":"PropertyValueSpecification","valueRequired":true,"valueName":"search_term_string"}}],"inLanguage":"en-US"},{"@type":"ImageObject","inLanguage":"en-US","@id":"https:\/\/mmkriepas.lv\/en\/p\/205-75r16c-doublestar-dl01-110-108r\/#local-main-organization-logo","url":"","contentUrl":"","caption":"MMK Riepas"}]},"product_brand":"Doublestar DL01","product_price_amount":"53.00","product_price_currency":"EUR","og_availability":"instock","product_availability":"instock","product_retailer_item_id":"TS2057516DOUBL-L5323","product_condition":"new"},"_links":{"self":[{"href":"https:\/\/mmkriepas.lv\/en\/wp-json\/wp\/v2\/product\/287955","targetHints":{"allow":["GET"]}}],"collection":[{"href":"https:\/\/mmkriepas.lv\/en\/wp-json\/wp\/v2\/product"}],"about":[{"href":"https:\/\/mmkriepas.lv\/en\/wp-json\/wp\/v2\/types\/product"}],"wp:featuredmedia":[{"embeddable":true,"href":"https:\/\/mmkriepas.lv\/en\/wp-json\/wp\/v2\/media\/671966"}],"wp:attachment":[{"href":"https:\/\/mmkriepas.lv\/en\/wp-json\/wp\/v2\/media?parent=287955"}],"wp:term":[{"taxonomy":"product_brand","embeddable":true,"href":"https:\/\/mmkriepas.lv\/en\/wp-json\/wp\/v2\/product_brand?post=287955"},{"taxonomy":"product_cat","embeddable":true,"href":"https:\/\/mmkriepas.lv\/en\/wp-json\/wp\/v2\/product_cat?post=287955"},{"taxonomy":"product_tag","embeddable":true,"href":"https:\/\/mmkriepas.lv\/en\/wp-json\/wp\/v2\/product_tag?post=287955"}],"curies":[{"name":"wp","href":"https:\/\/api.w.org\/{rel}","templated":true}]}}