{"id":287866,"date":"2022-08-16T05:46:00","date_gmt":"2022-08-16T02:46:00","guid":{"rendered":"https:\/\/mmkserviss.lv\/?post_type=product&#038;p=287866"},"modified":"2026-03-27T12:06:29","modified_gmt":"2026-03-27T10:06:29","slug":"195-60r16c-triangle-connex-van-tv701-99-97h-2","status":"publish","type":"product","link":"https:\/\/mmkriepas.lv\/en\/p\/195-60r16c-triangle-connex-van-tv701-99-97h-2\/","title":{"rendered":"195\/60R16C Triangle ConneX Van TV701 99\/97H"},"content":{"rendered":"<p style=\"margin: 12.0pt 0cm 12.0pt 0cm;\"><b><span style=\"font-size: 11.0pt; font-family: 'Arial',sans-serif; color: black;\">Triangle ConneX Van TV701 <\/span><\/b><span style=\"white-space: pre-wrap;\"><span style=\"font-size: 11.0pt; font-family: 'Arial',sans-serif; color: black;\">&#8211; vasaras komerctransporta riepu modelis, kas paredz\u0113ts mikroautobusiem un vieglajiem kravas auto. Izce\u013cas ar teicamu veiktsp\u0113ju gan uz sausa, gan slapja asfalta, k\u0101 ar\u012b palielin\u0101tu nodilumiztur\u012bbu un kravnes\u012bbu.<\/span><\/span><o:p><\/o:p><\/p>\n<h3 style=\"margin: 14.0pt 0cm 4.0pt 0cm;\"><span style=\"white-space: pre-wrap;\"><span style=\"font-size: 13.0pt; font-family: 'Arial',sans-serif; color: black;\">ConneX Van TV701 galven\u0101s \u012bpa\u0161\u012bbas:<\/span><\/span><o:p><\/o:p><\/h3>\n<p style=\"margin: 12.0pt 0cm 12.0pt 0cm;\"><span style=\"white-space: pre-wrap;\"><span style=\"font-size: 11.0pt; font-family: 'Arial',sans-serif; color: black;\">+ Paaugstin\u0101ta kravnes\u012bba.<\/span><\/span><o:p><\/o:p><\/p>\n<p style=\"margin: 12.0pt 0cm 12.0pt 0cm;\"><span style=\"white-space: pre-wrap;\"><span style=\"font-size: 11.0pt; font-family: 'Arial',sans-serif; color: black;\">+ Uzlabota nodilumiztur\u012bba pat intens\u012bvas ekspluat\u0101cijas apst\u0101k\u013cos.<\/span><\/span><o:p><\/o:p><\/p>\n<p style=\"margin: 12.0pt 0cm 12.0pt 0cm;\"><span style=\"white-space: pre-wrap;\"><span style=\"font-size: 11.0pt; font-family: 'Arial',sans-serif; color: black;\">+ Zema rites pretest\u012bba, kas rezult\u0113jas j\u016btami zem\u0101k\u0101 degvielas pat\u0113ri\u0146\u0101.<\/span><\/span><o:p><\/o:p><\/p>\n<p style=\"margin: 12.0pt 0cm 12.0pt 0cm;\"><span style=\"white-space: pre-wrap;\"><span style=\"font-size: 11.0pt; font-family: 'Arial',sans-serif; color: black;\">+ Izcils akustiskais un gaitas komforts.<\/span><\/span><o:p><\/o:p><\/p>\n<p style=\"margin: 12.0pt 0cm 12.0pt 0cm;\"><span style=\"white-space: pre-wrap;\"><span style=\"font-size: 11.0pt; font-family: 'Arial',sans-serif; color: black;\">+ Samazin\u0101ts akvaplan\u0113\u0161anas risks.<\/span><\/span><o:p><\/o:p><\/p>\n<h3 style=\"margin: 14.0pt 0cm 4.0pt 0cm;\"><span style=\"white-space: pre-wrap;\"><span style=\"font-size: 13.0pt; font-family: 'Arial',sans-serif; color: black;\"> ConneX Van TV701 apr\u012bkojums<\/span><\/span><o:p><\/o:p><\/h3>\n<p style=\"margin: 12.0pt 0cm 12.0pt 0cm;\"><span style=\"white-space: pre-wrap;\"><b><span style=\"font-size: 11.0pt; font-family: 'Arial',sans-serif; color: black;\">Triangle ConneX Van TV701 <\/span><\/b><\/span><span style=\"white-space: pre-wrap;\"><span style=\"font-size: 11.0pt; font-family: 'Arial',sans-serif; color: black;\">apr\u012bkotas ar viegli asimetrisku protektora rakstu. Starp t\u0101 gareniskaj\u0101m protektora josl\u0101m izvietota augsti att\u012bst\u012bta dren\u0101\u017eas kan\u0101lu sist\u0113ma, kas atbr\u012bvo riepu kontakta virsmu ar ce\u013cu no \u016bdens, samazinot akvaplan\u0113\u0161anas risku.<\/span><\/span><o:p><\/o:p><\/p>\n<p style=\"margin: 12.0pt 0cm 12.0pt 0cm;\"><span style=\"white-space: pre-wrap;\"><span style=\"font-size: 11.0pt; font-family: 'Arial',sans-serif; color: black;\">Paaugstin\u0101tu kravnes\u012bbu un ekspluat\u0101cijas \u012bpa\u0161\u012bbas nodro\u0161ina riepas karkass. Tas izgatavots no iztur\u012bga, bet viegla kompoz\u012btmateri\u0101la, un papildin\u0101ts ar vair\u0101kiem kordu jeb brekera sl\u0101\u0146iem. Iztur\u012bgais korpuss iet\u0113rpts nodilumiztur\u012bg\u0101 un elast\u012bg\u0101 gumijas sakaus\u0113jum\u0101. Gumijas sast\u0101vam pievienotie elementi palielina <\/span><b>TV701 <\/b>ilgtsp\u0113j\u012bbu un sa\u0137eres \u012bpa\u0161\u012bbas.\u00a0<\/span><\/p>\n","protected":false},"excerpt":{"rendered":"<p><b><span style=\"font-size: 11.0pt; font-family: 'Arial',sans-serif; color: black;\">Triangle ConneX Van TV701 <\/span><\/b><span style=\"white-space: pre-wrap;\"><span style=\"font-size: 11.0pt; font-family: 'Arial',sans-serif; color: black;\">&#8211; vasaras komerctransporta riepu modelis, kas paredz\u0113ts mikroautobusiem un vieglajiem kravas auto. Izce\u013cas ar teicamu veiktsp\u0113ju gan uz sausa, gan slapja asfalta, k\u0101 ar\u012b palielin\u0101tu nodilumiztur\u012bbu un kravnes\u012bbu.<\/span><\/span><\/p>\n","protected":false},"featured_media":890400,"template":"","meta":{"_acf_changed":false,"ngg_post_thumbnail":0},"product_brand":[],"product_cat":[46],"product_tag":[],"class_list":{"0":"post-287866","1":"product","2":"type-product","3":"status-publish","4":"has-post-thumbnail","6":"product_cat-vasaras-riepas","8":"first","9":"instock","10":"sale","11":"taxable","12":"shipping-taxable","13":"purchasable","14":"product-type-simple"},"acf":[],"yoast_head":"<!-- This site is optimized with the Yoast SEO Premium plugin v22.6 (Yoast SEO v27.3) - https:\/\/yoast.com\/product\/yoast-seo-premium-wordpress\/ -->\n<title>195\/60R16C Triangle ConneX Van TV701 99\/97H &#8226; MMK Riepas<\/title>\n<meta name=\"description\" content=\"Triangle Connex Van TV701 - vasaras komerctransporta riepu modelis ar teicamu veiktsp\u0113ju, palielin\u0101tu nodilumiztur\u012bbu un kravnes\u012bbu.\" \/>\n<meta name=\"robots\" content=\"index, follow, max-snippet:-1, max-image-preview:large, max-video-preview:-1\" \/>\n<link rel=\"canonical\" href=\"https:\/\/mmkriepas.lv\/en\/p\/195-60r16c-triangle-connex-van-tv701-99-97h-2\/\" \/>\n<meta property=\"og:locale\" content=\"en_US\" \/>\n<meta property=\"og:type\" content=\"article\" \/>\n<meta property=\"og:title\" content=\"195\/60R16C Triangle ConneX Van TV701 99\/97H\" \/>\n<meta property=\"og:description\" content=\"Triangle Connex Van TV701 - vasaras komerctransporta riepu modelis ar teicamu veiktsp\u0113ju, palielin\u0101tu nodilumiztur\u012bbu un kravnes\u012bbu.\" \/>\n<meta property=\"og:url\" content=\"https:\/\/mmkriepas.lv\/en\/p\/195-60r16c-triangle-connex-van-tv701-99-97h-2\/\" \/>\n<meta property=\"og:site_name\" content=\"MMK Riepas\" \/>\n<meta property=\"article:publisher\" content=\"https:\/\/www.facebook.com\/mmkserviss\/\" \/>\n<meta property=\"article:modified_time\" content=\"2026-03-27T10:06:29+00:00\" \/>\n<meta property=\"og:image\" content=\"https:\/\/mmkriepas.lv\/wp-content\/uploads\/2024\/04\/20565r16c-triangle-connex-van-tv701-107105t-vasaras-riepas.jpg\" \/>\n\t<meta property=\"og:image:width\" content=\"1000\" \/>\n\t<meta property=\"og:image:height\" content=\"733\" \/>\n\t<meta property=\"og:image:type\" content=\"image\/jpeg\" \/>\n<meta name=\"twitter:card\" content=\"summary_large_image\" \/>\n<meta name=\"twitter:label1\" content=\"Price\" \/>\n\t<meta name=\"twitter:data1\" content=\"&euro;74.00\" \/>\n\t<meta name=\"twitter:label2\" content=\"Availability\" \/>\n\t<meta name=\"twitter:data2\" content=\"In stock\" \/>\n<script type=\"application\/ld+json\" class=\"yoast-schema-graph\">{\"@context\":\"https:\\\/\\\/schema.org\",\"@graph\":[{\"@type\":\"WebPage\",\"@id\":\"https:\\\/\\\/mmkriepas.lv\\\/en\\\/p\\\/195-60r16c-triangle-connex-van-tv701-99-97h-2\\\/\",\"url\":\"https:\\\/\\\/mmkriepas.lv\\\/en\\\/p\\\/195-60r16c-triangle-connex-van-tv701-99-97h-2\\\/\",\"name\":\"195\\\/60R16C Triangle ConneX Van TV701 99\\\/97H &#8226; MMK Riepas\",\"isPartOf\":{\"@id\":\"https:\\\/\\\/mmkriepas.lv\\\/en\\\/#website\"},\"primaryImageOfPage\":{\"@id\":\"https:\\\/\\\/mmkriepas.lv\\\/en\\\/p\\\/195-60r16c-triangle-connex-van-tv701-99-97h-2\\\/#primaryimage\"},\"image\":{\"@id\":\"https:\\\/\\\/mmkriepas.lv\\\/en\\\/p\\\/195-60r16c-triangle-connex-van-tv701-99-97h-2\\\/#primaryimage\"},\"thumbnailUrl\":\"https:\\\/\\\/mmkriepas.lv\\\/wp-content\\\/uploads\\\/2024\\\/04\\\/20565r16c-triangle-connex-van-tv701-107105t-vasaras-riepas.jpg\",\"datePublished\":\"2022-08-16T02:46:00+00:00\",\"dateModified\":\"2026-03-27T10:06:29+00:00\",\"description\":\"Triangle Connex Van TV701 - vasaras komerctransporta riepu modelis ar teicamu veiktsp\u0113ju, palielin\u0101tu nodilumiztur\u012bbu un kravnes\u012bbu.\",\"breadcrumb\":{\"@id\":\"https:\\\/\\\/mmkriepas.lv\\\/en\\\/p\\\/195-60r16c-triangle-connex-van-tv701-99-97h-2\\\/#breadcrumb\"},\"inLanguage\":\"en-US\",\"potentialAction\":[{\"@type\":\"ReadAction\",\"target\":[\"https:\\\/\\\/mmkriepas.lv\\\/en\\\/p\\\/195-60r16c-triangle-connex-van-tv701-99-97h-2\\\/\"]}]},{\"@type\":\"ImageObject\",\"inLanguage\":\"en-US\",\"@id\":\"https:\\\/\\\/mmkriepas.lv\\\/en\\\/p\\\/195-60r16c-triangle-connex-van-tv701-99-97h-2\\\/#primaryimage\",\"url\":\"https:\\\/\\\/mmkriepas.lv\\\/wp-content\\\/uploads\\\/2024\\\/04\\\/20565r16c-triangle-connex-van-tv701-107105t-vasaras-riepas.jpg\",\"contentUrl\":\"https:\\\/\\\/mmkriepas.lv\\\/wp-content\\\/uploads\\\/2024\\\/04\\\/20565r16c-triangle-connex-van-tv701-107105t-vasaras-riepas.jpg\",\"width\":1000,\"height\":733,\"caption\":\"MAIN\"},{\"@type\":\"BreadcrumbList\",\"@id\":\"https:\\\/\\\/mmkriepas.lv\\\/en\\\/p\\\/195-60r16c-triangle-connex-van-tv701-99-97h-2\\\/#breadcrumb\",\"itemListElement\":[{\"@type\":\"ListItem\",\"position\":1,\"name\":\"S\u0101kums\",\"item\":\"https:\\\/\\\/mmkriepas.lv\\\/en\\\/\"},{\"@type\":\"ListItem\",\"position\":2,\"name\":\"195\\\/60R16C Triangle ConneX Van TV701 99\\\/97H\"}]},{\"@type\":\"WebSite\",\"@id\":\"https:\\\/\\\/mmkriepas.lv\\\/en\\\/#website\",\"url\":\"https:\\\/\\\/mmkriepas.lv\\\/en\\\/\",\"name\":\"MMK Riepas\",\"description\":\"MMK Riepas\",\"alternateName\":\"MMK Riepu Serviss\",\"potentialAction\":[{\"@type\":\"SearchAction\",\"target\":{\"@type\":\"EntryPoint\",\"urlTemplate\":\"https:\\\/\\\/mmkriepas.lv\\\/en\\\/?s={search_term_string}\"},\"query-input\":{\"@type\":\"PropertyValueSpecification\",\"valueRequired\":true,\"valueName\":\"search_term_string\"}}],\"inLanguage\":\"en-US\"},{\"@type\":\"ImageObject\",\"inLanguage\":\"en-US\",\"@id\":\"https:\\\/\\\/mmkriepas.lv\\\/en\\\/p\\\/195-60r16c-triangle-connex-van-tv701-99-97h-2\\\/#local-main-organization-logo\",\"url\":\"\",\"contentUrl\":\"\",\"caption\":\"MMK Riepas\"}]}<\/script>\n<meta property=\"product:brand\" content=\"Triangle ConneX Van TV701\" \/>\n<meta property=\"product:price:amount\" content=\"74.00\" \/>\n<meta property=\"product:price:currency\" content=\"EUR\" \/>\n<meta property=\"og:availability\" content=\"instock\" \/>\n<meta property=\"product:availability\" content=\"instock\" \/>\n<meta property=\"product:retailer_item_id\" content=\"TS1956016CTRIAN-L5294\" \/>\n<meta property=\"product:condition\" content=\"new\" \/>\n<!-- \/ Yoast SEO Premium plugin. -->","yoast_head_json":{"title":"195\/60R16C Triangle ConneX Van TV701 99\/97H &#8226; MMK Riepas","description":"Triangle Connex Van TV701 - vasaras komerctransporta riepu modelis ar teicamu veiktsp\u0113ju, palielin\u0101tu nodilumiztur\u012bbu un kravnes\u012bbu.","robots":{"index":"index","follow":"follow","max-snippet":"max-snippet:-1","max-image-preview":"max-image-preview:large","max-video-preview":"max-video-preview:-1"},"canonical":"https:\/\/mmkriepas.lv\/en\/p\/195-60r16c-triangle-connex-van-tv701-99-97h-2\/","og_locale":"en_US","og_type":"article","og_title":"195\/60R16C Triangle ConneX Van TV701 99\/97H","og_description":"Triangle Connex Van TV701 - vasaras komerctransporta riepu modelis ar teicamu veiktsp\u0113ju, palielin\u0101tu nodilumiztur\u012bbu un kravnes\u012bbu.","og_url":"https:\/\/mmkriepas.lv\/en\/p\/195-60r16c-triangle-connex-van-tv701-99-97h-2\/","og_site_name":"MMK Riepas","article_publisher":"https:\/\/www.facebook.com\/mmkserviss\/","article_modified_time":"2026-03-27T10:06:29+00:00","og_image":[{"width":1000,"height":733,"url":"https:\/\/mmkriepas.lv\/wp-content\/uploads\/2024\/04\/20565r16c-triangle-connex-van-tv701-107105t-vasaras-riepas.jpg","type":"image\/jpeg"}],"twitter_card":"summary_large_image","twitter_misc":{"Price":"&euro;74.00","Availability":"In stock"},"schema":{"@context":"https:\/\/schema.org","@graph":[{"@type":"WebPage","@id":"https:\/\/mmkriepas.lv\/en\/p\/195-60r16c-triangle-connex-van-tv701-99-97h-2\/","url":"https:\/\/mmkriepas.lv\/en\/p\/195-60r16c-triangle-connex-van-tv701-99-97h-2\/","name":"195\/60R16C Triangle ConneX Van TV701 99\/97H &#8226; MMK Riepas","isPartOf":{"@id":"https:\/\/mmkriepas.lv\/en\/#website"},"primaryImageOfPage":{"@id":"https:\/\/mmkriepas.lv\/en\/p\/195-60r16c-triangle-connex-van-tv701-99-97h-2\/#primaryimage"},"image":{"@id":"https:\/\/mmkriepas.lv\/en\/p\/195-60r16c-triangle-connex-van-tv701-99-97h-2\/#primaryimage"},"thumbnailUrl":"https:\/\/mmkriepas.lv\/wp-content\/uploads\/2024\/04\/20565r16c-triangle-connex-van-tv701-107105t-vasaras-riepas.jpg","datePublished":"2022-08-16T02:46:00+00:00","dateModified":"2026-03-27T10:06:29+00:00","description":"Triangle Connex Van TV701 - vasaras komerctransporta riepu modelis ar teicamu veiktsp\u0113ju, palielin\u0101tu nodilumiztur\u012bbu un kravnes\u012bbu.","breadcrumb":{"@id":"https:\/\/mmkriepas.lv\/en\/p\/195-60r16c-triangle-connex-van-tv701-99-97h-2\/#breadcrumb"},"inLanguage":"en-US","potentialAction":[{"@type":"ReadAction","target":["https:\/\/mmkriepas.lv\/en\/p\/195-60r16c-triangle-connex-van-tv701-99-97h-2\/"]}]},{"@type":"ImageObject","inLanguage":"en-US","@id":"https:\/\/mmkriepas.lv\/en\/p\/195-60r16c-triangle-connex-van-tv701-99-97h-2\/#primaryimage","url":"https:\/\/mmkriepas.lv\/wp-content\/uploads\/2024\/04\/20565r16c-triangle-connex-van-tv701-107105t-vasaras-riepas.jpg","contentUrl":"https:\/\/mmkriepas.lv\/wp-content\/uploads\/2024\/04\/20565r16c-triangle-connex-van-tv701-107105t-vasaras-riepas.jpg","width":1000,"height":733,"caption":"MAIN"},{"@type":"BreadcrumbList","@id":"https:\/\/mmkriepas.lv\/en\/p\/195-60r16c-triangle-connex-van-tv701-99-97h-2\/#breadcrumb","itemListElement":[{"@type":"ListItem","position":1,"name":"S\u0101kums","item":"https:\/\/mmkriepas.lv\/en\/"},{"@type":"ListItem","position":2,"name":"195\/60R16C Triangle ConneX Van TV701 99\/97H"}]},{"@type":"WebSite","@id":"https:\/\/mmkriepas.lv\/en\/#website","url":"https:\/\/mmkriepas.lv\/en\/","name":"MMK Riepas","description":"MMK Riepas","alternateName":"MMK Riepu Serviss","potentialAction":[{"@type":"SearchAction","target":{"@type":"EntryPoint","urlTemplate":"https:\/\/mmkriepas.lv\/en\/?s={search_term_string}"},"query-input":{"@type":"PropertyValueSpecification","valueRequired":true,"valueName":"search_term_string"}}],"inLanguage":"en-US"},{"@type":"ImageObject","inLanguage":"en-US","@id":"https:\/\/mmkriepas.lv\/en\/p\/195-60r16c-triangle-connex-van-tv701-99-97h-2\/#local-main-organization-logo","url":"","contentUrl":"","caption":"MMK Riepas"}]},"product_brand":"Triangle ConneX Van TV701","product_price_amount":"74.00","product_price_currency":"EUR","og_availability":"instock","product_availability":"instock","product_retailer_item_id":"TS1956016CTRIAN-L5294","product_condition":"new"},"_links":{"self":[{"href":"https:\/\/mmkriepas.lv\/en\/wp-json\/wp\/v2\/product\/287866","targetHints":{"allow":["GET"]}}],"collection":[{"href":"https:\/\/mmkriepas.lv\/en\/wp-json\/wp\/v2\/product"}],"about":[{"href":"https:\/\/mmkriepas.lv\/en\/wp-json\/wp\/v2\/types\/product"}],"wp:featuredmedia":[{"embeddable":true,"href":"https:\/\/mmkriepas.lv\/en\/wp-json\/wp\/v2\/media\/890400"}],"wp:attachment":[{"href":"https:\/\/mmkriepas.lv\/en\/wp-json\/wp\/v2\/media?parent=287866"}],"wp:term":[{"taxonomy":"product_brand","embeddable":true,"href":"https:\/\/mmkriepas.lv\/en\/wp-json\/wp\/v2\/product_brand?post=287866"},{"taxonomy":"product_cat","embeddable":true,"href":"https:\/\/mmkriepas.lv\/en\/wp-json\/wp\/v2\/product_cat?post=287866"},{"taxonomy":"product_tag","embeddable":true,"href":"https:\/\/mmkriepas.lv\/en\/wp-json\/wp\/v2\/product_tag?post=287866"}],"curies":[{"name":"wp","href":"https:\/\/api.w.org\/{rel}","templated":true}]}}