{"id":287812,"date":"2022-08-16T05:43:40","date_gmt":"2022-08-16T02:43:40","guid":{"rendered":"https:\/\/mmkserviss.lv\/?post_type=product&#038;p=287812"},"modified":"2026-03-27T12:06:20","modified_gmt":"2026-03-27T10:06:20","slug":"225-70r15c-goodride-h188-112-110r-2","status":"publish","type":"product","link":"https:\/\/mmkriepas.lv\/en\/p\/225-70r15c-goodride-h188-112-110r-2\/","title":{"rendered":"225\/70R15C Goodride H188 112\/110R"},"content":{"rendered":"<p class=\"western\"><span style=\"font-family: Arial, sans-serif;\"><b><span>Goodride H188<\/span><\/b><span> ir \u013coti labas kvalit\u0101tes vasaras komerctransporta jeb c indeksa riepu modelis.\u00a0 Tas izce\u013cas ar \u013coti labiem kravnes\u012bbas, nodilumiztur\u012bbas, degvielas ekonomijas un sa\u0137eres r\u0101d\u012bt\u0101jiem gan uz sausa un slapja asfalta, gan ar\u012b uz grants ce\u013ciem.<\/span><\/span><\/p>\n<h3 class=\"western\"><span style=\"font-family: Arial, sans-serif;\"><span>Goodride H188 galven\u0101s iez\u012bmes:<\/span><\/span><\/h3>\n<p class=\"western\"><span style=\"font-family: Arial, sans-serif;\"><span>+ Jaunais protektora dizains, kas uzlabo degvielas ekanomiju;<\/span><\/span><\/p>\n<p class=\"western\"><span style=\"font-family: Arial, sans-serif;\"><span>+ Pastiprin\u0101ta riepas karkasa konstrukcija nodro\u0161ina paaugstin\u0101tu triecieniztur\u012bbu;<\/span><\/span><\/p>\n<p class=\"western\"><span style=\"font-family: Arial, sans-serif;\"><span>+ Uzlabots riepas gumijas sast\u0101vs palielina nodilumiztur\u012bbu;<\/span><\/span><\/p>\n<p class=\"western\"><span style=\"font-family: Arial, sans-serif;\"><span>+ Laba sa\u0137ere gan uz sausu, gan ar\u012b slapja asfalta;<\/span><\/span><\/p>\n<p class=\"western\"><span style=\"font-family: Arial, sans-serif;\"><span>+ Uzlabota notur\u012bba pret akvaplan\u0113\u0161anu.<\/span><\/span><\/p>\n<h3 class=\"western\"><span style=\"font-family: Arial, sans-serif;\"><span>H188 apr\u012bkojums<\/span><\/span><\/h3>\n<p class=\"western\"><span style=\"font-family: Arial, sans-serif;\"><span>Goodride H188 c indeksa riepu modelis apr\u012bkots ar riepas karkasu, kas pastiprin\u0101ts ar vair\u0101kiem papildus kordu jeb brekera sl\u0101\u0146iem. Karkass iet\u0113rpts augstas kvalit\u0101tes, nodilumiztur\u012bg\u0101 gumijas sakaus\u0113jum\u0101, kuru rot\u0101 klasisks, simetrisks protektora raksts. Starp mas\u012bvaj\u0101m protektora bloku virkn\u0113m atrodama augsti att\u012bst\u012bta dren\u0101\u017eas kan\u0101lu sist\u0113ma, kas izcili tiek gal\u0101 ar \u016bdens novadi no riepas kontakta virsmas ar ce\u013cu, samazinot akvaplan\u0113\u0161anas risku.<\/span><\/span><\/p>\n<p class=\"western\"><span style=\"font-family: Arial, sans-serif;\"><span>\u0160is vasaras komerctransporta riepu modelis piem\u0113rots tiem busu vad\u012bt\u0101jiem, kas vasaras laik\u0101 m\u0113ro lielus att\u0101lumus un par sabiedroto v\u0113las riepu, kas b\u016bs nodilumiztur\u012bga, ar zemu rites pretest\u012bbu &#8211; degvielas pat\u0113ri\u0146u un teicamu sa\u0137eri.<\/span><\/span><\/p>\n","protected":false},"excerpt":{"rendered":"<p class=\"western\"><span style=\"font-family: Arial, sans-serif;\"><b><span>Goodride H188<\/span><\/b><span> ir \u013coti labas kvalit\u0101tes vasaras komerctransporta jeb c indeksa riepu modelis.\u00a0 Tas izce\u013cas ar \u013coti labiem kravnes\u012bbas, nodilumiztur\u012bbas, degvielas ekonomijas un sa\u0137eres r\u0101d\u012bt\u0101jiem gan uz sausa un slapja asfalta, gan ar\u012b uz grants ce\u013ciem.<\/span><\/span><\/p>\n","protected":false},"featured_media":901476,"template":"","meta":{"_acf_changed":false,"ngg_post_thumbnail":0},"product_brand":[],"product_cat":[46],"product_tag":[],"class_list":{"0":"post-287812","1":"product","2":"type-product","3":"status-publish","4":"has-post-thumbnail","6":"product_cat-vasaras-riepas","8":"first","9":"instock","10":"sale","11":"taxable","12":"shipping-taxable","13":"purchasable","14":"product-type-simple"},"acf":[],"yoast_head":"<!-- This site is optimized with the Yoast SEO Premium plugin v22.6 (Yoast SEO v27.3) - https:\/\/yoast.com\/product\/yoast-seo-premium-wordpress\/ -->\n<title>225\/70R15C Goodride H188 112\/110R &#8226; MMK Riepas<\/title>\n<meta name=\"robots\" content=\"index, follow, max-snippet:-1, max-image-preview:large, max-video-preview:-1\" \/>\n<link rel=\"canonical\" href=\"https:\/\/mmkriepas.lv\/en\/p\/225-70r15c-goodride-h188-112-110r-2\/\" \/>\n<meta property=\"og:locale\" content=\"en_US\" \/>\n<meta property=\"og:type\" content=\"article\" \/>\n<meta property=\"og:title\" content=\"225\/70R15C Goodride H188 112\/110R\" \/>\n<meta property=\"og:description\" content=\"Goodride H188 ir \u013coti labas kvalit\u0101tes vasaras komerctransporta jeb c indeksa riepu modelis.\u00a0 Tas izce\u013cas ar \u013coti labiem kravnes\u012bbas, nodilumiztur\u012bbas, degvielas ekonomijas un sa\u0137eres r\u0101d\u012bt\u0101jiem gan uz sausa un slapja asfalta, gan ar\u012b uz grants ce\u013ciem.\" \/>\n<meta property=\"og:url\" content=\"https:\/\/mmkriepas.lv\/en\/p\/225-70r15c-goodride-h188-112-110r-2\/\" \/>\n<meta property=\"og:site_name\" content=\"MMK Riepas\" \/>\n<meta property=\"article:publisher\" content=\"https:\/\/www.facebook.com\/mmkserviss\/\" \/>\n<meta property=\"article:modified_time\" content=\"2026-03-27T10:06:20+00:00\" \/>\n<meta property=\"og:image\" content=\"https:\/\/mmkriepas.lv\/wp-content\/uploads\/2024\/05\/westlake-h188.jpg\" \/>\n\t<meta property=\"og:image:width\" content=\"900\" \/>\n\t<meta property=\"og:image:height\" content=\"720\" \/>\n\t<meta property=\"og:image:type\" content=\"image\/jpeg\" \/>\n<meta name=\"twitter:card\" content=\"summary_large_image\" \/>\n<meta name=\"twitter:label1\" content=\"Price\" \/>\n\t<meta name=\"twitter:data1\" content=\"&euro;77.00\" \/>\n\t<meta name=\"twitter:label2\" content=\"Availability\" \/>\n\t<meta name=\"twitter:data2\" content=\"In stock\" \/>\n<script type=\"application\/ld+json\" class=\"yoast-schema-graph\">{\"@context\":\"https:\\\/\\\/schema.org\",\"@graph\":[{\"@type\":\"WebPage\",\"@id\":\"https:\\\/\\\/mmkriepas.lv\\\/en\\\/p\\\/225-70r15c-goodride-h188-112-110r-2\\\/\",\"url\":\"https:\\\/\\\/mmkriepas.lv\\\/en\\\/p\\\/225-70r15c-goodride-h188-112-110r-2\\\/\",\"name\":\"225\\\/70R15C Goodride H188 112\\\/110R &#8226; MMK Riepas\",\"isPartOf\":{\"@id\":\"https:\\\/\\\/mmkriepas.lv\\\/en\\\/#website\"},\"primaryImageOfPage\":{\"@id\":\"https:\\\/\\\/mmkriepas.lv\\\/en\\\/p\\\/225-70r15c-goodride-h188-112-110r-2\\\/#primaryimage\"},\"image\":{\"@id\":\"https:\\\/\\\/mmkriepas.lv\\\/en\\\/p\\\/225-70r15c-goodride-h188-112-110r-2\\\/#primaryimage\"},\"thumbnailUrl\":\"https:\\\/\\\/mmkriepas.lv\\\/wp-content\\\/uploads\\\/2024\\\/05\\\/westlake-h188.jpg\",\"datePublished\":\"2022-08-16T02:43:40+00:00\",\"dateModified\":\"2026-03-27T10:06:20+00:00\",\"breadcrumb\":{\"@id\":\"https:\\\/\\\/mmkriepas.lv\\\/en\\\/p\\\/225-70r15c-goodride-h188-112-110r-2\\\/#breadcrumb\"},\"inLanguage\":\"en-US\",\"potentialAction\":[{\"@type\":\"ReadAction\",\"target\":[\"https:\\\/\\\/mmkriepas.lv\\\/en\\\/p\\\/225-70r15c-goodride-h188-112-110r-2\\\/\"]}]},{\"@type\":\"ImageObject\",\"inLanguage\":\"en-US\",\"@id\":\"https:\\\/\\\/mmkriepas.lv\\\/en\\\/p\\\/225-70r15c-goodride-h188-112-110r-2\\\/#primaryimage\",\"url\":\"https:\\\/\\\/mmkriepas.lv\\\/wp-content\\\/uploads\\\/2024\\\/05\\\/westlake-h188.jpg\",\"contentUrl\":\"https:\\\/\\\/mmkriepas.lv\\\/wp-content\\\/uploads\\\/2024\\\/05\\\/westlake-h188.jpg\",\"width\":900,\"height\":720,\"caption\":\"MAIN\"},{\"@type\":\"BreadcrumbList\",\"@id\":\"https:\\\/\\\/mmkriepas.lv\\\/en\\\/p\\\/225-70r15c-goodride-h188-112-110r-2\\\/#breadcrumb\",\"itemListElement\":[{\"@type\":\"ListItem\",\"position\":1,\"name\":\"S\u0101kums\",\"item\":\"https:\\\/\\\/mmkriepas.lv\\\/en\\\/\"},{\"@type\":\"ListItem\",\"position\":2,\"name\":\"225\\\/70R15C Goodride H188 112\\\/110R\"}]},{\"@type\":\"WebSite\",\"@id\":\"https:\\\/\\\/mmkriepas.lv\\\/en\\\/#website\",\"url\":\"https:\\\/\\\/mmkriepas.lv\\\/en\\\/\",\"name\":\"MMK Riepas\",\"description\":\"MMK Riepas\",\"alternateName\":\"MMK Riepu Serviss\",\"potentialAction\":[{\"@type\":\"SearchAction\",\"target\":{\"@type\":\"EntryPoint\",\"urlTemplate\":\"https:\\\/\\\/mmkriepas.lv\\\/en\\\/?s={search_term_string}\"},\"query-input\":{\"@type\":\"PropertyValueSpecification\",\"valueRequired\":true,\"valueName\":\"search_term_string\"}}],\"inLanguage\":\"en-US\"},{\"@type\":\"ImageObject\",\"inLanguage\":\"en-US\",\"@id\":\"https:\\\/\\\/mmkriepas.lv\\\/en\\\/p\\\/225-70r15c-goodride-h188-112-110r-2\\\/#local-main-organization-logo\",\"url\":\"\",\"contentUrl\":\"\",\"caption\":\"MMK Riepas\"}]}<\/script>\n<meta property=\"product:brand\" content=\"Goodride H188\" \/>\n<meta property=\"product:price:amount\" content=\"77.00\" \/>\n<meta property=\"product:price:currency\" content=\"EUR\" \/>\n<meta property=\"og:availability\" content=\"instock\" \/>\n<meta property=\"product:availability\" content=\"instock\" \/>\n<meta property=\"product:retailer_item_id\" content=\"TS2257015GOODR-L5276\" \/>\n<meta property=\"product:condition\" content=\"new\" \/>\n<!-- \/ Yoast SEO Premium plugin. -->","yoast_head_json":{"title":"225\/70R15C Goodride H188 112\/110R &#8226; MMK Riepas","robots":{"index":"index","follow":"follow","max-snippet":"max-snippet:-1","max-image-preview":"max-image-preview:large","max-video-preview":"max-video-preview:-1"},"canonical":"https:\/\/mmkriepas.lv\/en\/p\/225-70r15c-goodride-h188-112-110r-2\/","og_locale":"en_US","og_type":"article","og_title":"225\/70R15C Goodride H188 112\/110R","og_description":"Goodride H188 ir \u013coti labas kvalit\u0101tes vasaras komerctransporta jeb c indeksa riepu modelis.\u00a0 Tas izce\u013cas ar \u013coti labiem kravnes\u012bbas, nodilumiztur\u012bbas, degvielas ekonomijas un sa\u0137eres r\u0101d\u012bt\u0101jiem gan uz sausa un slapja asfalta, gan ar\u012b uz grants ce\u013ciem.","og_url":"https:\/\/mmkriepas.lv\/en\/p\/225-70r15c-goodride-h188-112-110r-2\/","og_site_name":"MMK Riepas","article_publisher":"https:\/\/www.facebook.com\/mmkserviss\/","article_modified_time":"2026-03-27T10:06:20+00:00","og_image":[{"width":900,"height":720,"url":"https:\/\/mmkriepas.lv\/wp-content\/uploads\/2024\/05\/westlake-h188.jpg","type":"image\/jpeg"}],"twitter_card":"summary_large_image","twitter_misc":{"Price":"&euro;77.00","Availability":"In stock"},"schema":{"@context":"https:\/\/schema.org","@graph":[{"@type":"WebPage","@id":"https:\/\/mmkriepas.lv\/en\/p\/225-70r15c-goodride-h188-112-110r-2\/","url":"https:\/\/mmkriepas.lv\/en\/p\/225-70r15c-goodride-h188-112-110r-2\/","name":"225\/70R15C Goodride H188 112\/110R &#8226; MMK Riepas","isPartOf":{"@id":"https:\/\/mmkriepas.lv\/en\/#website"},"primaryImageOfPage":{"@id":"https:\/\/mmkriepas.lv\/en\/p\/225-70r15c-goodride-h188-112-110r-2\/#primaryimage"},"image":{"@id":"https:\/\/mmkriepas.lv\/en\/p\/225-70r15c-goodride-h188-112-110r-2\/#primaryimage"},"thumbnailUrl":"https:\/\/mmkriepas.lv\/wp-content\/uploads\/2024\/05\/westlake-h188.jpg","datePublished":"2022-08-16T02:43:40+00:00","dateModified":"2026-03-27T10:06:20+00:00","breadcrumb":{"@id":"https:\/\/mmkriepas.lv\/en\/p\/225-70r15c-goodride-h188-112-110r-2\/#breadcrumb"},"inLanguage":"en-US","potentialAction":[{"@type":"ReadAction","target":["https:\/\/mmkriepas.lv\/en\/p\/225-70r15c-goodride-h188-112-110r-2\/"]}]},{"@type":"ImageObject","inLanguage":"en-US","@id":"https:\/\/mmkriepas.lv\/en\/p\/225-70r15c-goodride-h188-112-110r-2\/#primaryimage","url":"https:\/\/mmkriepas.lv\/wp-content\/uploads\/2024\/05\/westlake-h188.jpg","contentUrl":"https:\/\/mmkriepas.lv\/wp-content\/uploads\/2024\/05\/westlake-h188.jpg","width":900,"height":720,"caption":"MAIN"},{"@type":"BreadcrumbList","@id":"https:\/\/mmkriepas.lv\/en\/p\/225-70r15c-goodride-h188-112-110r-2\/#breadcrumb","itemListElement":[{"@type":"ListItem","position":1,"name":"S\u0101kums","item":"https:\/\/mmkriepas.lv\/en\/"},{"@type":"ListItem","position":2,"name":"225\/70R15C Goodride H188 112\/110R"}]},{"@type":"WebSite","@id":"https:\/\/mmkriepas.lv\/en\/#website","url":"https:\/\/mmkriepas.lv\/en\/","name":"MMK Riepas","description":"MMK Riepas","alternateName":"MMK Riepu Serviss","potentialAction":[{"@type":"SearchAction","target":{"@type":"EntryPoint","urlTemplate":"https:\/\/mmkriepas.lv\/en\/?s={search_term_string}"},"query-input":{"@type":"PropertyValueSpecification","valueRequired":true,"valueName":"search_term_string"}}],"inLanguage":"en-US"},{"@type":"ImageObject","inLanguage":"en-US","@id":"https:\/\/mmkriepas.lv\/en\/p\/225-70r15c-goodride-h188-112-110r-2\/#local-main-organization-logo","url":"","contentUrl":"","caption":"MMK Riepas"}]},"product_brand":"Goodride H188","product_price_amount":"77.00","product_price_currency":"EUR","og_availability":"instock","product_availability":"instock","product_retailer_item_id":"TS2257015GOODR-L5276","product_condition":"new"},"_links":{"self":[{"href":"https:\/\/mmkriepas.lv\/en\/wp-json\/wp\/v2\/product\/287812","targetHints":{"allow":["GET"]}}],"collection":[{"href":"https:\/\/mmkriepas.lv\/en\/wp-json\/wp\/v2\/product"}],"about":[{"href":"https:\/\/mmkriepas.lv\/en\/wp-json\/wp\/v2\/types\/product"}],"wp:featuredmedia":[{"embeddable":true,"href":"https:\/\/mmkriepas.lv\/en\/wp-json\/wp\/v2\/media\/901476"}],"wp:attachment":[{"href":"https:\/\/mmkriepas.lv\/en\/wp-json\/wp\/v2\/media?parent=287812"}],"wp:term":[{"taxonomy":"product_brand","embeddable":true,"href":"https:\/\/mmkriepas.lv\/en\/wp-json\/wp\/v2\/product_brand?post=287812"},{"taxonomy":"product_cat","embeddable":true,"href":"https:\/\/mmkriepas.lv\/en\/wp-json\/wp\/v2\/product_cat?post=287812"},{"taxonomy":"product_tag","embeddable":true,"href":"https:\/\/mmkriepas.lv\/en\/wp-json\/wp\/v2\/product_tag?post=287812"}],"curies":[{"name":"wp","href":"https:\/\/api.w.org\/{rel}","templated":true}]}}