{"id":287548,"date":"2022-08-16T05:31:50","date_gmt":"2022-08-16T02:31:50","guid":{"rendered":"https:\/\/mmkserviss.lv\/?post_type=product&#038;p=287548"},"modified":"2024-08-06T15:09:38","modified_gmt":"2024-08-06T12:09:38","slug":"305-45r22-federal-couragia-f-x-118v-xl","status":"publish","type":"product","link":"https:\/\/mmkriepas.lv\/en\/p\/305-45r22-federal-couragia-f-x-118v-xl\/","title":{"rendered":"305\/45R22 Federal Couragia F\/X 118V XL"},"content":{"rendered":"<p style=\"margin: 12.0pt 0cm 12.0pt 0cm;\"><b><span style=\"font-size: 11.0pt; font-family: 'Arial',sans-serif; color: black;\">Federal Couragia F\/X <\/span><\/b><span style=\"white-space: pre-wrap;\"><span style=\"font-size: 11.0pt; font-family: 'Arial',sans-serif; color: black;\">ir labas kvalit\u0101tes UHP jeb augstas veiktsp\u0113jas vasaras riepu modelis. Tas izce\u013cas ar augstu komforta l\u012bmeni un lab\u0101m sa\u0137eres \u012bpa\u0161\u012bb\u0101m gan uz sausa, gan slapja asfalta pat lielos brauk\u0161anas \u0101trumos.<\/span><\/span><o:p><\/o:p><\/p>\n<h3 style=\"margin: 14.0pt 0cm 4.0pt 0cm;\"><span style=\"white-space: pre-wrap;\"><span style=\"font-size: 13.0pt; font-family: 'Arial',sans-serif; color: black;\">Federal Couragia F\/X galven\u0101s iez\u012bmes<\/span><\/span><o:p><\/o:p><\/h3>\n<p style=\"margin: 12.0pt 0cm 12.0pt 0cm;\"><span style=\"white-space: pre-wrap;\"><span style=\"font-size: 11.0pt; font-family: 'Arial',sans-serif; color: black;\">+ UHP jeb augstas veiktsp\u0113jas riepu modelis, kuram piem\u012bt labi sa\u0137eres r\u0101d\u012bt\u0101ji pat lielos brauk\u0161anas \u0101trumos.<\/span><o:p><\/o:p><\/span><span style=\"white-space: pre-wrap;\"><\/span><\/p>\n<p style=\"margin: 12.0pt 0cm 12.0pt 0cm;\"><span style=\"font-size: 11.0pt; font-family: 'Arial',sans-serif; color: black;\">+ Zems akvaplan\u0113\u0161anas risks,<\/span><o:p><\/o:p><span style=\"white-space: pre-wrap;\"><\/span><\/p>\n<p style=\"margin: 12.0pt 0cm 12.0pt 0cm;\"><span style=\"font-size: 11.0pt; font-family: 'Arial',sans-serif; color: black;\">+ Palielin\u0101ta nodilumiztur\u012bba,<\/span><o:p><\/o:p><span style=\"white-space: pre-wrap;\"><\/span><\/p>\n<p style=\"margin: 12.0pt 0cm 12.0pt 0cm;\"><span style=\"font-size: 11.0pt; font-family: 'Arial',sans-serif; color: black;\">+ Degvielas ekonomija!<\/span><o:p><\/o:p><span style=\"white-space: pre-wrap;\"><\/span><\/p>\n<p style=\"margin: 12.0pt 0cm 12.0pt 0cm;\"><span style=\"font-size: 11.0pt; font-family: 'Arial',sans-serif; color: black;\">+ Palielin\u0101ts protektora elementu skaits, kas uzlabo \u0161\u012b vasaras riepu mode\u013ca veiktsp\u0113ju uz grants ce\u013ciem.<\/span><o:p><\/o:p><\/p>\n<h3 style=\"margin: 14.0pt 0cm 4.0pt 0cm;\"><span style=\"white-space: pre-wrap;\"><span style=\"font-size: 13.0pt; font-family: 'Arial',sans-serif; color: black;\">Couragia F\/X apr\u012bkojums<\/span><\/span><o:p><\/o:p><\/h3>\n<p style=\"margin: 12.0pt 0cm 12.0pt 0cm;\"><span style=\"white-space: pre-wrap;\"><b><span style=\"font-size: 11.0pt; font-family: 'Arial',sans-serif; color: black;\">Federal Couragia F\/X <\/span><\/b><\/span><span style=\"white-space: pre-wrap;\"><span style=\"font-size: 11.0pt; font-family: 'Arial',sans-serif; color: black;\">vasaras riepas apr\u012bkotas ar asimetrisku protektora rakstu. \u0160\u0101ds dizains piem\u012bt liel\u0101kajai da\u013cai m\u016bsdienu vasaras riepu mode\u013cu, jo tas vienlaikus ir efekt\u012bvs pret akvaplan\u0113\u0161anu, k\u0101 ar\u012b nodro\u0161ina labu akustisko komfortu.<\/span><\/span><o:p><\/o:p><\/p>\n<p style=\"margin: 12.0pt 0cm 12.0pt 0cm;\"><span style=\"white-space: pre-wrap;\"><span style=\"font-size: 11.0pt; font-family: 'Arial',sans-serif; color: black;\">Starp protektora bloku virkn\u0113m izveidota augsti att\u012bst\u012bta dren\u0101\u017eas jeb \u016bdens novadkan\u0101lu sist\u0113ma. T\u0101 \u0101tri un efekt\u012bvi atbr\u012bvo riepu kontakta virsmu ar ce\u013cu no \u016bdens, samazinot akvaplan\u0113\u0161anas risku.<\/span><\/span><o:p><\/o:p><\/p>\n<p style=\"margin: 12.0pt 0cm 12.0pt 0cm;\"><span style=\"white-space: pre-wrap;\"><span style=\"font-size: 11.0pt; font-family: 'Arial',sans-serif; color: black;\">Asimetriskais protektors darin\u0101ts no nodilumiztur\u012bga gumijas sakaus\u0113juma, kuram pievienota virkne elastrom\u0113ru. \u0160ie \u0137\u012bmiskie elementi uzlabo riepas sp\u0113ju piel\u0101goties augst\u0101m gaisa temperat\u016br\u0101m, nezaud\u0113jot formu un saudz\u0113jot riepu pret nodilumu.<\/span><\/span><o:p><\/o:p><\/p>\n","protected":false},"excerpt":{"rendered":"<p style=\"margin: 12.0pt 0cm 12.0pt 0cm;\"><b><span style=\"font-size: 11.0pt; font-family: 'Arial',sans-serif; color: black;\">Federal Couragia F\/X <\/span><\/b><span style=\"white-space: pre-wrap;\"><span style=\"font-size: 11.0pt; font-family: 'Arial',sans-serif; color: black;\">ir labas kvalit\u0101tes UHP jeb augstas veiktsp\u0113jas vasaras riepu modelis. Tas izce\u013cas ar augstu komforta l\u012bmeni un lab\u0101m sa\u0137eres \u012bpa\u0161\u012bb\u0101m gan uz sausa, gan slapja asfalta pat lielos brauk\u0161anas \u0101trumos.<\/span><\/span><o:p><\/o:p><\/p><\/p>\n","protected":false},"featured_media":287547,"template":"","meta":{"_acf_changed":false,"ngg_post_thumbnail":0},"product_brand":[],"product_cat":[46],"product_tag":[],"class_list":{"0":"post-287548","1":"product","2":"type-product","3":"status-publish","4":"has-post-thumbnail","6":"product_cat-vasaras-riepas","8":"first","9":"instock","10":"taxable","11":"shipping-taxable","12":"product-type-simple"},"acf":[],"yoast_head":"<!-- This site is optimized with the Yoast SEO Premium plugin v22.6 (Yoast SEO v27.3) - https:\/\/yoast.com\/product\/yoast-seo-premium-wordpress\/ -->\n<title>305\/45R22 Federal Couragia F\/X 118V XL &#8226; MMK Riepas<\/title>\n<meta name=\"robots\" content=\"index, follow, max-snippet:-1, max-image-preview:large, max-video-preview:-1\" \/>\n<link rel=\"canonical\" href=\"https:\/\/mmkriepas.lv\/en\/p\/305-45r22-federal-couragia-f-x-118v-xl\/\" \/>\n<meta property=\"og:locale\" content=\"en_US\" \/>\n<meta property=\"og:type\" content=\"article\" \/>\n<meta property=\"og:title\" content=\"305\/45R22 Federal Couragia F\/X 118V XL\" \/>\n<meta property=\"og:description\" content=\"Federal Couragia F\/X ir labas kvalit\u0101tes UHP jeb augstas veiktsp\u0113jas vasaras riepu modelis. Tas izce\u013cas ar augstu komforta l\u012bmeni un lab\u0101m sa\u0137eres \u012bpa\u0161\u012bb\u0101m gan uz sausa, gan slapja asfalta pat lielos brauk\u0161anas \u0101trumos.\" \/>\n<meta property=\"og:url\" content=\"https:\/\/mmkriepas.lv\/en\/p\/305-45r22-federal-couragia-f-x-118v-xl\/\" \/>\n<meta property=\"og:site_name\" content=\"MMK Riepas\" \/>\n<meta property=\"article:publisher\" content=\"https:\/\/www.facebook.com\/mmkserviss\/\" \/>\n<meta property=\"article:modified_time\" content=\"2024-08-06T12:09:38+00:00\" \/>\n<meta property=\"og:image\" content=\"https:\/\/mmkriepas.lv\/wp-content\/uploads\/2022\/08\/30545r22-federal-couragia-fx-118v-xl-vasaras-riepas.jpg\" \/>\n\t<meta property=\"og:image:width\" content=\"800\" \/>\n\t<meta property=\"og:image:height\" content=\"800\" \/>\n\t<meta property=\"og:image:type\" content=\"image\/jpeg\" \/>\n<meta name=\"twitter:card\" content=\"summary_large_image\" \/>\n<meta name=\"twitter:label1\" content=\"Price\" \/>\n\t<meta name=\"twitter:data1\" content=\"&euro;166.00\" \/>\n\t<meta name=\"twitter:label2\" content=\"Availability\" \/>\n\t<meta name=\"twitter:data2\" content=\"In stock\" \/>\n<script type=\"application\/ld+json\" class=\"yoast-schema-graph\">{\"@context\":\"https:\\\/\\\/schema.org\",\"@graph\":[{\"@type\":\"WebPage\",\"@id\":\"https:\\\/\\\/mmkriepas.lv\\\/en\\\/p\\\/305-45r22-federal-couragia-f-x-118v-xl\\\/\",\"url\":\"https:\\\/\\\/mmkriepas.lv\\\/en\\\/p\\\/305-45r22-federal-couragia-f-x-118v-xl\\\/\",\"name\":\"305\\\/45R22 Federal Couragia F\\\/X 118V XL &#8226; MMK Riepas\",\"isPartOf\":{\"@id\":\"https:\\\/\\\/mmkriepas.lv\\\/en\\\/#website\"},\"primaryImageOfPage\":{\"@id\":\"https:\\\/\\\/mmkriepas.lv\\\/en\\\/p\\\/305-45r22-federal-couragia-f-x-118v-xl\\\/#primaryimage\"},\"image\":{\"@id\":\"https:\\\/\\\/mmkriepas.lv\\\/en\\\/p\\\/305-45r22-federal-couragia-f-x-118v-xl\\\/#primaryimage\"},\"thumbnailUrl\":\"https:\\\/\\\/mmkriepas.lv\\\/wp-content\\\/uploads\\\/2022\\\/08\\\/30545r22-federal-couragia-fx-118v-xl-vasaras-riepas.jpg\",\"datePublished\":\"2022-08-16T02:31:50+00:00\",\"dateModified\":\"2024-08-06T12:09:38+00:00\",\"breadcrumb\":{\"@id\":\"https:\\\/\\\/mmkriepas.lv\\\/en\\\/p\\\/305-45r22-federal-couragia-f-x-118v-xl\\\/#breadcrumb\"},\"inLanguage\":\"en-US\",\"potentialAction\":[{\"@type\":\"ReadAction\",\"target\":[\"https:\\\/\\\/mmkriepas.lv\\\/en\\\/p\\\/305-45r22-federal-couragia-f-x-118v-xl\\\/\"]}]},{\"@type\":\"ImageObject\",\"inLanguage\":\"en-US\",\"@id\":\"https:\\\/\\\/mmkriepas.lv\\\/en\\\/p\\\/305-45r22-federal-couragia-f-x-118v-xl\\\/#primaryimage\",\"url\":\"https:\\\/\\\/mmkriepas.lv\\\/wp-content\\\/uploads\\\/2022\\\/08\\\/30545r22-federal-couragia-fx-118v-xl-vasaras-riepas.jpg\",\"contentUrl\":\"https:\\\/\\\/mmkriepas.lv\\\/wp-content\\\/uploads\\\/2022\\\/08\\\/30545r22-federal-couragia-fx-118v-xl-vasaras-riepas.jpg\",\"width\":800,\"height\":800,\"caption\":\"305\\\/45R22 FEDERAL COURAGIA F\\\/X 118V XL - Vasaras riepas\"},{\"@type\":\"BreadcrumbList\",\"@id\":\"https:\\\/\\\/mmkriepas.lv\\\/en\\\/p\\\/305-45r22-federal-couragia-f-x-118v-xl\\\/#breadcrumb\",\"itemListElement\":[{\"@type\":\"ListItem\",\"position\":1,\"name\":\"S\u0101kums\",\"item\":\"https:\\\/\\\/mmkriepas.lv\\\/en\\\/\"},{\"@type\":\"ListItem\",\"position\":2,\"name\":\"305\\\/45R22 Federal Couragia F\\\/X 118V XL\"}]},{\"@type\":\"WebSite\",\"@id\":\"https:\\\/\\\/mmkriepas.lv\\\/en\\\/#website\",\"url\":\"https:\\\/\\\/mmkriepas.lv\\\/en\\\/\",\"name\":\"MMK Riepas\",\"description\":\"MMK Riepas\",\"alternateName\":\"MMK Riepu Serviss\",\"potentialAction\":[{\"@type\":\"SearchAction\",\"target\":{\"@type\":\"EntryPoint\",\"urlTemplate\":\"https:\\\/\\\/mmkriepas.lv\\\/en\\\/?s={search_term_string}\"},\"query-input\":{\"@type\":\"PropertyValueSpecification\",\"valueRequired\":true,\"valueName\":\"search_term_string\"}}],\"inLanguage\":\"en-US\"},{\"@type\":\"ImageObject\",\"inLanguage\":\"en-US\",\"@id\":\"https:\\\/\\\/mmkriepas.lv\\\/en\\\/p\\\/305-45r22-federal-couragia-f-x-118v-xl\\\/#local-main-organization-logo\",\"url\":\"\",\"contentUrl\":\"\",\"caption\":\"MMK Riepas\"}]}<\/script>\n<meta property=\"product:brand\" content=\"Federal Couragia F\/X\" \/>\n<meta property=\"product:price:amount\" content=\"166.00\" \/>\n<meta property=\"product:price:currency\" content=\"EUR\" \/>\n<meta property=\"og:availability\" content=\"instock\" \/>\n<meta property=\"product:availability\" content=\"instock\" \/>\n<meta property=\"product:retailer_item_id\" content=\"TS3054522FEDER-L5182\" \/>\n<meta property=\"product:condition\" content=\"new\" \/>\n<!-- \/ Yoast SEO Premium plugin. -->","yoast_head_json":{"title":"305\/45R22 Federal Couragia F\/X 118V XL &#8226; MMK Riepas","robots":{"index":"index","follow":"follow","max-snippet":"max-snippet:-1","max-image-preview":"max-image-preview:large","max-video-preview":"max-video-preview:-1"},"canonical":"https:\/\/mmkriepas.lv\/en\/p\/305-45r22-federal-couragia-f-x-118v-xl\/","og_locale":"en_US","og_type":"article","og_title":"305\/45R22 Federal Couragia F\/X 118V XL","og_description":"Federal Couragia F\/X ir labas kvalit\u0101tes UHP jeb augstas veiktsp\u0113jas vasaras riepu modelis. Tas izce\u013cas ar augstu komforta l\u012bmeni un lab\u0101m sa\u0137eres \u012bpa\u0161\u012bb\u0101m gan uz sausa, gan slapja asfalta pat lielos brauk\u0161anas \u0101trumos.","og_url":"https:\/\/mmkriepas.lv\/en\/p\/305-45r22-federal-couragia-f-x-118v-xl\/","og_site_name":"MMK Riepas","article_publisher":"https:\/\/www.facebook.com\/mmkserviss\/","article_modified_time":"2024-08-06T12:09:38+00:00","og_image":[{"width":800,"height":800,"url":"https:\/\/mmkriepas.lv\/wp-content\/uploads\/2022\/08\/30545r22-federal-couragia-fx-118v-xl-vasaras-riepas.jpg","type":"image\/jpeg"}],"twitter_card":"summary_large_image","twitter_misc":{"Price":"&euro;166.00","Availability":"In stock"},"schema":{"@context":"https:\/\/schema.org","@graph":[{"@type":"WebPage","@id":"https:\/\/mmkriepas.lv\/en\/p\/305-45r22-federal-couragia-f-x-118v-xl\/","url":"https:\/\/mmkriepas.lv\/en\/p\/305-45r22-federal-couragia-f-x-118v-xl\/","name":"305\/45R22 Federal Couragia F\/X 118V XL &#8226; MMK Riepas","isPartOf":{"@id":"https:\/\/mmkriepas.lv\/en\/#website"},"primaryImageOfPage":{"@id":"https:\/\/mmkriepas.lv\/en\/p\/305-45r22-federal-couragia-f-x-118v-xl\/#primaryimage"},"image":{"@id":"https:\/\/mmkriepas.lv\/en\/p\/305-45r22-federal-couragia-f-x-118v-xl\/#primaryimage"},"thumbnailUrl":"https:\/\/mmkriepas.lv\/wp-content\/uploads\/2022\/08\/30545r22-federal-couragia-fx-118v-xl-vasaras-riepas.jpg","datePublished":"2022-08-16T02:31:50+00:00","dateModified":"2024-08-06T12:09:38+00:00","breadcrumb":{"@id":"https:\/\/mmkriepas.lv\/en\/p\/305-45r22-federal-couragia-f-x-118v-xl\/#breadcrumb"},"inLanguage":"en-US","potentialAction":[{"@type":"ReadAction","target":["https:\/\/mmkriepas.lv\/en\/p\/305-45r22-federal-couragia-f-x-118v-xl\/"]}]},{"@type":"ImageObject","inLanguage":"en-US","@id":"https:\/\/mmkriepas.lv\/en\/p\/305-45r22-federal-couragia-f-x-118v-xl\/#primaryimage","url":"https:\/\/mmkriepas.lv\/wp-content\/uploads\/2022\/08\/30545r22-federal-couragia-fx-118v-xl-vasaras-riepas.jpg","contentUrl":"https:\/\/mmkriepas.lv\/wp-content\/uploads\/2022\/08\/30545r22-federal-couragia-fx-118v-xl-vasaras-riepas.jpg","width":800,"height":800,"caption":"305\/45R22 FEDERAL COURAGIA F\/X 118V XL - Vasaras riepas"},{"@type":"BreadcrumbList","@id":"https:\/\/mmkriepas.lv\/en\/p\/305-45r22-federal-couragia-f-x-118v-xl\/#breadcrumb","itemListElement":[{"@type":"ListItem","position":1,"name":"S\u0101kums","item":"https:\/\/mmkriepas.lv\/en\/"},{"@type":"ListItem","position":2,"name":"305\/45R22 Federal Couragia F\/X 118V XL"}]},{"@type":"WebSite","@id":"https:\/\/mmkriepas.lv\/en\/#website","url":"https:\/\/mmkriepas.lv\/en\/","name":"MMK Riepas","description":"MMK Riepas","alternateName":"MMK Riepu Serviss","potentialAction":[{"@type":"SearchAction","target":{"@type":"EntryPoint","urlTemplate":"https:\/\/mmkriepas.lv\/en\/?s={search_term_string}"},"query-input":{"@type":"PropertyValueSpecification","valueRequired":true,"valueName":"search_term_string"}}],"inLanguage":"en-US"},{"@type":"ImageObject","inLanguage":"en-US","@id":"https:\/\/mmkriepas.lv\/en\/p\/305-45r22-federal-couragia-f-x-118v-xl\/#local-main-organization-logo","url":"","contentUrl":"","caption":"MMK Riepas"}]},"product_brand":"Federal Couragia F\/X","product_price_amount":"166.00","product_price_currency":"EUR","og_availability":"instock","product_availability":"instock","product_retailer_item_id":"TS3054522FEDER-L5182","product_condition":"new"},"_links":{"self":[{"href":"https:\/\/mmkriepas.lv\/en\/wp-json\/wp\/v2\/product\/287548","targetHints":{"allow":["GET"]}}],"collection":[{"href":"https:\/\/mmkriepas.lv\/en\/wp-json\/wp\/v2\/product"}],"about":[{"href":"https:\/\/mmkriepas.lv\/en\/wp-json\/wp\/v2\/types\/product"}],"wp:featuredmedia":[{"embeddable":true,"href":"https:\/\/mmkriepas.lv\/en\/wp-json\/wp\/v2\/media\/287547"}],"wp:attachment":[{"href":"https:\/\/mmkriepas.lv\/en\/wp-json\/wp\/v2\/media?parent=287548"}],"wp:term":[{"taxonomy":"product_brand","embeddable":true,"href":"https:\/\/mmkriepas.lv\/en\/wp-json\/wp\/v2\/product_brand?post=287548"},{"taxonomy":"product_cat","embeddable":true,"href":"https:\/\/mmkriepas.lv\/en\/wp-json\/wp\/v2\/product_cat?post=287548"},{"taxonomy":"product_tag","embeddable":true,"href":"https:\/\/mmkriepas.lv\/en\/wp-json\/wp\/v2\/product_tag?post=287548"}],"curies":[{"name":"wp","href":"https:\/\/api.w.org\/{rel}","templated":true}]}}