{"id":287476,"date":"2022-08-16T05:28:37","date_gmt":"2022-08-16T02:28:37","guid":{"rendered":"https:\/\/mmkserviss.lv\/?post_type=product&#038;p=287476"},"modified":"2024-08-06T15:09:11","modified_gmt":"2024-08-06T12:09:11","slug":"285-35r22-pirelli-scorpion-zero-asimmetrico-106w-xl-t0","status":"publish","type":"product","link":"https:\/\/mmkriepas.lv\/en\/p\/285-35r22-pirelli-scorpion-zero-asimmetrico-106w-xl-t0\/","title":{"rendered":"285\/35R22 Pirelli SCORPION ZERO Asimmetrico 106W XL T0 PNCS"},"content":{"rendered":"<p class=\"western\"><span style=\"font-family: Arial, serif;\"><span>Pirelli S<\/span><\/span><span style=\"font-family: Arial, serif;\"><span>CORPION<\/span><\/span><span style=\"font-family: Arial, serif;\"><span> Z<\/span><\/span><span style=\"font-family: Arial, serif;\"><span>ERO<\/span><\/span><span style=\"font-family: Arial, serif;\"><span> Asimmetrico ir augst\u0101k\u0101s kvalit\u0101tes, Premium klases UHP jeb augstas veiktsp\u0113jas vasaras riepu modelis. \u0160is riepu modelis paredz\u0113ts lieto\u0161anai uz jaud\u012bgiem apvidus automobi\u013ciem jeb SUV, kas p\u0101rsvar\u0101 tiek ekspluat\u0113ti uz asfalt\u0113t\u0101m ce\u013ca virsm\u0101m. Tas izce\u013cas ar neticami augstiem sa\u0137eres, manevr\u0113tsp\u0113jas un dro\u0161\u012bbas r\u0101d\u012bt\u0101jiem gan uz sausa, gan slapja asfalta pat lielos brauk\u0161anas \u0101trumos. Tas paredz\u0113ts sportiska tipa, luksus klases SUV automa\u0161\u012bn\u0101m un ir pieejams izm\u0113ru kl\u0101st\u0101 no R17 l\u012bdz R22.<\/span><\/span><\/p>\n<h3 class=\"western\"><span style=\"font-family: Arial, serif;\"><span>Pirelli S<\/span><\/span><span style=\"font-family: Arial, serif;\"><span>SCORPION<\/span><\/span><span style=\"font-family: Arial, serif;\"><span> Z<\/span><\/span><span style=\"font-family: Arial, serif;\"><span>ERO<\/span><\/span><span style=\"font-family: Arial, serif;\"><span> Asimmetrico galven\u0101s \u012bpa\u0161\u012bbas<\/span><\/span><\/h3>\n<p class=\"western\"><span style=\"font-family: Arial, serif;\"><span>+Unik\u0101li Z-veida bloki nodro\u0161ina lielisku sa\u0137eri uz da\u017e\u0101diem ce\u013ca segumiem.<br \/>+Stingra centr\u0101l\u0101 garenisk\u0101 riba veicina vienm\u0113r\u012bgu protektora nodilumu, kas paildzina riepas kalpo\u0161anas laiku.<br \/>+Izcila vad\u0101m\u012bba un virziena stabilit\u0101te pateicoties asimetriskajam protektora rakstam ar 5 rib\u0101m.<br \/>+Augsta plecu zonu stingr\u012bba pie\u0161\u0137ir vad\u0101m\u012bbai sportiskas \u012bpa\u0161\u012bbas.<\/span><\/span><\/p>\n<h3 class=\"western\"><span style=\"font-family: Arial, serif;\"><span>S<\/span><\/span><span style=\"font-family: Arial, serif;\"><span>CORPION<\/span><\/span><span style=\"font-family: Arial, serif;\"><span> Z<\/span><\/span><span style=\"font-family: Arial, serif;\"><span>ERO<\/span><\/span><span style=\"font-family: Arial, serif;\"><span> Asimmetrico apr\u012bkojums<\/span><\/span><\/h3>\n<p class=\"western\"><span style=\"font-family: Arial, serif;\"><span>Pirelli Scorpion Zero Asimmetrico UHP (Ultra High Performance) vasaras riepas apr\u012bkotas ar sportiska tipa, asimetrisku protektora rakstu. \u0160\u0101ds dizains nodro\u0161ina maksim\u0101li augstus veiktsp\u0113jas r\u0101d\u012bt\u0101jus, braucot dinamiski. \u0160\u012bs riepas izstr\u0101d\u0101jot, Pirelli ieguld\u012bjis savas vado\u0161\u0101s tehnolo\u0123ijas, lai sasniegtu augst\u0101ko dro\u0161\u012bbas l\u012bmeni.<\/span><\/span><\/p>\n<p class=\"western\"><span style=\"font-family: Arial, serif;\"><span>Jaunais protektora z\u012bm\u0113jums ar Z-veida blokiem centr\u0101laj\u0101 da\u013c\u0101 uzlabo sa\u0137eri un bremz\u0113\u0161anas efektivit\u0101ti uz da\u017e\u0101diem ce\u013ca segumiem. Pla\u0161i plecu zonas bloki b\u016btiski uzlabo manevr\u0113tsp\u0113ju un aizsarg\u0101 riepu no boj\u0101jumiem.<\/span><\/span><\/p>\n<p class=\"western\"><span style=\"font-family: Arial, serif;\"><span>Asimetrisk\u0101 un sportisk\u0101 protektora pamatn\u0113 atrodama augsti att\u012bst\u012bta dren\u0101\u017eas jeb \u016bdens novadkan\u0101lu sist\u0113ma. Dzi\u013cie kan\u0101li protektora centr\u0101 \u0101tri izvada \u016bdeni no kontakta zonas, samazinot akvaplan\u0113\u0161anas risku. Pat sp\u0113c\u012bg\u0101 liet\u016b un liel\u0101 \u0101trum\u0101 riepa izce\u013cas ar lielisku stabilit\u0101ti un vad\u0101m\u012bbu.<\/span><\/span><\/p>\n<p class=\"western\"><span style=\"font-family: Arial, serif;\"><span>T\u0101 k\u0101, braucot ar lielu \u0101trumu, riepa tiek pak\u013cauta paaugstin\u0101t\u0101m slodz\u0113m, \u0161aj\u0101 model\u012b tiek izmantots \u012bpa\u0161s paaugstin\u0101tas stipr\u012bbas karkass. T\u0101 izveidei tika izmantots jauns, palielin\u0101tas iztur\u012bbas kordu jeb brekera materi\u0101ls un speci\u0101las t\u0113rauda saites, kas b\u016btiski palielina riepas iztur\u012bbu un paildzina t\u0101s kalpo\u0161anas m\u016b\u017eu.<\/span><\/span><\/p>\n","protected":false},"excerpt":{"rendered":"<p class=\"western\"><span style=\"font-family: Arial, serif;\"><span>Pirelli S<\/span><\/span><span style=\"font-family: Arial, serif;\"><span>CORPION<\/span><\/span><span style=\"font-family: Arial, serif;\"><span> Z<\/span><\/span><span style=\"font-family: Arial, serif;\"><span>ERO<\/span><\/span><span style=\"font-family: Arial, serif;\"><span> Asimmetrico ir augst\u0101k\u0101s kvalit\u0101tes, Premium klases UHP jeb augstas veiktsp\u0113jas vasaras riepu modelis. \u0160is riepu modelis paredz\u0113ts lieto\u0161anai uz jaud\u012bgiem apvidus automobi\u013ciem jeb SUV, kas p\u0101rsvar\u0101 tiek ekspluat\u0113ti uz asfalt\u0113t\u0101m ce\u013ca virsm\u0101m. Tas izce\u013cas ar neticami augstiem sa\u0137eres, manevr\u0113tsp\u0113jas un dro\u0161\u012bbas r\u0101d\u012bt\u0101jiem gan uz sausa, gan slapja asfalta pat lielos brauk\u0161anas \u0101trumos. Tas paredz\u0113ts sportiska tipa, luksus klases SUV automa\u0161\u012bn\u0101m un ir pieejams izm\u0113ru kl\u0101st\u0101 no R17 l\u012bdz R22.<\/span><\/span><\/p>\n","protected":false},"featured_media":871534,"template":"","meta":{"_acf_changed":false,"ngg_post_thumbnail":0},"product_brand":[],"product_cat":[46],"product_tag":[],"class_list":{"0":"post-287476","1":"product","2":"type-product","3":"status-publish","4":"has-post-thumbnail","6":"product_cat-vasaras-riepas","8":"first","9":"instock","10":"taxable","11":"shipping-taxable","12":"product-type-simple"},"acf":[],"yoast_head":"<!-- This site is optimized with the Yoast SEO Premium plugin v22.6 (Yoast SEO v27.3) - https:\/\/yoast.com\/product\/yoast-seo-premium-wordpress\/ -->\n<title>285\/35R22 Pirelli SCORPION ZERO Asimmetrico 106W XL T0 PNCS &#8226; MMK Riepas<\/title>\n<meta name=\"robots\" content=\"index, follow, max-snippet:-1, max-image-preview:large, max-video-preview:-1\" \/>\n<link rel=\"canonical\" href=\"https:\/\/mmkriepas.lv\/en\/p\/285-35r22-pirelli-scorpion-zero-asimmetrico-106w-xl-t0\/\" \/>\n<meta property=\"og:locale\" content=\"en_US\" \/>\n<meta property=\"og:type\" content=\"article\" \/>\n<meta property=\"og:title\" content=\"285\/35R22 Pirelli SCORPION ZERO Asimmetrico 106W XL T0 PNCS\" \/>\n<meta property=\"og:description\" content=\"Pirelli SCORPION ZERO Asimmetrico ir augst\u0101k\u0101s kvalit\u0101tes, Premium klases UHP jeb augstas veiktsp\u0113jas vasaras riepu modelis. \u0160is riepu modelis paredz\u0113ts lieto\u0161anai uz jaud\u012bgiem apvidus automobi\u013ciem jeb SUV, kas p\u0101rsvar\u0101 tiek ekspluat\u0113ti uz asfalt\u0113t\u0101m ce\u013ca virsm\u0101m. Tas izce\u013cas ar neticami augstiem sa\u0137eres, manevr\u0113tsp\u0113jas un dro\u0161\u012bbas r\u0101d\u012bt\u0101jiem gan uz sausa, gan slapja asfalta pat lielos brauk\u0161anas \u0101trumos. Tas paredz\u0113ts sportiska tipa, luksus klases SUV automa\u0161\u012bn\u0101m un ir pieejams izm\u0113ru kl\u0101st\u0101 no R17 l\u012bdz R22.\" \/>\n<meta property=\"og:url\" content=\"https:\/\/mmkriepas.lv\/en\/p\/285-35r22-pirelli-scorpion-zero-asimmetrico-106w-xl-t0\/\" \/>\n<meta property=\"og:site_name\" content=\"MMK Riepas\" \/>\n<meta property=\"article:publisher\" content=\"https:\/\/www.facebook.com\/mmkserviss\/\" \/>\n<meta property=\"article:modified_time\" content=\"2024-08-06T12:09:11+00:00\" \/>\n<meta property=\"og:image\" content=\"https:\/\/mmkriepas.lv\/wp-content\/uploads\/2024\/03\/28535r22-pirelli-scorpion-zero-asimmetrico-106w-xl-t0-vasaras-riepas.jpg\" \/>\n\t<meta property=\"og:image:width\" content=\"1000\" \/>\n\t<meta property=\"og:image:height\" content=\"750\" \/>\n\t<meta property=\"og:image:type\" content=\"image\/jpeg\" \/>\n<meta name=\"twitter:card\" content=\"summary_large_image\" \/>\n<meta name=\"twitter:label1\" content=\"Price\" \/>\n\t<meta name=\"twitter:data1\" content=\"&euro;264.00\" \/>\n\t<meta name=\"twitter:label2\" content=\"Availability\" \/>\n\t<meta name=\"twitter:data2\" content=\"In stock\" \/>\n<script type=\"application\/ld+json\" class=\"yoast-schema-graph\">{\"@context\":\"https:\\\/\\\/schema.org\",\"@graph\":[{\"@type\":\"WebPage\",\"@id\":\"https:\\\/\\\/mmkriepas.lv\\\/en\\\/p\\\/285-35r22-pirelli-scorpion-zero-asimmetrico-106w-xl-t0\\\/\",\"url\":\"https:\\\/\\\/mmkriepas.lv\\\/en\\\/p\\\/285-35r22-pirelli-scorpion-zero-asimmetrico-106w-xl-t0\\\/\",\"name\":\"285\\\/35R22 Pirelli SCORPION ZERO Asimmetrico 106W XL T0 PNCS &#8226; MMK Riepas\",\"isPartOf\":{\"@id\":\"https:\\\/\\\/mmkriepas.lv\\\/en\\\/#website\"},\"primaryImageOfPage\":{\"@id\":\"https:\\\/\\\/mmkriepas.lv\\\/en\\\/p\\\/285-35r22-pirelli-scorpion-zero-asimmetrico-106w-xl-t0\\\/#primaryimage\"},\"image\":{\"@id\":\"https:\\\/\\\/mmkriepas.lv\\\/en\\\/p\\\/285-35r22-pirelli-scorpion-zero-asimmetrico-106w-xl-t0\\\/#primaryimage\"},\"thumbnailUrl\":\"https:\\\/\\\/mmkriepas.lv\\\/wp-content\\\/uploads\\\/2024\\\/03\\\/28535r22-pirelli-scorpion-zero-asimmetrico-106w-xl-t0-vasaras-riepas.jpg\",\"datePublished\":\"2022-08-16T02:28:37+00:00\",\"dateModified\":\"2024-08-06T12:09:11+00:00\",\"breadcrumb\":{\"@id\":\"https:\\\/\\\/mmkriepas.lv\\\/en\\\/p\\\/285-35r22-pirelli-scorpion-zero-asimmetrico-106w-xl-t0\\\/#breadcrumb\"},\"inLanguage\":\"en-US\",\"potentialAction\":[{\"@type\":\"ReadAction\",\"target\":[\"https:\\\/\\\/mmkriepas.lv\\\/en\\\/p\\\/285-35r22-pirelli-scorpion-zero-asimmetrico-106w-xl-t0\\\/\"]}]},{\"@type\":\"ImageObject\",\"inLanguage\":\"en-US\",\"@id\":\"https:\\\/\\\/mmkriepas.lv\\\/en\\\/p\\\/285-35r22-pirelli-scorpion-zero-asimmetrico-106w-xl-t0\\\/#primaryimage\",\"url\":\"https:\\\/\\\/mmkriepas.lv\\\/wp-content\\\/uploads\\\/2024\\\/03\\\/28535r22-pirelli-scorpion-zero-asimmetrico-106w-xl-t0-vasaras-riepas.jpg\",\"contentUrl\":\"https:\\\/\\\/mmkriepas.lv\\\/wp-content\\\/uploads\\\/2024\\\/03\\\/28535r22-pirelli-scorpion-zero-asimmetrico-106w-xl-t0-vasaras-riepas.jpg\",\"width\":1000,\"height\":750,\"caption\":\"MMK Pirelli Scorpion Zero Asimmetrico MAIN\"},{\"@type\":\"BreadcrumbList\",\"@id\":\"https:\\\/\\\/mmkriepas.lv\\\/en\\\/p\\\/285-35r22-pirelli-scorpion-zero-asimmetrico-106w-xl-t0\\\/#breadcrumb\",\"itemListElement\":[{\"@type\":\"ListItem\",\"position\":1,\"name\":\"S\u0101kums\",\"item\":\"https:\\\/\\\/mmkriepas.lv\\\/en\\\/\"},{\"@type\":\"ListItem\",\"position\":2,\"name\":\"285\\\/35R22 Pirelli SCORPION ZERO Asimmetrico 106W XL T0 PNCS\"}]},{\"@type\":\"WebSite\",\"@id\":\"https:\\\/\\\/mmkriepas.lv\\\/en\\\/#website\",\"url\":\"https:\\\/\\\/mmkriepas.lv\\\/en\\\/\",\"name\":\"MMK Riepas\",\"description\":\"MMK Riepas\",\"alternateName\":\"MMK Riepu Serviss\",\"potentialAction\":[{\"@type\":\"SearchAction\",\"target\":{\"@type\":\"EntryPoint\",\"urlTemplate\":\"https:\\\/\\\/mmkriepas.lv\\\/en\\\/?s={search_term_string}\"},\"query-input\":{\"@type\":\"PropertyValueSpecification\",\"valueRequired\":true,\"valueName\":\"search_term_string\"}}],\"inLanguage\":\"en-US\"},{\"@type\":\"ImageObject\",\"inLanguage\":\"en-US\",\"@id\":\"https:\\\/\\\/mmkriepas.lv\\\/en\\\/p\\\/285-35r22-pirelli-scorpion-zero-asimmetrico-106w-xl-t0\\\/#local-main-organization-logo\",\"url\":\"\",\"contentUrl\":\"\",\"caption\":\"MMK Riepas\"}]}<\/script>\n<meta property=\"product:brand\" content=\"Pirelli SCORPION ZERO Asimmetrico\" \/>\n<meta property=\"product:price:amount\" content=\"264.00\" \/>\n<meta property=\"product:price:currency\" content=\"EUR\" \/>\n<meta property=\"og:availability\" content=\"instock\" \/>\n<meta property=\"product:availability\" content=\"instock\" \/>\n<meta property=\"product:retailer_item_id\" content=\"TS2853522PIREL-L5158\" \/>\n<meta property=\"product:condition\" content=\"new\" \/>\n<!-- \/ Yoast SEO Premium plugin. -->","yoast_head_json":{"title":"285\/35R22 Pirelli SCORPION ZERO Asimmetrico 106W XL T0 PNCS &#8226; MMK Riepas","robots":{"index":"index","follow":"follow","max-snippet":"max-snippet:-1","max-image-preview":"max-image-preview:large","max-video-preview":"max-video-preview:-1"},"canonical":"https:\/\/mmkriepas.lv\/en\/p\/285-35r22-pirelli-scorpion-zero-asimmetrico-106w-xl-t0\/","og_locale":"en_US","og_type":"article","og_title":"285\/35R22 Pirelli SCORPION ZERO Asimmetrico 106W XL T0 PNCS","og_description":"Pirelli SCORPION ZERO Asimmetrico ir augst\u0101k\u0101s kvalit\u0101tes, Premium klases UHP jeb augstas veiktsp\u0113jas vasaras riepu modelis. \u0160is riepu modelis paredz\u0113ts lieto\u0161anai uz jaud\u012bgiem apvidus automobi\u013ciem jeb SUV, kas p\u0101rsvar\u0101 tiek ekspluat\u0113ti uz asfalt\u0113t\u0101m ce\u013ca virsm\u0101m. Tas izce\u013cas ar neticami augstiem sa\u0137eres, manevr\u0113tsp\u0113jas un dro\u0161\u012bbas r\u0101d\u012bt\u0101jiem gan uz sausa, gan slapja asfalta pat lielos brauk\u0161anas \u0101trumos. Tas paredz\u0113ts sportiska tipa, luksus klases SUV automa\u0161\u012bn\u0101m un ir pieejams izm\u0113ru kl\u0101st\u0101 no R17 l\u012bdz R22.","og_url":"https:\/\/mmkriepas.lv\/en\/p\/285-35r22-pirelli-scorpion-zero-asimmetrico-106w-xl-t0\/","og_site_name":"MMK Riepas","article_publisher":"https:\/\/www.facebook.com\/mmkserviss\/","article_modified_time":"2024-08-06T12:09:11+00:00","og_image":[{"width":1000,"height":750,"url":"https:\/\/mmkriepas.lv\/wp-content\/uploads\/2024\/03\/28535r22-pirelli-scorpion-zero-asimmetrico-106w-xl-t0-vasaras-riepas.jpg","type":"image\/jpeg"}],"twitter_card":"summary_large_image","twitter_misc":{"Price":"&euro;264.00","Availability":"In stock"},"schema":{"@context":"https:\/\/schema.org","@graph":[{"@type":"WebPage","@id":"https:\/\/mmkriepas.lv\/en\/p\/285-35r22-pirelli-scorpion-zero-asimmetrico-106w-xl-t0\/","url":"https:\/\/mmkriepas.lv\/en\/p\/285-35r22-pirelli-scorpion-zero-asimmetrico-106w-xl-t0\/","name":"285\/35R22 Pirelli SCORPION ZERO Asimmetrico 106W XL T0 PNCS &#8226; MMK Riepas","isPartOf":{"@id":"https:\/\/mmkriepas.lv\/en\/#website"},"primaryImageOfPage":{"@id":"https:\/\/mmkriepas.lv\/en\/p\/285-35r22-pirelli-scorpion-zero-asimmetrico-106w-xl-t0\/#primaryimage"},"image":{"@id":"https:\/\/mmkriepas.lv\/en\/p\/285-35r22-pirelli-scorpion-zero-asimmetrico-106w-xl-t0\/#primaryimage"},"thumbnailUrl":"https:\/\/mmkriepas.lv\/wp-content\/uploads\/2024\/03\/28535r22-pirelli-scorpion-zero-asimmetrico-106w-xl-t0-vasaras-riepas.jpg","datePublished":"2022-08-16T02:28:37+00:00","dateModified":"2024-08-06T12:09:11+00:00","breadcrumb":{"@id":"https:\/\/mmkriepas.lv\/en\/p\/285-35r22-pirelli-scorpion-zero-asimmetrico-106w-xl-t0\/#breadcrumb"},"inLanguage":"en-US","potentialAction":[{"@type":"ReadAction","target":["https:\/\/mmkriepas.lv\/en\/p\/285-35r22-pirelli-scorpion-zero-asimmetrico-106w-xl-t0\/"]}]},{"@type":"ImageObject","inLanguage":"en-US","@id":"https:\/\/mmkriepas.lv\/en\/p\/285-35r22-pirelli-scorpion-zero-asimmetrico-106w-xl-t0\/#primaryimage","url":"https:\/\/mmkriepas.lv\/wp-content\/uploads\/2024\/03\/28535r22-pirelli-scorpion-zero-asimmetrico-106w-xl-t0-vasaras-riepas.jpg","contentUrl":"https:\/\/mmkriepas.lv\/wp-content\/uploads\/2024\/03\/28535r22-pirelli-scorpion-zero-asimmetrico-106w-xl-t0-vasaras-riepas.jpg","width":1000,"height":750,"caption":"MMK Pirelli Scorpion Zero Asimmetrico MAIN"},{"@type":"BreadcrumbList","@id":"https:\/\/mmkriepas.lv\/en\/p\/285-35r22-pirelli-scorpion-zero-asimmetrico-106w-xl-t0\/#breadcrumb","itemListElement":[{"@type":"ListItem","position":1,"name":"S\u0101kums","item":"https:\/\/mmkriepas.lv\/en\/"},{"@type":"ListItem","position":2,"name":"285\/35R22 Pirelli SCORPION ZERO Asimmetrico 106W XL T0 PNCS"}]},{"@type":"WebSite","@id":"https:\/\/mmkriepas.lv\/en\/#website","url":"https:\/\/mmkriepas.lv\/en\/","name":"MMK Riepas","description":"MMK Riepas","alternateName":"MMK Riepu Serviss","potentialAction":[{"@type":"SearchAction","target":{"@type":"EntryPoint","urlTemplate":"https:\/\/mmkriepas.lv\/en\/?s={search_term_string}"},"query-input":{"@type":"PropertyValueSpecification","valueRequired":true,"valueName":"search_term_string"}}],"inLanguage":"en-US"},{"@type":"ImageObject","inLanguage":"en-US","@id":"https:\/\/mmkriepas.lv\/en\/p\/285-35r22-pirelli-scorpion-zero-asimmetrico-106w-xl-t0\/#local-main-organization-logo","url":"","contentUrl":"","caption":"MMK Riepas"}]},"product_brand":"Pirelli SCORPION ZERO Asimmetrico","product_price_amount":"264.00","product_price_currency":"EUR","og_availability":"instock","product_availability":"instock","product_retailer_item_id":"TS2853522PIREL-L5158","product_condition":"new"},"_links":{"self":[{"href":"https:\/\/mmkriepas.lv\/en\/wp-json\/wp\/v2\/product\/287476","targetHints":{"allow":["GET"]}}],"collection":[{"href":"https:\/\/mmkriepas.lv\/en\/wp-json\/wp\/v2\/product"}],"about":[{"href":"https:\/\/mmkriepas.lv\/en\/wp-json\/wp\/v2\/types\/product"}],"wp:featuredmedia":[{"embeddable":true,"href":"https:\/\/mmkriepas.lv\/en\/wp-json\/wp\/v2\/media\/871534"}],"wp:attachment":[{"href":"https:\/\/mmkriepas.lv\/en\/wp-json\/wp\/v2\/media?parent=287476"}],"wp:term":[{"taxonomy":"product_brand","embeddable":true,"href":"https:\/\/mmkriepas.lv\/en\/wp-json\/wp\/v2\/product_brand?post=287476"},{"taxonomy":"product_cat","embeddable":true,"href":"https:\/\/mmkriepas.lv\/en\/wp-json\/wp\/v2\/product_cat?post=287476"},{"taxonomy":"product_tag","embeddable":true,"href":"https:\/\/mmkriepas.lv\/en\/wp-json\/wp\/v2\/product_tag?post=287476"}],"curies":[{"name":"wp","href":"https:\/\/api.w.org\/{rel}","templated":true}]}}