{"id":287435,"date":"2022-08-16T05:26:47","date_gmt":"2022-08-16T02:26:47","guid":{"rendered":"https:\/\/mmkserviss.lv\/?post_type=product&#038;p=287435"},"modified":"2025-04-01T10:23:34","modified_gmt":"2025-04-01T07:23:34","slug":"315-40r21-goodride-sport-sa-37-111y","status":"publish","type":"product","link":"https:\/\/mmkriepas.lv\/en\/p\/315-40r21-goodride-sport-sa-37-111y\/","title":{"rendered":"315\/40R21 Goodride Sport SA-37 111Y"},"content":{"rendered":"<p><strong>Goodride Sport SA-37<\/strong> ir augstas veiktsp\u0113jas riepas. T\u0101m ir vair\u0101kas priek\u0161roc\u012bbas, tostarp samazin\u0101ta rites pretest\u012bba, zems trok\u0161\u0146a l\u012bmenis un izcila sa\u0137ere. T\u0101p\u0113c, mekl\u0113jot augstas veiktsp\u0113jas riepas, kas ir uzticamas un nemaks\u0101 d\u0101rgi, apsveriet Sport SA-37 riepas.<\/p>\n<h3>Sport SA-37 riepu galven\u0101s iez\u012bmes<\/h3>\n<p>+ Samazin\u0101ta rites pretest\u012bba, pateicoties lieliem protektora bloka elementiem;<\/p>\n<p>+ Lieliska sa\u0137ere uz sausa\/mitra ce\u013ca, ko nodro\u0161ina p\u0113c jaun\u0101kaj\u0101m tehnolo\u0123ij\u0101m veidots gumijas mais\u012bjums;<\/p>\n<p>+ Zems izdal\u012bt\u0101 trok\u0161\u0146a l\u012bmenis, kur\u0161 pan\u0101kts ar 3D modul\u0101ciju pal\u012bdz\u012bbu.<\/p>\n<p><strong>Sport SA-37 raksturojums<\/strong><\/p>\n<p>Jaun\u0101s paaudzes asimetrisk\u0101s, \u012bpa\u0161i augstas veiktsp\u0113jas riepas dom\u0101tas vasarai. SILICA TECH savienojums pal\u012bdz uzlabot sa\u0137eri ar mitru ce\u013cu, nodro\u0161inot \u012bs\u0101ku bremz\u0113\u0161anas ce\u013cu. Sp\u0113c\u012bga centra riba garant\u0113 lielisku vad\u0101m\u012bbu gan uz slapja, gan sausa ce\u013ca.<\/p>\n<p>Augstas veiktsp\u0113jas riepas ir lieliski piem\u0113rotas tiem autovad\u012bt\u0101jiem, kuri v\u0113las maksimiz\u0113t savas automa\u0161\u012bnas veiktsp\u0113ju. Ja v\u0113laties uzlabot savu sporta automa\u0161\u012bnu ar augstas veiktsp\u0113jas, zema profila riep\u0101m, Goodride ir paredz\u0113ts jums.<\/p>\n<p><strong>Goodride Sport SA-37<\/strong> augstas veiktsp\u0113jas riepas ir konstru\u0113tas, lai nodro\u0161in\u0101tu maksim\u0101lu sa\u0137eri un izcilu manevr\u0113\u0161anas sp\u0113ju, nemazinot j\u016bsu komfortu uz ce\u013ca<\/p>\n<p><span style=\"color: #ff0000;\">*Uzman\u012bbu: vasaras riepas, kas ir ra\u017eotas \u0136\u012bn\u0101, var b\u016bt apz\u012bm\u0113tas ar apz\u012bm\u0113jumu M + S. J\u0101\u0146em ver\u0101, ka \u0136\u012bnas teritorija sniedzas da\u017e\u0101d\u0101s klimatiskaj\u0101s zon\u0101s, kur da\u017eviet metereolo\u0123isk\u0101 ziema t\u0101 ar\u012b neiest\u0101jas. L\u012bdz ar to, tur \u0161\u012bs riepas var izmantot visu gadu, kam\u0113r Latvij\u0101 tas nestr\u0101d\u0101!<\/span><\/p>\n","protected":false},"excerpt":{"rendered":"<p><b><span style=\"font-family: 'Arial',sans-serif;\">Goodride Sport SA-37<\/span><\/b><span style=\"font-family: 'Arial',sans-serif;\"> ir augstas veiktsp\u0113jas riepas. T\u0101m ir vair\u0101kas priek\u0161roc\u012bbas, tostarp samazin\u0101ta rites pretest\u012bba, zems trok\u0161\u0146a l\u012bmenis un izcila sa\u0137ere. T\u0101p\u0113c, mekl\u0113jot augstas veiktsp\u0113jas riepas, kas ir uzticamas un nemaks\u0101 d\u0101rgi, apsveriet Sport SA-37 riepas.<\/span><\/p>\n","protected":false},"featured_media":1228919,"template":"","meta":{"_acf_changed":false,"ngg_post_thumbnail":0},"product_brand":[],"product_cat":[46],"product_tag":[],"class_list":{"0":"post-287435","1":"product","2":"type-product","3":"status-publish","4":"has-post-thumbnail","6":"product_cat-vasaras-riepas","8":"first","9":"instock","10":"taxable","11":"shipping-taxable","12":"product-type-simple"},"acf":[],"yoast_head":"<!-- This site is optimized with the Yoast SEO Premium plugin v22.6 (Yoast SEO v27.3) - https:\/\/yoast.com\/product\/yoast-seo-premium-wordpress\/ -->\n<title>315\/40R21 Goodride Sport SA-37 111Y &#8226; MMK Riepas<\/title>\n<meta name=\"robots\" content=\"index, follow, max-snippet:-1, max-image-preview:large, max-video-preview:-1\" \/>\n<link rel=\"canonical\" href=\"https:\/\/mmkriepas.lv\/en\/p\/315-40r21-goodride-sport-sa-37-111y\/\" \/>\n<meta property=\"og:locale\" content=\"en_US\" \/>\n<meta property=\"og:type\" content=\"article\" \/>\n<meta property=\"og:title\" content=\"315\/40R21 Goodride Sport SA-37 111Y\" \/>\n<meta property=\"og:description\" content=\"Goodride Sport SA-37 ir augstas veiktsp\u0113jas riepas. T\u0101m ir vair\u0101kas priek\u0161roc\u012bbas, tostarp samazin\u0101ta rites pretest\u012bba, zems trok\u0161\u0146a l\u012bmenis un izcila sa\u0137ere. T\u0101p\u0113c, mekl\u0113jot augstas veiktsp\u0113jas riepas, kas ir uzticamas un nemaks\u0101 d\u0101rgi, apsveriet Sport SA-37 riepas.\" \/>\n<meta property=\"og:url\" content=\"https:\/\/mmkriepas.lv\/en\/p\/315-40r21-goodride-sport-sa-37-111y\/\" \/>\n<meta property=\"og:site_name\" content=\"MMK Riepas\" \/>\n<meta property=\"article:publisher\" content=\"https:\/\/www.facebook.com\/mmkserviss\/\" \/>\n<meta property=\"article:modified_time\" content=\"2025-04-01T07:23:34+00:00\" \/>\n<meta property=\"og:image\" content=\"https:\/\/mmkriepas.lv\/wp-content\/uploads\/2025\/05\/20545r17-goodride-sport-sa-37-88y-xl-vasaras-riepas.jpg\" \/>\n\t<meta property=\"og:image:width\" content=\"900\" \/>\n\t<meta property=\"og:image:height\" content=\"720\" \/>\n\t<meta property=\"og:image:type\" content=\"image\/jpeg\" \/>\n<meta name=\"twitter:card\" content=\"summary_large_image\" \/>\n<meta name=\"twitter:label1\" content=\"Price\" \/>\n\t<meta name=\"twitter:data1\" content=\"&euro;132.00\" \/>\n\t<meta name=\"twitter:label2\" content=\"Availability\" \/>\n\t<meta name=\"twitter:data2\" content=\"In stock\" \/>\n<script type=\"application\/ld+json\" class=\"yoast-schema-graph\">{\"@context\":\"https:\\\/\\\/schema.org\",\"@graph\":[{\"@type\":\"WebPage\",\"@id\":\"https:\\\/\\\/mmkriepas.lv\\\/en\\\/p\\\/315-40r21-goodride-sport-sa-37-111y\\\/\",\"url\":\"https:\\\/\\\/mmkriepas.lv\\\/en\\\/p\\\/315-40r21-goodride-sport-sa-37-111y\\\/\",\"name\":\"315\\\/40R21 Goodride Sport SA-37 111Y &#8226; MMK Riepas\",\"isPartOf\":{\"@id\":\"https:\\\/\\\/mmkriepas.lv\\\/en\\\/#website\"},\"primaryImageOfPage\":{\"@id\":\"https:\\\/\\\/mmkriepas.lv\\\/en\\\/p\\\/315-40r21-goodride-sport-sa-37-111y\\\/#primaryimage\"},\"image\":{\"@id\":\"https:\\\/\\\/mmkriepas.lv\\\/en\\\/p\\\/315-40r21-goodride-sport-sa-37-111y\\\/#primaryimage\"},\"thumbnailUrl\":\"https:\\\/\\\/mmkriepas.lv\\\/wp-content\\\/uploads\\\/2025\\\/05\\\/20545r17-goodride-sport-sa-37-88y-xl-vasaras-riepas.jpg\",\"datePublished\":\"2022-08-16T02:26:47+00:00\",\"dateModified\":\"2025-04-01T07:23:34+00:00\",\"breadcrumb\":{\"@id\":\"https:\\\/\\\/mmkriepas.lv\\\/en\\\/p\\\/315-40r21-goodride-sport-sa-37-111y\\\/#breadcrumb\"},\"inLanguage\":\"en-US\",\"potentialAction\":[{\"@type\":\"ReadAction\",\"target\":[\"https:\\\/\\\/mmkriepas.lv\\\/en\\\/p\\\/315-40r21-goodride-sport-sa-37-111y\\\/\"]}]},{\"@type\":\"ImageObject\",\"inLanguage\":\"en-US\",\"@id\":\"https:\\\/\\\/mmkriepas.lv\\\/en\\\/p\\\/315-40r21-goodride-sport-sa-37-111y\\\/#primaryimage\",\"url\":\"https:\\\/\\\/mmkriepas.lv\\\/wp-content\\\/uploads\\\/2025\\\/05\\\/20545r17-goodride-sport-sa-37-88y-xl-vasaras-riepas.jpg\",\"contentUrl\":\"https:\\\/\\\/mmkriepas.lv\\\/wp-content\\\/uploads\\\/2025\\\/05\\\/20545r17-goodride-sport-sa-37-88y-xl-vasaras-riepas.jpg\",\"width\":900,\"height\":720,\"caption\":\"MAIN\"},{\"@type\":\"BreadcrumbList\",\"@id\":\"https:\\\/\\\/mmkriepas.lv\\\/en\\\/p\\\/315-40r21-goodride-sport-sa-37-111y\\\/#breadcrumb\",\"itemListElement\":[{\"@type\":\"ListItem\",\"position\":1,\"name\":\"S\u0101kums\",\"item\":\"https:\\\/\\\/mmkriepas.lv\\\/en\\\/\"},{\"@type\":\"ListItem\",\"position\":2,\"name\":\"315\\\/40R21 Goodride Sport SA-37 111Y\"}]},{\"@type\":\"WebSite\",\"@id\":\"https:\\\/\\\/mmkriepas.lv\\\/en\\\/#website\",\"url\":\"https:\\\/\\\/mmkriepas.lv\\\/en\\\/\",\"name\":\"MMK Riepas\",\"description\":\"MMK Riepas\",\"alternateName\":\"MMK Riepu Serviss\",\"potentialAction\":[{\"@type\":\"SearchAction\",\"target\":{\"@type\":\"EntryPoint\",\"urlTemplate\":\"https:\\\/\\\/mmkriepas.lv\\\/en\\\/?s={search_term_string}\"},\"query-input\":{\"@type\":\"PropertyValueSpecification\",\"valueRequired\":true,\"valueName\":\"search_term_string\"}}],\"inLanguage\":\"en-US\"},{\"@type\":\"ImageObject\",\"inLanguage\":\"en-US\",\"@id\":\"https:\\\/\\\/mmkriepas.lv\\\/en\\\/p\\\/315-40r21-goodride-sport-sa-37-111y\\\/#local-main-organization-logo\",\"url\":\"\",\"contentUrl\":\"\",\"caption\":\"MMK Riepas\"}]}<\/script>\n<meta property=\"product:brand\" content=\"Goodride Sport SA-37\" \/>\n<meta property=\"product:price:amount\" content=\"132.00\" \/>\n<meta property=\"product:price:currency\" content=\"EUR\" \/>\n<meta property=\"og:availability\" content=\"instock\" \/>\n<meta property=\"product:availability\" content=\"instock\" \/>\n<meta property=\"product:retailer_item_id\" content=\"TS3154021GOODR-L5144\" \/>\n<meta property=\"product:condition\" content=\"new\" \/>\n<!-- \/ Yoast SEO Premium plugin. -->","yoast_head_json":{"title":"315\/40R21 Goodride Sport SA-37 111Y &#8226; MMK Riepas","robots":{"index":"index","follow":"follow","max-snippet":"max-snippet:-1","max-image-preview":"max-image-preview:large","max-video-preview":"max-video-preview:-1"},"canonical":"https:\/\/mmkriepas.lv\/en\/p\/315-40r21-goodride-sport-sa-37-111y\/","og_locale":"en_US","og_type":"article","og_title":"315\/40R21 Goodride Sport SA-37 111Y","og_description":"Goodride Sport SA-37 ir augstas veiktsp\u0113jas riepas. T\u0101m ir vair\u0101kas priek\u0161roc\u012bbas, tostarp samazin\u0101ta rites pretest\u012bba, zems trok\u0161\u0146a l\u012bmenis un izcila sa\u0137ere. T\u0101p\u0113c, mekl\u0113jot augstas veiktsp\u0113jas riepas, kas ir uzticamas un nemaks\u0101 d\u0101rgi, apsveriet Sport SA-37 riepas.","og_url":"https:\/\/mmkriepas.lv\/en\/p\/315-40r21-goodride-sport-sa-37-111y\/","og_site_name":"MMK Riepas","article_publisher":"https:\/\/www.facebook.com\/mmkserviss\/","article_modified_time":"2025-04-01T07:23:34+00:00","og_image":[{"width":900,"height":720,"url":"https:\/\/mmkriepas.lv\/wp-content\/uploads\/2025\/05\/20545r17-goodride-sport-sa-37-88y-xl-vasaras-riepas.jpg","type":"image\/jpeg"}],"twitter_card":"summary_large_image","twitter_misc":{"Price":"&euro;132.00","Availability":"In stock"},"schema":{"@context":"https:\/\/schema.org","@graph":[{"@type":"WebPage","@id":"https:\/\/mmkriepas.lv\/en\/p\/315-40r21-goodride-sport-sa-37-111y\/","url":"https:\/\/mmkriepas.lv\/en\/p\/315-40r21-goodride-sport-sa-37-111y\/","name":"315\/40R21 Goodride Sport SA-37 111Y &#8226; MMK Riepas","isPartOf":{"@id":"https:\/\/mmkriepas.lv\/en\/#website"},"primaryImageOfPage":{"@id":"https:\/\/mmkriepas.lv\/en\/p\/315-40r21-goodride-sport-sa-37-111y\/#primaryimage"},"image":{"@id":"https:\/\/mmkriepas.lv\/en\/p\/315-40r21-goodride-sport-sa-37-111y\/#primaryimage"},"thumbnailUrl":"https:\/\/mmkriepas.lv\/wp-content\/uploads\/2025\/05\/20545r17-goodride-sport-sa-37-88y-xl-vasaras-riepas.jpg","datePublished":"2022-08-16T02:26:47+00:00","dateModified":"2025-04-01T07:23:34+00:00","breadcrumb":{"@id":"https:\/\/mmkriepas.lv\/en\/p\/315-40r21-goodride-sport-sa-37-111y\/#breadcrumb"},"inLanguage":"en-US","potentialAction":[{"@type":"ReadAction","target":["https:\/\/mmkriepas.lv\/en\/p\/315-40r21-goodride-sport-sa-37-111y\/"]}]},{"@type":"ImageObject","inLanguage":"en-US","@id":"https:\/\/mmkriepas.lv\/en\/p\/315-40r21-goodride-sport-sa-37-111y\/#primaryimage","url":"https:\/\/mmkriepas.lv\/wp-content\/uploads\/2025\/05\/20545r17-goodride-sport-sa-37-88y-xl-vasaras-riepas.jpg","contentUrl":"https:\/\/mmkriepas.lv\/wp-content\/uploads\/2025\/05\/20545r17-goodride-sport-sa-37-88y-xl-vasaras-riepas.jpg","width":900,"height":720,"caption":"MAIN"},{"@type":"BreadcrumbList","@id":"https:\/\/mmkriepas.lv\/en\/p\/315-40r21-goodride-sport-sa-37-111y\/#breadcrumb","itemListElement":[{"@type":"ListItem","position":1,"name":"S\u0101kums","item":"https:\/\/mmkriepas.lv\/en\/"},{"@type":"ListItem","position":2,"name":"315\/40R21 Goodride Sport SA-37 111Y"}]},{"@type":"WebSite","@id":"https:\/\/mmkriepas.lv\/en\/#website","url":"https:\/\/mmkriepas.lv\/en\/","name":"MMK Riepas","description":"MMK Riepas","alternateName":"MMK Riepu Serviss","potentialAction":[{"@type":"SearchAction","target":{"@type":"EntryPoint","urlTemplate":"https:\/\/mmkriepas.lv\/en\/?s={search_term_string}"},"query-input":{"@type":"PropertyValueSpecification","valueRequired":true,"valueName":"search_term_string"}}],"inLanguage":"en-US"},{"@type":"ImageObject","inLanguage":"en-US","@id":"https:\/\/mmkriepas.lv\/en\/p\/315-40r21-goodride-sport-sa-37-111y\/#local-main-organization-logo","url":"","contentUrl":"","caption":"MMK Riepas"}]},"product_brand":"Goodride Sport SA-37","product_price_amount":"132.00","product_price_currency":"EUR","og_availability":"instock","product_availability":"instock","product_retailer_item_id":"TS3154021GOODR-L5144","product_condition":"new"},"_links":{"self":[{"href":"https:\/\/mmkriepas.lv\/en\/wp-json\/wp\/v2\/product\/287435","targetHints":{"allow":["GET"]}}],"collection":[{"href":"https:\/\/mmkriepas.lv\/en\/wp-json\/wp\/v2\/product"}],"about":[{"href":"https:\/\/mmkriepas.lv\/en\/wp-json\/wp\/v2\/types\/product"}],"wp:featuredmedia":[{"embeddable":true,"href":"https:\/\/mmkriepas.lv\/en\/wp-json\/wp\/v2\/media\/1228919"}],"wp:attachment":[{"href":"https:\/\/mmkriepas.lv\/en\/wp-json\/wp\/v2\/media?parent=287435"}],"wp:term":[{"taxonomy":"product_brand","embeddable":true,"href":"https:\/\/mmkriepas.lv\/en\/wp-json\/wp\/v2\/product_brand?post=287435"},{"taxonomy":"product_cat","embeddable":true,"href":"https:\/\/mmkriepas.lv\/en\/wp-json\/wp\/v2\/product_cat?post=287435"},{"taxonomy":"product_tag","embeddable":true,"href":"https:\/\/mmkriepas.lv\/en\/wp-json\/wp\/v2\/product_tag?post=287435"}],"curies":[{"name":"wp","href":"https:\/\/api.w.org\/{rel}","templated":true}]}}