{"id":287140,"date":"2022-08-16T05:13:47","date_gmt":"2022-08-16T02:13:47","guid":{"rendered":"https:\/\/mmkserviss.lv\/?post_type=product&#038;p=287140"},"modified":"2026-03-30T13:56:29","modified_gmt":"2026-03-30T10:56:29","slug":"285-40r20-dynamo-hiscend-h-msu01-104y","status":"publish","type":"product","link":"https:\/\/mmkriepas.lv\/en\/p\/285-40r20-dynamo-hiscend-h-msu01-104y\/","title":{"rendered":"285\/40R20 Dynamo Hiscend-H MSU01 104Y RP"},"content":{"rendered":"<p><b>Dynamo Hiscend-H MSU01<\/b><span style=\"font-weight: 400;\"> ir augstas veiktsp\u0113jas vasaras riepu modelis. kas paredz\u0113ts apvidus jeb SUV automa\u0161\u012bn\u0101m un izce\u013cas ar paaugstin\u0101t\u0101m sa\u0137eres \u012bpa\u0161\u012bb\u0101m uz sausa un slapja asfalta.<\/span><\/p>\n<h3><b>MSU01 galven\u0101s \u012bpa\u0161\u012bbas:<\/b><\/h3>\n<p><span style=\"font-weight: 400;\">+ Vasaras riepu modelis, kas paredz\u0113ts sportiska tipa apvidus jeb SUV automa\u0161\u012bn\u0101m,<\/span><\/p>\n<p><span style=\"font-weight: 400;\">+ Paaugstin\u0101ti sa\u0137eres r\u0101d\u012bt\u0101ji uz sausa un slapja asfalta pat lielos brauk\u0161anas \u0101trumos,<\/span><\/p>\n<p><span style=\"font-weight: 400;\">+ Izteikta diska aizsargmala jeb RP modifik\u0101cija visos izm\u0113ros,<\/span><\/p>\n<p><span style=\"font-weight: 400;\">+ Samazin\u0101ts akvaplan\u0113\u0161anas risks,<\/span><\/p>\n<p><span style=\"font-weight: 400;\">+ Paugstin\u0101ta degvielas ekonomija,<\/span><\/p>\n<p><span style=\"font-weight: 400;\">+ Izteikts akustiskais komforts.<\/span><\/p>\n<h3><b>MSU01 apr\u012bkojums<\/b><\/h3>\n<p><b>Dynamo Hiscend-H MSU01 <\/b><span style=\"font-weight: 400;\">vasaras riepas apr\u012bkotas ar asimetrisku protektora rakstu, padarot t\u0101s klus\u0101kas. Starp asimetriski izvietotaj\u0101m protektora bloku virkn\u0113m atrodama augsti att\u012bst\u012bta dren\u0101\u017eas jeb \u016bdens izvadkan\u0101lu sist\u0113ma, kas efekt\u012bvi izvad\u012bt \u016bdeni pat lielos brauk\u0161anas \u0101trumos, b\u016btiski samazinot akvaplan\u0113\u0161anas risku.<\/span> <span style=\"font-weight: 400;\">Katra no asimetriskaj\u0101m protektora da\u013c\u0101m pilda savu funkciju. Mas\u012bv\u0101s protektora bloku virknes riepas s\u0101nu da\u013c\u0101 uzlabo stabilit\u0101ti lielos brauk\u0161anas \u0101trumos, savuk\u0101rt dzi\u013cie iegriezumi tuv\u0101k riepas vidusda\u013cai &#8211; uzlabo riepas hidrodinamiku.<\/span><\/p>\n","protected":false},"excerpt":{"rendered":"<p><b>Dynamo Hiscend-H MSU01<\/b><span style=\"font-weight: 400;\"> ir augstas veiktsp\u0113jas vasaras riepu modelis. kas paredz\u0113ts apvidus jeb SUV automa\u0161\u012bn\u0101m un izce\u013cas ar paaugstin\u0101t\u0101m sa\u0137eres \u012bpa\u0161\u012bb\u0101m uz sausa un slapja asfalta.<\/span><\/p>\n","protected":false},"featured_media":670396,"template":"","meta":{"_acf_changed":false,"ngg_post_thumbnail":0},"product_brand":[],"product_cat":[46],"product_tag":[],"class_list":{"0":"post-287140","1":"product","2":"type-product","3":"status-publish","4":"has-post-thumbnail","6":"product_cat-vasaras-riepas","8":"first","9":"instock","10":"sale","11":"taxable","12":"shipping-taxable","13":"purchasable","14":"product-type-simple"},"acf":[],"yoast_head":"<!-- This site is optimized with the Yoast SEO Premium plugin v22.6 (Yoast SEO v27.3) - https:\/\/yoast.com\/product\/yoast-seo-premium-wordpress\/ -->\n<title>285\/40R20 Dynamo Hiscend-H MSU01 104Y RP &#8226; MMK Riepas<\/title>\n<meta name=\"description\" content=\"Dynamo MSU01 - augstas veiktsp\u0113jas vasaras riepas apvidus jeb SUV automa\u0161\u012bn\u0101m. Pieejamas abos MMK riepu centros R\u012bg\u0101 par lab\u0101ko cenu!\" \/>\n<meta name=\"robots\" content=\"index, follow, max-snippet:-1, max-image-preview:large, max-video-preview:-1\" \/>\n<link rel=\"canonical\" href=\"https:\/\/mmkriepas.lv\/en\/p\/285-40r20-dynamo-hiscend-h-msu01-104y\/\" \/>\n<meta property=\"og:locale\" content=\"en_US\" \/>\n<meta property=\"og:type\" content=\"article\" \/>\n<meta property=\"og:title\" content=\"285\/40R20 Dynamo Hiscend-H MSU01 104Y RP\" \/>\n<meta property=\"og:description\" content=\"Dynamo MSU01 - augstas veiktsp\u0113jas vasaras riepas apvidus jeb SUV automa\u0161\u012bn\u0101m. Pieejamas abos MMK riepu centros R\u012bg\u0101 par lab\u0101ko cenu!\" \/>\n<meta property=\"og:url\" content=\"https:\/\/mmkriepas.lv\/en\/p\/285-40r20-dynamo-hiscend-h-msu01-104y\/\" \/>\n<meta property=\"og:site_name\" content=\"MMK Riepas\" \/>\n<meta property=\"article:publisher\" content=\"https:\/\/www.facebook.com\/mmkserviss\/\" \/>\n<meta property=\"article:modified_time\" content=\"2026-03-30T10:56:29+00:00\" \/>\n<meta property=\"og:image\" content=\"https:\/\/mmkriepas.lv\/wp-content\/uploads\/2023\/03\/25540r21-dynamo-hiscend-h-msu01-102y-xl-vasaras-riepas.jpg\" \/>\n\t<meta property=\"og:image:width\" content=\"1920\" \/>\n\t<meta property=\"og:image:height\" content=\"1278\" \/>\n\t<meta property=\"og:image:type\" content=\"image\/jpeg\" \/>\n<meta name=\"twitter:card\" content=\"summary_large_image\" \/>\n<meta name=\"twitter:label1\" content=\"Price\" \/>\n\t<meta name=\"twitter:data1\" content=\"&euro;116.00\" \/>\n\t<meta name=\"twitter:label2\" content=\"Availability\" \/>\n\t<meta name=\"twitter:data2\" content=\"In stock\" \/>\n<script type=\"application\/ld+json\" class=\"yoast-schema-graph\">{\"@context\":\"https:\\\/\\\/schema.org\",\"@graph\":[{\"@type\":\"WebPage\",\"@id\":\"https:\\\/\\\/mmkriepas.lv\\\/en\\\/p\\\/285-40r20-dynamo-hiscend-h-msu01-104y\\\/\",\"url\":\"https:\\\/\\\/mmkriepas.lv\\\/en\\\/p\\\/285-40r20-dynamo-hiscend-h-msu01-104y\\\/\",\"name\":\"285\\\/40R20 Dynamo Hiscend-H MSU01 104Y RP &#8226; MMK Riepas\",\"isPartOf\":{\"@id\":\"https:\\\/\\\/mmkriepas.lv\\\/en\\\/#website\"},\"primaryImageOfPage\":{\"@id\":\"https:\\\/\\\/mmkriepas.lv\\\/en\\\/p\\\/285-40r20-dynamo-hiscend-h-msu01-104y\\\/#primaryimage\"},\"image\":{\"@id\":\"https:\\\/\\\/mmkriepas.lv\\\/en\\\/p\\\/285-40r20-dynamo-hiscend-h-msu01-104y\\\/#primaryimage\"},\"thumbnailUrl\":\"https:\\\/\\\/mmkriepas.lv\\\/wp-content\\\/uploads\\\/2023\\\/03\\\/25540r21-dynamo-hiscend-h-msu01-102y-xl-vasaras-riepas.jpg\",\"datePublished\":\"2022-08-16T02:13:47+00:00\",\"dateModified\":\"2026-03-30T10:56:29+00:00\",\"description\":\"Dynamo MSU01 - augstas veiktsp\u0113jas vasaras riepas apvidus jeb SUV automa\u0161\u012bn\u0101m. Pieejamas abos MMK riepu centros R\u012bg\u0101 par lab\u0101ko cenu!\",\"breadcrumb\":{\"@id\":\"https:\\\/\\\/mmkriepas.lv\\\/en\\\/p\\\/285-40r20-dynamo-hiscend-h-msu01-104y\\\/#breadcrumb\"},\"inLanguage\":\"en-US\",\"potentialAction\":[{\"@type\":\"ReadAction\",\"target\":[\"https:\\\/\\\/mmkriepas.lv\\\/en\\\/p\\\/285-40r20-dynamo-hiscend-h-msu01-104y\\\/\"]}]},{\"@type\":\"ImageObject\",\"inLanguage\":\"en-US\",\"@id\":\"https:\\\/\\\/mmkriepas.lv\\\/en\\\/p\\\/285-40r20-dynamo-hiscend-h-msu01-104y\\\/#primaryimage\",\"url\":\"https:\\\/\\\/mmkriepas.lv\\\/wp-content\\\/uploads\\\/2023\\\/03\\\/25540r21-dynamo-hiscend-h-msu01-102y-xl-vasaras-riepas.jpg\",\"contentUrl\":\"https:\\\/\\\/mmkriepas.lv\\\/wp-content\\\/uploads\\\/2023\\\/03\\\/25540r21-dynamo-hiscend-h-msu01-102y-xl-vasaras-riepas.jpg\",\"width\":1920,\"height\":1278,\"caption\":\"255\\\/40R21 Dynamo Hiscend-H MSU01 102Y XL - Vasaras riepas\"},{\"@type\":\"BreadcrumbList\",\"@id\":\"https:\\\/\\\/mmkriepas.lv\\\/en\\\/p\\\/285-40r20-dynamo-hiscend-h-msu01-104y\\\/#breadcrumb\",\"itemListElement\":[{\"@type\":\"ListItem\",\"position\":1,\"name\":\"S\u0101kums\",\"item\":\"https:\\\/\\\/mmkriepas.lv\\\/en\\\/\"},{\"@type\":\"ListItem\",\"position\":2,\"name\":\"285\\\/40R20 Dynamo Hiscend-H MSU01 104Y RP\"}]},{\"@type\":\"WebSite\",\"@id\":\"https:\\\/\\\/mmkriepas.lv\\\/en\\\/#website\",\"url\":\"https:\\\/\\\/mmkriepas.lv\\\/en\\\/\",\"name\":\"MMK Riepas\",\"description\":\"MMK Riepas\",\"alternateName\":\"MMK Riepu Serviss\",\"potentialAction\":[{\"@type\":\"SearchAction\",\"target\":{\"@type\":\"EntryPoint\",\"urlTemplate\":\"https:\\\/\\\/mmkriepas.lv\\\/en\\\/?s={search_term_string}\"},\"query-input\":{\"@type\":\"PropertyValueSpecification\",\"valueRequired\":true,\"valueName\":\"search_term_string\"}}],\"inLanguage\":\"en-US\"},{\"@type\":\"ImageObject\",\"inLanguage\":\"en-US\",\"@id\":\"https:\\\/\\\/mmkriepas.lv\\\/en\\\/p\\\/285-40r20-dynamo-hiscend-h-msu01-104y\\\/#local-main-organization-logo\",\"url\":\"\",\"contentUrl\":\"\",\"caption\":\"MMK Riepas\"}]}<\/script>\n<meta property=\"product:brand\" content=\"Dynamo Hiscend-H MSU01\" \/>\n<meta property=\"product:price:amount\" content=\"116.00\" \/>\n<meta property=\"product:price:currency\" content=\"EUR\" \/>\n<meta property=\"og:availability\" content=\"instock\" \/>\n<meta property=\"product:availability\" content=\"instock\" \/>\n<meta property=\"product:retailer_item_id\" content=\"TS2854020DYNAM-L5044\" \/>\n<meta property=\"product:condition\" content=\"new\" \/>\n<!-- \/ Yoast SEO Premium plugin. -->","yoast_head_json":{"title":"285\/40R20 Dynamo Hiscend-H MSU01 104Y RP &#8226; MMK Riepas","description":"Dynamo MSU01 - augstas veiktsp\u0113jas vasaras riepas apvidus jeb SUV automa\u0161\u012bn\u0101m. Pieejamas abos MMK riepu centros R\u012bg\u0101 par lab\u0101ko cenu!","robots":{"index":"index","follow":"follow","max-snippet":"max-snippet:-1","max-image-preview":"max-image-preview:large","max-video-preview":"max-video-preview:-1"},"canonical":"https:\/\/mmkriepas.lv\/en\/p\/285-40r20-dynamo-hiscend-h-msu01-104y\/","og_locale":"en_US","og_type":"article","og_title":"285\/40R20 Dynamo Hiscend-H MSU01 104Y RP","og_description":"Dynamo MSU01 - augstas veiktsp\u0113jas vasaras riepas apvidus jeb SUV automa\u0161\u012bn\u0101m. Pieejamas abos MMK riepu centros R\u012bg\u0101 par lab\u0101ko cenu!","og_url":"https:\/\/mmkriepas.lv\/en\/p\/285-40r20-dynamo-hiscend-h-msu01-104y\/","og_site_name":"MMK Riepas","article_publisher":"https:\/\/www.facebook.com\/mmkserviss\/","article_modified_time":"2026-03-30T10:56:29+00:00","og_image":[{"width":1920,"height":1278,"url":"https:\/\/mmkriepas.lv\/wp-content\/uploads\/2023\/03\/25540r21-dynamo-hiscend-h-msu01-102y-xl-vasaras-riepas.jpg","type":"image\/jpeg"}],"twitter_card":"summary_large_image","twitter_misc":{"Price":"&euro;116.00","Availability":"In stock"},"schema":{"@context":"https:\/\/schema.org","@graph":[{"@type":"WebPage","@id":"https:\/\/mmkriepas.lv\/en\/p\/285-40r20-dynamo-hiscend-h-msu01-104y\/","url":"https:\/\/mmkriepas.lv\/en\/p\/285-40r20-dynamo-hiscend-h-msu01-104y\/","name":"285\/40R20 Dynamo Hiscend-H MSU01 104Y RP &#8226; MMK Riepas","isPartOf":{"@id":"https:\/\/mmkriepas.lv\/en\/#website"},"primaryImageOfPage":{"@id":"https:\/\/mmkriepas.lv\/en\/p\/285-40r20-dynamo-hiscend-h-msu01-104y\/#primaryimage"},"image":{"@id":"https:\/\/mmkriepas.lv\/en\/p\/285-40r20-dynamo-hiscend-h-msu01-104y\/#primaryimage"},"thumbnailUrl":"https:\/\/mmkriepas.lv\/wp-content\/uploads\/2023\/03\/25540r21-dynamo-hiscend-h-msu01-102y-xl-vasaras-riepas.jpg","datePublished":"2022-08-16T02:13:47+00:00","dateModified":"2026-03-30T10:56:29+00:00","description":"Dynamo MSU01 - augstas veiktsp\u0113jas vasaras riepas apvidus jeb SUV automa\u0161\u012bn\u0101m. Pieejamas abos MMK riepu centros R\u012bg\u0101 par lab\u0101ko cenu!","breadcrumb":{"@id":"https:\/\/mmkriepas.lv\/en\/p\/285-40r20-dynamo-hiscend-h-msu01-104y\/#breadcrumb"},"inLanguage":"en-US","potentialAction":[{"@type":"ReadAction","target":["https:\/\/mmkriepas.lv\/en\/p\/285-40r20-dynamo-hiscend-h-msu01-104y\/"]}]},{"@type":"ImageObject","inLanguage":"en-US","@id":"https:\/\/mmkriepas.lv\/en\/p\/285-40r20-dynamo-hiscend-h-msu01-104y\/#primaryimage","url":"https:\/\/mmkriepas.lv\/wp-content\/uploads\/2023\/03\/25540r21-dynamo-hiscend-h-msu01-102y-xl-vasaras-riepas.jpg","contentUrl":"https:\/\/mmkriepas.lv\/wp-content\/uploads\/2023\/03\/25540r21-dynamo-hiscend-h-msu01-102y-xl-vasaras-riepas.jpg","width":1920,"height":1278,"caption":"255\/40R21 Dynamo Hiscend-H MSU01 102Y XL - Vasaras riepas"},{"@type":"BreadcrumbList","@id":"https:\/\/mmkriepas.lv\/en\/p\/285-40r20-dynamo-hiscend-h-msu01-104y\/#breadcrumb","itemListElement":[{"@type":"ListItem","position":1,"name":"S\u0101kums","item":"https:\/\/mmkriepas.lv\/en\/"},{"@type":"ListItem","position":2,"name":"285\/40R20 Dynamo Hiscend-H MSU01 104Y RP"}]},{"@type":"WebSite","@id":"https:\/\/mmkriepas.lv\/en\/#website","url":"https:\/\/mmkriepas.lv\/en\/","name":"MMK Riepas","description":"MMK Riepas","alternateName":"MMK Riepu Serviss","potentialAction":[{"@type":"SearchAction","target":{"@type":"EntryPoint","urlTemplate":"https:\/\/mmkriepas.lv\/en\/?s={search_term_string}"},"query-input":{"@type":"PropertyValueSpecification","valueRequired":true,"valueName":"search_term_string"}}],"inLanguage":"en-US"},{"@type":"ImageObject","inLanguage":"en-US","@id":"https:\/\/mmkriepas.lv\/en\/p\/285-40r20-dynamo-hiscend-h-msu01-104y\/#local-main-organization-logo","url":"","contentUrl":"","caption":"MMK Riepas"}]},"product_brand":"Dynamo Hiscend-H MSU01","product_price_amount":"116.00","product_price_currency":"EUR","og_availability":"instock","product_availability":"instock","product_retailer_item_id":"TS2854020DYNAM-L5044","product_condition":"new"},"_links":{"self":[{"href":"https:\/\/mmkriepas.lv\/en\/wp-json\/wp\/v2\/product\/287140","targetHints":{"allow":["GET"]}}],"collection":[{"href":"https:\/\/mmkriepas.lv\/en\/wp-json\/wp\/v2\/product"}],"about":[{"href":"https:\/\/mmkriepas.lv\/en\/wp-json\/wp\/v2\/types\/product"}],"wp:featuredmedia":[{"embeddable":true,"href":"https:\/\/mmkriepas.lv\/en\/wp-json\/wp\/v2\/media\/670396"}],"wp:attachment":[{"href":"https:\/\/mmkriepas.lv\/en\/wp-json\/wp\/v2\/media?parent=287140"}],"wp:term":[{"taxonomy":"product_brand","embeddable":true,"href":"https:\/\/mmkriepas.lv\/en\/wp-json\/wp\/v2\/product_brand?post=287140"},{"taxonomy":"product_cat","embeddable":true,"href":"https:\/\/mmkriepas.lv\/en\/wp-json\/wp\/v2\/product_cat?post=287140"},{"taxonomy":"product_tag","embeddable":true,"href":"https:\/\/mmkriepas.lv\/en\/wp-json\/wp\/v2\/product_tag?post=287140"}],"curies":[{"name":"wp","href":"https:\/\/api.w.org\/{rel}","templated":true}]}}