{"id":286480,"date":"2022-08-16T04:44:47","date_gmt":"2022-08-16T01:44:47","guid":{"rendered":"https:\/\/mmkserviss.lv\/?post_type=product&#038;p=286480"},"modified":"2026-03-27T12:03:18","modified_gmt":"2026-03-27T10:03:18","slug":"285-60r18-roadcruza-ra1100-118-115s","status":"publish","type":"product","link":"https:\/\/mmkriepas.lv\/en\/p\/285-60r18-roadcruza-ra1100-118-115s\/","title":{"rendered":"285\/60R18 Roadcruza RA1100 A\/T 118\/115S OWL"},"content":{"rendered":"<p><b><span style=\"font-family: 'Arial',sans-serif;\">Roadcruza RA1100 A\/T &#8211; <\/span><\/b><span style=\"font-family: 'Arial',sans-serif;\">paaugstin\u0101tas kravnes\u012bbas All-Terrain jeb apvidus riepu modelis. Pateicoties \u012bpa\u0161am protektora dizainam, izce\u013cas ar teicamu veiktsp\u0113ju braucot pat skarbos bezce\u013cu apst\u0101k\u013cos &#8211; dub\u013cos, smilt\u012bs, pa granti un akme\u0146iem.<o:p><\/o:p><\/span><\/p>\n<h3><span style=\"font-family: 'Arial',sans-serif;\">RA1100 A\/T galven\u0101s \u012bpa\u0161\u012bbas:<o:p><\/o:p><\/span><\/h3>\n<p><span style=\"font-family: 'Arial',sans-serif;\">+ Palielin\u0101ta kravnes\u012bba un nodilumiztur\u012bba.<o:p><\/o:p><\/span><\/p>\n<p><span style=\"font-family: 'Arial',sans-serif;\">+ Paugstin\u0101ta veiktsp\u0113ja, braucot pa irden\u0101m ce\u013ca virsm\u0101m &#8211; dub\u013ciem, smilt\u012bm, granti vai akme\u0146iem.<o:p><\/o:p><\/span><\/p>\n<p><span style=\"font-family: 'Arial',sans-serif;\">+ Palielin\u0101ta nodilumiztur\u012bba.<o:p><\/o:p><\/span><\/p>\n<p><span style=\"font-family: 'Arial',sans-serif;\">+ Teicama cenas un veiktsp\u0113jas attiec\u012bba.<o:p><\/o:p><\/span><\/p>\n<p><span style=\"font-family: 'Arial',sans-serif;\">+ Izcilas ekspluat\u0101cijas \u012bpa\u0161\u012bbas gan uz asfalta, gan bezce\u013cos.<o:p><\/o:p><\/span><\/p>\n<h3><span style=\"font-family: 'Arial',sans-serif;\">RA1100 A\/T apr\u012bkojums:<o:p><\/o:p><\/span><\/h3>\n<p><b><span style=\"font-family: 'Arial',sans-serif;\">Roadcruza RA1100 A\/T<\/span><\/b><span style=\"font-family: 'Arial',sans-serif;\"> riepas apr\u012bkotas ar simetrisku protektora rakstu, kas ir gandr\u012bz identisks le\u0123end\u0101rajam BF Goodrich A\/T KO2. Lielisku veiktsp\u0113ju bezce\u013cos nodro\u0161ina paaugstin\u0101ta dzi\u013cuma elko\u0146a formas protektora bloki.<o:p><\/o:p><\/span><\/p>\n<p><span style=\"font-family: 'Arial',sans-serif;\">Sa\u0137eri ar slapju asfaltu, k\u0101 ar\u012b mitru granti, smilt\u012bm un akme\u0146iem, nodro\u0161ina augstv\u0113rt\u012bgs gumijas sast\u0101vs. Tam pievienota virkne elastrom\u0113ru, kas ne tikai pal\u012bdz saglab\u0101t elast\u012bbu pla\u0161\u0101 temperat\u016bru diapazon\u0101, k\u0101 ar\u012b sl\u0101p\u0113 ska\u0146u.<\/span><\/p>\n","protected":false},"excerpt":{"rendered":"<p><b><span style=\"font-family: 'Arial',sans-serif;\">Roadcruza RA1100 A\/T &#8211; <\/span><\/b><span style=\"font-family: 'Arial',sans-serif;\">paaugstin\u0101tas kravnes\u012bbas All-Terrain jeb apvidus riepu modelis. Pateicoties \u012bpa\u0161am protektora dizainam, izce\u013cas ar teicamu veiktsp\u0113ju braucot pat skarbos bezce\u013cu apst\u0101k\u013cos &#8211; dub\u013cos, smilt\u012bs, pa granti un akme\u0146iem.<\/span><\/p>\n","protected":false},"featured_media":723778,"template":"","meta":{"_acf_changed":false,"ngg_post_thumbnail":0},"product_brand":[],"product_cat":[46,47,45],"product_tag":[],"class_list":{"0":"post-286480","1":"product","2":"type-product","3":"status-publish","4":"has-post-thumbnail","6":"product_cat-vasaras-riepas","7":"product_cat-vissezonas-riepas","8":"product_cat-ziemas-riepas","10":"first","11":"instock","12":"sale","13":"taxable","14":"shipping-taxable","15":"purchasable","16":"product-type-simple"},"acf":[],"yoast_head":"<!-- This site is optimized with the Yoast SEO Premium plugin v22.6 (Yoast SEO v27.3) - https:\/\/yoast.com\/product\/yoast-seo-premium-wordpress\/ -->\n<title>285\/60R18 Roadcruza RA1100 A\/T 118\/115S OWL &#8226; MMK Riepas<\/title>\n<meta name=\"robots\" content=\"index, follow, max-snippet:-1, max-image-preview:large, max-video-preview:-1\" \/>\n<link rel=\"canonical\" href=\"https:\/\/mmkriepas.lv\/en\/p\/285-60r18-roadcruza-ra1100-118-115s\/\" \/>\n<meta property=\"og:locale\" content=\"en_US\" \/>\n<meta property=\"og:type\" content=\"article\" \/>\n<meta property=\"og:title\" content=\"285\/60R18 Roadcruza RA1100 A\/T 118\/115S OWL\" \/>\n<meta property=\"og:description\" content=\"Roadcruza RA1100 A\/T - paaugstin\u0101tas kravnes\u012bbas All-Terrain jeb apvidus riepu modelis. Pateicoties \u012bpa\u0161am protektora dizainam, izce\u013cas ar teicamu veiktsp\u0113ju braucot pat skarbos bezce\u013cu apst\u0101k\u013cos - dub\u013cos, smilt\u012bs, pa granti un akme\u0146iem.\" \/>\n<meta property=\"og:url\" content=\"https:\/\/mmkriepas.lv\/en\/p\/285-60r18-roadcruza-ra1100-118-115s\/\" \/>\n<meta property=\"og:site_name\" content=\"MMK Riepas\" \/>\n<meta property=\"article:publisher\" content=\"https:\/\/www.facebook.com\/mmkserviss\/\" \/>\n<meta property=\"article:modified_time\" content=\"2026-03-27T10:03:18+00:00\" \/>\n<meta property=\"og:image\" content=\"https:\/\/mmkriepas.lv\/wp-content\/uploads\/2023\/05\/20565r15-roadcruza-ra1100-94h-owl-all-terrain-riepas-vasaras-riepas.jpg\" \/>\n\t<meta property=\"og:image:width\" content=\"1920\" \/>\n\t<meta property=\"og:image:height\" content=\"1278\" \/>\n\t<meta property=\"og:image:type\" content=\"image\/jpeg\" \/>\n<meta name=\"twitter:card\" content=\"summary_large_image\" \/>\n<meta name=\"twitter:label1\" content=\"Price\" \/>\n\t<meta name=\"twitter:data1\" content=\"&euro;161.00\" \/>\n\t<meta name=\"twitter:label2\" content=\"Availability\" \/>\n\t<meta name=\"twitter:data2\" content=\"In stock\" \/>\n<script type=\"application\/ld+json\" class=\"yoast-schema-graph\">{\"@context\":\"https:\\\/\\\/schema.org\",\"@graph\":[{\"@type\":\"WebPage\",\"@id\":\"https:\\\/\\\/mmkriepas.lv\\\/en\\\/p\\\/285-60r18-roadcruza-ra1100-118-115s\\\/\",\"url\":\"https:\\\/\\\/mmkriepas.lv\\\/en\\\/p\\\/285-60r18-roadcruza-ra1100-118-115s\\\/\",\"name\":\"285\\\/60R18 Roadcruza RA1100 A\\\/T 118\\\/115S OWL &#8226; MMK Riepas\",\"isPartOf\":{\"@id\":\"https:\\\/\\\/mmkriepas.lv\\\/en\\\/#website\"},\"primaryImageOfPage\":{\"@id\":\"https:\\\/\\\/mmkriepas.lv\\\/en\\\/p\\\/285-60r18-roadcruza-ra1100-118-115s\\\/#primaryimage\"},\"image\":{\"@id\":\"https:\\\/\\\/mmkriepas.lv\\\/en\\\/p\\\/285-60r18-roadcruza-ra1100-118-115s\\\/#primaryimage\"},\"thumbnailUrl\":\"https:\\\/\\\/mmkriepas.lv\\\/wp-content\\\/uploads\\\/2023\\\/05\\\/20565r15-roadcruza-ra1100-94h-owl-all-terrain-riepas-vasaras-riepas.jpg\",\"datePublished\":\"2022-08-16T01:44:47+00:00\",\"dateModified\":\"2026-03-27T10:03:18+00:00\",\"breadcrumb\":{\"@id\":\"https:\\\/\\\/mmkriepas.lv\\\/en\\\/p\\\/285-60r18-roadcruza-ra1100-118-115s\\\/#breadcrumb\"},\"inLanguage\":\"en-US\",\"potentialAction\":[{\"@type\":\"ReadAction\",\"target\":[\"https:\\\/\\\/mmkriepas.lv\\\/en\\\/p\\\/285-60r18-roadcruza-ra1100-118-115s\\\/\"]}]},{\"@type\":\"ImageObject\",\"inLanguage\":\"en-US\",\"@id\":\"https:\\\/\\\/mmkriepas.lv\\\/en\\\/p\\\/285-60r18-roadcruza-ra1100-118-115s\\\/#primaryimage\",\"url\":\"https:\\\/\\\/mmkriepas.lv\\\/wp-content\\\/uploads\\\/2023\\\/05\\\/20565r15-roadcruza-ra1100-94h-owl-all-terrain-riepas-vasaras-riepas.jpg\",\"contentUrl\":\"https:\\\/\\\/mmkriepas.lv\\\/wp-content\\\/uploads\\\/2023\\\/05\\\/20565r15-roadcruza-ra1100-94h-owl-all-terrain-riepas-vasaras-riepas.jpg\",\"width\":1920,\"height\":1278,\"caption\":\"205\\\/65R15 Roadcruza RA1100 94H OWL - All Terrain riepas \\\/ Vasaras riepas\"},{\"@type\":\"BreadcrumbList\",\"@id\":\"https:\\\/\\\/mmkriepas.lv\\\/en\\\/p\\\/285-60r18-roadcruza-ra1100-118-115s\\\/#breadcrumb\",\"itemListElement\":[{\"@type\":\"ListItem\",\"position\":1,\"name\":\"S\u0101kums\",\"item\":\"https:\\\/\\\/mmkriepas.lv\\\/en\\\/\"},{\"@type\":\"ListItem\",\"position\":2,\"name\":\"285\\\/60R18 Roadcruza RA1100 A\\\/T 118\\\/115S OWL\"}]},{\"@type\":\"WebSite\",\"@id\":\"https:\\\/\\\/mmkriepas.lv\\\/en\\\/#website\",\"url\":\"https:\\\/\\\/mmkriepas.lv\\\/en\\\/\",\"name\":\"MMK Riepas\",\"description\":\"MMK Riepas\",\"alternateName\":\"MMK Riepu Serviss\",\"potentialAction\":[{\"@type\":\"SearchAction\",\"target\":{\"@type\":\"EntryPoint\",\"urlTemplate\":\"https:\\\/\\\/mmkriepas.lv\\\/en\\\/?s={search_term_string}\"},\"query-input\":{\"@type\":\"PropertyValueSpecification\",\"valueRequired\":true,\"valueName\":\"search_term_string\"}}],\"inLanguage\":\"en-US\"},{\"@type\":\"ImageObject\",\"inLanguage\":\"en-US\",\"@id\":\"https:\\\/\\\/mmkriepas.lv\\\/en\\\/p\\\/285-60r18-roadcruza-ra1100-118-115s\\\/#local-main-organization-logo\",\"url\":\"\",\"contentUrl\":\"\",\"caption\":\"MMK Riepas\"}]}<\/script>\n<meta property=\"product:brand\" content=\"Roadcruza RA1100 A\/T\" \/>\n<meta property=\"product:price:amount\" content=\"161.00\" \/>\n<meta property=\"product:price:currency\" content=\"EUR\" \/>\n<meta property=\"og:availability\" content=\"instock\" \/>\n<meta property=\"product:availability\" content=\"instock\" \/>\n<meta property=\"product:retailer_item_id\" content=\"TS2856018ROADC-L4825\" \/>\n<meta property=\"product:condition\" content=\"new\" \/>\n<!-- \/ Yoast SEO Premium plugin. -->","yoast_head_json":{"title":"285\/60R18 Roadcruza RA1100 A\/T 118\/115S OWL &#8226; MMK Riepas","robots":{"index":"index","follow":"follow","max-snippet":"max-snippet:-1","max-image-preview":"max-image-preview:large","max-video-preview":"max-video-preview:-1"},"canonical":"https:\/\/mmkriepas.lv\/en\/p\/285-60r18-roadcruza-ra1100-118-115s\/","og_locale":"en_US","og_type":"article","og_title":"285\/60R18 Roadcruza RA1100 A\/T 118\/115S OWL","og_description":"Roadcruza RA1100 A\/T - paaugstin\u0101tas kravnes\u012bbas All-Terrain jeb apvidus riepu modelis. Pateicoties \u012bpa\u0161am protektora dizainam, izce\u013cas ar teicamu veiktsp\u0113ju braucot pat skarbos bezce\u013cu apst\u0101k\u013cos - dub\u013cos, smilt\u012bs, pa granti un akme\u0146iem.","og_url":"https:\/\/mmkriepas.lv\/en\/p\/285-60r18-roadcruza-ra1100-118-115s\/","og_site_name":"MMK Riepas","article_publisher":"https:\/\/www.facebook.com\/mmkserviss\/","article_modified_time":"2026-03-27T10:03:18+00:00","og_image":[{"width":1920,"height":1278,"url":"https:\/\/mmkriepas.lv\/wp-content\/uploads\/2023\/05\/20565r15-roadcruza-ra1100-94h-owl-all-terrain-riepas-vasaras-riepas.jpg","type":"image\/jpeg"}],"twitter_card":"summary_large_image","twitter_misc":{"Price":"&euro;161.00","Availability":"In stock"},"schema":{"@context":"https:\/\/schema.org","@graph":[{"@type":"WebPage","@id":"https:\/\/mmkriepas.lv\/en\/p\/285-60r18-roadcruza-ra1100-118-115s\/","url":"https:\/\/mmkriepas.lv\/en\/p\/285-60r18-roadcruza-ra1100-118-115s\/","name":"285\/60R18 Roadcruza RA1100 A\/T 118\/115S OWL &#8226; MMK Riepas","isPartOf":{"@id":"https:\/\/mmkriepas.lv\/en\/#website"},"primaryImageOfPage":{"@id":"https:\/\/mmkriepas.lv\/en\/p\/285-60r18-roadcruza-ra1100-118-115s\/#primaryimage"},"image":{"@id":"https:\/\/mmkriepas.lv\/en\/p\/285-60r18-roadcruza-ra1100-118-115s\/#primaryimage"},"thumbnailUrl":"https:\/\/mmkriepas.lv\/wp-content\/uploads\/2023\/05\/20565r15-roadcruza-ra1100-94h-owl-all-terrain-riepas-vasaras-riepas.jpg","datePublished":"2022-08-16T01:44:47+00:00","dateModified":"2026-03-27T10:03:18+00:00","breadcrumb":{"@id":"https:\/\/mmkriepas.lv\/en\/p\/285-60r18-roadcruza-ra1100-118-115s\/#breadcrumb"},"inLanguage":"en-US","potentialAction":[{"@type":"ReadAction","target":["https:\/\/mmkriepas.lv\/en\/p\/285-60r18-roadcruza-ra1100-118-115s\/"]}]},{"@type":"ImageObject","inLanguage":"en-US","@id":"https:\/\/mmkriepas.lv\/en\/p\/285-60r18-roadcruza-ra1100-118-115s\/#primaryimage","url":"https:\/\/mmkriepas.lv\/wp-content\/uploads\/2023\/05\/20565r15-roadcruza-ra1100-94h-owl-all-terrain-riepas-vasaras-riepas.jpg","contentUrl":"https:\/\/mmkriepas.lv\/wp-content\/uploads\/2023\/05\/20565r15-roadcruza-ra1100-94h-owl-all-terrain-riepas-vasaras-riepas.jpg","width":1920,"height":1278,"caption":"205\/65R15 Roadcruza RA1100 94H OWL - All Terrain riepas \/ Vasaras riepas"},{"@type":"BreadcrumbList","@id":"https:\/\/mmkriepas.lv\/en\/p\/285-60r18-roadcruza-ra1100-118-115s\/#breadcrumb","itemListElement":[{"@type":"ListItem","position":1,"name":"S\u0101kums","item":"https:\/\/mmkriepas.lv\/en\/"},{"@type":"ListItem","position":2,"name":"285\/60R18 Roadcruza RA1100 A\/T 118\/115S OWL"}]},{"@type":"WebSite","@id":"https:\/\/mmkriepas.lv\/en\/#website","url":"https:\/\/mmkriepas.lv\/en\/","name":"MMK Riepas","description":"MMK Riepas","alternateName":"MMK Riepu Serviss","potentialAction":[{"@type":"SearchAction","target":{"@type":"EntryPoint","urlTemplate":"https:\/\/mmkriepas.lv\/en\/?s={search_term_string}"},"query-input":{"@type":"PropertyValueSpecification","valueRequired":true,"valueName":"search_term_string"}}],"inLanguage":"en-US"},{"@type":"ImageObject","inLanguage":"en-US","@id":"https:\/\/mmkriepas.lv\/en\/p\/285-60r18-roadcruza-ra1100-118-115s\/#local-main-organization-logo","url":"","contentUrl":"","caption":"MMK Riepas"}]},"product_brand":"Roadcruza RA1100 A\/T","product_price_amount":"161.00","product_price_currency":"EUR","og_availability":"instock","product_availability":"instock","product_retailer_item_id":"TS2856018ROADC-L4825","product_condition":"new"},"_links":{"self":[{"href":"https:\/\/mmkriepas.lv\/en\/wp-json\/wp\/v2\/product\/286480","targetHints":{"allow":["GET"]}}],"collection":[{"href":"https:\/\/mmkriepas.lv\/en\/wp-json\/wp\/v2\/product"}],"about":[{"href":"https:\/\/mmkriepas.lv\/en\/wp-json\/wp\/v2\/types\/product"}],"wp:featuredmedia":[{"embeddable":true,"href":"https:\/\/mmkriepas.lv\/en\/wp-json\/wp\/v2\/media\/723778"}],"wp:attachment":[{"href":"https:\/\/mmkriepas.lv\/en\/wp-json\/wp\/v2\/media?parent=286480"}],"wp:term":[{"taxonomy":"product_brand","embeddable":true,"href":"https:\/\/mmkriepas.lv\/en\/wp-json\/wp\/v2\/product_brand?post=286480"},{"taxonomy":"product_cat","embeddable":true,"href":"https:\/\/mmkriepas.lv\/en\/wp-json\/wp\/v2\/product_cat?post=286480"},{"taxonomy":"product_tag","embeddable":true,"href":"https:\/\/mmkriepas.lv\/en\/wp-json\/wp\/v2\/product_tag?post=286480"}],"curies":[{"name":"wp","href":"https:\/\/api.w.org\/{rel}","templated":true}]}}