{"id":286045,"date":"2022-08-16T04:26:03","date_gmt":"2022-08-16T01:26:03","guid":{"rendered":"https:\/\/mmkserviss.lv\/?post_type=product&#038;p=286045"},"modified":"2026-03-27T12:02:23","modified_gmt":"2026-03-27T10:02:23","slug":"285-70r17-sailunterramax-m-t-121-118q","status":"publish","type":"product","link":"https:\/\/mmkriepas.lv\/en\/p\/285-70r17-sailunterramax-m-t-121-118q\/","title":{"rendered":"285\/70R17 Sailun TERRAMAX M\/T 121\/118Q OWL RP POR"},"content":{"rendered":"<p><strong>Sailun TERRAMAX M\/T<\/strong> ir vasaras dub\u013cu riepu, kas orient\u0113tas uz smagiem bezce\u013ca apst\u0101k\u013ciem, kuru galven\u0101s priek\u0161roc\u012bbas ir augsta caurlaid\u012bba, iztur\u012bba pret nodilumu un labas sa\u0137eres \u012bpa\u0161\u012bbas gan sausos, gan mitros apst\u0101k\u013cos.<o:p><\/o:p><\/p>\n<h3><strong>TERRAMAX M\/T galven\u0101s iez\u012bmes<\/strong><o:p><\/o:p><\/h3>\n<p>+ Dub\u013cu jeb Mud Terrain riepas;<br \/>+ Lieliska veiktsp\u0113ja skarb\u0101kajos bezce\u013ca apst\u0101k\u013cos;<br \/>+ Teicama cenas\/veiktsp\u0113jas attiec\u012bba;<br \/>+ Augsta triecien un nodilumiztur\u012bba;<br \/>+ \u0160is riepu modelis paredz\u0113ts gan r\u016bd\u012btiem bezce\u013cu entuziastiem, gan ar\u012b tiem autovad\u012bt\u0101jiem, kam ikdien\u0101 j\u0101nok\u013c\u016bst gr\u016bti sasniedzam\u0101s viet\u0101s.<o:p><\/o:p><\/p>\n<h3>TERRAMAX M\/T apr\u012bkojums<o:p><\/o:p><\/h3>\n<p>S\u0101nu mal\u0101m ir iestr\u0101d\u0101ti speci\u0101li vairoga formas un funkcijas elementi, kas aizsarg\u0101 s\u0101nus no meh\u0101niskiem boj\u0101jumiem. Iek\u0161\u0113jais r\u0101mis ar trim poliestera k\u0101rt\u0101m palielina TerraMax M\/T iztur\u012bbu pret sp\u0113c\u012bgu triecienu.<o:p><\/o:p><\/p>\n<p>\u0160im simetriskajam Sailun dub\u013cu riepu modelim ir vair\u0101kas sp\u0113c\u012bgas \u012bpa\u0161\u012bbas. Pak\u0101pienu form\u0101 izveidotie protektora bloki uzlabo <em><span style=\"font-style: normal;\">caurejam\u012bbu vissare\u017e\u0123\u012bt\u0101kajos bezce\u013ca posmos<\/span><\/em>, k\u0101 ar\u012b <em><span style=\"font-style: normal;\">atvieglo brauk\u0161anu pa nog\u0101z\u0113m<\/span><\/em>. Mas\u012bvie plecu bloki iev\u0113rojami uzlabo <em><span style=\"font-style: normal;\">caurejam\u012bbu dub\u013cos un klin\u0161ainos apst\u0101k\u013cos<\/span><\/em>.<o:p><\/o:p><\/p>\n<h3>Izcila veiktsp\u0113ja bezce\u013ca apst\u0101k\u013cos<o:p><\/o:p><\/h3>\n<p>Z formas rievas starp centr\u0101l\u0101s un plecu zonas blokiem uzlabo riepas veiktsp\u0113ju bezce\u013ca apst\u0101k\u013cos &#8211; palielina caurejam\u012bbu un pal\u012bdz viegli p\u0101rvar\u0113t \u0161\u0137\u0113r\u0161\u013cus. Visu \u016bdens novades rievu dzi\u013cums nodro\u0161ina TerraMax <strong><span style=\"font-weight: normal;\">M\/T<\/span><\/strong> sp\u0113ju pa\u0161att\u012br\u012bties pie lieliem un maziem \u0101trumiem.<o:p><\/o:p><\/p>\n<p><strong><span style=\"color: red;\">*Uzman\u012bbu<\/span><\/strong><span style=\"color: red;\">:<\/span> vasaras riepas, kas ir ra\u017eotas \u0136\u012bn\u0101, var b\u016bt apz\u012bm\u0113tas ar apz\u012bm\u0113jumu M + S. J\u0101\u0146em ver\u0101, ka \u0136\u012bnas teritorija sniedzas da\u017e\u0101d\u0101s klimatiskaj\u0101s zon\u0101s, kur da\u017eviet metereolo\u0123isk\u0101 ziema t\u0101 ar\u012b neiest\u0101jas. L\u012bdz ar to, tur \u0161\u012bs riepas var izmantot visu gadu, kam\u0113r <strong><span style=\"color: red;\">Latvij\u0101 tas nestr\u0101d\u0101<\/span><\/strong>!<\/p>\n","protected":false},"excerpt":{"rendered":"<p><strong>Sailun TERRAMAX M\/T<\/strong> ir vasaras dub\u013cu riepu, kas orient\u0113tas uz smagiem bezce\u013ca apst\u0101k\u013ciem, kuru galven\u0101s priek\u0161roc\u012bbas ir augsta caurlaid\u012bba, iztur\u012bba pret nodilumu un labas sa\u0137eres \u012bpa\u0161\u012bbas gan sausos, gan mitros apst\u0101k\u013cos.<\/p>\n","protected":false},"featured_media":890177,"template":"","meta":{"_acf_changed":false,"ngg_post_thumbnail":0},"product_brand":[],"product_cat":[46],"product_tag":[],"class_list":{"0":"post-286045","1":"product","2":"type-product","3":"status-publish","4":"has-post-thumbnail","6":"product_cat-vasaras-riepas","8":"first","9":"instock","10":"sale","11":"taxable","12":"shipping-taxable","13":"purchasable","14":"product-type-simple"},"acf":[],"yoast_head":"<!-- This site is optimized with the Yoast SEO Premium plugin v22.6 (Yoast SEO v27.3) - https:\/\/yoast.com\/product\/yoast-seo-premium-wordpress\/ -->\n<title>285\/70R17 Sailun TERRAMAX M\/T 121\/118Q OWL RP POR &#8226; MMK Riepas<\/title>\n<meta name=\"description\" content=\"Sailun TerraMax M\/T \u2013 vissezonas dub\u013cu riepas, kas orient\u0113tas uz smagiem bezce\u013ca apst\u0101k\u013ciem.\" \/>\n<meta name=\"robots\" content=\"index, follow, max-snippet:-1, max-image-preview:large, max-video-preview:-1\" \/>\n<link rel=\"canonical\" href=\"https:\/\/mmkriepas.lv\/en\/p\/285-70r17-sailunterramax-m-t-121-118q\/\" \/>\n<meta property=\"og:locale\" content=\"en_US\" \/>\n<meta property=\"og:type\" content=\"article\" \/>\n<meta property=\"og:title\" content=\"285\/70R17 Sailun TERRAMAX M\/T 121\/118Q OWL RP POR\" \/>\n<meta property=\"og:description\" content=\"Sailun TerraMax M\/T \u2013 vissezonas dub\u013cu riepas, kas orient\u0113tas uz smagiem bezce\u013ca apst\u0101k\u013ciem.\" \/>\n<meta property=\"og:url\" content=\"https:\/\/mmkriepas.lv\/en\/p\/285-70r17-sailunterramax-m-t-121-118q\/\" \/>\n<meta property=\"og:site_name\" content=\"MMK Riepas\" \/>\n<meta property=\"article:publisher\" content=\"https:\/\/www.facebook.com\/mmkserviss\/\" \/>\n<meta property=\"article:modified_time\" content=\"2026-03-27T10:02:23+00:00\" \/>\n<meta property=\"og:image\" content=\"https:\/\/mmkriepas.lv\/wp-content\/uploads\/2024\/04\/23575r15-sailun-terramax-mt-104101q-owl-rp-por-mud-terrain-riepas-vasaras-riepas.jpg\" \/>\n\t<meta property=\"og:image:width\" content=\"1000\" \/>\n\t<meta property=\"og:image:height\" content=\"866\" \/>\n\t<meta property=\"og:image:type\" content=\"image\/jpeg\" \/>\n<meta name=\"twitter:card\" content=\"summary_large_image\" \/>\n<meta name=\"twitter:label1\" content=\"Price\" \/>\n\t<meta name=\"twitter:data1\" content=\"&euro;176.00\" \/>\n\t<meta name=\"twitter:label2\" content=\"Availability\" \/>\n\t<meta name=\"twitter:data2\" content=\"In stock\" \/>\n<script type=\"application\/ld+json\" class=\"yoast-schema-graph\">{\"@context\":\"https:\\\/\\\/schema.org\",\"@graph\":[{\"@type\":\"WebPage\",\"@id\":\"https:\\\/\\\/mmkriepas.lv\\\/en\\\/p\\\/285-70r17-sailunterramax-m-t-121-118q\\\/\",\"url\":\"https:\\\/\\\/mmkriepas.lv\\\/en\\\/p\\\/285-70r17-sailunterramax-m-t-121-118q\\\/\",\"name\":\"285\\\/70R17 Sailun TERRAMAX M\\\/T 121\\\/118Q OWL RP POR &#8226; MMK Riepas\",\"isPartOf\":{\"@id\":\"https:\\\/\\\/mmkriepas.lv\\\/en\\\/#website\"},\"primaryImageOfPage\":{\"@id\":\"https:\\\/\\\/mmkriepas.lv\\\/en\\\/p\\\/285-70r17-sailunterramax-m-t-121-118q\\\/#primaryimage\"},\"image\":{\"@id\":\"https:\\\/\\\/mmkriepas.lv\\\/en\\\/p\\\/285-70r17-sailunterramax-m-t-121-118q\\\/#primaryimage\"},\"thumbnailUrl\":\"https:\\\/\\\/mmkriepas.lv\\\/wp-content\\\/uploads\\\/2024\\\/04\\\/23575r15-sailun-terramax-mt-104101q-owl-rp-por-mud-terrain-riepas-vasaras-riepas.jpg\",\"datePublished\":\"2022-08-16T01:26:03+00:00\",\"dateModified\":\"2026-03-27T10:02:23+00:00\",\"description\":\"Sailun TerraMax M\\\/T \u2013 vissezonas dub\u013cu riepas, kas orient\u0113tas uz smagiem bezce\u013ca apst\u0101k\u013ciem.\",\"breadcrumb\":{\"@id\":\"https:\\\/\\\/mmkriepas.lv\\\/en\\\/p\\\/285-70r17-sailunterramax-m-t-121-118q\\\/#breadcrumb\"},\"inLanguage\":\"en-US\",\"potentialAction\":[{\"@type\":\"ReadAction\",\"target\":[\"https:\\\/\\\/mmkriepas.lv\\\/en\\\/p\\\/285-70r17-sailunterramax-m-t-121-118q\\\/\"]}]},{\"@type\":\"ImageObject\",\"inLanguage\":\"en-US\",\"@id\":\"https:\\\/\\\/mmkriepas.lv\\\/en\\\/p\\\/285-70r17-sailunterramax-m-t-121-118q\\\/#primaryimage\",\"url\":\"https:\\\/\\\/mmkriepas.lv\\\/wp-content\\\/uploads\\\/2024\\\/04\\\/23575r15-sailun-terramax-mt-104101q-owl-rp-por-mud-terrain-riepas-vasaras-riepas.jpg\",\"contentUrl\":\"https:\\\/\\\/mmkriepas.lv\\\/wp-content\\\/uploads\\\/2024\\\/04\\\/23575r15-sailun-terramax-mt-104101q-owl-rp-por-mud-terrain-riepas-vasaras-riepas.jpg\",\"width\":1000,\"height\":866,\"caption\":\"MAIN\"},{\"@type\":\"BreadcrumbList\",\"@id\":\"https:\\\/\\\/mmkriepas.lv\\\/en\\\/p\\\/285-70r17-sailunterramax-m-t-121-118q\\\/#breadcrumb\",\"itemListElement\":[{\"@type\":\"ListItem\",\"position\":1,\"name\":\"S\u0101kums\",\"item\":\"https:\\\/\\\/mmkriepas.lv\\\/en\\\/\"},{\"@type\":\"ListItem\",\"position\":2,\"name\":\"285\\\/70R17 Sailun TERRAMAX M\\\/T 121\\\/118Q OWL RP POR\"}]},{\"@type\":\"WebSite\",\"@id\":\"https:\\\/\\\/mmkriepas.lv\\\/en\\\/#website\",\"url\":\"https:\\\/\\\/mmkriepas.lv\\\/en\\\/\",\"name\":\"MMK Riepas\",\"description\":\"MMK Riepas\",\"alternateName\":\"MMK Riepu Serviss\",\"potentialAction\":[{\"@type\":\"SearchAction\",\"target\":{\"@type\":\"EntryPoint\",\"urlTemplate\":\"https:\\\/\\\/mmkriepas.lv\\\/en\\\/?s={search_term_string}\"},\"query-input\":{\"@type\":\"PropertyValueSpecification\",\"valueRequired\":true,\"valueName\":\"search_term_string\"}}],\"inLanguage\":\"en-US\"},{\"@type\":\"ImageObject\",\"inLanguage\":\"en-US\",\"@id\":\"https:\\\/\\\/mmkriepas.lv\\\/en\\\/p\\\/285-70r17-sailunterramax-m-t-121-118q\\\/#local-main-organization-logo\",\"url\":\"\",\"contentUrl\":\"\",\"caption\":\"MMK Riepas\"}]}<\/script>\n<meta property=\"product:brand\" content=\"Sailun TERRAMAX M\/T\" \/>\n<meta property=\"product:price:amount\" content=\"176.00\" \/>\n<meta property=\"product:price:currency\" content=\"EUR\" \/>\n<meta property=\"og:availability\" content=\"instock\" \/>\n<meta property=\"product:availability\" content=\"instock\" \/>\n<meta property=\"product:retailer_item_id\" content=\"TS2857017SAILU-L4686\" \/>\n<meta property=\"product:condition\" content=\"new\" \/>\n<!-- \/ Yoast SEO Premium plugin. -->","yoast_head_json":{"title":"285\/70R17 Sailun TERRAMAX M\/T 121\/118Q OWL RP POR &#8226; MMK Riepas","description":"Sailun TerraMax M\/T \u2013 vissezonas dub\u013cu riepas, kas orient\u0113tas uz smagiem bezce\u013ca apst\u0101k\u013ciem.","robots":{"index":"index","follow":"follow","max-snippet":"max-snippet:-1","max-image-preview":"max-image-preview:large","max-video-preview":"max-video-preview:-1"},"canonical":"https:\/\/mmkriepas.lv\/en\/p\/285-70r17-sailunterramax-m-t-121-118q\/","og_locale":"en_US","og_type":"article","og_title":"285\/70R17 Sailun TERRAMAX M\/T 121\/118Q OWL RP POR","og_description":"Sailun TerraMax M\/T \u2013 vissezonas dub\u013cu riepas, kas orient\u0113tas uz smagiem bezce\u013ca apst\u0101k\u013ciem.","og_url":"https:\/\/mmkriepas.lv\/en\/p\/285-70r17-sailunterramax-m-t-121-118q\/","og_site_name":"MMK Riepas","article_publisher":"https:\/\/www.facebook.com\/mmkserviss\/","article_modified_time":"2026-03-27T10:02:23+00:00","og_image":[{"width":1000,"height":866,"url":"https:\/\/mmkriepas.lv\/wp-content\/uploads\/2024\/04\/23575r15-sailun-terramax-mt-104101q-owl-rp-por-mud-terrain-riepas-vasaras-riepas.jpg","type":"image\/jpeg"}],"twitter_card":"summary_large_image","twitter_misc":{"Price":"&euro;176.00","Availability":"In stock"},"schema":{"@context":"https:\/\/schema.org","@graph":[{"@type":"WebPage","@id":"https:\/\/mmkriepas.lv\/en\/p\/285-70r17-sailunterramax-m-t-121-118q\/","url":"https:\/\/mmkriepas.lv\/en\/p\/285-70r17-sailunterramax-m-t-121-118q\/","name":"285\/70R17 Sailun TERRAMAX M\/T 121\/118Q OWL RP POR &#8226; MMK Riepas","isPartOf":{"@id":"https:\/\/mmkriepas.lv\/en\/#website"},"primaryImageOfPage":{"@id":"https:\/\/mmkriepas.lv\/en\/p\/285-70r17-sailunterramax-m-t-121-118q\/#primaryimage"},"image":{"@id":"https:\/\/mmkriepas.lv\/en\/p\/285-70r17-sailunterramax-m-t-121-118q\/#primaryimage"},"thumbnailUrl":"https:\/\/mmkriepas.lv\/wp-content\/uploads\/2024\/04\/23575r15-sailun-terramax-mt-104101q-owl-rp-por-mud-terrain-riepas-vasaras-riepas.jpg","datePublished":"2022-08-16T01:26:03+00:00","dateModified":"2026-03-27T10:02:23+00:00","description":"Sailun TerraMax M\/T \u2013 vissezonas dub\u013cu riepas, kas orient\u0113tas uz smagiem bezce\u013ca apst\u0101k\u013ciem.","breadcrumb":{"@id":"https:\/\/mmkriepas.lv\/en\/p\/285-70r17-sailunterramax-m-t-121-118q\/#breadcrumb"},"inLanguage":"en-US","potentialAction":[{"@type":"ReadAction","target":["https:\/\/mmkriepas.lv\/en\/p\/285-70r17-sailunterramax-m-t-121-118q\/"]}]},{"@type":"ImageObject","inLanguage":"en-US","@id":"https:\/\/mmkriepas.lv\/en\/p\/285-70r17-sailunterramax-m-t-121-118q\/#primaryimage","url":"https:\/\/mmkriepas.lv\/wp-content\/uploads\/2024\/04\/23575r15-sailun-terramax-mt-104101q-owl-rp-por-mud-terrain-riepas-vasaras-riepas.jpg","contentUrl":"https:\/\/mmkriepas.lv\/wp-content\/uploads\/2024\/04\/23575r15-sailun-terramax-mt-104101q-owl-rp-por-mud-terrain-riepas-vasaras-riepas.jpg","width":1000,"height":866,"caption":"MAIN"},{"@type":"BreadcrumbList","@id":"https:\/\/mmkriepas.lv\/en\/p\/285-70r17-sailunterramax-m-t-121-118q\/#breadcrumb","itemListElement":[{"@type":"ListItem","position":1,"name":"S\u0101kums","item":"https:\/\/mmkriepas.lv\/en\/"},{"@type":"ListItem","position":2,"name":"285\/70R17 Sailun TERRAMAX M\/T 121\/118Q OWL RP POR"}]},{"@type":"WebSite","@id":"https:\/\/mmkriepas.lv\/en\/#website","url":"https:\/\/mmkriepas.lv\/en\/","name":"MMK Riepas","description":"MMK Riepas","alternateName":"MMK Riepu Serviss","potentialAction":[{"@type":"SearchAction","target":{"@type":"EntryPoint","urlTemplate":"https:\/\/mmkriepas.lv\/en\/?s={search_term_string}"},"query-input":{"@type":"PropertyValueSpecification","valueRequired":true,"valueName":"search_term_string"}}],"inLanguage":"en-US"},{"@type":"ImageObject","inLanguage":"en-US","@id":"https:\/\/mmkriepas.lv\/en\/p\/285-70r17-sailunterramax-m-t-121-118q\/#local-main-organization-logo","url":"","contentUrl":"","caption":"MMK Riepas"}]},"product_brand":"Sailun TERRAMAX M\/T","product_price_amount":"176.00","product_price_currency":"EUR","og_availability":"instock","product_availability":"instock","product_retailer_item_id":"TS2857017SAILU-L4686","product_condition":"new"},"_links":{"self":[{"href":"https:\/\/mmkriepas.lv\/en\/wp-json\/wp\/v2\/product\/286045","targetHints":{"allow":["GET"]}}],"collection":[{"href":"https:\/\/mmkriepas.lv\/en\/wp-json\/wp\/v2\/product"}],"about":[{"href":"https:\/\/mmkriepas.lv\/en\/wp-json\/wp\/v2\/types\/product"}],"wp:featuredmedia":[{"embeddable":true,"href":"https:\/\/mmkriepas.lv\/en\/wp-json\/wp\/v2\/media\/890177"}],"wp:attachment":[{"href":"https:\/\/mmkriepas.lv\/en\/wp-json\/wp\/v2\/media?parent=286045"}],"wp:term":[{"taxonomy":"product_brand","embeddable":true,"href":"https:\/\/mmkriepas.lv\/en\/wp-json\/wp\/v2\/product_brand?post=286045"},{"taxonomy":"product_cat","embeddable":true,"href":"https:\/\/mmkriepas.lv\/en\/wp-json\/wp\/v2\/product_cat?post=286045"},{"taxonomy":"product_tag","embeddable":true,"href":"https:\/\/mmkriepas.lv\/en\/wp-json\/wp\/v2\/product_tag?post=286045"}],"curies":[{"name":"wp","href":"https:\/\/api.w.org\/{rel}","templated":true}]}}