{"id":286014,"date":"2022-08-16T04:18:13","date_gmt":"2022-08-16T01:18:13","guid":{"rendered":"https:\/\/mmkserviss.lv\/?post_type=product&#038;p=286014"},"modified":"2024-08-06T14:59:46","modified_gmt":"2024-08-06T11:59:46","slug":"275-65r17-toyo-open-country-a-t-plus-115h","status":"publish","type":"product","link":"https:\/\/mmkriepas.lv\/en\/p\/275-65r17-toyo-open-country-a-t-plus-115h\/","title":{"rendered":"275\/65R17 Toyo Open Country A\/T Plus 115H"},"content":{"rendered":"<p><strong>Toyo Open Country A\/T Plus<\/strong> visurg\u0101j\u0113ju riepas tika izveidotas ar fokusu uz Eiropas riepu tirgu. Nav br\u012bnums, ka tie\u0161i t\u0101p\u0113c Eiropas autovad\u012bt\u0101ju paradumi un v\u0113lmes tika \u012bpa\u0161i \u0146emtas v\u0113r\u0101 riepu izstr\u0101des proces\u0101. At\u0161\u0137ir\u012bb\u0101 no daudziem citiem bezce\u013cu auto riepu mode\u013ciem, Toyo Open Country A\/T Plus sp\u0113j nodemonstr\u0113t labu vad\u0101m\u012bbu gan uz asfalt\u0113tiem gan jebkura cita neasfalt\u0113ta seguma. Parasti \u0161\u012b tipa riep\u0101m ir probl\u0113mas uz asfalta.<\/p>\n<h2><strong>Toyo Open Country A\/T Plus galven\u0101s iez\u012bmes<\/strong><\/h2>\n<p>+ pateicoties simetriskajam protektora dizainam, kas ir efekt\u012bvs jebkura veida ce\u013ca segumam, riep\u0101m ir univers\u0101ls pielietojums;<br \/>+ protektors, kas sadal\u012bts zon\u0101s atkar\u012bb\u0101 no to funkcionalit\u0101tes, uzlabo riepas brauk\u0161anas veiktsp\u0113ju, neatkar\u012bgi no ce\u013ca seguma un nekait\u0113jot viena otrai;<br \/>+ riepas skelets, kas pastiprin\u0101ts ar papildus met\u0101la un neilona aukl\u0101m, nodro\u0161ina riepas uzticam\u012bbu bezce\u013ca apst\u0101k\u013cos.<\/p>\n<h2><strong>Pla\u0161a pielietojam\u012bba<\/strong><\/h2>\n<p>\u0160\u012bs riepas daudzpus\u012bba liel\u0101 m\u0113r\u0101 ir saist\u012bta ar simetriska protektora dizaina izmanto\u0161anu. T\u0101pat k\u0101 vair\u0101kiem citiem Toyo vieglo automa\u0161\u012bnu mode\u013ciem, protektors ir sadal\u012bts vair\u0101k\u0101s funkcion\u0101l\u0101s zon\u0101s. Protektora \u0101r\u0113j\u0101s malas, kur \u0161\u0137\u0113rsenisk\u0101 virzien\u0101 izvietoti daudz platu plecu bloku, nodro\u0161ina uzticamu vad\u0101m\u012bbu uz neasfalt\u0113tiem ce\u013cu segumiem. \u012apa\u0161i labi varam to nov\u0113rot m\u0101lain\u0101 un smil\u0161ain\u0101 augsn\u0113 ar samazin\u0101tu nestsp\u0113ju. Uz \u0161\u0101das virsmas plecu bloki darbojas k\u0101 stiprin\u0101jumi.<\/p>\n<p>Savuk\u0101rt protektora centr\u0101l\u0101 da\u013ca veic pavisam citas funkcijas. \u0160o funkciju pamatuzdevumi sast\u0101v no stabilas vad\u0101m\u012bbas, bremz\u0113\u0161anas veiktsp\u0113jas un akustisk\u0101 komforta nodro\u0161in\u0101\u0161anas. K\u0101 risin\u0101jums \u0161o uzdevumu atrisin\u0101\u0161anai ir tr\u012bs visaptvero\u0161as protektora bloku rindas, kas paz\u012bstamas k\u0101 &#8220;ribas&#8221;. Att\u0101lums starp rind\u0101 novietotiem blokiem ir minim\u0101ls, un tie ir mas\u012bva izm\u0113ra, kas palielina kontakta vietas laukumu un nov\u0113r\u0161 deform\u0101cijas kust\u012bbas laik\u0101. Papildus izmantots bloku izvietojums ar nob\u012bdi, attiec\u012bb\u0101 vienam pret otru, kas samazina rezonanses trok\u0161\u0146a risku un palielina akustisko komfortu. Galvenok\u0101rt automa\u0161\u012bnas iek\u0161pus\u0113.<\/p>\n<h2><strong>Unik\u0101ls gumijas sakaus\u0113jums<\/strong><\/h2>\n<p>Speci\u0101li \u0161im modelim tika izstr\u0101d\u0101ts jauns protektora gumijas mais\u012bjuma sast\u0101vs. Galvenais jaunieviesums ir polim\u0113ru par\u0101d\u012b\u0161an\u0101s. \u0136\u012bmisko vielu komplekss ar nosaukumu <strong>Long Life<\/strong>, kas mijiedarbojoties ar citiem komponentiem molekul\u0101r\u0101 l\u012bmen\u012b, nodro\u0161ina savienojumam paaugstin\u0101tu stiepes un vilces iztur\u012bbu. \u0160\u012b savienojuma ieguvumus varam nov\u0113rot braucot liel\u0101 atrum\u0101, protektors ir elest\u012bgs un nedeform\u0113jas liel\u0101 centrb\u0113dzes sp\u0113ka ietekm\u0113 k\u0101 ar\u012b, braucot pa ce\u013ciem ar nel\u012bdzenu, akme\u0146ainu segumu, riepa, p\u0113c saskares ar izcilni &#8211; nedeform\u0113jas.<\/p>\n<p>J\u0101piebilst, ka riepas gumijas sast\u0101v\u0101 joproj\u0101m ir augsts sil\u012bcija dioks\u012bda l\u012bmenis. Jauno polim\u0113ru izmanto\u0161ana nodro\u0161ina gumijas savienojuma vienm\u0113r\u012bgumu. Tas \u013cauj riepai burtiski pielipt pie mitras virsmas, cie\u0161i piegu\u013cot pat vismaz\u0101kajiem izci\u013c\u0146iem.<\/p>\n<h2><strong>Viegla, bet iztur\u012bga riepa<\/strong><\/h2>\n<p>Augsto riepu veiktsp\u0113ju liel\u0101 m\u0113r\u0101 nodro\u0161ina optimiz\u0113t\u0101 skeleta un borta malu uzb\u016bve. Tie tika iev\u0113rojami pastiprin\u0101ti ar papildus kordiem. Pateicoties sint\u0113tisko materi\u0101lu izmanto\u0161anai un uzlabotaj\u0101m tinumu metod\u0113m, kordu uzlabo\u0161ana nerad\u012bja iev\u0113rojamu riepu svara pieaugumu. Toties krietni uzlaboja kravnes\u012bbu un iztur\u012bbu pret triecieniem. \u0160o konstrukt\u012bvo elementu uzlabojumi bija tik iev\u0113rojami, ka vair\u0101k\u0101s valst\u012bs Jap\u0101nas ra\u017eot\u0101js \u0161im modelim pied\u0101v\u0101 pagarin\u0101tus garantijas periodus.<\/p>\n<p>*Uzman\u012bbu: vasaras riepas, kas ir ra\u017eotas \u0100zij\u0101, var b\u016bt apz\u012bm\u0113tas ar apz\u012bm\u0113jumu M + S. J\u0101\u0146em ver\u0101, ka \u0100zijas teritorija sniedzas da\u017e\u0101d\u0101s klimatiskaj\u0101s zon\u0101s, kur da\u017eviet metereolo\u0123isk\u0101 ziema t\u0101 ar\u012b neiest\u0101jas. L\u012bdz ar to, tur \u0161\u012bs riepas var izmantot visu gadu, kam\u0113r Latvij\u0101 tas nestr\u0101d\u0101!<\/p>\n","protected":false},"excerpt":{"rendered":"<p><strong>Toyo Open Country A\/T Plus<\/strong> visurg\u0101j\u0113ju riepas tika izveidotas ar fokusu uz Eiropas riepu tirgu. Nav br\u012bnums, ka tie\u0161i t\u0101p\u0113c Eiropas autovad\u012bt\u0101ju paradumi un v\u0113lmes tika \u012bpa\u0161i \u0146emtas v\u0113r\u0101 riepu izstr\u0101des proces\u0101. At\u0161\u0137ir\u012bb\u0101 no daudziem citiem bezce\u013cu auto riepu mode\u013ciem, Toyo Open Country A\/T Plus sp\u0113j nodemonstr\u0113t labu vad\u0101m\u012bbu gan uz asfalt\u0113tiem gan jebkura cita neasfalt\u0113ta seguma. Parasti \u0161\u012b tipa riep\u0101m ir probl\u0113mas uz asfalta.<\/p>\n","protected":false},"featured_media":286013,"template":"","meta":{"_acf_changed":false,"ngg_post_thumbnail":0},"product_brand":[],"product_cat":[46],"product_tag":[],"class_list":{"0":"post-286014","1":"product","2":"type-product","3":"status-publish","4":"has-post-thumbnail","6":"product_cat-vasaras-riepas","8":"first","9":"instock","10":"taxable","11":"shipping-taxable","12":"product-type-simple"},"acf":[],"yoast_head":"<!-- This site is optimized with the Yoast SEO Premium plugin v22.6 (Yoast SEO v27.3) - https:\/\/yoast.com\/product\/yoast-seo-premium-wordpress\/ -->\n<title>275\/65R17 Toyo Open Country A\/T Plus 115H &#8226; MMK Riepas<\/title>\n<meta name=\"robots\" content=\"index, follow, max-snippet:-1, max-image-preview:large, max-video-preview:-1\" \/>\n<link rel=\"canonical\" href=\"https:\/\/mmkriepas.lv\/en\/p\/275-65r17-toyo-open-country-a-t-plus-115h\/\" \/>\n<meta property=\"og:locale\" content=\"en_US\" \/>\n<meta property=\"og:type\" content=\"article\" \/>\n<meta property=\"og:title\" content=\"275\/65R17 Toyo Open Country A\/T Plus 115H\" \/>\n<meta property=\"og:description\" content=\"Toyo Open Country A\/T Plus visurg\u0101j\u0113ju riepas tika izveidotas ar fokusu uz Eiropas riepu tirgu. Nav br\u012bnums, ka tie\u0161i t\u0101p\u0113c Eiropas autovad\u012bt\u0101ju paradumi un v\u0113lmes tika \u012bpa\u0161i \u0146emtas v\u0113r\u0101 riepu izstr\u0101des proces\u0101. At\u0161\u0137ir\u012bb\u0101 no daudziem citiem bezce\u013cu auto riepu mode\u013ciem, Toyo Open Country A\/T Plus sp\u0113j nodemonstr\u0113t labu vad\u0101m\u012bbu gan uz asfalt\u0113tiem gan jebkura cita neasfalt\u0113ta seguma. Parasti \u0161\u012b tipa riep\u0101m ir probl\u0113mas uz asfalta.\" \/>\n<meta property=\"og:url\" content=\"https:\/\/mmkriepas.lv\/en\/p\/275-65r17-toyo-open-country-a-t-plus-115h\/\" \/>\n<meta property=\"og:site_name\" content=\"MMK Riepas\" \/>\n<meta property=\"article:publisher\" content=\"https:\/\/www.facebook.com\/mmkserviss\/\" \/>\n<meta property=\"article:modified_time\" content=\"2024-08-06T11:59:46+00:00\" \/>\n<meta property=\"og:image\" content=\"https:\/\/mmkriepas.lv\/wp-content\/uploads\/2022\/08\/27565r17-toyo-open-country-at-plus-115h-vasaras-riepas.jpg\" \/>\n\t<meta property=\"og:image:width\" content=\"600\" \/>\n\t<meta property=\"og:image:height\" content=\"600\" \/>\n\t<meta property=\"og:image:type\" content=\"image\/jpeg\" \/>\n<meta name=\"twitter:card\" content=\"summary_large_image\" \/>\n<meta name=\"twitter:label1\" content=\"Price\" \/>\n\t<meta name=\"twitter:data1\" content=\"&euro;153.00\" \/>\n\t<meta name=\"twitter:label2\" content=\"Availability\" \/>\n\t<meta name=\"twitter:data2\" content=\"In stock\" \/>\n<script type=\"application\/ld+json\" class=\"yoast-schema-graph\">{\"@context\":\"https:\\\/\\\/schema.org\",\"@graph\":[{\"@type\":\"WebPage\",\"@id\":\"https:\\\/\\\/mmkriepas.lv\\\/en\\\/p\\\/275-65r17-toyo-open-country-a-t-plus-115h\\\/\",\"url\":\"https:\\\/\\\/mmkriepas.lv\\\/en\\\/p\\\/275-65r17-toyo-open-country-a-t-plus-115h\\\/\",\"name\":\"275\\\/65R17 Toyo Open Country A\\\/T Plus 115H &#8226; MMK Riepas\",\"isPartOf\":{\"@id\":\"https:\\\/\\\/mmkriepas.lv\\\/en\\\/#website\"},\"primaryImageOfPage\":{\"@id\":\"https:\\\/\\\/mmkriepas.lv\\\/en\\\/p\\\/275-65r17-toyo-open-country-a-t-plus-115h\\\/#primaryimage\"},\"image\":{\"@id\":\"https:\\\/\\\/mmkriepas.lv\\\/en\\\/p\\\/275-65r17-toyo-open-country-a-t-plus-115h\\\/#primaryimage\"},\"thumbnailUrl\":\"https:\\\/\\\/mmkriepas.lv\\\/wp-content\\\/uploads\\\/2022\\\/08\\\/27565r17-toyo-open-country-at-plus-115h-vasaras-riepas.jpg\",\"datePublished\":\"2022-08-16T01:18:13+00:00\",\"dateModified\":\"2024-08-06T11:59:46+00:00\",\"breadcrumb\":{\"@id\":\"https:\\\/\\\/mmkriepas.lv\\\/en\\\/p\\\/275-65r17-toyo-open-country-a-t-plus-115h\\\/#breadcrumb\"},\"inLanguage\":\"en-US\",\"potentialAction\":[{\"@type\":\"ReadAction\",\"target\":[\"https:\\\/\\\/mmkriepas.lv\\\/en\\\/p\\\/275-65r17-toyo-open-country-a-t-plus-115h\\\/\"]}]},{\"@type\":\"ImageObject\",\"inLanguage\":\"en-US\",\"@id\":\"https:\\\/\\\/mmkriepas.lv\\\/en\\\/p\\\/275-65r17-toyo-open-country-a-t-plus-115h\\\/#primaryimage\",\"url\":\"https:\\\/\\\/mmkriepas.lv\\\/wp-content\\\/uploads\\\/2022\\\/08\\\/27565r17-toyo-open-country-at-plus-115h-vasaras-riepas.jpg\",\"contentUrl\":\"https:\\\/\\\/mmkriepas.lv\\\/wp-content\\\/uploads\\\/2022\\\/08\\\/27565r17-toyo-open-country-at-plus-115h-vasaras-riepas.jpg\",\"width\":600,\"height\":600,\"caption\":\"275\\\/65R17 TOYO OPEN COUNTRY A\\\/T PLUS 115H - Vasaras riepas\"},{\"@type\":\"BreadcrumbList\",\"@id\":\"https:\\\/\\\/mmkriepas.lv\\\/en\\\/p\\\/275-65r17-toyo-open-country-a-t-plus-115h\\\/#breadcrumb\",\"itemListElement\":[{\"@type\":\"ListItem\",\"position\":1,\"name\":\"S\u0101kums\",\"item\":\"https:\\\/\\\/mmkriepas.lv\\\/en\\\/\"},{\"@type\":\"ListItem\",\"position\":2,\"name\":\"275\\\/65R17 Toyo Open Country A\\\/T Plus 115H\"}]},{\"@type\":\"WebSite\",\"@id\":\"https:\\\/\\\/mmkriepas.lv\\\/en\\\/#website\",\"url\":\"https:\\\/\\\/mmkriepas.lv\\\/en\\\/\",\"name\":\"MMK Riepas\",\"description\":\"MMK Riepas\",\"alternateName\":\"MMK Riepu Serviss\",\"potentialAction\":[{\"@type\":\"SearchAction\",\"target\":{\"@type\":\"EntryPoint\",\"urlTemplate\":\"https:\\\/\\\/mmkriepas.lv\\\/en\\\/?s={search_term_string}\"},\"query-input\":{\"@type\":\"PropertyValueSpecification\",\"valueRequired\":true,\"valueName\":\"search_term_string\"}}],\"inLanguage\":\"en-US\"},{\"@type\":\"ImageObject\",\"inLanguage\":\"en-US\",\"@id\":\"https:\\\/\\\/mmkriepas.lv\\\/en\\\/p\\\/275-65r17-toyo-open-country-a-t-plus-115h\\\/#local-main-organization-logo\",\"url\":\"\",\"contentUrl\":\"\",\"caption\":\"MMK Riepas\"}]}<\/script>\n<meta property=\"product:brand\" content=\"Toyo Open Country A\/T Plus\" \/>\n<meta property=\"product:price:amount\" content=\"153.00\" \/>\n<meta property=\"product:price:currency\" content=\"EUR\" \/>\n<meta property=\"og:availability\" content=\"instock\" \/>\n<meta property=\"product:availability\" content=\"instock\" \/>\n<meta property=\"product:retailer_item_id\" content=\"TS2756517TOYO-L4677\" \/>\n<meta property=\"product:condition\" content=\"new\" \/>\n<!-- \/ Yoast SEO Premium plugin. -->","yoast_head_json":{"title":"275\/65R17 Toyo Open Country A\/T Plus 115H &#8226; MMK Riepas","robots":{"index":"index","follow":"follow","max-snippet":"max-snippet:-1","max-image-preview":"max-image-preview:large","max-video-preview":"max-video-preview:-1"},"canonical":"https:\/\/mmkriepas.lv\/en\/p\/275-65r17-toyo-open-country-a-t-plus-115h\/","og_locale":"en_US","og_type":"article","og_title":"275\/65R17 Toyo Open Country A\/T Plus 115H","og_description":"Toyo Open Country A\/T Plus visurg\u0101j\u0113ju riepas tika izveidotas ar fokusu uz Eiropas riepu tirgu. Nav br\u012bnums, ka tie\u0161i t\u0101p\u0113c Eiropas autovad\u012bt\u0101ju paradumi un v\u0113lmes tika \u012bpa\u0161i \u0146emtas v\u0113r\u0101 riepu izstr\u0101des proces\u0101. At\u0161\u0137ir\u012bb\u0101 no daudziem citiem bezce\u013cu auto riepu mode\u013ciem, Toyo Open Country A\/T Plus sp\u0113j nodemonstr\u0113t labu vad\u0101m\u012bbu gan uz asfalt\u0113tiem gan jebkura cita neasfalt\u0113ta seguma. Parasti \u0161\u012b tipa riep\u0101m ir probl\u0113mas uz asfalta.","og_url":"https:\/\/mmkriepas.lv\/en\/p\/275-65r17-toyo-open-country-a-t-plus-115h\/","og_site_name":"MMK Riepas","article_publisher":"https:\/\/www.facebook.com\/mmkserviss\/","article_modified_time":"2024-08-06T11:59:46+00:00","og_image":[{"width":600,"height":600,"url":"https:\/\/mmkriepas.lv\/wp-content\/uploads\/2022\/08\/27565r17-toyo-open-country-at-plus-115h-vasaras-riepas.jpg","type":"image\/jpeg"}],"twitter_card":"summary_large_image","twitter_misc":{"Price":"&euro;153.00","Availability":"In stock"},"schema":{"@context":"https:\/\/schema.org","@graph":[{"@type":"WebPage","@id":"https:\/\/mmkriepas.lv\/en\/p\/275-65r17-toyo-open-country-a-t-plus-115h\/","url":"https:\/\/mmkriepas.lv\/en\/p\/275-65r17-toyo-open-country-a-t-plus-115h\/","name":"275\/65R17 Toyo Open Country A\/T Plus 115H &#8226; MMK Riepas","isPartOf":{"@id":"https:\/\/mmkriepas.lv\/en\/#website"},"primaryImageOfPage":{"@id":"https:\/\/mmkriepas.lv\/en\/p\/275-65r17-toyo-open-country-a-t-plus-115h\/#primaryimage"},"image":{"@id":"https:\/\/mmkriepas.lv\/en\/p\/275-65r17-toyo-open-country-a-t-plus-115h\/#primaryimage"},"thumbnailUrl":"https:\/\/mmkriepas.lv\/wp-content\/uploads\/2022\/08\/27565r17-toyo-open-country-at-plus-115h-vasaras-riepas.jpg","datePublished":"2022-08-16T01:18:13+00:00","dateModified":"2024-08-06T11:59:46+00:00","breadcrumb":{"@id":"https:\/\/mmkriepas.lv\/en\/p\/275-65r17-toyo-open-country-a-t-plus-115h\/#breadcrumb"},"inLanguage":"en-US","potentialAction":[{"@type":"ReadAction","target":["https:\/\/mmkriepas.lv\/en\/p\/275-65r17-toyo-open-country-a-t-plus-115h\/"]}]},{"@type":"ImageObject","inLanguage":"en-US","@id":"https:\/\/mmkriepas.lv\/en\/p\/275-65r17-toyo-open-country-a-t-plus-115h\/#primaryimage","url":"https:\/\/mmkriepas.lv\/wp-content\/uploads\/2022\/08\/27565r17-toyo-open-country-at-plus-115h-vasaras-riepas.jpg","contentUrl":"https:\/\/mmkriepas.lv\/wp-content\/uploads\/2022\/08\/27565r17-toyo-open-country-at-plus-115h-vasaras-riepas.jpg","width":600,"height":600,"caption":"275\/65R17 TOYO OPEN COUNTRY A\/T PLUS 115H - Vasaras riepas"},{"@type":"BreadcrumbList","@id":"https:\/\/mmkriepas.lv\/en\/p\/275-65r17-toyo-open-country-a-t-plus-115h\/#breadcrumb","itemListElement":[{"@type":"ListItem","position":1,"name":"S\u0101kums","item":"https:\/\/mmkriepas.lv\/en\/"},{"@type":"ListItem","position":2,"name":"275\/65R17 Toyo Open Country A\/T Plus 115H"}]},{"@type":"WebSite","@id":"https:\/\/mmkriepas.lv\/en\/#website","url":"https:\/\/mmkriepas.lv\/en\/","name":"MMK Riepas","description":"MMK Riepas","alternateName":"MMK Riepu Serviss","potentialAction":[{"@type":"SearchAction","target":{"@type":"EntryPoint","urlTemplate":"https:\/\/mmkriepas.lv\/en\/?s={search_term_string}"},"query-input":{"@type":"PropertyValueSpecification","valueRequired":true,"valueName":"search_term_string"}}],"inLanguage":"en-US"},{"@type":"ImageObject","inLanguage":"en-US","@id":"https:\/\/mmkriepas.lv\/en\/p\/275-65r17-toyo-open-country-a-t-plus-115h\/#local-main-organization-logo","url":"","contentUrl":"","caption":"MMK Riepas"}]},"product_brand":"Toyo Open Country A\/T Plus","product_price_amount":"153.00","product_price_currency":"EUR","og_availability":"instock","product_availability":"instock","product_retailer_item_id":"TS2756517TOYO-L4677","product_condition":"new"},"_links":{"self":[{"href":"https:\/\/mmkriepas.lv\/en\/wp-json\/wp\/v2\/product\/286014","targetHints":{"allow":["GET"]}}],"collection":[{"href":"https:\/\/mmkriepas.lv\/en\/wp-json\/wp\/v2\/product"}],"about":[{"href":"https:\/\/mmkriepas.lv\/en\/wp-json\/wp\/v2\/types\/product"}],"wp:featuredmedia":[{"embeddable":true,"href":"https:\/\/mmkriepas.lv\/en\/wp-json\/wp\/v2\/media\/286013"}],"wp:attachment":[{"href":"https:\/\/mmkriepas.lv\/en\/wp-json\/wp\/v2\/media?parent=286014"}],"wp:term":[{"taxonomy":"product_brand","embeddable":true,"href":"https:\/\/mmkriepas.lv\/en\/wp-json\/wp\/v2\/product_brand?post=286014"},{"taxonomy":"product_cat","embeddable":true,"href":"https:\/\/mmkriepas.lv\/en\/wp-json\/wp\/v2\/product_cat?post=286014"},{"taxonomy":"product_tag","embeddable":true,"href":"https:\/\/mmkriepas.lv\/en\/wp-json\/wp\/v2\/product_tag?post=286014"}],"curies":[{"name":"wp","href":"https:\/\/api.w.org\/{rel}","templated":true}]}}