{"id":285426,"date":"2022-08-16T03:52:26","date_gmt":"2022-08-16T00:52:26","guid":{"rendered":"https:\/\/mmkserviss.lv\/?post_type=product&#038;p=285426"},"modified":"2026-03-27T12:00:50","modified_gmt":"2026-03-27T10:00:50","slug":"245-75r16-triangle-gripx-m-t-tr281-120-116q-2","status":"publish","type":"product","link":"https:\/\/mmkriepas.lv\/en\/p\/245-75r16-triangle-gripx-m-t-tr281-120-116q-2\/","title":{"rendered":"245\/75R16 Triangle GripX M\/T TR281 120\/116Q POR"},"content":{"rendered":"<p><strong>Triangle GripX M\/T TR281<\/strong>\u00a0 ir Mud-terrain M\/T klases apvidus auto riepu modelis, kas paredz\u0113ts brauk\u0161anai bezce\u013cu apst\u0101k\u013cos \u2013 dub\u013cos, pa akme\u0146ain\u0101m viet\u0101m un pat snieg\u0101. \u0160is riepu modelis piem\u0113rots \u012bstiem bezce\u013cu entuziastiem. \u0136\u012bnas ra\u017eot\u0101js, kura produkti tiek dizain\u0113ti Somij\u0101, modeli TR281 pied\u0101v\u0101 izm\u0113ros, s\u0101kot no R15 l\u012bdz pat R18.<\/p>\n<h3>Triangle TR281 GripX M\/T galven\u0101s \u012bpa\u0161\u012bbas<\/h3>\n<p>+ Izce\u013cas ar paaugstin\u0101tu iztur\u012bbu pret triecieniem, meh\u0101niskiem boj\u0101jumiem, pateicoties stiprin\u0101t\u0101m s\u0101nu mal\u0101m un agres\u012bvam, dzi\u013cam protektoram;<br \/>+ Lieli, lamel\u0113s sagriezti bloki;<br \/>+ Plati, dzi\u013ci \u016bdens dren\u0101\u017eas kan\u0101li;<br \/>+ \u012apa\u0161s gumijas sast\u0101vs.<\/p>\n<h3>P\u0101rliecino\u0161a un dro\u0161a vad\u0101m\u012bba<\/h3>\n<p>Agres\u012bvais dizains ar asiem, no\u0161\u0137eltiem protektora blokiem nodro\u0161ina augstu veiktsp\u0113ju un sa\u0137eri dub\u013cos un snieg\u0101. Platie, izliektie dren\u0101\u017eas kan\u0101li \u0101tri novada \u016bdeni no sa\u0137eres laukuma.<\/p>\n<h3>Iztur\u012bba un veiktsp\u0113ja<\/h3>\n<p>Pastiprin\u0101ti riepas s\u0101ni un protektora malas palielina iztur\u012bbu, braucot pa akme\u0146iem un \u0161\u0137emb\u0101m. Savuk\u0101rt lielie bloki protektora s\u0101nos uzlabo sa\u0137eri uz smilt\u012bm, z\u0101l\u0113 un dub\u013cos.<\/p>\n<h3>Izmantojama ar\u012b neliel\u0101 snieg\u0101<\/h3>\n<p>Pateicoties gumijas sast\u0101vam, <strong>Triangle GripX M\/T TR281<\/strong> var tikt izmantota ar\u012b neliel\u0101 snieg\u0101 \u2013 t\u0101tad, no agra pavasara l\u012bdz pat v\u0113lam rudenim.<\/p>\n<p><span><span style=\"color: #ff0000;\">*Uzman\u012bbu:<\/span> vasaras riepas, kas ir ra\u017eotas \u0136\u012bn\u0101, var b\u016bt apz\u012bm\u0113tas ar apz\u012bm\u0113jumu M + S. J\u0101\u0146em ver\u0101, ka \u0136\u012bnas teritorija sniedzas da\u017e\u0101d\u0101s klimatiskaj\u0101s zon\u0101s, kur da\u017eviet metereolo\u0123isk\u0101 ziema t\u0101 ar\u012b neiest\u0101jas. L\u012bdz ar to, tur \u0161\u012bs riepas var izmantot visu gadu, kam\u0113r Latvij\u0101 tas nestr\u0101d\u0101!<\/span><\/p>\n","protected":false},"excerpt":{"rendered":"<p><strong>Triangle GripX M\/T TR281<\/strong> &#8211; Mud-terrain M\/T klases apvidus auto riepa brauk\u0161anai bezce\u013cu apst\u0101k\u013cos \u2013 dub\u013cos, pa akme\u0146ain\u0101m viet\u0101m un pat snieg\u0101. <span>\u0160im modelim ir lieliski veiktsp\u0113jas r\u0101d\u012bt\u0101ji bezce\u013ca apst\u0101k\u013cos.<\/span><span>\u00a0<\/span><\/p>\n","protected":false},"featured_media":864162,"template":"","meta":{"_acf_changed":false,"ngg_post_thumbnail":0},"product_brand":[],"product_cat":[46],"product_tag":[],"class_list":{"0":"post-285426","1":"product","2":"type-product","3":"status-publish","4":"has-post-thumbnail","6":"product_cat-vasaras-riepas","8":"first","9":"instock","10":"sale","11":"taxable","12":"shipping-taxable","13":"purchasable","14":"product-type-simple"},"acf":[],"yoast_head":"<!-- This site is optimized with the Yoast SEO Premium plugin v22.6 (Yoast SEO v27.3) - https:\/\/yoast.com\/product\/yoast-seo-premium-wordpress\/ -->\n<title>245\/75R16 Triangle GripX M\/T TR281 120\/116Q POR &#8226; MMK Riepas<\/title>\n<meta name=\"description\" content=\"Triangle GripX M\/T TR281 - Mud-terrain M\/T klases apvidus auto riepa , \u0161im modelim ir lieliski veiktsp\u0113jas r\u0101d\u012bt\u0101ji bezce\u013ca apst\u0101k\u013cos.\u00a0\" \/>\n<meta name=\"robots\" content=\"index, follow, max-snippet:-1, max-image-preview:large, max-video-preview:-1\" \/>\n<link rel=\"canonical\" href=\"https:\/\/mmkriepas.lv\/en\/p\/245-75r16-triangle-gripx-m-t-tr281-120-116q-2\/\" \/>\n<meta property=\"og:locale\" content=\"en_US\" \/>\n<meta property=\"og:type\" content=\"article\" \/>\n<meta property=\"og:title\" content=\"245\/75R16 Triangle GripX M\/T TR281 120\/116Q POR\" \/>\n<meta property=\"og:description\" content=\"Triangle GripX M\/T TR281 - Mud-terrain M\/T klases apvidus auto riepa , \u0161im modelim ir lieliski veiktsp\u0113jas r\u0101d\u012bt\u0101ji bezce\u013ca apst\u0101k\u013cos.\u00a0\" \/>\n<meta property=\"og:url\" content=\"https:\/\/mmkriepas.lv\/en\/p\/245-75r16-triangle-gripx-m-t-tr281-120-116q-2\/\" \/>\n<meta property=\"og:site_name\" content=\"MMK Riepas\" \/>\n<meta property=\"article:publisher\" content=\"https:\/\/www.facebook.com\/mmkserviss\/\" \/>\n<meta property=\"article:modified_time\" content=\"2026-03-27T10:00:50+00:00\" \/>\n<meta property=\"og:image\" content=\"https:\/\/mmkriepas.lv\/wp-content\/uploads\/2024\/02\/30x9-5r15-triangle-gripx-mt-tr281-104q-mud-terrain-riepas-vasaras-riepas.jpeg\" \/>\n\t<meta property=\"og:image:width\" content=\"1920\" \/>\n\t<meta property=\"og:image:height\" content=\"1440\" \/>\n\t<meta property=\"og:image:type\" content=\"image\/jpeg\" \/>\n<meta name=\"twitter:card\" content=\"summary_large_image\" \/>\n<meta name=\"twitter:label1\" content=\"Price\" \/>\n\t<meta name=\"twitter:data1\" content=\"&euro;130.00\" \/>\n\t<meta name=\"twitter:label2\" content=\"Availability\" \/>\n\t<meta name=\"twitter:data2\" content=\"In stock\" \/>\n<script type=\"application\/ld+json\" class=\"yoast-schema-graph\">{\"@context\":\"https:\\\/\\\/schema.org\",\"@graph\":[{\"@type\":\"WebPage\",\"@id\":\"https:\\\/\\\/mmkriepas.lv\\\/en\\\/p\\\/245-75r16-triangle-gripx-m-t-tr281-120-116q-2\\\/\",\"url\":\"https:\\\/\\\/mmkriepas.lv\\\/en\\\/p\\\/245-75r16-triangle-gripx-m-t-tr281-120-116q-2\\\/\",\"name\":\"245\\\/75R16 Triangle GripX M\\\/T TR281 120\\\/116Q POR &#8226; MMK Riepas\",\"isPartOf\":{\"@id\":\"https:\\\/\\\/mmkriepas.lv\\\/en\\\/#website\"},\"primaryImageOfPage\":{\"@id\":\"https:\\\/\\\/mmkriepas.lv\\\/en\\\/p\\\/245-75r16-triangle-gripx-m-t-tr281-120-116q-2\\\/#primaryimage\"},\"image\":{\"@id\":\"https:\\\/\\\/mmkriepas.lv\\\/en\\\/p\\\/245-75r16-triangle-gripx-m-t-tr281-120-116q-2\\\/#primaryimage\"},\"thumbnailUrl\":\"https:\\\/\\\/mmkriepas.lv\\\/wp-content\\\/uploads\\\/2024\\\/02\\\/30x9-5r15-triangle-gripx-mt-tr281-104q-mud-terrain-riepas-vasaras-riepas.jpeg\",\"datePublished\":\"2022-08-16T00:52:26+00:00\",\"dateModified\":\"2026-03-27T10:00:50+00:00\",\"description\":\"Triangle GripX M\\\/T TR281 - Mud-terrain M\\\/T klases apvidus auto riepa , \u0161im modelim ir lieliski veiktsp\u0113jas r\u0101d\u012bt\u0101ji bezce\u013ca apst\u0101k\u013cos.\u00a0\",\"breadcrumb\":{\"@id\":\"https:\\\/\\\/mmkriepas.lv\\\/en\\\/p\\\/245-75r16-triangle-gripx-m-t-tr281-120-116q-2\\\/#breadcrumb\"},\"inLanguage\":\"en-US\",\"potentialAction\":[{\"@type\":\"ReadAction\",\"target\":[\"https:\\\/\\\/mmkriepas.lv\\\/en\\\/p\\\/245-75r16-triangle-gripx-m-t-tr281-120-116q-2\\\/\"]}]},{\"@type\":\"ImageObject\",\"inLanguage\":\"en-US\",\"@id\":\"https:\\\/\\\/mmkriepas.lv\\\/en\\\/p\\\/245-75r16-triangle-gripx-m-t-tr281-120-116q-2\\\/#primaryimage\",\"url\":\"https:\\\/\\\/mmkriepas.lv\\\/wp-content\\\/uploads\\\/2024\\\/02\\\/30x9-5r15-triangle-gripx-mt-tr281-104q-mud-terrain-riepas-vasaras-riepas.jpeg\",\"contentUrl\":\"https:\\\/\\\/mmkriepas.lv\\\/wp-content\\\/uploads\\\/2024\\\/02\\\/30x9-5r15-triangle-gripx-mt-tr281-104q-mud-terrain-riepas-vasaras-riepas.jpeg\",\"width\":1920,\"height\":1440,\"caption\":\"Triangle GripX M\\\/T TR281 Mud Terrain riepas \\\/ Vasaras riepas\"},{\"@type\":\"BreadcrumbList\",\"@id\":\"https:\\\/\\\/mmkriepas.lv\\\/en\\\/p\\\/245-75r16-triangle-gripx-m-t-tr281-120-116q-2\\\/#breadcrumb\",\"itemListElement\":[{\"@type\":\"ListItem\",\"position\":1,\"name\":\"S\u0101kums\",\"item\":\"https:\\\/\\\/mmkriepas.lv\\\/en\\\/\"},{\"@type\":\"ListItem\",\"position\":2,\"name\":\"245\\\/75R16 Triangle GripX M\\\/T TR281 120\\\/116Q POR\"}]},{\"@type\":\"WebSite\",\"@id\":\"https:\\\/\\\/mmkriepas.lv\\\/en\\\/#website\",\"url\":\"https:\\\/\\\/mmkriepas.lv\\\/en\\\/\",\"name\":\"MMK Riepas\",\"description\":\"MMK Riepas\",\"alternateName\":\"MMK Riepu Serviss\",\"potentialAction\":[{\"@type\":\"SearchAction\",\"target\":{\"@type\":\"EntryPoint\",\"urlTemplate\":\"https:\\\/\\\/mmkriepas.lv\\\/en\\\/?s={search_term_string}\"},\"query-input\":{\"@type\":\"PropertyValueSpecification\",\"valueRequired\":true,\"valueName\":\"search_term_string\"}}],\"inLanguage\":\"en-US\"},{\"@type\":\"ImageObject\",\"inLanguage\":\"en-US\",\"@id\":\"https:\\\/\\\/mmkriepas.lv\\\/en\\\/p\\\/245-75r16-triangle-gripx-m-t-tr281-120-116q-2\\\/#local-main-organization-logo\",\"url\":\"\",\"contentUrl\":\"\",\"caption\":\"MMK Riepas\"}]}<\/script>\n<meta property=\"product:brand\" content=\"Triangle GripX M\/T TR281\" \/>\n<meta property=\"product:price:amount\" content=\"130.00\" \/>\n<meta property=\"product:price:currency\" content=\"EUR\" \/>\n<meta property=\"og:availability\" content=\"instock\" \/>\n<meta property=\"product:availability\" content=\"instock\" \/>\n<meta property=\"product:retailer_item_id\" content=\"TS2457516TRIAN-L4483\" \/>\n<meta property=\"product:condition\" content=\"new\" \/>\n<!-- \/ Yoast SEO Premium plugin. -->","yoast_head_json":{"title":"245\/75R16 Triangle GripX M\/T TR281 120\/116Q POR &#8226; MMK Riepas","description":"Triangle GripX M\/T TR281 - Mud-terrain M\/T klases apvidus auto riepa , \u0161im modelim ir lieliski veiktsp\u0113jas r\u0101d\u012bt\u0101ji bezce\u013ca apst\u0101k\u013cos.\u00a0","robots":{"index":"index","follow":"follow","max-snippet":"max-snippet:-1","max-image-preview":"max-image-preview:large","max-video-preview":"max-video-preview:-1"},"canonical":"https:\/\/mmkriepas.lv\/en\/p\/245-75r16-triangle-gripx-m-t-tr281-120-116q-2\/","og_locale":"en_US","og_type":"article","og_title":"245\/75R16 Triangle GripX M\/T TR281 120\/116Q POR","og_description":"Triangle GripX M\/T TR281 - Mud-terrain M\/T klases apvidus auto riepa , \u0161im modelim ir lieliski veiktsp\u0113jas r\u0101d\u012bt\u0101ji bezce\u013ca apst\u0101k\u013cos.\u00a0","og_url":"https:\/\/mmkriepas.lv\/en\/p\/245-75r16-triangle-gripx-m-t-tr281-120-116q-2\/","og_site_name":"MMK Riepas","article_publisher":"https:\/\/www.facebook.com\/mmkserviss\/","article_modified_time":"2026-03-27T10:00:50+00:00","og_image":[{"width":1920,"height":1440,"url":"https:\/\/mmkriepas.lv\/wp-content\/uploads\/2024\/02\/30x9-5r15-triangle-gripx-mt-tr281-104q-mud-terrain-riepas-vasaras-riepas.jpeg","type":"image\/jpeg"}],"twitter_card":"summary_large_image","twitter_misc":{"Price":"&euro;130.00","Availability":"In stock"},"schema":{"@context":"https:\/\/schema.org","@graph":[{"@type":"WebPage","@id":"https:\/\/mmkriepas.lv\/en\/p\/245-75r16-triangle-gripx-m-t-tr281-120-116q-2\/","url":"https:\/\/mmkriepas.lv\/en\/p\/245-75r16-triangle-gripx-m-t-tr281-120-116q-2\/","name":"245\/75R16 Triangle GripX M\/T TR281 120\/116Q POR &#8226; MMK Riepas","isPartOf":{"@id":"https:\/\/mmkriepas.lv\/en\/#website"},"primaryImageOfPage":{"@id":"https:\/\/mmkriepas.lv\/en\/p\/245-75r16-triangle-gripx-m-t-tr281-120-116q-2\/#primaryimage"},"image":{"@id":"https:\/\/mmkriepas.lv\/en\/p\/245-75r16-triangle-gripx-m-t-tr281-120-116q-2\/#primaryimage"},"thumbnailUrl":"https:\/\/mmkriepas.lv\/wp-content\/uploads\/2024\/02\/30x9-5r15-triangle-gripx-mt-tr281-104q-mud-terrain-riepas-vasaras-riepas.jpeg","datePublished":"2022-08-16T00:52:26+00:00","dateModified":"2026-03-27T10:00:50+00:00","description":"Triangle GripX M\/T TR281 - Mud-terrain M\/T klases apvidus auto riepa , \u0161im modelim ir lieliski veiktsp\u0113jas r\u0101d\u012bt\u0101ji bezce\u013ca apst\u0101k\u013cos.\u00a0","breadcrumb":{"@id":"https:\/\/mmkriepas.lv\/en\/p\/245-75r16-triangle-gripx-m-t-tr281-120-116q-2\/#breadcrumb"},"inLanguage":"en-US","potentialAction":[{"@type":"ReadAction","target":["https:\/\/mmkriepas.lv\/en\/p\/245-75r16-triangle-gripx-m-t-tr281-120-116q-2\/"]}]},{"@type":"ImageObject","inLanguage":"en-US","@id":"https:\/\/mmkriepas.lv\/en\/p\/245-75r16-triangle-gripx-m-t-tr281-120-116q-2\/#primaryimage","url":"https:\/\/mmkriepas.lv\/wp-content\/uploads\/2024\/02\/30x9-5r15-triangle-gripx-mt-tr281-104q-mud-terrain-riepas-vasaras-riepas.jpeg","contentUrl":"https:\/\/mmkriepas.lv\/wp-content\/uploads\/2024\/02\/30x9-5r15-triangle-gripx-mt-tr281-104q-mud-terrain-riepas-vasaras-riepas.jpeg","width":1920,"height":1440,"caption":"Triangle GripX M\/T TR281 Mud Terrain riepas \/ Vasaras riepas"},{"@type":"BreadcrumbList","@id":"https:\/\/mmkriepas.lv\/en\/p\/245-75r16-triangle-gripx-m-t-tr281-120-116q-2\/#breadcrumb","itemListElement":[{"@type":"ListItem","position":1,"name":"S\u0101kums","item":"https:\/\/mmkriepas.lv\/en\/"},{"@type":"ListItem","position":2,"name":"245\/75R16 Triangle GripX M\/T TR281 120\/116Q POR"}]},{"@type":"WebSite","@id":"https:\/\/mmkriepas.lv\/en\/#website","url":"https:\/\/mmkriepas.lv\/en\/","name":"MMK Riepas","description":"MMK Riepas","alternateName":"MMK Riepu Serviss","potentialAction":[{"@type":"SearchAction","target":{"@type":"EntryPoint","urlTemplate":"https:\/\/mmkriepas.lv\/en\/?s={search_term_string}"},"query-input":{"@type":"PropertyValueSpecification","valueRequired":true,"valueName":"search_term_string"}}],"inLanguage":"en-US"},{"@type":"ImageObject","inLanguage":"en-US","@id":"https:\/\/mmkriepas.lv\/en\/p\/245-75r16-triangle-gripx-m-t-tr281-120-116q-2\/#local-main-organization-logo","url":"","contentUrl":"","caption":"MMK Riepas"}]},"product_brand":"Triangle GripX M\/T TR281","product_price_amount":"130.00","product_price_currency":"EUR","og_availability":"instock","product_availability":"instock","product_retailer_item_id":"TS2457516TRIAN-L4483","product_condition":"new"},"_links":{"self":[{"href":"https:\/\/mmkriepas.lv\/en\/wp-json\/wp\/v2\/product\/285426","targetHints":{"allow":["GET"]}}],"collection":[{"href":"https:\/\/mmkriepas.lv\/en\/wp-json\/wp\/v2\/product"}],"about":[{"href":"https:\/\/mmkriepas.lv\/en\/wp-json\/wp\/v2\/types\/product"}],"wp:featuredmedia":[{"embeddable":true,"href":"https:\/\/mmkriepas.lv\/en\/wp-json\/wp\/v2\/media\/864162"}],"wp:attachment":[{"href":"https:\/\/mmkriepas.lv\/en\/wp-json\/wp\/v2\/media?parent=285426"}],"wp:term":[{"taxonomy":"product_brand","embeddable":true,"href":"https:\/\/mmkriepas.lv\/en\/wp-json\/wp\/v2\/product_brand?post=285426"},{"taxonomy":"product_cat","embeddable":true,"href":"https:\/\/mmkriepas.lv\/en\/wp-json\/wp\/v2\/product_cat?post=285426"},{"taxonomy":"product_tag","embeddable":true,"href":"https:\/\/mmkriepas.lv\/en\/wp-json\/wp\/v2\/product_tag?post=285426"}],"curies":[{"name":"wp","href":"https:\/\/api.w.org\/{rel}","templated":true}]}}