{"id":285085,"date":"2022-08-16T03:37:49","date_gmt":"2022-08-16T00:37:49","guid":{"rendered":"https:\/\/mmkserviss.lv\/?post_type=product&#038;p=285085"},"modified":"2026-03-27T12:00:07","modified_gmt":"2026-03-27T10:00:07","slug":"215-70r16-triangle-advantex-suv-tr259-100h","status":"publish","type":"product","link":"https:\/\/mmkriepas.lv\/en\/p\/215-70r16-triangle-advantex-suv-tr259-100h\/","title":{"rendered":"215\/70R16 Triangle AdvanteX SUV TR259 100H"},"content":{"rendered":"<p><strong>Triangle AdvanteX SUV TR259<\/strong> ir vasaras riepu modelis, kas paredz\u0113ts apvidus un SUV klases auto, k\u0101 ar\u012b pils\u0113tas krossoveriem. \u0160is riepu modelis pieder Highway Terrain (<strong>H\/T<\/strong>)\u00a0 kategorijai, kura nodro\u0161ina kombin\u0113tu veiktsp\u0113ju gan uz asfalt\u0113tiem,\u00a0 gan zemes (lauku) ce\u013ciem.<\/p>\n<p><strong>AdvantaX SUV TR259<\/strong>\u00a0\u012bpa\u0161\u012bbas:<\/p>\n<p>+ Paaugstin\u0101ta nodilumiztur\u012bba un palielin\u0101ts riepas kalpo\u0161anas laiks<\/p>\n<p>+ Lieliska sa\u0137ere uz cietajiem ce\u013ca segumiem (gan asfalts, gan grants vai \u0161\u0137embu ce\u013c\u0161)<\/p>\n<p><span>+ Protektora<\/span><span>\u00a0<\/span><span>z\u012bm\u0113jums<\/span><span>\u00a0<\/span><span>ar<\/span><span>\u00a0<\/span><span>bl\u012bvu<\/span><span>\u00a0<\/span><span>bloku<\/span><span>\u00a0<\/span><span>izvietojumu<\/span><span>\u00a0<\/span><span>nodro\u0161ina<\/span><span>\u00a0<\/span><span>augstu<\/span><span>\u00a0<\/span><span>veiktsp\u0113ju<\/span><span>,<\/span><\/p>\n<p>+ Piecas garen\u0101s protektora da\u013cas nodro\u0161ina sa\u0137eri, uzlabo brauk\u0161anas stabilit\u0101ti un samazina bremz\u0113\u0161anas ce\u013cu,<\/p>\n<p>+ \u010cetras taisn\u0101s \u201c\u016bdens\u201d l\u012bnijas nodro\u0161ina paaugstin\u0101tu sa\u0137eri uz mitra seguma,<\/p>\n<p>+ Degvielas ekonomija, zema rites pretest\u012bba,<\/p>\n<p>+ Augsta triecieniztur\u012bba\u00a0pasarg\u0101s riepu no p\u0101rsi\u0161anas bedr\u0113s,<\/p>\n<p>+ Riepas izce\u013c\u0101s ar zemiem dilst\u012bbas r\u0101d\u012bt\u0101jiem, kas noz\u012bm\u0113 daudzu t\u016bksto\u0161u kilometru nobraukumu,<\/p>\n<p>+ Dro\u0161a vad\u0101m\u012bba gan uz sausa, gan mitra seguma, augsta notur\u012bba pret akvaplan\u0113\u0161anu.<\/p>\n<p><strong>AdvantaX SUV TR259 <\/strong><strong>raksturojums:<\/strong><\/p>\n<p>\u0160is riepu modelis vislab\u0101k piem\u0113rots automa\u0161\u012bn\u0101m, kas ikdien\u0101 p\u0101rvietojas ne tikai pa asfalt\u0113tiem ce\u013ciem (pils\u0113tas un \u0161osejas), bet ar\u012b pa zemes (grants) un lauku (\u0161\u0137embas, z\u0101le, dub\u013ci) ce\u013ciem. Bl\u012bvais protektora bloku izvietojums nodro\u0161ina veiktsp\u0113ju uz asfalt\u0113tiem ce\u013ciem un vasaras riep\u0101m nerakstur\u012bgi rupjais protektors paaugstina veiktsp\u0113ju uz grants ce\u013ciem.<\/p>\n<p>Starp protektora blokiem novietot\u0101s \u016bdens l\u012bnijas samazina akvaplan\u0113\u0161anas risku pat vissp\u0113c\u012bg\u0101kaj\u0101 liet\u016b. Turkl\u0101t protektor\u0101\u00a0 izvietot\u0101s lameles pastiprin\u0101ti novada \u016bdeni uz iepriek\u0161 min\u0113taj\u0101m taisnaj\u0101m &#8220;\u016bdens&#8221; l\u012bnij\u0101m, kas ne tikai \u013cauj riep\u0101m pie\u0137erties pie ce\u013ca, bet ar\u012b novada \u016bdeni. Plecu blokos \u0161\u0101di iegriezumi b\u016btiski samazina bremz\u0113\u0161anas ce\u013ca garumu uz slapja seguma.<\/p>\n<h5>*Uzman\u012bbu: vasaras riepas, kas ra\u017eotas \u0100zijas valst\u012bs, var b\u016bt apz\u012bm\u0113tas ar apz\u012bm\u0113jumu M + S. J\u0101\u0146em ver\u0101, ka \u0100zijas teritorija sniedzas da\u017e\u0101d\u0101s klimatiskaj\u0101s zon\u0101s, kur da\u017eviet metereolo\u0123isk\u0101 ziema t\u0101 ar\u012b neiest\u0101jas. L\u012bdz ar to, tur \u0161\u012bs riepas var izmantot visu gadu, kam\u0113r Latvij\u0101 tas nestr\u0101d\u0101! S\u012bk\u0101k par \u0161o un citiem apz\u012bm\u0113jumiem dro\u0161i jaut\u0101jiet MMK Riepu Serviss speci\u0101listiem.<\/h5>\n","protected":false},"excerpt":{"rendered":"<p><b><span style=\"font-family: 'Arial',sans-serif;\">Triangle AdvanteX SUV TR259<\/span><\/b><span style=\"font-family: 'Arial',sans-serif;\"> ir vasaras riepu modelis, kas paredz\u0113ts apvidus un SUV klases auto, k\u0101 ar\u012b pils\u0113tas krossoveriem. \u0160is riepu modelis pieder Highway Terrain (<strong>H\/T<\/strong>)\u00a0 kategorijai, kura nodro\u0161ina kombin\u0113tu veiktsp\u0113ju gan uz asfalt\u0113tiem,\u00a0 gan zemes (lauku) ce\u013ciem. <o:p><\/o:p><\/span><\/p>\n","protected":false},"featured_media":224562,"template":"","meta":{"_acf_changed":false,"ngg_post_thumbnail":0},"product_brand":[],"product_cat":[46],"product_tag":[],"class_list":{"0":"post-285085","1":"product","2":"type-product","3":"status-publish","4":"has-post-thumbnail","6":"product_cat-vasaras-riepas","8":"first","9":"instock","10":"sale","11":"taxable","12":"shipping-taxable","13":"purchasable","14":"product-type-simple"},"acf":[],"yoast_head":"<!-- This site is optimized with the Yoast SEO Premium plugin v22.6 (Yoast SEO v27.3) - https:\/\/yoast.com\/product\/yoast-seo-premium-wordpress\/ -->\n<title>215\/70R16 Triangle AdvanteX SUV TR259 100H &#8226; MMK Riepas<\/title>\n<meta name=\"robots\" content=\"index, follow, max-snippet:-1, max-image-preview:large, max-video-preview:-1\" \/>\n<link rel=\"canonical\" href=\"https:\/\/mmkriepas.lv\/en\/p\/215-70r16-triangle-advantex-suv-tr259-100h\/\" \/>\n<meta property=\"og:locale\" content=\"en_US\" \/>\n<meta property=\"og:type\" content=\"article\" \/>\n<meta property=\"og:title\" content=\"215\/70R16 Triangle AdvanteX SUV TR259 100H\" \/>\n<meta property=\"og:description\" content=\"Triangle AdvanteX SUV TR259 ir vasaras riepu modelis, kas paredz\u0113ts apvidus un SUV klases auto, k\u0101 ar\u012b pils\u0113tas krossoveriem. \u0160is riepu modelis pieder Highway Terrain (H\/T)\u00a0 kategorijai, kura nodro\u0161ina kombin\u0113tu veiktsp\u0113ju gan uz asfalt\u0113tiem,\u00a0 gan zemes (lauku) ce\u013ciem.\" \/>\n<meta property=\"og:url\" content=\"https:\/\/mmkriepas.lv\/en\/p\/215-70r16-triangle-advantex-suv-tr259-100h\/\" \/>\n<meta property=\"og:site_name\" content=\"MMK Riepas\" \/>\n<meta property=\"article:publisher\" content=\"https:\/\/www.facebook.com\/mmkserviss\/\" \/>\n<meta property=\"article:modified_time\" content=\"2026-03-27T10:00:07+00:00\" \/>\n<meta property=\"og:image\" content=\"https:\/\/mmkriepas.lv\/wp-content\/uploads\/2022\/03\/21565r17-triangle-advantex-suv-tr259-99v-vasaras-riepas-4.jpg\" \/>\n\t<meta property=\"og:image:width\" content=\"1920\" \/>\n\t<meta property=\"og:image:height\" content=\"1278\" \/>\n\t<meta property=\"og:image:type\" content=\"image\/jpeg\" \/>\n<meta name=\"twitter:card\" content=\"summary_large_image\" \/>\n<meta name=\"twitter:label1\" content=\"Price\" \/>\n\t<meta name=\"twitter:data1\" content=\"&euro;73.00\" \/>\n\t<meta name=\"twitter:label2\" content=\"Availability\" \/>\n\t<meta name=\"twitter:data2\" content=\"In stock\" \/>\n<script type=\"application\/ld+json\" class=\"yoast-schema-graph\">{\"@context\":\"https:\\\/\\\/schema.org\",\"@graph\":[{\"@type\":\"WebPage\",\"@id\":\"https:\\\/\\\/mmkriepas.lv\\\/en\\\/p\\\/215-70r16-triangle-advantex-suv-tr259-100h\\\/\",\"url\":\"https:\\\/\\\/mmkriepas.lv\\\/en\\\/p\\\/215-70r16-triangle-advantex-suv-tr259-100h\\\/\",\"name\":\"215\\\/70R16 Triangle AdvanteX SUV TR259 100H &#8226; MMK Riepas\",\"isPartOf\":{\"@id\":\"https:\\\/\\\/mmkriepas.lv\\\/en\\\/#website\"},\"primaryImageOfPage\":{\"@id\":\"https:\\\/\\\/mmkriepas.lv\\\/en\\\/p\\\/215-70r16-triangle-advantex-suv-tr259-100h\\\/#primaryimage\"},\"image\":{\"@id\":\"https:\\\/\\\/mmkriepas.lv\\\/en\\\/p\\\/215-70r16-triangle-advantex-suv-tr259-100h\\\/#primaryimage\"},\"thumbnailUrl\":\"https:\\\/\\\/mmkriepas.lv\\\/wp-content\\\/uploads\\\/2022\\\/03\\\/21565r17-triangle-advantex-suv-tr259-99v-vasaras-riepas-4.jpg\",\"datePublished\":\"2022-08-16T00:37:49+00:00\",\"dateModified\":\"2026-03-27T10:00:07+00:00\",\"breadcrumb\":{\"@id\":\"https:\\\/\\\/mmkriepas.lv\\\/en\\\/p\\\/215-70r16-triangle-advantex-suv-tr259-100h\\\/#breadcrumb\"},\"inLanguage\":\"en-US\",\"potentialAction\":[{\"@type\":\"ReadAction\",\"target\":[\"https:\\\/\\\/mmkriepas.lv\\\/en\\\/p\\\/215-70r16-triangle-advantex-suv-tr259-100h\\\/\"]}]},{\"@type\":\"ImageObject\",\"inLanguage\":\"en-US\",\"@id\":\"https:\\\/\\\/mmkriepas.lv\\\/en\\\/p\\\/215-70r16-triangle-advantex-suv-tr259-100h\\\/#primaryimage\",\"url\":\"https:\\\/\\\/mmkriepas.lv\\\/wp-content\\\/uploads\\\/2022\\\/03\\\/21565r17-triangle-advantex-suv-tr259-99v-vasaras-riepas-4.jpg\",\"contentUrl\":\"https:\\\/\\\/mmkriepas.lv\\\/wp-content\\\/uploads\\\/2022\\\/03\\\/21565r17-triangle-advantex-suv-tr259-99v-vasaras-riepas-4.jpg\",\"width\":1920,\"height\":1278,\"caption\":\"Triangle AdvanteX SUV TR259\"},{\"@type\":\"BreadcrumbList\",\"@id\":\"https:\\\/\\\/mmkriepas.lv\\\/en\\\/p\\\/215-70r16-triangle-advantex-suv-tr259-100h\\\/#breadcrumb\",\"itemListElement\":[{\"@type\":\"ListItem\",\"position\":1,\"name\":\"S\u0101kums\",\"item\":\"https:\\\/\\\/mmkriepas.lv\\\/en\\\/\"},{\"@type\":\"ListItem\",\"position\":2,\"name\":\"215\\\/70R16 Triangle AdvanteX SUV TR259 100H\"}]},{\"@type\":\"WebSite\",\"@id\":\"https:\\\/\\\/mmkriepas.lv\\\/en\\\/#website\",\"url\":\"https:\\\/\\\/mmkriepas.lv\\\/en\\\/\",\"name\":\"MMK Riepas\",\"description\":\"MMK Riepas\",\"alternateName\":\"MMK Riepu Serviss\",\"potentialAction\":[{\"@type\":\"SearchAction\",\"target\":{\"@type\":\"EntryPoint\",\"urlTemplate\":\"https:\\\/\\\/mmkriepas.lv\\\/en\\\/?s={search_term_string}\"},\"query-input\":{\"@type\":\"PropertyValueSpecification\",\"valueRequired\":true,\"valueName\":\"search_term_string\"}}],\"inLanguage\":\"en-US\"},{\"@type\":\"ImageObject\",\"inLanguage\":\"en-US\",\"@id\":\"https:\\\/\\\/mmkriepas.lv\\\/en\\\/p\\\/215-70r16-triangle-advantex-suv-tr259-100h\\\/#local-main-organization-logo\",\"url\":\"\",\"contentUrl\":\"\",\"caption\":\"MMK Riepas\"}]}<\/script>\n<meta property=\"product:brand\" content=\"Triangle AdvanteX SUV TR259\" \/>\n<meta property=\"product:price:amount\" content=\"73.00\" \/>\n<meta property=\"product:price:currency\" content=\"EUR\" \/>\n<meta property=\"og:availability\" content=\"instock\" \/>\n<meta property=\"product:availability\" content=\"instock\" \/>\n<meta property=\"product:retailer_item_id\" content=\"TS2157016TRIAN-L4370\" \/>\n<meta property=\"product:condition\" content=\"new\" \/>\n<!-- \/ Yoast SEO Premium plugin. -->","yoast_head_json":{"title":"215\/70R16 Triangle AdvanteX SUV TR259 100H &#8226; MMK Riepas","robots":{"index":"index","follow":"follow","max-snippet":"max-snippet:-1","max-image-preview":"max-image-preview:large","max-video-preview":"max-video-preview:-1"},"canonical":"https:\/\/mmkriepas.lv\/en\/p\/215-70r16-triangle-advantex-suv-tr259-100h\/","og_locale":"en_US","og_type":"article","og_title":"215\/70R16 Triangle AdvanteX SUV TR259 100H","og_description":"Triangle AdvanteX SUV TR259 ir vasaras riepu modelis, kas paredz\u0113ts apvidus un SUV klases auto, k\u0101 ar\u012b pils\u0113tas krossoveriem. \u0160is riepu modelis pieder Highway Terrain (H\/T)\u00a0 kategorijai, kura nodro\u0161ina kombin\u0113tu veiktsp\u0113ju gan uz asfalt\u0113tiem,\u00a0 gan zemes (lauku) ce\u013ciem.","og_url":"https:\/\/mmkriepas.lv\/en\/p\/215-70r16-triangle-advantex-suv-tr259-100h\/","og_site_name":"MMK Riepas","article_publisher":"https:\/\/www.facebook.com\/mmkserviss\/","article_modified_time":"2026-03-27T10:00:07+00:00","og_image":[{"width":1920,"height":1278,"url":"https:\/\/mmkriepas.lv\/wp-content\/uploads\/2022\/03\/21565r17-triangle-advantex-suv-tr259-99v-vasaras-riepas-4.jpg","type":"image\/jpeg"}],"twitter_card":"summary_large_image","twitter_misc":{"Price":"&euro;73.00","Availability":"In stock"},"schema":{"@context":"https:\/\/schema.org","@graph":[{"@type":"WebPage","@id":"https:\/\/mmkriepas.lv\/en\/p\/215-70r16-triangle-advantex-suv-tr259-100h\/","url":"https:\/\/mmkriepas.lv\/en\/p\/215-70r16-triangle-advantex-suv-tr259-100h\/","name":"215\/70R16 Triangle AdvanteX SUV TR259 100H &#8226; MMK Riepas","isPartOf":{"@id":"https:\/\/mmkriepas.lv\/en\/#website"},"primaryImageOfPage":{"@id":"https:\/\/mmkriepas.lv\/en\/p\/215-70r16-triangle-advantex-suv-tr259-100h\/#primaryimage"},"image":{"@id":"https:\/\/mmkriepas.lv\/en\/p\/215-70r16-triangle-advantex-suv-tr259-100h\/#primaryimage"},"thumbnailUrl":"https:\/\/mmkriepas.lv\/wp-content\/uploads\/2022\/03\/21565r17-triangle-advantex-suv-tr259-99v-vasaras-riepas-4.jpg","datePublished":"2022-08-16T00:37:49+00:00","dateModified":"2026-03-27T10:00:07+00:00","breadcrumb":{"@id":"https:\/\/mmkriepas.lv\/en\/p\/215-70r16-triangle-advantex-suv-tr259-100h\/#breadcrumb"},"inLanguage":"en-US","potentialAction":[{"@type":"ReadAction","target":["https:\/\/mmkriepas.lv\/en\/p\/215-70r16-triangle-advantex-suv-tr259-100h\/"]}]},{"@type":"ImageObject","inLanguage":"en-US","@id":"https:\/\/mmkriepas.lv\/en\/p\/215-70r16-triangle-advantex-suv-tr259-100h\/#primaryimage","url":"https:\/\/mmkriepas.lv\/wp-content\/uploads\/2022\/03\/21565r17-triangle-advantex-suv-tr259-99v-vasaras-riepas-4.jpg","contentUrl":"https:\/\/mmkriepas.lv\/wp-content\/uploads\/2022\/03\/21565r17-triangle-advantex-suv-tr259-99v-vasaras-riepas-4.jpg","width":1920,"height":1278,"caption":"Triangle AdvanteX SUV TR259"},{"@type":"BreadcrumbList","@id":"https:\/\/mmkriepas.lv\/en\/p\/215-70r16-triangle-advantex-suv-tr259-100h\/#breadcrumb","itemListElement":[{"@type":"ListItem","position":1,"name":"S\u0101kums","item":"https:\/\/mmkriepas.lv\/en\/"},{"@type":"ListItem","position":2,"name":"215\/70R16 Triangle AdvanteX SUV TR259 100H"}]},{"@type":"WebSite","@id":"https:\/\/mmkriepas.lv\/en\/#website","url":"https:\/\/mmkriepas.lv\/en\/","name":"MMK Riepas","description":"MMK Riepas","alternateName":"MMK Riepu Serviss","potentialAction":[{"@type":"SearchAction","target":{"@type":"EntryPoint","urlTemplate":"https:\/\/mmkriepas.lv\/en\/?s={search_term_string}"},"query-input":{"@type":"PropertyValueSpecification","valueRequired":true,"valueName":"search_term_string"}}],"inLanguage":"en-US"},{"@type":"ImageObject","inLanguage":"en-US","@id":"https:\/\/mmkriepas.lv\/en\/p\/215-70r16-triangle-advantex-suv-tr259-100h\/#local-main-organization-logo","url":"","contentUrl":"","caption":"MMK Riepas"}]},"product_brand":"Triangle AdvanteX SUV TR259","product_price_amount":"73.00","product_price_currency":"EUR","og_availability":"instock","product_availability":"instock","product_retailer_item_id":"TS2157016TRIAN-L4370","product_condition":"new"},"_links":{"self":[{"href":"https:\/\/mmkriepas.lv\/en\/wp-json\/wp\/v2\/product\/285085","targetHints":{"allow":["GET"]}}],"collection":[{"href":"https:\/\/mmkriepas.lv\/en\/wp-json\/wp\/v2\/product"}],"about":[{"href":"https:\/\/mmkriepas.lv\/en\/wp-json\/wp\/v2\/types\/product"}],"wp:featuredmedia":[{"embeddable":true,"href":"https:\/\/mmkriepas.lv\/en\/wp-json\/wp\/v2\/media\/224562"}],"wp:attachment":[{"href":"https:\/\/mmkriepas.lv\/en\/wp-json\/wp\/v2\/media?parent=285085"}],"wp:term":[{"taxonomy":"product_brand","embeddable":true,"href":"https:\/\/mmkriepas.lv\/en\/wp-json\/wp\/v2\/product_brand?post=285085"},{"taxonomy":"product_cat","embeddable":true,"href":"https:\/\/mmkriepas.lv\/en\/wp-json\/wp\/v2\/product_cat?post=285085"},{"taxonomy":"product_tag","embeddable":true,"href":"https:\/\/mmkriepas.lv\/en\/wp-json\/wp\/v2\/product_tag?post=285085"}],"curies":[{"name":"wp","href":"https:\/\/api.w.org\/{rel}","templated":true}]}}