{"id":284986,"date":"2022-08-16T03:33:28","date_gmt":"2022-08-16T00:33:28","guid":{"rendered":"https:\/\/mmkserviss.lv\/?post_type=product&#038;p=284986"},"modified":"2024-08-06T14:53:12","modified_gmt":"2024-08-06T11:53:12","slug":"235-75r15-westlake-su318-h-t-105h-2","status":"publish","type":"product","link":"https:\/\/mmkriepas.lv\/en\/p\/235-75r15-westlake-su318-h-t-105h-2\/","title":{"rendered":"235\/75R15 Westlake SU318 H\/T 105H"},"content":{"rendered":"<h2>Vasaras riepas\u00a0Westlake SU318 H\/T<\/h2>\n<p>\u00a0 Riepu ra\u017eot\u0101js:<strong>\u00a0Westlake<\/strong> Riepu modelis: <strong>SU318 H\/T<\/strong> Pieejami visi izm\u0113ri! <strong>MMK Serviss nov\u0113rt\u0113jums:<\/strong>\u00a0<em>&#8221;Labas vasaras riepas par \u013coti labu cenu. Kvalit\u0101te augst\u0101ka par samaks\u0101to naudu&#8221;.<\/em> MMK Serviss pied\u0101v\u0101 vienas no lab\u0101kaj\u0101m bud\u017eeta klases riep\u0101m Westlake. Eirop\u0101 un Latvij\u0101 paz\u012bstams jau vair\u0101k k\u0101 12 gadus. Westlake ir uzticams riepu ra\u017eot\u0101js, sevi ir pier\u0101d\u012bjis ar augstu kvalit\u0101ti par \u013coti labu cenu. \u013boti laba kvalit\u0101tes un cenas attiec\u012bba. <strong>Westlake SA37 Sport<\/strong>\u00a0\u012bpa\u0161\u012bbas: + sportiskas riepas \u013coti labi sa\u0137eres r\u0101d\u012bt\u0101ji, stabilit\u0101te l\u012bkumos + \u012bss bremz\u0113\u0161anas ce\u013c\u0161 + degvielas ekonomija, zema rites pretest\u012bba + klusas riepas + augsta triecieniztur\u012bba\u00a0pasarg\u0101s riepu no p\u0101rsi\u0161anas bedr\u0113s + riepas izce\u013c\u0101s ar zemiem dilst\u012bbas r\u0101d\u012bt\u0101jiem, kas noz\u012bm\u0113 daudzu t\u016bksto\u0161u kilometru nobraukumu + izteikta disku izsargmala + Dro\u0161a vad\u0101m\u012bb\u0101 gan uz sausa, gan mitra seguma + augsta notur\u012bba pret akvaplan\u0113\u0161anu + garantija <strong>Rekomend\u0113jam \u0161o modeli! &#8221;<\/strong><em>Augsta kvalit\u0101te par zemu cenu.&#8221;\u00a0<\/em><\/p>\n","protected":false},"excerpt":{"rendered":"<h2>Vasaras riepas\u00a0Westlake SU318 H\/T<\/h2>\n<p>\u00a0 Riepu ra\u017eot\u0101js:<strong>\u00a0Westlake<\/strong> Riepu modelis: <strong>SU318 H\/T<\/strong> Pieejami visi izm\u0113ri! <strong>MMK Serviss nov\u0113rt\u0113jums:<\/strong>\u00a0<em>&#8221;Labas vasaras riepas par \u013coti labu cenu. Kvalit\u0101te augst\u0101ka par samaks\u0101to naudu&#8221;.<\/em> MMK Serviss pied\u0101v\u0101 vienas no lab\u0101kaj\u0101m bud\u017eeta klases riep\u0101m Westlake. Eirop\u0101 un Latvij\u0101 paz\u012bstams jau vair\u0101k k\u0101 12 gadus.<\/p>\n","protected":false},"featured_media":116210,"template":"","meta":{"_acf_changed":false,"ngg_post_thumbnail":0},"product_brand":[],"product_cat":[46],"product_tag":[],"class_list":{"0":"post-284986","1":"product","2":"type-product","3":"status-publish","4":"has-post-thumbnail","6":"product_cat-vasaras-riepas","8":"first","9":"instock","10":"taxable","11":"shipping-taxable","12":"product-type-simple"},"acf":[],"yoast_head":"<!-- This site is optimized with the Yoast SEO Premium plugin v22.6 (Yoast SEO v27.3) - https:\/\/yoast.com\/product\/yoast-seo-premium-wordpress\/ -->\n<title>235\/75R15 Westlake SU318 H\/T 105H &#8226; MMK Riepas<\/title>\n<meta name=\"robots\" content=\"index, follow, max-snippet:-1, max-image-preview:large, max-video-preview:-1\" \/>\n<link rel=\"canonical\" href=\"https:\/\/mmkriepas.lv\/en\/p\/235-75r15-westlake-su318-h-t-105h-2\/\" \/>\n<meta property=\"og:locale\" content=\"en_US\" \/>\n<meta property=\"og:type\" content=\"article\" \/>\n<meta property=\"og:title\" content=\"235\/75R15 Westlake SU318 H\/T 105H\" \/>\n<meta property=\"og:description\" content=\"Vasaras riepas\u00a0Westlake SU318 H\/T\u00a0 Riepu ra\u017eot\u0101js:\u00a0Westlake Riepu modelis: SU318 H\/T Pieejami visi izm\u0113ri! MMK Serviss nov\u0113rt\u0113jums:\u00a0&#039;&#039;Labas vasaras riepas par \u013coti labu cenu. Kvalit\u0101te augst\u0101ka par samaks\u0101to naudu&#039;&#039;. MMK Serviss pied\u0101v\u0101 vienas no lab\u0101kaj\u0101m bud\u017eeta klases riep\u0101m Westlake. Eirop\u0101 un Latvij\u0101 paz\u012bstams jau vair\u0101k k\u0101 12 gadus.\" \/>\n<meta property=\"og:url\" content=\"https:\/\/mmkriepas.lv\/en\/p\/235-75r15-westlake-su318-h-t-105h-2\/\" \/>\n<meta property=\"og:site_name\" content=\"MMK Riepas\" \/>\n<meta property=\"article:publisher\" content=\"https:\/\/www.facebook.com\/mmkserviss\/\" \/>\n<meta property=\"article:modified_time\" content=\"2024-08-06T11:53:12+00:00\" \/>\n<meta property=\"og:image\" content=\"https:\/\/mmkriepas.lv\/wp-content\/uploads\/2020\/03\/27540r20-westlake-su318-ht-106v-xl-vasaras-riepas.jpg\" \/>\n\t<meta property=\"og:image:width\" content=\"1920\" \/>\n\t<meta property=\"og:image:height\" content=\"1560\" \/>\n\t<meta property=\"og:image:type\" content=\"image\/jpeg\" \/>\n<meta name=\"twitter:card\" content=\"summary_large_image\" \/>\n<meta name=\"twitter:label1\" content=\"Price\" \/>\n\t<meta name=\"twitter:data1\" content=\"&euro;89.00\" \/>\n\t<meta name=\"twitter:label2\" content=\"Availability\" \/>\n\t<meta name=\"twitter:data2\" content=\"In stock\" \/>\n<script type=\"application\/ld+json\" class=\"yoast-schema-graph\">{\"@context\":\"https:\\\/\\\/schema.org\",\"@graph\":[{\"@type\":\"WebPage\",\"@id\":\"https:\\\/\\\/mmkriepas.lv\\\/en\\\/p\\\/235-75r15-westlake-su318-h-t-105h-2\\\/\",\"url\":\"https:\\\/\\\/mmkriepas.lv\\\/en\\\/p\\\/235-75r15-westlake-su318-h-t-105h-2\\\/\",\"name\":\"235\\\/75R15 Westlake SU318 H\\\/T 105H &#8226; MMK Riepas\",\"isPartOf\":{\"@id\":\"https:\\\/\\\/mmkriepas.lv\\\/en\\\/#website\"},\"primaryImageOfPage\":{\"@id\":\"https:\\\/\\\/mmkriepas.lv\\\/en\\\/p\\\/235-75r15-westlake-su318-h-t-105h-2\\\/#primaryimage\"},\"image\":{\"@id\":\"https:\\\/\\\/mmkriepas.lv\\\/en\\\/p\\\/235-75r15-westlake-su318-h-t-105h-2\\\/#primaryimage\"},\"thumbnailUrl\":\"https:\\\/\\\/mmkriepas.lv\\\/wp-content\\\/uploads\\\/2020\\\/03\\\/27540r20-westlake-su318-ht-106v-xl-vasaras-riepas.jpg\",\"datePublished\":\"2022-08-16T00:33:28+00:00\",\"dateModified\":\"2024-08-06T11:53:12+00:00\",\"breadcrumb\":{\"@id\":\"https:\\\/\\\/mmkriepas.lv\\\/en\\\/p\\\/235-75r15-westlake-su318-h-t-105h-2\\\/#breadcrumb\"},\"inLanguage\":\"en-US\",\"potentialAction\":[{\"@type\":\"ReadAction\",\"target\":[\"https:\\\/\\\/mmkriepas.lv\\\/en\\\/p\\\/235-75r15-westlake-su318-h-t-105h-2\\\/\"]}]},{\"@type\":\"ImageObject\",\"inLanguage\":\"en-US\",\"@id\":\"https:\\\/\\\/mmkriepas.lv\\\/en\\\/p\\\/235-75r15-westlake-su318-h-t-105h-2\\\/#primaryimage\",\"url\":\"https:\\\/\\\/mmkriepas.lv\\\/wp-content\\\/uploads\\\/2020\\\/03\\\/27540r20-westlake-su318-ht-106v-xl-vasaras-riepas.jpg\",\"contentUrl\":\"https:\\\/\\\/mmkriepas.lv\\\/wp-content\\\/uploads\\\/2020\\\/03\\\/27540r20-westlake-su318-ht-106v-xl-vasaras-riepas.jpg\",\"width\":1920,\"height\":1560,\"caption\":\"275\\\/40R20 Westlake SU318 H\\\/T 106V XL - Vasaras riepas\"},{\"@type\":\"BreadcrumbList\",\"@id\":\"https:\\\/\\\/mmkriepas.lv\\\/en\\\/p\\\/235-75r15-westlake-su318-h-t-105h-2\\\/#breadcrumb\",\"itemListElement\":[{\"@type\":\"ListItem\",\"position\":1,\"name\":\"S\u0101kums\",\"item\":\"https:\\\/\\\/mmkriepas.lv\\\/en\\\/\"},{\"@type\":\"ListItem\",\"position\":2,\"name\":\"235\\\/75R15 Westlake SU318 H\\\/T 105H\"}]},{\"@type\":\"WebSite\",\"@id\":\"https:\\\/\\\/mmkriepas.lv\\\/en\\\/#website\",\"url\":\"https:\\\/\\\/mmkriepas.lv\\\/en\\\/\",\"name\":\"MMK Riepas\",\"description\":\"MMK Riepas\",\"alternateName\":\"MMK Riepu Serviss\",\"potentialAction\":[{\"@type\":\"SearchAction\",\"target\":{\"@type\":\"EntryPoint\",\"urlTemplate\":\"https:\\\/\\\/mmkriepas.lv\\\/en\\\/?s={search_term_string}\"},\"query-input\":{\"@type\":\"PropertyValueSpecification\",\"valueRequired\":true,\"valueName\":\"search_term_string\"}}],\"inLanguage\":\"en-US\"},{\"@type\":\"ImageObject\",\"inLanguage\":\"en-US\",\"@id\":\"https:\\\/\\\/mmkriepas.lv\\\/en\\\/p\\\/235-75r15-westlake-su318-h-t-105h-2\\\/#local-main-organization-logo\",\"url\":\"\",\"contentUrl\":\"\",\"caption\":\"MMK Riepas\"}]}<\/script>\n<meta property=\"product:brand\" content=\"Westlake SU318 H\/T\" \/>\n<meta property=\"product:price:amount\" content=\"89.00\" \/>\n<meta property=\"product:price:currency\" content=\"EUR\" \/>\n<meta property=\"og:availability\" content=\"instock\" \/>\n<meta property=\"product:availability\" content=\"instock\" \/>\n<meta property=\"product:retailer_item_id\" content=\"TS2357515WESTL-L4337\" \/>\n<meta property=\"product:condition\" content=\"new\" \/>\n<!-- \/ Yoast SEO Premium plugin. -->","yoast_head_json":{"title":"235\/75R15 Westlake SU318 H\/T 105H &#8226; MMK Riepas","robots":{"index":"index","follow":"follow","max-snippet":"max-snippet:-1","max-image-preview":"max-image-preview:large","max-video-preview":"max-video-preview:-1"},"canonical":"https:\/\/mmkriepas.lv\/en\/p\/235-75r15-westlake-su318-h-t-105h-2\/","og_locale":"en_US","og_type":"article","og_title":"235\/75R15 Westlake SU318 H\/T 105H","og_description":"Vasaras riepas\u00a0Westlake SU318 H\/T\u00a0 Riepu ra\u017eot\u0101js:\u00a0Westlake Riepu modelis: SU318 H\/T Pieejami visi izm\u0113ri! MMK Serviss nov\u0113rt\u0113jums:\u00a0''Labas vasaras riepas par \u013coti labu cenu. Kvalit\u0101te augst\u0101ka par samaks\u0101to naudu''. MMK Serviss pied\u0101v\u0101 vienas no lab\u0101kaj\u0101m bud\u017eeta klases riep\u0101m Westlake. Eirop\u0101 un Latvij\u0101 paz\u012bstams jau vair\u0101k k\u0101 12 gadus.","og_url":"https:\/\/mmkriepas.lv\/en\/p\/235-75r15-westlake-su318-h-t-105h-2\/","og_site_name":"MMK Riepas","article_publisher":"https:\/\/www.facebook.com\/mmkserviss\/","article_modified_time":"2024-08-06T11:53:12+00:00","og_image":[{"width":1920,"height":1560,"url":"https:\/\/mmkriepas.lv\/wp-content\/uploads\/2020\/03\/27540r20-westlake-su318-ht-106v-xl-vasaras-riepas.jpg","type":"image\/jpeg"}],"twitter_card":"summary_large_image","twitter_misc":{"Price":"&euro;89.00","Availability":"In stock"},"schema":{"@context":"https:\/\/schema.org","@graph":[{"@type":"WebPage","@id":"https:\/\/mmkriepas.lv\/en\/p\/235-75r15-westlake-su318-h-t-105h-2\/","url":"https:\/\/mmkriepas.lv\/en\/p\/235-75r15-westlake-su318-h-t-105h-2\/","name":"235\/75R15 Westlake SU318 H\/T 105H &#8226; MMK Riepas","isPartOf":{"@id":"https:\/\/mmkriepas.lv\/en\/#website"},"primaryImageOfPage":{"@id":"https:\/\/mmkriepas.lv\/en\/p\/235-75r15-westlake-su318-h-t-105h-2\/#primaryimage"},"image":{"@id":"https:\/\/mmkriepas.lv\/en\/p\/235-75r15-westlake-su318-h-t-105h-2\/#primaryimage"},"thumbnailUrl":"https:\/\/mmkriepas.lv\/wp-content\/uploads\/2020\/03\/27540r20-westlake-su318-ht-106v-xl-vasaras-riepas.jpg","datePublished":"2022-08-16T00:33:28+00:00","dateModified":"2024-08-06T11:53:12+00:00","breadcrumb":{"@id":"https:\/\/mmkriepas.lv\/en\/p\/235-75r15-westlake-su318-h-t-105h-2\/#breadcrumb"},"inLanguage":"en-US","potentialAction":[{"@type":"ReadAction","target":["https:\/\/mmkriepas.lv\/en\/p\/235-75r15-westlake-su318-h-t-105h-2\/"]}]},{"@type":"ImageObject","inLanguage":"en-US","@id":"https:\/\/mmkriepas.lv\/en\/p\/235-75r15-westlake-su318-h-t-105h-2\/#primaryimage","url":"https:\/\/mmkriepas.lv\/wp-content\/uploads\/2020\/03\/27540r20-westlake-su318-ht-106v-xl-vasaras-riepas.jpg","contentUrl":"https:\/\/mmkriepas.lv\/wp-content\/uploads\/2020\/03\/27540r20-westlake-su318-ht-106v-xl-vasaras-riepas.jpg","width":1920,"height":1560,"caption":"275\/40R20 Westlake SU318 H\/T 106V XL - Vasaras riepas"},{"@type":"BreadcrumbList","@id":"https:\/\/mmkriepas.lv\/en\/p\/235-75r15-westlake-su318-h-t-105h-2\/#breadcrumb","itemListElement":[{"@type":"ListItem","position":1,"name":"S\u0101kums","item":"https:\/\/mmkriepas.lv\/en\/"},{"@type":"ListItem","position":2,"name":"235\/75R15 Westlake SU318 H\/T 105H"}]},{"@type":"WebSite","@id":"https:\/\/mmkriepas.lv\/en\/#website","url":"https:\/\/mmkriepas.lv\/en\/","name":"MMK Riepas","description":"MMK Riepas","alternateName":"MMK Riepu Serviss","potentialAction":[{"@type":"SearchAction","target":{"@type":"EntryPoint","urlTemplate":"https:\/\/mmkriepas.lv\/en\/?s={search_term_string}"},"query-input":{"@type":"PropertyValueSpecification","valueRequired":true,"valueName":"search_term_string"}}],"inLanguage":"en-US"},{"@type":"ImageObject","inLanguage":"en-US","@id":"https:\/\/mmkriepas.lv\/en\/p\/235-75r15-westlake-su318-h-t-105h-2\/#local-main-organization-logo","url":"","contentUrl":"","caption":"MMK Riepas"}]},"product_brand":"Westlake SU318 H\/T","product_price_amount":"89.00","product_price_currency":"EUR","og_availability":"instock","product_availability":"instock","product_retailer_item_id":"TS2357515WESTL-L4337","product_condition":"new"},"_links":{"self":[{"href":"https:\/\/mmkriepas.lv\/en\/wp-json\/wp\/v2\/product\/284986","targetHints":{"allow":["GET"]}}],"collection":[{"href":"https:\/\/mmkriepas.lv\/en\/wp-json\/wp\/v2\/product"}],"about":[{"href":"https:\/\/mmkriepas.lv\/en\/wp-json\/wp\/v2\/types\/product"}],"wp:featuredmedia":[{"embeddable":true,"href":"https:\/\/mmkriepas.lv\/en\/wp-json\/wp\/v2\/media\/116210"}],"wp:attachment":[{"href":"https:\/\/mmkriepas.lv\/en\/wp-json\/wp\/v2\/media?parent=284986"}],"wp:term":[{"taxonomy":"product_brand","embeddable":true,"href":"https:\/\/mmkriepas.lv\/en\/wp-json\/wp\/v2\/product_brand?post=284986"},{"taxonomy":"product_cat","embeddable":true,"href":"https:\/\/mmkriepas.lv\/en\/wp-json\/wp\/v2\/product_cat?post=284986"},{"taxonomy":"product_tag","embeddable":true,"href":"https:\/\/mmkriepas.lv\/en\/wp-json\/wp\/v2\/product_tag?post=284986"}],"curies":[{"name":"wp","href":"https:\/\/api.w.org\/{rel}","templated":true}]}}