{"id":284799,"date":"2022-08-16T03:25:18","date_gmt":"2022-08-16T00:25:18","guid":{"rendered":"https:\/\/mmkserviss.lv\/?post_type=product&#038;p=284799"},"modified":"2026-03-20T15:58:29","modified_gmt":"2026-03-20T13:58:29","slug":"245-35r21-rotalla-rs01-96y-xl-2","status":"publish","type":"product","link":"https:\/\/mmkriepas.lv\/en\/p\/245-35r21-rotalla-rs01-96y-xl-2\/","title":{"rendered":"245\/35R21 Rotalla Setula S-Race RS01+ 96Y XL"},"content":{"rendered":"<p><b><span style=\"font-family: 'Arial',sans-serif;\">Rotalla Setula S-Race RS01+<\/span><\/b><span style=\"font-family: 'Arial',sans-serif;\"> &#8211; augstas veiktsp\u0113jas jeb UHP vasaras riepu modelis, kas paredz\u0113ts m\u016bsdienu sportiskajiem apvidus auto jeb SUV.<\/span><o:p><\/o:p><\/p>\n<h3><span style=\"font-family: 'Arial',sans-serif;\">Setula S-Race RS01+ galven\u0101s \u012bpa\u0161\u012bbas<\/span><o:p><\/o:p><\/h3>\n<p><span style=\"font-family: 'Arial',sans-serif;\">+ Paaugstin\u0101ta veiktsp\u0113ja uz sausa un slapja asfalta pat lielos brauk\u0161anas \u0101trumos.<\/span> <o:p><\/o:p><\/p>\n<p><span style=\"font-family: 'Arial',sans-serif;\">+ Palielin\u0101ta nodilumiztur\u012bba.<\/span> <o:p><\/o:p><\/p>\n<p><span style=\"font-family: 'Arial',sans-serif;\">+ Teicama cenas un veiktsp\u0113jas attiec\u012bba.<\/span> <o:p><\/o:p><\/p>\n<p><span style=\"font-family: 'Arial',sans-serif;\">+ Degvielas ekonomija.<\/span> <o:p><\/o:p><\/p>\n<p><span style=\"font-family: 'Arial',sans-serif;\">+ Paaugstin\u0101ts brauk\u0161anas un akustiskais komforts.<\/span><o:p><\/o:p><\/p>\n<h3><span style=\"font-family: 'Arial',sans-serif;\">Setula S-Race RS01+ apr\u012bkojums<\/span><o:p><\/o:p><\/h3>\n<p><b><span style=\"font-family: 'Arial',sans-serif;\">Rotalla Setula S-Race RS01+ <\/span><\/b><span style=\"font-family: 'Arial',sans-serif;\">vasaras riepas apr\u012bkotas ar klasisku asimetrisko protektora rakstu. Starp t\u0101 gareniskaj\u0101m protektora virkn\u0113m izvietotas pla\u0161as dren\u0101\u017eas jeb \u016bdens novadrievas, samazinot akvaplan\u0113\u0161anas risku un uzlabojot akustisko komfortu.<\/span> <span style=\"font-family: 'Arial',sans-serif;\">Asimetriskais protektors darin\u0101ts no augstv\u0113rt\u012bga gumijas kompoz\u012btmateri\u0101la. T\u0101 sast\u0101vam pievienota virkne elastrom\u0113ru, kas pal\u012bdz saglab\u0101t elast\u012bbu un formu paaugstin\u0101tas slodzes un temperat\u016bras apst\u0101k\u013cos.<\/span><o:p><\/o:p><\/p>\n","protected":false},"excerpt":{"rendered":"<p><b><span style=\"font-family: 'Arial',sans-serif;\">Rotalla Setula S-Race RS01+<\/span><\/b><span style=\"font-family: 'Arial',sans-serif;\"> &#8211; augstas veiktsp\u0113jas jeb UHP vasaras riepu modelis, kas paredz\u0113ts m\u016bsdienu sportiskajiem apvidus auto jeb SUV.<\/span><o:p><\/o:p><\/p>\n","protected":false},"featured_media":890737,"template":"","meta":{"_acf_changed":false,"ngg_post_thumbnail":0},"product_brand":[],"product_cat":[46],"product_tag":[],"class_list":{"0":"post-284799","1":"product","2":"type-product","3":"status-publish","4":"has-post-thumbnail","6":"product_cat-vasaras-riepas","8":"first","9":"instock","10":"taxable","11":"shipping-taxable","12":"product-type-simple"},"acf":[],"yoast_head":"<!-- This site is optimized with the Yoast SEO Premium plugin v22.6 (Yoast SEO v27.3) - https:\/\/yoast.com\/product\/yoast-seo-premium-wordpress\/ -->\n<title>245\/35R21 Rotalla Setula S-Race RS01+ 96Y XL &#8226; MMK Riepas<\/title>\n<meta name=\"description\" content=\"Augstas veiktsp\u0113jas jeb UHP vasaras riepu modelis, kas paredz\u0113ts m\u016bsdienu sportiskajiem apvidus auto jeb SUV.\" \/>\n<meta name=\"robots\" content=\"index, follow, max-snippet:-1, max-image-preview:large, max-video-preview:-1\" \/>\n<link rel=\"canonical\" href=\"https:\/\/mmkriepas.lv\/en\/p\/245-35r21-rotalla-rs01-96y-xl-2\/\" \/>\n<meta property=\"og:locale\" content=\"en_US\" \/>\n<meta property=\"og:type\" content=\"article\" \/>\n<meta property=\"og:title\" content=\"245\/35R21 Rotalla Setula S-Race RS01+ 96Y XL\" \/>\n<meta property=\"og:description\" content=\"Augstas veiktsp\u0113jas jeb UHP vasaras riepu modelis, kas paredz\u0113ts m\u016bsdienu sportiskajiem apvidus auto jeb SUV.\" \/>\n<meta property=\"og:url\" content=\"https:\/\/mmkriepas.lv\/en\/p\/245-35r21-rotalla-rs01-96y-xl-2\/\" \/>\n<meta property=\"og:site_name\" content=\"MMK Riepas\" \/>\n<meta property=\"article:publisher\" content=\"https:\/\/www.facebook.com\/mmkserviss\/\" \/>\n<meta property=\"article:modified_time\" content=\"2026-03-20T13:58:29+00:00\" \/>\n<meta property=\"og:image\" content=\"https:\/\/mmkriepas.lv\/wp-content\/uploads\/2024\/04\/24535r21-rotalla-setula-s-race-rs01-96y-xl-vasaras-riepas.jpg\" \/>\n\t<meta property=\"og:image:width\" content=\"1000\" \/>\n\t<meta property=\"og:image:height\" content=\"694\" \/>\n\t<meta property=\"og:image:type\" content=\"image\/jpeg\" \/>\n<meta name=\"twitter:card\" content=\"summary_large_image\" \/>\n<meta name=\"twitter:label1\" content=\"Price\" \/>\n\t<meta name=\"twitter:data1\" content=\"&euro;107.00\" \/>\n\t<meta name=\"twitter:label2\" content=\"Availability\" \/>\n\t<meta name=\"twitter:data2\" content=\"In stock\" \/>\n<script type=\"application\/ld+json\" class=\"yoast-schema-graph\">{\"@context\":\"https:\\\/\\\/schema.org\",\"@graph\":[{\"@type\":\"WebPage\",\"@id\":\"https:\\\/\\\/mmkriepas.lv\\\/en\\\/p\\\/245-35r21-rotalla-rs01-96y-xl-2\\\/\",\"url\":\"https:\\\/\\\/mmkriepas.lv\\\/en\\\/p\\\/245-35r21-rotalla-rs01-96y-xl-2\\\/\",\"name\":\"245\\\/35R21 Rotalla Setula S-Race RS01+ 96Y XL &#8226; MMK Riepas\",\"isPartOf\":{\"@id\":\"https:\\\/\\\/mmkriepas.lv\\\/en\\\/#website\"},\"primaryImageOfPage\":{\"@id\":\"https:\\\/\\\/mmkriepas.lv\\\/en\\\/p\\\/245-35r21-rotalla-rs01-96y-xl-2\\\/#primaryimage\"},\"image\":{\"@id\":\"https:\\\/\\\/mmkriepas.lv\\\/en\\\/p\\\/245-35r21-rotalla-rs01-96y-xl-2\\\/#primaryimage\"},\"thumbnailUrl\":\"https:\\\/\\\/mmkriepas.lv\\\/wp-content\\\/uploads\\\/2024\\\/04\\\/24535r21-rotalla-setula-s-race-rs01-96y-xl-vasaras-riepas.jpg\",\"datePublished\":\"2022-08-16T00:25:18+00:00\",\"dateModified\":\"2026-03-20T13:58:29+00:00\",\"description\":\"Augstas veiktsp\u0113jas jeb UHP vasaras riepu modelis, kas paredz\u0113ts m\u016bsdienu sportiskajiem apvidus auto jeb SUV.\",\"breadcrumb\":{\"@id\":\"https:\\\/\\\/mmkriepas.lv\\\/en\\\/p\\\/245-35r21-rotalla-rs01-96y-xl-2\\\/#breadcrumb\"},\"inLanguage\":\"en-US\",\"potentialAction\":[{\"@type\":\"ReadAction\",\"target\":[\"https:\\\/\\\/mmkriepas.lv\\\/en\\\/p\\\/245-35r21-rotalla-rs01-96y-xl-2\\\/\"]}]},{\"@type\":\"ImageObject\",\"inLanguage\":\"en-US\",\"@id\":\"https:\\\/\\\/mmkriepas.lv\\\/en\\\/p\\\/245-35r21-rotalla-rs01-96y-xl-2\\\/#primaryimage\",\"url\":\"https:\\\/\\\/mmkriepas.lv\\\/wp-content\\\/uploads\\\/2024\\\/04\\\/24535r21-rotalla-setula-s-race-rs01-96y-xl-vasaras-riepas.jpg\",\"contentUrl\":\"https:\\\/\\\/mmkriepas.lv\\\/wp-content\\\/uploads\\\/2024\\\/04\\\/24535r21-rotalla-setula-s-race-rs01-96y-xl-vasaras-riepas.jpg\",\"width\":1000,\"height\":694,\"caption\":\"MAIN\"},{\"@type\":\"BreadcrumbList\",\"@id\":\"https:\\\/\\\/mmkriepas.lv\\\/en\\\/p\\\/245-35r21-rotalla-rs01-96y-xl-2\\\/#breadcrumb\",\"itemListElement\":[{\"@type\":\"ListItem\",\"position\":1,\"name\":\"S\u0101kums\",\"item\":\"https:\\\/\\\/mmkriepas.lv\\\/en\\\/\"},{\"@type\":\"ListItem\",\"position\":2,\"name\":\"245\\\/35R21 Rotalla Setula S-Race RS01+ 96Y XL\"}]},{\"@type\":\"WebSite\",\"@id\":\"https:\\\/\\\/mmkriepas.lv\\\/en\\\/#website\",\"url\":\"https:\\\/\\\/mmkriepas.lv\\\/en\\\/\",\"name\":\"MMK Riepas\",\"description\":\"MMK Riepas\",\"alternateName\":\"MMK Riepu Serviss\",\"potentialAction\":[{\"@type\":\"SearchAction\",\"target\":{\"@type\":\"EntryPoint\",\"urlTemplate\":\"https:\\\/\\\/mmkriepas.lv\\\/en\\\/?s={search_term_string}\"},\"query-input\":{\"@type\":\"PropertyValueSpecification\",\"valueRequired\":true,\"valueName\":\"search_term_string\"}}],\"inLanguage\":\"en-US\"},{\"@type\":\"ImageObject\",\"inLanguage\":\"en-US\",\"@id\":\"https:\\\/\\\/mmkriepas.lv\\\/en\\\/p\\\/245-35r21-rotalla-rs01-96y-xl-2\\\/#local-main-organization-logo\",\"url\":\"\",\"contentUrl\":\"\",\"caption\":\"MMK Riepas\"}]}<\/script>\n<meta property=\"product:brand\" content=\"Rotalla Setula S-Race RS01+\" \/>\n<meta property=\"product:price:amount\" content=\"107.00\" \/>\n<meta property=\"product:price:currency\" content=\"EUR\" \/>\n<meta property=\"og:availability\" content=\"instock\" \/>\n<meta property=\"product:availability\" content=\"instock\" \/>\n<meta property=\"product:retailer_item_id\" content=\"TS2453521ROTAL-L4274\" \/>\n<meta property=\"product:condition\" content=\"new\" \/>\n<!-- \/ Yoast SEO Premium plugin. -->","yoast_head_json":{"title":"245\/35R21 Rotalla Setula S-Race RS01+ 96Y XL &#8226; MMK Riepas","description":"Augstas veiktsp\u0113jas jeb UHP vasaras riepu modelis, kas paredz\u0113ts m\u016bsdienu sportiskajiem apvidus auto jeb SUV.","robots":{"index":"index","follow":"follow","max-snippet":"max-snippet:-1","max-image-preview":"max-image-preview:large","max-video-preview":"max-video-preview:-1"},"canonical":"https:\/\/mmkriepas.lv\/en\/p\/245-35r21-rotalla-rs01-96y-xl-2\/","og_locale":"en_US","og_type":"article","og_title":"245\/35R21 Rotalla Setula S-Race RS01+ 96Y XL","og_description":"Augstas veiktsp\u0113jas jeb UHP vasaras riepu modelis, kas paredz\u0113ts m\u016bsdienu sportiskajiem apvidus auto jeb SUV.","og_url":"https:\/\/mmkriepas.lv\/en\/p\/245-35r21-rotalla-rs01-96y-xl-2\/","og_site_name":"MMK Riepas","article_publisher":"https:\/\/www.facebook.com\/mmkserviss\/","article_modified_time":"2026-03-20T13:58:29+00:00","og_image":[{"width":1000,"height":694,"url":"https:\/\/mmkriepas.lv\/wp-content\/uploads\/2024\/04\/24535r21-rotalla-setula-s-race-rs01-96y-xl-vasaras-riepas.jpg","type":"image\/jpeg"}],"twitter_card":"summary_large_image","twitter_misc":{"Price":"&euro;107.00","Availability":"In stock"},"schema":{"@context":"https:\/\/schema.org","@graph":[{"@type":"WebPage","@id":"https:\/\/mmkriepas.lv\/en\/p\/245-35r21-rotalla-rs01-96y-xl-2\/","url":"https:\/\/mmkriepas.lv\/en\/p\/245-35r21-rotalla-rs01-96y-xl-2\/","name":"245\/35R21 Rotalla Setula S-Race RS01+ 96Y XL &#8226; MMK Riepas","isPartOf":{"@id":"https:\/\/mmkriepas.lv\/en\/#website"},"primaryImageOfPage":{"@id":"https:\/\/mmkriepas.lv\/en\/p\/245-35r21-rotalla-rs01-96y-xl-2\/#primaryimage"},"image":{"@id":"https:\/\/mmkriepas.lv\/en\/p\/245-35r21-rotalla-rs01-96y-xl-2\/#primaryimage"},"thumbnailUrl":"https:\/\/mmkriepas.lv\/wp-content\/uploads\/2024\/04\/24535r21-rotalla-setula-s-race-rs01-96y-xl-vasaras-riepas.jpg","datePublished":"2022-08-16T00:25:18+00:00","dateModified":"2026-03-20T13:58:29+00:00","description":"Augstas veiktsp\u0113jas jeb UHP vasaras riepu modelis, kas paredz\u0113ts m\u016bsdienu sportiskajiem apvidus auto jeb SUV.","breadcrumb":{"@id":"https:\/\/mmkriepas.lv\/en\/p\/245-35r21-rotalla-rs01-96y-xl-2\/#breadcrumb"},"inLanguage":"en-US","potentialAction":[{"@type":"ReadAction","target":["https:\/\/mmkriepas.lv\/en\/p\/245-35r21-rotalla-rs01-96y-xl-2\/"]}]},{"@type":"ImageObject","inLanguage":"en-US","@id":"https:\/\/mmkriepas.lv\/en\/p\/245-35r21-rotalla-rs01-96y-xl-2\/#primaryimage","url":"https:\/\/mmkriepas.lv\/wp-content\/uploads\/2024\/04\/24535r21-rotalla-setula-s-race-rs01-96y-xl-vasaras-riepas.jpg","contentUrl":"https:\/\/mmkriepas.lv\/wp-content\/uploads\/2024\/04\/24535r21-rotalla-setula-s-race-rs01-96y-xl-vasaras-riepas.jpg","width":1000,"height":694,"caption":"MAIN"},{"@type":"BreadcrumbList","@id":"https:\/\/mmkriepas.lv\/en\/p\/245-35r21-rotalla-rs01-96y-xl-2\/#breadcrumb","itemListElement":[{"@type":"ListItem","position":1,"name":"S\u0101kums","item":"https:\/\/mmkriepas.lv\/en\/"},{"@type":"ListItem","position":2,"name":"245\/35R21 Rotalla Setula S-Race RS01+ 96Y XL"}]},{"@type":"WebSite","@id":"https:\/\/mmkriepas.lv\/en\/#website","url":"https:\/\/mmkriepas.lv\/en\/","name":"MMK Riepas","description":"MMK Riepas","alternateName":"MMK Riepu Serviss","potentialAction":[{"@type":"SearchAction","target":{"@type":"EntryPoint","urlTemplate":"https:\/\/mmkriepas.lv\/en\/?s={search_term_string}"},"query-input":{"@type":"PropertyValueSpecification","valueRequired":true,"valueName":"search_term_string"}}],"inLanguage":"en-US"},{"@type":"ImageObject","inLanguage":"en-US","@id":"https:\/\/mmkriepas.lv\/en\/p\/245-35r21-rotalla-rs01-96y-xl-2\/#local-main-organization-logo","url":"","contentUrl":"","caption":"MMK Riepas"}]},"product_brand":"Rotalla Setula S-Race RS01+","product_price_amount":"107.00","product_price_currency":"EUR","og_availability":"instock","product_availability":"instock","product_retailer_item_id":"TS2453521ROTAL-L4274","product_condition":"new"},"_links":{"self":[{"href":"https:\/\/mmkriepas.lv\/en\/wp-json\/wp\/v2\/product\/284799","targetHints":{"allow":["GET"]}}],"collection":[{"href":"https:\/\/mmkriepas.lv\/en\/wp-json\/wp\/v2\/product"}],"about":[{"href":"https:\/\/mmkriepas.lv\/en\/wp-json\/wp\/v2\/types\/product"}],"wp:featuredmedia":[{"embeddable":true,"href":"https:\/\/mmkriepas.lv\/en\/wp-json\/wp\/v2\/media\/890737"}],"wp:attachment":[{"href":"https:\/\/mmkriepas.lv\/en\/wp-json\/wp\/v2\/media?parent=284799"}],"wp:term":[{"taxonomy":"product_brand","embeddable":true,"href":"https:\/\/mmkriepas.lv\/en\/wp-json\/wp\/v2\/product_brand?post=284799"},{"taxonomy":"product_cat","embeddable":true,"href":"https:\/\/mmkriepas.lv\/en\/wp-json\/wp\/v2\/product_cat?post=284799"},{"taxonomy":"product_tag","embeddable":true,"href":"https:\/\/mmkriepas.lv\/en\/wp-json\/wp\/v2\/product_tag?post=284799"}],"curies":[{"name":"wp","href":"https:\/\/api.w.org\/{rel}","templated":true}]}}