{"id":284555,"date":"2022-08-16T03:14:36","date_gmt":"2022-08-16T00:14:36","guid":{"rendered":"https:\/\/mmkserviss.lv\/?post_type=product&#038;p=284555"},"modified":"2025-04-04T16:42:33","modified_gmt":"2025-04-04T13:42:33","slug":"245-40r20-toyo-proxes-cf2-suv-99w-xl","status":"publish","type":"product","link":"https:\/\/mmkriepas.lv\/en\/p\/245-40r20-toyo-proxes-cf2-suv-99w-xl\/","title":{"rendered":"245\/40R20 Toyo Proxes CF2 SUV 99W XL DOT20"},"content":{"rendered":"<p><b>Toyo Proxes CF2 SUV<\/b> ir vasaras riepu modelis, kas paredz\u0113ts kompaktajiem pils\u0113tas krosoveriem. Modeli raksturo laba vad\u0101m\u012bba, uzlabota sa\u0137ere (pat uz slapja ce\u013ca seguma), degvielas ekonomija un brauk\u0161anas komforts. Viss iepriek\u0161min\u0113tais padara \u0161o modeli par vienu no lab\u0101kajiem risin\u0101jumiem tiem autovad\u012bt\u0101jiem, kuri p\u0101rsvar\u0101 p\u0101rvietojas pils\u0113tvid\u0113.<o:p><\/o:p><\/p>\n<p><b>Proxes CF2 SUV galven\u0101s \u012bpa\u0161\u012bbas<o:p><\/o:p><\/b><\/p>\n<p>+ papildus t\u0113rauda sl\u0101nis bortos nodro\u0161ina riepas stingr\u012bbu un uzticam\u012bbu;<o:p><\/o:p><\/p>\n<p>+ jauns gumijas mais\u012bjums uzlabo sa\u0137eri ar jebkuru ce\u013ca p\u0101rkl\u0101jumu, nodro\u0161inot lab\u0101ku pa\u0101trin\u0101jumu un bremz\u0113\u0161anu;<o:p><\/o:p><\/p>\n<p>+ uzlabota \u016bdens novadsist\u0113ma lieliski izspie\u017e s\u0137idros nokri\u0161\u0146us no saskares zonas ar ce\u013ca segumu;<o:p><\/o:p><\/p>\n<p>+ samazin\u0101ts izdal\u012bt\u0101 trok\u0161\u0146a l\u012bmanis protektora z\u012bm\u0113juma optimiz\u0101cijas d\u0113\u013c;<o:p><\/o:p><\/p>\n<p>+ labi nodilumiztur\u012bbas r\u0101d\u012bt\u0101ji, pat pie intens\u012bvas lieto\u0161anas.<o:p><\/o:p><\/p>\n<p><b>Proxes CF2 SUV protektora \u012bpa\u0161\u012bbas<o:p><\/o:p><\/b><\/p>\n<p>\u0160\u012b mode\u013ca izstr\u0101des proces\u0101 ra\u017eot\u0101js izv\u0113l\u0113j\u0101s asimetrisku protektora dizainu, kas konstrukcijas \u012bpa\u0161\u012bbu d\u0113\u013c nodro\u0161ina pat\u012bkamu brauk\u0161anu, k\u0101 ar\u012b rakstur\u012bgs ar lielisku nodilumiztur\u012bbu, kas protams pozit\u012bvi ietekm\u0113 riepu kalpo\u0161anas laiku. Turkl\u0101t, k\u0101 jau SUV mode\u013ciem rakstur\u012bgs, tas dizain\u0113ts ar papildus stingr\u012bbas elementiem, kas pozit\u012bvi ietekm\u0113 bremz\u0113\u0161anu gan uz sausa, gan mitra ce\u013ca seguma, nodro\u0161inot augstu dro\u0161\u012bbas l\u012bmeni. Protektors nodro\u0161in\u0101ts ar platiem \u016bdens izvadkan\u0101liem, pa kuriem notiek \u0101tra nokri\u0161\u0146u izspie\u0161ana. \u0160is faktors garant\u0113 riepas snieguma stabilit\u0101ti, nezaud\u0113jot veiktsp\u0113ju pat sp\u0113c\u012bg\u0101 liet\u016b.<o:p><\/o:p><\/p>\n<p>Ja sal\u012bdzinam Toyo Proxes CF2 SUV modeli ar \u0161\u012bs pa\u0161as l\u012bnijas iepriek\u0161\u0113jo paaud\u017eu mode\u013ciem, tad jaunajam ir uzlabotas bremz\u0113\u0161anas \u012bpa\u0161\u012bbas. Uzlabojumus nodro\u0161ina ne tikai jaunais gumijas mais\u012bjums, bet ar\u012b jaunu elementu ievie\u0161ana protektora s\u0101nu mal\u0101s. \u0160o abu jaunieviesumu apvienojums rezult\u0113j\u0101s bremz\u0113\u0161anas ce\u013ca sa\u012bsin\u0101jum\u0101 par 3%. Var\u0113tu \u0161\u0137ist, ka tas nav daudz, tom\u0113r re\u0101las b\u012bstam\u012bbas gad\u012bjum\u0101 tas var b\u016bt iz\u0161\u0137iro\u0161s. Ikdien\u0101 \u0161is 3% uzlabojums izpau\u017eas asos l\u012bkumos ne\u013caujot riep\u0101m izsl\u012bd\u0113t.<o:p><\/o:p><\/p>\n<p><span style=\"color: red;\">Uzman\u012bbu: vasaras riepas, kas ir ra\u017eotas \u0100zij\u0101, var b\u016bt apz\u012bm\u0113tas ar apz\u012bm\u0113jumu M+S. J\u0101\u0146em ver\u0101, ka \u0100zijas teritorija sniedzas da\u017e\u0101d\u0101s klimatiskaj\u0101s zon\u0101s, kur da\u017eviet metereolo\u0123isk\u0101 ziema t\u0101 ar\u012b neiest\u0101jas. L\u012bdz ar to, tur \u0161\u012bs riepas var izmantot visu gadu, kam\u0113r Latvij\u0101 tas nestr\u0101d\u0101!<o:p><\/o:p><\/span><\/p>\n","protected":false},"excerpt":{"rendered":"<p><b>Toyo Proxes CF2 SUV<\/b> ir vasaras riepu modelis, kas paredz\u0113ts kompaktajiem pils\u0113tas krosoveriem. Modeli raksturo laba vad\u0101m\u012bba, uzlabota sa\u0137ere (pat uz slapja ce\u013ca seguma), degvielas ekonomija un brauk\u0161anas komforts. Viss iepriek\u0161min\u0113tais padara \u0161o modeli par vienu no lab\u0101kajiem risin\u0101jumiem tiem autovad\u012bt\u0101jiem, kuri p\u0101rsvar\u0101 p\u0101rvietojas pils\u0113tvid\u0113.<o:p><\/o:p><\/p>\n","protected":false},"featured_media":120385,"template":"","meta":{"_acf_changed":false,"ngg_post_thumbnail":0},"product_brand":[],"product_cat":[46],"product_tag":[],"class_list":{"0":"post-284555","1":"product","2":"type-product","3":"status-publish","4":"has-post-thumbnail","6":"product_cat-vasaras-riepas","8":"first","9":"instock","10":"taxable","11":"shipping-taxable","12":"product-type-simple"},"acf":[],"yoast_head":"<!-- This site is optimized with the Yoast SEO Premium plugin v22.6 (Yoast SEO v27.3) - https:\/\/yoast.com\/product\/yoast-seo-premium-wordpress\/ -->\n<title>245\/40R20 Toyo Proxes CF2 SUV 99W XL DOT20 &#8226; MMK Riepas<\/title>\n<meta name=\"robots\" content=\"index, follow, max-snippet:-1, max-image-preview:large, max-video-preview:-1\" \/>\n<link rel=\"canonical\" href=\"https:\/\/mmkriepas.lv\/en\/p\/245-40r20-toyo-proxes-cf2-suv-99w-xl\/\" \/>\n<meta property=\"og:locale\" content=\"en_US\" \/>\n<meta property=\"og:type\" content=\"article\" \/>\n<meta property=\"og:title\" content=\"245\/40R20 Toyo Proxes CF2 SUV 99W XL DOT20\" \/>\n<meta property=\"og:description\" content=\"Toyo Proxes CF2 SUV ir vasaras riepu modelis, kas paredz\u0113ts kompaktajiem pils\u0113tas krosoveriem. Modeli raksturo laba vad\u0101m\u012bba, uzlabota sa\u0137ere (pat uz slapja ce\u013ca seguma), degvielas ekonomija un brauk\u0161anas komforts. Viss iepriek\u0161min\u0113tais padara \u0161o modeli par vienu no lab\u0101kajiem risin\u0101jumiem tiem autovad\u012bt\u0101jiem, kuri p\u0101rsvar\u0101 p\u0101rvietojas pils\u0113tvid\u0113.\" \/>\n<meta property=\"og:url\" content=\"https:\/\/mmkriepas.lv\/en\/p\/245-40r20-toyo-proxes-cf2-suv-99w-xl\/\" \/>\n<meta property=\"og:site_name\" content=\"MMK Riepas\" \/>\n<meta property=\"article:publisher\" content=\"https:\/\/www.facebook.com\/mmkserviss\/\" \/>\n<meta property=\"article:modified_time\" content=\"2025-04-04T13:42:33+00:00\" \/>\n<meta property=\"og:image\" content=\"https:\/\/mmkriepas.lv\/wp-content\/uploads\/2020\/03\/22555r16-toyo-proxes-cf2-95v-vasaras-riepas-2.jpg\" \/>\n\t<meta property=\"og:image:width\" content=\"1920\" \/>\n\t<meta property=\"og:image:height\" content=\"1278\" \/>\n\t<meta property=\"og:image:type\" content=\"image\/jpeg\" \/>\n<meta name=\"twitter:card\" content=\"summary_large_image\" \/>\n<meta name=\"twitter:label1\" content=\"Price\" \/>\n\t<meta name=\"twitter:data1\" content=\"&euro;149.00\" \/>\n\t<meta name=\"twitter:label2\" content=\"Availability\" \/>\n\t<meta name=\"twitter:data2\" content=\"In stock\" \/>\n<script type=\"application\/ld+json\" class=\"yoast-schema-graph\">{\"@context\":\"https:\\\/\\\/schema.org\",\"@graph\":[{\"@type\":\"WebPage\",\"@id\":\"https:\\\/\\\/mmkriepas.lv\\\/en\\\/p\\\/245-40r20-toyo-proxes-cf2-suv-99w-xl\\\/\",\"url\":\"https:\\\/\\\/mmkriepas.lv\\\/en\\\/p\\\/245-40r20-toyo-proxes-cf2-suv-99w-xl\\\/\",\"name\":\"245\\\/40R20 Toyo Proxes CF2 SUV 99W XL DOT20 &#8226; MMK Riepas\",\"isPartOf\":{\"@id\":\"https:\\\/\\\/mmkriepas.lv\\\/en\\\/#website\"},\"primaryImageOfPage\":{\"@id\":\"https:\\\/\\\/mmkriepas.lv\\\/en\\\/p\\\/245-40r20-toyo-proxes-cf2-suv-99w-xl\\\/#primaryimage\"},\"image\":{\"@id\":\"https:\\\/\\\/mmkriepas.lv\\\/en\\\/p\\\/245-40r20-toyo-proxes-cf2-suv-99w-xl\\\/#primaryimage\"},\"thumbnailUrl\":\"https:\\\/\\\/mmkriepas.lv\\\/wp-content\\\/uploads\\\/2020\\\/03\\\/22555r16-toyo-proxes-cf2-95v-vasaras-riepas-2.jpg\",\"datePublished\":\"2022-08-16T00:14:36+00:00\",\"dateModified\":\"2025-04-04T13:42:33+00:00\",\"breadcrumb\":{\"@id\":\"https:\\\/\\\/mmkriepas.lv\\\/en\\\/p\\\/245-40r20-toyo-proxes-cf2-suv-99w-xl\\\/#breadcrumb\"},\"inLanguage\":\"en-US\",\"potentialAction\":[{\"@type\":\"ReadAction\",\"target\":[\"https:\\\/\\\/mmkriepas.lv\\\/en\\\/p\\\/245-40r20-toyo-proxes-cf2-suv-99w-xl\\\/\"]}]},{\"@type\":\"ImageObject\",\"inLanguage\":\"en-US\",\"@id\":\"https:\\\/\\\/mmkriepas.lv\\\/en\\\/p\\\/245-40r20-toyo-proxes-cf2-suv-99w-xl\\\/#primaryimage\",\"url\":\"https:\\\/\\\/mmkriepas.lv\\\/wp-content\\\/uploads\\\/2020\\\/03\\\/22555r16-toyo-proxes-cf2-95v-vasaras-riepas-2.jpg\",\"contentUrl\":\"https:\\\/\\\/mmkriepas.lv\\\/wp-content\\\/uploads\\\/2020\\\/03\\\/22555r16-toyo-proxes-cf2-95v-vasaras-riepas-2.jpg\",\"width\":1920,\"height\":1278,\"caption\":\"225\\\/55R16 Toyo Proxes CF2 95V - Vasaras riepas\"},{\"@type\":\"BreadcrumbList\",\"@id\":\"https:\\\/\\\/mmkriepas.lv\\\/en\\\/p\\\/245-40r20-toyo-proxes-cf2-suv-99w-xl\\\/#breadcrumb\",\"itemListElement\":[{\"@type\":\"ListItem\",\"position\":1,\"name\":\"S\u0101kums\",\"item\":\"https:\\\/\\\/mmkriepas.lv\\\/en\\\/\"},{\"@type\":\"ListItem\",\"position\":2,\"name\":\"245\\\/40R20 Toyo Proxes CF2 SUV 99W XL DOT20\"}]},{\"@type\":\"WebSite\",\"@id\":\"https:\\\/\\\/mmkriepas.lv\\\/en\\\/#website\",\"url\":\"https:\\\/\\\/mmkriepas.lv\\\/en\\\/\",\"name\":\"MMK Riepas\",\"description\":\"MMK Riepas\",\"alternateName\":\"MMK Riepu Serviss\",\"potentialAction\":[{\"@type\":\"SearchAction\",\"target\":{\"@type\":\"EntryPoint\",\"urlTemplate\":\"https:\\\/\\\/mmkriepas.lv\\\/en\\\/?s={search_term_string}\"},\"query-input\":{\"@type\":\"PropertyValueSpecification\",\"valueRequired\":true,\"valueName\":\"search_term_string\"}}],\"inLanguage\":\"en-US\"},{\"@type\":\"ImageObject\",\"inLanguage\":\"en-US\",\"@id\":\"https:\\\/\\\/mmkriepas.lv\\\/en\\\/p\\\/245-40r20-toyo-proxes-cf2-suv-99w-xl\\\/#local-main-organization-logo\",\"url\":\"\",\"contentUrl\":\"\",\"caption\":\"MMK Riepas\"}]}<\/script>\n<meta property=\"product:brand\" content=\"Toyo Proxes CF2 SUV\" \/>\n<meta property=\"product:price:amount\" content=\"149.00\" \/>\n<meta property=\"product:price:currency\" content=\"EUR\" \/>\n<meta property=\"og:availability\" content=\"instock\" \/>\n<meta property=\"product:availability\" content=\"instock\" \/>\n<meta property=\"product:retailer_item_id\" content=\"TS2454020TOYO-L4192\" \/>\n<meta property=\"product:condition\" content=\"new\" \/>\n<!-- \/ Yoast SEO Premium plugin. -->","yoast_head_json":{"title":"245\/40R20 Toyo Proxes CF2 SUV 99W XL DOT20 &#8226; MMK Riepas","robots":{"index":"index","follow":"follow","max-snippet":"max-snippet:-1","max-image-preview":"max-image-preview:large","max-video-preview":"max-video-preview:-1"},"canonical":"https:\/\/mmkriepas.lv\/en\/p\/245-40r20-toyo-proxes-cf2-suv-99w-xl\/","og_locale":"en_US","og_type":"article","og_title":"245\/40R20 Toyo Proxes CF2 SUV 99W XL DOT20","og_description":"Toyo Proxes CF2 SUV ir vasaras riepu modelis, kas paredz\u0113ts kompaktajiem pils\u0113tas krosoveriem. Modeli raksturo laba vad\u0101m\u012bba, uzlabota sa\u0137ere (pat uz slapja ce\u013ca seguma), degvielas ekonomija un brauk\u0161anas komforts. Viss iepriek\u0161min\u0113tais padara \u0161o modeli par vienu no lab\u0101kajiem risin\u0101jumiem tiem autovad\u012bt\u0101jiem, kuri p\u0101rsvar\u0101 p\u0101rvietojas pils\u0113tvid\u0113.","og_url":"https:\/\/mmkriepas.lv\/en\/p\/245-40r20-toyo-proxes-cf2-suv-99w-xl\/","og_site_name":"MMK Riepas","article_publisher":"https:\/\/www.facebook.com\/mmkserviss\/","article_modified_time":"2025-04-04T13:42:33+00:00","og_image":[{"width":1920,"height":1278,"url":"https:\/\/mmkriepas.lv\/wp-content\/uploads\/2020\/03\/22555r16-toyo-proxes-cf2-95v-vasaras-riepas-2.jpg","type":"image\/jpeg"}],"twitter_card":"summary_large_image","twitter_misc":{"Price":"&euro;149.00","Availability":"In stock"},"schema":{"@context":"https:\/\/schema.org","@graph":[{"@type":"WebPage","@id":"https:\/\/mmkriepas.lv\/en\/p\/245-40r20-toyo-proxes-cf2-suv-99w-xl\/","url":"https:\/\/mmkriepas.lv\/en\/p\/245-40r20-toyo-proxes-cf2-suv-99w-xl\/","name":"245\/40R20 Toyo Proxes CF2 SUV 99W XL DOT20 &#8226; MMK Riepas","isPartOf":{"@id":"https:\/\/mmkriepas.lv\/en\/#website"},"primaryImageOfPage":{"@id":"https:\/\/mmkriepas.lv\/en\/p\/245-40r20-toyo-proxes-cf2-suv-99w-xl\/#primaryimage"},"image":{"@id":"https:\/\/mmkriepas.lv\/en\/p\/245-40r20-toyo-proxes-cf2-suv-99w-xl\/#primaryimage"},"thumbnailUrl":"https:\/\/mmkriepas.lv\/wp-content\/uploads\/2020\/03\/22555r16-toyo-proxes-cf2-95v-vasaras-riepas-2.jpg","datePublished":"2022-08-16T00:14:36+00:00","dateModified":"2025-04-04T13:42:33+00:00","breadcrumb":{"@id":"https:\/\/mmkriepas.lv\/en\/p\/245-40r20-toyo-proxes-cf2-suv-99w-xl\/#breadcrumb"},"inLanguage":"en-US","potentialAction":[{"@type":"ReadAction","target":["https:\/\/mmkriepas.lv\/en\/p\/245-40r20-toyo-proxes-cf2-suv-99w-xl\/"]}]},{"@type":"ImageObject","inLanguage":"en-US","@id":"https:\/\/mmkriepas.lv\/en\/p\/245-40r20-toyo-proxes-cf2-suv-99w-xl\/#primaryimage","url":"https:\/\/mmkriepas.lv\/wp-content\/uploads\/2020\/03\/22555r16-toyo-proxes-cf2-95v-vasaras-riepas-2.jpg","contentUrl":"https:\/\/mmkriepas.lv\/wp-content\/uploads\/2020\/03\/22555r16-toyo-proxes-cf2-95v-vasaras-riepas-2.jpg","width":1920,"height":1278,"caption":"225\/55R16 Toyo Proxes CF2 95V - Vasaras riepas"},{"@type":"BreadcrumbList","@id":"https:\/\/mmkriepas.lv\/en\/p\/245-40r20-toyo-proxes-cf2-suv-99w-xl\/#breadcrumb","itemListElement":[{"@type":"ListItem","position":1,"name":"S\u0101kums","item":"https:\/\/mmkriepas.lv\/en\/"},{"@type":"ListItem","position":2,"name":"245\/40R20 Toyo Proxes CF2 SUV 99W XL DOT20"}]},{"@type":"WebSite","@id":"https:\/\/mmkriepas.lv\/en\/#website","url":"https:\/\/mmkriepas.lv\/en\/","name":"MMK Riepas","description":"MMK Riepas","alternateName":"MMK Riepu Serviss","potentialAction":[{"@type":"SearchAction","target":{"@type":"EntryPoint","urlTemplate":"https:\/\/mmkriepas.lv\/en\/?s={search_term_string}"},"query-input":{"@type":"PropertyValueSpecification","valueRequired":true,"valueName":"search_term_string"}}],"inLanguage":"en-US"},{"@type":"ImageObject","inLanguage":"en-US","@id":"https:\/\/mmkriepas.lv\/en\/p\/245-40r20-toyo-proxes-cf2-suv-99w-xl\/#local-main-organization-logo","url":"","contentUrl":"","caption":"MMK Riepas"}]},"product_brand":"Toyo Proxes CF2 SUV","product_price_amount":"149.00","product_price_currency":"EUR","og_availability":"instock","product_availability":"instock","product_retailer_item_id":"TS2454020TOYO-L4192","product_condition":"new"},"_links":{"self":[{"href":"https:\/\/mmkriepas.lv\/en\/wp-json\/wp\/v2\/product\/284555","targetHints":{"allow":["GET"]}}],"collection":[{"href":"https:\/\/mmkriepas.lv\/en\/wp-json\/wp\/v2\/product"}],"about":[{"href":"https:\/\/mmkriepas.lv\/en\/wp-json\/wp\/v2\/types\/product"}],"wp:featuredmedia":[{"embeddable":true,"href":"https:\/\/mmkriepas.lv\/en\/wp-json\/wp\/v2\/media\/120385"}],"wp:attachment":[{"href":"https:\/\/mmkriepas.lv\/en\/wp-json\/wp\/v2\/media?parent=284555"}],"wp:term":[{"taxonomy":"product_brand","embeddable":true,"href":"https:\/\/mmkriepas.lv\/en\/wp-json\/wp\/v2\/product_brand?post=284555"},{"taxonomy":"product_cat","embeddable":true,"href":"https:\/\/mmkriepas.lv\/en\/wp-json\/wp\/v2\/product_cat?post=284555"},{"taxonomy":"product_tag","embeddable":true,"href":"https:\/\/mmkriepas.lv\/en\/wp-json\/wp\/v2\/product_tag?post=284555"}],"curies":[{"name":"wp","href":"https:\/\/api.w.org\/{rel}","templated":true}]}}