{"id":284272,"date":"2022-08-16T03:02:15","date_gmt":"2022-08-16T00:02:15","guid":{"rendered":"https:\/\/mmkserviss.lv\/?post_type=product&#038;p=284272"},"modified":"2024-08-06T14:48:19","modified_gmt":"2024-08-06T11:48:19","slug":"265-35r19-yokohama-advan-sport-v105s-98y-xl","status":"publish","type":"product","link":"https:\/\/mmkriepas.lv\/en\/p\/265-35r19-yokohama-advan-sport-v105s-98y-xl\/","title":{"rendered":"265\/35R19 Yokohama ADVAN Sport V105S 98Y XL RPB"},"content":{"rendered":"<p><span style=\"font-family: Times New Roman, serif;\"><span style=\"font-size: medium;\"><span style=\"color: #000000;\"><span style=\"font-family: Arial, serif;\"><span style=\"font-size: small;\"><b>Yokohama ADVAN Sport V105<\/b><\/span><\/span><\/span><span style=\"color: #000000;\"><span style=\"font-family: Arial, serif;\"><span style=\"font-size: small;\"> ir augst\u0101k\u0101s kvalit\u0101tes jeb Premium klases vasaras UHP riepu modelis. Tas rad\u012bts sadarb\u012bb\u0101 ar autokoncernu Daimler un s\u0101kotn\u0113ji paredz\u0113ts Mercedes-Benz SLK un SLS s\u0113riju standartkomplekt\u0101cijai. V\u0113rts min\u0113t, ka ar\u012b citi v\u0101cu autora\u017eot\u0101ji tie\u0161i \u0161o riepu modeli iek\u013cauj luksus klases auto standartkomplekt\u0101cij\u0101. \u0160is riepu modelis izce\u013cas ar izcil\u0101m sa\u0137eres, manevr\u0113tsp\u0113jas un komforta \u012bpa\u0161\u012bb\u0101m, k\u0101 ar\u012b ar zemu akvaplan\u0113\u0161anas risku pat lielos brauk\u0161anas \u0101trumos.<\/span><\/span><\/span><\/span><\/span><\/p>\n<h3 class=\"western\"><span style=\"color: #000000;\"><span style=\"font-family: Arial, serif;\"><span style=\"font-size: medium;\">ADVAN Sport V105 galven\u0101s iez\u012bmes<\/span><\/span><\/span><\/h3>\n<p><span style=\"font-family: Times New Roman, serif;\"><span style=\"font-size: medium;\"><span style=\"color: #000000;\"><span style=\"font-family: Arial, serif;\"><span style=\"font-size: small;\">+ \u012apa\u0161s asimetriskais protektora dizains, tand\u0113m\u0101 ar virz\u012bta stila elementiem, nodro\u0161ina izcilu brauk\u0161anas dinamikas un komforta simbiozi.<\/span><\/span><\/span><\/span><\/span><\/p>\n<p><span style=\"font-family: Times New Roman, serif;\"><span style=\"font-size: medium;\"><span style=\"color: #000000;\"><span style=\"font-family: Arial, serif;\"><span style=\"font-size: small;\">+ Izcila sa\u0137ere gan uz sausa, gan slapja asfalta.<\/span><\/span><\/span><\/span><\/span><\/p>\n<p><span style=\"font-family: Times New Roman, serif;\"><span style=\"font-size: medium;\"><span style=\"color: #000000;\"><span style=\"font-family: Arial, serif;\"><span style=\"font-size: small;\">+ Izteikts akustiskais un brauk\u0161anas gaitas komforts.<\/span><\/span><\/span><\/span><\/span><\/p>\n<p><span style=\"font-family: Times New Roman, serif;\"><span style=\"font-size: medium;\"><span style=\"color: #000000;\"><span style=\"font-family: Arial, serif;\"><span style=\"font-size: small;\">+ Degvielas ekonomija!<\/span><\/span><\/span><\/span><\/span><\/p>\n<p><span style=\"font-family: Times New Roman, serif;\"><span style=\"font-size: medium;\"><span style=\"color: #000000;\"><span style=\"font-family: Arial, serif;\"><span style=\"font-size: small;\">+ \u012apa\u0161i atvieglots riepas svars, pateicoties jaun\u0101kajiem Jap\u0101\u0146u tehnolo\u0123iskajiem risin\u0101jumiem riepas karkas\u0101 un gumijas sast\u0101v\u0101.<\/span><\/span><\/span><\/span><\/span><\/p>\n<h3 class=\"western\"><span style=\"color: #000000;\"><span style=\"font-family: Arial, serif;\"><span style=\"font-size: medium;\">ADVAN Sport V105 apr\u012bkojums<\/span><\/span><\/span><\/h3>\n<p><span style=\"font-family: Times New Roman, serif;\"><span style=\"font-size: medium;\"><span style=\"color: #000000;\"><span style=\"font-family: Arial, serif;\"><span style=\"font-size: small;\">Saist\u012bb\u0101 ar autokoncerna Daimler stingraj\u0101m pras\u012bb\u0101m, \u0161im riepu modelim izveidots jauns, unik\u0101ls asimetrisk\u0101 protektora dizains. Tas papildin\u0101ts ar virzienveida elementiem, \u013caujot vienlaikus saglab\u0101t asimetrisk\u0101 protektora komforta \u012bpa\u0161\u012bbas un virzienveida elementu dinamiskuma priek\u0161roc\u012bbas.\u00a0<\/span><\/span><\/span><\/span><\/span><\/p>\n<p><span style=\"font-family: Times New Roman, serif;\"><span style=\"font-size: medium;\"><span style=\"color: #000000;\"><span style=\"font-family: Arial, serif;\"><span style=\"font-size: small;\">Unik\u0101lais protektora dizains apr\u012bkots ar piec\u0101m mas\u012bv\u0101m gareniskaj\u0101m protektora josl\u0101m. \u0145emot v\u0113r\u0101 Daimler pras\u012bbas, riepas vid\u0113j\u0101s da\u013cas protektora joslas at\u0161\u0137iras no s\u0101nu josl\u0101m ne tikai ar dizainu, bet pat ar ciet\u012bbu. Tas at\u013c\u0101vis uzlabot stabilit\u0101ti un manevr\u0113tsp\u0113ju pat lielos brauk\u0161anas \u0101trumos.\u00a0\u00a0<\/span><\/span><\/span><\/span><\/span><\/p>\n<p><span style=\"font-family: Times New Roman, serif;\"><span style=\"font-size: medium;\"><span style=\"color: #000000;\"><span style=\"font-family: Arial, serif;\"><span style=\"font-size: small;\"><b>Yokohama ADVAN Sport V105 <\/b><\/span><\/span><\/span><span style=\"color: #000000;\"><span style=\"font-family: Arial, serif;\"><span style=\"font-size: small;\">izce\u013cas ar izciliem r\u0101d\u012bt\u0101jiem uz slapja asfalta. Tas pan\u0101kts, pateicoties augsti att\u012bst\u012btai dren\u0101\u017eas jeb \u016bdens novadkan\u0101lu sist\u0113mai. \u0160ie novadkan\u0101li \u0101tri un efekt\u012bvi atbr\u012bvo riepas protektoru no visa liek\u0101 \u016bdens, samazinot akvaplan\u0113\u0161anas risku, k\u0101 ar\u012b uzlabojot sa\u0137eri un manevr\u0113tsp\u0113ju uz slapja asfalta.\u00a0<\/span><\/span><\/span><\/span><\/span><\/p>\n<p><span style=\"font-family: Times New Roman, serif;\"><span style=\"font-size: medium;\"><span style=\"color: #000000;\"><span style=\"font-family: Arial, serif;\"><span style=\"font-size: small;\">Riepu mode\u013ca izgatavo\u0161an\u0101 izmantoti jaun\u0101k\u0101s paaudzes sint\u0113tiskie materi\u0101li. Tas at\u013c\u0101vis b\u016btiski atvieglot riepas svaru, samazinot rites pretest\u012bbu un l\u012bdz ar to &#8211; uzlabojot degvielas ekonomiju.<\/span><\/span><\/span><\/span><\/span><\/p>\n","protected":false},"excerpt":{"rendered":"<p><span style=\"font-family: Times New Roman, serif;\"><span style=\"font-size: medium;\"><span style=\"color: #000000;\"><span style=\"font-family: Arial, serif;\"><span style=\"font-size: small;\"><b>Yokohama ADVAN Sport V105<\/b><\/span><\/span><\/span><span style=\"color: #000000;\"><span style=\"font-family: Arial, serif;\"><span style=\"font-size: small;\"> ir augst\u0101k\u0101s kvalit\u0101tes jeb Premium klases vasaras UHP riepu modelis. Tas rad\u012bts sadarb\u012bb\u0101 ar autokoncernu Daimler un s\u0101kotn\u0113ji paredz\u0113ts Mercedes-Benz SLK un SLS s\u0113riju standartkomplekt\u0101cijai. V\u0113rts min\u0113t, ka ar\u012b citi v\u0101cu autora\u017eot\u0101ji tie\u0161i \u0161o riepu modeli iek\u013cauj luksus klases auto standartkomplekt\u0101cij\u0101. \u0160is riepu modelis izce\u013cas ar izcil\u0101m sa\u0137eres, manevr\u0113tsp\u0113jas un komforta \u012bpa\u0161\u012bb\u0101m, k\u0101 ar\u012b ar zemu akvaplan\u0113\u0161anas risku pat lielos brauk\u0161anas \u0101trumos.<\/span><\/span><\/span><\/span><\/span><\/p>\n","protected":false},"featured_media":866239,"template":"","meta":{"_acf_changed":false,"ngg_post_thumbnail":0},"product_brand":[],"product_cat":[46],"product_tag":[],"class_list":{"0":"post-284272","1":"product","2":"type-product","3":"status-publish","4":"has-post-thumbnail","6":"product_cat-vasaras-riepas","8":"first","9":"instock","10":"taxable","11":"shipping-taxable","12":"product-type-simple"},"acf":[],"yoast_head":"<!-- This site is optimized with the Yoast SEO Premium plugin v22.6 (Yoast SEO v27.3) - https:\/\/yoast.com\/product\/yoast-seo-premium-wordpress\/ -->\n<title>265\/35R19 Yokohama ADVAN Sport V105S 98Y XL RPB &#8226; MMK Riepas<\/title>\n<meta name=\"robots\" content=\"index, follow, max-snippet:-1, max-image-preview:large, max-video-preview:-1\" \/>\n<link rel=\"canonical\" href=\"https:\/\/mmkriepas.lv\/en\/p\/265-35r19-yokohama-advan-sport-v105s-98y-xl\/\" \/>\n<meta property=\"og:locale\" content=\"en_US\" \/>\n<meta property=\"og:type\" content=\"article\" \/>\n<meta property=\"og:title\" content=\"265\/35R19 Yokohama ADVAN Sport V105S 98Y XL RPB\" \/>\n<meta property=\"og:description\" content=\"Yokohama ADVAN Sport V105 ir augst\u0101k\u0101s kvalit\u0101tes jeb Premium klases vasaras UHP riepu modelis. Tas rad\u012bts sadarb\u012bb\u0101 ar autokoncernu Daimler un s\u0101kotn\u0113ji paredz\u0113ts Mercedes-Benz SLK un SLS s\u0113riju standartkomplekt\u0101cijai. V\u0113rts min\u0113t, ka ar\u012b citi v\u0101cu autora\u017eot\u0101ji tie\u0161i \u0161o riepu modeli iek\u013cauj luksus klases auto standartkomplekt\u0101cij\u0101. \u0160is riepu modelis izce\u013cas ar izcil\u0101m sa\u0137eres, manevr\u0113tsp\u0113jas un komforta \u012bpa\u0161\u012bb\u0101m, k\u0101 ar\u012b ar zemu akvaplan\u0113\u0161anas risku pat lielos brauk\u0161anas \u0101trumos.\" \/>\n<meta property=\"og:url\" content=\"https:\/\/mmkriepas.lv\/en\/p\/265-35r19-yokohama-advan-sport-v105s-98y-xl\/\" \/>\n<meta property=\"og:site_name\" content=\"MMK Riepas\" \/>\n<meta property=\"article:publisher\" content=\"https:\/\/www.facebook.com\/mmkserviss\/\" \/>\n<meta property=\"article:modified_time\" content=\"2024-08-06T11:48:19+00:00\" \/>\n<meta property=\"og:image\" content=\"https:\/\/mmkriepas.lv\/wp-content\/uploads\/2024\/02\/21545r17-yokohama-advan-sport-v105s-91y-xl-rpb-vasaras-riepas.jpg\" \/>\n\t<meta property=\"og:image:width\" content=\"1920\" \/>\n\t<meta property=\"og:image:height\" content=\"1440\" \/>\n\t<meta property=\"og:image:type\" content=\"image\/jpeg\" \/>\n<meta name=\"twitter:card\" content=\"summary_large_image\" \/>\n<meta name=\"twitter:label1\" content=\"Price\" \/>\n\t<meta name=\"twitter:data1\" content=\"&euro;182.00\" \/>\n\t<meta name=\"twitter:label2\" content=\"Availability\" \/>\n\t<meta name=\"twitter:data2\" content=\"In stock\" \/>\n<script type=\"application\/ld+json\" class=\"yoast-schema-graph\">{\"@context\":\"https:\\\/\\\/schema.org\",\"@graph\":[{\"@type\":\"WebPage\",\"@id\":\"https:\\\/\\\/mmkriepas.lv\\\/en\\\/p\\\/265-35r19-yokohama-advan-sport-v105s-98y-xl\\\/\",\"url\":\"https:\\\/\\\/mmkriepas.lv\\\/en\\\/p\\\/265-35r19-yokohama-advan-sport-v105s-98y-xl\\\/\",\"name\":\"265\\\/35R19 Yokohama ADVAN Sport V105S 98Y XL RPB &#8226; MMK Riepas\",\"isPartOf\":{\"@id\":\"https:\\\/\\\/mmkriepas.lv\\\/en\\\/#website\"},\"primaryImageOfPage\":{\"@id\":\"https:\\\/\\\/mmkriepas.lv\\\/en\\\/p\\\/265-35r19-yokohama-advan-sport-v105s-98y-xl\\\/#primaryimage\"},\"image\":{\"@id\":\"https:\\\/\\\/mmkriepas.lv\\\/en\\\/p\\\/265-35r19-yokohama-advan-sport-v105s-98y-xl\\\/#primaryimage\"},\"thumbnailUrl\":\"https:\\\/\\\/mmkriepas.lv\\\/wp-content\\\/uploads\\\/2024\\\/02\\\/21545r17-yokohama-advan-sport-v105s-91y-xl-rpb-vasaras-riepas.jpg\",\"datePublished\":\"2022-08-16T00:02:15+00:00\",\"dateModified\":\"2024-08-06T11:48:19+00:00\",\"breadcrumb\":{\"@id\":\"https:\\\/\\\/mmkriepas.lv\\\/en\\\/p\\\/265-35r19-yokohama-advan-sport-v105s-98y-xl\\\/#breadcrumb\"},\"inLanguage\":\"en-US\",\"potentialAction\":[{\"@type\":\"ReadAction\",\"target\":[\"https:\\\/\\\/mmkriepas.lv\\\/en\\\/p\\\/265-35r19-yokohama-advan-sport-v105s-98y-xl\\\/\"]}]},{\"@type\":\"ImageObject\",\"inLanguage\":\"en-US\",\"@id\":\"https:\\\/\\\/mmkriepas.lv\\\/en\\\/p\\\/265-35r19-yokohama-advan-sport-v105s-98y-xl\\\/#primaryimage\",\"url\":\"https:\\\/\\\/mmkriepas.lv\\\/wp-content\\\/uploads\\\/2024\\\/02\\\/21545r17-yokohama-advan-sport-v105s-91y-xl-rpb-vasaras-riepas.jpg\",\"contentUrl\":\"https:\\\/\\\/mmkriepas.lv\\\/wp-content\\\/uploads\\\/2024\\\/02\\\/21545r17-yokohama-advan-sport-v105s-91y-xl-rpb-vasaras-riepas.jpg\",\"width\":1920,\"height\":1440,\"caption\":\"MAIN\"},{\"@type\":\"BreadcrumbList\",\"@id\":\"https:\\\/\\\/mmkriepas.lv\\\/en\\\/p\\\/265-35r19-yokohama-advan-sport-v105s-98y-xl\\\/#breadcrumb\",\"itemListElement\":[{\"@type\":\"ListItem\",\"position\":1,\"name\":\"S\u0101kums\",\"item\":\"https:\\\/\\\/mmkriepas.lv\\\/en\\\/\"},{\"@type\":\"ListItem\",\"position\":2,\"name\":\"265\\\/35R19 Yokohama ADVAN Sport V105S 98Y XL RPB\"}]},{\"@type\":\"WebSite\",\"@id\":\"https:\\\/\\\/mmkriepas.lv\\\/en\\\/#website\",\"url\":\"https:\\\/\\\/mmkriepas.lv\\\/en\\\/\",\"name\":\"MMK Riepas\",\"description\":\"MMK Riepas\",\"alternateName\":\"MMK Riepu Serviss\",\"potentialAction\":[{\"@type\":\"SearchAction\",\"target\":{\"@type\":\"EntryPoint\",\"urlTemplate\":\"https:\\\/\\\/mmkriepas.lv\\\/en\\\/?s={search_term_string}\"},\"query-input\":{\"@type\":\"PropertyValueSpecification\",\"valueRequired\":true,\"valueName\":\"search_term_string\"}}],\"inLanguage\":\"en-US\"},{\"@type\":\"ImageObject\",\"inLanguage\":\"en-US\",\"@id\":\"https:\\\/\\\/mmkriepas.lv\\\/en\\\/p\\\/265-35r19-yokohama-advan-sport-v105s-98y-xl\\\/#local-main-organization-logo\",\"url\":\"\",\"contentUrl\":\"\",\"caption\":\"MMK Riepas\"}]}<\/script>\n<meta property=\"product:brand\" content=\"Yokohama ADVAN Sport V105\" \/>\n<meta property=\"product:price:amount\" content=\"182.00\" \/>\n<meta property=\"product:price:currency\" content=\"EUR\" \/>\n<meta property=\"og:availability\" content=\"instock\" \/>\n<meta property=\"product:availability\" content=\"instock\" \/>\n<meta property=\"product:retailer_item_id\" content=\"TS2653519YOKOH-L4096\" \/>\n<meta property=\"product:condition\" content=\"new\" \/>\n<!-- \/ Yoast SEO Premium plugin. -->","yoast_head_json":{"title":"265\/35R19 Yokohama ADVAN Sport V105S 98Y XL RPB &#8226; MMK Riepas","robots":{"index":"index","follow":"follow","max-snippet":"max-snippet:-1","max-image-preview":"max-image-preview:large","max-video-preview":"max-video-preview:-1"},"canonical":"https:\/\/mmkriepas.lv\/en\/p\/265-35r19-yokohama-advan-sport-v105s-98y-xl\/","og_locale":"en_US","og_type":"article","og_title":"265\/35R19 Yokohama ADVAN Sport V105S 98Y XL RPB","og_description":"Yokohama ADVAN Sport V105 ir augst\u0101k\u0101s kvalit\u0101tes jeb Premium klases vasaras UHP riepu modelis. Tas rad\u012bts sadarb\u012bb\u0101 ar autokoncernu Daimler un s\u0101kotn\u0113ji paredz\u0113ts Mercedes-Benz SLK un SLS s\u0113riju standartkomplekt\u0101cijai. V\u0113rts min\u0113t, ka ar\u012b citi v\u0101cu autora\u017eot\u0101ji tie\u0161i \u0161o riepu modeli iek\u013cauj luksus klases auto standartkomplekt\u0101cij\u0101. \u0160is riepu modelis izce\u013cas ar izcil\u0101m sa\u0137eres, manevr\u0113tsp\u0113jas un komforta \u012bpa\u0161\u012bb\u0101m, k\u0101 ar\u012b ar zemu akvaplan\u0113\u0161anas risku pat lielos brauk\u0161anas \u0101trumos.","og_url":"https:\/\/mmkriepas.lv\/en\/p\/265-35r19-yokohama-advan-sport-v105s-98y-xl\/","og_site_name":"MMK Riepas","article_publisher":"https:\/\/www.facebook.com\/mmkserviss\/","article_modified_time":"2024-08-06T11:48:19+00:00","og_image":[{"width":1920,"height":1440,"url":"https:\/\/mmkriepas.lv\/wp-content\/uploads\/2024\/02\/21545r17-yokohama-advan-sport-v105s-91y-xl-rpb-vasaras-riepas.jpg","type":"image\/jpeg"}],"twitter_card":"summary_large_image","twitter_misc":{"Price":"&euro;182.00","Availability":"In stock"},"schema":{"@context":"https:\/\/schema.org","@graph":[{"@type":"WebPage","@id":"https:\/\/mmkriepas.lv\/en\/p\/265-35r19-yokohama-advan-sport-v105s-98y-xl\/","url":"https:\/\/mmkriepas.lv\/en\/p\/265-35r19-yokohama-advan-sport-v105s-98y-xl\/","name":"265\/35R19 Yokohama ADVAN Sport V105S 98Y XL RPB &#8226; MMK Riepas","isPartOf":{"@id":"https:\/\/mmkriepas.lv\/en\/#website"},"primaryImageOfPage":{"@id":"https:\/\/mmkriepas.lv\/en\/p\/265-35r19-yokohama-advan-sport-v105s-98y-xl\/#primaryimage"},"image":{"@id":"https:\/\/mmkriepas.lv\/en\/p\/265-35r19-yokohama-advan-sport-v105s-98y-xl\/#primaryimage"},"thumbnailUrl":"https:\/\/mmkriepas.lv\/wp-content\/uploads\/2024\/02\/21545r17-yokohama-advan-sport-v105s-91y-xl-rpb-vasaras-riepas.jpg","datePublished":"2022-08-16T00:02:15+00:00","dateModified":"2024-08-06T11:48:19+00:00","breadcrumb":{"@id":"https:\/\/mmkriepas.lv\/en\/p\/265-35r19-yokohama-advan-sport-v105s-98y-xl\/#breadcrumb"},"inLanguage":"en-US","potentialAction":[{"@type":"ReadAction","target":["https:\/\/mmkriepas.lv\/en\/p\/265-35r19-yokohama-advan-sport-v105s-98y-xl\/"]}]},{"@type":"ImageObject","inLanguage":"en-US","@id":"https:\/\/mmkriepas.lv\/en\/p\/265-35r19-yokohama-advan-sport-v105s-98y-xl\/#primaryimage","url":"https:\/\/mmkriepas.lv\/wp-content\/uploads\/2024\/02\/21545r17-yokohama-advan-sport-v105s-91y-xl-rpb-vasaras-riepas.jpg","contentUrl":"https:\/\/mmkriepas.lv\/wp-content\/uploads\/2024\/02\/21545r17-yokohama-advan-sport-v105s-91y-xl-rpb-vasaras-riepas.jpg","width":1920,"height":1440,"caption":"MAIN"},{"@type":"BreadcrumbList","@id":"https:\/\/mmkriepas.lv\/en\/p\/265-35r19-yokohama-advan-sport-v105s-98y-xl\/#breadcrumb","itemListElement":[{"@type":"ListItem","position":1,"name":"S\u0101kums","item":"https:\/\/mmkriepas.lv\/en\/"},{"@type":"ListItem","position":2,"name":"265\/35R19 Yokohama ADVAN Sport V105S 98Y XL RPB"}]},{"@type":"WebSite","@id":"https:\/\/mmkriepas.lv\/en\/#website","url":"https:\/\/mmkriepas.lv\/en\/","name":"MMK Riepas","description":"MMK Riepas","alternateName":"MMK Riepu Serviss","potentialAction":[{"@type":"SearchAction","target":{"@type":"EntryPoint","urlTemplate":"https:\/\/mmkriepas.lv\/en\/?s={search_term_string}"},"query-input":{"@type":"PropertyValueSpecification","valueRequired":true,"valueName":"search_term_string"}}],"inLanguage":"en-US"},{"@type":"ImageObject","inLanguage":"en-US","@id":"https:\/\/mmkriepas.lv\/en\/p\/265-35r19-yokohama-advan-sport-v105s-98y-xl\/#local-main-organization-logo","url":"","contentUrl":"","caption":"MMK Riepas"}]},"product_brand":"Yokohama ADVAN Sport V105","product_price_amount":"182.00","product_price_currency":"EUR","og_availability":"instock","product_availability":"instock","product_retailer_item_id":"TS2653519YOKOH-L4096","product_condition":"new"},"_links":{"self":[{"href":"https:\/\/mmkriepas.lv\/en\/wp-json\/wp\/v2\/product\/284272","targetHints":{"allow":["GET"]}}],"collection":[{"href":"https:\/\/mmkriepas.lv\/en\/wp-json\/wp\/v2\/product"}],"about":[{"href":"https:\/\/mmkriepas.lv\/en\/wp-json\/wp\/v2\/types\/product"}],"wp:featuredmedia":[{"embeddable":true,"href":"https:\/\/mmkriepas.lv\/en\/wp-json\/wp\/v2\/media\/866239"}],"wp:attachment":[{"href":"https:\/\/mmkriepas.lv\/en\/wp-json\/wp\/v2\/media?parent=284272"}],"wp:term":[{"taxonomy":"product_brand","embeddable":true,"href":"https:\/\/mmkriepas.lv\/en\/wp-json\/wp\/v2\/product_brand?post=284272"},{"taxonomy":"product_cat","embeddable":true,"href":"https:\/\/mmkriepas.lv\/en\/wp-json\/wp\/v2\/product_cat?post=284272"},{"taxonomy":"product_tag","embeddable":true,"href":"https:\/\/mmkriepas.lv\/en\/wp-json\/wp\/v2\/product_tag?post=284272"}],"curies":[{"name":"wp","href":"https:\/\/api.w.org\/{rel}","templated":true}]}}