{"id":284227,"date":"2022-08-16T03:00:15","date_gmt":"2022-08-16T00:00:15","guid":{"rendered":"https:\/\/mmkserviss.lv\/?post_type=product&#038;p=284227"},"modified":"2026-03-27T11:58:00","modified_gmt":"2026-03-27T09:58:00","slug":"255-45r19-pirelli-scorpion-100v","status":"publish","type":"product","link":"https:\/\/mmkriepas.lv\/en\/p\/255-45r19-pirelli-scorpion-100v\/","title":{"rendered":"255\/45R19 Pirelli SCORPION 100V Seal Inside FSL"},"content":{"rendered":"<p class=\"western\"><span style=\"font-family: Arial, serif;\"><b><span>Pirelli SCORPION<\/span><\/b><\/span><span style=\"font-family: Arial, serif;\"><span> ir augst\u0101k\u0101s kvalit\u0101tes un veiktsp\u0113jas Premium klases UHP (Ultra High Performance) vasaras riepu modelis. Tas izce\u013cas ar izcilu sa\u0137eri un manevr\u0113tsp\u0113ju uz sausa un slapja asfalta, k\u0101 ar\u012b nep\u0101rsp\u0113jamu brauk\u0161anas komfortu pat lielos brauk\u0161anas \u0101trumos. \u0160is riepu modelis speci\u0101li izstr\u0101d\u0101ts luksus klases, sportiska tipa apvidus automa\u0161\u012bn\u0101m jeb SUV, pieredzi g\u016bstot no F1. Tas ietilpst t\u0101du autora\u017eot\u0101ju k\u0101 Mercedes, Audi, Volkswagen un Jeep standartkoplekt\u0101cij\u0101, k\u0101 ar\u012b pieejams vari\u0101cij\u0101, kas paredz\u0113ta elektroautoma\u0161\u012bn\u0101m.<\/span><\/span><\/p>\n<h3 class=\"western\"><span style=\"font-family: Arial, serif;\"><span>Pirelli SCORPION galven\u0101s \u012bpa\u0161\u012bbas<\/span><\/span><\/h3>\n<p class=\"western\"><span style=\"font-family: Arial, serif;\"><span>+ Izcila sa\u0137ere un manevr\u0113tsp\u0113ja pat lielos brauk\u0161anas \u0101trumos.<br \/>+ Vado\u0161\u0101s riepu giganta Pirelli tehnolo\u0123ijas un Formula1 pieredze!<br \/>+ Zems degvielas vai uzl\u0101des pat\u0113ri\u0146\u0161!<br \/>+ Izteikts akustiskais un brauk\u0161anas gaitas komforts.<br \/>+ Zems akvaplan\u0113\u0161anas risks.<br \/>+ Palielin\u0101ta nodilumiztur\u012bba.<br \/>+ Lielie \u0101truma indeksi, riepas test\u0113tas \u0101trumos, kas p\u0101rsniedz 300 km\/h.<\/span><\/span><\/p>\n<h3 class=\"western\"><span style=\"font-family: Arial, serif;\"><span>SCORPION apr\u012bkojums<\/span><\/span><\/h3>\n<p class=\"western\"><span style=\"font-family: Arial, serif;\"><span>Pirelli SCORPION apr\u012bkotas ar unik\u0101lu asimetrisko protektora rakstu. T\u0101 dizain\u0101 ieguld\u012bta ilggad\u0113ja Formula1 pieredze un vado\u0161ie Pirelli tehnolo\u0123iskie risin\u0101jumi. SCORPION s\u0113rija ir izcila izv\u0113le tiem SUV \u012bpa\u0161niekiem, kas v\u0113las izbaud\u012bt augst\u0101k\u0101s sa\u0137eres un komforta \u012bpa\u0161\u012bbas pat lielos brauk\u0161anas \u0101trumos. \u0160\u012bs riepas ir piem\u0113rotas ar\u012b tiem, kas veic izbraukumus uz Rietumeiropu, kur brauk\u0161anas \u0101trumi p\u0101rsniedz tos, pie k\u0101diem esam pieradu\u0161i Latvij\u0101.<\/span><\/span><\/p>\n<p class=\"western\"><span style=\"font-family: Arial, serif;\"><span>Protektoram pie\u0161\u0137irta \u012bpa\u0161a forma ar liel\u0101ku sa\u0137eres laukumu. Tas dar\u012bts, lai uzlabotu Pirelli SCORPION stabilit\u0101ti liel\u0101 \u0101trum\u0101, sa\u012bsin\u0101tu bremz\u0113\u0161anas ce\u013cu un paildzin\u0101tu riepas m\u016b\u017eu.<\/span><\/span><\/p>\n<p class=\"western\"><span style=\"font-family: Arial, serif;\"><span>Asimetriski izvietot\u0101s protektora virknes darin\u0101tas no augst\u0101k\u0101s kvalit\u0101tes gumijas sakaus\u0113juma. Tas papildin\u0101ts ar nanokompoz\u012btmateri\u0101liem, kas vienlaikus uzlabo gan sa\u0137eres \u012bpa\u0161\u012bbas, gan ar\u012b Pirelli SCORPION nodilumiztur\u012bbu.<\/span><\/span><\/p>\n<p class=\"western\"><span style=\"font-family: Arial, serif;\"><span>\u0160\u012b riepu mode\u013ca konstrukcija veidota no atvieglotiem un \u012bpa\u0161i iztur\u012bgiem materi\u0101liem, l\u012bdz\u012bgi k\u0101 Formula1 riep\u0101m. Tas nodro\u0161ina uzlabotu veiktsp\u0113ju, triecieniztur\u012bbu un, protams, zem\u0101ku degvielas pat\u0113ri\u0146u.\u00a0<\/span><\/span><\/p>\n<p class=\"western\"><span style=\"font-family: Arial, serif;\"><span>Savuk\u0101rt, Pirelli SCORPION, protektora pamatn\u0113 atrodama augsti att\u012bst\u012bta, \u012bpa\u0161i \u0161ai riepu s\u0113rijai izstr\u0101d\u0101ta dren\u0101\u017eas jeb \u016bdens novadkan\u0101lu sist\u0113ma. Plecu zon\u0101s izvietotie iegriezumi papildin\u0101ti ar patent\u0113ta dizaina kambariem, uzlabojot \u016bdensizvadi, veiktsp\u0113ju uz slapja asfalta un pat sl\u0101p\u0113jot ska\u0146u<\/span><\/span><\/p>\n","protected":false},"excerpt":{"rendered":"<p class=\"western\"><span style=\"font-family: Arial, serif;\"><b><span>Pirelli SCORPION<\/span><\/b><\/span><span style=\"font-family: Arial, serif;\"><span> ir augst\u0101k\u0101s kvalit\u0101tes un veiktsp\u0113jas Premium klases UHP (Ultra High Performance) vasaras riepu modelis. Tas izce\u013cas ar izcilu sa\u0137eri un manevr\u0113tsp\u0113ju uz sausa un slapja asfalta, k\u0101 ar\u012b nep\u0101rsp\u0113jamu brauk\u0161anas komfortu pat lielos brauk\u0161anas \u0101trumos. \u0160is riepu modelis speci\u0101li izstr\u0101d\u0101ts luksus klases, sportiska tipa apvidus automa\u0161\u012bn\u0101m jeb SUV, pieredzi g\u016bstot no F1. Tas ietilpst t\u0101du autora\u017eot\u0101ju k\u0101 Mercedes, Audi, Volkswagen un Jeep standartkoplekt\u0101cij\u0101, k\u0101 ar\u012b pieejams vari\u0101cij\u0101, kas paredz\u0113ta elektroautoma\u0161\u012bn\u0101m.<\/span><\/span><\/p>\n","protected":false},"featured_media":901316,"template":"","meta":{"_acf_changed":false,"ngg_post_thumbnail":0},"product_brand":[],"product_cat":[46],"product_tag":[],"class_list":{"0":"post-284227","1":"product","2":"type-product","3":"status-publish","4":"has-post-thumbnail","6":"product_cat-vasaras-riepas","8":"first","9":"instock","10":"sale","11":"taxable","12":"shipping-taxable","13":"purchasable","14":"product-type-simple"},"acf":[],"yoast_head":"<!-- This site is optimized with the Yoast SEO Premium plugin v22.6 (Yoast SEO v27.3) - https:\/\/yoast.com\/product\/yoast-seo-premium-wordpress\/ -->\n<title>255\/45R19 Pirelli SCORPION 100V Seal Inside FSL &#8226; MMK Riepas<\/title>\n<meta name=\"robots\" content=\"index, follow, max-snippet:-1, max-image-preview:large, max-video-preview:-1\" \/>\n<link rel=\"canonical\" href=\"https:\/\/mmkriepas.lv\/en\/p\/255-45r19-pirelli-scorpion-100v\/\" \/>\n<meta property=\"og:locale\" content=\"en_US\" \/>\n<meta property=\"og:type\" content=\"article\" \/>\n<meta property=\"og:title\" content=\"255\/45R19 Pirelli SCORPION 100V Seal Inside FSL\" \/>\n<meta property=\"og:description\" content=\"Pirelli SCORPION ir augst\u0101k\u0101s kvalit\u0101tes un veiktsp\u0113jas Premium klases UHP (Ultra High Performance) vasaras riepu modelis. Tas izce\u013cas ar izcilu sa\u0137eri un manevr\u0113tsp\u0113ju uz sausa un slapja asfalta, k\u0101 ar\u012b nep\u0101rsp\u0113jamu brauk\u0161anas komfortu pat lielos brauk\u0161anas \u0101trumos. \u0160is riepu modelis speci\u0101li izstr\u0101d\u0101ts luksus klases, sportiska tipa apvidus automa\u0161\u012bn\u0101m jeb SUV, pieredzi g\u016bstot no F1. Tas ietilpst t\u0101du autora\u017eot\u0101ju k\u0101 Mercedes, Audi, Volkswagen un Jeep standartkoplekt\u0101cij\u0101, k\u0101 ar\u012b pieejams vari\u0101cij\u0101, kas paredz\u0113ta elektroautoma\u0161\u012bn\u0101m.\" \/>\n<meta property=\"og:url\" content=\"https:\/\/mmkriepas.lv\/en\/p\/255-45r19-pirelli-scorpion-100v\/\" \/>\n<meta property=\"og:site_name\" content=\"MMK Riepas\" \/>\n<meta property=\"article:publisher\" content=\"https:\/\/www.facebook.com\/mmkserviss\/\" \/>\n<meta property=\"article:modified_time\" content=\"2026-03-27T09:58:00+00:00\" \/>\n<meta property=\"og:image\" content=\"https:\/\/mmkriepas.lv\/wp-content\/uploads\/2024\/05\/pirelli-scorpion.jpg\" \/>\n\t<meta property=\"og:image:width\" content=\"900\" \/>\n\t<meta property=\"og:image:height\" content=\"720\" \/>\n\t<meta property=\"og:image:type\" content=\"image\/jpeg\" \/>\n<meta name=\"twitter:card\" content=\"summary_large_image\" \/>\n<meta name=\"twitter:label1\" content=\"Price\" \/>\n\t<meta name=\"twitter:data1\" content=\"&euro;207.00\" \/>\n\t<meta name=\"twitter:label2\" content=\"Availability\" \/>\n\t<meta name=\"twitter:data2\" content=\"In stock\" \/>\n<script type=\"application\/ld+json\" class=\"yoast-schema-graph\">{\"@context\":\"https:\\\/\\\/schema.org\",\"@graph\":[{\"@type\":\"WebPage\",\"@id\":\"https:\\\/\\\/mmkriepas.lv\\\/en\\\/p\\\/255-45r19-pirelli-scorpion-100v\\\/\",\"url\":\"https:\\\/\\\/mmkriepas.lv\\\/en\\\/p\\\/255-45r19-pirelli-scorpion-100v\\\/\",\"name\":\"255\\\/45R19 Pirelli SCORPION 100V Seal Inside FSL &#8226; MMK Riepas\",\"isPartOf\":{\"@id\":\"https:\\\/\\\/mmkriepas.lv\\\/en\\\/#website\"},\"primaryImageOfPage\":{\"@id\":\"https:\\\/\\\/mmkriepas.lv\\\/en\\\/p\\\/255-45r19-pirelli-scorpion-100v\\\/#primaryimage\"},\"image\":{\"@id\":\"https:\\\/\\\/mmkriepas.lv\\\/en\\\/p\\\/255-45r19-pirelli-scorpion-100v\\\/#primaryimage\"},\"thumbnailUrl\":\"https:\\\/\\\/mmkriepas.lv\\\/wp-content\\\/uploads\\\/2024\\\/05\\\/pirelli-scorpion.jpg\",\"datePublished\":\"2022-08-16T00:00:15+00:00\",\"dateModified\":\"2026-03-27T09:58:00+00:00\",\"breadcrumb\":{\"@id\":\"https:\\\/\\\/mmkriepas.lv\\\/en\\\/p\\\/255-45r19-pirelli-scorpion-100v\\\/#breadcrumb\"},\"inLanguage\":\"en-US\",\"potentialAction\":[{\"@type\":\"ReadAction\",\"target\":[\"https:\\\/\\\/mmkriepas.lv\\\/en\\\/p\\\/255-45r19-pirelli-scorpion-100v\\\/\"]}]},{\"@type\":\"ImageObject\",\"inLanguage\":\"en-US\",\"@id\":\"https:\\\/\\\/mmkriepas.lv\\\/en\\\/p\\\/255-45r19-pirelli-scorpion-100v\\\/#primaryimage\",\"url\":\"https:\\\/\\\/mmkriepas.lv\\\/wp-content\\\/uploads\\\/2024\\\/05\\\/pirelli-scorpion.jpg\",\"contentUrl\":\"https:\\\/\\\/mmkriepas.lv\\\/wp-content\\\/uploads\\\/2024\\\/05\\\/pirelli-scorpion.jpg\",\"width\":900,\"height\":720,\"caption\":\"MAIN\"},{\"@type\":\"BreadcrumbList\",\"@id\":\"https:\\\/\\\/mmkriepas.lv\\\/en\\\/p\\\/255-45r19-pirelli-scorpion-100v\\\/#breadcrumb\",\"itemListElement\":[{\"@type\":\"ListItem\",\"position\":1,\"name\":\"S\u0101kums\",\"item\":\"https:\\\/\\\/mmkriepas.lv\\\/en\\\/\"},{\"@type\":\"ListItem\",\"position\":2,\"name\":\"255\\\/45R19 Pirelli SCORPION 100V Seal Inside FSL\"}]},{\"@type\":\"WebSite\",\"@id\":\"https:\\\/\\\/mmkriepas.lv\\\/en\\\/#website\",\"url\":\"https:\\\/\\\/mmkriepas.lv\\\/en\\\/\",\"name\":\"MMK Riepas\",\"description\":\"MMK Riepas\",\"alternateName\":\"MMK Riepu Serviss\",\"potentialAction\":[{\"@type\":\"SearchAction\",\"target\":{\"@type\":\"EntryPoint\",\"urlTemplate\":\"https:\\\/\\\/mmkriepas.lv\\\/en\\\/?s={search_term_string}\"},\"query-input\":{\"@type\":\"PropertyValueSpecification\",\"valueRequired\":true,\"valueName\":\"search_term_string\"}}],\"inLanguage\":\"en-US\"},{\"@type\":\"ImageObject\",\"inLanguage\":\"en-US\",\"@id\":\"https:\\\/\\\/mmkriepas.lv\\\/en\\\/p\\\/255-45r19-pirelli-scorpion-100v\\\/#local-main-organization-logo\",\"url\":\"\",\"contentUrl\":\"\",\"caption\":\"MMK Riepas\"}]}<\/script>\n<meta property=\"product:brand\" content=\"Pirelli SCORPION\" \/>\n<meta property=\"product:price:amount\" content=\"207.00\" \/>\n<meta property=\"product:price:currency\" content=\"EUR\" \/>\n<meta property=\"og:availability\" content=\"instock\" \/>\n<meta property=\"product:availability\" content=\"instock\" \/>\n<meta property=\"product:retailer_item_id\" content=\"TS2554519PIREL-L4081\" \/>\n<meta property=\"product:condition\" content=\"new\" \/>\n<!-- \/ Yoast SEO Premium plugin. -->","yoast_head_json":{"title":"255\/45R19 Pirelli SCORPION 100V Seal Inside FSL &#8226; MMK Riepas","robots":{"index":"index","follow":"follow","max-snippet":"max-snippet:-1","max-image-preview":"max-image-preview:large","max-video-preview":"max-video-preview:-1"},"canonical":"https:\/\/mmkriepas.lv\/en\/p\/255-45r19-pirelli-scorpion-100v\/","og_locale":"en_US","og_type":"article","og_title":"255\/45R19 Pirelli SCORPION 100V Seal Inside FSL","og_description":"Pirelli SCORPION ir augst\u0101k\u0101s kvalit\u0101tes un veiktsp\u0113jas Premium klases UHP (Ultra High Performance) vasaras riepu modelis. Tas izce\u013cas ar izcilu sa\u0137eri un manevr\u0113tsp\u0113ju uz sausa un slapja asfalta, k\u0101 ar\u012b nep\u0101rsp\u0113jamu brauk\u0161anas komfortu pat lielos brauk\u0161anas \u0101trumos. \u0160is riepu modelis speci\u0101li izstr\u0101d\u0101ts luksus klases, sportiska tipa apvidus automa\u0161\u012bn\u0101m jeb SUV, pieredzi g\u016bstot no F1. Tas ietilpst t\u0101du autora\u017eot\u0101ju k\u0101 Mercedes, Audi, Volkswagen un Jeep standartkoplekt\u0101cij\u0101, k\u0101 ar\u012b pieejams vari\u0101cij\u0101, kas paredz\u0113ta elektroautoma\u0161\u012bn\u0101m.","og_url":"https:\/\/mmkriepas.lv\/en\/p\/255-45r19-pirelli-scorpion-100v\/","og_site_name":"MMK Riepas","article_publisher":"https:\/\/www.facebook.com\/mmkserviss\/","article_modified_time":"2026-03-27T09:58:00+00:00","og_image":[{"width":900,"height":720,"url":"https:\/\/mmkriepas.lv\/wp-content\/uploads\/2024\/05\/pirelli-scorpion.jpg","type":"image\/jpeg"}],"twitter_card":"summary_large_image","twitter_misc":{"Price":"&euro;207.00","Availability":"In stock"},"schema":{"@context":"https:\/\/schema.org","@graph":[{"@type":"WebPage","@id":"https:\/\/mmkriepas.lv\/en\/p\/255-45r19-pirelli-scorpion-100v\/","url":"https:\/\/mmkriepas.lv\/en\/p\/255-45r19-pirelli-scorpion-100v\/","name":"255\/45R19 Pirelli SCORPION 100V Seal Inside FSL &#8226; MMK Riepas","isPartOf":{"@id":"https:\/\/mmkriepas.lv\/en\/#website"},"primaryImageOfPage":{"@id":"https:\/\/mmkriepas.lv\/en\/p\/255-45r19-pirelli-scorpion-100v\/#primaryimage"},"image":{"@id":"https:\/\/mmkriepas.lv\/en\/p\/255-45r19-pirelli-scorpion-100v\/#primaryimage"},"thumbnailUrl":"https:\/\/mmkriepas.lv\/wp-content\/uploads\/2024\/05\/pirelli-scorpion.jpg","datePublished":"2022-08-16T00:00:15+00:00","dateModified":"2026-03-27T09:58:00+00:00","breadcrumb":{"@id":"https:\/\/mmkriepas.lv\/en\/p\/255-45r19-pirelli-scorpion-100v\/#breadcrumb"},"inLanguage":"en-US","potentialAction":[{"@type":"ReadAction","target":["https:\/\/mmkriepas.lv\/en\/p\/255-45r19-pirelli-scorpion-100v\/"]}]},{"@type":"ImageObject","inLanguage":"en-US","@id":"https:\/\/mmkriepas.lv\/en\/p\/255-45r19-pirelli-scorpion-100v\/#primaryimage","url":"https:\/\/mmkriepas.lv\/wp-content\/uploads\/2024\/05\/pirelli-scorpion.jpg","contentUrl":"https:\/\/mmkriepas.lv\/wp-content\/uploads\/2024\/05\/pirelli-scorpion.jpg","width":900,"height":720,"caption":"MAIN"},{"@type":"BreadcrumbList","@id":"https:\/\/mmkriepas.lv\/en\/p\/255-45r19-pirelli-scorpion-100v\/#breadcrumb","itemListElement":[{"@type":"ListItem","position":1,"name":"S\u0101kums","item":"https:\/\/mmkriepas.lv\/en\/"},{"@type":"ListItem","position":2,"name":"255\/45R19 Pirelli SCORPION 100V Seal Inside FSL"}]},{"@type":"WebSite","@id":"https:\/\/mmkriepas.lv\/en\/#website","url":"https:\/\/mmkriepas.lv\/en\/","name":"MMK Riepas","description":"MMK Riepas","alternateName":"MMK Riepu Serviss","potentialAction":[{"@type":"SearchAction","target":{"@type":"EntryPoint","urlTemplate":"https:\/\/mmkriepas.lv\/en\/?s={search_term_string}"},"query-input":{"@type":"PropertyValueSpecification","valueRequired":true,"valueName":"search_term_string"}}],"inLanguage":"en-US"},{"@type":"ImageObject","inLanguage":"en-US","@id":"https:\/\/mmkriepas.lv\/en\/p\/255-45r19-pirelli-scorpion-100v\/#local-main-organization-logo","url":"","contentUrl":"","caption":"MMK Riepas"}]},"product_brand":"Pirelli SCORPION","product_price_amount":"207.00","product_price_currency":"EUR","og_availability":"instock","product_availability":"instock","product_retailer_item_id":"TS2554519PIREL-L4081","product_condition":"new"},"_links":{"self":[{"href":"https:\/\/mmkriepas.lv\/en\/wp-json\/wp\/v2\/product\/284227","targetHints":{"allow":["GET"]}}],"collection":[{"href":"https:\/\/mmkriepas.lv\/en\/wp-json\/wp\/v2\/product"}],"about":[{"href":"https:\/\/mmkriepas.lv\/en\/wp-json\/wp\/v2\/types\/product"}],"wp:featuredmedia":[{"embeddable":true,"href":"https:\/\/mmkriepas.lv\/en\/wp-json\/wp\/v2\/media\/901316"}],"wp:attachment":[{"href":"https:\/\/mmkriepas.lv\/en\/wp-json\/wp\/v2\/media?parent=284227"}],"wp:term":[{"taxonomy":"product_brand","embeddable":true,"href":"https:\/\/mmkriepas.lv\/en\/wp-json\/wp\/v2\/product_brand?post=284227"},{"taxonomy":"product_cat","embeddable":true,"href":"https:\/\/mmkriepas.lv\/en\/wp-json\/wp\/v2\/product_cat?post=284227"},{"taxonomy":"product_tag","embeddable":true,"href":"https:\/\/mmkriepas.lv\/en\/wp-json\/wp\/v2\/product_tag?post=284227"}],"curies":[{"name":"wp","href":"https:\/\/api.w.org\/{rel}","templated":true}]}}